{"id":6390,"date":"2023-08-14T14:16:48","date_gmt":"2023-08-14T14:16:48","guid":{"rendered":"https:\/\/diligentplug.com\/chems\/?post_type=product&#038;p=6390"},"modified":"2026-03-10T06:23:54","modified_gmt":"2026-03-10T06:23:54","slug":"25e-nboh-blotters-1-2mg","status":"publish","type":"product","link":"https:\/\/rckopen.com\/pt\/produto\/25e-nboh-blotters-1-2mg\/","title":{"rendered":"Compre 25E-NBOH Blotter 1,2 mg online"},"content":{"rendered":"<h2><b>25E-NBOH Blotters 1.2mg Online Kopen \u2013 Premium Kwaliteit, Betrouwbare Leverancier<\/b><\/h2>\n<h3><b>Introdu\u00e7\u00e3o aos Blotters de 25E-NBOH<\/b><\/h3>\n<p><span style=\"font-weight: 400;\">Voc\u00ea est\u00e1 procurando por <\/span><a href=\"https:\/\/en.wikipedia.org\/wiki\/25E-NBOH\"><b>Comprar blotters de 25E-NBOH 1,2mg online<\/b><\/a><span style=\"font-weight: 400;\">O 25E-NBOH \u00e9 uma potente subst\u00e2ncia psicoativa conhecida por seus efeitos caracter\u00edsticos e dosagem precisa. Dispon\u00edvel em pr\u00e1tico formato de blotter, cada folha cont\u00e9m exatamente 1,2 mg do princ\u00edpio ativo, garantindo dosagem exata tanto para usu\u00e1rios experientes quanto para pesquisadores. Esses blotters s\u00e3o amplamente utilizados em pesquisas cient\u00edficas e aplica\u00e7\u00f5es experimentais devido \u00e0 sua estabilidade e facilidade de uso.<\/span><\/p>\n<h3><b>Efeitos e Pot\u00eancia<\/b><\/h3>\n<p><span style=\"font-weight: 400;\">O 25E-NBOH \u00e9 conhecido por seus fortes efeitos psicoativos, que causam intensas altera\u00e7\u00f5es sensoriais e perceptivas. A dosagem de 1,2 mg oferece um bom equil\u00edbrio entre pot\u00eancia e controle, ideal para usu\u00e1rios familiarizados com essa classe de subst\u00e2ncias. Comparado a subst\u00e2ncias similares, o 25E-NBOH possui um perfil \u00fanico, valorizado tanto por usu\u00e1rios recreativos quanto por pesquisadores.<\/span><\/p>\n<h3><b>Situa\u00e7\u00e3o Jur\u00eddica<\/b><\/h3>\n<p><span style=\"font-weight: 400;\">Antes de decidir <\/span><b>Compre blotters de 25E-NBOH 1,2 mg online.<\/b><span style=\"font-weight: 400;\">\u00c9 importante compreender a situa\u00e7\u00e3o legal. O estatuto do 25E-NBOH varia consoante o pa\u00eds e a regi\u00e3o. Alguns pa\u00edses t\u00eam regulamenta\u00e7\u00f5es ou proibi\u00e7\u00f5es rigorosas, enquanto outros permitem o acesso regulamentado. Cumprir as leis locais \u00e9 essencial para evitar problemas e riscos legais.<\/span><\/p>\n<h3><b>Onde comprar blotters de 25E-NBOH online<\/b><\/h3>\n<p><span style=\"font-weight: 400;\">De <\/span><a href=\"https:\/\/rckopen.com\/pt\/\"><b>Melhor lugar para comprar blotters de 25E-NBOH 1,2mg<\/b><\/a><span style=\"font-weight: 400;\"> Compre de vendedores confi\u00e1veis \u200b\u200be com boa reputa\u00e7\u00e3o que garantam qualidade e satisfa\u00e7\u00e3o do cliente. Procure fornecedores que ofere\u00e7am Certificados de An\u00e1lise (COA), tenham termos e condi\u00e7\u00f5es transparentes e recebam avalia\u00e7\u00f5es positivas de clientes. Evite fontes n\u00e3o confi\u00e1veis \u200b\u200bpara minimizar o risco de produtos falsificados ou inseguros.<\/span><\/p>\n<h3><b>Como verificar a qualidade do produto<\/b><\/h3>\n<p><span style=\"font-weight: 400;\">\u00c9 fundamental sempre verificar os Certificados de An\u00e1lise de laborat\u00f3rios independentes que confirmam a pureza e a precis\u00e3o da dosagem. As avalia\u00e7\u00f5es dos clientes tamb\u00e9m podem fornecer informa\u00e7\u00f5es valiosas sobre a confiabilidade do produto e do vendedor.<\/span><\/p>\n<h3><b>M\u00e9todos de pagamento e seguran\u00e7a<\/b><\/h3>\n<p><span style=\"font-weight: 400;\">M\u00e9todos de pagamento seguros e discretos s\u00e3o essenciais quando <\/span><b>Compre blotters de 25E-NBOH 1,2mg online<\/b><span style=\"font-weight: 400;\">A maioria dos comerciantes confi\u00e1veis \u200b\u200baceita criptomoedas, cart\u00f5es de cr\u00e9dito e outras op\u00e7\u00f5es de pagamento seguras. Siga sempre dicas para transa\u00e7\u00f5es seguras, como usar conex\u00f5es criptografadas e plataformas de pagamento verificadas, para garantir sua privacidade.<\/span><\/p>\n<h3><b>Verzending en Levering<\/b><\/h3>\n<p><span style=\"font-weight: 400;\">Conte com um envio confi\u00e1vel e embalagens discretas que protegem sua privacidade. O prazo de entrega geralmente varia de alguns dias a duas semanas, dependendo da sua localiza\u00e7\u00e3o e do m\u00e9todo de envio escolhido. Esteja ciente das regulamenta\u00e7\u00f5es alfandeg\u00e1rias e de importa\u00e7\u00e3o do seu pa\u00eds para evitar atrasos ou apreens\u00f5es.<\/span><\/p>\n<h3><b>Dicas de seguran\u00e7a e utiliza\u00e7\u00e3o<\/b><\/h3>\n<p><span style=\"font-weight: 400;\">O uso respons\u00e1vel \u00e9 crucial. Siga as dosagens recomendadas e manuseie os blotters com cuidado. Os poss\u00edveis efeitos colaterais podem variar, portanto, certifique-se de se informar e tomar as precau\u00e7\u00f5es necess\u00e1rias. Armazene os blotters em local fresco e seco, longe da luz solar direta, para manter sua qualidade.<\/span><\/p>\n<h3><b>Conclusie<\/b><\/h3>\n<p><span style=\"font-weight: 400;\">Voc\u00ea quer <\/span><a href=\"https:\/\/rckopen.com\/pt\/produto\/25e-nboh-blotters-1-2mg\/\"><b>25E-NBOH mata-borr\u00f5es 1,2 mg online<\/b><\/a><span style=\"font-weight: 400;\">Escolha sempre fornecedores confi\u00e1veis \u200b\u200bque ofere\u00e7am qualidade, seguran\u00e7a e discri\u00e7\u00e3o. Seja qual for o seu objetivo, pre\u00e7o ou qualidade premium, priorize sempre a seguran\u00e7a, a legalidade e a autenticidade. Fa\u00e7a uma escolha consciente e experimente os benef\u00edcios de receber em papel absorvente 25E-NBOH de alta qualidade diretamente em sua casa.<\/span><\/p>","protected":false},"excerpt":{"rendered":"<p><strong>Nome IUPAC:<\/strong><\/p>\n<p>2-({[2-(4-Etil-2,5-dimetoxifenil)etil]amino}metil)fenol<\/p>\n<p><strong>An\u00e1lise NMR: <\/strong>C19H25N<\/p>","protected":false},"featured_media":6396,"comment_status":"open","ping_status":"closed","template":"","meta":{"_joinchat":[]},"product_brand":[],"product_cat":[130],"product_tag":[],"class_list":{"0":"post-6390","1":"product","2":"type-product","3":"status-publish","4":"has-post-thumbnail","6":"product_cat-blotters","8":"first","9":"instock","10":"shipping-taxable","11":"purchasable","12":"product-type-variable"},"yoast_head":"<!-- This site is optimized with the Yoast SEO plugin v26.3 - https:\/\/yoast.com\/wordpress\/plugins\/seo\/ -->\n<title>25E-NBOH-Blotters-1-2MG online kopen | Rckopen<\/title>\n<meta name=\"description\" content=\"Als u 25e-nhoh-blotters-1-2mg online wilt kopen, dan is een bezoek aan onze online RC Kopen-winkel de beste optie. We hebben 25e-nhoh-blotters-1-2mg te koop. Plaats nu uw bestelling!\" \/>\n<meta name=\"robots\" content=\"index, follow, max-snippet:-1, max-image-preview:large, max-video-preview:-1\" \/>\n<link rel=\"canonical\" href=\"https:\/\/rckopen.com\/pt\/produto\/25e-nboh-blotters-1-2mg\/\" \/>\n<meta property=\"og:locale\" content=\"pt_PT\" \/>\n<meta property=\"og:type\" content=\"article\" \/>\n<meta property=\"og:title\" content=\"25E-NBOH-Blotters-1-2MG online kopen | Rckopen\" \/>\n<meta property=\"og:description\" content=\"Als u 25e-nhoh-blotters-1-2mg online wilt kopen, dan is een bezoek aan onze online RC Kopen-winkel de beste optie. We hebben 25e-nhoh-blotters-1-2mg te koop. Plaats nu uw bestelling!\" \/>\n<meta property=\"og:url\" content=\"https:\/\/rckopen.com\/pt\/produto\/25e-nboh-blotters-1-2mg\/\" \/>\n<meta property=\"og:site_name\" content=\"RC Kopen\" \/>\n<meta property=\"article:modified_time\" content=\"2026-03-10T06:23:54+00:00\" \/>\n<meta property=\"og:image\" content=\"https:\/\/rckopen.com\/wp-content\/uploads\/2023\/08\/25E-NBOH-blotters-1.2mg.jpg\" \/>\n\t<meta property=\"og:image:width\" content=\"600\" \/>\n\t<meta property=\"og:image:height\" content=\"600\" \/>\n\t<meta property=\"og:image:type\" content=\"image\/jpeg\" \/>\n<meta name=\"twitter:card\" content=\"summary_large_image\" \/>\n<meta name=\"twitter:label1\" content=\"Tempo estimado de leitura\" \/>\n\t<meta name=\"twitter:data1\" content=\"3 minutos\" \/>\n<script type=\"application\/ld+json\" class=\"yoast-schema-graph\">{\"@context\":\"https:\/\/schema.org\",\"@graph\":[{\"@type\":\"WebPage\",\"@id\":\"https:\/\/rckopen.com\/product\/25e-nboh-blotters-1-2mg\/\",\"url\":\"https:\/\/rckopen.com\/product\/25e-nboh-blotters-1-2mg\/\",\"name\":\"25E-NBOH-Blotters-1-2MG online kopen | Rckopen\",\"isPartOf\":{\"@id\":\"https:\/\/rckopen.com\/#website\"},\"primaryImageOfPage\":{\"@id\":\"https:\/\/rckopen.com\/product\/25e-nboh-blotters-1-2mg\/#primaryimage\"},\"image\":{\"@id\":\"https:\/\/rckopen.com\/product\/25e-nboh-blotters-1-2mg\/#primaryimage\"},\"thumbnailUrl\":\"https:\/\/rckopen.com\/wp-content\/uploads\/2023\/08\/25E-NBOH-blotters-1.2mg.jpg\",\"datePublished\":\"2023-08-14T14:16:48+00:00\",\"dateModified\":\"2026-03-10T06:23:54+00:00\",\"description\":\"Als u 25e-nhoh-blotters-1-2mg online wilt kopen, dan is een bezoek aan onze online RC Kopen-winkel de beste optie. We hebben 25e-nhoh-blotters-1-2mg te koop. Plaats nu uw bestelling!\",\"breadcrumb\":{\"@id\":\"https:\/\/rckopen.com\/product\/25e-nboh-blotters-1-2mg\/#breadcrumb\"},\"inLanguage\":\"pt-PT\",\"potentialAction\":[{\"@type\":\"ReadAction\",\"target\":[\"https:\/\/rckopen.com\/product\/25e-nboh-blotters-1-2mg\/\"]}]},{\"@type\":\"ImageObject\",\"inLanguage\":\"pt-PT\",\"@id\":\"https:\/\/rckopen.com\/product\/25e-nboh-blotters-1-2mg\/#primaryimage\",\"url\":\"https:\/\/rckopen.com\/wp-content\/uploads\/2023\/08\/25E-NBOH-blotters-1.2mg.jpg\",\"contentUrl\":\"https:\/\/rckopen.com\/wp-content\/uploads\/2023\/08\/25E-NBOH-blotters-1.2mg.jpg\",\"width\":600,\"height\":600,\"caption\":\"25E-NBOH-blotters-1.2mg online kopen\"},{\"@type\":\"BreadcrumbList\",\"@id\":\"https:\/\/rckopen.com\/product\/25e-nboh-blotters-1-2mg\/#breadcrumb\",\"itemListElement\":[{\"@type\":\"ListItem\",\"position\":1,\"name\":\"Home\",\"item\":\"https:\/\/rckopen.com\/\"},{\"@type\":\"ListItem\",\"position\":2,\"name\":\"Shop\",\"item\":\"https:\/\/rckopen.com\/shop\/\"},{\"@type\":\"ListItem\",\"position\":3,\"name\":\"25E-NBOH blotters 1.2mg Online Kopen\"}]},{\"@type\":\"WebSite\",\"@id\":\"https:\/\/rckopen.com\/#website\",\"url\":\"https:\/\/rckopen.com\/\",\"name\":\"RC Kopen\",\"description\":\"Research Chemicals\",\"potentialAction\":[{\"@type\":\"SearchAction\",\"target\":{\"@type\":\"EntryPoint\",\"urlTemplate\":\"https:\/\/rckopen.com\/?s={search_term_string}\"},\"query-input\":{\"@type\":\"PropertyValueSpecification\",\"valueRequired\":true,\"valueName\":\"search_term_string\"}}],\"inLanguage\":\"pt-PT\"}]}<\/script>\n<!-- \/ Yoast SEO plugin. -->","yoast_head_json":{"title":"25E-NBOH-Blotters-1-2MG online kopen | Rckopen","description":"Als u 25e-nhoh-blotters-1-2mg online wilt kopen, dan is een bezoek aan onze online RC Kopen-winkel de beste optie. We hebben 25e-nhoh-blotters-1-2mg te koop. Plaats nu uw bestelling!","robots":{"index":"index","follow":"follow","max-snippet":"max-snippet:-1","max-image-preview":"max-image-preview:large","max-video-preview":"max-video-preview:-1"},"canonical":"https:\/\/rckopen.com\/pt\/produto\/25e-nboh-blotters-1-2mg\/","og_locale":"pt_PT","og_type":"article","og_title":"25E-NBOH-Blotters-1-2MG online kopen | Rckopen","og_description":"Als u 25e-nhoh-blotters-1-2mg online wilt kopen, dan is een bezoek aan onze online RC Kopen-winkel de beste optie. We hebben 25e-nhoh-blotters-1-2mg te koop. Plaats nu uw bestelling!","og_url":"https:\/\/rckopen.com\/pt\/produto\/25e-nboh-blotters-1-2mg\/","og_site_name":"RC Kopen","article_modified_time":"2026-03-10T06:23:54+00:00","og_image":[{"width":600,"height":600,"url":"https:\/\/rckopen.com\/wp-content\/uploads\/2023\/08\/25E-NBOH-blotters-1.2mg.jpg","type":"image\/jpeg"}],"twitter_card":"summary_large_image","twitter_misc":{"Tempo estimado de leitura":"3 minutos"},"schema":{"@context":"https:\/\/schema.org","@graph":[{"@type":"WebPage","@id":"https:\/\/rckopen.com\/product\/25e-nboh-blotters-1-2mg\/","url":"https:\/\/rckopen.com\/product\/25e-nboh-blotters-1-2mg\/","name":"25E-NBOH-Blotters-1-2MG online kopen | Rckopen","isPartOf":{"@id":"https:\/\/rckopen.com\/#website"},"primaryImageOfPage":{"@id":"https:\/\/rckopen.com\/product\/25e-nboh-blotters-1-2mg\/#primaryimage"},"image":{"@id":"https:\/\/rckopen.com\/product\/25e-nboh-blotters-1-2mg\/#primaryimage"},"thumbnailUrl":"https:\/\/rckopen.com\/wp-content\/uploads\/2023\/08\/25E-NBOH-blotters-1.2mg.jpg","datePublished":"2023-08-14T14:16:48+00:00","dateModified":"2026-03-10T06:23:54+00:00","description":"Als u 25e-nhoh-blotters-1-2mg online wilt kopen, dan is een bezoek aan onze online RC Kopen-winkel de beste optie. We hebben 25e-nhoh-blotters-1-2mg te koop. Plaats nu uw bestelling!","breadcrumb":{"@id":"https:\/\/rckopen.com\/product\/25e-nboh-blotters-1-2mg\/#breadcrumb"},"inLanguage":"pt-PT","potentialAction":[{"@type":"ReadAction","target":["https:\/\/rckopen.com\/product\/25e-nboh-blotters-1-2mg\/"]}]},{"@type":"ImageObject","inLanguage":"pt-PT","@id":"https:\/\/rckopen.com\/product\/25e-nboh-blotters-1-2mg\/#primaryimage","url":"https:\/\/rckopen.com\/wp-content\/uploads\/2023\/08\/25E-NBOH-blotters-1.2mg.jpg","contentUrl":"https:\/\/rckopen.com\/wp-content\/uploads\/2023\/08\/25E-NBOH-blotters-1.2mg.jpg","width":600,"height":600,"caption":"25E-NBOH-blotters-1.2mg online kopen"},{"@type":"BreadcrumbList","@id":"https:\/\/rckopen.com\/product\/25e-nboh-blotters-1-2mg\/#breadcrumb","itemListElement":[{"@type":"ListItem","position":1,"name":"Home","item":"https:\/\/rckopen.com\/"},{"@type":"ListItem","position":2,"name":"Shop","item":"https:\/\/rckopen.com\/shop\/"},{"@type":"ListItem","position":3,"name":"25E-NBOH blotters 1.2mg Online Kopen"}]},{"@type":"WebSite","@id":"https:\/\/rckopen.com\/#website","url":"https:\/\/rckopen.com\/","name":"RC Kopen","description":"Research Chemicals","potentialAction":[{"@type":"SearchAction","target":{"@type":"EntryPoint","urlTemplate":"https:\/\/rckopen.com\/?s={search_term_string}"},"query-input":{"@type":"PropertyValueSpecification","valueRequired":true,"valueName":"search_term_string"}}],"inLanguage":"pt-PT"}]}},"_links":{"self":[{"href":"https:\/\/rckopen.com\/pt\/wp-json\/wp\/v2\/product\/6390","targetHints":{"allow":["GET"]}}],"collection":[{"href":"https:\/\/rckopen.com\/pt\/wp-json\/wp\/v2\/product"}],"about":[{"href":"https:\/\/rckopen.com\/pt\/wp-json\/wp\/v2\/types\/product"}],"replies":[{"embeddable":true,"href":"https:\/\/rckopen.com\/pt\/wp-json\/wp\/v2\/comments?post=6390"}],"wp:featuredmedia":[{"embeddable":true,"href":"https:\/\/rckopen.com\/pt\/wp-json\/wp\/v2\/media\/6396"}],"wp:attachment":[{"href":"https:\/\/rckopen.com\/pt\/wp-json\/wp\/v2\/media?parent=6390"}],"wp:term":[{"taxonomy":"product_brand","embeddable":true,"href":"https:\/\/rckopen.com\/pt\/wp-json\/wp\/v2\/product_brand?post=6390"},{"taxonomy":"product_cat","embeddable":true,"href":"https:\/\/rckopen.com\/pt\/wp-json\/wp\/v2\/product_cat?post=6390"},{"taxonomy":"product_tag","embeddable":true,"href":"https:\/\/rckopen.com\/pt\/wp-json\/wp\/v2\/product_tag?post=6390"}],"curies":[{"name":"wp","href":"https:\/\/api.w.org\/{rel}","templated":true}]}}