{"id":6415,"date":"2023-08-15T06:16:49","date_gmt":"2023-08-15T06:16:49","guid":{"rendered":"https:\/\/diligentplug.com\/chems\/?post_type=product&#038;p=6415"},"modified":"2025-02-03T04:53:30","modified_gmt":"2025-02-03T04:53:30","slug":"7-add","status":"publish","type":"product","link":"https:\/\/rckopen.com\/pt\/produto\/7-adicao\/","title":{"rendered":"Compre 7-ADD online"},"content":{"rendered":"<h2>Compre 7-ADD online<\/h2>\n<p><a href=\"https:\/\/rckopen.com\/pt\/produto\/7-adicao\/\">Compre 7 ADD online<\/a>Como todas as actinomicinas, ela possui um sistema 2-aminofenoxazin-3-ona duplamente metilado como crom\u00f3foro actinoil, que est\u00e1 ligado aos an\u00e9is de lactona pentapept\u00eddeo por meio de duas liga\u00e7\u00f5es amida. A estrutura b\u00e1sica do cromopept\u00eddeo 7-AAD \u00e9 a actinomicina D, que n\u00e3o possui o grupo funcional adicional 7-AAD, um grupo amino, na posi\u00e7\u00e3o 7.<\/p>\n<h2><strong>Onde \u00e9 que o 7-ADD est\u00e1 dispon\u00edvel?<\/strong><\/h2>\n<p><a href=\"https:\/\/en.wikipedia.org\/wiki\/7-Aminoactinomycin_D\">7-ADD<\/a> pode ser comprado na Chemical Planet. Esta empresa \u00e9 a fonte confi\u00e1vel N1 para comprar 7ADD de alta qualidade. O 7-ADD est\u00e1 dispon\u00edvel apenas na forma de p\u00f3, em embalagens que variam de 1 g a 1.000 g. A Chemical Planet s\u00f3 vende seus produtos qu\u00edmicos para clientes com 18 anos de idade ou mais. Este produto \u00e9 somente para uso laboratorial, pois n\u00e3o \u00e9 adequado para testes em animais ou consumo humano.<a href=\"https:\/\/en.wikipedia.org\/w\/index.php?search=7+ADD&amp;title=Special%3ASearch&amp;ns0=1\">.<\/a><\/p>\n<h2><strong>Is 7A-DD legaal &#8211; 7-ADD online kopen?<\/strong><\/h2>\n<p>A 7-ADD \u00e9 legal para uso laboratorial na maioria dos pa\u00edses. Apresenta v\u00e1rias melhorias em rela\u00e7\u00e3o a outros canabin\u00f3ides anteriormente utilizados para os mesmos fins. No entanto, como as leis podem variar de pa\u00eds para pa\u00eds, deves verificar as leis locais relativas a esta subst\u00e2ncia antes de a encomendares online.<\/p>\n<p><strong>Coment\u00e1rio<\/strong>Este produto deve ser armazenado num local seco e fresco para uma melhor reten\u00e7\u00e3o das suas propriedades. Este produto \u00e9 utilizado apenas para fins forenses e cient\u00edficos e nunca deve ser experimentado em animais ou consumido de qualquer forma por seres humanos<a href=\"https:\/\/rckopen.com\/pt\/produto\/7-abf\/\">.<\/a><\/p>\n<p>Onde posso obter 7-ADD? Voc\u00ea pode comprar 7-ADD em <a href=\"https:\/\/rckopen.com\/pt\/\">RCKOPEN<\/a>. Esta empresa \u00e9 a fonte confi\u00e1vel N1 para comprar 7ADD de alta qualidade. 7-ADD est\u00e1 dispon\u00edvel apenas em p\u00f3<\/p>","protected":false},"excerpt":{"rendered":"<p><strong>Nome IUPAC: <\/strong>N-(1-amino-3,3-dimethyl-1-oxobutan-2-yl)-1-butyl-1H-indazole-3-acetamide<\/p>\n<p><strong>Outro nome: <\/strong>AB-Pyca<\/p>\n<p><strong>Apar\u00eancia: <\/strong>p\u00f3<\/p>\n<p><strong>Forma: <\/strong>HCL em p\u00f3<\/p>\n<p><strong>An\u00e1lise NMR: <\/strong>C19H28N4O2<\/p>","protected":false},"featured_media":6428,"comment_status":"open","ping_status":"closed","template":"","meta":{"_joinchat":[]},"product_brand":[],"product_cat":[132],"product_tag":[],"class_list":{"0":"post-6415","1":"product","2":"type-product","3":"status-publish","4":"has-post-thumbnail","6":"product_cat-cannabinoiden","8":"first","9":"instock","10":"shipping-taxable","11":"purchasable","12":"product-type-variable"},"yoast_head":"<!-- This site is optimized with the Yoast SEO plugin v26.3 - https:\/\/yoast.com\/wordpress\/plugins\/seo\/ -->\n<title>7 ADD online kopen - 7 ADD te koop online<\/title>\n<meta name=\"description\" content=\"In onze RCKopen-winkel kunt u 7 ADD te koop krijgen tegen lage tarieven. Wij werken uitsluitend met kwaliteitsproducten van A-kwaliteit. nu 7 ADD online kopen in onze winkel. Bestel nu!\" \/>\n<meta name=\"robots\" content=\"index, follow, max-snippet:-1, max-image-preview:large, max-video-preview:-1\" \/>\n<link rel=\"canonical\" href=\"https:\/\/rckopen.com\/pt\/produto\/7-adicao\/\" \/>\n<meta property=\"og:locale\" content=\"pt_PT\" \/>\n<meta property=\"og:type\" content=\"article\" \/>\n<meta property=\"og:title\" content=\"7 ADD online kopen - 7 ADD te koop online\" \/>\n<meta property=\"og:description\" content=\"In onze RCKopen-winkel kunt u 7 ADD te koop krijgen tegen lage tarieven. Wij werken uitsluitend met kwaliteitsproducten van A-kwaliteit. nu 7 ADD online kopen in onze winkel. Bestel nu!\" \/>\n<meta property=\"og:url\" content=\"https:\/\/rckopen.com\/pt\/produto\/7-adicao\/\" \/>\n<meta property=\"og:site_name\" content=\"RC Kopen\" \/>\n<meta property=\"article:modified_time\" content=\"2025-02-03T04:53:30+00:00\" \/>\n<meta property=\"og:image\" content=\"https:\/\/rckopen.com\/wp-content\/uploads\/2023\/08\/7-ADD.jpg\" \/>\n\t<meta property=\"og:image:width\" content=\"600\" \/>\n\t<meta property=\"og:image:height\" content=\"600\" \/>\n\t<meta property=\"og:image:type\" content=\"image\/jpeg\" \/>\n<meta name=\"twitter:card\" content=\"summary_large_image\" \/>\n<meta name=\"twitter:label1\" content=\"Tempo estimado de leitura\" \/>\n\t<meta name=\"twitter:data1\" content=\"2 minutos\" \/>\n<script type=\"application\/ld+json\" class=\"yoast-schema-graph\">{\"@context\":\"https:\/\/schema.org\",\"@graph\":[{\"@type\":\"WebPage\",\"@id\":\"https:\/\/rckopen.com\/product\/7-add\/\",\"url\":\"https:\/\/rckopen.com\/product\/7-add\/\",\"name\":\"7 ADD online kopen - 7 ADD te koop online\",\"isPartOf\":{\"@id\":\"https:\/\/rckopen.com\/#website\"},\"primaryImageOfPage\":{\"@id\":\"https:\/\/rckopen.com\/product\/7-add\/#primaryimage\"},\"image\":{\"@id\":\"https:\/\/rckopen.com\/product\/7-add\/#primaryimage\"},\"thumbnailUrl\":\"https:\/\/rckopen.com\/wp-content\/uploads\/2023\/08\/7-ADD.jpg\",\"datePublished\":\"2023-08-15T06:16:49+00:00\",\"dateModified\":\"2025-02-03T04:53:30+00:00\",\"description\":\"In onze RCKopen-winkel kunt u 7 ADD te koop krijgen tegen lage tarieven. Wij werken uitsluitend met kwaliteitsproducten van A-kwaliteit. nu 7 ADD online kopen in onze winkel. Bestel nu!\",\"breadcrumb\":{\"@id\":\"https:\/\/rckopen.com\/product\/7-add\/#breadcrumb\"},\"inLanguage\":\"pt-PT\",\"potentialAction\":[{\"@type\":\"ReadAction\",\"target\":[\"https:\/\/rckopen.com\/product\/7-add\/\"]}]},{\"@type\":\"ImageObject\",\"inLanguage\":\"pt-PT\",\"@id\":\"https:\/\/rckopen.com\/product\/7-add\/#primaryimage\",\"url\":\"https:\/\/rckopen.com\/wp-content\/uploads\/2023\/08\/7-ADD.jpg\",\"contentUrl\":\"https:\/\/rckopen.com\/wp-content\/uploads\/2023\/08\/7-ADD.jpg\",\"width\":600,\"height\":600,\"caption\":\"7-ADD online kopen\"},{\"@type\":\"BreadcrumbList\",\"@id\":\"https:\/\/rckopen.com\/product\/7-add\/#breadcrumb\",\"itemListElement\":[{\"@type\":\"ListItem\",\"position\":1,\"name\":\"Home\",\"item\":\"https:\/\/rckopen.com\/\"},{\"@type\":\"ListItem\",\"position\":2,\"name\":\"Shop\",\"item\":\"https:\/\/rckopen.com\/shop\/\"},{\"@type\":\"ListItem\",\"position\":3,\"name\":\"7-ADD online kopen\"}]},{\"@type\":\"WebSite\",\"@id\":\"https:\/\/rckopen.com\/#website\",\"url\":\"https:\/\/rckopen.com\/\",\"name\":\"RC Kopen\",\"description\":\"Research Chemicals\",\"potentialAction\":[{\"@type\":\"SearchAction\",\"target\":{\"@type\":\"EntryPoint\",\"urlTemplate\":\"https:\/\/rckopen.com\/?s={search_term_string}\"},\"query-input\":{\"@type\":\"PropertyValueSpecification\",\"valueRequired\":true,\"valueName\":\"search_term_string\"}}],\"inLanguage\":\"pt-PT\"}]}<\/script>\n<!-- \/ Yoast SEO plugin. -->","yoast_head_json":{"title":"7 ADD online kopen - 7 ADD te koop online","description":"In onze RCKopen-winkel kunt u 7 ADD te koop krijgen tegen lage tarieven. Wij werken uitsluitend met kwaliteitsproducten van A-kwaliteit. nu 7 ADD online kopen in onze winkel. Bestel nu!","robots":{"index":"index","follow":"follow","max-snippet":"max-snippet:-1","max-image-preview":"max-image-preview:large","max-video-preview":"max-video-preview:-1"},"canonical":"https:\/\/rckopen.com\/pt\/produto\/7-adicao\/","og_locale":"pt_PT","og_type":"article","og_title":"7 ADD online kopen - 7 ADD te koop online","og_description":"In onze RCKopen-winkel kunt u 7 ADD te koop krijgen tegen lage tarieven. Wij werken uitsluitend met kwaliteitsproducten van A-kwaliteit. nu 7 ADD online kopen in onze winkel. Bestel nu!","og_url":"https:\/\/rckopen.com\/pt\/produto\/7-adicao\/","og_site_name":"RC Kopen","article_modified_time":"2025-02-03T04:53:30+00:00","og_image":[{"width":600,"height":600,"url":"https:\/\/rckopen.com\/wp-content\/uploads\/2023\/08\/7-ADD.jpg","type":"image\/jpeg"}],"twitter_card":"summary_large_image","twitter_misc":{"Tempo estimado de leitura":"2 minutos"},"schema":{"@context":"https:\/\/schema.org","@graph":[{"@type":"WebPage","@id":"https:\/\/rckopen.com\/product\/7-add\/","url":"https:\/\/rckopen.com\/product\/7-add\/","name":"7 ADD online kopen - 7 ADD te koop online","isPartOf":{"@id":"https:\/\/rckopen.com\/#website"},"primaryImageOfPage":{"@id":"https:\/\/rckopen.com\/product\/7-add\/#primaryimage"},"image":{"@id":"https:\/\/rckopen.com\/product\/7-add\/#primaryimage"},"thumbnailUrl":"https:\/\/rckopen.com\/wp-content\/uploads\/2023\/08\/7-ADD.jpg","datePublished":"2023-08-15T06:16:49+00:00","dateModified":"2025-02-03T04:53:30+00:00","description":"In onze RCKopen-winkel kunt u 7 ADD te koop krijgen tegen lage tarieven. Wij werken uitsluitend met kwaliteitsproducten van A-kwaliteit. nu 7 ADD online kopen in onze winkel. Bestel nu!","breadcrumb":{"@id":"https:\/\/rckopen.com\/product\/7-add\/#breadcrumb"},"inLanguage":"pt-PT","potentialAction":[{"@type":"ReadAction","target":["https:\/\/rckopen.com\/product\/7-add\/"]}]},{"@type":"ImageObject","inLanguage":"pt-PT","@id":"https:\/\/rckopen.com\/product\/7-add\/#primaryimage","url":"https:\/\/rckopen.com\/wp-content\/uploads\/2023\/08\/7-ADD.jpg","contentUrl":"https:\/\/rckopen.com\/wp-content\/uploads\/2023\/08\/7-ADD.jpg","width":600,"height":600,"caption":"7-ADD online kopen"},{"@type":"BreadcrumbList","@id":"https:\/\/rckopen.com\/product\/7-add\/#breadcrumb","itemListElement":[{"@type":"ListItem","position":1,"name":"Home","item":"https:\/\/rckopen.com\/"},{"@type":"ListItem","position":2,"name":"Shop","item":"https:\/\/rckopen.com\/shop\/"},{"@type":"ListItem","position":3,"name":"7-ADD online kopen"}]},{"@type":"WebSite","@id":"https:\/\/rckopen.com\/#website","url":"https:\/\/rckopen.com\/","name":"RC Kopen","description":"Research Chemicals","potentialAction":[{"@type":"SearchAction","target":{"@type":"EntryPoint","urlTemplate":"https:\/\/rckopen.com\/?s={search_term_string}"},"query-input":{"@type":"PropertyValueSpecification","valueRequired":true,"valueName":"search_term_string"}}],"inLanguage":"pt-PT"}]}},"_links":{"self":[{"href":"https:\/\/rckopen.com\/pt\/wp-json\/wp\/v2\/product\/6415","targetHints":{"allow":["GET"]}}],"collection":[{"href":"https:\/\/rckopen.com\/pt\/wp-json\/wp\/v2\/product"}],"about":[{"href":"https:\/\/rckopen.com\/pt\/wp-json\/wp\/v2\/types\/product"}],"replies":[{"embeddable":true,"href":"https:\/\/rckopen.com\/pt\/wp-json\/wp\/v2\/comments?post=6415"}],"wp:featuredmedia":[{"embeddable":true,"href":"https:\/\/rckopen.com\/pt\/wp-json\/wp\/v2\/media\/6428"}],"wp:attachment":[{"href":"https:\/\/rckopen.com\/pt\/wp-json\/wp\/v2\/media?parent=6415"}],"wp:term":[{"taxonomy":"product_brand","embeddable":true,"href":"https:\/\/rckopen.com\/pt\/wp-json\/wp\/v2\/product_brand?post=6415"},{"taxonomy":"product_cat","embeddable":true,"href":"https:\/\/rckopen.com\/pt\/wp-json\/wp\/v2\/product_cat?post=6415"},{"taxonomy":"product_tag","embeddable":true,"href":"https:\/\/rckopen.com\/pt\/wp-json\/wp\/v2\/product_tag?post=6415"}],"curies":[{"name":"wp","href":"https:\/\/api.w.org\/{rel}","templated":true}]}}