{"id":6421,"date":"2023-08-15T05:57:38","date_gmt":"2023-08-15T05:57:38","guid":{"rendered":"https:\/\/diligentplug.com\/chems\/?post_type=product&#038;p=6421"},"modified":"2025-09-16T10:19:50","modified_gmt":"2025-09-16T10:19:50","slug":"adb-ca","status":"publish","type":"product","link":"https:\/\/rckopen.com\/pt\/produto\/adb-ca\/","title":{"rendered":"Compre ADB CA Online"},"content":{"rendered":"<h2>Compre ADB CA Online<\/h2>\n<p>Um canabinoide sint\u00e9tico (CB) \u00e0 base de indazol chamado AB-CHMINACA exibe uma afinidade dez vezes maior (Ki = 0,9 nM) para o principal receptor CB1 do que JWH 018.<\/p>\n<p><a href=\"https:\/\/rckopen.com\/pt\/produto\/adb-ca\/\">ADB CA<\/a> foi criado pela primeira vez pela Pfizer, Inc. como um modulador forte e eficiente do receptor CB1 com potenciais aplica\u00e7\u00f5es m\u00e9dicas. S\u00f3 foi descoberto recentemente, por\u00e9m, em misturas de ervas que eram proibidas pelo ADB CA.<\/p>\n<p>ADB CA e AB-FUBINACA compartilham similaridades estruturais, com o \u00faltimo tendo um grupo ciclohexil no lugar do grupo 4-fluorofenil. As caracter\u00edsticas toxicol\u00f3gicas e f\u00edsicas da subst\u00e2ncia n\u00e3o foram estabelecidas. O produto foi criado para uso em pesquisas e ambientes forenses. <a href=\"https:\/\/rckopen.com\/pt\/\">Comprar Rc<\/a><\/p>\n<p>Temos esse \u00f3timo produto qu\u00edmico de pesquisa em nosso laborat\u00f3rio. Prometemos que voc\u00ea receber\u00e1 um produto qu\u00edmico de pesquisa muito puro para seu estudo quando fizer seu pedido. Compre Nembutal<\/p>\n<h3>Temos esse \u00f3timo produto qu\u00edmico de pesquisa em nosso laborat\u00f3rio. Prometemos que voc\u00ea receber\u00e1 um produto qu\u00edmico de pesquisa muito puro para seu estudo quando fizer seu pedido. Compre Nembutal<\/h3>\n<p>Compre ADB CA on-line de um dos principais fabricantes de produtos qu\u00edmicos europeus. Produzido com maestria com uma garantia m\u00ednima de pureza de 98%+. Fornecemos COA para cada lote que nossos produtos qu\u00edmicos de pesquisa criam!<\/p>\n<p>ADB CA \u00e9 o componente ativo.<br \/>\ncont\u00e9m um grama de ADB CA com pureza m\u00ednima de 98% por unidade.<\/p>\n<h3>A quantidade de ADB CA<\/h3>\n<p>Como o ADB CA \u00e9 fornecido apenas para uso em pesquisas qu\u00edmicas cient\u00edficas e n\u00e3o se destina ao consumo humano, n\u00e3o h\u00e1 dosagem recomendada.<\/p>\n<p><strong>Efeitos do AB-CHMINACA:<\/strong> A maioria dos novos medicamentos de designer, incluindo ADB CA, t\u00eam efeitos cl\u00ednicos que podem ser categorizados como opioides, estimulantes ou alucin\u00f3genos. Substitui\u00e7\u00f5es de cadeia lateral de designer tamb\u00e9m lhes d\u00e3o uma mistura dessas propriedades.<\/p>\n<h3>Rea\u00e7\u00f5es adversas ao ADB CA<\/h3>\n<p>Como outros medicamentos de designer, o ADB CA tem o potencial de ter efeitos negativos graves; ele n\u00e3o foi clinicamente estudado nem \u00e9 autorizado para uso como um produto aliment\u00edcio. Portanto, o ADB CA \u00e9 apenas para pesquisa cient\u00edfica e n\u00e3o deve ser consumido por humanos.<\/p>\n<h3>Formas de preservar o ADB CA<\/h3>\n<p>ADB CA deve ser mantido abaixo de 30 graus Celsius. Mantenha ADB CA em seu recipiente original e proteja-o da umidade e da luz solar.<\/p>","protected":false},"excerpt":{"rendered":"<p>Nome IUPAC: ADB-CA<\/p>","protected":false},"featured_media":6422,"comment_status":"open","ping_status":"closed","template":"","meta":{"_joinchat":[]},"product_brand":[],"product_cat":[132],"product_tag":[],"class_list":{"0":"post-6421","1":"product","2":"type-product","3":"status-publish","4":"has-post-thumbnail","6":"product_cat-cannabinoiden","8":"first","9":"instock","10":"shipping-taxable","11":"purchasable","12":"product-type-variable"},"yoast_head":"<!-- This site is optimized with the Yoast SEO plugin v26.3 - https:\/\/yoast.com\/wordpress\/plugins\/seo\/ -->\n<title>ADB-CA te koop - ADB-CA online kopen | RC Kopen<\/title>\n<meta name=\"description\" content=\"U kunt ADB-CA tegen de beste prijzen te koop krijgen in onze online RCK-winkel. Wij zijn hier om u te helpen ADB-CA online te kopen. Maak vandaag nog contact met de beste winkel van de stad!\" \/>\n<meta name=\"robots\" content=\"index, follow, max-snippet:-1, max-image-preview:large, max-video-preview:-1\" \/>\n<link rel=\"canonical\" href=\"https:\/\/rckopen.com\/pt\/produto\/adb-ca\/\" \/>\n<meta property=\"og:locale\" content=\"pt_PT\" \/>\n<meta property=\"og:type\" content=\"article\" \/>\n<meta property=\"og:title\" content=\"ADB-CA te koop - ADB-CA online kopen | RC Kopen\" \/>\n<meta property=\"og:description\" content=\"U kunt ADB-CA tegen de beste prijzen te koop krijgen in onze online RCK-winkel. Wij zijn hier om u te helpen ADB-CA online te kopen. Maak vandaag nog contact met de beste winkel van de stad!\" \/>\n<meta property=\"og:url\" content=\"https:\/\/rckopen.com\/pt\/produto\/adb-ca\/\" \/>\n<meta property=\"og:site_name\" content=\"RC Kopen\" \/>\n<meta property=\"article:modified_time\" content=\"2025-09-16T10:19:50+00:00\" \/>\n<meta property=\"og:image\" content=\"https:\/\/rckopen.com\/wp-content\/uploads\/2023\/08\/ADB-CA.jpg\" \/>\n\t<meta property=\"og:image:width\" content=\"600\" \/>\n\t<meta property=\"og:image:height\" content=\"600\" \/>\n\t<meta property=\"og:image:type\" content=\"image\/jpeg\" \/>\n<meta name=\"twitter:card\" content=\"summary_large_image\" \/>\n<meta name=\"twitter:label1\" content=\"Tempo estimado de leitura\" \/>\n\t<meta name=\"twitter:data1\" content=\"2 minutos\" \/>\n<script type=\"application\/ld+json\" class=\"yoast-schema-graph\">{\"@context\":\"https:\/\/schema.org\",\"@graph\":[{\"@type\":\"WebPage\",\"@id\":\"https:\/\/rckopen.com\/product\/adb-ca\/\",\"url\":\"https:\/\/rckopen.com\/product\/adb-ca\/\",\"name\":\"ADB-CA te koop - ADB-CA online kopen | RC Kopen\",\"isPartOf\":{\"@id\":\"https:\/\/rckopen.com\/#website\"},\"primaryImageOfPage\":{\"@id\":\"https:\/\/rckopen.com\/product\/adb-ca\/#primaryimage\"},\"image\":{\"@id\":\"https:\/\/rckopen.com\/product\/adb-ca\/#primaryimage\"},\"thumbnailUrl\":\"https:\/\/rckopen.com\/wp-content\/uploads\/2023\/08\/ADB-CA.jpg\",\"datePublished\":\"2023-08-15T05:57:38+00:00\",\"dateModified\":\"2025-09-16T10:19:50+00:00\",\"description\":\"U kunt ADB-CA tegen de beste prijzen te koop krijgen in onze online RCK-winkel. Wij zijn hier om u te helpen ADB-CA online te kopen. Maak vandaag nog contact met de beste winkel van de stad!\",\"breadcrumb\":{\"@id\":\"https:\/\/rckopen.com\/product\/adb-ca\/#breadcrumb\"},\"inLanguage\":\"pt-PT\",\"potentialAction\":[{\"@type\":\"ReadAction\",\"target\":[\"https:\/\/rckopen.com\/product\/adb-ca\/\"]}]},{\"@type\":\"ImageObject\",\"inLanguage\":\"pt-PT\",\"@id\":\"https:\/\/rckopen.com\/product\/adb-ca\/#primaryimage\",\"url\":\"https:\/\/rckopen.com\/wp-content\/uploads\/2023\/08\/ADB-CA.jpg\",\"contentUrl\":\"https:\/\/rckopen.com\/wp-content\/uploads\/2023\/08\/ADB-CA.jpg\",\"width\":600,\"height\":600,\"caption\":\"ADB-CA Online bestellen\"},{\"@type\":\"BreadcrumbList\",\"@id\":\"https:\/\/rckopen.com\/product\/adb-ca\/#breadcrumb\",\"itemListElement\":[{\"@type\":\"ListItem\",\"position\":1,\"name\":\"Home\",\"item\":\"https:\/\/rckopen.com\/\"},{\"@type\":\"ListItem\",\"position\":2,\"name\":\"Shop\",\"item\":\"https:\/\/rckopen.com\/shop\/\"},{\"@type\":\"ListItem\",\"position\":3,\"name\":\"ADB CA Online kopen\"}]},{\"@type\":\"WebSite\",\"@id\":\"https:\/\/rckopen.com\/#website\",\"url\":\"https:\/\/rckopen.com\/\",\"name\":\"RC Kopen\",\"description\":\"Research Chemicals\",\"potentialAction\":[{\"@type\":\"SearchAction\",\"target\":{\"@type\":\"EntryPoint\",\"urlTemplate\":\"https:\/\/rckopen.com\/?s={search_term_string}\"},\"query-input\":{\"@type\":\"PropertyValueSpecification\",\"valueRequired\":true,\"valueName\":\"search_term_string\"}}],\"inLanguage\":\"pt-PT\"}]}<\/script>\n<!-- \/ Yoast SEO plugin. -->","yoast_head_json":{"title":"ADB-CA te koop - ADB-CA online kopen | RC Kopen","description":"U kunt ADB-CA tegen de beste prijzen te koop krijgen in onze online RCK-winkel. Wij zijn hier om u te helpen ADB-CA online te kopen. Maak vandaag nog contact met de beste winkel van de stad!","robots":{"index":"index","follow":"follow","max-snippet":"max-snippet:-1","max-image-preview":"max-image-preview:large","max-video-preview":"max-video-preview:-1"},"canonical":"https:\/\/rckopen.com\/pt\/produto\/adb-ca\/","og_locale":"pt_PT","og_type":"article","og_title":"ADB-CA te koop - ADB-CA online kopen | RC Kopen","og_description":"U kunt ADB-CA tegen de beste prijzen te koop krijgen in onze online RCK-winkel. Wij zijn hier om u te helpen ADB-CA online te kopen. Maak vandaag nog contact met de beste winkel van de stad!","og_url":"https:\/\/rckopen.com\/pt\/produto\/adb-ca\/","og_site_name":"RC Kopen","article_modified_time":"2025-09-16T10:19:50+00:00","og_image":[{"width":600,"height":600,"url":"https:\/\/rckopen.com\/wp-content\/uploads\/2023\/08\/ADB-CA.jpg","type":"image\/jpeg"}],"twitter_card":"summary_large_image","twitter_misc":{"Tempo estimado de leitura":"2 minutos"},"schema":{"@context":"https:\/\/schema.org","@graph":[{"@type":"WebPage","@id":"https:\/\/rckopen.com\/product\/adb-ca\/","url":"https:\/\/rckopen.com\/product\/adb-ca\/","name":"ADB-CA te koop - ADB-CA online kopen | RC Kopen","isPartOf":{"@id":"https:\/\/rckopen.com\/#website"},"primaryImageOfPage":{"@id":"https:\/\/rckopen.com\/product\/adb-ca\/#primaryimage"},"image":{"@id":"https:\/\/rckopen.com\/product\/adb-ca\/#primaryimage"},"thumbnailUrl":"https:\/\/rckopen.com\/wp-content\/uploads\/2023\/08\/ADB-CA.jpg","datePublished":"2023-08-15T05:57:38+00:00","dateModified":"2025-09-16T10:19:50+00:00","description":"U kunt ADB-CA tegen de beste prijzen te koop krijgen in onze online RCK-winkel. Wij zijn hier om u te helpen ADB-CA online te kopen. Maak vandaag nog contact met de beste winkel van de stad!","breadcrumb":{"@id":"https:\/\/rckopen.com\/product\/adb-ca\/#breadcrumb"},"inLanguage":"pt-PT","potentialAction":[{"@type":"ReadAction","target":["https:\/\/rckopen.com\/product\/adb-ca\/"]}]},{"@type":"ImageObject","inLanguage":"pt-PT","@id":"https:\/\/rckopen.com\/product\/adb-ca\/#primaryimage","url":"https:\/\/rckopen.com\/wp-content\/uploads\/2023\/08\/ADB-CA.jpg","contentUrl":"https:\/\/rckopen.com\/wp-content\/uploads\/2023\/08\/ADB-CA.jpg","width":600,"height":600,"caption":"ADB-CA Online bestellen"},{"@type":"BreadcrumbList","@id":"https:\/\/rckopen.com\/product\/adb-ca\/#breadcrumb","itemListElement":[{"@type":"ListItem","position":1,"name":"Home","item":"https:\/\/rckopen.com\/"},{"@type":"ListItem","position":2,"name":"Shop","item":"https:\/\/rckopen.com\/shop\/"},{"@type":"ListItem","position":3,"name":"ADB CA Online kopen"}]},{"@type":"WebSite","@id":"https:\/\/rckopen.com\/#website","url":"https:\/\/rckopen.com\/","name":"RC Kopen","description":"Research Chemicals","potentialAction":[{"@type":"SearchAction","target":{"@type":"EntryPoint","urlTemplate":"https:\/\/rckopen.com\/?s={search_term_string}"},"query-input":{"@type":"PropertyValueSpecification","valueRequired":true,"valueName":"search_term_string"}}],"inLanguage":"pt-PT"}]}},"_links":{"self":[{"href":"https:\/\/rckopen.com\/pt\/wp-json\/wp\/v2\/product\/6421","targetHints":{"allow":["GET"]}}],"collection":[{"href":"https:\/\/rckopen.com\/pt\/wp-json\/wp\/v2\/product"}],"about":[{"href":"https:\/\/rckopen.com\/pt\/wp-json\/wp\/v2\/types\/product"}],"replies":[{"embeddable":true,"href":"https:\/\/rckopen.com\/pt\/wp-json\/wp\/v2\/comments?post=6421"}],"wp:featuredmedia":[{"embeddable":true,"href":"https:\/\/rckopen.com\/pt\/wp-json\/wp\/v2\/media\/6422"}],"wp:attachment":[{"href":"https:\/\/rckopen.com\/pt\/wp-json\/wp\/v2\/media?parent=6421"}],"wp:term":[{"taxonomy":"product_brand","embeddable":true,"href":"https:\/\/rckopen.com\/pt\/wp-json\/wp\/v2\/product_brand?post=6421"},{"taxonomy":"product_cat","embeddable":true,"href":"https:\/\/rckopen.com\/pt\/wp-json\/wp\/v2\/product_cat?post=6421"},{"taxonomy":"product_tag","embeddable":true,"href":"https:\/\/rckopen.com\/pt\/wp-json\/wp\/v2\/product_tag?post=6421"}],"curies":[{"name":"wp","href":"https:\/\/api.w.org\/{rel}","templated":true}]}}