{"id":6431,"date":"2023-08-15T07:54:38","date_gmt":"2023-08-15T07:54:38","guid":{"rendered":"https:\/\/diligentplug.com\/chems\/?post_type=product&#038;p=6431"},"modified":"2025-02-05T10:40:22","modified_gmt":"2025-02-05T10:40:22","slug":"cbd-powder","status":"publish","type":"product","link":"https:\/\/rckopen.com\/pt\/produto\/po-de-cbd\/","title":{"rendered":"Compre p\u00f3 de CBD online"},"content":{"rendered":"<h2>Details about the product<\/h2>\n<h3>Compre CBD em p\u00f3 online<\/h3>\n<p>Nosso CBD Powder, que \u00e9 feito de extrato de CBD premium, tem uma concentra\u00e7\u00e3o de 98% de canabinoides. Devido \u00e0 sua natureza ins\u00edpida e inodora, esses pellets podem ser inclu\u00eddos em refei\u00e7\u00f5es ou consumidos diretamente. Para muitos que acham o sabor do CBD muito forte, eles s\u00e3o uma b\u00ean\u00e7\u00e3o. Al\u00e9m disso, eles permitem que voc\u00ea modifique a propor\u00e7\u00e3o de THC para CBD em seus produtos de THC para obter o m\u00e1ximo al\u00edvio poss\u00edvel de seus sintomas espec\u00edficos.<\/p>\n<h3>BENEF\u00cdCIOS E FUNCIONALIDADE DAS P\u00cdLULAS DE CBD<\/h3>\n<p>Condi\u00e7\u00f5es incluindo dor, ansiedade, tens\u00e3o, problemas de sono e problemas de pele podem ser melhorados usando p\u00edlulas de CBD. Os usu\u00e1rios podem notar uma melhora na qualidade do sono, um efeito calmante na pele e um efeito relaxante nos m\u00fasculos e na psique.<\/p>\n<h3>EXTRA\u00c7\u00c3O DE CO2 SUPERCR\u00cdTICO<\/h3>\n<p>Nosso isolado de CBD em p\u00f3 \u00e9 feito de plantas de c\u00e2nhamo que receberam certifica\u00e7\u00e3o europeia. A extra\u00e7\u00e3o de CO2 supercr\u00edtico, uma t\u00e9cnica segura, eficaz e sem res\u00edduos, \u00e9 usada para extrair isso. Para garantir o produto mais puro poss\u00edvel, o extrato \u00e9 posteriormente limpo de componentes vegetais indesej\u00e1veis.Il nostro isolato di polvere di CBD \u00e8 ricavato da piante di canapa che hanno ricevuto la certificazione europea. Per estrarlo viene utilizzata l'estrazione con CO2 supercritica, una tecnica sicura, efficace e senza residui. Per garantire il prodotto pi\u00f9 puro possibile, l'estratto viene successivamente ripulito dai componenti indesiderati della pianta.<\/p>\n<h3>AVISOS SOBRE O CBD em p\u00f3<\/h3>\n<p>Tanto os olhos quanto o trato respirat\u00f3rio podem ficar irritados. Produtos qu\u00edmicos de pesquisa n\u00e3o devem ser liberados no ambiente.<\/p>\n<p><strong>CONSELHOS DE SEGURAN\u00c7A PARA CONTATO COM OS OLHOS CBD Powder:<\/strong><br \/>\nSe poss\u00edvel, retire suas lentes de contato ap\u00f3s enxaguar suavemente com \u00e1gua por 10 a 15 minutos.<\/p>\n<p>Enxague com \u00e1gua e sab\u00e3o ap\u00f3s tocar na pele.<\/p>\n<p><strong>AP\u00d3S A INADEMA\u00c7\u00c3O<\/strong>: Fique em uma posi\u00e7\u00e3o de respira\u00e7\u00e3o e procure ar fresco.<\/p>\n<p>O produto qu\u00edmico de pesquisa deve ser mantido longe da luz solar direta, seco, em temperatura ambiente e bem embalado, fora do alcance das crian\u00e7as. O produto permanece est\u00e1vel por at\u00e9 dois anos quando armazenado nessas configura\u00e7\u00f5es.<\/p>","protected":false},"excerpt":{"rendered":"<p><strong>Nome IUPAC: <\/strong>2-[(1R,6R)-6-isopropenyl-3-methylcyclohex-2-en-1-yl]-5-pentylbenzene-1,3-diol<\/p>\n<p><strong>CAS # <\/strong>13956-29-1<\/p>\n<p><strong>Apar\u00eancia: <\/strong>p\u00f3<\/p>\n<p><strong>An\u00e1lise NMR: <\/strong>C21H30O2<\/p>","protected":false},"featured_media":6452,"comment_status":"open","ping_status":"closed","template":"","meta":{"_joinchat":[]},"product_brand":[],"product_cat":[132],"product_tag":[],"class_list":{"0":"post-6431","1":"product","2":"type-product","3":"status-publish","4":"has-post-thumbnail","6":"product_cat-cannabinoiden","8":"first","9":"instock","10":"shipping-taxable","11":"purchasable","12":"product-type-variable"},"yoast_head":"<!-- This site is optimized with the Yoast SEO plugin v26.3 - https:\/\/yoast.com\/wordpress\/plugins\/seo\/ -->\n<title>CBD powder online kopen - CBD powder te koop | RC Kopen<\/title>\n<meta name=\"description\" content=\"Het is de beste tijd om onze online Rckopen-winkel te bezoeken en CBD powder online te kopen. Wij hebben hier CBD powder te koop. Ontmoet ons online en plaats vandaag nog uw bestelling.\" \/>\n<meta name=\"robots\" content=\"index, follow, max-snippet:-1, max-image-preview:large, max-video-preview:-1\" \/>\n<link rel=\"canonical\" href=\"https:\/\/rckopen.com\/pt\/produto\/po-de-cbd\/\" \/>\n<meta property=\"og:locale\" content=\"pt_PT\" \/>\n<meta property=\"og:type\" content=\"article\" \/>\n<meta property=\"og:title\" content=\"CBD powder online kopen - CBD powder te koop | RC Kopen\" \/>\n<meta property=\"og:description\" content=\"Het is de beste tijd om onze online Rckopen-winkel te bezoeken en CBD powder online te kopen. Wij hebben hier CBD powder te koop. Ontmoet ons online en plaats vandaag nog uw bestelling.\" \/>\n<meta property=\"og:url\" content=\"https:\/\/rckopen.com\/pt\/produto\/po-de-cbd\/\" \/>\n<meta property=\"og:site_name\" content=\"RC Kopen\" \/>\n<meta property=\"article:modified_time\" content=\"2025-02-05T10:40:22+00:00\" \/>\n<meta property=\"og:image\" content=\"https:\/\/rckopen.com\/wp-content\/uploads\/2023\/08\/CBD-powder-1.jpg\" \/>\n\t<meta property=\"og:image:width\" content=\"600\" \/>\n\t<meta property=\"og:image:height\" content=\"600\" \/>\n\t<meta property=\"og:image:type\" content=\"image\/jpeg\" \/>\n<meta name=\"twitter:card\" content=\"summary_large_image\" \/>\n<meta name=\"twitter:label1\" content=\"Tempo estimado de leitura\" \/>\n\t<meta name=\"twitter:data1\" content=\"2 minutos\" \/>\n<script type=\"application\/ld+json\" class=\"yoast-schema-graph\">{\"@context\":\"https:\/\/schema.org\",\"@graph\":[{\"@type\":\"WebPage\",\"@id\":\"https:\/\/rckopen.com\/product\/cbd-powder\/\",\"url\":\"https:\/\/rckopen.com\/product\/cbd-powder\/\",\"name\":\"CBD powder online kopen - CBD powder te koop | RC Kopen\",\"isPartOf\":{\"@id\":\"https:\/\/rckopen.com\/#website\"},\"primaryImageOfPage\":{\"@id\":\"https:\/\/rckopen.com\/product\/cbd-powder\/#primaryimage\"},\"image\":{\"@id\":\"https:\/\/rckopen.com\/product\/cbd-powder\/#primaryimage\"},\"thumbnailUrl\":\"https:\/\/rckopen.com\/wp-content\/uploads\/2023\/08\/CBD-powder-1.jpg\",\"datePublished\":\"2023-08-15T07:54:38+00:00\",\"dateModified\":\"2025-02-05T10:40:22+00:00\",\"description\":\"Het is de beste tijd om onze online Rckopen-winkel te bezoeken en CBD powder online te kopen. Wij hebben hier CBD powder te koop. Ontmoet ons online en plaats vandaag nog uw bestelling.\",\"breadcrumb\":{\"@id\":\"https:\/\/rckopen.com\/product\/cbd-powder\/#breadcrumb\"},\"inLanguage\":\"pt-PT\",\"potentialAction\":[{\"@type\":\"ReadAction\",\"target\":[\"https:\/\/rckopen.com\/product\/cbd-powder\/\"]}]},{\"@type\":\"ImageObject\",\"inLanguage\":\"pt-PT\",\"@id\":\"https:\/\/rckopen.com\/product\/cbd-powder\/#primaryimage\",\"url\":\"https:\/\/rckopen.com\/wp-content\/uploads\/2023\/08\/CBD-powder-1.jpg\",\"contentUrl\":\"https:\/\/rckopen.com\/wp-content\/uploads\/2023\/08\/CBD-powder-1.jpg\",\"width\":600,\"height\":600,\"caption\":\"CBD-powder online kopen\"},{\"@type\":\"BreadcrumbList\",\"@id\":\"https:\/\/rckopen.com\/product\/cbd-powder\/#breadcrumb\",\"itemListElement\":[{\"@type\":\"ListItem\",\"position\":1,\"name\":\"Home\",\"item\":\"https:\/\/rckopen.com\/\"},{\"@type\":\"ListItem\",\"position\":2,\"name\":\"Shop\",\"item\":\"https:\/\/rckopen.com\/shop\/\"},{\"@type\":\"ListItem\",\"position\":3,\"name\":\"CBD powder online kopen\"}]},{\"@type\":\"WebSite\",\"@id\":\"https:\/\/rckopen.com\/#website\",\"url\":\"https:\/\/rckopen.com\/\",\"name\":\"RC Kopen\",\"description\":\"Research Chemicals\",\"potentialAction\":[{\"@type\":\"SearchAction\",\"target\":{\"@type\":\"EntryPoint\",\"urlTemplate\":\"https:\/\/rckopen.com\/?s={search_term_string}\"},\"query-input\":{\"@type\":\"PropertyValueSpecification\",\"valueRequired\":true,\"valueName\":\"search_term_string\"}}],\"inLanguage\":\"pt-PT\"}]}<\/script>\n<!-- \/ Yoast SEO plugin. -->","yoast_head_json":{"title":"CBD powder online kopen - CBD powder te koop | RC Kopen","description":"Het is de beste tijd om onze online Rckopen-winkel te bezoeken en CBD powder online te kopen. Wij hebben hier CBD powder te koop. Ontmoet ons online en plaats vandaag nog uw bestelling.","robots":{"index":"index","follow":"follow","max-snippet":"max-snippet:-1","max-image-preview":"max-image-preview:large","max-video-preview":"max-video-preview:-1"},"canonical":"https:\/\/rckopen.com\/pt\/produto\/po-de-cbd\/","og_locale":"pt_PT","og_type":"article","og_title":"CBD powder online kopen - CBD powder te koop | RC Kopen","og_description":"Het is de beste tijd om onze online Rckopen-winkel te bezoeken en CBD powder online te kopen. Wij hebben hier CBD powder te koop. Ontmoet ons online en plaats vandaag nog uw bestelling.","og_url":"https:\/\/rckopen.com\/pt\/produto\/po-de-cbd\/","og_site_name":"RC Kopen","article_modified_time":"2025-02-05T10:40:22+00:00","og_image":[{"width":600,"height":600,"url":"https:\/\/rckopen.com\/wp-content\/uploads\/2023\/08\/CBD-powder-1.jpg","type":"image\/jpeg"}],"twitter_card":"summary_large_image","twitter_misc":{"Tempo estimado de leitura":"2 minutos"},"schema":{"@context":"https:\/\/schema.org","@graph":[{"@type":"WebPage","@id":"https:\/\/rckopen.com\/product\/cbd-powder\/","url":"https:\/\/rckopen.com\/product\/cbd-powder\/","name":"CBD powder online kopen - CBD powder te koop | RC Kopen","isPartOf":{"@id":"https:\/\/rckopen.com\/#website"},"primaryImageOfPage":{"@id":"https:\/\/rckopen.com\/product\/cbd-powder\/#primaryimage"},"image":{"@id":"https:\/\/rckopen.com\/product\/cbd-powder\/#primaryimage"},"thumbnailUrl":"https:\/\/rckopen.com\/wp-content\/uploads\/2023\/08\/CBD-powder-1.jpg","datePublished":"2023-08-15T07:54:38+00:00","dateModified":"2025-02-05T10:40:22+00:00","description":"Het is de beste tijd om onze online Rckopen-winkel te bezoeken en CBD powder online te kopen. Wij hebben hier CBD powder te koop. Ontmoet ons online en plaats vandaag nog uw bestelling.","breadcrumb":{"@id":"https:\/\/rckopen.com\/product\/cbd-powder\/#breadcrumb"},"inLanguage":"pt-PT","potentialAction":[{"@type":"ReadAction","target":["https:\/\/rckopen.com\/product\/cbd-powder\/"]}]},{"@type":"ImageObject","inLanguage":"pt-PT","@id":"https:\/\/rckopen.com\/product\/cbd-powder\/#primaryimage","url":"https:\/\/rckopen.com\/wp-content\/uploads\/2023\/08\/CBD-powder-1.jpg","contentUrl":"https:\/\/rckopen.com\/wp-content\/uploads\/2023\/08\/CBD-powder-1.jpg","width":600,"height":600,"caption":"CBD-powder online kopen"},{"@type":"BreadcrumbList","@id":"https:\/\/rckopen.com\/product\/cbd-powder\/#breadcrumb","itemListElement":[{"@type":"ListItem","position":1,"name":"Home","item":"https:\/\/rckopen.com\/"},{"@type":"ListItem","position":2,"name":"Shop","item":"https:\/\/rckopen.com\/shop\/"},{"@type":"ListItem","position":3,"name":"CBD powder online kopen"}]},{"@type":"WebSite","@id":"https:\/\/rckopen.com\/#website","url":"https:\/\/rckopen.com\/","name":"RC Kopen","description":"Research Chemicals","potentialAction":[{"@type":"SearchAction","target":{"@type":"EntryPoint","urlTemplate":"https:\/\/rckopen.com\/?s={search_term_string}"},"query-input":{"@type":"PropertyValueSpecification","valueRequired":true,"valueName":"search_term_string"}}],"inLanguage":"pt-PT"}]}},"_links":{"self":[{"href":"https:\/\/rckopen.com\/pt\/wp-json\/wp\/v2\/product\/6431","targetHints":{"allow":["GET"]}}],"collection":[{"href":"https:\/\/rckopen.com\/pt\/wp-json\/wp\/v2\/product"}],"about":[{"href":"https:\/\/rckopen.com\/pt\/wp-json\/wp\/v2\/types\/product"}],"replies":[{"embeddable":true,"href":"https:\/\/rckopen.com\/pt\/wp-json\/wp\/v2\/comments?post=6431"}],"wp:featuredmedia":[{"embeddable":true,"href":"https:\/\/rckopen.com\/pt\/wp-json\/wp\/v2\/media\/6452"}],"wp:attachment":[{"href":"https:\/\/rckopen.com\/pt\/wp-json\/wp\/v2\/media?parent=6431"}],"wp:term":[{"taxonomy":"product_brand","embeddable":true,"href":"https:\/\/rckopen.com\/pt\/wp-json\/wp\/v2\/product_brand?post=6431"},{"taxonomy":"product_cat","embeddable":true,"href":"https:\/\/rckopen.com\/pt\/wp-json\/wp\/v2\/product_cat?post=6431"},{"taxonomy":"product_tag","embeddable":true,"href":"https:\/\/rckopen.com\/pt\/wp-json\/wp\/v2\/product_tag?post=6431"}],"curies":[{"name":"wp","href":"https:\/\/api.w.org\/{rel}","templated":true}]}}