{"id":6432,"date":"2023-08-15T07:59:06","date_gmt":"2023-08-15T07:59:06","guid":{"rendered":"https:\/\/diligentplug.com\/chems\/?post_type=product&#038;p=6432"},"modified":"2025-02-03T05:23:51","modified_gmt":"2025-02-03T05:23:51","slug":"adb-butinaca","status":"publish","type":"product","link":"https:\/\/rckopen.com\/pt\/produto\/adb-butinaca\/","title":{"rendered":"comprar adb-butinaca online"},"content":{"rendered":"<h2>A rckopen.com oferece produtos que n\u00e3o se destinam ao consumo humano. O consumo deste produto (n\u00e3o intencional) pode ter consequ\u00eancias m\u00e9dicas graves.<\/h2>\n<h2>Algemene informatie ADB-BUTINACA online kopen<\/h2>\n<p><a href=\"https:\/\/rckopen.com\/pt\/produto\/adb-butinaca\/\">ADB-BINACA<\/a>\u00a0\u00e9 um produto qu\u00edmico de pesquisa planejador de canabinoides que foi encontrado como uma fixa\u00e7\u00e3o em alguns produtos sint\u00e9ticos de cannabis. A Pfizer o desenvolveu inicialmente como um analg\u00e9sico potencial e \u00e9 um agonista potente do receptor CB1 com um vi\u00e9s limitante (Ki) de 0,33 nM e um EC50 de 14,7 nM. ADB-BINACA. ADB-BUTINACA \u00e9 um potente canabinoide agonista \u00e0 base de indol e tamb\u00e9m \u00e9 um agonista intenso dos receptores CB1 e CB2.<\/p>\n<p>Este material de investiga\u00e7\u00e3o \u00e9 praticamente id\u00eantico a outros anabin\u00f3ides sint\u00e9ticos conhecidos, como o MDMB-BUTINACA. O produto qu\u00edmico de investiga\u00e7\u00e3o ADB-BUTINACA \u00e9 uma dedica\u00e7\u00e3o para fins de investiga\u00e7\u00e3o. O produto qu\u00edmico de investiga\u00e7\u00e3o ADB-BUTINACA \u00e9 um canabin\u00f3ide sint\u00e9tico.<br \/>\nComposi\u00e7\u00e3o qu\u00edmica <a href=\"https:\/\/en.wikipedia.org\/wiki\/ADB-BUTINACA\">ADB-BUTINACA<\/a><\/p>\n<p>O an\u00e1logo com uma substitui\u00e7\u00e3o 1-butil no anel indazol, em vez de 1-benzil, tamb\u00e9m foi vendido como um produto qu\u00edmico de investiga\u00e7\u00e3o sob o nome ADB-BINACA. No entanto, \u00e9 geralmente designado por ADB-BUTINACA para evitar desordens com o composto benz\u00edlico. \u00c9 um agonista CB1 relativamente intenso, com uma EC50 de 6,36 nM. A sua equa\u00e7\u00e3o \u00e9 C18H26N4O2. A sua massa molar \u00e9 330,432 g-mol-1.<\/p>\n<h3>Farmacologia ADB-BUTINACA<\/h3>\n<p>O ADB-BUTINACA \u00e9 um padr\u00e3o de refer\u00eancia perspicaz que \u00e9 essencialmente semelhante aos canabin\u00f3ides sint\u00e9ticos conhecidos. O ADB-BUTINACA \u00e9 controlado como um composto da Lista I. Este artigo destina-se \u00e0 investiga\u00e7\u00e3o e a aplica\u00e7\u00f5es mensur\u00e1veis. A ADB-BUTINACA tem sido associada a numerosos envenenamentos e mortes extremas.<\/p>\n<p>A compreens\u00e3o da farmacologia e do sistema de envenenamento \u00e9 fraca para o ADB-BUTINACA porque a informa\u00e7\u00e3o \u00e9 limitada.<\/p>\n<h3>Compre ADB-BUTINACA de alta qualidade online<\/h3>\n<p>Como comprar ADB-BUTINACA premium com seguran\u00e7a? <a href=\"https:\/\/rckopen.com\/pt\/\">RC Kopen<\/a> est\u00e1 comprometida com a satisfa\u00e7\u00e3o geral de seus clientes. V\u00e1rios estudos mostraram que os clientes de fato solicitam dados, n\u00e3o importa a frequ\u00eancia que esperem, antes de comprar compostos sint\u00e9ticos de pesquisa.<\/p>\n<p>Distribu\u00edmos todas as consequ\u00eancias laboratoriais de cada complexo de investiga\u00e7\u00e3o num documento pdf para garantir que os nossos CRs cumprem geralmente as confirma\u00e7\u00f5es de trabalho e s\u00e3o conhecidos e acess\u00edveis a todos. A explora\u00e7\u00e3o de compostos sint\u00e9ticos, incluindo a ADB-BUTINACA, \u00e9 tratada com a m\u00e1xima aten\u00e7\u00e3o. Transportados, armazenados e conservados em locais frescos e secos. Todos os artigos s\u00e3o objeto de testes pr\u00e9vios de qualidade, pureza e seguran\u00e7a.<\/p>\n<h3>ADB-BUTINACA testado em laborat\u00f3rio com resultados.<\/h3>\n<p>A RC Kopen est\u00e1 a fazer progressos no sentido da satisfa\u00e7\u00e3o global dos seus clientes. V\u00e1rios inqu\u00e9ritos demonstraram que os clientes solicitam tantos dados quanto o esperado antes de comprarem produtos qu\u00edmicos de investiga\u00e7\u00e3o sint\u00e9ticos. Al\u00e9m disso, publicamos todas as consequ\u00eancias laboratoriais de cada produto qu\u00edmico de investiga\u00e7\u00e3o num registo PDF.<\/p>\n<p>A nossa ADB-BUTINACA re\u00fane consistentemente os ingredientes activos e \u00e9 clara para todos verem. Distribu\u00edmos todas as sequ\u00eancias laboratoriais de cada produto qu\u00edmico de investiga\u00e7\u00e3o num documento PDF.<\/p>\n<h3>Encomenda segura na ADB-BUTINACA.<\/h3>\n<p>Os produtos qu\u00edmicos de investiga\u00e7\u00e3o da RC Kopen s\u00e3o de excelente qualidade e t\u00eam um pre\u00e7o justo. Por conseguinte, garantimos que, quando solicitar os seus produtos qu\u00edmicos de investiga\u00e7\u00e3o \u00e0 RC Kopen, entregaremos o seu pedido em sua casa de forma r\u00e1pida e segura, uma vez que as vendas de produtos qu\u00edmicos de investiga\u00e7\u00e3o est\u00e3o sempre dispon\u00edveis na RC Kopen.<\/p>\n<p>Solicitar compostos de investiga\u00e7\u00e3o sint\u00e9ticos com Bitcoin ou transfer\u00eancia banc\u00e1ria \u00e9 f\u00e1cil na RC Kopen.<\/p>\n<p>Enviamos o p\u00f3 para produtos qu\u00edmicos de investiga\u00e7\u00e3o no mesmo dia \u00fatil se o pagamento for recebido antes das 15:00 CEST.<\/p>\n<p>N\u00e3o entregamos artigos a pessoas com menos de 18 anos de idade!<\/p>\n<p>A venda de produtos qu\u00edmicos para investiga\u00e7\u00e3o destina-se apenas a fins de investiga\u00e7\u00e3o.<\/p>\n<h3>Expedi\u00e7\u00e3o discreta de produtos qu\u00edmicos para investiga\u00e7\u00e3o.<\/h3>\n<p>A RC Kopen embala a sua encomenda de forma segura e protegida para garantir um transporte correto. Al\u00e9m disso, embalamos de forma perfeitamente discreta, e nada \u00e9 mostrado no exterior do que poder\u00e1 estar no interior.<\/p>\n<p>Precau\u00e7\u00f5es<\/p>\n<p>Os RCs oferecidos na RC Kopen destinam-se a fins de investiga\u00e7\u00e3o; o consumo humano \u00e9 estritamente proibido.<\/p>\n<p>Adquira o equipamento de prote\u00e7\u00e3o individual adequado, como \u00f3culos de prote\u00e7\u00e3o e luvas. Limpe-os e cuide deles corretamente. Siga sistemas seguros ao manusear produtos qu\u00edmicos de investiga\u00e7\u00e3o e n\u00e3o tome atalhos.<\/p>\n<p>Se a subst\u00e2ncia em estudo entrar em contacto com os olhos, enxaguar bem e retirar as lentes de contacto, se necess\u00e1rio.<\/p>\n<p>Ao utilizar estes produtos qu\u00edmicos, tente usar uma m\u00e1scara para que n\u00e3o entrem em contacto consigo enquanto respira.<\/p>\n<p>Tal como os m\u00e9todos suportados indicam, manusear, armazenar e eliminar as subst\u00e2ncias perigosas de forma segura. Nunca as deitar nos esgotos ou canais.<\/p>\n<p>Armazenar corretamente os produtos qu\u00edmicos de investiga\u00e7\u00e3o, tal como indicado pelo seu nome. Os produtos qu\u00edmicos inflam\u00e1veis devem ser armazenados num local excelente e seco, longe da intensidade e da luz do dia. Alguns pl\u00e1sticos, como os \u00e1cidos, devem ser armazenados de forma aut\u00f3noma.<\/p>","protected":false},"excerpt":{"rendered":"<p><strong>Nome IUPAC: <\/strong>N-(1-amino-3,3-dimethyl-1-oxobutan-2-yl)-1-butyl-1H-indazole-3-carboxamide<\/p>\n<p><strong>CAS # <\/strong>2682867-55-4<\/p>\n<p><strong>An\u00e1lise NMR: <\/strong>C18H26N4O2<\/p>","protected":false},"featured_media":6453,"comment_status":"open","ping_status":"closed","template":"","meta":{"_joinchat":[]},"product_brand":[],"product_cat":[132],"product_tag":[],"class_list":{"0":"post-6432","1":"product","2":"type-product","3":"status-publish","4":"has-post-thumbnail","6":"product_cat-cannabinoiden","8":"first","9":"instock","10":"shipping-taxable","11":"purchasable","12":"product-type-variable"},"yoast_head":"<!-- This site is optimized with the Yoast SEO plugin v26.3 - https:\/\/yoast.com\/wordpress\/plugins\/seo\/ -->\n<title>ADB-BUTINACA online kopen - ADB-BUTINACA online te koop<\/title>\n<meta name=\"description\" content=\"Als je gepassioneerd bent door ADB-BUTINACA, dan is onze winkel de beste plek om ADB-BUTINACA online te kopen. U kunt ADB-BUTINACA te koop hebben tegen de laagste prijs. Bestel nu en ontvang hem binnenkort!\" \/>\n<meta name=\"robots\" content=\"index, follow, max-snippet:-1, max-image-preview:large, max-video-preview:-1\" \/>\n<link rel=\"canonical\" href=\"https:\/\/rckopen.com\/pt\/produto\/adb-butinaca\/\" \/>\n<meta property=\"og:locale\" content=\"pt_PT\" \/>\n<meta property=\"og:type\" content=\"article\" \/>\n<meta property=\"og:title\" content=\"ADB-BUTINACA online kopen - ADB-BUTINACA online te koop\" \/>\n<meta property=\"og:description\" content=\"Als je gepassioneerd bent door ADB-BUTINACA, dan is onze winkel de beste plek om ADB-BUTINACA online te kopen. U kunt ADB-BUTINACA te koop hebben tegen de laagste prijs. Bestel nu en ontvang hem binnenkort!\" \/>\n<meta property=\"og:url\" content=\"https:\/\/rckopen.com\/pt\/produto\/adb-butinaca\/\" \/>\n<meta property=\"og:site_name\" content=\"RC Kopen\" \/>\n<meta property=\"article:modified_time\" content=\"2025-02-03T05:23:51+00:00\" \/>\n<meta property=\"og:image\" content=\"https:\/\/rckopen.com\/wp-content\/uploads\/2023\/08\/adb-butinaca.jpg\" \/>\n\t<meta property=\"og:image:width\" content=\"600\" \/>\n\t<meta property=\"og:image:height\" content=\"600\" \/>\n\t<meta property=\"og:image:type\" content=\"image\/jpeg\" \/>\n<meta name=\"twitter:card\" content=\"summary_large_image\" \/>\n<meta name=\"twitter:label1\" content=\"Tempo estimado de leitura\" \/>\n\t<meta name=\"twitter:data1\" content=\"4 minutos\" \/>\n<script type=\"application\/ld+json\" class=\"yoast-schema-graph\">{\"@context\":\"https:\/\/schema.org\",\"@graph\":[{\"@type\":\"WebPage\",\"@id\":\"https:\/\/rckopen.com\/product\/adb-butinaca\/\",\"url\":\"https:\/\/rckopen.com\/product\/adb-butinaca\/\",\"name\":\"ADB-BUTINACA online kopen - ADB-BUTINACA online te koop\",\"isPartOf\":{\"@id\":\"https:\/\/rckopen.com\/#website\"},\"primaryImageOfPage\":{\"@id\":\"https:\/\/rckopen.com\/product\/adb-butinaca\/#primaryimage\"},\"image\":{\"@id\":\"https:\/\/rckopen.com\/product\/adb-butinaca\/#primaryimage\"},\"thumbnailUrl\":\"https:\/\/rckopen.com\/wp-content\/uploads\/2023\/08\/adb-butinaca.jpg\",\"datePublished\":\"2023-08-15T07:59:06+00:00\",\"dateModified\":\"2025-02-03T05:23:51+00:00\",\"description\":\"Als je gepassioneerd bent door ADB-BUTINACA, dan is onze winkel de beste plek om ADB-BUTINACA online te kopen. U kunt ADB-BUTINACA te koop hebben tegen de laagste prijs. Bestel nu en ontvang hem binnenkort!\",\"breadcrumb\":{\"@id\":\"https:\/\/rckopen.com\/product\/adb-butinaca\/#breadcrumb\"},\"inLanguage\":\"pt-PT\",\"potentialAction\":[{\"@type\":\"ReadAction\",\"target\":[\"https:\/\/rckopen.com\/product\/adb-butinaca\/\"]}]},{\"@type\":\"ImageObject\",\"inLanguage\":\"pt-PT\",\"@id\":\"https:\/\/rckopen.com\/product\/adb-butinaca\/#primaryimage\",\"url\":\"https:\/\/rckopen.com\/wp-content\/uploads\/2023\/08\/adb-butinaca.jpg\",\"contentUrl\":\"https:\/\/rckopen.com\/wp-content\/uploads\/2023\/08\/adb-butinaca.jpg\",\"width\":600,\"height\":600,\"caption\":\"adb-butinaca online kopen\"},{\"@type\":\"BreadcrumbList\",\"@id\":\"https:\/\/rckopen.com\/product\/adb-butinaca\/#breadcrumb\",\"itemListElement\":[{\"@type\":\"ListItem\",\"position\":1,\"name\":\"Home\",\"item\":\"https:\/\/rckopen.com\/\"},{\"@type\":\"ListItem\",\"position\":2,\"name\":\"Shop\",\"item\":\"https:\/\/rckopen.com\/shop\/\"},{\"@type\":\"ListItem\",\"position\":3,\"name\":\"adb-butinaca online kopen\"}]},{\"@type\":\"WebSite\",\"@id\":\"https:\/\/rckopen.com\/#website\",\"url\":\"https:\/\/rckopen.com\/\",\"name\":\"RC Kopen\",\"description\":\"Research Chemicals\",\"potentialAction\":[{\"@type\":\"SearchAction\",\"target\":{\"@type\":\"EntryPoint\",\"urlTemplate\":\"https:\/\/rckopen.com\/?s={search_term_string}\"},\"query-input\":{\"@type\":\"PropertyValueSpecification\",\"valueRequired\":true,\"valueName\":\"search_term_string\"}}],\"inLanguage\":\"pt-PT\"}]}<\/script>\n<!-- \/ Yoast SEO plugin. -->","yoast_head_json":{"title":"ADB-BUTINACA online kopen - ADB-BUTINACA online te koop","description":"Als je gepassioneerd bent door ADB-BUTINACA, dan is onze winkel de beste plek om ADB-BUTINACA online te kopen. U kunt ADB-BUTINACA te koop hebben tegen de laagste prijs. Bestel nu en ontvang hem binnenkort!","robots":{"index":"index","follow":"follow","max-snippet":"max-snippet:-1","max-image-preview":"max-image-preview:large","max-video-preview":"max-video-preview:-1"},"canonical":"https:\/\/rckopen.com\/pt\/produto\/adb-butinaca\/","og_locale":"pt_PT","og_type":"article","og_title":"ADB-BUTINACA online kopen - ADB-BUTINACA online te koop","og_description":"Als je gepassioneerd bent door ADB-BUTINACA, dan is onze winkel de beste plek om ADB-BUTINACA online te kopen. U kunt ADB-BUTINACA te koop hebben tegen de laagste prijs. Bestel nu en ontvang hem binnenkort!","og_url":"https:\/\/rckopen.com\/pt\/produto\/adb-butinaca\/","og_site_name":"RC Kopen","article_modified_time":"2025-02-03T05:23:51+00:00","og_image":[{"width":600,"height":600,"url":"https:\/\/rckopen.com\/wp-content\/uploads\/2023\/08\/adb-butinaca.jpg","type":"image\/jpeg"}],"twitter_card":"summary_large_image","twitter_misc":{"Tempo estimado de leitura":"4 minutos"},"schema":{"@context":"https:\/\/schema.org","@graph":[{"@type":"WebPage","@id":"https:\/\/rckopen.com\/product\/adb-butinaca\/","url":"https:\/\/rckopen.com\/product\/adb-butinaca\/","name":"ADB-BUTINACA online kopen - ADB-BUTINACA online te koop","isPartOf":{"@id":"https:\/\/rckopen.com\/#website"},"primaryImageOfPage":{"@id":"https:\/\/rckopen.com\/product\/adb-butinaca\/#primaryimage"},"image":{"@id":"https:\/\/rckopen.com\/product\/adb-butinaca\/#primaryimage"},"thumbnailUrl":"https:\/\/rckopen.com\/wp-content\/uploads\/2023\/08\/adb-butinaca.jpg","datePublished":"2023-08-15T07:59:06+00:00","dateModified":"2025-02-03T05:23:51+00:00","description":"Als je gepassioneerd bent door ADB-BUTINACA, dan is onze winkel de beste plek om ADB-BUTINACA online te kopen. U kunt ADB-BUTINACA te koop hebben tegen de laagste prijs. Bestel nu en ontvang hem binnenkort!","breadcrumb":{"@id":"https:\/\/rckopen.com\/product\/adb-butinaca\/#breadcrumb"},"inLanguage":"pt-PT","potentialAction":[{"@type":"ReadAction","target":["https:\/\/rckopen.com\/product\/adb-butinaca\/"]}]},{"@type":"ImageObject","inLanguage":"pt-PT","@id":"https:\/\/rckopen.com\/product\/adb-butinaca\/#primaryimage","url":"https:\/\/rckopen.com\/wp-content\/uploads\/2023\/08\/adb-butinaca.jpg","contentUrl":"https:\/\/rckopen.com\/wp-content\/uploads\/2023\/08\/adb-butinaca.jpg","width":600,"height":600,"caption":"adb-butinaca online kopen"},{"@type":"BreadcrumbList","@id":"https:\/\/rckopen.com\/product\/adb-butinaca\/#breadcrumb","itemListElement":[{"@type":"ListItem","position":1,"name":"Home","item":"https:\/\/rckopen.com\/"},{"@type":"ListItem","position":2,"name":"Shop","item":"https:\/\/rckopen.com\/shop\/"},{"@type":"ListItem","position":3,"name":"adb-butinaca online kopen"}]},{"@type":"WebSite","@id":"https:\/\/rckopen.com\/#website","url":"https:\/\/rckopen.com\/","name":"RC Kopen","description":"Research Chemicals","potentialAction":[{"@type":"SearchAction","target":{"@type":"EntryPoint","urlTemplate":"https:\/\/rckopen.com\/?s={search_term_string}"},"query-input":{"@type":"PropertyValueSpecification","valueRequired":true,"valueName":"search_term_string"}}],"inLanguage":"pt-PT"}]}},"_links":{"self":[{"href":"https:\/\/rckopen.com\/pt\/wp-json\/wp\/v2\/product\/6432","targetHints":{"allow":["GET"]}}],"collection":[{"href":"https:\/\/rckopen.com\/pt\/wp-json\/wp\/v2\/product"}],"about":[{"href":"https:\/\/rckopen.com\/pt\/wp-json\/wp\/v2\/types\/product"}],"replies":[{"embeddable":true,"href":"https:\/\/rckopen.com\/pt\/wp-json\/wp\/v2\/comments?post=6432"}],"wp:featuredmedia":[{"embeddable":true,"href":"https:\/\/rckopen.com\/pt\/wp-json\/wp\/v2\/media\/6453"}],"wp:attachment":[{"href":"https:\/\/rckopen.com\/pt\/wp-json\/wp\/v2\/media?parent=6432"}],"wp:term":[{"taxonomy":"product_brand","embeddable":true,"href":"https:\/\/rckopen.com\/pt\/wp-json\/wp\/v2\/product_brand?post=6432"},{"taxonomy":"product_cat","embeddable":true,"href":"https:\/\/rckopen.com\/pt\/wp-json\/wp\/v2\/product_cat?post=6432"},{"taxonomy":"product_tag","embeddable":true,"href":"https:\/\/rckopen.com\/pt\/wp-json\/wp\/v2\/product_tag?post=6432"}],"curies":[{"name":"wp","href":"https:\/\/api.w.org\/{rel}","templated":true}]}}