{"id":6433,"date":"2023-08-15T08:01:55","date_gmt":"2023-08-15T08:01:55","guid":{"rendered":"https:\/\/diligentplug.com\/chems\/?post_type=product&#038;p=6433"},"modified":"2025-01-31T08:49:19","modified_gmt":"2025-01-31T08:49:19","slug":"4f-abinaca","status":"publish","type":"product","link":"https:\/\/rckopen.com\/pt\/produto\/4f-abinaca\/","title":{"rendered":"Compre 4F-ABINACA Online"},"content":{"rendered":"<h2><strong><span data-contrast=\"auto\">Was ist 4F-ADB Pulver Online Kopen?<\/span><\/strong><\/h2>\n<p><a href=\"https:\/\/rckopen.com\/pt\/produto\/4f-abinaca\/\">4F-MDMB-BINACA<\/a> (tamb\u00e9m conhecido como 4F-MDMB-BUTINACA ou 4F-ADB) \u00e9 um canabinoide sint\u00e9tico \u00e0 base de indazol da fam\u00edlia indazol-3-carboxamida. \u00c9 usado como ingrediente ativo em produtos sint\u00e9ticos de cannabis e vendido como uma droga sint\u00e9tica. Compre 4F-Abinaca.<\/p>\n<p>Isso ocorre porque esse produto qu\u00edmico \u00e9 muito forte. Siga cuidadosamente as regras de seguran\u00e7a para evitar experimenta\u00e7\u00e3o excessiva. <a href=\"https:\/\/rckopen.com\/pt\/\">RCKOpen.com<\/a><\/p>\n<h1>Comprar 4F-ADB<\/h1>\n<p>A RC KOPEN vende 4F-ADB da melhor qualidade. O <a href=\"https:\/\/en.wikipedia.org\/wiki\/4F-MDMB-BINACA\">4F-ADB<\/a> que oferecemos \u00e9 fornecido em p\u00f3. Voc\u00ea deve ter pelo menos 18 anos para comprar 4F-ADB de n\u00f3s<a href=\"https:\/\/rckopen.com\/pt\/categoria-do-produto-2\/canabinoides-2\/\">.<\/a><\/p>\n<h2>O estatuto jur\u00eddico do 4F-ADB<\/h2>\n<p>O 4F-ADB \u00e9 atualmente desconhecido em muitos pa\u00edses e, por conseguinte, legal em muitos locais. No entanto, pode ser considerado um an\u00e1logo do 5F-ADB, o que pode torn\u00e1-lo ilegal em pa\u00edses com leis rigorosas em mat\u00e9ria de an\u00e1logos, como os Estados Unidos Comprar 4F-Abinaca.<\/p>\n<p>A rckopen.com oferece produtos que n\u00e3o se destinam ao consumo humano. O consumo deste produto (n\u00e3o intencional) pode ter consequ\u00eancias m\u00e9dicas graves.<\/p>","protected":false},"excerpt":{"rendered":"<p><strong>Nome IUPAC: <\/strong>N-(1-adamantil)-1-(4-fluorobutil)indazole-3-carboxamida<\/p>\n<p><strong>Apar\u00eancia: <\/strong>p\u00f3<\/p>\n<p><strong>An\u00e1lise NMR: <\/strong>C22H28FN3O<\/p>","protected":false},"featured_media":6454,"comment_status":"open","ping_status":"closed","template":"","meta":{"_joinchat":[]},"product_brand":[],"product_cat":[132],"product_tag":[],"class_list":{"0":"post-6433","1":"product","2":"type-product","3":"status-publish","4":"has-post-thumbnail","6":"product_cat-cannabinoiden","8":"first","9":"instock","10":"shipping-taxable","11":"purchasable","12":"product-type-variable"},"yoast_head":"<!-- This site is optimized with the Yoast SEO plugin v26.3 - https:\/\/yoast.com\/wordpress\/plugins\/seo\/ -->\n<title>4F-Abinaca online kopen - 4F-Abinaca te koop | RC Kopen<\/title>\n<meta name=\"description\" content=\"U kunt 4F-Abinaca te koop krijgen in onze winkel en zonder problemen bij u thuis krijgen. Wij helpen u om 4F-Abinaca online kopen. Bestel nu!\" \/>\n<meta name=\"robots\" content=\"index, follow, max-snippet:-1, max-image-preview:large, max-video-preview:-1\" \/>\n<link rel=\"canonical\" href=\"https:\/\/rckopen.com\/pt\/produto\/4f-abinaca\/\" \/>\n<meta property=\"og:locale\" content=\"pt_PT\" \/>\n<meta property=\"og:type\" content=\"article\" \/>\n<meta property=\"og:title\" content=\"4F-Abinaca online kopen - 4F-Abinaca te koop | RC Kopen\" \/>\n<meta property=\"og:description\" content=\"U kunt 4F-Abinaca te koop krijgen in onze winkel en zonder problemen bij u thuis krijgen. Wij helpen u om 4F-Abinaca online kopen. Bestel nu!\" \/>\n<meta property=\"og:url\" content=\"https:\/\/rckopen.com\/pt\/produto\/4f-abinaca\/\" \/>\n<meta property=\"og:site_name\" content=\"RC Kopen\" \/>\n<meta property=\"article:modified_time\" content=\"2025-01-31T08:49:19+00:00\" \/>\n<meta property=\"og:image\" content=\"https:\/\/rckopen.com\/wp-content\/uploads\/2023\/08\/4F-ABINACA.jpg\" \/>\n\t<meta property=\"og:image:width\" content=\"600\" \/>\n\t<meta property=\"og:image:height\" content=\"600\" \/>\n\t<meta property=\"og:image:type\" content=\"image\/jpeg\" \/>\n<meta name=\"twitter:card\" content=\"summary_large_image\" \/>\n<meta name=\"twitter:label1\" content=\"Tempo estimado de leitura\" \/>\n\t<meta name=\"twitter:data1\" content=\"1 minuto\" \/>\n<script type=\"application\/ld+json\" class=\"yoast-schema-graph\">{\"@context\":\"https:\/\/schema.org\",\"@graph\":[{\"@type\":\"WebPage\",\"@id\":\"https:\/\/rckopen.com\/product\/4f-abinaca\/\",\"url\":\"https:\/\/rckopen.com\/product\/4f-abinaca\/\",\"name\":\"4F-Abinaca online kopen - 4F-Abinaca te koop | RC Kopen\",\"isPartOf\":{\"@id\":\"https:\/\/rckopen.com\/#website\"},\"primaryImageOfPage\":{\"@id\":\"https:\/\/rckopen.com\/product\/4f-abinaca\/#primaryimage\"},\"image\":{\"@id\":\"https:\/\/rckopen.com\/product\/4f-abinaca\/#primaryimage\"},\"thumbnailUrl\":\"https:\/\/rckopen.com\/wp-content\/uploads\/2023\/08\/4F-ABINACA.jpg\",\"datePublished\":\"2023-08-15T08:01:55+00:00\",\"dateModified\":\"2025-01-31T08:49:19+00:00\",\"description\":\"U kunt 4F-Abinaca te koop krijgen in onze winkel en zonder problemen bij u thuis krijgen. Wij helpen u om 4F-Abinaca online kopen. Bestel nu!\",\"breadcrumb\":{\"@id\":\"https:\/\/rckopen.com\/product\/4f-abinaca\/#breadcrumb\"},\"inLanguage\":\"pt-PT\",\"potentialAction\":[{\"@type\":\"ReadAction\",\"target\":[\"https:\/\/rckopen.com\/product\/4f-abinaca\/\"]}]},{\"@type\":\"ImageObject\",\"inLanguage\":\"pt-PT\",\"@id\":\"https:\/\/rckopen.com\/product\/4f-abinaca\/#primaryimage\",\"url\":\"https:\/\/rckopen.com\/wp-content\/uploads\/2023\/08\/4F-ABINACA.jpg\",\"contentUrl\":\"https:\/\/rckopen.com\/wp-content\/uploads\/2023\/08\/4F-ABINACA.jpg\",\"width\":600,\"height\":600,\"caption\":\"4F-ABINACA Online Kopen\"},{\"@type\":\"BreadcrumbList\",\"@id\":\"https:\/\/rckopen.com\/product\/4f-abinaca\/#breadcrumb\",\"itemListElement\":[{\"@type\":\"ListItem\",\"position\":1,\"name\":\"Home\",\"item\":\"https:\/\/rckopen.com\/\"},{\"@type\":\"ListItem\",\"position\":2,\"name\":\"Shop\",\"item\":\"https:\/\/rckopen.com\/shop\/\"},{\"@type\":\"ListItem\",\"position\":3,\"name\":\"4F-ABINACA Online Kopen\"}]},{\"@type\":\"WebSite\",\"@id\":\"https:\/\/rckopen.com\/#website\",\"url\":\"https:\/\/rckopen.com\/\",\"name\":\"RC Kopen\",\"description\":\"Research Chemicals\",\"potentialAction\":[{\"@type\":\"SearchAction\",\"target\":{\"@type\":\"EntryPoint\",\"urlTemplate\":\"https:\/\/rckopen.com\/?s={search_term_string}\"},\"query-input\":{\"@type\":\"PropertyValueSpecification\",\"valueRequired\":true,\"valueName\":\"search_term_string\"}}],\"inLanguage\":\"pt-PT\"}]}<\/script>\n<!-- \/ Yoast SEO plugin. -->","yoast_head_json":{"title":"4F-Abinaca online kopen - 4F-Abinaca te koop | RC Kopen","description":"U kunt 4F-Abinaca te koop krijgen in onze winkel en zonder problemen bij u thuis krijgen. Wij helpen u om 4F-Abinaca online kopen. Bestel nu!","robots":{"index":"index","follow":"follow","max-snippet":"max-snippet:-1","max-image-preview":"max-image-preview:large","max-video-preview":"max-video-preview:-1"},"canonical":"https:\/\/rckopen.com\/pt\/produto\/4f-abinaca\/","og_locale":"pt_PT","og_type":"article","og_title":"4F-Abinaca online kopen - 4F-Abinaca te koop | RC Kopen","og_description":"U kunt 4F-Abinaca te koop krijgen in onze winkel en zonder problemen bij u thuis krijgen. Wij helpen u om 4F-Abinaca online kopen. Bestel nu!","og_url":"https:\/\/rckopen.com\/pt\/produto\/4f-abinaca\/","og_site_name":"RC Kopen","article_modified_time":"2025-01-31T08:49:19+00:00","og_image":[{"width":600,"height":600,"url":"https:\/\/rckopen.com\/wp-content\/uploads\/2023\/08\/4F-ABINACA.jpg","type":"image\/jpeg"}],"twitter_card":"summary_large_image","twitter_misc":{"Tempo estimado de leitura":"1 minuto"},"schema":{"@context":"https:\/\/schema.org","@graph":[{"@type":"WebPage","@id":"https:\/\/rckopen.com\/product\/4f-abinaca\/","url":"https:\/\/rckopen.com\/product\/4f-abinaca\/","name":"4F-Abinaca online kopen - 4F-Abinaca te koop | RC Kopen","isPartOf":{"@id":"https:\/\/rckopen.com\/#website"},"primaryImageOfPage":{"@id":"https:\/\/rckopen.com\/product\/4f-abinaca\/#primaryimage"},"image":{"@id":"https:\/\/rckopen.com\/product\/4f-abinaca\/#primaryimage"},"thumbnailUrl":"https:\/\/rckopen.com\/wp-content\/uploads\/2023\/08\/4F-ABINACA.jpg","datePublished":"2023-08-15T08:01:55+00:00","dateModified":"2025-01-31T08:49:19+00:00","description":"U kunt 4F-Abinaca te koop krijgen in onze winkel en zonder problemen bij u thuis krijgen. Wij helpen u om 4F-Abinaca online kopen. Bestel nu!","breadcrumb":{"@id":"https:\/\/rckopen.com\/product\/4f-abinaca\/#breadcrumb"},"inLanguage":"pt-PT","potentialAction":[{"@type":"ReadAction","target":["https:\/\/rckopen.com\/product\/4f-abinaca\/"]}]},{"@type":"ImageObject","inLanguage":"pt-PT","@id":"https:\/\/rckopen.com\/product\/4f-abinaca\/#primaryimage","url":"https:\/\/rckopen.com\/wp-content\/uploads\/2023\/08\/4F-ABINACA.jpg","contentUrl":"https:\/\/rckopen.com\/wp-content\/uploads\/2023\/08\/4F-ABINACA.jpg","width":600,"height":600,"caption":"4F-ABINACA Online Kopen"},{"@type":"BreadcrumbList","@id":"https:\/\/rckopen.com\/product\/4f-abinaca\/#breadcrumb","itemListElement":[{"@type":"ListItem","position":1,"name":"Home","item":"https:\/\/rckopen.com\/"},{"@type":"ListItem","position":2,"name":"Shop","item":"https:\/\/rckopen.com\/shop\/"},{"@type":"ListItem","position":3,"name":"4F-ABINACA Online Kopen"}]},{"@type":"WebSite","@id":"https:\/\/rckopen.com\/#website","url":"https:\/\/rckopen.com\/","name":"RC Kopen","description":"Research Chemicals","potentialAction":[{"@type":"SearchAction","target":{"@type":"EntryPoint","urlTemplate":"https:\/\/rckopen.com\/?s={search_term_string}"},"query-input":{"@type":"PropertyValueSpecification","valueRequired":true,"valueName":"search_term_string"}}],"inLanguage":"pt-PT"}]}},"_links":{"self":[{"href":"https:\/\/rckopen.com\/pt\/wp-json\/wp\/v2\/product\/6433","targetHints":{"allow":["GET"]}}],"collection":[{"href":"https:\/\/rckopen.com\/pt\/wp-json\/wp\/v2\/product"}],"about":[{"href":"https:\/\/rckopen.com\/pt\/wp-json\/wp\/v2\/types\/product"}],"replies":[{"embeddable":true,"href":"https:\/\/rckopen.com\/pt\/wp-json\/wp\/v2\/comments?post=6433"}],"wp:featuredmedia":[{"embeddable":true,"href":"https:\/\/rckopen.com\/pt\/wp-json\/wp\/v2\/media\/6454"}],"wp:attachment":[{"href":"https:\/\/rckopen.com\/pt\/wp-json\/wp\/v2\/media?parent=6433"}],"wp:term":[{"taxonomy":"product_brand","embeddable":true,"href":"https:\/\/rckopen.com\/pt\/wp-json\/wp\/v2\/product_brand?post=6433"},{"taxonomy":"product_cat","embeddable":true,"href":"https:\/\/rckopen.com\/pt\/wp-json\/wp\/v2\/product_cat?post=6433"},{"taxonomy":"product_tag","embeddable":true,"href":"https:\/\/rckopen.com\/pt\/wp-json\/wp\/v2\/product_tag?post=6433"}],"curies":[{"name":"wp","href":"https:\/\/api.w.org\/{rel}","templated":true}]}}