{"id":6434,"date":"2023-08-15T08:05:17","date_gmt":"2023-08-15T08:05:17","guid":{"rendered":"https:\/\/diligentplug.com\/chems\/?post_type=product&#038;p=6434"},"modified":"2025-02-04T04:28:05","modified_gmt":"2025-02-04T04:28:05","slug":"mdphp-hcl","status":"publish","type":"product","link":"https:\/\/rckopen.com\/pt\/produto\/mdphp-hcl\/","title":{"rendered":"Compre MDPHP HCL online"},"content":{"rendered":"<h2>Compre MDPHP HCL online<\/h2>\n<p><a href=\"https:\/\/rckopen.com\/pt\/produto\/mdphp-hcl\/\">Compre MDPHP HCL online<\/a>MDPHP \u00e9 um produto qu\u00edmico da classe das catinonas. Outros produtos da classe das catihinonas incluem 3-CMC e 4-EMC.Vendemos essa subst\u00e2ncia como base livre e como HCL, ambos por 1 g por item. Al\u00e9m disso, vendemos MDPHP como pellet, 10x 25mg por item. Este produto \u00e9 destinado apenas para fins de pesquisa e n\u00e3o se destina expressamente ao consumo. Portanto, mantenha-o fora do alcance de crian\u00e7as e animais de estima\u00e7\u00e3o e leia as instru\u00e7\u00f5es de seguran\u00e7a em nosso site antes de usar<a href=\"https:\/\/rckopen.com\/pt\/categoria-do-produto-2\/kratom\/\">.<\/a><\/p>\n<h2>MDPHP HCL e respectiva embalagem<\/h2>\n<p>O MDPHP \u00e9 embalado em sacos de cor e conte\u00fado diferentes:<br \/>\nPrata = 1 item, Ouro = 2 itens, Roxo = 5 itens, Azul = 10 itens, Preto = 25 itens<\/p>\n<p>Entregamos os nossos produtos apenas nos Pa\u00edses Baixos.<\/p>\n<p>Leia o folheto aqui.<br \/>\nLer o V.I.B. aqui<\/p>\n<p>CAS: 24622-61-5<\/p>\n<p>MDPHP (3\u2032,4\u2032-Metilenodioxi-\u03b1-pirrolidinohexiofenona)<\/p>\n<div id=\"enhancedtextwidget-500\" class=\"widget-2 widget widget_text enhanced-text-widget widget-shortcode area-arbitrary\">\n<div class=\"textwidget widget-text\"><strong>Envio*<\/strong><br \/>\nPe\u00e7a durante a semana antes das 17h com correio postal ou 19h30 com correio de encomendas, e n\u00f3s enviaremos no mesmo dia. Compre MDPHP HCL! Pe\u00e7a no s\u00e1bado antes das 12h com correio de encomendas e receba seu pedido (quase sempre) na segunda-feira!<\/p>\n<h2><strong>Precau\u00e7\u00f5es<\/strong><\/h2>\n<p>Recomenda-se o uso de luvas, \u00f3culos de seguran\u00e7a e respirador ao manusear <a href=\"https:\/\/en.wikipedia.org\/wiki\/MDPHP\">MDPHP<\/a>- p\u00f3 no laborat\u00f3rio porque \u00e9 um p\u00f3 fino que pode facilmente entrar no trato respirat\u00f3rio e ser inalado acidentalmente.<\/p>\n<p>Em caso de exposi\u00e7\u00e3o acidental, recomenda-se que o r\u00f3tulo do produto (com informa\u00e7\u00f5es IUPAC e CAS) seja disponibilizado aos profissionais de sa\u00fade.<\/p>\n<p>O contacto n\u00e3o intencional com os olhos deve ser tratado imediatamente, lavando-os cuidadosamente com \u00e1gua depois de retirar as lentes de contacto.<\/p>\n<h2><strong>Waar ik MDPHP online kopen?<\/strong><\/h2>\n<p>Na legitchemicals, temos o orgulho de oferecer a mais alta qualidade de MDPHP para venda. rckopen \u00e9 o principal destino para quem quer comprar MDPHP. Efectuamos rigorosos testes GC MS antes de colocarmos a nossa gama \u00e0 venda.<\/p>\n<p>Por favor, note que voc\u00ea deve ter pelo menos 18 anos de idade para comprar MDPHP online da legitchemicals. Todos os produtos qu\u00edmicos de pesquisa vendidos s\u00e3o apenas para uso em pesquisa de laborat\u00f3rio e n\u00e3o se destinam ao consumo humano.\u00a0<strong>O MDPHP \u00e9 legal?<\/strong><strong><br \/>\n<\/strong><\/p>\n<p>No que diz respeito \u00e0 legalidade do MDPHP, recomendamos vivamente que obtenha informa\u00e7\u00f5es sobre a situa\u00e7\u00e3o legal relevante no pa\u00eds onde vive\/transporta. Fazemos todos os esfor\u00e7os para minimizar o risco para os nossos clientes devido \u00e0s nossas restri\u00e7\u00f5es de fornecimento ativo.<\/p>\n<p>No entanto, as leis est\u00e3o constantemente a mudar em todo o mundo e a legitchemicals n\u00e3o pode aceitar a responsabilidade se surgirem complica\u00e7\u00f5es. Em \u00faltima an\u00e1lise, \u00e9 da responsabilidade do comprador garantir que o produto n\u00e3o viola as leis ou a jurisdi\u00e7\u00e3o do destino de envio.<\/p>\n<\/div>\n<\/div>\n<p><a href=\"https:\/\/rckopen.com\/pt\/\">RCKopen<\/a> oferece produtos que n\u00e3o s\u00e3o destinados ao consumo humano. Se voc\u00ea consumir este produto (n\u00e3o intencionalmente), poder\u00e1 ter consequ\u00eancias m\u00e9dicas graves<a href=\"https:\/\/chemswell.com\/product-category\/psychedelic-drug\/\">.<\/a><\/p>","protected":false},"excerpt":{"rendered":"<p><strong>Nome IUPAC:<\/strong> 1-(1,3-benzodioxol-5-il)-2-pirrolidina-1-il-hexano-1-ona; cloridrato<\/p>\n<p><strong>CAS #<\/strong> 24622-61-5<\/p>\n<p><strong>Apar\u00eancia:<\/strong> p\u00f3<\/p>\n<p><strong>Forma:<\/strong> HCL<\/p>\n<p><strong>An\u00e1lise NMR:<\/strong> C17H24ClNO3<\/p>\n<p>Entrega super r\u00e1pida e discreta do melhor MDPHP Freebase (0,5gr).<\/p>\n<p><strong>As encomendas efectuadas em dias \u00fateis antes das 19h30 s\u00e3o enviadas no mesmo dia!<\/strong><\/p>\n<p><b>Aviso:<\/b><b>\u00a0N\u00e3o vendemos a pessoas com menos de 21 anos de idade.<\/b><br \/>\nO produto MDPHP Freebase (0,5gr) pode ser prejudicial para a sua sa\u00fade e n\u00e3o \u00e9 adequado para consumo. Tenha em aten\u00e7\u00e3o que o n\u00e3o cumprimento das nossas instru\u00e7\u00f5es de seguran\u00e7a pode causar riscos potencialmente graves para a sa\u00fade. Por isso, respeite as nossas instru\u00e7\u00f5es de seguran\u00e7a.<\/p>","protected":false},"featured_media":6451,"comment_status":"open","ping_status":"closed","template":"","meta":{"_joinchat":[]},"product_brand":[],"product_cat":[134],"product_tag":[],"class_list":{"0":"post-6434","1":"product","2":"type-product","3":"status-publish","4":"has-post-thumbnail","6":"product_cat-cathinon","8":"first","9":"instock","10":"shipping-taxable","11":"purchasable","12":"product-type-variable"},"yoast_head":"<!-- This site is optimized with the Yoast SEO plugin v26.3 - https:\/\/yoast.com\/wordpress\/plugins\/seo\/ -->\n<title>MDPHP HCL Online kopen | MDPHP HCL te koop | RC Kopen<\/title>\n<meta name=\"description\" content=\"MDPHP HCL van topkwaliteit te koop. U kunt nooit om de kwaliteit van onze producten heen. Als u dat nodig heeft, kunt u MDPHP HCL meteen online kopen.\" \/>\n<meta name=\"robots\" content=\"index, follow, max-snippet:-1, max-image-preview:large, max-video-preview:-1\" \/>\n<link rel=\"canonical\" href=\"https:\/\/rckopen.com\/pt\/produto\/mdphp-hcl\/\" \/>\n<meta property=\"og:locale\" content=\"pt_PT\" \/>\n<meta property=\"og:type\" content=\"article\" \/>\n<meta property=\"og:title\" content=\"MDPHP HCL Online kopen | MDPHP HCL te koop | RC Kopen\" \/>\n<meta property=\"og:description\" content=\"MDPHP HCL van topkwaliteit te koop. U kunt nooit om de kwaliteit van onze producten heen. Als u dat nodig heeft, kunt u MDPHP HCL meteen online kopen.\" \/>\n<meta property=\"og:url\" content=\"https:\/\/rckopen.com\/pt\/produto\/mdphp-hcl\/\" \/>\n<meta property=\"og:site_name\" content=\"RC Kopen\" \/>\n<meta property=\"article:modified_time\" content=\"2025-02-04T04:28:05+00:00\" \/>\n<meta property=\"og:image\" content=\"https:\/\/rckopen.com\/wp-content\/uploads\/2023\/08\/MDPHP-HCL.jpg\" \/>\n\t<meta property=\"og:image:width\" content=\"600\" \/>\n\t<meta property=\"og:image:height\" content=\"600\" \/>\n\t<meta property=\"og:image:type\" content=\"image\/jpeg\" \/>\n<meta name=\"twitter:card\" content=\"summary_large_image\" \/>\n<meta name=\"twitter:label1\" content=\"Tempo estimado de leitura\" \/>\n\t<meta name=\"twitter:data1\" content=\"3 minutos\" \/>\n<script type=\"application\/ld+json\" class=\"yoast-schema-graph\">{\"@context\":\"https:\/\/schema.org\",\"@graph\":[{\"@type\":\"WebPage\",\"@id\":\"https:\/\/rckopen.com\/product\/mdphp-hcl\/\",\"url\":\"https:\/\/rckopen.com\/product\/mdphp-hcl\/\",\"name\":\"MDPHP HCL Online kopen | MDPHP HCL te koop | RC Kopen\",\"isPartOf\":{\"@id\":\"https:\/\/rckopen.com\/#website\"},\"primaryImageOfPage\":{\"@id\":\"https:\/\/rckopen.com\/product\/mdphp-hcl\/#primaryimage\"},\"image\":{\"@id\":\"https:\/\/rckopen.com\/product\/mdphp-hcl\/#primaryimage\"},\"thumbnailUrl\":\"https:\/\/rckopen.com\/wp-content\/uploads\/2023\/08\/MDPHP-HCL.jpg\",\"datePublished\":\"2023-08-15T08:05:17+00:00\",\"dateModified\":\"2025-02-04T04:28:05+00:00\",\"description\":\"MDPHP HCL van topkwaliteit te koop. U kunt nooit om de kwaliteit van onze producten heen. Als u dat nodig heeft, kunt u MDPHP HCL meteen online kopen.\",\"breadcrumb\":{\"@id\":\"https:\/\/rckopen.com\/product\/mdphp-hcl\/#breadcrumb\"},\"inLanguage\":\"pt-PT\",\"potentialAction\":[{\"@type\":\"ReadAction\",\"target\":[\"https:\/\/rckopen.com\/product\/mdphp-hcl\/\"]}]},{\"@type\":\"ImageObject\",\"inLanguage\":\"pt-PT\",\"@id\":\"https:\/\/rckopen.com\/product\/mdphp-hcl\/#primaryimage\",\"url\":\"https:\/\/rckopen.com\/wp-content\/uploads\/2023\/08\/MDPHP-HCL.jpg\",\"contentUrl\":\"https:\/\/rckopen.com\/wp-content\/uploads\/2023\/08\/MDPHP-HCL.jpg\",\"width\":600,\"height\":600,\"caption\":\"MDPHP HCL online kopen\"},{\"@type\":\"BreadcrumbList\",\"@id\":\"https:\/\/rckopen.com\/product\/mdphp-hcl\/#breadcrumb\",\"itemListElement\":[{\"@type\":\"ListItem\",\"position\":1,\"name\":\"Home\",\"item\":\"https:\/\/rckopen.com\/\"},{\"@type\":\"ListItem\",\"position\":2,\"name\":\"Shop\",\"item\":\"https:\/\/rckopen.com\/shop\/\"},{\"@type\":\"ListItem\",\"position\":3,\"name\":\"MDPHP HCL online kopen\"}]},{\"@type\":\"WebSite\",\"@id\":\"https:\/\/rckopen.com\/#website\",\"url\":\"https:\/\/rckopen.com\/\",\"name\":\"RC Kopen\",\"description\":\"Research Chemicals\",\"potentialAction\":[{\"@type\":\"SearchAction\",\"target\":{\"@type\":\"EntryPoint\",\"urlTemplate\":\"https:\/\/rckopen.com\/?s={search_term_string}\"},\"query-input\":{\"@type\":\"PropertyValueSpecification\",\"valueRequired\":true,\"valueName\":\"search_term_string\"}}],\"inLanguage\":\"pt-PT\"}]}<\/script>\n<!-- \/ Yoast SEO plugin. -->","yoast_head_json":{"title":"MDPHP HCL Online kopen | MDPHP HCL te koop | RC Kopen","description":"MDPHP HCL van topkwaliteit te koop. U kunt nooit om de kwaliteit van onze producten heen. Als u dat nodig heeft, kunt u MDPHP HCL meteen online kopen.","robots":{"index":"index","follow":"follow","max-snippet":"max-snippet:-1","max-image-preview":"max-image-preview:large","max-video-preview":"max-video-preview:-1"},"canonical":"https:\/\/rckopen.com\/pt\/produto\/mdphp-hcl\/","og_locale":"pt_PT","og_type":"article","og_title":"MDPHP HCL Online kopen | MDPHP HCL te koop | RC Kopen","og_description":"MDPHP HCL van topkwaliteit te koop. U kunt nooit om de kwaliteit van onze producten heen. Als u dat nodig heeft, kunt u MDPHP HCL meteen online kopen.","og_url":"https:\/\/rckopen.com\/pt\/produto\/mdphp-hcl\/","og_site_name":"RC Kopen","article_modified_time":"2025-02-04T04:28:05+00:00","og_image":[{"width":600,"height":600,"url":"https:\/\/rckopen.com\/wp-content\/uploads\/2023\/08\/MDPHP-HCL.jpg","type":"image\/jpeg"}],"twitter_card":"summary_large_image","twitter_misc":{"Tempo estimado de leitura":"3 minutos"},"schema":{"@context":"https:\/\/schema.org","@graph":[{"@type":"WebPage","@id":"https:\/\/rckopen.com\/product\/mdphp-hcl\/","url":"https:\/\/rckopen.com\/product\/mdphp-hcl\/","name":"MDPHP HCL Online kopen | MDPHP HCL te koop | RC Kopen","isPartOf":{"@id":"https:\/\/rckopen.com\/#website"},"primaryImageOfPage":{"@id":"https:\/\/rckopen.com\/product\/mdphp-hcl\/#primaryimage"},"image":{"@id":"https:\/\/rckopen.com\/product\/mdphp-hcl\/#primaryimage"},"thumbnailUrl":"https:\/\/rckopen.com\/wp-content\/uploads\/2023\/08\/MDPHP-HCL.jpg","datePublished":"2023-08-15T08:05:17+00:00","dateModified":"2025-02-04T04:28:05+00:00","description":"MDPHP HCL van topkwaliteit te koop. U kunt nooit om de kwaliteit van onze producten heen. Als u dat nodig heeft, kunt u MDPHP HCL meteen online kopen.","breadcrumb":{"@id":"https:\/\/rckopen.com\/product\/mdphp-hcl\/#breadcrumb"},"inLanguage":"pt-PT","potentialAction":[{"@type":"ReadAction","target":["https:\/\/rckopen.com\/product\/mdphp-hcl\/"]}]},{"@type":"ImageObject","inLanguage":"pt-PT","@id":"https:\/\/rckopen.com\/product\/mdphp-hcl\/#primaryimage","url":"https:\/\/rckopen.com\/wp-content\/uploads\/2023\/08\/MDPHP-HCL.jpg","contentUrl":"https:\/\/rckopen.com\/wp-content\/uploads\/2023\/08\/MDPHP-HCL.jpg","width":600,"height":600,"caption":"MDPHP HCL online kopen"},{"@type":"BreadcrumbList","@id":"https:\/\/rckopen.com\/product\/mdphp-hcl\/#breadcrumb","itemListElement":[{"@type":"ListItem","position":1,"name":"Home","item":"https:\/\/rckopen.com\/"},{"@type":"ListItem","position":2,"name":"Shop","item":"https:\/\/rckopen.com\/shop\/"},{"@type":"ListItem","position":3,"name":"MDPHP HCL online kopen"}]},{"@type":"WebSite","@id":"https:\/\/rckopen.com\/#website","url":"https:\/\/rckopen.com\/","name":"RC Kopen","description":"Research Chemicals","potentialAction":[{"@type":"SearchAction","target":{"@type":"EntryPoint","urlTemplate":"https:\/\/rckopen.com\/?s={search_term_string}"},"query-input":{"@type":"PropertyValueSpecification","valueRequired":true,"valueName":"search_term_string"}}],"inLanguage":"pt-PT"}]}},"_links":{"self":[{"href":"https:\/\/rckopen.com\/pt\/wp-json\/wp\/v2\/product\/6434","targetHints":{"allow":["GET"]}}],"collection":[{"href":"https:\/\/rckopen.com\/pt\/wp-json\/wp\/v2\/product"}],"about":[{"href":"https:\/\/rckopen.com\/pt\/wp-json\/wp\/v2\/types\/product"}],"replies":[{"embeddable":true,"href":"https:\/\/rckopen.com\/pt\/wp-json\/wp\/v2\/comments?post=6434"}],"wp:featuredmedia":[{"embeddable":true,"href":"https:\/\/rckopen.com\/pt\/wp-json\/wp\/v2\/media\/6451"}],"wp:attachment":[{"href":"https:\/\/rckopen.com\/pt\/wp-json\/wp\/v2\/media?parent=6434"}],"wp:term":[{"taxonomy":"product_brand","embeddable":true,"href":"https:\/\/rckopen.com\/pt\/wp-json\/wp\/v2\/product_brand?post=6434"},{"taxonomy":"product_cat","embeddable":true,"href":"https:\/\/rckopen.com\/pt\/wp-json\/wp\/v2\/product_cat?post=6434"},{"taxonomy":"product_tag","embeddable":true,"href":"https:\/\/rckopen.com\/pt\/wp-json\/wp\/v2\/product_tag?post=6434"}],"curies":[{"name":"wp","href":"https:\/\/api.w.org\/{rel}","templated":true}]}}