{"id":6436,"date":"2023-08-15T08:09:20","date_gmt":"2023-08-15T08:09:20","guid":{"rendered":"https:\/\/diligentplug.com\/chems\/?post_type=product&#038;p=6436"},"modified":"2025-01-31T04:39:33","modified_gmt":"2025-01-31T04:39:33","slug":"3f-a-pvp","status":"publish","type":"product","link":"https:\/\/rckopen.com\/pt\/produto\/3f-a-pvp\/","title":{"rendered":"Compre 3F-a-PVP online"},"content":{"rendered":"<h2>3F-a-PVP Kristal online kopen<\/h2>\n<p><a href=\"https:\/\/rckopen.com\/pt\/produto\/3f-a-pvp\/\">Compre 3F-A-PVP online<\/a>Se voc\u00ea est\u00e1 procurando um produto qu\u00edmico de pesquisa de alta qualidade para adicionar \u00e0 cole\u00e7\u00e3o do seu laborat\u00f3rio, n\u00e3o procure mais que o 3F-a-PVP Crystal, dispon\u00edvel agora na rckopen. Este composto \u00e9 um membro da fam\u00edlia de subst\u00e2ncias qu\u00edmicas catinonas, conhecido por seus poderosos efeitos no c\u00e9rebro e no comportamento. \u00c9 estruturalmente semelhante a outros produtos qu\u00edmicos de pesquisa populares, como \u03b1-PVP e MDPV, o que o torna a escolha preferida para pesquisadores que estudam os efeitos das catinonas no c\u00e9rebro e no comportamento.<\/p>\n<p>Abelha <a href=\"https:\/\/rckopen.com\/pt\/\">RCKopen<\/a>, estamos comprometidos em fornecer aos nossos clientes os produtos qu\u00edmicos de pesquisa da mais alta qualidade dispon\u00edveis, e nossa <a href=\"https:\/\/en.wikipedia.org\/wiki\/3F-PVP\">3F-a-PVP<\/a> O cristal n\u00e3o \u00e9 exce\u00e7\u00e3o. Nosso produto \u00e9 exaustivamente testado quanto \u00e0 pureza e qualidade, para garantir que voc\u00ea receba apenas o melhor produto poss\u00edvel para suas necessidades de pesquisa. No entanto, \u00e9 importante observar que este composto deve ser usado apenas por pesquisadores experientes e familiarizados com suas propriedades e efeitos. Compre 3F-A-PVP online.<\/p>\n<p>Ao manusear o cristal 3F-a-PVP, \u00e9 crucial seguir pr\u00e1ticas laboratoriais seguras e usar equipamento de prote\u00e7\u00e3o adequado. A nossa equipa na rckopen toma todas as precau\u00e7\u00f5es para garantir que os nossos clientes recebem produtos da mais alta qualidade e o melhor servi\u00e7o ao cliente poss\u00edvel<a href=\"https:\/\/chemswell.com\/\">.<\/a><\/p>\n<p>Se procura um produto qu\u00edmico de investiga\u00e7\u00e3o poderoso e eficaz, n\u00e3o procure mais do que o 3F-a-PVP Crystal da rckopen. Encomende agora e experimente os produtos qu\u00edmicos de investiga\u00e7\u00e3o da mais alta qualidade dispon\u00edveis no mercado atualmente.<\/p>\n<p>A rckopen.com oferece produtos que n\u00e3o se destinam ao consumo humano. O consumo deste produto (n\u00e3o intencional) pode ter consequ\u00eancias m\u00e9dicas graves<a href=\"https:\/\/rckopen.com\/pt\/\">.<\/a><\/p>","protected":false},"excerpt":{"rendered":"<p><strong>Nome IUPAC: <\/strong>1-(3-fluorofenil)-2-(pirrolidin-1-il)pentan-1-ona<\/p>\n<p><strong>An\u00e1lise NMR: <\/strong>C15H20FNO<\/p>\n<p>O 3F-a-PVP Crystal \u00e9 um produto qu\u00edmico de investiga\u00e7\u00e3o que pertence \u00e0 classe das catinonas. O nome IUPAC para 3F-a-PVP \u00e9 (RS)-1-fenil-2-(3-fluorofenil)-1-pentanona, e o n\u00famero CAS \u00e9 n\/a. Na sua forma cristalina, o 3F-a-PVP aparece como um cristal fino e branco de alta pureza, geralmente 98,0% ou superior. Este composto \u00e9 muito procurado pelos investigadores que estudam os efeitos das catinonas no c\u00e9rebro e no comportamento devido \u00e0s suas propriedades potentes e \u00fanicas.<\/p>","protected":false},"featured_media":6456,"comment_status":"open","ping_status":"closed","template":"","meta":{"_joinchat":[]},"product_brand":[],"product_cat":[134],"product_tag":[],"class_list":{"0":"post-6436","1":"product","2":"type-product","3":"status-publish","4":"has-post-thumbnail","6":"product_cat-cathinon","8":"first","9":"instock","10":"shipping-taxable","11":"purchasable","12":"product-type-variable"},"yoast_head":"<!-- This site is optimized with the Yoast SEO plugin v26.3 - https:\/\/yoast.com\/wordpress\/plugins\/seo\/ -->\n<title>3F-A-PVP - 3F-A-PVP te koop - 3F-A-PVP online kopen<\/title>\n<meta name=\"description\" content=\"3F-A-PVP te koop bij een van de beste online winkels RCKopen. Wij helpen u bij het online kopen van 3F-A-PVP van hoge kwaliteit.\" \/>\n<meta name=\"robots\" content=\"index, follow, max-snippet:-1, max-image-preview:large, max-video-preview:-1\" \/>\n<link rel=\"canonical\" href=\"https:\/\/rckopen.com\/pt\/produto\/3f-a-pvp\/\" \/>\n<meta property=\"og:locale\" content=\"pt_PT\" \/>\n<meta property=\"og:type\" content=\"article\" \/>\n<meta property=\"og:title\" content=\"3F-A-PVP - 3F-A-PVP te koop - 3F-A-PVP online kopen\" \/>\n<meta property=\"og:description\" content=\"3F-A-PVP te koop bij een van de beste online winkels RCKopen. Wij helpen u bij het online kopen van 3F-A-PVP van hoge kwaliteit.\" \/>\n<meta property=\"og:url\" content=\"https:\/\/rckopen.com\/pt\/produto\/3f-a-pvp\/\" \/>\n<meta property=\"og:site_name\" content=\"RC Kopen\" \/>\n<meta property=\"article:modified_time\" content=\"2025-01-31T04:39:33+00:00\" \/>\n<meta property=\"og:image\" content=\"https:\/\/rckopen.com\/wp-content\/uploads\/2023\/08\/3F-a-PVP.jpg\" \/>\n\t<meta property=\"og:image:width\" content=\"600\" \/>\n\t<meta property=\"og:image:height\" content=\"600\" \/>\n\t<meta property=\"og:image:type\" content=\"image\/jpeg\" \/>\n<meta name=\"twitter:card\" content=\"summary_large_image\" \/>\n<meta name=\"twitter:label1\" content=\"Tempo estimado de leitura\" \/>\n\t<meta name=\"twitter:data1\" content=\"2 minutos\" \/>\n<script type=\"application\/ld+json\" class=\"yoast-schema-graph\">{\"@context\":\"https:\/\/schema.org\",\"@graph\":[{\"@type\":\"WebPage\",\"@id\":\"https:\/\/rckopen.com\/product\/3f-a-pvp\/\",\"url\":\"https:\/\/rckopen.com\/product\/3f-a-pvp\/\",\"name\":\"3F-A-PVP - 3F-A-PVP te koop - 3F-A-PVP online kopen\",\"isPartOf\":{\"@id\":\"https:\/\/rckopen.com\/#website\"},\"primaryImageOfPage\":{\"@id\":\"https:\/\/rckopen.com\/product\/3f-a-pvp\/#primaryimage\"},\"image\":{\"@id\":\"https:\/\/rckopen.com\/product\/3f-a-pvp\/#primaryimage\"},\"thumbnailUrl\":\"https:\/\/rckopen.com\/wp-content\/uploads\/2023\/08\/3F-a-PVP.jpg\",\"datePublished\":\"2023-08-15T08:09:20+00:00\",\"dateModified\":\"2025-01-31T04:39:33+00:00\",\"description\":\"3F-A-PVP te koop bij een van de beste online winkels RCKopen. Wij helpen u bij het online kopen van 3F-A-PVP van hoge kwaliteit.\",\"breadcrumb\":{\"@id\":\"https:\/\/rckopen.com\/product\/3f-a-pvp\/#breadcrumb\"},\"inLanguage\":\"pt-PT\",\"potentialAction\":[{\"@type\":\"ReadAction\",\"target\":[\"https:\/\/rckopen.com\/product\/3f-a-pvp\/\"]}]},{\"@type\":\"ImageObject\",\"inLanguage\":\"pt-PT\",\"@id\":\"https:\/\/rckopen.com\/product\/3f-a-pvp\/#primaryimage\",\"url\":\"https:\/\/rckopen.com\/wp-content\/uploads\/2023\/08\/3F-a-PVP.jpg\",\"contentUrl\":\"https:\/\/rckopen.com\/wp-content\/uploads\/2023\/08\/3F-a-PVP.jpg\",\"width\":600,\"height\":600,\"caption\":\"3F-a-PVP online kopen\"},{\"@type\":\"BreadcrumbList\",\"@id\":\"https:\/\/rckopen.com\/product\/3f-a-pvp\/#breadcrumb\",\"itemListElement\":[{\"@type\":\"ListItem\",\"position\":1,\"name\":\"Home\",\"item\":\"https:\/\/rckopen.com\/\"},{\"@type\":\"ListItem\",\"position\":2,\"name\":\"Shop\",\"item\":\"https:\/\/rckopen.com\/shop\/\"},{\"@type\":\"ListItem\",\"position\":3,\"name\":\"3F-a-PVP online kopen\"}]},{\"@type\":\"WebSite\",\"@id\":\"https:\/\/rckopen.com\/#website\",\"url\":\"https:\/\/rckopen.com\/\",\"name\":\"RC Kopen\",\"description\":\"Research Chemicals\",\"potentialAction\":[{\"@type\":\"SearchAction\",\"target\":{\"@type\":\"EntryPoint\",\"urlTemplate\":\"https:\/\/rckopen.com\/?s={search_term_string}\"},\"query-input\":{\"@type\":\"PropertyValueSpecification\",\"valueRequired\":true,\"valueName\":\"search_term_string\"}}],\"inLanguage\":\"pt-PT\"}]}<\/script>\n<!-- \/ Yoast SEO plugin. -->","yoast_head_json":{"title":"3F-A-PVP - 3F-A-PVP te koop - 3F-A-PVP online kopen","description":"3F-A-PVP te koop bij een van de beste online winkels RCKopen. Wij helpen u bij het online kopen van 3F-A-PVP van hoge kwaliteit.","robots":{"index":"index","follow":"follow","max-snippet":"max-snippet:-1","max-image-preview":"max-image-preview:large","max-video-preview":"max-video-preview:-1"},"canonical":"https:\/\/rckopen.com\/pt\/produto\/3f-a-pvp\/","og_locale":"pt_PT","og_type":"article","og_title":"3F-A-PVP - 3F-A-PVP te koop - 3F-A-PVP online kopen","og_description":"3F-A-PVP te koop bij een van de beste online winkels RCKopen. Wij helpen u bij het online kopen van 3F-A-PVP van hoge kwaliteit.","og_url":"https:\/\/rckopen.com\/pt\/produto\/3f-a-pvp\/","og_site_name":"RC Kopen","article_modified_time":"2025-01-31T04:39:33+00:00","og_image":[{"width":600,"height":600,"url":"https:\/\/rckopen.com\/wp-content\/uploads\/2023\/08\/3F-a-PVP.jpg","type":"image\/jpeg"}],"twitter_card":"summary_large_image","twitter_misc":{"Tempo estimado de leitura":"2 minutos"},"schema":{"@context":"https:\/\/schema.org","@graph":[{"@type":"WebPage","@id":"https:\/\/rckopen.com\/product\/3f-a-pvp\/","url":"https:\/\/rckopen.com\/product\/3f-a-pvp\/","name":"3F-A-PVP - 3F-A-PVP te koop - 3F-A-PVP online kopen","isPartOf":{"@id":"https:\/\/rckopen.com\/#website"},"primaryImageOfPage":{"@id":"https:\/\/rckopen.com\/product\/3f-a-pvp\/#primaryimage"},"image":{"@id":"https:\/\/rckopen.com\/product\/3f-a-pvp\/#primaryimage"},"thumbnailUrl":"https:\/\/rckopen.com\/wp-content\/uploads\/2023\/08\/3F-a-PVP.jpg","datePublished":"2023-08-15T08:09:20+00:00","dateModified":"2025-01-31T04:39:33+00:00","description":"3F-A-PVP te koop bij een van de beste online winkels RCKopen. Wij helpen u bij het online kopen van 3F-A-PVP van hoge kwaliteit.","breadcrumb":{"@id":"https:\/\/rckopen.com\/product\/3f-a-pvp\/#breadcrumb"},"inLanguage":"pt-PT","potentialAction":[{"@type":"ReadAction","target":["https:\/\/rckopen.com\/product\/3f-a-pvp\/"]}]},{"@type":"ImageObject","inLanguage":"pt-PT","@id":"https:\/\/rckopen.com\/product\/3f-a-pvp\/#primaryimage","url":"https:\/\/rckopen.com\/wp-content\/uploads\/2023\/08\/3F-a-PVP.jpg","contentUrl":"https:\/\/rckopen.com\/wp-content\/uploads\/2023\/08\/3F-a-PVP.jpg","width":600,"height":600,"caption":"3F-a-PVP online kopen"},{"@type":"BreadcrumbList","@id":"https:\/\/rckopen.com\/product\/3f-a-pvp\/#breadcrumb","itemListElement":[{"@type":"ListItem","position":1,"name":"Home","item":"https:\/\/rckopen.com\/"},{"@type":"ListItem","position":2,"name":"Shop","item":"https:\/\/rckopen.com\/shop\/"},{"@type":"ListItem","position":3,"name":"3F-a-PVP online kopen"}]},{"@type":"WebSite","@id":"https:\/\/rckopen.com\/#website","url":"https:\/\/rckopen.com\/","name":"RC Kopen","description":"Research Chemicals","potentialAction":[{"@type":"SearchAction","target":{"@type":"EntryPoint","urlTemplate":"https:\/\/rckopen.com\/?s={search_term_string}"},"query-input":{"@type":"PropertyValueSpecification","valueRequired":true,"valueName":"search_term_string"}}],"inLanguage":"pt-PT"}]}},"_links":{"self":[{"href":"https:\/\/rckopen.com\/pt\/wp-json\/wp\/v2\/product\/6436","targetHints":{"allow":["GET"]}}],"collection":[{"href":"https:\/\/rckopen.com\/pt\/wp-json\/wp\/v2\/product"}],"about":[{"href":"https:\/\/rckopen.com\/pt\/wp-json\/wp\/v2\/types\/product"}],"replies":[{"embeddable":true,"href":"https:\/\/rckopen.com\/pt\/wp-json\/wp\/v2\/comments?post=6436"}],"wp:featuredmedia":[{"embeddable":true,"href":"https:\/\/rckopen.com\/pt\/wp-json\/wp\/v2\/media\/6456"}],"wp:attachment":[{"href":"https:\/\/rckopen.com\/pt\/wp-json\/wp\/v2\/media?parent=6436"}],"wp:term":[{"taxonomy":"product_brand","embeddable":true,"href":"https:\/\/rckopen.com\/pt\/wp-json\/wp\/v2\/product_brand?post=6436"},{"taxonomy":"product_cat","embeddable":true,"href":"https:\/\/rckopen.com\/pt\/wp-json\/wp\/v2\/product_cat?post=6436"},{"taxonomy":"product_tag","embeddable":true,"href":"https:\/\/rckopen.com\/pt\/wp-json\/wp\/v2\/product_tag?post=6436"}],"curies":[{"name":"wp","href":"https:\/\/api.w.org\/{rel}","templated":true}]}}