{"id":6438,"date":"2023-08-15T08:18:48","date_gmt":"2023-08-15T08:18:48","guid":{"rendered":"https:\/\/diligentplug.com\/chems\/?post_type=product&#038;p=6438"},"modified":"2025-02-04T05:41:31","modified_gmt":"2025-02-04T05:41:31","slug":"kopen-nep-poeder","status":"publish","type":"product","link":"https:\/\/rckopen.com\/pt\/produto\/comprar-po-falso\/","title":{"rendered":"Compre p\u00f3 falso online"},"content":{"rendered":"<h2>A rckopen.com oferece produtos que n\u00e3o se destinam ao consumo humano.<br \/>\nAlgemene informatie NEP poeder online kopen<\/h2>\n<p>Compre p\u00f3 falso online, N-etilpentedrona (NEP) \u00e9 um estimulante sint\u00e9tico. Geralmente \u00e9 de cor branca ou acinzentada e vem em p\u00f3, vidro ou comprimido. O NEP pode ser misturado ou comercializado incorretamente como v\u00e1rios estimulantes, como coca\u00edna e MDMA.<\/p>\n<p>Pode ter o mesmo aspeto e cheiro que estas drogas. N\u00e3o \u00e9 poss\u00edvel distingui-las sem a realiza\u00e7\u00e3o de testes num centro de investiga\u00e7\u00e3o<a href=\"https:\/\/rckopen.com\/pt\/categoria-do-produto-2\/benzodiazepinas\/\">.<\/a><\/p>\n<h3>Composi\u00e7\u00e3o qu\u00edmica do p\u00f3 de NEP<\/h3>\n<p>A NEP, ou N-etil-(nor)-pentedron, tem um lugar na classe das catinonas sint\u00e9ticas. A Pentedron NEP tem um n\u00facleo de fenetilamina (2 etilamino 1) com um grupo alquilo ligado ao carbono alfa e um grupo de oxig\u00e9nio ligado ao carbono beta Buy Fake Powder.<\/p>\n<p>O NEP \u00e9 uma subsidi\u00e1ria da hexedrona; o bunker metilo ligado a esta mol\u00e9cula de azoto \u00e9 ligado e substitu\u00eddo por um bunker etilo (2-etilamino-1-fenil-hexano 1). A segunda substitui\u00e7\u00e3o \u00e9 uma cadeia de etilo ligada ao grupo amina do R N2 para formar o N-etilo<a href=\"https:\/\/safemedistore.com\/product-category\/cannabinoids-for-sale\/\">.<\/a><\/p>\n<h3>Farmacologia do p\u00f3 de NEP<\/h3>\n<p>N\u00e3o se sabe muito sobre a farmacologia da NEP. No entanto, a n-etil-nor-pentedrona (N-etilpentedrona, etilpentedrona ou NEP) \u00e9 um estimulante avan\u00e7ado da classe das catinonas com efeitos revigorantes e euf\u00f3ricos quando tomado.<\/p>\n<p>Os relat\u00f3rios dos clientes descrevem a N-Etilpentedrona como tendo um efeito euf\u00f3rico que foi expressamente decidido para reproduzir as qualidades das subst\u00e2ncias proibidas, que \u00e9 semelhante aos efeitos da coca\u00edna e da euforia.<\/p>\n<h3>Compre p\u00f3 NEP de alta qualidade online.<\/h3>\n<p>A Rckopen tem um envolvimento de longa data na ind\u00fastria qu\u00edmica, o que nos permite garantir o melhor para nossos produtos. Aqui voc\u00ea pode comprar com seguran\u00e7a um \u00f3timo p\u00f3 NEP online.<\/p>\n<p>Os produtos qu\u00edmicos de investiga\u00e7\u00e3o, incluindo a Pentedrona N-Etilpentedrona NEP, s\u00e3o cuidadosamente manuseados, expedidos, armazenados e mantidos num clima fresco e seco. Todos os artigos s\u00e3o geralmente pr\u00e9-testados quanto \u00e0 qualidade, perfei\u00e7\u00e3o e seguran\u00e7a. Armazenar o p\u00f3 NEP continuamente \u00e0 temperatura ambiente.<\/p>\n<p>Cada artigo ostenta a marca Research Chemical e inclui um documento PDF descarreg\u00e1vel com os resultados laboratoriais. Assim, tem sempre a garantia de uma boa qualidade de Pentedrone NEP. Para al\u00e9m disso, cada um dos nossos artigos tem um pre\u00e7o justo!<\/p>\n<h3>P\u00f3 NEP testado em laborat\u00f3rio com resultados.<\/h3>\n<p>A Rckopen est\u00e1 a fazer progressos no sentido da satisfa\u00e7\u00e3o global dos seus clientes. V\u00e1rios inqu\u00e9ritos demonstraram que os clientes solicitam o m\u00e1ximo de dados poss\u00edvel antes de comprarem produtos qu\u00edmicos de investiga\u00e7\u00e3o sint\u00e9ticos. Al\u00e9m disso, publicamos todos os resultados laboratoriais de cada composto de investiga\u00e7\u00e3o num ficheiro PDF.<\/p>\n<p>O nosso p\u00f3 NEP re\u00fane consistentemente os ingredientes activos e \u00e9 imediatamente vis\u00edvel para todos.<\/p>\n<p>Publicamos todas as consequ\u00eancias laboratoriais de cada produto qu\u00edmico de investiga\u00e7\u00e3o num documento PDF.<\/p>\n<h3>Encomenda segura na NEP powder.<\/h3>\n<p>Os produtos qu\u00edmicos de investiga\u00e7\u00e3o da Rckopen s\u00e3o de excelente qualidade e t\u00eam um pre\u00e7o justo. No momento em que solicitar o seu p\u00f3 NEP \u00e0 TRRCSHOP, garantimos que o seu pedido ser\u00e1 entregue em sua casa de forma r\u00e1pida e segura.<\/p>\n<p>Solicitar liga\u00e7\u00f5es de investiga\u00e7\u00e3o sint\u00e9tica com Bitcoin ou transfer\u00eancia banc\u00e1ria \u00e9 f\u00e1cil no Rckopen.<\/p>\n<p>Enviamos o p\u00f3 NEP no mesmo dia \u00fatil se o pagamento for recebido antes das 14:00 PM CEST. N\u00e3o efectuamos envios aos s\u00e1bados, domingos ou feriados nacionais\/internacionais.<\/p>\n<h3>Expedi\u00e7\u00e3o discreta de produtos qu\u00edmicos para investiga\u00e7\u00e3o.<\/h3>\n<p>Embora os produtos qu\u00edmicos de pesquisa de design estejam legalmente dispon\u00edveis para compra on-line, na Rckopen nos esfor\u00e7amos para oferecer os produtos mais seguros e razo\u00e1veis. Primeiro, o item \u00e9 colocado em um saco pl\u00e1stico antes de ir para um saco onde \u00e9 queimado duas vezes. N\u00f3s embalamos os itens de forma bem invis\u00edvel e nada pode ser visto de fora do que pode estar dentro.<\/p>\n<p>Escolha a op\u00e7\u00e3o de entrega rastreada ao efetuar o check-out para uma encomenda rastre\u00e1vel, de modo a poder acompanhar a sua encomenda progressivamente. Por exemplo, as encomendas superiores a 500 euros s\u00e3o rastreadas gratuitamente.<\/p>\n<p>N\u00e3o efectuamos entregas a pessoas com menos de 18 anos!<\/p>\n<h3>Precau\u00e7\u00f5es<\/h3>\n<ul>\n<li>As CR oferecidas no Rckopen destinam-se a fins de investiga\u00e7\u00e3o; o consumo humano \u00e9 estritamente proibido.<\/li>\n<li>Adquira o equipamento de prote\u00e7\u00e3o individual adequado, como \u00f3culos de prote\u00e7\u00e3o e luvas. Limpe-os e cuide deles corretamente. Siga sistemas seguros ao manusear produtos qu\u00edmicos para investiga\u00e7\u00e3o e n\u00e3o tome atalhos.<\/li>\n<li>Se o produto qu\u00edmico do estudo entrar em contacto com os olhos, enxaguar bem e retirar as lentes de contacto, se tal for fundamental.<\/li>\n<li>Tente usar uma m\u00e1scara quando utilizar estes produtos qu\u00edmicos para que n\u00e3o possam entrar em si enquanto respira.<\/li>\n<li>Tal como os m\u00e9todos apoiados indicam, deve manusear, armazenar e eliminar as mat\u00e9rias perigosas de forma segura. Nunca as deitar nos esgotos ou canais.<\/li>\n<li>Armazenar corretamente os produtos qu\u00edmicos de investiga\u00e7\u00e3o, conforme indicado pelo nome. Os produtos qu\u00edmicos inflam\u00e1veis devem ser armazenados num local excelente e seco, longe da intensidade e da luz do dia. Algumas subst\u00e2ncias sint\u00e9ticas, como os \u00e1cidos, devem ser armazenadas de forma aut\u00f3noma.<\/li>\n<\/ul>","protected":false},"excerpt":{"rendered":"<p><strong>Nome IUPAC: <\/strong>2-(Etilamino)-1-fenil-1-pentanona<\/p>\n<p><strong>CAS # <\/strong>779974-89-9<\/p>\n<p><strong>Outro nome: <\/strong>N-etil-nor-pentrona<\/p>","protected":false},"featured_media":6458,"comment_status":"open","ping_status":"closed","template":"","meta":{"_joinchat":[]},"product_brand":[],"product_cat":[134],"product_tag":[],"class_list":{"0":"post-6438","1":"product","2":"type-product","3":"status-publish","4":"has-post-thumbnail","6":"product_cat-cathinon","8":"first","9":"instock","10":"shipping-taxable","11":"purchasable","12":"product-type-variable"},"yoast_head":"<!-- This site is optimized with the Yoast SEO plugin v26.3 - https:\/\/yoast.com\/wordpress\/plugins\/seo\/ -->\n<title>Nep Poeder online kopen - Nep Poeder Europa te koop<\/title>\n<meta name=\"description\" content=\"Als u Nep Poeder Europe online wilt kopen, kan onze online rc kopen-winkel u helpen. We hebben Nep Powder Europe hier te koop tegen de beste prijzen.\" \/>\n<meta name=\"robots\" content=\"index, follow, max-snippet:-1, max-image-preview:large, max-video-preview:-1\" \/>\n<link rel=\"canonical\" href=\"https:\/\/rckopen.com\/pt\/produto\/comprar-po-falso\/\" \/>\n<meta property=\"og:locale\" content=\"pt_PT\" \/>\n<meta property=\"og:type\" content=\"article\" \/>\n<meta property=\"og:title\" content=\"Nep Poeder online kopen - Nep Poeder Europa te koop\" \/>\n<meta property=\"og:description\" content=\"Als u Nep Poeder Europe online wilt kopen, kan onze online rc kopen-winkel u helpen. We hebben Nep Powder Europe hier te koop tegen de beste prijzen.\" \/>\n<meta property=\"og:url\" content=\"https:\/\/rckopen.com\/pt\/produto\/comprar-po-falso\/\" \/>\n<meta property=\"og:site_name\" content=\"RC Kopen\" \/>\n<meta property=\"article:modified_time\" content=\"2025-02-04T05:41:31+00:00\" \/>\n<meta property=\"og:image\" content=\"https:\/\/rckopen.com\/wp-content\/uploads\/2023\/08\/Nep-powder-Europe.jpg\" \/>\n\t<meta property=\"og:image:width\" content=\"600\" \/>\n\t<meta property=\"og:image:height\" content=\"600\" \/>\n\t<meta property=\"og:image:type\" content=\"image\/jpeg\" \/>\n<meta name=\"twitter:card\" content=\"summary_large_image\" \/>\n<meta name=\"twitter:label1\" content=\"Tempo estimado de leitura\" \/>\n\t<meta name=\"twitter:data1\" content=\"4 minutos\" \/>\n<script type=\"application\/ld+json\" class=\"yoast-schema-graph\">{\"@context\":\"https:\/\/schema.org\",\"@graph\":[{\"@type\":\"WebPage\",\"@id\":\"https:\/\/rckopen.com\/product\/kopen-nep-poeder\/\",\"url\":\"https:\/\/rckopen.com\/product\/kopen-nep-poeder\/\",\"name\":\"Nep Poeder online kopen - Nep Poeder Europa te koop\",\"isPartOf\":{\"@id\":\"https:\/\/rckopen.com\/#website\"},\"primaryImageOfPage\":{\"@id\":\"https:\/\/rckopen.com\/product\/kopen-nep-poeder\/#primaryimage\"},\"image\":{\"@id\":\"https:\/\/rckopen.com\/product\/kopen-nep-poeder\/#primaryimage\"},\"thumbnailUrl\":\"https:\/\/rckopen.com\/wp-content\/uploads\/2023\/08\/Nep-powder-Europe.jpg\",\"datePublished\":\"2023-08-15T08:18:48+00:00\",\"dateModified\":\"2025-02-04T05:41:31+00:00\",\"description\":\"Als u Nep Poeder Europe online wilt kopen, kan onze online rc kopen-winkel u helpen. We hebben Nep Powder Europe hier te koop tegen de beste prijzen.\",\"breadcrumb\":{\"@id\":\"https:\/\/rckopen.com\/product\/kopen-nep-poeder\/#breadcrumb\"},\"inLanguage\":\"pt-PT\",\"potentialAction\":[{\"@type\":\"ReadAction\",\"target\":[\"https:\/\/rckopen.com\/product\/kopen-nep-poeder\/\"]}]},{\"@type\":\"ImageObject\",\"inLanguage\":\"pt-PT\",\"@id\":\"https:\/\/rckopen.com\/product\/kopen-nep-poeder\/#primaryimage\",\"url\":\"https:\/\/rckopen.com\/wp-content\/uploads\/2023\/08\/Nep-powder-Europe.jpg\",\"contentUrl\":\"https:\/\/rckopen.com\/wp-content\/uploads\/2023\/08\/Nep-powder-Europe.jpg\",\"width\":600,\"height\":600,\"caption\":\"Nep Poeder online kopen\"},{\"@type\":\"BreadcrumbList\",\"@id\":\"https:\/\/rckopen.com\/product\/kopen-nep-poeder\/#breadcrumb\",\"itemListElement\":[{\"@type\":\"ListItem\",\"position\":1,\"name\":\"Home\",\"item\":\"https:\/\/rckopen.com\/\"},{\"@type\":\"ListItem\",\"position\":2,\"name\":\"Shop\",\"item\":\"https:\/\/rckopen.com\/shop\/\"},{\"@type\":\"ListItem\",\"position\":3,\"name\":\"Nep poeder online kopen\"}]},{\"@type\":\"WebSite\",\"@id\":\"https:\/\/rckopen.com\/#website\",\"url\":\"https:\/\/rckopen.com\/\",\"name\":\"RC Kopen\",\"description\":\"Research Chemicals\",\"potentialAction\":[{\"@type\":\"SearchAction\",\"target\":{\"@type\":\"EntryPoint\",\"urlTemplate\":\"https:\/\/rckopen.com\/?s={search_term_string}\"},\"query-input\":{\"@type\":\"PropertyValueSpecification\",\"valueRequired\":true,\"valueName\":\"search_term_string\"}}],\"inLanguage\":\"pt-PT\"}]}<\/script>\n<!-- \/ Yoast SEO plugin. -->","yoast_head_json":{"title":"Nep Poeder online kopen - Nep Poeder Europa te koop","description":"Als u Nep Poeder Europe online wilt kopen, kan onze online rc kopen-winkel u helpen. We hebben Nep Powder Europe hier te koop tegen de beste prijzen.","robots":{"index":"index","follow":"follow","max-snippet":"max-snippet:-1","max-image-preview":"max-image-preview:large","max-video-preview":"max-video-preview:-1"},"canonical":"https:\/\/rckopen.com\/pt\/produto\/comprar-po-falso\/","og_locale":"pt_PT","og_type":"article","og_title":"Nep Poeder online kopen - Nep Poeder Europa te koop","og_description":"Als u Nep Poeder Europe online wilt kopen, kan onze online rc kopen-winkel u helpen. We hebben Nep Powder Europe hier te koop tegen de beste prijzen.","og_url":"https:\/\/rckopen.com\/pt\/produto\/comprar-po-falso\/","og_site_name":"RC Kopen","article_modified_time":"2025-02-04T05:41:31+00:00","og_image":[{"width":600,"height":600,"url":"https:\/\/rckopen.com\/wp-content\/uploads\/2023\/08\/Nep-powder-Europe.jpg","type":"image\/jpeg"}],"twitter_card":"summary_large_image","twitter_misc":{"Tempo estimado de leitura":"4 minutos"},"schema":{"@context":"https:\/\/schema.org","@graph":[{"@type":"WebPage","@id":"https:\/\/rckopen.com\/product\/kopen-nep-poeder\/","url":"https:\/\/rckopen.com\/product\/kopen-nep-poeder\/","name":"Nep Poeder online kopen - Nep Poeder Europa te koop","isPartOf":{"@id":"https:\/\/rckopen.com\/#website"},"primaryImageOfPage":{"@id":"https:\/\/rckopen.com\/product\/kopen-nep-poeder\/#primaryimage"},"image":{"@id":"https:\/\/rckopen.com\/product\/kopen-nep-poeder\/#primaryimage"},"thumbnailUrl":"https:\/\/rckopen.com\/wp-content\/uploads\/2023\/08\/Nep-powder-Europe.jpg","datePublished":"2023-08-15T08:18:48+00:00","dateModified":"2025-02-04T05:41:31+00:00","description":"Als u Nep Poeder Europe online wilt kopen, kan onze online rc kopen-winkel u helpen. We hebben Nep Powder Europe hier te koop tegen de beste prijzen.","breadcrumb":{"@id":"https:\/\/rckopen.com\/product\/kopen-nep-poeder\/#breadcrumb"},"inLanguage":"pt-PT","potentialAction":[{"@type":"ReadAction","target":["https:\/\/rckopen.com\/product\/kopen-nep-poeder\/"]}]},{"@type":"ImageObject","inLanguage":"pt-PT","@id":"https:\/\/rckopen.com\/product\/kopen-nep-poeder\/#primaryimage","url":"https:\/\/rckopen.com\/wp-content\/uploads\/2023\/08\/Nep-powder-Europe.jpg","contentUrl":"https:\/\/rckopen.com\/wp-content\/uploads\/2023\/08\/Nep-powder-Europe.jpg","width":600,"height":600,"caption":"Nep Poeder online kopen"},{"@type":"BreadcrumbList","@id":"https:\/\/rckopen.com\/product\/kopen-nep-poeder\/#breadcrumb","itemListElement":[{"@type":"ListItem","position":1,"name":"Home","item":"https:\/\/rckopen.com\/"},{"@type":"ListItem","position":2,"name":"Shop","item":"https:\/\/rckopen.com\/shop\/"},{"@type":"ListItem","position":3,"name":"Nep poeder online kopen"}]},{"@type":"WebSite","@id":"https:\/\/rckopen.com\/#website","url":"https:\/\/rckopen.com\/","name":"RC Kopen","description":"Research Chemicals","potentialAction":[{"@type":"SearchAction","target":{"@type":"EntryPoint","urlTemplate":"https:\/\/rckopen.com\/?s={search_term_string}"},"query-input":{"@type":"PropertyValueSpecification","valueRequired":true,"valueName":"search_term_string"}}],"inLanguage":"pt-PT"}]}},"_links":{"self":[{"href":"https:\/\/rckopen.com\/pt\/wp-json\/wp\/v2\/product\/6438","targetHints":{"allow":["GET"]}}],"collection":[{"href":"https:\/\/rckopen.com\/pt\/wp-json\/wp\/v2\/product"}],"about":[{"href":"https:\/\/rckopen.com\/pt\/wp-json\/wp\/v2\/types\/product"}],"replies":[{"embeddable":true,"href":"https:\/\/rckopen.com\/pt\/wp-json\/wp\/v2\/comments?post=6438"}],"wp:featuredmedia":[{"embeddable":true,"href":"https:\/\/rckopen.com\/pt\/wp-json\/wp\/v2\/media\/6458"}],"wp:attachment":[{"href":"https:\/\/rckopen.com\/pt\/wp-json\/wp\/v2\/media?parent=6438"}],"wp:term":[{"taxonomy":"product_brand","embeddable":true,"href":"https:\/\/rckopen.com\/pt\/wp-json\/wp\/v2\/product_brand?post=6438"},{"taxonomy":"product_cat","embeddable":true,"href":"https:\/\/rckopen.com\/pt\/wp-json\/wp\/v2\/product_cat?post=6438"},{"taxonomy":"product_tag","embeddable":true,"href":"https:\/\/rckopen.com\/pt\/wp-json\/wp\/v2\/product_tag?post=6438"}],"curies":[{"name":"wp","href":"https:\/\/api.w.org\/{rel}","templated":true}]}}