{"id":6439,"date":"2023-08-15T08:20:39","date_gmt":"2023-08-15T08:20:39","guid":{"rendered":"https:\/\/diligentplug.com\/chems\/?post_type=product&#038;p=6439"},"modified":"2025-02-04T05:12:59","modified_gmt":"2025-02-04T05:12:59","slug":"mephedrene-kopen","status":"publish","type":"product","link":"https:\/\/rckopen.com\/pt\/produto\/comprar-mefedreno\/","title":{"rendered":"Compre Mefedrena Online"},"content":{"rendered":"<h1>Comprar 5-MMPA (Mephedrene) online<\/h1>\n<p>Mephedrene Buy, 5-MMPA (Mephedrene ou 5-Methylmethiopropamine) \u00e9 um novo produto qu\u00edmico estimulante que se enquadra na fam\u00edlia Cathinone. Ainda n\u00e3o foi relatado muito sobre este produto qu\u00edmico, pois ele s\u00f3 est\u00e1 dispon\u00edvel no mercado de Research Chemical desde junho de 2020! A 5-MMPA pode ser comparada \u00e0 Methiopropamine (MPA) e \u00e0 4-FA (4-fluoroanfetamina) e \u00e9 tamb\u00e9m um an\u00e1logo da Mefedrona (4MMC)<a href=\"https:\/\/safemedistore.com\/\">.<\/a><\/p>\n<p>Procura comprar 5-MMPA (Mephedrene) online? Ent\u00e3o n\u00e3o procure mais do que [website], a principal fonte de produtos qu\u00edmicos de investiga\u00e7\u00e3o de alta qualidade. Oferecemos 5-MMPA para venda, e podemos fornec\u00ea-lo a clientes em todo o mundo, incluindo Canad\u00e1, Alemanha, Indon\u00e9sia, Europa, \u00c1frica, Israel, R\u00fassia, Holanda, Turquia, Tail\u00e2ndia, Jap\u00e3o e muitos outros pa\u00edses.<\/p>\n<p>Na rckopen.com, orgulhamo-nos de oferecer produtos da mais alta qualidade aos nossos clientes. Todos os nossos produtos s\u00e3o cuidadosamente testados quanto \u00e0 sua pureza e efic\u00e1cia e s\u00f3 trabalhamos com fornecedores fi\u00e1veis para garantir que os nossos clientes recebem sempre os melhores produtos poss\u00edveis<a href=\"https:\/\/rckopen.com\/pt\/produto\/bali-verde\/\">.<\/a><\/p>\n<p>Encomendar 5-MMPA em kansobiotech.com \u00e9 f\u00e1cil e seguro. Aceitamos v\u00e1rios m\u00e9todos de pagamento, incluindo Bitcoin, transfer\u00eancias banc\u00e1rias Entendemos que nossos clientes valorizam a privacidade e a discri\u00e7\u00e3o, e \u00e9 por isso que garantimos que todos os pedidos sejam discretamente embalados e enviados rapidamente.<\/p>\n<p>Se est\u00e1 \u00e0 procura de uma fonte fi\u00e1vel de 5-MMPA, n\u00e3o procure mais, kansobiotech.com. Estamos empenhados em fornecer aos nossos clientes os melhores produtos e servi\u00e7os poss\u00edveis, e estamos confiantes de que ficar\u00e1 satisfeito com a sua compra. Encomende hoje e descubra a diferen\u00e7a [website] por si mesmo!<\/p>\n<p>A rckopen.com oferece produtos que n\u00e3o se destinam ao consumo humano. O consumo deste produto (n\u00e3o intencional) pode ter consequ\u00eancias m\u00e9dicas graves.<\/p>","protected":false},"excerpt":{"rendered":"<p><strong>Nome IUPAC: <\/strong>N-metil-1-(5-metiltiofen-2-il)propan-2-amina<\/p>\n<p><strong>CAS # <\/strong>1340105-79-4<\/p>\n<p><strong>Outro nome: <\/strong>5-MMPA<\/p>\n<p><strong>An\u00e1lise NMR: <\/strong>C9H15NS<\/p>","protected":false},"featured_media":6459,"comment_status":"open","ping_status":"closed","template":"","meta":{"_joinchat":[]},"product_brand":[],"product_cat":[134],"product_tag":[],"class_list":{"0":"post-6439","1":"product","2":"type-product","3":"status-publish","4":"has-post-thumbnail","6":"product_cat-cathinon","8":"first","9":"instock","10":"shipping-taxable","11":"purchasable","12":"product-type-variable"},"yoast_head":"<!-- This site is optimized with the Yoast SEO plugin v26.3 - https:\/\/yoast.com\/wordpress\/plugins\/seo\/ -->\n<title>Mephedrene online Kopen - Mephedrene te koop | RC Kopen<\/title>\n<meta name=\"description\" content=\"Mephedrene Kopen, RC Kopen is een toonaangevende winkel waar u online wiet kunt kopen, Mephedrene online kunt kopen tegen de beste prijs.\" \/>\n<meta name=\"robots\" content=\"index, follow, max-snippet:-1, max-image-preview:large, max-video-preview:-1\" \/>\n<link rel=\"canonical\" href=\"https:\/\/rckopen.com\/pt\/produto\/comprar-mefedreno\/\" \/>\n<meta property=\"og:locale\" content=\"pt_PT\" \/>\n<meta property=\"og:type\" content=\"article\" \/>\n<meta property=\"og:title\" content=\"Mephedrene online Kopen - Mephedrene te koop | RC Kopen\" \/>\n<meta property=\"og:description\" content=\"Mephedrene Kopen, RC Kopen is een toonaangevende winkel waar u online wiet kunt kopen, Mephedrene online kunt kopen tegen de beste prijs.\" \/>\n<meta property=\"og:url\" content=\"https:\/\/rckopen.com\/pt\/produto\/comprar-mefedreno\/\" \/>\n<meta property=\"og:site_name\" content=\"RC Kopen\" \/>\n<meta property=\"article:modified_time\" content=\"2025-02-04T05:12:59+00:00\" \/>\n<meta property=\"og:image\" content=\"https:\/\/rckopen.com\/wp-content\/uploads\/2023\/08\/Mephedrone.jpg\" \/>\n\t<meta property=\"og:image:width\" content=\"600\" \/>\n\t<meta property=\"og:image:height\" content=\"600\" \/>\n\t<meta property=\"og:image:type\" content=\"image\/jpeg\" \/>\n<meta name=\"twitter:card\" content=\"summary_large_image\" \/>\n<meta name=\"twitter:label1\" content=\"Tempo estimado de leitura\" \/>\n\t<meta name=\"twitter:data1\" content=\"2 minutos\" \/>\n<script type=\"application\/ld+json\" class=\"yoast-schema-graph\">{\"@context\":\"https:\/\/schema.org\",\"@graph\":[{\"@type\":\"WebPage\",\"@id\":\"https:\/\/rckopen.com\/product\/mephedrene-kopen\/\",\"url\":\"https:\/\/rckopen.com\/product\/mephedrene-kopen\/\",\"name\":\"Mephedrene online Kopen - Mephedrene te koop | RC Kopen\",\"isPartOf\":{\"@id\":\"https:\/\/rckopen.com\/#website\"},\"primaryImageOfPage\":{\"@id\":\"https:\/\/rckopen.com\/product\/mephedrene-kopen\/#primaryimage\"},\"image\":{\"@id\":\"https:\/\/rckopen.com\/product\/mephedrene-kopen\/#primaryimage\"},\"thumbnailUrl\":\"https:\/\/rckopen.com\/wp-content\/uploads\/2023\/08\/Mephedrone.jpg\",\"datePublished\":\"2023-08-15T08:20:39+00:00\",\"dateModified\":\"2025-02-04T05:12:59+00:00\",\"description\":\"Mephedrene Kopen, RC Kopen is een toonaangevende winkel waar u online wiet kunt kopen, Mephedrene online kunt kopen tegen de beste prijs.\",\"breadcrumb\":{\"@id\":\"https:\/\/rckopen.com\/product\/mephedrene-kopen\/#breadcrumb\"},\"inLanguage\":\"pt-PT\",\"potentialAction\":[{\"@type\":\"ReadAction\",\"target\":[\"https:\/\/rckopen.com\/product\/mephedrene-kopen\/\"]}]},{\"@type\":\"ImageObject\",\"inLanguage\":\"pt-PT\",\"@id\":\"https:\/\/rckopen.com\/product\/mephedrene-kopen\/#primaryimage\",\"url\":\"https:\/\/rckopen.com\/wp-content\/uploads\/2023\/08\/Mephedrone.jpg\",\"contentUrl\":\"https:\/\/rckopen.com\/wp-content\/uploads\/2023\/08\/Mephedrone.jpg\",\"width\":600,\"height\":600,\"caption\":\"Mephedrene online Kopen\"},{\"@type\":\"BreadcrumbList\",\"@id\":\"https:\/\/rckopen.com\/product\/mephedrene-kopen\/#breadcrumb\",\"itemListElement\":[{\"@type\":\"ListItem\",\"position\":1,\"name\":\"Home\",\"item\":\"https:\/\/rckopen.com\/\"},{\"@type\":\"ListItem\",\"position\":2,\"name\":\"Shop\",\"item\":\"https:\/\/rckopen.com\/shop\/\"},{\"@type\":\"ListItem\",\"position\":3,\"name\":\"Mephedrene online kopen\"}]},{\"@type\":\"WebSite\",\"@id\":\"https:\/\/rckopen.com\/#website\",\"url\":\"https:\/\/rckopen.com\/\",\"name\":\"RC Kopen\",\"description\":\"Research Chemicals\",\"potentialAction\":[{\"@type\":\"SearchAction\",\"target\":{\"@type\":\"EntryPoint\",\"urlTemplate\":\"https:\/\/rckopen.com\/?s={search_term_string}\"},\"query-input\":{\"@type\":\"PropertyValueSpecification\",\"valueRequired\":true,\"valueName\":\"search_term_string\"}}],\"inLanguage\":\"pt-PT\"}]}<\/script>\n<!-- \/ Yoast SEO plugin. -->","yoast_head_json":{"title":"Mephedrene online Kopen - Mephedrene te koop | RC Kopen","description":"Mephedrene Kopen, RC Kopen is een toonaangevende winkel waar u online wiet kunt kopen, Mephedrene online kunt kopen tegen de beste prijs.","robots":{"index":"index","follow":"follow","max-snippet":"max-snippet:-1","max-image-preview":"max-image-preview:large","max-video-preview":"max-video-preview:-1"},"canonical":"https:\/\/rckopen.com\/pt\/produto\/comprar-mefedreno\/","og_locale":"pt_PT","og_type":"article","og_title":"Mephedrene online Kopen - Mephedrene te koop | RC Kopen","og_description":"Mephedrene Kopen, RC Kopen is een toonaangevende winkel waar u online wiet kunt kopen, Mephedrene online kunt kopen tegen de beste prijs.","og_url":"https:\/\/rckopen.com\/pt\/produto\/comprar-mefedreno\/","og_site_name":"RC Kopen","article_modified_time":"2025-02-04T05:12:59+00:00","og_image":[{"width":600,"height":600,"url":"https:\/\/rckopen.com\/wp-content\/uploads\/2023\/08\/Mephedrone.jpg","type":"image\/jpeg"}],"twitter_card":"summary_large_image","twitter_misc":{"Tempo estimado de leitura":"2 minutos"},"schema":{"@context":"https:\/\/schema.org","@graph":[{"@type":"WebPage","@id":"https:\/\/rckopen.com\/product\/mephedrene-kopen\/","url":"https:\/\/rckopen.com\/product\/mephedrene-kopen\/","name":"Mephedrene online Kopen - Mephedrene te koop | RC Kopen","isPartOf":{"@id":"https:\/\/rckopen.com\/#website"},"primaryImageOfPage":{"@id":"https:\/\/rckopen.com\/product\/mephedrene-kopen\/#primaryimage"},"image":{"@id":"https:\/\/rckopen.com\/product\/mephedrene-kopen\/#primaryimage"},"thumbnailUrl":"https:\/\/rckopen.com\/wp-content\/uploads\/2023\/08\/Mephedrone.jpg","datePublished":"2023-08-15T08:20:39+00:00","dateModified":"2025-02-04T05:12:59+00:00","description":"Mephedrene Kopen, RC Kopen is een toonaangevende winkel waar u online wiet kunt kopen, Mephedrene online kunt kopen tegen de beste prijs.","breadcrumb":{"@id":"https:\/\/rckopen.com\/product\/mephedrene-kopen\/#breadcrumb"},"inLanguage":"pt-PT","potentialAction":[{"@type":"ReadAction","target":["https:\/\/rckopen.com\/product\/mephedrene-kopen\/"]}]},{"@type":"ImageObject","inLanguage":"pt-PT","@id":"https:\/\/rckopen.com\/product\/mephedrene-kopen\/#primaryimage","url":"https:\/\/rckopen.com\/wp-content\/uploads\/2023\/08\/Mephedrone.jpg","contentUrl":"https:\/\/rckopen.com\/wp-content\/uploads\/2023\/08\/Mephedrone.jpg","width":600,"height":600,"caption":"Mephedrene online Kopen"},{"@type":"BreadcrumbList","@id":"https:\/\/rckopen.com\/product\/mephedrene-kopen\/#breadcrumb","itemListElement":[{"@type":"ListItem","position":1,"name":"Home","item":"https:\/\/rckopen.com\/"},{"@type":"ListItem","position":2,"name":"Shop","item":"https:\/\/rckopen.com\/shop\/"},{"@type":"ListItem","position":3,"name":"Mephedrene online kopen"}]},{"@type":"WebSite","@id":"https:\/\/rckopen.com\/#website","url":"https:\/\/rckopen.com\/","name":"RC Kopen","description":"Research Chemicals","potentialAction":[{"@type":"SearchAction","target":{"@type":"EntryPoint","urlTemplate":"https:\/\/rckopen.com\/?s={search_term_string}"},"query-input":{"@type":"PropertyValueSpecification","valueRequired":true,"valueName":"search_term_string"}}],"inLanguage":"pt-PT"}]}},"_links":{"self":[{"href":"https:\/\/rckopen.com\/pt\/wp-json\/wp\/v2\/product\/6439","targetHints":{"allow":["GET"]}}],"collection":[{"href":"https:\/\/rckopen.com\/pt\/wp-json\/wp\/v2\/product"}],"about":[{"href":"https:\/\/rckopen.com\/pt\/wp-json\/wp\/v2\/types\/product"}],"replies":[{"embeddable":true,"href":"https:\/\/rckopen.com\/pt\/wp-json\/wp\/v2\/comments?post=6439"}],"wp:featuredmedia":[{"embeddable":true,"href":"https:\/\/rckopen.com\/pt\/wp-json\/wp\/v2\/media\/6459"}],"wp:attachment":[{"href":"https:\/\/rckopen.com\/pt\/wp-json\/wp\/v2\/media?parent=6439"}],"wp:term":[{"taxonomy":"product_brand","embeddable":true,"href":"https:\/\/rckopen.com\/pt\/wp-json\/wp\/v2\/product_brand?post=6439"},{"taxonomy":"product_cat","embeddable":true,"href":"https:\/\/rckopen.com\/pt\/wp-json\/wp\/v2\/product_cat?post=6439"},{"taxonomy":"product_tag","embeddable":true,"href":"https:\/\/rckopen.com\/pt\/wp-json\/wp\/v2\/product_tag?post=6439"}],"curies":[{"name":"wp","href":"https:\/\/api.w.org\/{rel}","templated":true}]}}