{"id":6444,"date":"2023-08-15T08:36:48","date_gmt":"2023-08-15T08:36:48","guid":{"rendered":"https:\/\/diligentplug.com\/chems\/?post_type=product&#038;p=6444"},"modified":"2025-02-03T05:21:26","modified_gmt":"2025-02-03T05:21:26","slug":"a-pihp-crystals","status":"publish","type":"product","link":"https:\/\/rckopen.com\/pt\/produto\/um-cristais-pihp\/","title":{"rendered":"Compre cristais A-PiHP online"},"content":{"rendered":"<h2>A rckopen.com oferece produtos que n\u00e3o se destinam ao consumo humano.<br \/>\nAlgemene informatie over A-PiHP\u00a0 kristallen<\/h2>\n<p><a href=\"https:\/\/rckopen.com\/pt\/produto\/um-cristais-pihp\/\">Compre A-Pihp Crystal online<\/a>, A-PiHP \u00e9 um composto estimulante que pertence ao grupo de produtos qu\u00edmicos catinona e pirovalerona e foi criado no final de 2015. \u00c9 o resultado da compreens\u00e3o da rela\u00e7\u00e3o quantitativa estrutura-atividade dos derivados da pirovalerona e da catinona conhecidos como NDRI (inibidor da recapta\u00e7\u00e3o de noradrenalina-dopamina)<a href=\"https:\/\/rckopen.com\/pt\/produto\/2-metil-ap-237-20mg-pellets\/\">.<\/a><\/p>\n<p>Desta vez, o nosso grupo produziu um composto muito espec\u00edfico com uma parcialidade muito maior na restri\u00e7\u00e3o e supress\u00e3o do transportador de dopamina do que do transportador de norepinefrina. Formou a mesma subst\u00e2ncia qu\u00edmica dependente da por\u00e7\u00e3o, que pode produzir uma enorme variedade de efeitos. Tamb\u00e9m \u00e9 poss\u00edvel que esta subst\u00e2ncia tenha uma baixa parcialidade para o transportador de serotonina; mas para as quantidades esperadas para uma explora\u00e7\u00e3o bem sucedida, quem pode ignorar este impacto?<\/p>\n<p>Supondo que ainda est\u00e1 a ponderar se deve comprar este produto qu\u00edmico, eis os dados que acabar\u00e3o por o convencer<a href=\"https:\/\/chemswell.com\/product-category\/crystal-meth\/\">.<\/a><\/p>\n<p>\u0391-PiHP \u00e9 um substituto completo para \u03b1-PVP e Pentedrone e mostra efeitos semelhantes e, surpreendentemente, mais avan\u00e7ados de acordo com estudos estruturais. Apenas 5 mg de a-PiHP s\u00e3o necess\u00e1rios para o sucesso do teste; No entanto, geralmente \u00e9 expandido com seguran\u00e7a para o m\u00e1ximo de 25 mg no primeiro teste de laborat\u00f3rio. <a href=\"https:\/\/en.wikipedia.org\/wiki\/%CE%91-PHiP\">\u00a0A-Pihp<\/a> Compre cristal online.<\/p>\n<p>A dura\u00e7\u00e3o da rea\u00e7\u00e3o qu\u00edmica no centro de investiga\u00e7\u00e3o come\u00e7a em 20 segundos a 5 minutos (dependendo do equipamento de laborat\u00f3rio utilizado), com resultados globais introduzidos ap\u00f3s 15 minutos e permanecendo est\u00e1veis durante mais de uma hora e meia.<\/p>\n<h3>Composi\u00e7\u00e3o qu\u00edmica dos cristais de A-PiHP<\/h3>\n<p>Os cristais de \u0391-PiHP, ou \u03b1-pirrolidinohexanofenona, s\u00e3o um composto das classes qu\u00edmicas da catinona substitu\u00edda e da pirrolidina subbed. O desenho inclui hexanal ligado a um anel fenilo numa posi\u00e7\u00e3o e o azoto de um anel pirrolidina nas duas posi\u00e7\u00f5es.<\/p>\n<p>O \u0391-PHP \u00e9 o hom\u00f3logo com uma cadeia mais longa do \u03b1-PVP, com carbono adicional na cadeia lateral de alquilo. A equa\u00e7\u00e3o qu\u00edmica \u00e9 C16H23NO e a massa molar \u00e9 245,366 g-mol-1.<\/p>\n<h3>Farmacologia Cristais de A-PiHP<\/h3>\n<p>O mecanismo de a\u00e7\u00e3o da \u03b1-PHP n\u00e3o \u00e9 claro. Para al\u00e9m de uma dura\u00e7\u00e3o significativamente mais limitada, \u00e9 plaus\u00edvel que actue de forma semelhante aos produtos qu\u00edmicos de investiga\u00e7\u00e3o pentedrona e \u03b1-PVP, ambos potentes inibidores da recapta\u00e7\u00e3o da noradrenalina-dopamina (NDRI). No entanto, ainda n\u00e3o foi efectuada qualquer investiga\u00e7\u00e3o significativa sobre a farmacologia deste composto.<\/p>\n<p>Implica que pode ajudar os n\u00edveis dos neurotransmissores noradrenalina e dopamina na mente, restringindo e, em certa medida, impedindo as prote\u00ednas de transporte que normalmente removem estas monoaminas da fenda sin\u00e1ptica. Permite que a dopamina e a noradrenalina se acumulem no cerebelo, proporcionando efeitos estimulantes e euf\u00f3ricos.<\/p>\n<h3>Comprar cristais de A-PiHP de alta qualidade<\/h3>\n<p><a href=\"https:\/\/rckopen.com\/pt\/\">RC Kopen<\/a> tem muitos anos de experi\u00eancia no setor de design de produtos qu\u00edmicos para pesquisa, o que nos permite garantir a mais alta qualidade desses produtos qu\u00edmicos para pesquisa. A equipe de Pesquisa Qu\u00edmica vende cristais A-PiHP. Produtos qu\u00edmicos de pesquisa, incluindo cristais A-PiHP, atendem a todos os requisitos de seguran\u00e7a. Os produtos qu\u00edmicos de pesquisa s\u00e3o cuidadosamente distribu\u00eddos e armazenados em local fresco e seco.<\/p>\n<p>Todos os produtos s\u00e3o objeto de controlos regulares de qualidade, pureza e seguran\u00e7a. Guardar sempre os cristais de A-PiHP \u00e0 temperatura ambiente e fora do alcance das crian\u00e7as e dos animais dom\u00e9sticos. Os nossos cristais de A-PiHP n\u00e3o se destinam a uso pessoal. Destinam-se apenas a fins de investiga\u00e7\u00e3o.<\/p>\n<p>N\u00e3o deve ser misturado com \u00e1lcool ou produtos qu\u00edmicos de investiga\u00e7\u00e3o quando se examina este produto qu\u00edmico!<\/p>\n<p>Todos os nossos produtos t\u00eam um pre\u00e7o justo!<\/p>\n<h3>Cristais de A-PiHP testados em laborat\u00f3rio com resultados.<\/h3>\n<p>A Remakes est\u00e1 empenhada na satisfa\u00e7\u00e3o global dos seus clientes. V\u00e1rios estudos demonstraram que os clientes pedem o m\u00e1ximo de dados poss\u00edvel antes de comprarem produtos qu\u00edmicos sint\u00e9ticos para investiga\u00e7\u00e3o. Al\u00e9m disso, publicamos todos os resultados laboratoriais de cada composto de investiga\u00e7\u00e3o num ficheiro PDF.<\/p>\n<p>Os nossos cristais de A-PiHP encontram consistentemente os ingredientes activos e s\u00e3o imediatamente vis\u00edveis para todos.<\/p>\n<p>Publicamos todos os resultados laboratoriais de cada produto qu\u00edmico de investiga\u00e7\u00e3o num documento PDF.<\/p>\n<h3>Encomenda segura de cristais A-PiHP.<\/h3>\n<p>Os produtos qu\u00edmicos de investiga\u00e7\u00e3o da RC Kopen s\u00e3o de excelente qualidade e t\u00eam um pre\u00e7o justo. Por conseguinte, quando solicita os seus produtos qu\u00edmicos de investiga\u00e7\u00e3o \u00e0 RC Kopen, garantimos que entregaremos o seu pedido em sua casa de forma r\u00e1pida e segura, uma vez que as vendas de produtos qu\u00edmicos de investiga\u00e7\u00e3o est\u00e3o sempre dispon\u00edveis na RC Kopen.<\/p>\n<p>Solicitar produtos qu\u00edmicos sint\u00e9ticos para investiga\u00e7\u00e3o com Bitcoin ou transfer\u00eancia banc\u00e1ria \u00e9 f\u00e1cil na RC Kopen.<\/p>\n<p>Enviamos os produtos qu\u00edmicos de investiga\u00e7\u00e3o em p\u00f3 no mesmo dia \u00fatil se o pagamento for recebido at\u00e9 \u00e0s 15:00 PM CEST.<\/p>\n<p>N\u00e3o efectuamos entregas a pessoas com menos de 18 anos!<\/p>\n<p>Venda de produtos qu\u00edmicos apenas para fins de investiga\u00e7\u00e3o.<\/p>\n<h3>Expedi\u00e7\u00e3o discreta de produtos qu\u00edmicos para investiga\u00e7\u00e3o.<\/h3>\n<p>A RC Buy embalar\u00e1 a sua encomenda de forma segura e protegida para garantir um transporte adequado. Para al\u00e9m disso, embalamos de forma perfeitamente discreta, e nenhum sinal do que possa estar no interior aparecer\u00e1 no exterior.<\/p>\n<h3>Precau\u00e7\u00f5es<\/h3>\n<ul>\n<li>Compre cristais A-PiHP e o equipamento de prote\u00e7\u00e3o individual apropriado, como \u00f3culos de seguran\u00e7a e luvas. Limpe e cuide deles adequadamente. Siga sistemas seguros ao manusear produtos qu\u00edmicos para pesquisa e n\u00e3o tome atalhos.<\/li>\n<li>Se o produto qu\u00edmico do estudo entrar em contacto com os olhos, enxaguar bem e retirar as lentes de contacto, se tal for fundamental.<\/li>\n<li>Tente usar uma m\u00e1scara quando utilizar estes produtos qu\u00edmicos para que n\u00e3o possam entrar em si enquanto respira.<\/li>\n<li>Tal como os m\u00e9todos apoiados indicam, deve manusear, armazenar e eliminar as mat\u00e9rias perigosas de forma segura. Nunca as deitar nos esgotos ou canais Comprar A-Pihp Crystal .<\/li>\n<li>Armazenar os produtos qu\u00edmicos para investiga\u00e7\u00e3o de forma adequada, conforme indicado pelo nome. Os produtos qu\u00edmicos inflam\u00e1veis devem ser armazenados em can\u00e1bis excelentes e secos, longe da intensidade e da luz do dia. Algumas subst\u00e2ncias sint\u00e9ticas, como os \u00e1cidos, devem ser armazenadas de forma aut\u00f3noma.<\/li>\n<li>RC Buy oferecido para fins de investiga\u00e7\u00e3o; consumo humano estritamente proibido.<\/li>\n<\/ul>","protected":false},"excerpt":{"rendered":"<p><strong>Nome IUPAC<\/strong>4-metil-1-fenil-2-(pirrolidin-1-il)pentano-1-ona<\/p>\n<p>CAS # 2181620-71-1<\/p>\n<p><strong>Apar\u00eancia<\/strong>: cristais esbranqui\u00e7ados<\/p>\n<p><strong>An\u00e1lise NMR:<\/strong> C16H23NO<\/p>","protected":false},"featured_media":6464,"comment_status":"open","ping_status":"closed","template":"","meta":{"_joinchat":[]},"product_brand":[],"product_cat":[134],"product_tag":[],"class_list":{"0":"post-6444","1":"product","2":"type-product","3":"status-publish","4":"has-post-thumbnail","6":"product_cat-cathinon","8":"first","9":"instock","10":"shipping-taxable","11":"purchasable","12":"product-type-variable"},"yoast_head":"<!-- This site is optimized with the Yoast SEO plugin v26.3 - https:\/\/yoast.com\/wordpress\/plugins\/seo\/ -->\n<title>A-Pihp Crystal online kopen - A-PCYP te koop - RCKOPEN<\/title>\n<meta name=\"description\" content=\"A-Pihp Crystal online te kopen bij onze Rckopen. Wij hebben uitsluitend te maken met A-Pihp Crystal te koop tegen goedkope tarieven. Koop A-Pihp Crystal .\" \/>\n<meta name=\"robots\" content=\"index, follow, max-snippet:-1, max-image-preview:large, max-video-preview:-1\" \/>\n<link rel=\"canonical\" href=\"https:\/\/rckopen.com\/pt\/produto\/um-cristais-pihp\/\" \/>\n<meta property=\"og:locale\" content=\"pt_PT\" \/>\n<meta property=\"og:type\" content=\"article\" \/>\n<meta property=\"og:title\" content=\"A-Pihp Crystal online kopen - A-PCYP te koop - RCKOPEN\" \/>\n<meta property=\"og:description\" content=\"A-Pihp Crystal online te kopen bij onze Rckopen. Wij hebben uitsluitend te maken met A-Pihp Crystal te koop tegen goedkope tarieven. Koop A-Pihp Crystal .\" \/>\n<meta property=\"og:url\" content=\"https:\/\/rckopen.com\/pt\/produto\/um-cristais-pihp\/\" \/>\n<meta property=\"og:site_name\" content=\"RC Kopen\" \/>\n<meta property=\"article:modified_time\" content=\"2025-02-03T05:21:26+00:00\" \/>\n<meta property=\"og:image\" content=\"https:\/\/rckopen.com\/wp-content\/uploads\/2023\/08\/A-PiHP-crystals.jpg\" \/>\n\t<meta property=\"og:image:width\" content=\"600\" \/>\n\t<meta property=\"og:image:height\" content=\"600\" \/>\n\t<meta property=\"og:image:type\" content=\"image\/jpeg\" \/>\n<meta name=\"twitter:card\" content=\"summary_large_image\" \/>\n<meta name=\"twitter:label1\" content=\"Tempo estimado de leitura\" \/>\n\t<meta name=\"twitter:data1\" content=\"5 minutos\" \/>\n<script type=\"application\/ld+json\" class=\"yoast-schema-graph\">{\"@context\":\"https:\/\/schema.org\",\"@graph\":[{\"@type\":\"WebPage\",\"@id\":\"https:\/\/rckopen.com\/product\/a-pihp-crystals\/\",\"url\":\"https:\/\/rckopen.com\/product\/a-pihp-crystals\/\",\"name\":\"A-Pihp Crystal online kopen - A-PCYP te koop - RCKOPEN\",\"isPartOf\":{\"@id\":\"https:\/\/rckopen.com\/#website\"},\"primaryImageOfPage\":{\"@id\":\"https:\/\/rckopen.com\/product\/a-pihp-crystals\/#primaryimage\"},\"image\":{\"@id\":\"https:\/\/rckopen.com\/product\/a-pihp-crystals\/#primaryimage\"},\"thumbnailUrl\":\"https:\/\/rckopen.com\/wp-content\/uploads\/2023\/08\/A-PiHP-crystals.jpg\",\"datePublished\":\"2023-08-15T08:36:48+00:00\",\"dateModified\":\"2025-02-03T05:21:26+00:00\",\"description\":\"A-Pihp Crystal online te kopen bij onze Rckopen. Wij hebben uitsluitend te maken met A-Pihp Crystal te koop tegen goedkope tarieven. Koop A-Pihp Crystal .\",\"breadcrumb\":{\"@id\":\"https:\/\/rckopen.com\/product\/a-pihp-crystals\/#breadcrumb\"},\"inLanguage\":\"pt-PT\",\"potentialAction\":[{\"@type\":\"ReadAction\",\"target\":[\"https:\/\/rckopen.com\/product\/a-pihp-crystals\/\"]}]},{\"@type\":\"ImageObject\",\"inLanguage\":\"pt-PT\",\"@id\":\"https:\/\/rckopen.com\/product\/a-pihp-crystals\/#primaryimage\",\"url\":\"https:\/\/rckopen.com\/wp-content\/uploads\/2023\/08\/A-PiHP-crystals.jpg\",\"contentUrl\":\"https:\/\/rckopen.com\/wp-content\/uploads\/2023\/08\/A-PiHP-crystals.jpg\",\"width\":600,\"height\":600,\"caption\":\"A-Pihp Crystal online kopen\"},{\"@type\":\"BreadcrumbList\",\"@id\":\"https:\/\/rckopen.com\/product\/a-pihp-crystals\/#breadcrumb\",\"itemListElement\":[{\"@type\":\"ListItem\",\"position\":1,\"name\":\"Home\",\"item\":\"https:\/\/rckopen.com\/\"},{\"@type\":\"ListItem\",\"position\":2,\"name\":\"Shop\",\"item\":\"https:\/\/rckopen.com\/shop\/\"},{\"@type\":\"ListItem\",\"position\":3,\"name\":\"A-PiHP crystals online kopen\"}]},{\"@type\":\"WebSite\",\"@id\":\"https:\/\/rckopen.com\/#website\",\"url\":\"https:\/\/rckopen.com\/\",\"name\":\"RC Kopen\",\"description\":\"Research Chemicals\",\"potentialAction\":[{\"@type\":\"SearchAction\",\"target\":{\"@type\":\"EntryPoint\",\"urlTemplate\":\"https:\/\/rckopen.com\/?s={search_term_string}\"},\"query-input\":{\"@type\":\"PropertyValueSpecification\",\"valueRequired\":true,\"valueName\":\"search_term_string\"}}],\"inLanguage\":\"pt-PT\"}]}<\/script>\n<!-- \/ Yoast SEO plugin. -->","yoast_head_json":{"title":"A-Pihp Crystal online kopen - A-PCYP te koop - RCKOPEN","description":"A-Pihp Crystal online te kopen bij onze Rckopen. Wij hebben uitsluitend te maken met A-Pihp Crystal te koop tegen goedkope tarieven. Koop A-Pihp Crystal .","robots":{"index":"index","follow":"follow","max-snippet":"max-snippet:-1","max-image-preview":"max-image-preview:large","max-video-preview":"max-video-preview:-1"},"canonical":"https:\/\/rckopen.com\/pt\/produto\/um-cristais-pihp\/","og_locale":"pt_PT","og_type":"article","og_title":"A-Pihp Crystal online kopen - A-PCYP te koop - RCKOPEN","og_description":"A-Pihp Crystal online te kopen bij onze Rckopen. Wij hebben uitsluitend te maken met A-Pihp Crystal te koop tegen goedkope tarieven. Koop A-Pihp Crystal .","og_url":"https:\/\/rckopen.com\/pt\/produto\/um-cristais-pihp\/","og_site_name":"RC Kopen","article_modified_time":"2025-02-03T05:21:26+00:00","og_image":[{"width":600,"height":600,"url":"https:\/\/rckopen.com\/wp-content\/uploads\/2023\/08\/A-PiHP-crystals.jpg","type":"image\/jpeg"}],"twitter_card":"summary_large_image","twitter_misc":{"Tempo estimado de leitura":"5 minutos"},"schema":{"@context":"https:\/\/schema.org","@graph":[{"@type":"WebPage","@id":"https:\/\/rckopen.com\/product\/a-pihp-crystals\/","url":"https:\/\/rckopen.com\/product\/a-pihp-crystals\/","name":"A-Pihp Crystal online kopen - A-PCYP te koop - RCKOPEN","isPartOf":{"@id":"https:\/\/rckopen.com\/#website"},"primaryImageOfPage":{"@id":"https:\/\/rckopen.com\/product\/a-pihp-crystals\/#primaryimage"},"image":{"@id":"https:\/\/rckopen.com\/product\/a-pihp-crystals\/#primaryimage"},"thumbnailUrl":"https:\/\/rckopen.com\/wp-content\/uploads\/2023\/08\/A-PiHP-crystals.jpg","datePublished":"2023-08-15T08:36:48+00:00","dateModified":"2025-02-03T05:21:26+00:00","description":"A-Pihp Crystal online te kopen bij onze Rckopen. Wij hebben uitsluitend te maken met A-Pihp Crystal te koop tegen goedkope tarieven. Koop A-Pihp Crystal .","breadcrumb":{"@id":"https:\/\/rckopen.com\/product\/a-pihp-crystals\/#breadcrumb"},"inLanguage":"pt-PT","potentialAction":[{"@type":"ReadAction","target":["https:\/\/rckopen.com\/product\/a-pihp-crystals\/"]}]},{"@type":"ImageObject","inLanguage":"pt-PT","@id":"https:\/\/rckopen.com\/product\/a-pihp-crystals\/#primaryimage","url":"https:\/\/rckopen.com\/wp-content\/uploads\/2023\/08\/A-PiHP-crystals.jpg","contentUrl":"https:\/\/rckopen.com\/wp-content\/uploads\/2023\/08\/A-PiHP-crystals.jpg","width":600,"height":600,"caption":"A-Pihp Crystal online kopen"},{"@type":"BreadcrumbList","@id":"https:\/\/rckopen.com\/product\/a-pihp-crystals\/#breadcrumb","itemListElement":[{"@type":"ListItem","position":1,"name":"Home","item":"https:\/\/rckopen.com\/"},{"@type":"ListItem","position":2,"name":"Shop","item":"https:\/\/rckopen.com\/shop\/"},{"@type":"ListItem","position":3,"name":"A-PiHP crystals online kopen"}]},{"@type":"WebSite","@id":"https:\/\/rckopen.com\/#website","url":"https:\/\/rckopen.com\/","name":"RC Kopen","description":"Research Chemicals","potentialAction":[{"@type":"SearchAction","target":{"@type":"EntryPoint","urlTemplate":"https:\/\/rckopen.com\/?s={search_term_string}"},"query-input":{"@type":"PropertyValueSpecification","valueRequired":true,"valueName":"search_term_string"}}],"inLanguage":"pt-PT"}]}},"_links":{"self":[{"href":"https:\/\/rckopen.com\/pt\/wp-json\/wp\/v2\/product\/6444","targetHints":{"allow":["GET"]}}],"collection":[{"href":"https:\/\/rckopen.com\/pt\/wp-json\/wp\/v2\/product"}],"about":[{"href":"https:\/\/rckopen.com\/pt\/wp-json\/wp\/v2\/types\/product"}],"replies":[{"embeddable":true,"href":"https:\/\/rckopen.com\/pt\/wp-json\/wp\/v2\/comments?post=6444"}],"wp:featuredmedia":[{"embeddable":true,"href":"https:\/\/rckopen.com\/pt\/wp-json\/wp\/v2\/media\/6464"}],"wp:attachment":[{"href":"https:\/\/rckopen.com\/pt\/wp-json\/wp\/v2\/media?parent=6444"}],"wp:term":[{"taxonomy":"product_brand","embeddable":true,"href":"https:\/\/rckopen.com\/pt\/wp-json\/wp\/v2\/product_brand?post=6444"},{"taxonomy":"product_cat","embeddable":true,"href":"https:\/\/rckopen.com\/pt\/wp-json\/wp\/v2\/product_cat?post=6444"},{"taxonomy":"product_tag","embeddable":true,"href":"https:\/\/rckopen.com\/pt\/wp-json\/wp\/v2\/product_tag?post=6444"}],"curies":[{"name":"wp","href":"https:\/\/api.w.org\/{rel}","templated":true}]}}