{"id":6449,"date":"2023-08-15T08:45:20","date_gmt":"2023-08-15T08:45:20","guid":{"rendered":"https:\/\/diligentplug.com\/chems\/?post_type=product&#038;p=6449"},"modified":"2025-02-03T10:40:44","modified_gmt":"2025-02-03T10:40:44","slug":"fluorexetamine-fxe","status":"publish","type":"product","link":"https:\/\/rckopen.com\/pt\/produto\/fluorexetamina-fxe\/","title":{"rendered":"Compre Fluorexetamina (FXE) Online"},"content":{"rendered":"<h2>A rckopen.com oferece produtos que n\u00e3o se destinam ao consumo humano.<br \/>\nGeneral information Fluorexetamine Online kopen<\/h2>\n<p><a href=\"https:\/\/rckopen.com\/pt\/produto\/fluorexetamina-fxe\/\">Fluorexetamine<\/a>\u00a0(cloridrato) \u00e9 um padr\u00e3o anal\u00edtico cient\u00edfico classificado como uma arilciclohexilamina. Este item \u00e9 planejado para pesquisa e aplica\u00e7\u00f5es mensur\u00e1veis.<\/p>\n<p>Fluorexetamina \u00e9 um planejador esportivo\u00a0Research Chemical\u00a0com impactos dissociativos. Um produto qu\u00edmico de pesquisa esportiva conhecido como <a href=\"https:\/\/en.wikipedia.org\/wiki\/Fluoxetine\">Fluorexetamine<\/a> (3-Fluoro-2-Oxo-PCE, FXE) se ha vendido a trav\u00e9s de Internet desde aproximadamente 2017.<\/p>\n<p>Embora j\u00e1 exista h\u00e1 algum tempo, continua a ser geralmente pouco comum. A fluorexetamina \u00e9 um produto qu\u00edmico de pesquisa de planejadores esportivos da fam\u00edlia da arilciclohexilamina, e seus pertences podem ser muito dissociativos. No entanto, est\u00e1 pronta para circular na Internet desde 2017 e a sua utiliza\u00e7\u00e3o manteve-se moderadamente sem precedentes.<\/p>\n<p>Isso mudou em abril de 2022, quando o reconhecimento algor\u00edtmico do produto qu\u00edmico de investiga\u00e7\u00e3o no Reddit provocou um alarme. A partir desse momento, as notifica\u00e7\u00f5es de Fluorexetamina aumentaram mais de duas vezes, por mais que estivessem no seu m\u00e1ximo anterior em abril de 2022. As propriedades fisiol\u00f3gicas e toxicol\u00f3gicas deste composto n\u00e3o foram examinadas. A utiliza\u00e7\u00e3o deste produto qu\u00edmico deve ser para fins de pesquisa e mensur\u00e1veis, por assim dizer. Prevenir este item n\u00e3o \u00e9 tanto para uso humano ou veterin\u00e1rio.<\/p>\n<h3>Composi\u00e7\u00e3o qu\u00edmica da fluorexetamina<\/h3>\n<p>A fluorexetamina (3\u2032- Fluoro-2-oxo-PCE, FXE) \u00e9 um produto qu\u00edmico de investiga\u00e7\u00e3o desportiva da fam\u00edlia das arilciclohexilaminas com impactos dissociativos. Supostamente, foi vendido na web desde cerca de 2017. No entanto, manteve-se moderadamente extraordin\u00e1rio.<\/p>\n<p>A sua equa\u00e7\u00e3o \u00e9 C14H18FNO, e a sua massa molar \u00e9 235,302 g-mol-1.<\/p>\n<h3>Farmacologia da Fluorexetamina<\/h3>\n<p>A fluoxetina exerce os seus efeitos obstruindo a recapta\u00e7\u00e3o da serotonina nos neur\u00f3nios pr\u00e9-sin\u00e1pticos da serotonina, ao impedir a prote\u00edna transportadora da recapta\u00e7\u00e3o situada no terminal pr\u00e9-sin\u00e1ptico. Al\u00e9m disso, a fluoxetina tem uma a\u00e7\u00e3o suave nos receptores 5HT2A e 5HT2C.<\/p>\n<p>A fluoxetina \u00e9 consumida ap\u00f3s a administra\u00e7\u00e3o oral, est\u00e1 profundamente ligada \u00e0s prote\u00ednas e tem um enorme volume de transporte. A semi-exist\u00eancia de elimina\u00e7\u00e3o da fluoxetina \u00e9 de cerca de 1 a 4 dias, enquanto a do seu metabolito norfluoxetina \u00e9 de 7 a 15 dias. A fluoxetina tem um perfil farmacocin\u00e9tico n\u00e3o linear.<\/p>\n<h3>Comprar Fluorexetamina de alta qualidade online<\/h3>\n<p><a href=\"http:\/\/rckopen.com\/pt\/\">RC Kopen<\/a> tiene muchos a\u00f1os de experiencia en la industria del dise\u00f1o de productos qu\u00edmicos de investigaci\u00f3n, lo que nos permite garantizar la m\u00e1s alta calidad de estos productos qu\u00edmicos de investigaci\u00f3n. El equipo de productos qu\u00edmicos de investigaci\u00f3n vende Fluorexetamina. Los productos qu\u00edmicos de investigaci\u00f3n, incluidas las Fluorexetaminas, cumplen con todos los requisitos de seguridad. Los productos qu\u00edmicos de investigaci\u00f3n se distribuyen y almacenan con cuidado en un lugar fresco y seco.<\/p>\n<p>Todos os produtos s\u00e3o regularmente inspeccionados quanto \u00e0 qualidade, pureza e seguran\u00e7a. Conservar sempre a Fluorexetamina \u00e0 temperatura ambiente e fora do alcance das crian\u00e7as e dos animais dom\u00e9sticos. A nossa Fluorexetamina n\u00e3o se destina a uso pessoal. Destina-se apenas a fins de investiga\u00e7\u00e3o.<\/p>\n<p>N\u00e3o deve ser misturado com \u00e1lcool ou produtos qu\u00edmicos de investiga\u00e7\u00e3o durante a investiga\u00e7\u00e3o deste produto qu\u00edmico de investiga\u00e7\u00e3o!<\/p>\n<p>Todos os nossos produtos t\u00eam um pre\u00e7o justo!<\/p>\n<h3>Fluorexetamina testada em laborat\u00f3rio com resultados.<\/h3>\n<p>A Remakes progride no sentido da satisfa\u00e7\u00e3o geral dos seus clientes. Diferentes exames mostraram que os clientes solicitam tantos dados quanto o esperado antes de comprarem produtos qu\u00edmicos sint\u00e9ticos para investiga\u00e7\u00e3o. Al\u00e9m disso, publicamos todas as consequ\u00eancias laboratoriais de cada composto de exame num registo PDF.<\/p>\n<p>O nosso Fluorexetamine Crystal cumpre consistentemente os ingredientes activos e pode ser visto diretamente por todos.<\/p>\n<p>Distribu\u00edmos todas as consequ\u00eancias laboratoriais de cada produto qu\u00edmico de investiga\u00e7\u00e3o num documento PDF.<\/p>\n<h3>Encomendar com seguran\u00e7a a partir de Fluorexetamine.<\/h3>\n<p>Os produtos qu\u00edmicos de investiga\u00e7\u00e3o da RC Kopen s\u00e3o de excelente qualidade e t\u00eam um custo justo. Por conseguinte, quando solicita os seus produtos qu\u00edmicos de investiga\u00e7\u00e3o na RC Kopen, garantimos que enviaremos o seu pedido para sua casa de forma r\u00e1pida e segura, uma vez que a venda de produtos qu\u00edmicos de investiga\u00e7\u00e3o est\u00e1 sempre dispon\u00edvel na RC Kopen.<\/p>\n<p>Solicitar compostos de investiga\u00e7\u00e3o sint\u00e9ticos com Bitcoin ou transfer\u00eancia banc\u00e1ria \u00e9 simples na RC Kopen.<\/p>\n<p>Enviamos o p\u00f3 qu\u00edmico de investiga\u00e7\u00e3o no mesmo dia \u00fatil se o pagamento for recebido antes das 15:00 CEST.<\/p>\n<p>N\u00e3o fornecemos artigos a pessoas com menos de 18 anos!<\/p>\n<p>A venda de produtos qu\u00edmicos para investiga\u00e7\u00e3o destina-se apenas a fins de investiga\u00e7\u00e3o.<\/p>\n<p>Expedi\u00e7\u00e3o discreta de produtos qu\u00edmicos para investiga\u00e7\u00e3o.<\/p>\n<p>A RC Kopen embala a sua encomenda de forma segura e protegida para garantir um transporte correto. Para al\u00e9m disso, embalamos de forma perfeitamente discreta, e nenhum sinal do que possa estar no interior ser\u00e1 mostrado no exterior.<\/p>\n<h3>Precau\u00e7\u00f5es<\/h3>\n<ul>\n<li>Adquira o equipamento de prote\u00e7\u00e3o individual adequado, como \u00f3culos de prote\u00e7\u00e3o e luvas. Limpe-os e cuide deles adequadamente. Siga sistemas seguros quando manusear produtos qu\u00edmicos de investiga\u00e7\u00e3o e n\u00e3o tome atalhos.<\/li>\n<li>Se o produto qu\u00edmico de investiga\u00e7\u00e3o entrar em contacto com os olhos, lavar bem e eliminar as lentes de contacto, se necess\u00e1rio.<\/li>\n<li>Tente usar uma m\u00e1scara quando utilizar estes produtos qu\u00edmicos para que n\u00e3o entrem em contacto consigo enquanto respira.<\/li>\n<li>Tal como os m\u00e9todos suportados indicam, manusear, armazenar e eliminar de forma segura os materiais perigosos. Nunca os deitar nos esgotos ou canais.<\/li>\n<li>Armazene os produtos qu\u00edmicos de investiga\u00e7\u00e3o de forma adequada, conforme indicado nos seus nomes. Os produtos qu\u00edmicos inflam\u00e1veis devem ser guardados em can\u00e1bis excelente e seca, longe da intensidade e da luz do dia. Alguns produtos sint\u00e9ticos, como os \u00e1cidos, devem ser guardados independentemente uns dos outros.<\/li>\n<li>As RC Buy oferecidas na rc destinam-se a fins de investiga\u00e7\u00e3o; o consumo humano \u00e9 altamente proibido.<\/li>\n<\/ul>","protected":false},"excerpt":{"rendered":"<p><strong>Nome IUPAC: <\/strong>2-(etilamino)-2-(3-fluorofenil)ciclohexano-1-ona<\/p>\n<p><strong>Outro nome: <\/strong>FXE<\/p>\n<p><strong>Forma: <\/strong>cristal<\/p>\n<p><strong>An\u00e1lise NMR: <\/strong>C14H18FNO<\/p>","protected":false},"featured_media":6468,"comment_status":"open","ping_status":"closed","template":"","meta":{"_joinchat":[]},"product_brand":[],"product_cat":[137],"product_tag":[],"class_list":{"0":"post-6449","1":"product","2":"type-product","3":"status-publish","4":"has-post-thumbnail","6":"product_cat-dissociatieven","8":"first","9":"instock","10":"shipping-taxable","11":"purchasable","12":"product-type-variable"},"yoast_head":"<!-- This site is optimized with the Yoast SEO plugin v26.3 - https:\/\/yoast.com\/wordpress\/plugins\/seo\/ -->\n<title>Fluorexrtamine FXE te koop - Fluorexrtamine FXE online kopen<\/title>\n<meta name=\"description\" content=\"U kunt nu Fluorexrtamine FXE te koop krijgen in onze topwinkel RC Kopen. Onze medewerkers zullen u helpen om Fluorexrtamine FXE online te kopen tegen de beste prijzen. Bestel Fluorexrtamine FXE vandaag nog online met wereldwijde verzending!\" \/>\n<meta name=\"robots\" content=\"index, follow, max-snippet:-1, max-image-preview:large, max-video-preview:-1\" \/>\n<link rel=\"canonical\" href=\"https:\/\/rckopen.com\/pt\/produto\/fluorexetamina-fxe\/\" \/>\n<meta property=\"og:locale\" content=\"pt_PT\" \/>\n<meta property=\"og:type\" content=\"article\" \/>\n<meta property=\"og:title\" content=\"Fluorexrtamine FXE te koop - Fluorexrtamine FXE online kopen\" \/>\n<meta property=\"og:description\" content=\"U kunt nu Fluorexrtamine FXE te koop krijgen in onze topwinkel RC Kopen. Onze medewerkers zullen u helpen om Fluorexrtamine FXE online te kopen tegen de beste prijzen. Bestel Fluorexrtamine FXE vandaag nog online met wereldwijde verzending!\" \/>\n<meta property=\"og:url\" content=\"https:\/\/rckopen.com\/pt\/produto\/fluorexetamina-fxe\/\" \/>\n<meta property=\"og:site_name\" content=\"RC Kopen\" \/>\n<meta property=\"article:modified_time\" content=\"2025-02-03T10:40:44+00:00\" \/>\n<meta property=\"og:image\" content=\"https:\/\/rckopen.com\/wp-content\/uploads\/2023\/08\/Fluorexetamine-FXE.jpg\" \/>\n\t<meta property=\"og:image:width\" content=\"600\" \/>\n\t<meta property=\"og:image:height\" content=\"600\" \/>\n\t<meta property=\"og:image:type\" content=\"image\/jpeg\" \/>\n<meta name=\"twitter:card\" content=\"summary_large_image\" \/>\n<meta name=\"twitter:label1\" content=\"Tempo estimado de leitura\" \/>\n\t<meta name=\"twitter:data1\" content=\"4 minutos\" \/>\n<script type=\"application\/ld+json\" class=\"yoast-schema-graph\">{\"@context\":\"https:\/\/schema.org\",\"@graph\":[{\"@type\":\"WebPage\",\"@id\":\"https:\/\/rckopen.com\/product\/fluorexetamine-fxe\/\",\"url\":\"https:\/\/rckopen.com\/product\/fluorexetamine-fxe\/\",\"name\":\"Fluorexrtamine FXE te koop - Fluorexrtamine FXE online kopen\",\"isPartOf\":{\"@id\":\"https:\/\/rckopen.com\/#website\"},\"primaryImageOfPage\":{\"@id\":\"https:\/\/rckopen.com\/product\/fluorexetamine-fxe\/#primaryimage\"},\"image\":{\"@id\":\"https:\/\/rckopen.com\/product\/fluorexetamine-fxe\/#primaryimage\"},\"thumbnailUrl\":\"https:\/\/rckopen.com\/wp-content\/uploads\/2023\/08\/Fluorexetamine-FXE.jpg\",\"datePublished\":\"2023-08-15T08:45:20+00:00\",\"dateModified\":\"2025-02-03T10:40:44+00:00\",\"description\":\"U kunt nu Fluorexrtamine FXE te koop krijgen in onze topwinkel RC Kopen. Onze medewerkers zullen u helpen om Fluorexrtamine FXE online te kopen tegen de beste prijzen. Bestel Fluorexrtamine FXE vandaag nog online met wereldwijde verzending!\",\"breadcrumb\":{\"@id\":\"https:\/\/rckopen.com\/product\/fluorexetamine-fxe\/#breadcrumb\"},\"inLanguage\":\"pt-PT\",\"potentialAction\":[{\"@type\":\"ReadAction\",\"target\":[\"https:\/\/rckopen.com\/product\/fluorexetamine-fxe\/\"]}]},{\"@type\":\"ImageObject\",\"inLanguage\":\"pt-PT\",\"@id\":\"https:\/\/rckopen.com\/product\/fluorexetamine-fxe\/#primaryimage\",\"url\":\"https:\/\/rckopen.com\/wp-content\/uploads\/2023\/08\/Fluorexetamine-FXE.jpg\",\"contentUrl\":\"https:\/\/rckopen.com\/wp-content\/uploads\/2023\/08\/Fluorexetamine-FXE.jpg\",\"width\":600,\"height\":600,\"caption\":\"Fluorexetamine-(FXE) online kopen\"},{\"@type\":\"BreadcrumbList\",\"@id\":\"https:\/\/rckopen.com\/product\/fluorexetamine-fxe\/#breadcrumb\",\"itemListElement\":[{\"@type\":\"ListItem\",\"position\":1,\"name\":\"Home\",\"item\":\"https:\/\/rckopen.com\/\"},{\"@type\":\"ListItem\",\"position\":2,\"name\":\"Shop\",\"item\":\"https:\/\/rckopen.com\/shop\/\"},{\"@type\":\"ListItem\",\"position\":3,\"name\":\"Fluorexetamine (FXE) Online kopen\"}]},{\"@type\":\"WebSite\",\"@id\":\"https:\/\/rckopen.com\/#website\",\"url\":\"https:\/\/rckopen.com\/\",\"name\":\"RC Kopen\",\"description\":\"Research Chemicals\",\"potentialAction\":[{\"@type\":\"SearchAction\",\"target\":{\"@type\":\"EntryPoint\",\"urlTemplate\":\"https:\/\/rckopen.com\/?s={search_term_string}\"},\"query-input\":{\"@type\":\"PropertyValueSpecification\",\"valueRequired\":true,\"valueName\":\"search_term_string\"}}],\"inLanguage\":\"pt-PT\"}]}<\/script>\n<!-- \/ Yoast SEO plugin. -->","yoast_head_json":{"title":"Fluorexrtamine FXE te koop - Fluorexrtamine FXE online kopen","description":"U kunt nu Fluorexrtamine FXE te koop krijgen in onze topwinkel RC Kopen. Onze medewerkers zullen u helpen om Fluorexrtamine FXE online te kopen tegen de beste prijzen. Bestel Fluorexrtamine FXE vandaag nog online met wereldwijde verzending!","robots":{"index":"index","follow":"follow","max-snippet":"max-snippet:-1","max-image-preview":"max-image-preview:large","max-video-preview":"max-video-preview:-1"},"canonical":"https:\/\/rckopen.com\/pt\/produto\/fluorexetamina-fxe\/","og_locale":"pt_PT","og_type":"article","og_title":"Fluorexrtamine FXE te koop - Fluorexrtamine FXE online kopen","og_description":"U kunt nu Fluorexrtamine FXE te koop krijgen in onze topwinkel RC Kopen. Onze medewerkers zullen u helpen om Fluorexrtamine FXE online te kopen tegen de beste prijzen. Bestel Fluorexrtamine FXE vandaag nog online met wereldwijde verzending!","og_url":"https:\/\/rckopen.com\/pt\/produto\/fluorexetamina-fxe\/","og_site_name":"RC Kopen","article_modified_time":"2025-02-03T10:40:44+00:00","og_image":[{"width":600,"height":600,"url":"https:\/\/rckopen.com\/wp-content\/uploads\/2023\/08\/Fluorexetamine-FXE.jpg","type":"image\/jpeg"}],"twitter_card":"summary_large_image","twitter_misc":{"Tempo estimado de leitura":"4 minutos"},"schema":{"@context":"https:\/\/schema.org","@graph":[{"@type":"WebPage","@id":"https:\/\/rckopen.com\/product\/fluorexetamine-fxe\/","url":"https:\/\/rckopen.com\/product\/fluorexetamine-fxe\/","name":"Fluorexrtamine FXE te koop - Fluorexrtamine FXE online kopen","isPartOf":{"@id":"https:\/\/rckopen.com\/#website"},"primaryImageOfPage":{"@id":"https:\/\/rckopen.com\/product\/fluorexetamine-fxe\/#primaryimage"},"image":{"@id":"https:\/\/rckopen.com\/product\/fluorexetamine-fxe\/#primaryimage"},"thumbnailUrl":"https:\/\/rckopen.com\/wp-content\/uploads\/2023\/08\/Fluorexetamine-FXE.jpg","datePublished":"2023-08-15T08:45:20+00:00","dateModified":"2025-02-03T10:40:44+00:00","description":"U kunt nu Fluorexrtamine FXE te koop krijgen in onze topwinkel RC Kopen. Onze medewerkers zullen u helpen om Fluorexrtamine FXE online te kopen tegen de beste prijzen. Bestel Fluorexrtamine FXE vandaag nog online met wereldwijde verzending!","breadcrumb":{"@id":"https:\/\/rckopen.com\/product\/fluorexetamine-fxe\/#breadcrumb"},"inLanguage":"pt-PT","potentialAction":[{"@type":"ReadAction","target":["https:\/\/rckopen.com\/product\/fluorexetamine-fxe\/"]}]},{"@type":"ImageObject","inLanguage":"pt-PT","@id":"https:\/\/rckopen.com\/product\/fluorexetamine-fxe\/#primaryimage","url":"https:\/\/rckopen.com\/wp-content\/uploads\/2023\/08\/Fluorexetamine-FXE.jpg","contentUrl":"https:\/\/rckopen.com\/wp-content\/uploads\/2023\/08\/Fluorexetamine-FXE.jpg","width":600,"height":600,"caption":"Fluorexetamine-(FXE) online kopen"},{"@type":"BreadcrumbList","@id":"https:\/\/rckopen.com\/product\/fluorexetamine-fxe\/#breadcrumb","itemListElement":[{"@type":"ListItem","position":1,"name":"Home","item":"https:\/\/rckopen.com\/"},{"@type":"ListItem","position":2,"name":"Shop","item":"https:\/\/rckopen.com\/shop\/"},{"@type":"ListItem","position":3,"name":"Fluorexetamine (FXE) Online kopen"}]},{"@type":"WebSite","@id":"https:\/\/rckopen.com\/#website","url":"https:\/\/rckopen.com\/","name":"RC Kopen","description":"Research Chemicals","potentialAction":[{"@type":"SearchAction","target":{"@type":"EntryPoint","urlTemplate":"https:\/\/rckopen.com\/?s={search_term_string}"},"query-input":{"@type":"PropertyValueSpecification","valueRequired":true,"valueName":"search_term_string"}}],"inLanguage":"pt-PT"}]}},"_links":{"self":[{"href":"https:\/\/rckopen.com\/pt\/wp-json\/wp\/v2\/product\/6449","targetHints":{"allow":["GET"]}}],"collection":[{"href":"https:\/\/rckopen.com\/pt\/wp-json\/wp\/v2\/product"}],"about":[{"href":"https:\/\/rckopen.com\/pt\/wp-json\/wp\/v2\/types\/product"}],"replies":[{"embeddable":true,"href":"https:\/\/rckopen.com\/pt\/wp-json\/wp\/v2\/comments?post=6449"}],"wp:featuredmedia":[{"embeddable":true,"href":"https:\/\/rckopen.com\/pt\/wp-json\/wp\/v2\/media\/6468"}],"wp:attachment":[{"href":"https:\/\/rckopen.com\/pt\/wp-json\/wp\/v2\/media?parent=6449"}],"wp:term":[{"taxonomy":"product_brand","embeddable":true,"href":"https:\/\/rckopen.com\/pt\/wp-json\/wp\/v2\/product_brand?post=6449"},{"taxonomy":"product_cat","embeddable":true,"href":"https:\/\/rckopen.com\/pt\/wp-json\/wp\/v2\/product_cat?post=6449"},{"taxonomy":"product_tag","embeddable":true,"href":"https:\/\/rckopen.com\/pt\/wp-json\/wp\/v2\/product_tag?post=6449"}],"curies":[{"name":"wp","href":"https:\/\/api.w.org\/{rel}","templated":true}]}}