{"id":6471,"date":"2023-08-16T05:07:38","date_gmt":"2023-08-16T05:07:38","guid":{"rendered":"https:\/\/diligentplug.com\/chems\/?post_type=product&#038;p=6471"},"modified":"2025-02-04T04:02:17","modified_gmt":"2025-02-04T04:02:17","slug":"hxe-hcl","status":"publish","type":"product","link":"https:\/\/rckopen.com\/pt\/produto\/hxe-hcl\/","title":{"rendered":"Compre HXE HCL online"},"content":{"rendered":"<h2><strong>O que \u00e9 o HXE?<\/strong><\/h2>\n<p><a href=\"https:\/\/rckopen.com\/pt\/produto\/hxe-hcl\/\">Compre HXE HCL online<\/a>, HXE ou tamb\u00e9m conhecido como 3-HO-2\u2032-oxo-PCE ou hidroxitamina, \u00e9 um produto qu\u00edmico fascinante e \u00e9 um derivado desmetil do MXE. Isso significa que suas propriedades s\u00e3o extremamente semelhantes \u00e0s do MXE e esperamos ver e ouvir resultados fant\u00e1sticos compar\u00e1veis \u200b\u200bao MXE em pesquisas. Este produto qu\u00edmico \u00e9 totalmente novo no mercado e, portanto, tem dados limitados dispon\u00edveis<a href=\"https:\/\/rckopen.com\/pt\/\">.<\/a><\/p>\n<h2><strong>Exonera\u00e7\u00e3o de responsabilidade e precau\u00e7\u00f5es<\/strong><\/h2>\n<p><a href=\"https:\/\/en.wikipedia.org\/wiki\/Hydroxetamine\">HXE HCL<\/a> \u00e9 vendido apenas para fins de pesquisa e n\u00e3o deve ser usado por humanos ou para fins como diagn\u00f3sticos, medicamentos, alimentos, dispositivos medicinais e cosm\u00e9ticos para humanos ou animais, para citar alguns. Compre HXE HCL online.<\/p>\n<h2><strong>Propriedades qu\u00edmicas do HXE<\/strong><\/h2>\n<p>IUPAC: Cloridrato de 2-(etilamino)-2-(3-hidroxifenil)-ciclo-hexanona<\/p>\n<p>Massa molar: 269,8 g\/mol<\/p>\n<p>CAS: N\/A<\/p>\n<h2><strong>Waar HXE online kopen?<\/strong><\/h2>\n<p>Por meio deste <a href=\"https:\/\/rckopen.com\/pt\/\">RCKopen<\/a> voc\u00ea sempre pode comprar produtos qu\u00edmicos da melhor qualidade. Este HXE n\u00e3o \u00e9 exce\u00e7\u00e3o. Atualmente, este HXE vem em p\u00f3, mas podemos considerar produzi-lo em outras formas. Entre em contato com nosso atendimento ao cliente para obter atualiza\u00e7\u00f5es sobre isso. Observe que se voc\u00ea quiser comprar HXE da Chemical Planet, voc\u00ea deve ter pelo menos 18 anos de idade<a href=\"https:\/\/safemedistore.com\/product\/3-fluorophenmetrazine-3-fpm\/\">.<\/a><\/p>\n<p>Nota* O HXE \u00e9 legal na maior parte do mundo, mas as leis podem mudar, pelo que vale sempre a pena verificar as leis do seu pa\u00eds antes de efetuar a encomenda.<\/p>\n<p>A rckopen.com oferece produtos que n\u00e3o se destinam ao consumo humano. O consumo deste produto (n\u00e3o intencional) pode ter consequ\u00eancias m\u00e9dicas graves.<\/p>","protected":false},"excerpt":{"rendered":"<p>O que \u00e9 a HXE? A HXE, tamb\u00e9m conhecida como 3-HO-2\u2032-oxo-PCE ou hidroxetamina, \u00e9 um produto qu\u00edmico fascinante e \u00e9 um derivado desmetilado da MXE.<\/p>\n<p><strong>Nome IUPAC: <\/strong>2-(etilamino)-2-(3-hidroxifenil)ciclo-hexano-1-ona<\/p>\n<p><strong>CAS # <\/strong>1620054-73-0<\/p>\n<p><strong>Outro nome: <\/strong>3-HO-2\u2032-oxo-PCE, cloridrato de hidroxetamina<\/p>\n<p><strong>Forma: <\/strong>p\u00f3<\/p>\n<p><strong>An\u00e1lise NMR: <\/strong>C14H19NO2<\/p>","protected":false},"featured_media":6482,"comment_status":"open","ping_status":"closed","template":"","meta":{"_joinchat":[]},"product_brand":[],"product_cat":[137],"product_tag":[],"class_list":{"0":"post-6471","1":"product","2":"type-product","3":"status-publish","4":"has-post-thumbnail","6":"product_cat-dissociatieven","8":"first","9":"instock","10":"shipping-taxable","11":"purchasable","12":"product-type-variable"},"yoast_head":"<!-- This site is optimized with the Yoast SEO plugin v26.3 - https:\/\/yoast.com\/wordpress\/plugins\/seo\/ -->\n<title>Koop HXE HCL online - HXE HCL te koop | Kopen HXE HCL<\/title>\n<meta name=\"description\" content=\"Als u HXE HCL online wilt kopen, kan onze online rc kopen-winkel u helpen. We hebben hier HXE HCL te koop tegen de beste prijzen. Plaats uw bestelling en profiteer vandaag nog van de nieuwste aanbiedingen!\" \/>\n<meta name=\"robots\" content=\"index, follow, max-snippet:-1, max-image-preview:large, max-video-preview:-1\" \/>\n<link rel=\"canonical\" href=\"https:\/\/rckopen.com\/pt\/produto\/hxe-hcl\/\" \/>\n<meta property=\"og:locale\" content=\"pt_PT\" \/>\n<meta property=\"og:type\" content=\"article\" \/>\n<meta property=\"og:title\" content=\"Koop HXE HCL online - HXE HCL te koop | Kopen HXE HCL\" \/>\n<meta property=\"og:description\" content=\"Als u HXE HCL online wilt kopen, kan onze online rc kopen-winkel u helpen. We hebben hier HXE HCL te koop tegen de beste prijzen. Plaats uw bestelling en profiteer vandaag nog van de nieuwste aanbiedingen!\" \/>\n<meta property=\"og:url\" content=\"https:\/\/rckopen.com\/pt\/produto\/hxe-hcl\/\" \/>\n<meta property=\"og:site_name\" content=\"RC Kopen\" \/>\n<meta property=\"article:modified_time\" content=\"2025-02-04T04:02:17+00:00\" \/>\n<meta property=\"og:image\" content=\"https:\/\/rckopen.com\/wp-content\/uploads\/2023\/08\/HXE-HCL.jpg\" \/>\n\t<meta property=\"og:image:width\" content=\"600\" \/>\n\t<meta property=\"og:image:height\" content=\"600\" \/>\n\t<meta property=\"og:image:type\" content=\"image\/jpeg\" \/>\n<meta name=\"twitter:card\" content=\"summary_large_image\" \/>\n<meta name=\"twitter:label1\" content=\"Tempo estimado de leitura\" \/>\n\t<meta name=\"twitter:data1\" content=\"2 minutos\" \/>\n<script type=\"application\/ld+json\" class=\"yoast-schema-graph\">{\"@context\":\"https:\/\/schema.org\",\"@graph\":[{\"@type\":\"WebPage\",\"@id\":\"https:\/\/rckopen.com\/product\/hxe-hcl\/\",\"url\":\"https:\/\/rckopen.com\/product\/hxe-hcl\/\",\"name\":\"Koop HXE HCL online - HXE HCL te koop | Kopen HXE HCL\",\"isPartOf\":{\"@id\":\"https:\/\/rckopen.com\/#website\"},\"primaryImageOfPage\":{\"@id\":\"https:\/\/rckopen.com\/product\/hxe-hcl\/#primaryimage\"},\"image\":{\"@id\":\"https:\/\/rckopen.com\/product\/hxe-hcl\/#primaryimage\"},\"thumbnailUrl\":\"https:\/\/rckopen.com\/wp-content\/uploads\/2023\/08\/HXE-HCL.jpg\",\"datePublished\":\"2023-08-16T05:07:38+00:00\",\"dateModified\":\"2025-02-04T04:02:17+00:00\",\"description\":\"Als u HXE HCL online wilt kopen, kan onze online rc kopen-winkel u helpen. We hebben hier HXE HCL te koop tegen de beste prijzen. Plaats uw bestelling en profiteer vandaag nog van de nieuwste aanbiedingen!\",\"breadcrumb\":{\"@id\":\"https:\/\/rckopen.com\/product\/hxe-hcl\/#breadcrumb\"},\"inLanguage\":\"pt-PT\",\"potentialAction\":[{\"@type\":\"ReadAction\",\"target\":[\"https:\/\/rckopen.com\/product\/hxe-hcl\/\"]}]},{\"@type\":\"ImageObject\",\"inLanguage\":\"pt-PT\",\"@id\":\"https:\/\/rckopen.com\/product\/hxe-hcl\/#primaryimage\",\"url\":\"https:\/\/rckopen.com\/wp-content\/uploads\/2023\/08\/HXE-HCL.jpg\",\"contentUrl\":\"https:\/\/rckopen.com\/wp-content\/uploads\/2023\/08\/HXE-HCL.jpg\",\"width\":600,\"height\":600,\"caption\":\"HXE-HCL online kopen\"},{\"@type\":\"BreadcrumbList\",\"@id\":\"https:\/\/rckopen.com\/product\/hxe-hcl\/#breadcrumb\",\"itemListElement\":[{\"@type\":\"ListItem\",\"position\":1,\"name\":\"Home\",\"item\":\"https:\/\/rckopen.com\/\"},{\"@type\":\"ListItem\",\"position\":2,\"name\":\"Shop\",\"item\":\"https:\/\/rckopen.com\/shop\/\"},{\"@type\":\"ListItem\",\"position\":3,\"name\":\"HXE HCL online kopen\"}]},{\"@type\":\"WebSite\",\"@id\":\"https:\/\/rckopen.com\/#website\",\"url\":\"https:\/\/rckopen.com\/\",\"name\":\"RC Kopen\",\"description\":\"Research Chemicals\",\"potentialAction\":[{\"@type\":\"SearchAction\",\"target\":{\"@type\":\"EntryPoint\",\"urlTemplate\":\"https:\/\/rckopen.com\/?s={search_term_string}\"},\"query-input\":{\"@type\":\"PropertyValueSpecification\",\"valueRequired\":true,\"valueName\":\"search_term_string\"}}],\"inLanguage\":\"pt-PT\"}]}<\/script>\n<!-- \/ Yoast SEO plugin. -->","yoast_head_json":{"title":"Koop HXE HCL online - HXE HCL te koop | Kopen HXE HCL","description":"Als u HXE HCL online wilt kopen, kan onze online rc kopen-winkel u helpen. We hebben hier HXE HCL te koop tegen de beste prijzen. Plaats uw bestelling en profiteer vandaag nog van de nieuwste aanbiedingen!","robots":{"index":"index","follow":"follow","max-snippet":"max-snippet:-1","max-image-preview":"max-image-preview:large","max-video-preview":"max-video-preview:-1"},"canonical":"https:\/\/rckopen.com\/pt\/produto\/hxe-hcl\/","og_locale":"pt_PT","og_type":"article","og_title":"Koop HXE HCL online - HXE HCL te koop | Kopen HXE HCL","og_description":"Als u HXE HCL online wilt kopen, kan onze online rc kopen-winkel u helpen. We hebben hier HXE HCL te koop tegen de beste prijzen. Plaats uw bestelling en profiteer vandaag nog van de nieuwste aanbiedingen!","og_url":"https:\/\/rckopen.com\/pt\/produto\/hxe-hcl\/","og_site_name":"RC Kopen","article_modified_time":"2025-02-04T04:02:17+00:00","og_image":[{"width":600,"height":600,"url":"https:\/\/rckopen.com\/wp-content\/uploads\/2023\/08\/HXE-HCL.jpg","type":"image\/jpeg"}],"twitter_card":"summary_large_image","twitter_misc":{"Tempo estimado de leitura":"2 minutos"},"schema":{"@context":"https:\/\/schema.org","@graph":[{"@type":"WebPage","@id":"https:\/\/rckopen.com\/product\/hxe-hcl\/","url":"https:\/\/rckopen.com\/product\/hxe-hcl\/","name":"Koop HXE HCL online - HXE HCL te koop | Kopen HXE HCL","isPartOf":{"@id":"https:\/\/rckopen.com\/#website"},"primaryImageOfPage":{"@id":"https:\/\/rckopen.com\/product\/hxe-hcl\/#primaryimage"},"image":{"@id":"https:\/\/rckopen.com\/product\/hxe-hcl\/#primaryimage"},"thumbnailUrl":"https:\/\/rckopen.com\/wp-content\/uploads\/2023\/08\/HXE-HCL.jpg","datePublished":"2023-08-16T05:07:38+00:00","dateModified":"2025-02-04T04:02:17+00:00","description":"Als u HXE HCL online wilt kopen, kan onze online rc kopen-winkel u helpen. We hebben hier HXE HCL te koop tegen de beste prijzen. Plaats uw bestelling en profiteer vandaag nog van de nieuwste aanbiedingen!","breadcrumb":{"@id":"https:\/\/rckopen.com\/product\/hxe-hcl\/#breadcrumb"},"inLanguage":"pt-PT","potentialAction":[{"@type":"ReadAction","target":["https:\/\/rckopen.com\/product\/hxe-hcl\/"]}]},{"@type":"ImageObject","inLanguage":"pt-PT","@id":"https:\/\/rckopen.com\/product\/hxe-hcl\/#primaryimage","url":"https:\/\/rckopen.com\/wp-content\/uploads\/2023\/08\/HXE-HCL.jpg","contentUrl":"https:\/\/rckopen.com\/wp-content\/uploads\/2023\/08\/HXE-HCL.jpg","width":600,"height":600,"caption":"HXE-HCL online kopen"},{"@type":"BreadcrumbList","@id":"https:\/\/rckopen.com\/product\/hxe-hcl\/#breadcrumb","itemListElement":[{"@type":"ListItem","position":1,"name":"Home","item":"https:\/\/rckopen.com\/"},{"@type":"ListItem","position":2,"name":"Shop","item":"https:\/\/rckopen.com\/shop\/"},{"@type":"ListItem","position":3,"name":"HXE HCL online kopen"}]},{"@type":"WebSite","@id":"https:\/\/rckopen.com\/#website","url":"https:\/\/rckopen.com\/","name":"RC Kopen","description":"Research Chemicals","potentialAction":[{"@type":"SearchAction","target":{"@type":"EntryPoint","urlTemplate":"https:\/\/rckopen.com\/?s={search_term_string}"},"query-input":{"@type":"PropertyValueSpecification","valueRequired":true,"valueName":"search_term_string"}}],"inLanguage":"pt-PT"}]}},"_links":{"self":[{"href":"https:\/\/rckopen.com\/pt\/wp-json\/wp\/v2\/product\/6471","targetHints":{"allow":["GET"]}}],"collection":[{"href":"https:\/\/rckopen.com\/pt\/wp-json\/wp\/v2\/product"}],"about":[{"href":"https:\/\/rckopen.com\/pt\/wp-json\/wp\/v2\/types\/product"}],"replies":[{"embeddable":true,"href":"https:\/\/rckopen.com\/pt\/wp-json\/wp\/v2\/comments?post=6471"}],"wp:featuredmedia":[{"embeddable":true,"href":"https:\/\/rckopen.com\/pt\/wp-json\/wp\/v2\/media\/6482"}],"wp:attachment":[{"href":"https:\/\/rckopen.com\/pt\/wp-json\/wp\/v2\/media?parent=6471"}],"wp:term":[{"taxonomy":"product_brand","embeddable":true,"href":"https:\/\/rckopen.com\/pt\/wp-json\/wp\/v2\/product_brand?post=6471"},{"taxonomy":"product_cat","embeddable":true,"href":"https:\/\/rckopen.com\/pt\/wp-json\/wp\/v2\/product_cat?post=6471"},{"taxonomy":"product_tag","embeddable":true,"href":"https:\/\/rckopen.com\/pt\/wp-json\/wp\/v2\/product_tag?post=6471"}],"curies":[{"name":"wp","href":"https:\/\/api.w.org\/{rel}","templated":true}]}}