{"id":6475,"date":"2023-08-16T05:24:32","date_gmt":"2023-08-16T05:24:32","guid":{"rendered":"https:\/\/diligentplug.com\/chems\/?post_type=product&#038;p=6475"},"modified":"2025-02-04T05:32:10","modified_gmt":"2025-02-04T05:32:10","slug":"mxipr","status":"publish","type":"product","link":"https:\/\/rckopen.com\/pt\/produto\/mxipr\/","title":{"rendered":"Comprar MXiPr online"},"content":{"rendered":"<h1>Compre MXIPR online<\/h1>\n<p>comprar MXIPR online MXiPr de qualidade para toda a sua investiga\u00e7\u00e3o cient\u00edfica. Os produtos qu\u00edmicos de investiga\u00e7\u00e3o MXiPr t\u00eam uma pureza de \u2265<a href=\"https:\/\/rckopen.com\/pt\/produto\/3-pastilhas-fa-50mg\/\">97%<\/a> e n\u00e3o s\u00e3o adequados para consumo humano.<\/p>\n<p>O MXiPR ou (metoxipropamina ou 2-Oco-3\u2032-metoxi-PCiPr) \u00e9 um produto qu\u00edmico dissociativo pertencente \u00e0 classe dos produtos qu\u00edmicos arilciclohexilamina. O MXiPr \u00e9 frequentemente comparado com o MXE e o MXPr devido \u00e0s suas semelhan\u00e7as an\u00e1logas. Embora este produto qu\u00edmico n\u00e3o tenha sido amplamente estudado, v\u00e1rios relat\u00f3rios aned\u00f3ticos afirmaram que os participantes apresentaram resultados muito semelhantes aos do MXE Buy MXIPR online.<\/p>\n<h3>Investiga\u00e7\u00e3o respons\u00e1vel com o MXiPR<\/h3>\n<p>Fazer sempre uma investiga\u00e7\u00e3o respons\u00e1vel. Deve ler e informar-se bem antes de fazer investiga\u00e7\u00e3o com qualquer produto qu\u00edmico. N\u00e3o h\u00e1 muita informa\u00e7\u00e3o dispon\u00edvel sobre o MXiPR em particular, mas o Psychonaut Wiki tem alguns recursos e informa\u00e7\u00f5es muito \u00fateis sobre o MXPr, que \u00e9 muito semelhante em estrutura e, portanto, deve comportar-se de forma semelhante.<\/p>\n<p><strong>AVISO Este produto n\u00e3o se destina a uso humano ou veterin\u00e1rio.<\/strong><\/p>\n<h2>O que \u00e9 o MXiPR?<\/h2>\n<p>O MXiPr \u00e9 muito semelhante em estrutura ao MXE e ao MXPr, e as experi\u00eancias iniciais e o feedback prim\u00e1rio indicam que partilha muitas caracter\u00edsticas com estes compostos mais conhecidos.<\/p>\n<p>Embora a investiga\u00e7\u00e3o com o MXiPR tenha sido escassa, h\u00e1 informa\u00e7\u00f5es de que produz efeitos dissociativos semelhantes aos da cetamina.<\/p>\n<h4><strong>Propriedades qu\u00edmicas e efeitos farmacol\u00f3gicos<\/strong><\/h4>\n<p>Pensa-se que o MXiPR actua como um antagonista n\u00e3o competitivo dos receptores NMDA, resultando numa experi\u00eancia psicad\u00e9lica. Durante a atividade cerebral normal, os sinais el\u00e9ctricos provenientes da medula espinal e dos neur\u00f3nios do c\u00e9rebro t\u00eam de passar pelos receptores NMDA. Quando um antagonista se liga a estes receptores, estes impulsos el\u00e9ctricos n\u00e3o passam (como um pequeno Gandolf antagonista), o que resulta numa perda de comunica\u00e7\u00e3o entre as fun\u00e7\u00f5es cerebrais superiores e a medula espinal. Esta perda tempor\u00e1ria de comunica\u00e7\u00e3o provoca o estado dissociativo.<\/p>\n<p>A rckopen.com oferece produtos que n\u00e3o se destinam ao consumo humano. O consumo deste produto (n\u00e3o intencional) pode ter consequ\u00eancias m\u00e9dicas graves<a href=\"https:\/\/en.wikipedia.org\/wiki\/Methoxpropamine\">.<\/a><\/p>","protected":false},"excerpt":{"rendered":"<p><strong>Nome IUPAC: <\/strong>Cloridrato de 2-(isopropilamino)-2-(3-metoxifenil)-ciclo-hexanona<\/p>\n<p><strong>Outro nome: <\/strong>Cloridrato de MXiPr<\/p>\n<p><strong>Forma: <\/strong>p\u00f3<\/p>\n<p><strong>An\u00e1lise NMR: <\/strong>C16H23NO2<\/p>","protected":false},"featured_media":6486,"comment_status":"open","ping_status":"closed","template":"","meta":{"_joinchat":[]},"product_brand":[],"product_cat":[137],"product_tag":[],"class_list":{"0":"post-6475","1":"product","2":"type-product","3":"status-publish","4":"has-post-thumbnail","6":"product_cat-dissociatieven","8":"first","9":"instock","10":"shipping-taxable","11":"purchasable","12":"product-type-variable"},"yoast_head":"<!-- This site is optimized with the Yoast SEO plugin v26.3 - https:\/\/yoast.com\/wordpress\/plugins\/seo\/ -->\n<title>MXIPR online kopen - MXIPR te koop | RC Kopen<\/title>\n<meta name=\"description\" content=\"Wilt u Mxipr online kopen tegen een redelijke prijs? Bezoek onze gerenommeerde online RC Kopen-winkel en koop Mxipr vandaag nog te koop.\" \/>\n<meta name=\"robots\" content=\"index, follow, max-snippet:-1, max-image-preview:large, max-video-preview:-1\" \/>\n<link rel=\"canonical\" href=\"https:\/\/rckopen.com\/pt\/produto\/mxipr\/\" \/>\n<meta property=\"og:locale\" content=\"pt_PT\" \/>\n<meta property=\"og:type\" content=\"article\" \/>\n<meta property=\"og:title\" content=\"MXIPR online kopen - MXIPR te koop | RC Kopen\" \/>\n<meta property=\"og:description\" content=\"Wilt u Mxipr online kopen tegen een redelijke prijs? Bezoek onze gerenommeerde online RC Kopen-winkel en koop Mxipr vandaag nog te koop.\" \/>\n<meta property=\"og:url\" content=\"https:\/\/rckopen.com\/pt\/produto\/mxipr\/\" \/>\n<meta property=\"og:site_name\" content=\"RC Kopen\" \/>\n<meta property=\"article:modified_time\" content=\"2025-02-04T05:32:10+00:00\" \/>\n<meta property=\"og:image\" content=\"https:\/\/rckopen.com\/wp-content\/uploads\/2023\/08\/MXiPr.jpg\" \/>\n\t<meta property=\"og:image:width\" content=\"600\" \/>\n\t<meta property=\"og:image:height\" content=\"600\" \/>\n\t<meta property=\"og:image:type\" content=\"image\/jpeg\" \/>\n<meta name=\"twitter:card\" content=\"summary_large_image\" \/>\n<meta name=\"twitter:label1\" content=\"Tempo estimado de leitura\" \/>\n\t<meta name=\"twitter:data1\" content=\"2 minutos\" \/>\n<script type=\"application\/ld+json\" class=\"yoast-schema-graph\">{\"@context\":\"https:\/\/schema.org\",\"@graph\":[{\"@type\":\"WebPage\",\"@id\":\"https:\/\/rckopen.com\/product\/mxipr\/\",\"url\":\"https:\/\/rckopen.com\/product\/mxipr\/\",\"name\":\"MXIPR online kopen - MXIPR te koop | RC Kopen\",\"isPartOf\":{\"@id\":\"https:\/\/rckopen.com\/#website\"},\"primaryImageOfPage\":{\"@id\":\"https:\/\/rckopen.com\/product\/mxipr\/#primaryimage\"},\"image\":{\"@id\":\"https:\/\/rckopen.com\/product\/mxipr\/#primaryimage\"},\"thumbnailUrl\":\"https:\/\/rckopen.com\/wp-content\/uploads\/2023\/08\/MXiPr.jpg\",\"datePublished\":\"2023-08-16T05:24:32+00:00\",\"dateModified\":\"2025-02-04T05:32:10+00:00\",\"description\":\"Wilt u Mxipr online kopen tegen een redelijke prijs? Bezoek onze gerenommeerde online RC Kopen-winkel en koop Mxipr vandaag nog te koop.\",\"breadcrumb\":{\"@id\":\"https:\/\/rckopen.com\/product\/mxipr\/#breadcrumb\"},\"inLanguage\":\"pt-PT\",\"potentialAction\":[{\"@type\":\"ReadAction\",\"target\":[\"https:\/\/rckopen.com\/product\/mxipr\/\"]}]},{\"@type\":\"ImageObject\",\"inLanguage\":\"pt-PT\",\"@id\":\"https:\/\/rckopen.com\/product\/mxipr\/#primaryimage\",\"url\":\"https:\/\/rckopen.com\/wp-content\/uploads\/2023\/08\/MXiPr.jpg\",\"contentUrl\":\"https:\/\/rckopen.com\/wp-content\/uploads\/2023\/08\/MXiPr.jpg\",\"width\":600,\"height\":600,\"caption\":\"MXIPR online kopen\"},{\"@type\":\"BreadcrumbList\",\"@id\":\"https:\/\/rckopen.com\/product\/mxipr\/#breadcrumb\",\"itemListElement\":[{\"@type\":\"ListItem\",\"position\":1,\"name\":\"Home\",\"item\":\"https:\/\/rckopen.com\/\"},{\"@type\":\"ListItem\",\"position\":2,\"name\":\"Shop\",\"item\":\"https:\/\/rckopen.com\/shop\/\"},{\"@type\":\"ListItem\",\"position\":3,\"name\":\"MXiPr online kopen\"}]},{\"@type\":\"WebSite\",\"@id\":\"https:\/\/rckopen.com\/#website\",\"url\":\"https:\/\/rckopen.com\/\",\"name\":\"RC Kopen\",\"description\":\"Research Chemicals\",\"potentialAction\":[{\"@type\":\"SearchAction\",\"target\":{\"@type\":\"EntryPoint\",\"urlTemplate\":\"https:\/\/rckopen.com\/?s={search_term_string}\"},\"query-input\":{\"@type\":\"PropertyValueSpecification\",\"valueRequired\":true,\"valueName\":\"search_term_string\"}}],\"inLanguage\":\"pt-PT\"}]}<\/script>\n<!-- \/ Yoast SEO plugin. -->","yoast_head_json":{"title":"MXIPR online kopen - MXIPR te koop | RC Kopen","description":"Wilt u Mxipr online kopen tegen een redelijke prijs? Bezoek onze gerenommeerde online RC Kopen-winkel en koop Mxipr vandaag nog te koop.","robots":{"index":"index","follow":"follow","max-snippet":"max-snippet:-1","max-image-preview":"max-image-preview:large","max-video-preview":"max-video-preview:-1"},"canonical":"https:\/\/rckopen.com\/pt\/produto\/mxipr\/","og_locale":"pt_PT","og_type":"article","og_title":"MXIPR online kopen - MXIPR te koop | RC Kopen","og_description":"Wilt u Mxipr online kopen tegen een redelijke prijs? Bezoek onze gerenommeerde online RC Kopen-winkel en koop Mxipr vandaag nog te koop.","og_url":"https:\/\/rckopen.com\/pt\/produto\/mxipr\/","og_site_name":"RC Kopen","article_modified_time":"2025-02-04T05:32:10+00:00","og_image":[{"width":600,"height":600,"url":"https:\/\/rckopen.com\/wp-content\/uploads\/2023\/08\/MXiPr.jpg","type":"image\/jpeg"}],"twitter_card":"summary_large_image","twitter_misc":{"Tempo estimado de leitura":"2 minutos"},"schema":{"@context":"https:\/\/schema.org","@graph":[{"@type":"WebPage","@id":"https:\/\/rckopen.com\/product\/mxipr\/","url":"https:\/\/rckopen.com\/product\/mxipr\/","name":"MXIPR online kopen - MXIPR te koop | RC Kopen","isPartOf":{"@id":"https:\/\/rckopen.com\/#website"},"primaryImageOfPage":{"@id":"https:\/\/rckopen.com\/product\/mxipr\/#primaryimage"},"image":{"@id":"https:\/\/rckopen.com\/product\/mxipr\/#primaryimage"},"thumbnailUrl":"https:\/\/rckopen.com\/wp-content\/uploads\/2023\/08\/MXiPr.jpg","datePublished":"2023-08-16T05:24:32+00:00","dateModified":"2025-02-04T05:32:10+00:00","description":"Wilt u Mxipr online kopen tegen een redelijke prijs? Bezoek onze gerenommeerde online RC Kopen-winkel en koop Mxipr vandaag nog te koop.","breadcrumb":{"@id":"https:\/\/rckopen.com\/product\/mxipr\/#breadcrumb"},"inLanguage":"pt-PT","potentialAction":[{"@type":"ReadAction","target":["https:\/\/rckopen.com\/product\/mxipr\/"]}]},{"@type":"ImageObject","inLanguage":"pt-PT","@id":"https:\/\/rckopen.com\/product\/mxipr\/#primaryimage","url":"https:\/\/rckopen.com\/wp-content\/uploads\/2023\/08\/MXiPr.jpg","contentUrl":"https:\/\/rckopen.com\/wp-content\/uploads\/2023\/08\/MXiPr.jpg","width":600,"height":600,"caption":"MXIPR online kopen"},{"@type":"BreadcrumbList","@id":"https:\/\/rckopen.com\/product\/mxipr\/#breadcrumb","itemListElement":[{"@type":"ListItem","position":1,"name":"Home","item":"https:\/\/rckopen.com\/"},{"@type":"ListItem","position":2,"name":"Shop","item":"https:\/\/rckopen.com\/shop\/"},{"@type":"ListItem","position":3,"name":"MXiPr online kopen"}]},{"@type":"WebSite","@id":"https:\/\/rckopen.com\/#website","url":"https:\/\/rckopen.com\/","name":"RC Kopen","description":"Research Chemicals","potentialAction":[{"@type":"SearchAction","target":{"@type":"EntryPoint","urlTemplate":"https:\/\/rckopen.com\/?s={search_term_string}"},"query-input":{"@type":"PropertyValueSpecification","valueRequired":true,"valueName":"search_term_string"}}],"inLanguage":"pt-PT"}]}},"_links":{"self":[{"href":"https:\/\/rckopen.com\/pt\/wp-json\/wp\/v2\/product\/6475","targetHints":{"allow":["GET"]}}],"collection":[{"href":"https:\/\/rckopen.com\/pt\/wp-json\/wp\/v2\/product"}],"about":[{"href":"https:\/\/rckopen.com\/pt\/wp-json\/wp\/v2\/types\/product"}],"replies":[{"embeddable":true,"href":"https:\/\/rckopen.com\/pt\/wp-json\/wp\/v2\/comments?post=6475"}],"wp:featuredmedia":[{"embeddable":true,"href":"https:\/\/rckopen.com\/pt\/wp-json\/wp\/v2\/media\/6486"}],"wp:attachment":[{"href":"https:\/\/rckopen.com\/pt\/wp-json\/wp\/v2\/media?parent=6475"}],"wp:term":[{"taxonomy":"product_brand","embeddable":true,"href":"https:\/\/rckopen.com\/pt\/wp-json\/wp\/v2\/product_brand?post=6475"},{"taxonomy":"product_cat","embeddable":true,"href":"https:\/\/rckopen.com\/pt\/wp-json\/wp\/v2\/product_cat?post=6475"},{"taxonomy":"product_tag","embeddable":true,"href":"https:\/\/rckopen.com\/pt\/wp-json\/wp\/v2\/product_tag?post=6475"}],"curies":[{"name":"wp","href":"https:\/\/api.w.org\/{rel}","templated":true}]}}