{"id":6478,"date":"2023-08-16T05:31:33","date_gmt":"2023-08-16T05:31:33","guid":{"rendered":"https:\/\/diligentplug.com\/chems\/?post_type=product&#038;p=6478"},"modified":"2025-01-30T05:34:58","modified_gmt":"2025-01-30T05:34:58","slug":"3-meo-pce","status":"publish","type":"product","link":"https:\/\/rckopen.com\/pt\/produto\/3-meo-pce\/","title":{"rendered":"Compre 3-MeO-PCE online"},"content":{"rendered":"<h2>A rckopen.com oferece produtos que n\u00e3o se destinam ao consumo humano.<br \/>\nGeneral information on 3-MeO-PCE Online Kopen<\/h2>\n<p><a href=\"https:\/\/rckopen.com\/pt\/produto\/3-meo-pce\/\">3-Metoxieticiclidina (3-MeO-PCE)<\/a>, tamb\u00e9m chamado de metoxiciclidina, \u00e9 qualitativamente dissociativo como PCE e PCP e tem sido vendido on-line como um produto qu\u00edmico de pesquisa planejador.<\/p>\n<p>O Conselho Consultivo sobre o Uso Indevido de Produtos Qu\u00edmicos de Pesquisa no Reino Unificado entregou um relat\u00f3rio sobre a metoxetamina, dizendo que os \"danos da metoxetamina s\u00e3o compar\u00e1veis \u200b\u200b\u00e0 Classe B da Lei de Uso Indevido de Produtos Qu\u00edmicos de Pesquisa, independentemente da forma como a demonstra\u00e7\u00e3o n\u00e3o ordena que produtos qu\u00edmicos de pesquisa sejam prejudicados. O relat\u00f3rio recomendou que todos os an\u00e1logos da metoxetamina tamb\u00e9m se tornassem produtos qu\u00edmicos de pesquisa de classe B e prop\u00f4s uma declara\u00e7\u00e3o abrangente que abrangesse tanto as arilciclohexaminas existentes quanto as n\u00e3o pesquisadas, incluindo <a href=\"https:\/\/en.wikipedia.org\/wiki\/Methoxpropamine\">3-MeO-PCE<\/a>.<\/p>\n<p>Este relat\u00f3rio descreveu igualmente o perfil de liga\u00e7\u00e3o ao recetor da metoxetamina e de tr\u00eas dissociativos adicionais, 3-MeO-PCP, 4-MeO-PCP e 3-MeO-PCE, mostrando que t\u00eam uma enorme prefer\u00eancia pelo s\u00edtio PCP do recetor NMDA (NMDAR) e foi subsequentemente distribu\u00eddo com mais pormenor.<\/p>\n<h3>Composi\u00e7\u00e3o qu\u00edmica do 3-MeO-PCE<\/h3>\n<p>O 3-MeO-PCE, ou N-Etil-1-(3-metoxifenil) ciclo-hexano-1-amina, \u00e9 um produto qu\u00edmico de investiga\u00e7\u00e3o arilciclo-hexilamina. Os produtos qu\u00edmicos de investiga\u00e7\u00e3o da arilciclohexilamina s\u00e3o designados pelas suas estruturas que incorporam um anel de ciclo-hexano ligado a um anel arom\u00e1tico juntamente com um grupo de aminas. O 3-MeO-PCE \u00e9 constitu\u00eddo por um anel fen\u00edlico com um substituinte metoxi (CH3-O-) em R3 ligado a um anel ciclo-hexano. Ligada a um carbono semelhante (R1) do anel de ciclo-hexanona est\u00e1 uma cadeia de aminoetilo - NCH2CH3. O 3-MeO-PCE, tal como o MXE, cont\u00e9m uma cadeia de aminoetilo, por oposi\u00e7\u00e3o \u00e0 cadeia de metilo presente na DCK e na cetamina. O 3-MeO-PCE assemelha-se muito ao MXE. No entanto, fica aqu\u00e9m da cetona R2. \u00c9 igualmente hom\u00f3logo ao 3-MeO-PCP, mas carece de carbonos extra para terminar um anel de piperidina.<\/p>\n<h3>Farmacologia 3-MeO-PCE<\/h3>\n<p>O 3-MeO-PCE actua essencialmente como um antagonista dos receptores NMDA. Os receptores NMDA permitem a passagem de sinais el\u00e9ctricos entre os neur\u00f3nios do c\u00e9rebro e da coluna vertebral; para que os sinais se manifestem, o recetor deve estar aberto. Os dissociativos fecham os receptores NMDA, bloqueando-os. Esta desativa\u00e7\u00e3o dos neur\u00f3nios provoca uma perda de sensibilidade, dificuldades de locomo\u00e7\u00e3o e, por fim, uma semelhan\u00e7a praticamente indistingu\u00edvel com o famoso \"k-hole\".<\/p>\n<p>O 3-MeO-PCE tem um Ki ascendente de 61 nM para o recetor NMDA, 743 nM para o transportador de dopamina, 2097 nM para o recetor H2, 964 nM para o recetor alfa-2A adren\u00e9rgico, 115 nM para o transportador de serotonina, 4519 nM para o recetor \u03c31 e 525 nM para o recetor \u03c32.<\/p>\n<h3>Compra de 3-MeO-PCE de alta qualidade<\/h3>\n<p><a href=\"https:\/\/rckopen.com\/pt\/\">RC KOPEN<\/a> tem muitos anos de experi\u00eancia na ind\u00fastria de design de produtos qu\u00edmicos de pesquisa, o que nos permite garantir a mais alta qualidade desses produtos qu\u00edmicos de pesquisa. A equipe de produtos qu\u00edmicos de pesquisa vende 3-MeO-PCE. Produtos qu\u00edmicos de pesquisa, incluindo 3-MeO-PCEs, atendem a todos os requisitos de seguran\u00e7a. Produtos qu\u00edmicos de pesquisa s\u00e3o cuidadosamente distribu\u00eddos e armazenados em um local fresco e seco.<\/p>\n<p>Todos os produtos s\u00e3o regularmente inspeccionados quanto \u00e0 sua qualidade, pureza e seguran\u00e7a. Manter sempre o 3-MeO-PCE \u00e0 temperatura ambiente e fora do alcance de crian\u00e7as e animais dom\u00e9sticos. O nosso 3-MeO-PCE n\u00e3o se destina a uso pessoal. Destina-se apenas a fins de investiga\u00e7\u00e3o.<\/p>\n<p>N\u00e3o deve ser misturado com \u00e1lcool ou produtos qu\u00edmicos de investiga\u00e7\u00e3o durante a investiga\u00e7\u00e3o deste produto qu\u00edmico de investiga\u00e7\u00e3o!<\/p>\n<p>Todos os nossos produtos t\u00eam um pre\u00e7o justo!<\/p>\n<h3>Testes laboratoriais do 3-MeO-PCE com resultados.<\/h3>\n<p>A Remakes progride no sentido da satisfa\u00e7\u00e3o geral dos seus clientes. Diferentes exames mostraram que os clientes solicitam tantos dados quanto o esperado antes de comprarem produtos qu\u00edmicos sint\u00e9ticos para investiga\u00e7\u00e3o. Al\u00e9m disso, publicamos todas as consequ\u00eancias laboratoriais de cada composto de exame num registo PDF.<\/p>\n<p>O nosso 3-MeO-PCE cumpre consistentemente os ingredientes activos e pode ser visto diretamente por todos.<\/p>\n<p>Distribu\u00edmos todas as consequ\u00eancias laboratoriais de cada produto qu\u00edmico de investiga\u00e7\u00e3o num documento PDF.<\/p>\n<h3>Encomendar com seguran\u00e7a a partir de 3-MeO-PCE.<\/h3>\n<p>Os produtos qu\u00edmicos de investiga\u00e7\u00e3o da TRRCSHOP s\u00e3o de excelente qualidade e t\u00eam um custo justo. Por conseguinte, quando solicita o seu 3-MeO-PCE na TRRCSHOP, garantimos que enviaremos o seu pedido para sua casa de forma r\u00e1pida e segura.<\/p>\n<p>O pedido de compostos de investiga\u00e7\u00e3o sint\u00e9ticos com Bitcoin ou transfer\u00eancia banc\u00e1ria \u00e9 simples na TRRCSHOP.<\/p>\n<p>Enviamos o 3-MeO-PCE no mesmo dia \u00fatil se o pagamento for recebido antes das 14:00 CEST. Normalmente n\u00e3o efectuamos envios aos s\u00e1bados, domingos ou feriados nacionais\/internacionais.<\/p>\n<h3>Expedi\u00e7\u00e3o discreta de produtos qu\u00edmicos para investiga\u00e7\u00e3o.<\/h3>\n<p>Embora os produtos qu\u00edmicos de pesquisa de designer sejam legalmente acess\u00edveis on-line, n\u00f3s da TRRCSHOP entregamos de forma mais segura e razo\u00e1vel. Al\u00e9m disso, embalamos com perfeita discri\u00e7\u00e3o, e nenhum sinal do que poderia estar dentro ser\u00e1 mostrado no exterior.<\/p>\n<p>Enviamos encomendas superiores a 500 euros com track and follow para que possa seguir o seu pacote progressivamente. Enviamos as encomendas de valor superior a 500 euros com a via acess\u00edvel.<\/p>\n<p>N\u00e3o fornecemos artigos a pessoas com menos de 18 anos!<\/p>\n<h3>Precau\u00e7\u00f5es<\/h3>\n<ul>\n<li>Comprar ao 3-MeO-PCE o equipamento de prote\u00e7\u00e3o individual adequado, como \u00f3culos de prote\u00e7\u00e3o e luvas. Limpe-os e cuide deles adequadamente. Siga sistemas seguros ao manusear produtos qu\u00edmicos de investiga\u00e7\u00e3o e n\u00e3o tome atalhos.<\/li>\n<li>Se o produto qu\u00edmico de investiga\u00e7\u00e3o entrar em contacto com os olhos, lavar bem e eliminar as lentes de contacto, se necess\u00e1rio.<\/li>\n<li>Tente usar uma m\u00e1scara quando utilizar estes produtos qu\u00edmicos para que n\u00e3o entrem em contacto consigo enquanto respira.<\/li>\n<li>Tal como os m\u00e9todos suportados indicam, manusear, armazenar e eliminar de forma segura os materiais perigosos. Nunca os deitar nos esgotos ou canais.<\/li>\n<li>Armazene os produtos qu\u00edmicos de investiga\u00e7\u00e3o de forma adequada, conforme indicado nos seus nomes. Os produtos qu\u00edmicos inflam\u00e1veis devem ser guardados em can\u00e1bis excelente e seca, longe da intensidade e da luz do dia. Alguns produtos sint\u00e9ticos, como os \u00e1cidos, devem ser guardados independentemente uns dos outros.<\/li>\n<li>TRRCSHOP oferecido para fins de investiga\u00e7\u00e3o; o consumo humano \u00e9 altamente proibido.<\/li>\n<\/ul>","protected":false},"excerpt":{"rendered":"<p><strong>Nome IUPAC: <\/strong>N-etil-1-(3-metoxifenil)-ciclohexanamina, monocloridrato<\/p>\n<p><strong>CAS # <\/strong>1797121-52-8<\/p>\n<p><strong>Apar\u00eancia: <\/strong>p\u00f3<\/p>\n<p><strong>An\u00e1lise NMR: <\/strong>C15H23NO<\/p>","protected":false},"featured_media":6489,"comment_status":"open","ping_status":"closed","template":"","meta":{"_joinchat":[]},"product_brand":[],"product_cat":[137],"product_tag":[],"class_list":{"0":"post-6478","1":"product","2":"type-product","3":"status-publish","4":"has-post-thumbnail","6":"product_cat-dissociatieven","8":"first","9":"instock","10":"shipping-taxable","11":"purchasable","12":"product-type-variable"},"yoast_head":"<!-- This site is optimized with the Yoast SEO plugin v26.3 - https:\/\/yoast.com\/wordpress\/plugins\/seo\/ -->\n<title>3-Meo-Pce online kopen- 3-Meo-Pce te koop<\/title>\n<meta name=\"description\" content=\"Onze RC Kopen winkel heeft de topkwaliteit 3-Meo-Pce te koop. U kunt nooit om de kwaliteit van onze producten heen. Als je het nodig hebt, koop dan meteen 3-Meo-Pce online kopen. Bestel nu!\" \/>\n<meta name=\"robots\" content=\"index, follow, max-snippet:-1, max-image-preview:large, max-video-preview:-1\" \/>\n<link rel=\"canonical\" href=\"https:\/\/rckopen.com\/pt\/produto\/3-meo-pce\/\" \/>\n<meta property=\"og:locale\" content=\"pt_PT\" \/>\n<meta property=\"og:type\" content=\"article\" \/>\n<meta property=\"og:title\" content=\"3-Meo-Pce online kopen- 3-Meo-Pce te koop\" \/>\n<meta property=\"og:description\" content=\"Onze RC Kopen winkel heeft de topkwaliteit 3-Meo-Pce te koop. U kunt nooit om de kwaliteit van onze producten heen. Als je het nodig hebt, koop dan meteen 3-Meo-Pce online kopen. Bestel nu!\" \/>\n<meta property=\"og:url\" content=\"https:\/\/rckopen.com\/pt\/produto\/3-meo-pce\/\" \/>\n<meta property=\"og:site_name\" content=\"RC Kopen\" \/>\n<meta property=\"article:modified_time\" content=\"2025-01-30T05:34:58+00:00\" \/>\n<meta property=\"og:image\" content=\"https:\/\/rckopen.com\/wp-content\/uploads\/2023\/08\/3-MeO-PCE.jpg\" \/>\n\t<meta property=\"og:image:width\" content=\"600\" \/>\n\t<meta property=\"og:image:height\" content=\"600\" \/>\n\t<meta property=\"og:image:type\" content=\"image\/jpeg\" \/>\n<meta name=\"twitter:card\" content=\"summary_large_image\" \/>\n<meta name=\"twitter:label1\" content=\"Tempo estimado de leitura\" \/>\n\t<meta name=\"twitter:data1\" content=\"4 minutos\" \/>\n<script type=\"application\/ld+json\" class=\"yoast-schema-graph\">{\"@context\":\"https:\/\/schema.org\",\"@graph\":[{\"@type\":\"WebPage\",\"@id\":\"https:\/\/rckopen.com\/product\/3-meo-pce\/\",\"url\":\"https:\/\/rckopen.com\/product\/3-meo-pce\/\",\"name\":\"3-Meo-Pce online kopen- 3-Meo-Pce te koop\",\"isPartOf\":{\"@id\":\"https:\/\/rckopen.com\/#website\"},\"primaryImageOfPage\":{\"@id\":\"https:\/\/rckopen.com\/product\/3-meo-pce\/#primaryimage\"},\"image\":{\"@id\":\"https:\/\/rckopen.com\/product\/3-meo-pce\/#primaryimage\"},\"thumbnailUrl\":\"https:\/\/rckopen.com\/wp-content\/uploads\/2023\/08\/3-MeO-PCE.jpg\",\"datePublished\":\"2023-08-16T05:31:33+00:00\",\"dateModified\":\"2025-01-30T05:34:58+00:00\",\"description\":\"Onze RC Kopen winkel heeft de topkwaliteit 3-Meo-Pce te koop. U kunt nooit om de kwaliteit van onze producten heen. Als je het nodig hebt, koop dan meteen 3-Meo-Pce online kopen. Bestel nu!\",\"breadcrumb\":{\"@id\":\"https:\/\/rckopen.com\/product\/3-meo-pce\/#breadcrumb\"},\"inLanguage\":\"pt-PT\",\"potentialAction\":[{\"@type\":\"ReadAction\",\"target\":[\"https:\/\/rckopen.com\/product\/3-meo-pce\/\"]}]},{\"@type\":\"ImageObject\",\"inLanguage\":\"pt-PT\",\"@id\":\"https:\/\/rckopen.com\/product\/3-meo-pce\/#primaryimage\",\"url\":\"https:\/\/rckopen.com\/wp-content\/uploads\/2023\/08\/3-MeO-PCE.jpg\",\"contentUrl\":\"https:\/\/rckopen.com\/wp-content\/uploads\/2023\/08\/3-MeO-PCE.jpg\",\"width\":600,\"height\":600,\"caption\":\"3-MeO-PCE Online Kopen\"},{\"@type\":\"BreadcrumbList\",\"@id\":\"https:\/\/rckopen.com\/product\/3-meo-pce\/#breadcrumb\",\"itemListElement\":[{\"@type\":\"ListItem\",\"position\":1,\"name\":\"Home\",\"item\":\"https:\/\/rckopen.com\/\"},{\"@type\":\"ListItem\",\"position\":2,\"name\":\"Shop\",\"item\":\"https:\/\/rckopen.com\/shop\/\"},{\"@type\":\"ListItem\",\"position\":3,\"name\":\"3-MeO-PCE Online Kopen\"}]},{\"@type\":\"WebSite\",\"@id\":\"https:\/\/rckopen.com\/#website\",\"url\":\"https:\/\/rckopen.com\/\",\"name\":\"RC Kopen\",\"description\":\"Research Chemicals\",\"potentialAction\":[{\"@type\":\"SearchAction\",\"target\":{\"@type\":\"EntryPoint\",\"urlTemplate\":\"https:\/\/rckopen.com\/?s={search_term_string}\"},\"query-input\":{\"@type\":\"PropertyValueSpecification\",\"valueRequired\":true,\"valueName\":\"search_term_string\"}}],\"inLanguage\":\"pt-PT\"}]}<\/script>\n<!-- \/ Yoast SEO plugin. -->","yoast_head_json":{"title":"3-Meo-Pce online kopen- 3-Meo-Pce te koop","description":"Onze RC Kopen winkel heeft de topkwaliteit 3-Meo-Pce te koop. U kunt nooit om de kwaliteit van onze producten heen. Als je het nodig hebt, koop dan meteen 3-Meo-Pce online kopen. Bestel nu!","robots":{"index":"index","follow":"follow","max-snippet":"max-snippet:-1","max-image-preview":"max-image-preview:large","max-video-preview":"max-video-preview:-1"},"canonical":"https:\/\/rckopen.com\/pt\/produto\/3-meo-pce\/","og_locale":"pt_PT","og_type":"article","og_title":"3-Meo-Pce online kopen- 3-Meo-Pce te koop","og_description":"Onze RC Kopen winkel heeft de topkwaliteit 3-Meo-Pce te koop. U kunt nooit om de kwaliteit van onze producten heen. Als je het nodig hebt, koop dan meteen 3-Meo-Pce online kopen. Bestel nu!","og_url":"https:\/\/rckopen.com\/pt\/produto\/3-meo-pce\/","og_site_name":"RC Kopen","article_modified_time":"2025-01-30T05:34:58+00:00","og_image":[{"width":600,"height":600,"url":"https:\/\/rckopen.com\/wp-content\/uploads\/2023\/08\/3-MeO-PCE.jpg","type":"image\/jpeg"}],"twitter_card":"summary_large_image","twitter_misc":{"Tempo estimado de leitura":"4 minutos"},"schema":{"@context":"https:\/\/schema.org","@graph":[{"@type":"WebPage","@id":"https:\/\/rckopen.com\/product\/3-meo-pce\/","url":"https:\/\/rckopen.com\/product\/3-meo-pce\/","name":"3-Meo-Pce online kopen- 3-Meo-Pce te koop","isPartOf":{"@id":"https:\/\/rckopen.com\/#website"},"primaryImageOfPage":{"@id":"https:\/\/rckopen.com\/product\/3-meo-pce\/#primaryimage"},"image":{"@id":"https:\/\/rckopen.com\/product\/3-meo-pce\/#primaryimage"},"thumbnailUrl":"https:\/\/rckopen.com\/wp-content\/uploads\/2023\/08\/3-MeO-PCE.jpg","datePublished":"2023-08-16T05:31:33+00:00","dateModified":"2025-01-30T05:34:58+00:00","description":"Onze RC Kopen winkel heeft de topkwaliteit 3-Meo-Pce te koop. U kunt nooit om de kwaliteit van onze producten heen. Als je het nodig hebt, koop dan meteen 3-Meo-Pce online kopen. Bestel nu!","breadcrumb":{"@id":"https:\/\/rckopen.com\/product\/3-meo-pce\/#breadcrumb"},"inLanguage":"pt-PT","potentialAction":[{"@type":"ReadAction","target":["https:\/\/rckopen.com\/product\/3-meo-pce\/"]}]},{"@type":"ImageObject","inLanguage":"pt-PT","@id":"https:\/\/rckopen.com\/product\/3-meo-pce\/#primaryimage","url":"https:\/\/rckopen.com\/wp-content\/uploads\/2023\/08\/3-MeO-PCE.jpg","contentUrl":"https:\/\/rckopen.com\/wp-content\/uploads\/2023\/08\/3-MeO-PCE.jpg","width":600,"height":600,"caption":"3-MeO-PCE Online Kopen"},{"@type":"BreadcrumbList","@id":"https:\/\/rckopen.com\/product\/3-meo-pce\/#breadcrumb","itemListElement":[{"@type":"ListItem","position":1,"name":"Home","item":"https:\/\/rckopen.com\/"},{"@type":"ListItem","position":2,"name":"Shop","item":"https:\/\/rckopen.com\/shop\/"},{"@type":"ListItem","position":3,"name":"3-MeO-PCE Online Kopen"}]},{"@type":"WebSite","@id":"https:\/\/rckopen.com\/#website","url":"https:\/\/rckopen.com\/","name":"RC Kopen","description":"Research Chemicals","potentialAction":[{"@type":"SearchAction","target":{"@type":"EntryPoint","urlTemplate":"https:\/\/rckopen.com\/?s={search_term_string}"},"query-input":{"@type":"PropertyValueSpecification","valueRequired":true,"valueName":"search_term_string"}}],"inLanguage":"pt-PT"}]}},"_links":{"self":[{"href":"https:\/\/rckopen.com\/pt\/wp-json\/wp\/v2\/product\/6478","targetHints":{"allow":["GET"]}}],"collection":[{"href":"https:\/\/rckopen.com\/pt\/wp-json\/wp\/v2\/product"}],"about":[{"href":"https:\/\/rckopen.com\/pt\/wp-json\/wp\/v2\/types\/product"}],"replies":[{"embeddable":true,"href":"https:\/\/rckopen.com\/pt\/wp-json\/wp\/v2\/comments?post=6478"}],"wp:featuredmedia":[{"embeddable":true,"href":"https:\/\/rckopen.com\/pt\/wp-json\/wp\/v2\/media\/6489"}],"wp:attachment":[{"href":"https:\/\/rckopen.com\/pt\/wp-json\/wp\/v2\/media?parent=6478"}],"wp:term":[{"taxonomy":"product_brand","embeddable":true,"href":"https:\/\/rckopen.com\/pt\/wp-json\/wp\/v2\/product_brand?post=6478"},{"taxonomy":"product_cat","embeddable":true,"href":"https:\/\/rckopen.com\/pt\/wp-json\/wp\/v2\/product_cat?post=6478"},{"taxonomy":"product_tag","embeddable":true,"href":"https:\/\/rckopen.com\/pt\/wp-json\/wp\/v2\/product_tag?post=6478"}],"curies":[{"name":"wp","href":"https:\/\/api.w.org\/{rel}","templated":true}]}}