{"id":6491,"date":"2023-08-16T05:42:53","date_gmt":"2023-08-16T05:42:53","guid":{"rendered":"https:\/\/diligentplug.com\/chems\/?post_type=product&#038;p=6491"},"modified":"2025-02-04T05:34:46","modified_gmt":"2025-02-04T05:34:46","slug":"mxp","status":"publish","type":"product","link":"https:\/\/rckopen.com\/pt\/produto\/mxp\/","title":{"rendered":"Compre MXP online"},"content":{"rendered":"<h2>O que \u00e9 o MXP?<\/h2>\n<p>Compre MXP online. Curioso sobre MXP? <strong>MXP, ou metoxifenidina<\/strong>\u00e9 uma subst\u00e2ncia dissociativa sint\u00e9tica. Pertence \u00e0 classe das diariletilaminas, um grupo quimicamente relacionado com outros dissociativos bem conhecidos, como a cetamina e a PCP (fenciclidina). O MXP foi originalmente desenvolvido para investiga\u00e7\u00e3o neurol\u00f3gica e \u00e9 conhecido pela sua capacidade de induzir um estado de dissocia\u00e7\u00e3o, no qual os utilizadores podem experimentar uma sensa\u00e7\u00e3o de desconex\u00e3o ou separa\u00e7\u00e3o do seu corpo e do mundo exterior<a href=\"https:\/\/en.wikipedia.org\/wiki\/MXP\">.<\/a><\/p>\n<p>Os efeitos da MXP incluem frequentemente altera\u00e7\u00f5es da perce\u00e7\u00e3o, alucina\u00e7\u00f5es visuais e auditivas e uma altera\u00e7\u00e3o do n\u00edvel de consci\u00eancia. Pode tamb\u00e9m ter efeitos cognitivos e emocionais, como altera\u00e7\u00f5es do pensamento e sentimentos de euforia ou distanciamento. As experi\u00eancias com o MXP podem variar muito entre indiv\u00edduos e dependem de factores como a dosagem, o ambiente e a sensibilidade pessoal do utilizador<a href=\"https:\/\/rckopen.com\/pt\/\">.<\/a><\/p>\n<h3>O que \u00e9 a cetamina?<\/h3>\n<p>A cetamina \u00e9 um f\u00e1rmaco utilizado principalmente para iniciar e manter a anestesia. Induz um estado de transe ao mesmo tempo que proporciona al\u00edvio da dor, seda\u00e7\u00e3o e amn\u00e9sia. As principais caracter\u00edsticas da anestesia com cetamina s\u00e3o a manuten\u00e7\u00e3o da estabilidade cardiovascular, dos reflexos das vias a\u00e9reas e, por vezes, da respira\u00e7\u00e3o espont\u00e2nea.<\/p>\n<p>Quimicamente, a cetamina \u00e9 um anest\u00e9sico dissociativo, pertencente \u00e0 classe das arilciclohexilaminas, e actua principalmente atrav\u00e9s do bloqueio do recetor NMDA. Tem um conjunto \u00fanico de propriedades psicotr\u00f3picas, incluindo anestesia, analgesia e alucina\u00e7\u00f5es. Como altera a perce\u00e7\u00e3o da vis\u00e3o e do som e induz uma sensa\u00e7\u00e3o de distanciamento do ambiente e de si pr\u00f3prio, \u00e9 por vezes utilizada em doses mais baixas como droga recreativa, frequentemente conhecida por \"K\", \"Special K\" ou \"Vitamina K\".<\/p>\n<h3>Desenvolvimento do MXP<\/h3>\n<p>O desenvolvimento do MXP faz parte de uma investiga\u00e7\u00e3o mais vasta sobre subst\u00e2ncias dissociativas, com o objetivo de compreender a sua intera\u00e7\u00e3o com os receptores NMDA no c\u00e9rebro. Os investigadores est\u00e3o interessados no potencial do MXP como subst\u00e2ncia modelo para estudar a dissocia\u00e7\u00e3o e as suas potenciais aplica\u00e7\u00f5es terap\u00eauticas em psiquiatria.<\/p>\n<p>O objetivo do MXP \u00e9 explorar as suas propriedades \u00fanicas, incluindo o seu impacto na neuroplasticidade, no al\u00edvio da dor e no potencial para o tratamento de doen\u00e7as neurol\u00f3gicas.<\/p>\n<p>Nota: O MXP destina-se apenas a fins de investiga\u00e7\u00e3o e n\u00e3o ao consumo humano.<\/p>\n<h2>Efeitos do MXP<\/h2>\n<p>Os efeitos do MXP podem variar, mas as experi\u00eancias comuns s\u00e3o:<\/p>\n<ul>\n<li><strong>Dissocia\u00e7\u00e3o<\/strong>Sentimento de desconex\u00e3o do corpo e do meio ambiente.<\/li>\n<li><strong>Altera\u00e7\u00f5es cognitivas<\/strong>Mudan\u00e7a de percep\u00e7\u00f5es e de processos de pensamento.<\/li>\n<li><strong>Distor\u00e7\u00f5es visuais e auditivas<\/strong>Percep\u00e7\u00f5es sensoriais alteradas.<\/li>\n<li><strong>Sensa\u00e7\u00e3o de euforia<\/strong>Uma maior sensa\u00e7\u00e3o de bem-estar.<\/li>\n<\/ul>\n<p>Estes efeitos podem variar em fun\u00e7\u00e3o da dosagem e das reac\u00e7\u00f5es individuais.<\/p>\n<h2>Dosagem de MXP<\/h2>\n<ul>\n<li><strong>Dosagem ligeira:<\/strong>\u00a010-20 mg<\/li>\n<li><strong>Dosagem habitual:<\/strong>\u00a020-50 mg<\/li>\n<li><strong>Dosagem forte:<\/strong>\u00a050-100 mg<\/li>\n<\/ul>\n<h2>Dura\u00e7\u00e3o dos efeitos do MXP<\/h2>\n<p>A dura\u00e7\u00e3o dos efeitos da MXP \u00e9 vari\u00e1vel:<\/p>\n<ul>\n<li><strong>In\u00edcio dos efeitos:<\/strong>\u00a030 a 90 minutos ap\u00f3s a ingest\u00e3o.<\/li>\n<li><strong>Efeito de pico:<\/strong>\u00a02 a 4 horas ap\u00f3s a ingest\u00e3o.<\/li>\n<li><strong>Dura\u00e7\u00e3o total:<\/strong>\u00a04 a 8 horas.<\/li>\n<\/ul>\n<p>Este per\u00edodo de tempo pode variar consoante a pessoa.<\/p>\n<h2>Porqu\u00ea escolher Professor.co.uk?<\/h2>\n<p>Se voc\u00ea \u00e9 um pesquisador ou cientista em busca dos melhores produtos qu\u00edmicos para pesquisa, Professor.nl \u00e9 a loja virtual para voc\u00ea. O Professor oferece uma ampla gama de produtos da mais alta qualidade pelo melhor pre\u00e7o. Compre MXP online.<\/p>\n<p>Professor.pt tamb\u00e9m oferece envio r\u00e1pido, op\u00e7\u00f5es de pagamento seguro e excelente servi\u00e7o ao cliente. O Professor est\u00e1 empenhado na conformidade legal e todos os produtos s\u00e3o fabricados de acordo com as leis e regulamentos aplic\u00e1veis.<\/p>\n<h2>Encomendas e servi\u00e7o de apoio ao cliente<\/h2>\n<p>Encomendar a partir de Professor.co.uk \u00e9 f\u00e1cil em linha. Escolha um m\u00e9todo de pagamento online ou opte por uma transfer\u00eancia banc\u00e1ria manual. De seguida, escolha um dos m\u00e9todos de envio dispon\u00edveis.<\/p>\n<p>Para perguntas, podemos ser contactados durante o hor\u00e1rio de expediente atrav\u00e9s do nosso chat em direto, Telegram ou e-mail. Para o fazer, clique no nosso Professor bot no canto inferior direito e, a partir da\u00ed, escolha a forma de nos contactar. Receber\u00e1 sempre uma resposta!<\/p>\n<p>Por isso, escolha o <strong>van MXP online kopen<\/strong>\u00a0e boa sorte com a vossa investiga\u00e7\u00e3o!\u00a0<i>Lembre-se da sua seguran\u00e7a e descanse o suficiente entre as suas investiga\u00e7\u00f5es Comprar MXP.<\/i><\/p>\n<p>A rckopen.com oferece produtos que n\u00e3o se destinam ao consumo humano. O consumo deste produto (n\u00e3o intencional) pode ter consequ\u00eancias m\u00e9dicas graves.<\/p>","protected":false},"excerpt":{"rendered":"<h1>Comprar MXP<\/h1>\n<p>Compre o MXP da melhor qualidade para toda a sua investiga\u00e7\u00e3o cient\u00edfica. Os produtos qu\u00edmicos de investiga\u00e7\u00e3o MXP t\u00eam um grau de pureza \u226597% e n\u00e3o s\u00e3o adequados para consumo humano.<\/p>\n<p><strong>Nome IUPAC: <\/strong>1-[1-(2-metoxifenil)-2-feniletil]piperidina<\/p>\n<p><strong>CAS # <\/strong>127529-46-8<\/p>\n<p><strong>Outro nome: <\/strong>Metoxifenidina<\/p>\n<p><strong>Apar\u00eancia: <\/strong>cristal<\/p>\n<p><strong>An\u00e1lise NMR: <\/strong>C20H25NO<\/p>","protected":false},"featured_media":6501,"comment_status":"open","ping_status":"closed","template":"","meta":{"_joinchat":[]},"product_brand":[],"product_cat":[137],"product_tag":[],"class_list":{"0":"post-6491","1":"product","2":"type-product","3":"status-publish","4":"has-post-thumbnail","6":"product_cat-dissociatieven","8":"first","9":"instock","10":"shipping-taxable","11":"purchasable","12":"product-type-variable"},"yoast_head":"<!-- This site is optimized with the Yoast SEO plugin v26.3 - https:\/\/yoast.com\/wordpress\/plugins\/seo\/ -->\n<title>MXP online kopen - MXP te koop | RC Kopen<\/title>\n<meta name=\"description\" content=\"U kunt contact opnemen met onze online winkel en MXP online kopen. We hebben MXP te koop tegen goedkope prijzen. Haal de jouwe meteen bij jou thuis!\" \/>\n<meta name=\"robots\" content=\"index, follow, max-snippet:-1, max-image-preview:large, max-video-preview:-1\" \/>\n<link rel=\"canonical\" href=\"https:\/\/rckopen.com\/pt\/produto\/mxp\/\" \/>\n<meta property=\"og:locale\" content=\"pt_PT\" \/>\n<meta property=\"og:type\" content=\"article\" \/>\n<meta property=\"og:title\" content=\"MXP online kopen - MXP te koop | RC Kopen\" \/>\n<meta property=\"og:description\" content=\"U kunt contact opnemen met onze online winkel en MXP online kopen. We hebben MXP te koop tegen goedkope prijzen. Haal de jouwe meteen bij jou thuis!\" \/>\n<meta property=\"og:url\" content=\"https:\/\/rckopen.com\/pt\/produto\/mxp\/\" \/>\n<meta property=\"og:site_name\" content=\"RC Kopen\" \/>\n<meta property=\"article:modified_time\" content=\"2025-02-04T05:34:46+00:00\" \/>\n<meta property=\"og:image\" content=\"https:\/\/rckopen.com\/wp-content\/uploads\/2023\/08\/MXP.jpg\" \/>\n\t<meta property=\"og:image:width\" content=\"600\" \/>\n\t<meta property=\"og:image:height\" content=\"600\" \/>\n\t<meta property=\"og:image:type\" content=\"image\/jpeg\" \/>\n<meta name=\"twitter:card\" content=\"summary_large_image\" \/>\n<meta name=\"twitter:label1\" content=\"Tempo estimado de leitura\" \/>\n\t<meta name=\"twitter:data1\" content=\"4 minutos\" \/>\n<script type=\"application\/ld+json\" class=\"yoast-schema-graph\">{\"@context\":\"https:\/\/schema.org\",\"@graph\":[{\"@type\":\"WebPage\",\"@id\":\"https:\/\/rckopen.com\/product\/mxp\/\",\"url\":\"https:\/\/rckopen.com\/product\/mxp\/\",\"name\":\"MXP online kopen - MXP te koop | RC Kopen\",\"isPartOf\":{\"@id\":\"https:\/\/rckopen.com\/#website\"},\"primaryImageOfPage\":{\"@id\":\"https:\/\/rckopen.com\/product\/mxp\/#primaryimage\"},\"image\":{\"@id\":\"https:\/\/rckopen.com\/product\/mxp\/#primaryimage\"},\"thumbnailUrl\":\"https:\/\/rckopen.com\/wp-content\/uploads\/2023\/08\/MXP.jpg\",\"datePublished\":\"2023-08-16T05:42:53+00:00\",\"dateModified\":\"2025-02-04T05:34:46+00:00\",\"description\":\"U kunt contact opnemen met onze online winkel en MXP online kopen. We hebben MXP te koop tegen goedkope prijzen. Haal de jouwe meteen bij jou thuis!\",\"breadcrumb\":{\"@id\":\"https:\/\/rckopen.com\/product\/mxp\/#breadcrumb\"},\"inLanguage\":\"pt-PT\",\"potentialAction\":[{\"@type\":\"ReadAction\",\"target\":[\"https:\/\/rckopen.com\/product\/mxp\/\"]}]},{\"@type\":\"ImageObject\",\"inLanguage\":\"pt-PT\",\"@id\":\"https:\/\/rckopen.com\/product\/mxp\/#primaryimage\",\"url\":\"https:\/\/rckopen.com\/wp-content\/uploads\/2023\/08\/MXP.jpg\",\"contentUrl\":\"https:\/\/rckopen.com\/wp-content\/uploads\/2023\/08\/MXP.jpg\",\"width\":600,\"height\":600,\"caption\":\"MXP online kopen\"},{\"@type\":\"BreadcrumbList\",\"@id\":\"https:\/\/rckopen.com\/product\/mxp\/#breadcrumb\",\"itemListElement\":[{\"@type\":\"ListItem\",\"position\":1,\"name\":\"Home\",\"item\":\"https:\/\/rckopen.com\/\"},{\"@type\":\"ListItem\",\"position\":2,\"name\":\"Shop\",\"item\":\"https:\/\/rckopen.com\/shop\/\"},{\"@type\":\"ListItem\",\"position\":3,\"name\":\"MXP online kopen\"}]},{\"@type\":\"WebSite\",\"@id\":\"https:\/\/rckopen.com\/#website\",\"url\":\"https:\/\/rckopen.com\/\",\"name\":\"RC Kopen\",\"description\":\"Research Chemicals\",\"potentialAction\":[{\"@type\":\"SearchAction\",\"target\":{\"@type\":\"EntryPoint\",\"urlTemplate\":\"https:\/\/rckopen.com\/?s={search_term_string}\"},\"query-input\":{\"@type\":\"PropertyValueSpecification\",\"valueRequired\":true,\"valueName\":\"search_term_string\"}}],\"inLanguage\":\"pt-PT\"}]}<\/script>\n<!-- \/ Yoast SEO plugin. -->","yoast_head_json":{"title":"MXP online kopen - MXP te koop | RC Kopen","description":"U kunt contact opnemen met onze online winkel en MXP online kopen. We hebben MXP te koop tegen goedkope prijzen. Haal de jouwe meteen bij jou thuis!","robots":{"index":"index","follow":"follow","max-snippet":"max-snippet:-1","max-image-preview":"max-image-preview:large","max-video-preview":"max-video-preview:-1"},"canonical":"https:\/\/rckopen.com\/pt\/produto\/mxp\/","og_locale":"pt_PT","og_type":"article","og_title":"MXP online kopen - MXP te koop | RC Kopen","og_description":"U kunt contact opnemen met onze online winkel en MXP online kopen. We hebben MXP te koop tegen goedkope prijzen. Haal de jouwe meteen bij jou thuis!","og_url":"https:\/\/rckopen.com\/pt\/produto\/mxp\/","og_site_name":"RC Kopen","article_modified_time":"2025-02-04T05:34:46+00:00","og_image":[{"width":600,"height":600,"url":"https:\/\/rckopen.com\/wp-content\/uploads\/2023\/08\/MXP.jpg","type":"image\/jpeg"}],"twitter_card":"summary_large_image","twitter_misc":{"Tempo estimado de leitura":"4 minutos"},"schema":{"@context":"https:\/\/schema.org","@graph":[{"@type":"WebPage","@id":"https:\/\/rckopen.com\/product\/mxp\/","url":"https:\/\/rckopen.com\/product\/mxp\/","name":"MXP online kopen - MXP te koop | RC Kopen","isPartOf":{"@id":"https:\/\/rckopen.com\/#website"},"primaryImageOfPage":{"@id":"https:\/\/rckopen.com\/product\/mxp\/#primaryimage"},"image":{"@id":"https:\/\/rckopen.com\/product\/mxp\/#primaryimage"},"thumbnailUrl":"https:\/\/rckopen.com\/wp-content\/uploads\/2023\/08\/MXP.jpg","datePublished":"2023-08-16T05:42:53+00:00","dateModified":"2025-02-04T05:34:46+00:00","description":"U kunt contact opnemen met onze online winkel en MXP online kopen. We hebben MXP te koop tegen goedkope prijzen. Haal de jouwe meteen bij jou thuis!","breadcrumb":{"@id":"https:\/\/rckopen.com\/product\/mxp\/#breadcrumb"},"inLanguage":"pt-PT","potentialAction":[{"@type":"ReadAction","target":["https:\/\/rckopen.com\/product\/mxp\/"]}]},{"@type":"ImageObject","inLanguage":"pt-PT","@id":"https:\/\/rckopen.com\/product\/mxp\/#primaryimage","url":"https:\/\/rckopen.com\/wp-content\/uploads\/2023\/08\/MXP.jpg","contentUrl":"https:\/\/rckopen.com\/wp-content\/uploads\/2023\/08\/MXP.jpg","width":600,"height":600,"caption":"MXP online kopen"},{"@type":"BreadcrumbList","@id":"https:\/\/rckopen.com\/product\/mxp\/#breadcrumb","itemListElement":[{"@type":"ListItem","position":1,"name":"Home","item":"https:\/\/rckopen.com\/"},{"@type":"ListItem","position":2,"name":"Shop","item":"https:\/\/rckopen.com\/shop\/"},{"@type":"ListItem","position":3,"name":"MXP online kopen"}]},{"@type":"WebSite","@id":"https:\/\/rckopen.com\/#website","url":"https:\/\/rckopen.com\/","name":"RC Kopen","description":"Research Chemicals","potentialAction":[{"@type":"SearchAction","target":{"@type":"EntryPoint","urlTemplate":"https:\/\/rckopen.com\/?s={search_term_string}"},"query-input":{"@type":"PropertyValueSpecification","valueRequired":true,"valueName":"search_term_string"}}],"inLanguage":"pt-PT"}]}},"_links":{"self":[{"href":"https:\/\/rckopen.com\/pt\/wp-json\/wp\/v2\/product\/6491","targetHints":{"allow":["GET"]}}],"collection":[{"href":"https:\/\/rckopen.com\/pt\/wp-json\/wp\/v2\/product"}],"about":[{"href":"https:\/\/rckopen.com\/pt\/wp-json\/wp\/v2\/types\/product"}],"replies":[{"embeddable":true,"href":"https:\/\/rckopen.com\/pt\/wp-json\/wp\/v2\/comments?post=6491"}],"wp:featuredmedia":[{"embeddable":true,"href":"https:\/\/rckopen.com\/pt\/wp-json\/wp\/v2\/media\/6501"}],"wp:attachment":[{"href":"https:\/\/rckopen.com\/pt\/wp-json\/wp\/v2\/media?parent=6491"}],"wp:term":[{"taxonomy":"product_brand","embeddable":true,"href":"https:\/\/rckopen.com\/pt\/wp-json\/wp\/v2\/product_brand?post=6491"},{"taxonomy":"product_cat","embeddable":true,"href":"https:\/\/rckopen.com\/pt\/wp-json\/wp\/v2\/product_cat?post=6491"},{"taxonomy":"product_tag","embeddable":true,"href":"https:\/\/rckopen.com\/pt\/wp-json\/wp\/v2\/product_tag?post=6491"}],"curies":[{"name":"wp","href":"https:\/\/api.w.org\/{rel}","templated":true}]}}