{"id":6492,"date":"2023-08-16T05:44:50","date_gmt":"2023-08-16T05:44:50","guid":{"rendered":"https:\/\/diligentplug.com\/chems\/?post_type=product&#038;p=6492"},"modified":"2025-02-04T07:03:02","modified_gmt":"2025-02-04T07:03:02","slug":"o-pce","status":"publish","type":"product","link":"https:\/\/rckopen.com\/pt\/produto\/o-pce\/","title":{"rendered":"Comprar O-PCE online"},"content":{"rendered":"<h2>O-PCE poeder online kopen in winkel<\/h2>\n<h2>O-PCE em p\u00f3 - o que \u00e9?<\/h2>\n<p>A O-PCE, oficialmente conhecida como 2-Oxo-PCE ou N-ethyldeschloroketamine, \u00e9 um derivado da DCK ou dechloroketamine. Est\u00e1 estreitamente relacionada com a eticiclidina ou PCE. A a\u00e7\u00e3o da eticiclidina \u00e9 semelhante \u00e0 da fenciclidina ou PCP, um agente dissociativo altamente potente<a href=\"https:\/\/en.wikipedia.org\/wiki\/2-Oxo-PCE\">.<\/a><\/p>\n<p>Todos estes compostos s\u00e3o anest\u00e9sicos dissociativos e pertencem \u00e0 classe dos compostos de arilciclohexilamina. Estes agentes desempenham fun\u00e7\u00f5es semelhantes, mas a sua dura\u00e7\u00e3o e pot\u00eancia variam muito consoante a forma como se desenvolvem<a href=\"https:\/\/rckopen.com\/pt\/produto\/mxipr\/\">.<\/a><\/p>\n<h2>Comprar O-PCE online<\/h2>\n<p>O-PCE ou 2-Oxo-PCE \u00e9 um composto qu\u00edmico desenvolvido para imitar os efeitos do seu antecessor, o PCE. Trata-se de um produto qu\u00edmico relativamente novo, com muito poucos dados dispon\u00edveis.<\/p>\n<h2>O-PCE - como utilizar?<\/h2>\n<p>N\u00e3o temos muita informa\u00e7\u00e3o dispon\u00edvel sobre o O-PCE, especialmente na literatura cient\u00edfica. Qualquer pessoa que utilize a rela\u00e7\u00e3o deve ser cautelosa. Embora semelhante a outros compostos de arilciclohexilamina (como a cetamina e a DCK), isto n\u00e3o significa necessariamente que tenha o mesmo desempenho ou o mesmo perfil de seguran\u00e7a.<\/p>\n<h2>O-PCE em p\u00f3 - como armazenar?<\/h2>\n<p>A O-PCE pode comprar produtos da mais alta qualidade online. Coloque a fonte de alimenta\u00e7\u00e3o O-PCE em um refrigerador adequado para prote\u00e7\u00e3o m\u00e1xima. Ao utilizar novos materiais sint\u00e9ticos, \u00e9 necess\u00e1rio utilizar apenas os m\u00e9todos corretos de prepara\u00e7\u00e3o laboratorial, como a remo\u00e7\u00e3o de vernizes antigos e a remo\u00e7\u00e3o de len\u00e7os, m\u00e1scaras e roupas de prote\u00e7\u00e3o.<\/p>\n<h2>O-PCE em p\u00f3 - outras informa\u00e7\u00f5es<\/h2>\n<p>O O-PCE tem muitas semelhan\u00e7as com a DCK e a cetamina, e acredita-se que tenha efeitos antibacterianos. No entanto, esta hip\u00f3tese n\u00e3o foi verificada.<\/p>\n<p>Tal como outras subst\u00e2ncias da classe das arilciclohexilaminas, o O-PCE tem um anel de ciclo-hexanona ligado a um anel arom\u00e1tico e a um grupo amino. A O-PCE cont\u00e9m uma cadeia de amino-etilo ligada ao carbono alfa adjacente (R2) do anel de ciclo-hexanona.<\/p>\n<p>Estruturalmente, o O-PCE \u00e9 quase id\u00eantico \u00e0 DCK, sendo a \u00fanica diferen\u00e7a o comprimento da sua cadeia de carbono. A DCK tem uma cadeia de aminoometilo, enquanto o O-PCE tem uma cadeia de aminoetilo. A semelhan\u00e7a estrutural e a extrapola\u00e7\u00e3o sugerem que o O-PCE interage com o recetor NMDA. Este \u00e9 o mesmo mecanismo pelo qual actuam a cetamina, a DCK e outras arilciclohexilaminas.<\/p>\n<p>rckopen.com oferece produtos que n\u00e3o s\u00e3o adequados para consumo em massa. Se voc\u00ea (ou outra pessoa) consumir este produto, voc\u00ea pode encomend\u00e1-lo no centro m\u00e9dico mais pr\u00f3ximo ou na loja online.<\/p>","protected":false},"excerpt":{"rendered":"<p><strong>Nome IUPAC: <\/strong>Monocloridrato de 2-(etilamino)-2-fenil-ciclohexanona<\/p>\n<p><strong>CAS # <\/strong>4551-92-2<\/p>\n<p><strong>Outro nome: <\/strong>Eticiclidona \/ O-PCE \/ 2-Oxo-PCE<\/p>\n<p><strong>Apar\u00eancia: <\/strong>cristal<\/p>\n<p><strong>An\u00e1lise NMR: <\/strong>C14H19NO - HCl<\/p>","protected":false},"featured_media":6502,"comment_status":"open","ping_status":"closed","template":"","meta":{"_joinchat":[]},"product_brand":[],"product_cat":[137],"product_tag":[],"class_list":{"0":"post-6492","1":"product","2":"type-product","3":"status-publish","4":"has-post-thumbnail","6":"product_cat-dissociatieven","8":"first","9":"instock","10":"shipping-taxable","11":"purchasable","12":"product-type-variable"},"yoast_head":"<!-- This site is optimized with the Yoast SEO plugin v26.3 - https:\/\/yoast.com\/wordpress\/plugins\/seo\/ -->\n<title>O Pce online kopen - O Pce online te koop | RC Kopen<\/title>\n<meta name=\"description\" content=\"Op zoek naar hoogwaardige O Pce te koop? RC kopen is een toonaangevende winkel waar u O Pce online kunt kopen tegen de beste prijs.\" \/>\n<meta name=\"robots\" content=\"index, follow, max-snippet:-1, max-image-preview:large, max-video-preview:-1\" \/>\n<link rel=\"canonical\" href=\"https:\/\/rckopen.com\/pt\/produto\/o-pce\/\" \/>\n<meta property=\"og:locale\" content=\"pt_PT\" \/>\n<meta property=\"og:type\" content=\"article\" \/>\n<meta property=\"og:title\" content=\"O Pce online kopen - O Pce online te koop | RC Kopen\" \/>\n<meta property=\"og:description\" content=\"Op zoek naar hoogwaardige O Pce te koop? RC kopen is een toonaangevende winkel waar u O Pce online kunt kopen tegen de beste prijs.\" \/>\n<meta property=\"og:url\" content=\"https:\/\/rckopen.com\/pt\/produto\/o-pce\/\" \/>\n<meta property=\"og:site_name\" content=\"RC Kopen\" \/>\n<meta property=\"article:modified_time\" content=\"2025-02-04T07:03:02+00:00\" \/>\n<meta property=\"og:image\" content=\"https:\/\/rckopen.com\/wp-content\/uploads\/2023\/08\/O-PCE.jpg\" \/>\n\t<meta property=\"og:image:width\" content=\"600\" \/>\n\t<meta property=\"og:image:height\" content=\"600\" \/>\n\t<meta property=\"og:image:type\" content=\"image\/jpeg\" \/>\n<meta name=\"twitter:card\" content=\"summary_large_image\" \/>\n<meta name=\"twitter:label1\" content=\"Tempo estimado de leitura\" \/>\n\t<meta name=\"twitter:data1\" content=\"2 minutos\" \/>\n<script type=\"application\/ld+json\" class=\"yoast-schema-graph\">{\"@context\":\"https:\/\/schema.org\",\"@graph\":[{\"@type\":\"WebPage\",\"@id\":\"https:\/\/rckopen.com\/product\/o-pce\/\",\"url\":\"https:\/\/rckopen.com\/product\/o-pce\/\",\"name\":\"O Pce online kopen - O Pce online te koop | RC Kopen\",\"isPartOf\":{\"@id\":\"https:\/\/rckopen.com\/#website\"},\"primaryImageOfPage\":{\"@id\":\"https:\/\/rckopen.com\/product\/o-pce\/#primaryimage\"},\"image\":{\"@id\":\"https:\/\/rckopen.com\/product\/o-pce\/#primaryimage\"},\"thumbnailUrl\":\"https:\/\/rckopen.com\/wp-content\/uploads\/2023\/08\/O-PCE.jpg\",\"datePublished\":\"2023-08-16T05:44:50+00:00\",\"dateModified\":\"2025-02-04T07:03:02+00:00\",\"description\":\"Op zoek naar hoogwaardige O Pce te koop? RC kopen is een toonaangevende winkel waar u O Pce online kunt kopen tegen de beste prijs.\",\"breadcrumb\":{\"@id\":\"https:\/\/rckopen.com\/product\/o-pce\/#breadcrumb\"},\"inLanguage\":\"pt-PT\",\"potentialAction\":[{\"@type\":\"ReadAction\",\"target\":[\"https:\/\/rckopen.com\/product\/o-pce\/\"]}]},{\"@type\":\"ImageObject\",\"inLanguage\":\"pt-PT\",\"@id\":\"https:\/\/rckopen.com\/product\/o-pce\/#primaryimage\",\"url\":\"https:\/\/rckopen.com\/wp-content\/uploads\/2023\/08\/O-PCE.jpg\",\"contentUrl\":\"https:\/\/rckopen.com\/wp-content\/uploads\/2023\/08\/O-PCE.jpg\",\"width\":600,\"height\":600,\"caption\":\"O-PCE online kopen\"},{\"@type\":\"BreadcrumbList\",\"@id\":\"https:\/\/rckopen.com\/product\/o-pce\/#breadcrumb\",\"itemListElement\":[{\"@type\":\"ListItem\",\"position\":1,\"name\":\"Home\",\"item\":\"https:\/\/rckopen.com\/\"},{\"@type\":\"ListItem\",\"position\":2,\"name\":\"Shop\",\"item\":\"https:\/\/rckopen.com\/shop\/\"},{\"@type\":\"ListItem\",\"position\":3,\"name\":\"O-PCE online kopen\"}]},{\"@type\":\"WebSite\",\"@id\":\"https:\/\/rckopen.com\/#website\",\"url\":\"https:\/\/rckopen.com\/\",\"name\":\"RC Kopen\",\"description\":\"Research Chemicals\",\"potentialAction\":[{\"@type\":\"SearchAction\",\"target\":{\"@type\":\"EntryPoint\",\"urlTemplate\":\"https:\/\/rckopen.com\/?s={search_term_string}\"},\"query-input\":{\"@type\":\"PropertyValueSpecification\",\"valueRequired\":true,\"valueName\":\"search_term_string\"}}],\"inLanguage\":\"pt-PT\"}]}<\/script>\n<!-- \/ Yoast SEO plugin. -->","yoast_head_json":{"title":"O Pce online kopen - O Pce online te koop | RC Kopen","description":"Op zoek naar hoogwaardige O Pce te koop? RC kopen is een toonaangevende winkel waar u O Pce online kunt kopen tegen de beste prijs.","robots":{"index":"index","follow":"follow","max-snippet":"max-snippet:-1","max-image-preview":"max-image-preview:large","max-video-preview":"max-video-preview:-1"},"canonical":"https:\/\/rckopen.com\/pt\/produto\/o-pce\/","og_locale":"pt_PT","og_type":"article","og_title":"O Pce online kopen - O Pce online te koop | RC Kopen","og_description":"Op zoek naar hoogwaardige O Pce te koop? RC kopen is een toonaangevende winkel waar u O Pce online kunt kopen tegen de beste prijs.","og_url":"https:\/\/rckopen.com\/pt\/produto\/o-pce\/","og_site_name":"RC Kopen","article_modified_time":"2025-02-04T07:03:02+00:00","og_image":[{"width":600,"height":600,"url":"https:\/\/rckopen.com\/wp-content\/uploads\/2023\/08\/O-PCE.jpg","type":"image\/jpeg"}],"twitter_card":"summary_large_image","twitter_misc":{"Tempo estimado de leitura":"2 minutos"},"schema":{"@context":"https:\/\/schema.org","@graph":[{"@type":"WebPage","@id":"https:\/\/rckopen.com\/product\/o-pce\/","url":"https:\/\/rckopen.com\/product\/o-pce\/","name":"O Pce online kopen - O Pce online te koop | RC Kopen","isPartOf":{"@id":"https:\/\/rckopen.com\/#website"},"primaryImageOfPage":{"@id":"https:\/\/rckopen.com\/product\/o-pce\/#primaryimage"},"image":{"@id":"https:\/\/rckopen.com\/product\/o-pce\/#primaryimage"},"thumbnailUrl":"https:\/\/rckopen.com\/wp-content\/uploads\/2023\/08\/O-PCE.jpg","datePublished":"2023-08-16T05:44:50+00:00","dateModified":"2025-02-04T07:03:02+00:00","description":"Op zoek naar hoogwaardige O Pce te koop? RC kopen is een toonaangevende winkel waar u O Pce online kunt kopen tegen de beste prijs.","breadcrumb":{"@id":"https:\/\/rckopen.com\/product\/o-pce\/#breadcrumb"},"inLanguage":"pt-PT","potentialAction":[{"@type":"ReadAction","target":["https:\/\/rckopen.com\/product\/o-pce\/"]}]},{"@type":"ImageObject","inLanguage":"pt-PT","@id":"https:\/\/rckopen.com\/product\/o-pce\/#primaryimage","url":"https:\/\/rckopen.com\/wp-content\/uploads\/2023\/08\/O-PCE.jpg","contentUrl":"https:\/\/rckopen.com\/wp-content\/uploads\/2023\/08\/O-PCE.jpg","width":600,"height":600,"caption":"O-PCE online kopen"},{"@type":"BreadcrumbList","@id":"https:\/\/rckopen.com\/product\/o-pce\/#breadcrumb","itemListElement":[{"@type":"ListItem","position":1,"name":"Home","item":"https:\/\/rckopen.com\/"},{"@type":"ListItem","position":2,"name":"Shop","item":"https:\/\/rckopen.com\/shop\/"},{"@type":"ListItem","position":3,"name":"O-PCE online kopen"}]},{"@type":"WebSite","@id":"https:\/\/rckopen.com\/#website","url":"https:\/\/rckopen.com\/","name":"RC Kopen","description":"Research Chemicals","potentialAction":[{"@type":"SearchAction","target":{"@type":"EntryPoint","urlTemplate":"https:\/\/rckopen.com\/?s={search_term_string}"},"query-input":{"@type":"PropertyValueSpecification","valueRequired":true,"valueName":"search_term_string"}}],"inLanguage":"pt-PT"}]}},"_links":{"self":[{"href":"https:\/\/rckopen.com\/pt\/wp-json\/wp\/v2\/product\/6492","targetHints":{"allow":["GET"]}}],"collection":[{"href":"https:\/\/rckopen.com\/pt\/wp-json\/wp\/v2\/product"}],"about":[{"href":"https:\/\/rckopen.com\/pt\/wp-json\/wp\/v2\/types\/product"}],"replies":[{"embeddable":true,"href":"https:\/\/rckopen.com\/pt\/wp-json\/wp\/v2\/comments?post=6492"}],"wp:featuredmedia":[{"embeddable":true,"href":"https:\/\/rckopen.com\/pt\/wp-json\/wp\/v2\/media\/6502"}],"wp:attachment":[{"href":"https:\/\/rckopen.com\/pt\/wp-json\/wp\/v2\/media?parent=6492"}],"wp:term":[{"taxonomy":"product_brand","embeddable":true,"href":"https:\/\/rckopen.com\/pt\/wp-json\/wp\/v2\/product_brand?post=6492"},{"taxonomy":"product_cat","embeddable":true,"href":"https:\/\/rckopen.com\/pt\/wp-json\/wp\/v2\/product_cat?post=6492"},{"taxonomy":"product_tag","embeddable":true,"href":"https:\/\/rckopen.com\/pt\/wp-json\/wp\/v2\/product_tag?post=6492"}],"curies":[{"name":"wp","href":"https:\/\/api.w.org\/{rel}","templated":true}]}}