{"id":6530,"date":"2023-08-16T06:44:35","date_gmt":"2023-08-16T06:44:35","guid":{"rendered":"https:\/\/diligentplug.com\/chems\/?post_type=product&#038;p=6530"},"modified":"2025-02-03T10:44:14","modified_gmt":"2025-02-03T10:44:14","slug":"green-bentuangie","status":"publish","type":"product","link":"https:\/\/rckopen.com\/pt\/produto\/bentuangie-verde\/","title":{"rendered":"Compre Bentuangie Verde Online"},"content":{"rendered":"<h2>Compre Bentuangie Verde Online<\/h2>\n<p><a href=\"https:\/\/rckopen.com\/pt\/produto\/bentuangie-verde\/\">Compre Bentuangie Verde<\/a>Experimente o melhor dos dois mundos com nosso Green Bentuangie Kratom. Feito com um processo de fermenta\u00e7\u00e3o especial para garantir que voc\u00ea tenha uma experi\u00eancia inigual\u00e1vel. Proveniente das belas florestas do Sudeste Asi\u00e1tico, esta variedade \u00fanica oferece uma mistura harmoniosa de vitalidade energ\u00e9tica e relaxamento calmante.<a href=\"https:\/\/en.wikipedia.org\/wiki\/Mitragyna_speciosa\">.<\/a><\/p>\n<p><a href=\"https:\/\/rckopen.com\/pt\/\">rckopen.com<\/a> oferece produtos que n\u00e3o s\u00e3o destinados ao consumo humano. Se voc\u00ea consumir este produto (n\u00e3o intencionalmente), poder\u00e1 ter consequ\u00eancias m\u00e9dicas graves<a href=\"https:\/\/rckopen.com\/pt\/categoria-do-produto-2\/kratom\/\">.<\/a><\/p>","protected":false},"excerpt":{"rendered":"<p><strong>Forma: <\/strong>p\u00f3<\/p>\n<p><strong>An\u00e1lise NMR: <\/strong>N\/A<\/p>","protected":false},"featured_media":6541,"comment_status":"open","ping_status":"closed","template":"","meta":{"_joinchat":[]},"product_brand":[],"product_cat":[139],"product_tag":[],"class_list":{"0":"post-6530","1":"product","2":"type-product","3":"status-publish","4":"has-post-thumbnail","6":"product_cat-kratom","8":"first","9":"instock","10":"shipping-taxable","11":"purchasable","12":"product-type-variable"},"yoast_head":"<!-- This site is optimized with the Yoast SEO plugin v26.3 - https:\/\/yoast.com\/wordpress\/plugins\/seo\/ -->\n<title>Green Bentuangie online online - Green Bentuangie te koop<\/title>\n<meta name=\"description\" content=\"Green Bentuangie kopen, Als u bereid bent Green Bentuangie te koop aan te schaffen, dan zijn wij de juiste keuze voor u. Onze medewerkers helpen u bij het kopen van Green Bentuangie.\" \/>\n<meta name=\"robots\" content=\"index, follow, max-snippet:-1, max-image-preview:large, max-video-preview:-1\" \/>\n<link rel=\"canonical\" href=\"https:\/\/rckopen.com\/pt\/produto\/bentuangie-verde\/\" \/>\n<meta property=\"og:locale\" content=\"pt_PT\" \/>\n<meta property=\"og:type\" content=\"article\" \/>\n<meta property=\"og:title\" content=\"Green Bentuangie online online - Green Bentuangie te koop\" \/>\n<meta property=\"og:description\" content=\"Green Bentuangie kopen, Als u bereid bent Green Bentuangie te koop aan te schaffen, dan zijn wij de juiste keuze voor u. Onze medewerkers helpen u bij het kopen van Green Bentuangie.\" \/>\n<meta property=\"og:url\" content=\"https:\/\/rckopen.com\/pt\/produto\/bentuangie-verde\/\" \/>\n<meta property=\"og:site_name\" content=\"RC Kopen\" \/>\n<meta property=\"article:modified_time\" content=\"2025-02-03T10:44:14+00:00\" \/>\n<meta property=\"og:image\" content=\"https:\/\/rckopen.com\/wp-content\/uploads\/2023\/08\/Green-Bentuangie.jpg\" \/>\n\t<meta property=\"og:image:width\" content=\"600\" \/>\n\t<meta property=\"og:image:height\" content=\"600\" \/>\n\t<meta property=\"og:image:type\" content=\"image\/jpeg\" \/>\n<meta name=\"twitter:card\" content=\"summary_large_image\" \/>\n<meta name=\"twitter:label1\" content=\"Tempo estimado de leitura\" \/>\n\t<meta name=\"twitter:data1\" content=\"1 minuto\" \/>\n<script type=\"application\/ld+json\" class=\"yoast-schema-graph\">{\"@context\":\"https:\/\/schema.org\",\"@graph\":[{\"@type\":\"WebPage\",\"@id\":\"https:\/\/rckopen.com\/product\/green-bentuangie\/\",\"url\":\"https:\/\/rckopen.com\/product\/green-bentuangie\/\",\"name\":\"Green Bentuangie online online - Green Bentuangie te koop\",\"isPartOf\":{\"@id\":\"https:\/\/rckopen.com\/#website\"},\"primaryImageOfPage\":{\"@id\":\"https:\/\/rckopen.com\/product\/green-bentuangie\/#primaryimage\"},\"image\":{\"@id\":\"https:\/\/rckopen.com\/product\/green-bentuangie\/#primaryimage\"},\"thumbnailUrl\":\"https:\/\/rckopen.com\/wp-content\/uploads\/2023\/08\/Green-Bentuangie.jpg\",\"datePublished\":\"2023-08-16T06:44:35+00:00\",\"dateModified\":\"2025-02-03T10:44:14+00:00\",\"description\":\"Green Bentuangie kopen, Als u bereid bent Green Bentuangie te koop aan te schaffen, dan zijn wij de juiste keuze voor u. Onze medewerkers helpen u bij het kopen van Green Bentuangie.\",\"breadcrumb\":{\"@id\":\"https:\/\/rckopen.com\/product\/green-bentuangie\/#breadcrumb\"},\"inLanguage\":\"pt-PT\",\"potentialAction\":[{\"@type\":\"ReadAction\",\"target\":[\"https:\/\/rckopen.com\/product\/green-bentuangie\/\"]}]},{\"@type\":\"ImageObject\",\"inLanguage\":\"pt-PT\",\"@id\":\"https:\/\/rckopen.com\/product\/green-bentuangie\/#primaryimage\",\"url\":\"https:\/\/rckopen.com\/wp-content\/uploads\/2023\/08\/Green-Bentuangie.jpg\",\"contentUrl\":\"https:\/\/rckopen.com\/wp-content\/uploads\/2023\/08\/Green-Bentuangie.jpg\",\"width\":600,\"height\":600,\"caption\":\"Green-Bentuangie online kopen\"},{\"@type\":\"BreadcrumbList\",\"@id\":\"https:\/\/rckopen.com\/product\/green-bentuangie\/#breadcrumb\",\"itemListElement\":[{\"@type\":\"ListItem\",\"position\":1,\"name\":\"Home\",\"item\":\"https:\/\/rckopen.com\/\"},{\"@type\":\"ListItem\",\"position\":2,\"name\":\"Shop\",\"item\":\"https:\/\/rckopen.com\/shop\/\"},{\"@type\":\"ListItem\",\"position\":3,\"name\":\"Green Bentuangie Online kopen\"}]},{\"@type\":\"WebSite\",\"@id\":\"https:\/\/rckopen.com\/#website\",\"url\":\"https:\/\/rckopen.com\/\",\"name\":\"RC Kopen\",\"description\":\"Research Chemicals\",\"potentialAction\":[{\"@type\":\"SearchAction\",\"target\":{\"@type\":\"EntryPoint\",\"urlTemplate\":\"https:\/\/rckopen.com\/?s={search_term_string}\"},\"query-input\":{\"@type\":\"PropertyValueSpecification\",\"valueRequired\":true,\"valueName\":\"search_term_string\"}}],\"inLanguage\":\"pt-PT\"}]}<\/script>\n<!-- \/ Yoast SEO plugin. -->","yoast_head_json":{"title":"Green Bentuangie online online - Green Bentuangie te koop","description":"Green Bentuangie kopen, Als u bereid bent Green Bentuangie te koop aan te schaffen, dan zijn wij de juiste keuze voor u. Onze medewerkers helpen u bij het kopen van Green Bentuangie.","robots":{"index":"index","follow":"follow","max-snippet":"max-snippet:-1","max-image-preview":"max-image-preview:large","max-video-preview":"max-video-preview:-1"},"canonical":"https:\/\/rckopen.com\/pt\/produto\/bentuangie-verde\/","og_locale":"pt_PT","og_type":"article","og_title":"Green Bentuangie online online - Green Bentuangie te koop","og_description":"Green Bentuangie kopen, Als u bereid bent Green Bentuangie te koop aan te schaffen, dan zijn wij de juiste keuze voor u. Onze medewerkers helpen u bij het kopen van Green Bentuangie.","og_url":"https:\/\/rckopen.com\/pt\/produto\/bentuangie-verde\/","og_site_name":"RC Kopen","article_modified_time":"2025-02-03T10:44:14+00:00","og_image":[{"width":600,"height":600,"url":"https:\/\/rckopen.com\/wp-content\/uploads\/2023\/08\/Green-Bentuangie.jpg","type":"image\/jpeg"}],"twitter_card":"summary_large_image","twitter_misc":{"Tempo estimado de leitura":"1 minuto"},"schema":{"@context":"https:\/\/schema.org","@graph":[{"@type":"WebPage","@id":"https:\/\/rckopen.com\/product\/green-bentuangie\/","url":"https:\/\/rckopen.com\/product\/green-bentuangie\/","name":"Green Bentuangie online online - Green Bentuangie te koop","isPartOf":{"@id":"https:\/\/rckopen.com\/#website"},"primaryImageOfPage":{"@id":"https:\/\/rckopen.com\/product\/green-bentuangie\/#primaryimage"},"image":{"@id":"https:\/\/rckopen.com\/product\/green-bentuangie\/#primaryimage"},"thumbnailUrl":"https:\/\/rckopen.com\/wp-content\/uploads\/2023\/08\/Green-Bentuangie.jpg","datePublished":"2023-08-16T06:44:35+00:00","dateModified":"2025-02-03T10:44:14+00:00","description":"Green Bentuangie kopen, Als u bereid bent Green Bentuangie te koop aan te schaffen, dan zijn wij de juiste keuze voor u. Onze medewerkers helpen u bij het kopen van Green Bentuangie.","breadcrumb":{"@id":"https:\/\/rckopen.com\/product\/green-bentuangie\/#breadcrumb"},"inLanguage":"pt-PT","potentialAction":[{"@type":"ReadAction","target":["https:\/\/rckopen.com\/product\/green-bentuangie\/"]}]},{"@type":"ImageObject","inLanguage":"pt-PT","@id":"https:\/\/rckopen.com\/product\/green-bentuangie\/#primaryimage","url":"https:\/\/rckopen.com\/wp-content\/uploads\/2023\/08\/Green-Bentuangie.jpg","contentUrl":"https:\/\/rckopen.com\/wp-content\/uploads\/2023\/08\/Green-Bentuangie.jpg","width":600,"height":600,"caption":"Green-Bentuangie online kopen"},{"@type":"BreadcrumbList","@id":"https:\/\/rckopen.com\/product\/green-bentuangie\/#breadcrumb","itemListElement":[{"@type":"ListItem","position":1,"name":"Home","item":"https:\/\/rckopen.com\/"},{"@type":"ListItem","position":2,"name":"Shop","item":"https:\/\/rckopen.com\/shop\/"},{"@type":"ListItem","position":3,"name":"Green Bentuangie Online kopen"}]},{"@type":"WebSite","@id":"https:\/\/rckopen.com\/#website","url":"https:\/\/rckopen.com\/","name":"RC Kopen","description":"Research Chemicals","potentialAction":[{"@type":"SearchAction","target":{"@type":"EntryPoint","urlTemplate":"https:\/\/rckopen.com\/?s={search_term_string}"},"query-input":{"@type":"PropertyValueSpecification","valueRequired":true,"valueName":"search_term_string"}}],"inLanguage":"pt-PT"}]}},"_links":{"self":[{"href":"https:\/\/rckopen.com\/pt\/wp-json\/wp\/v2\/product\/6530","targetHints":{"allow":["GET"]}}],"collection":[{"href":"https:\/\/rckopen.com\/pt\/wp-json\/wp\/v2\/product"}],"about":[{"href":"https:\/\/rckopen.com\/pt\/wp-json\/wp\/v2\/types\/product"}],"replies":[{"embeddable":true,"href":"https:\/\/rckopen.com\/pt\/wp-json\/wp\/v2\/comments?post=6530"}],"wp:featuredmedia":[{"embeddable":true,"href":"https:\/\/rckopen.com\/pt\/wp-json\/wp\/v2\/media\/6541"}],"wp:attachment":[{"href":"https:\/\/rckopen.com\/pt\/wp-json\/wp\/v2\/media?parent=6530"}],"wp:term":[{"taxonomy":"product_brand","embeddable":true,"href":"https:\/\/rckopen.com\/pt\/wp-json\/wp\/v2\/product_brand?post=6530"},{"taxonomy":"product_cat","embeddable":true,"href":"https:\/\/rckopen.com\/pt\/wp-json\/wp\/v2\/product_cat?post=6530"},{"taxonomy":"product_tag","embeddable":true,"href":"https:\/\/rckopen.com\/pt\/wp-json\/wp\/v2\/product_tag?post=6530"}],"curies":[{"name":"wp","href":"https:\/\/api.w.org\/{rel}","templated":true}]}}