{"id":6549,"date":"2023-08-16T07:07:19","date_gmt":"2023-08-16T07:07:19","guid":{"rendered":"https:\/\/diligentplug.com\/chems\/?post_type=product&#038;p=6549"},"modified":"2025-02-06T06:30:02","modified_gmt":"2025-02-06T06:30:02","slug":"green-papua","status":"publish","type":"product","link":"https:\/\/rckopen.com\/pt\/produto\/papua-verde\/","title":{"rendered":"Compre Papua Verde online"},"content":{"rendered":"<h2>Compre Papua Verde online<\/h2>\n<h3>Variedade de Papua Verde<\/h3>\n<p>Uma cepa h\u00edbrida viva, <a href=\"https:\/\/rckopen.com\/pt\/produto\/papua-verde\/\">papua verde<\/a> mistura aromas frutados potentes com efeitos bem equilibrados. Esta strain, que \u00e9 bem conhecida por seus efeitos estimulantes e calmantes, \u00e9 perfeita para relaxar enquanto mant\u00e9m a clareza mental e o foco.<\/p>\n<h3>Olhar<\/h3>\n<p>Com uma cobertura fosca de tricomas brilhantes, a papua verde exibe flores densas e vibrantes com tons de laranja, roxo e verde. Sua qualidade superior \u00e9 refletida em sua apar\u00eancia atraente.<\/p>\n<h3>Fragr\u00e2ncias<\/h3>\n<p>Com notas c\u00edtricas tropicais e tons cremosos, esta strain tem um aroma agrad\u00e1vel e frutado. Seu aroma \u00e9 convidativo, revitalizante e lembra uma sobremesa do ver\u00e3o.<\/p>\n<h3>Gosto<\/h3>\n<p>Com aromas c\u00edtricos picantes e um acabamento suave e cremoso, o papua verde oferece uma onda de do\u00e7ura frutada no paladar. Seu perfil de sabor \u00e9 rico e vivo, t\u00e3o agrad\u00e1vel quanto seu nome indica.<\/p>\n<h3>Impactos<\/h3>\n<p>Green papua proporciona uma experi\u00eancia h\u00edbrida bem completa, come\u00e7ando com uma euforia mental estimulante que melhora o humor e a concentra\u00e7\u00e3o. O relaxamento f\u00edsico calmante que se segue \u00e0 euforia a torna ideal para uma variedade de tarefas, desde esfor\u00e7os criativos at\u00e9 se acomodar no fim do dia. <a href=\"https:\/\/rckopen.com\/pt\/\">RC Kopen<\/a><\/p>\n<h3>Destaques do produto<\/h3>\n<ul>\n<li><strong>Aroma:<\/strong> C\u00edtrico Tropical, Cremoso, Frutado Doce<\/li>\n<li><strong>Sabor:<\/strong> C\u00edtrico picante, doce frutado, cremoso suave<\/li>\n<li><strong>Positiva:<\/strong>\u00a0efeitos calmantes e equilibrados<\/li>\n<li><strong>Tipo:<\/strong> Mezclada<\/li>\n<li><strong>For\u00e7a:<\/strong> 27.90%<\/li>\n<li><strong>Terpenos:<\/strong> Cariofileno, Mirceno e Limoneno<\/li>\n<\/ul>\n<h3>Uso ideal<\/h3>\n<p>Green papua \u00e9 ideal para empreendimentos criativos, encontros e noites de lazer. Por causa de seus efeitos bem equilibrados, pode ser usado tanto durante o dia quanto \u00e0 noite.<\/p>\n<h3>Perguntas frequentes sobre Papua Verde<\/h3>\n<ul>\n<li><strong>Qual \u00e9 o impacto da papua verde?<\/strong><br \/>\nrelaxamento tranquilo combinado com vitalidade edificante.<\/li>\n<li><strong>Qual \u00e9 o sabor da papua verde?<\/strong><br \/>\num final cremoso, c\u00edtrico picante e uma explos\u00e3o doce e frutada.<\/li>\n<li><strong>Para quem o papua verde \u00e9 apropriado?<\/strong><br \/>\nExcelente para f\u00e3s de h\u00edbridos que buscam uma experi\u00eancia saborosa e adapt\u00e1vel.<\/li>\n<li><strong>Papua verde \u00e9 apropriado para iniciantes?<\/strong><br \/>\nSim, a maioria dos usu\u00e1rios pode obter seus efeitos bem equilibrados.s<\/li>\n<li><strong>Qual \u00e9 a hora do dia ideal para usar papua verde?<\/strong><br \/>\nPerfeito para se concentrar durante o dia ou relaxar \u00e0 noite.<\/li>\n<\/ul>\n<h3>Tome cuidado<\/h3>\n<ul>\n<li>Use com sensatez; fique longe de m\u00e1quinas ou carros.<\/li>\n<li>Mantenha fora do alcance de crian\u00e7as e animais de estima\u00e7\u00e3o.<\/li>\n<li>Se voc\u00ea tiver algum problema de sa\u00fade, converse com um profissional de sa\u00fade.<\/li>\n<\/ul>","protected":false},"excerpt":{"rendered":"<p><strong>Forma: <\/strong>p\u00f3<\/p>\n<p><strong>An\u00e1lise NMR: <\/strong>N\/A<\/p>","protected":false},"featured_media":6560,"comment_status":"open","ping_status":"closed","template":"","meta":{"_joinchat":[]},"product_brand":[],"product_cat":[139],"product_tag":[],"class_list":{"0":"post-6549","1":"product","2":"type-product","3":"status-publish","4":"has-post-thumbnail","6":"product_cat-kratom","8":"first","9":"instock","10":"shipping-taxable","11":"purchasable","12":"product-type-variable"},"yoast_head":"<!-- This site is optimized with the Yoast SEO plugin v26.3 - https:\/\/yoast.com\/wordpress\/plugins\/seo\/ -->\n<title>Green Papua online kopen - Groen Papua te koop | RC Kopen<\/title>\n<meta name=\"description\" content=\"Onze online rc kopen winkel heeft de beste kwaliteit green papua te koop. Als u green papua online wilt kopen, dan kunnen wij u van alle kanten helpen. Bestel vandaag nog!\" \/>\n<meta name=\"robots\" content=\"index, follow, max-snippet:-1, max-image-preview:large, max-video-preview:-1\" \/>\n<link rel=\"canonical\" href=\"https:\/\/rckopen.com\/pt\/produto\/papua-verde\/\" \/>\n<meta property=\"og:locale\" content=\"pt_PT\" \/>\n<meta property=\"og:type\" content=\"article\" \/>\n<meta property=\"og:title\" content=\"Green Papua online kopen - Groen Papua te koop | RC Kopen\" \/>\n<meta property=\"og:description\" content=\"Onze online rc kopen winkel heeft de beste kwaliteit green papua te koop. Als u green papua online wilt kopen, dan kunnen wij u van alle kanten helpen. Bestel vandaag nog!\" \/>\n<meta property=\"og:url\" content=\"https:\/\/rckopen.com\/pt\/produto\/papua-verde\/\" \/>\n<meta property=\"og:site_name\" content=\"RC Kopen\" \/>\n<meta property=\"article:modified_time\" content=\"2025-02-06T06:30:02+00:00\" \/>\n<meta property=\"og:image\" content=\"https:\/\/rckopen.com\/wp-content\/uploads\/2023\/08\/Green-Papua.jpg\" \/>\n\t<meta property=\"og:image:width\" content=\"600\" \/>\n\t<meta property=\"og:image:height\" content=\"600\" \/>\n\t<meta property=\"og:image:type\" content=\"image\/jpeg\" \/>\n<meta name=\"twitter:card\" content=\"summary_large_image\" \/>\n<meta name=\"twitter:label1\" content=\"Tempo estimado de leitura\" \/>\n\t<meta name=\"twitter:data1\" content=\"2 minutos\" \/>\n<script type=\"application\/ld+json\" class=\"yoast-schema-graph\">{\"@context\":\"https:\/\/schema.org\",\"@graph\":[{\"@type\":\"WebPage\",\"@id\":\"https:\/\/rckopen.com\/product\/green-papua\/\",\"url\":\"https:\/\/rckopen.com\/product\/green-papua\/\",\"name\":\"Green Papua online kopen - Groen Papua te koop | RC Kopen\",\"isPartOf\":{\"@id\":\"https:\/\/rckopen.com\/#website\"},\"primaryImageOfPage\":{\"@id\":\"https:\/\/rckopen.com\/product\/green-papua\/#primaryimage\"},\"image\":{\"@id\":\"https:\/\/rckopen.com\/product\/green-papua\/#primaryimage\"},\"thumbnailUrl\":\"https:\/\/rckopen.com\/wp-content\/uploads\/2023\/08\/Green-Papua.jpg\",\"datePublished\":\"2023-08-16T07:07:19+00:00\",\"dateModified\":\"2025-02-06T06:30:02+00:00\",\"description\":\"Onze online rc kopen winkel heeft de beste kwaliteit green papua te koop. Als u green papua online wilt kopen, dan kunnen wij u van alle kanten helpen. Bestel vandaag nog!\",\"breadcrumb\":{\"@id\":\"https:\/\/rckopen.com\/product\/green-papua\/#breadcrumb\"},\"inLanguage\":\"pt-PT\",\"potentialAction\":[{\"@type\":\"ReadAction\",\"target\":[\"https:\/\/rckopen.com\/product\/green-papua\/\"]}]},{\"@type\":\"ImageObject\",\"inLanguage\":\"pt-PT\",\"@id\":\"https:\/\/rckopen.com\/product\/green-papua\/#primaryimage\",\"url\":\"https:\/\/rckopen.com\/wp-content\/uploads\/2023\/08\/Green-Papua.jpg\",\"contentUrl\":\"https:\/\/rckopen.com\/wp-content\/uploads\/2023\/08\/Green-Papua.jpg\",\"width\":600,\"height\":600,\"caption\":\"Green Papua online kopen\"},{\"@type\":\"BreadcrumbList\",\"@id\":\"https:\/\/rckopen.com\/product\/green-papua\/#breadcrumb\",\"itemListElement\":[{\"@type\":\"ListItem\",\"position\":1,\"name\":\"Home\",\"item\":\"https:\/\/rckopen.com\/\"},{\"@type\":\"ListItem\",\"position\":2,\"name\":\"Shop\",\"item\":\"https:\/\/rckopen.com\/shop\/\"},{\"@type\":\"ListItem\",\"position\":3,\"name\":\"Green Papua online kopen\"}]},{\"@type\":\"WebSite\",\"@id\":\"https:\/\/rckopen.com\/#website\",\"url\":\"https:\/\/rckopen.com\/\",\"name\":\"RC Kopen\",\"description\":\"Research Chemicals\",\"potentialAction\":[{\"@type\":\"SearchAction\",\"target\":{\"@type\":\"EntryPoint\",\"urlTemplate\":\"https:\/\/rckopen.com\/?s={search_term_string}\"},\"query-input\":{\"@type\":\"PropertyValueSpecification\",\"valueRequired\":true,\"valueName\":\"search_term_string\"}}],\"inLanguage\":\"pt-PT\"}]}<\/script>\n<!-- \/ Yoast SEO plugin. -->","yoast_head_json":{"title":"Green Papua online kopen - Groen Papua te koop | RC Kopen","description":"Onze online rc kopen winkel heeft de beste kwaliteit green papua te koop. Als u green papua online wilt kopen, dan kunnen wij u van alle kanten helpen. Bestel vandaag nog!","robots":{"index":"index","follow":"follow","max-snippet":"max-snippet:-1","max-image-preview":"max-image-preview:large","max-video-preview":"max-video-preview:-1"},"canonical":"https:\/\/rckopen.com\/pt\/produto\/papua-verde\/","og_locale":"pt_PT","og_type":"article","og_title":"Green Papua online kopen - Groen Papua te koop | RC Kopen","og_description":"Onze online rc kopen winkel heeft de beste kwaliteit green papua te koop. Als u green papua online wilt kopen, dan kunnen wij u van alle kanten helpen. Bestel vandaag nog!","og_url":"https:\/\/rckopen.com\/pt\/produto\/papua-verde\/","og_site_name":"RC Kopen","article_modified_time":"2025-02-06T06:30:02+00:00","og_image":[{"width":600,"height":600,"url":"https:\/\/rckopen.com\/wp-content\/uploads\/2023\/08\/Green-Papua.jpg","type":"image\/jpeg"}],"twitter_card":"summary_large_image","twitter_misc":{"Tempo estimado de leitura":"2 minutos"},"schema":{"@context":"https:\/\/schema.org","@graph":[{"@type":"WebPage","@id":"https:\/\/rckopen.com\/product\/green-papua\/","url":"https:\/\/rckopen.com\/product\/green-papua\/","name":"Green Papua online kopen - Groen Papua te koop | RC Kopen","isPartOf":{"@id":"https:\/\/rckopen.com\/#website"},"primaryImageOfPage":{"@id":"https:\/\/rckopen.com\/product\/green-papua\/#primaryimage"},"image":{"@id":"https:\/\/rckopen.com\/product\/green-papua\/#primaryimage"},"thumbnailUrl":"https:\/\/rckopen.com\/wp-content\/uploads\/2023\/08\/Green-Papua.jpg","datePublished":"2023-08-16T07:07:19+00:00","dateModified":"2025-02-06T06:30:02+00:00","description":"Onze online rc kopen winkel heeft de beste kwaliteit green papua te koop. Als u green papua online wilt kopen, dan kunnen wij u van alle kanten helpen. Bestel vandaag nog!","breadcrumb":{"@id":"https:\/\/rckopen.com\/product\/green-papua\/#breadcrumb"},"inLanguage":"pt-PT","potentialAction":[{"@type":"ReadAction","target":["https:\/\/rckopen.com\/product\/green-papua\/"]}]},{"@type":"ImageObject","inLanguage":"pt-PT","@id":"https:\/\/rckopen.com\/product\/green-papua\/#primaryimage","url":"https:\/\/rckopen.com\/wp-content\/uploads\/2023\/08\/Green-Papua.jpg","contentUrl":"https:\/\/rckopen.com\/wp-content\/uploads\/2023\/08\/Green-Papua.jpg","width":600,"height":600,"caption":"Green Papua online kopen"},{"@type":"BreadcrumbList","@id":"https:\/\/rckopen.com\/product\/green-papua\/#breadcrumb","itemListElement":[{"@type":"ListItem","position":1,"name":"Home","item":"https:\/\/rckopen.com\/"},{"@type":"ListItem","position":2,"name":"Shop","item":"https:\/\/rckopen.com\/shop\/"},{"@type":"ListItem","position":3,"name":"Green Papua online kopen"}]},{"@type":"WebSite","@id":"https:\/\/rckopen.com\/#website","url":"https:\/\/rckopen.com\/","name":"RC Kopen","description":"Research Chemicals","potentialAction":[{"@type":"SearchAction","target":{"@type":"EntryPoint","urlTemplate":"https:\/\/rckopen.com\/?s={search_term_string}"},"query-input":{"@type":"PropertyValueSpecification","valueRequired":true,"valueName":"search_term_string"}}],"inLanguage":"pt-PT"}]}},"_links":{"self":[{"href":"https:\/\/rckopen.com\/pt\/wp-json\/wp\/v2\/product\/6549","targetHints":{"allow":["GET"]}}],"collection":[{"href":"https:\/\/rckopen.com\/pt\/wp-json\/wp\/v2\/product"}],"about":[{"href":"https:\/\/rckopen.com\/pt\/wp-json\/wp\/v2\/types\/product"}],"replies":[{"embeddable":true,"href":"https:\/\/rckopen.com\/pt\/wp-json\/wp\/v2\/comments?post=6549"}],"wp:featuredmedia":[{"embeddable":true,"href":"https:\/\/rckopen.com\/pt\/wp-json\/wp\/v2\/media\/6560"}],"wp:attachment":[{"href":"https:\/\/rckopen.com\/pt\/wp-json\/wp\/v2\/media?parent=6549"}],"wp:term":[{"taxonomy":"product_brand","embeddable":true,"href":"https:\/\/rckopen.com\/pt\/wp-json\/wp\/v2\/product_brand?post=6549"},{"taxonomy":"product_cat","embeddable":true,"href":"https:\/\/rckopen.com\/pt\/wp-json\/wp\/v2\/product_cat?post=6549"},{"taxonomy":"product_tag","embeddable":true,"href":"https:\/\/rckopen.com\/pt\/wp-json\/wp\/v2\/product_tag?post=6549"}],"curies":[{"name":"wp","href":"https:\/\/api.w.org\/{rel}","templated":true}]}}