{"id":6566,"date":"2023-08-16T08:54:54","date_gmt":"2023-08-16T08:54:54","guid":{"rendered":"https:\/\/diligentplug.com\/chems\/?post_type=product&#038;p=6566"},"modified":"2025-02-04T06:58:36","modified_gmt":"2025-02-04T06:58:36","slug":"o-dsmt-hcl","status":"publish","type":"product","link":"https:\/\/rckopen.com\/pt\/produto\/o-dsmt-hcl\/","title":{"rendered":"Compre O-DSMT HCL Online"},"content":{"rendered":"<h2>Algemene informatie over O-DSMT HCL Online kopen<\/h2>\n<p>O cloridrato de O-desmetiltramadol (HCl O-DSMT) \u00e9 um produto qu\u00edmico de investiga\u00e7\u00e3o estruturalmente relacionado com o tramadol. \u00c9 vulgarmente conhecido por outros nomes, como desmetramadol ou O-dsmt. O O-DSMT \u00e9 um metabolito do tramadol.<\/p>\n<p>O p\u00f3 de O-DSMT foi estudado pelas suas propriedades espec\u00edficas e demonstrou ter efeitos semelhantes aos do tramadol. Actua fundamentalmente como agonista dos receptores mu-opi\u00f3ides, ligando-se e activando os receptores mu-opi\u00f3ides.<\/p>\n<p>Como produto qu\u00edmico de investiga\u00e7\u00e3o, o O-DSMT HCl pode ser obtido atrav\u00e9s de fornecedores especializados ou de fornecedores que atendam \u00e0 comunidade de investiga\u00e7\u00e3o. Os investigadores podem utiliz\u00e1-lo para investigar as suas propriedades farmacol\u00f3gicas, analisar os seus efeitos ou explorar as suas potenciais aplica\u00e7\u00f5es em diferentes dom\u00ednios.<\/p>\n<p>\u00c9 necess\u00e1rio notar que as propriedades e os mecanismos farmacol\u00f3gicos espec\u00edficos do O-DSMT est\u00e3o ainda a ser investigados, sendo necess\u00e1ria mais investiga\u00e7\u00e3o para compreender plenamente a sua a\u00e7\u00e3o e os seus efeitos potenciais. Para al\u00e9m disso, a farmacocin\u00e9tica, o metabolismo e o perfil de seguran\u00e7a do O-DSMT podem variar de estudo para estudo.<\/p>\n<h3>Composi\u00e7\u00e3o qu\u00edmica do O-DSMT HCL<\/h3>\n<p>A composi\u00e7\u00e3o qu\u00edmica do cloridrato de O-desmetiltramadol (HCl O-DSMT) \u00e9 a seguinte<\/p>\n<p>1. O-Desmetiltramadol (O-DSMT): A principal subst\u00e2ncia ativa do cloridrato de O-DSMT \u00e9 o O-desmetiltramadol, o principal metabolito do tramadol. O O-DSMT est\u00e1 estruturalmente relacionado com o tramadol, mas n\u00e3o possui o grupo N-metil do composto original.<\/p>\n<p>2. Cloridrato (HCl): O O-DSMT \u00e9 geralmente administrado como um sal de cloridrato, conhecido como O-DSMT HCl. A adi\u00e7\u00e3o de cloridrato ao O-DSMT melhora a sua estabilidade e solubilidade, tornando-o adequado para investiga\u00e7\u00e3o.<\/p>\n<p>A estrutura qu\u00edmica do O-desmetiltramadol (O-DSMT) \u00e9 semelhante \u00e0 do tramadol, mas n\u00e3o tem o grupo N-metilo. Pode ser representada como:<\/p>\n<p>O-desmetiltramadol (O-DSMT):<\/p>\n<p>F\u00f3rmula qu\u00edmica: C15H23NO2<\/p>\n<p>Esta f\u00f3rmula indica que o O-DSMT HCL \u00e9 constitu\u00eddo por quinze \u00e1tomos de carbono (C15), vinte e tr\u00eas \u00e1tomos de hidrog\u00e9nio (H23), um \u00e1tomo de azoto (N) e dois \u00e1tomos de oxig\u00e9nio (O2).<\/p>\n<p>Peso molecular: cerca de 249,35 g\/mol<\/p>\n<p>Massa molecular: vari\u00e1vel (a massa do grupo HCl \u00e9 adicionada \u00e0 massa de O-DSMT para formar O-DSMT HCl)<\/p>\n<h3>Ber\u00e7o O-DSMT HCL Online de alta qualidade.<\/h3>\n<p>RC Buy tem muitos anos de experi\u00eancia na ind\u00fastria de design de produtos qu\u00edmicos de pesquisa, por isso somos capazes de garantir o melhor desses produtos qu\u00edmicos de pesquisa. A compra de O-DSMT HCL \u00e9 f\u00e1cil e de qualidade superior. O custo do O-DSMT HCL \u00e9 inferior ao de outras organiza\u00e7\u00f5es. Os produtos qu\u00edmicos de investiga\u00e7\u00e3o, incluindo o O-DSMT HCL, cumprem todos os requisitos de seguran\u00e7a. As subst\u00e2ncias sint\u00e9ticas de investiga\u00e7\u00e3o s\u00e3o cuidadosamente distribu\u00eddas e armazenadas num local fresco e seco.<\/p>\n<p>Todos os produtos qu\u00edmicos s\u00e3o avaliados de forma consistente relativamente \u00e0 sua qualidade, seguran\u00e7a e pureza. Conservar o O-DSMT HCL \u00e0 temperatura ambiente. \u00c9 para fins de investiga\u00e7\u00e3o, por assim dizer.<\/p>\n<p>Os nossos artigos t\u00eam um pre\u00e7o justo e pode comprar a subst\u00e2ncia de investiga\u00e7\u00e3o O-DSMT HCL online a pre\u00e7os excecionalmente modestos.<\/p>\n<h3>Testes laboratoriais do O-DSMT HCL com resultados.<\/h3>\n<p>Faz progressos renovados no sentido da satisfa\u00e7\u00e3o global dos seus clientes. V\u00e1rios inqu\u00e9ritos demonstraram que os clientes solicitam tantos dados quanto o esperado antes de comprarem produtos qu\u00edmicos de investiga\u00e7\u00e3o sint\u00e9ticos. Al\u00e9m disso, publicamos todas as consequ\u00eancias laboratoriais de cada produto qu\u00edmico de investiga\u00e7\u00e3o num registo PDF.<\/p>\n<p>O nosso O-DSMT HCL cumpre consistentemente os ingredientes activos e pode ser visto por todos.<\/p>\n<p>Distribu\u00edmos todas as consequ\u00eancias laboratoriais de cada produto qu\u00edmico de investiga\u00e7\u00e3o num documento PDF.<\/p>\n<h3>Encomenda segura a partir do p\u00f3 O-DSMT.<\/h3>\n<p>Os produtos qu\u00edmicos para investiga\u00e7\u00e3o da RC Kopen s\u00e3o de excelente qualidade e t\u00eam um pre\u00e7o justo. Por conseguinte, quando solicita os seus produtos qu\u00edmicos de investiga\u00e7\u00e3o \u00e0 RC Kopen, garantimos que transferiremos o seu pedido para o seu laborat\u00f3rio de investiga\u00e7\u00e3o de forma r\u00e1pida e segura, uma vez que as vendas de produtos qu\u00edmicos de investiga\u00e7\u00e3o est\u00e3o sempre dispon\u00edveis na RC Kopen.<\/p>\n<p>Solicitar compostos de investiga\u00e7\u00e3o sint\u00e9ticos com Bitcoin ou transfer\u00eancia banc\u00e1ria \u00e9 f\u00e1cil na RC Kopen.<\/p>\n<p>Enviamos os produtos qu\u00edmicos de investiga\u00e7\u00e3o no mesmo dia \u00fatil se o pagamento for recebido antes das 15:00 CEST.<\/p>\n<p>N\u00e3o entregamos artigos a pessoas com menos de 18 anos de idade!<\/p>\n<p>O-DSMT para venda \u00e9 apenas para fins de investiga\u00e7\u00e3o.<\/p>\n<p><strong>Expedi\u00e7\u00e3o discreta de produtos qu\u00edmicos para investiga\u00e7\u00e3o.<\/strong><\/p>\n<p>A RC Kopen embala a sua encomenda de forma segura e protegida para garantir um transporte correto. Al\u00e9m disso, embalamos de forma perfeitamente discreta, e nada \u00e9 mostrado no exterior do que poder\u00e1 estar no interior.<\/p>","protected":false},"excerpt":{"rendered":"<p><strong>Nome IUPAC: <\/strong>3-(2-((dimetilamino)metil)-1-hidroxiciclohexil)fenol<\/p>\n<p><strong>CAS # <\/strong>80456-81-1<\/p>\n<p><strong>Outro nome: <\/strong>O-Desmetiltramadol<\/p>\n<p><strong>Apar\u00eancia: <\/strong>p\u00f3<\/p>\n<p><strong>An\u00e1lise NMR: <\/strong>C15H23NO2<\/p>","protected":false},"featured_media":6577,"comment_status":"open","ping_status":"closed","template":"","meta":{"_joinchat":[]},"product_brand":[],"product_cat":[141],"product_tag":[],"class_list":{"0":"post-6566","1":"product","2":"type-product","3":"status-publish","4":"has-post-thumbnail","6":"product_cat-anderen","8":"first","9":"instock","10":"shipping-taxable","11":"purchasable","12":"product-type-variable"},"yoast_head":"<!-- This site is optimized with the Yoast SEO plugin v26.3 - https:\/\/yoast.com\/wordpress\/plugins\/seo\/ -->\n<title>O Dsmt Hcl online kopen - O Dsmt Hcl te koop | RC Kopen<\/title>\n<meta name=\"description\" content=\"Hier is de kans om O Dsmt Hcl te koop tegen goedkope prijzen. Onze online Rc Kopen-winkel verkoopt O Dsmt Hcl wereldwijd. Bestel om O Dsmt Hcl binnenkort online te kopen.\" \/>\n<meta name=\"robots\" content=\"index, follow, max-snippet:-1, max-image-preview:large, max-video-preview:-1\" \/>\n<link rel=\"canonical\" href=\"https:\/\/rckopen.com\/pt\/produto\/o-dsmt-hcl\/\" \/>\n<meta property=\"og:locale\" content=\"pt_PT\" \/>\n<meta property=\"og:type\" content=\"article\" \/>\n<meta property=\"og:title\" content=\"O Dsmt Hcl online kopen - O Dsmt Hcl te koop | RC Kopen\" \/>\n<meta property=\"og:description\" content=\"Hier is de kans om O Dsmt Hcl te koop tegen goedkope prijzen. Onze online Rc Kopen-winkel verkoopt O Dsmt Hcl wereldwijd. Bestel om O Dsmt Hcl binnenkort online te kopen.\" \/>\n<meta property=\"og:url\" content=\"https:\/\/rckopen.com\/pt\/produto\/o-dsmt-hcl\/\" \/>\n<meta property=\"og:site_name\" content=\"RC Kopen\" \/>\n<meta property=\"article:modified_time\" content=\"2025-02-04T06:58:36+00:00\" \/>\n<meta property=\"og:image\" content=\"https:\/\/rckopen.com\/wp-content\/uploads\/2023\/08\/O-DSMT-HCL.jpg\" \/>\n\t<meta property=\"og:image:width\" content=\"600\" \/>\n\t<meta property=\"og:image:height\" content=\"600\" \/>\n\t<meta property=\"og:image:type\" content=\"image\/jpeg\" \/>\n<meta name=\"twitter:card\" content=\"summary_large_image\" \/>\n<meta name=\"twitter:label1\" content=\"Tempo estimado de leitura\" \/>\n\t<meta name=\"twitter:data1\" content=\"3 minutos\" \/>\n<script type=\"application\/ld+json\" class=\"yoast-schema-graph\">{\"@context\":\"https:\/\/schema.org\",\"@graph\":[{\"@type\":\"WebPage\",\"@id\":\"https:\/\/rckopen.com\/product\/o-dsmt-hcl\/\",\"url\":\"https:\/\/rckopen.com\/product\/o-dsmt-hcl\/\",\"name\":\"O Dsmt Hcl online kopen - O Dsmt Hcl te koop | RC Kopen\",\"isPartOf\":{\"@id\":\"https:\/\/rckopen.com\/#website\"},\"primaryImageOfPage\":{\"@id\":\"https:\/\/rckopen.com\/product\/o-dsmt-hcl\/#primaryimage\"},\"image\":{\"@id\":\"https:\/\/rckopen.com\/product\/o-dsmt-hcl\/#primaryimage\"},\"thumbnailUrl\":\"https:\/\/rckopen.com\/wp-content\/uploads\/2023\/08\/O-DSMT-HCL.jpg\",\"datePublished\":\"2023-08-16T08:54:54+00:00\",\"dateModified\":\"2025-02-04T06:58:36+00:00\",\"description\":\"Hier is de kans om O Dsmt Hcl te koop tegen goedkope prijzen. Onze online Rc Kopen-winkel verkoopt O Dsmt Hcl wereldwijd. Bestel om O Dsmt Hcl binnenkort online te kopen.\",\"breadcrumb\":{\"@id\":\"https:\/\/rckopen.com\/product\/o-dsmt-hcl\/#breadcrumb\"},\"inLanguage\":\"pt-PT\",\"potentialAction\":[{\"@type\":\"ReadAction\",\"target\":[\"https:\/\/rckopen.com\/product\/o-dsmt-hcl\/\"]}]},{\"@type\":\"ImageObject\",\"inLanguage\":\"pt-PT\",\"@id\":\"https:\/\/rckopen.com\/product\/o-dsmt-hcl\/#primaryimage\",\"url\":\"https:\/\/rckopen.com\/wp-content\/uploads\/2023\/08\/O-DSMT-HCL.jpg\",\"contentUrl\":\"https:\/\/rckopen.com\/wp-content\/uploads\/2023\/08\/O-DSMT-HCL.jpg\",\"width\":600,\"height\":600,\"caption\":\"O-DSMT-HCL online kopen\"},{\"@type\":\"BreadcrumbList\",\"@id\":\"https:\/\/rckopen.com\/product\/o-dsmt-hcl\/#breadcrumb\",\"itemListElement\":[{\"@type\":\"ListItem\",\"position\":1,\"name\":\"Home\",\"item\":\"https:\/\/rckopen.com\/\"},{\"@type\":\"ListItem\",\"position\":2,\"name\":\"Shop\",\"item\":\"https:\/\/rckopen.com\/shop\/\"},{\"@type\":\"ListItem\",\"position\":3,\"name\":\"O-DSMT HCL Online kopen\"}]},{\"@type\":\"WebSite\",\"@id\":\"https:\/\/rckopen.com\/#website\",\"url\":\"https:\/\/rckopen.com\/\",\"name\":\"RC Kopen\",\"description\":\"Research Chemicals\",\"potentialAction\":[{\"@type\":\"SearchAction\",\"target\":{\"@type\":\"EntryPoint\",\"urlTemplate\":\"https:\/\/rckopen.com\/?s={search_term_string}\"},\"query-input\":{\"@type\":\"PropertyValueSpecification\",\"valueRequired\":true,\"valueName\":\"search_term_string\"}}],\"inLanguage\":\"pt-PT\"}]}<\/script>\n<!-- \/ Yoast SEO plugin. -->","yoast_head_json":{"title":"O Dsmt Hcl online kopen - O Dsmt Hcl te koop | RC Kopen","description":"Hier is de kans om O Dsmt Hcl te koop tegen goedkope prijzen. Onze online Rc Kopen-winkel verkoopt O Dsmt Hcl wereldwijd. Bestel om O Dsmt Hcl binnenkort online te kopen.","robots":{"index":"index","follow":"follow","max-snippet":"max-snippet:-1","max-image-preview":"max-image-preview:large","max-video-preview":"max-video-preview:-1"},"canonical":"https:\/\/rckopen.com\/pt\/produto\/o-dsmt-hcl\/","og_locale":"pt_PT","og_type":"article","og_title":"O Dsmt Hcl online kopen - O Dsmt Hcl te koop | RC Kopen","og_description":"Hier is de kans om O Dsmt Hcl te koop tegen goedkope prijzen. Onze online Rc Kopen-winkel verkoopt O Dsmt Hcl wereldwijd. Bestel om O Dsmt Hcl binnenkort online te kopen.","og_url":"https:\/\/rckopen.com\/pt\/produto\/o-dsmt-hcl\/","og_site_name":"RC Kopen","article_modified_time":"2025-02-04T06:58:36+00:00","og_image":[{"width":600,"height":600,"url":"https:\/\/rckopen.com\/wp-content\/uploads\/2023\/08\/O-DSMT-HCL.jpg","type":"image\/jpeg"}],"twitter_card":"summary_large_image","twitter_misc":{"Tempo estimado de leitura":"3 minutos"},"schema":{"@context":"https:\/\/schema.org","@graph":[{"@type":"WebPage","@id":"https:\/\/rckopen.com\/product\/o-dsmt-hcl\/","url":"https:\/\/rckopen.com\/product\/o-dsmt-hcl\/","name":"O Dsmt Hcl online kopen - O Dsmt Hcl te koop | RC Kopen","isPartOf":{"@id":"https:\/\/rckopen.com\/#website"},"primaryImageOfPage":{"@id":"https:\/\/rckopen.com\/product\/o-dsmt-hcl\/#primaryimage"},"image":{"@id":"https:\/\/rckopen.com\/product\/o-dsmt-hcl\/#primaryimage"},"thumbnailUrl":"https:\/\/rckopen.com\/wp-content\/uploads\/2023\/08\/O-DSMT-HCL.jpg","datePublished":"2023-08-16T08:54:54+00:00","dateModified":"2025-02-04T06:58:36+00:00","description":"Hier is de kans om O Dsmt Hcl te koop tegen goedkope prijzen. Onze online Rc Kopen-winkel verkoopt O Dsmt Hcl wereldwijd. Bestel om O Dsmt Hcl binnenkort online te kopen.","breadcrumb":{"@id":"https:\/\/rckopen.com\/product\/o-dsmt-hcl\/#breadcrumb"},"inLanguage":"pt-PT","potentialAction":[{"@type":"ReadAction","target":["https:\/\/rckopen.com\/product\/o-dsmt-hcl\/"]}]},{"@type":"ImageObject","inLanguage":"pt-PT","@id":"https:\/\/rckopen.com\/product\/o-dsmt-hcl\/#primaryimage","url":"https:\/\/rckopen.com\/wp-content\/uploads\/2023\/08\/O-DSMT-HCL.jpg","contentUrl":"https:\/\/rckopen.com\/wp-content\/uploads\/2023\/08\/O-DSMT-HCL.jpg","width":600,"height":600,"caption":"O-DSMT-HCL online kopen"},{"@type":"BreadcrumbList","@id":"https:\/\/rckopen.com\/product\/o-dsmt-hcl\/#breadcrumb","itemListElement":[{"@type":"ListItem","position":1,"name":"Home","item":"https:\/\/rckopen.com\/"},{"@type":"ListItem","position":2,"name":"Shop","item":"https:\/\/rckopen.com\/shop\/"},{"@type":"ListItem","position":3,"name":"O-DSMT HCL Online kopen"}]},{"@type":"WebSite","@id":"https:\/\/rckopen.com\/#website","url":"https:\/\/rckopen.com\/","name":"RC Kopen","description":"Research Chemicals","potentialAction":[{"@type":"SearchAction","target":{"@type":"EntryPoint","urlTemplate":"https:\/\/rckopen.com\/?s={search_term_string}"},"query-input":{"@type":"PropertyValueSpecification","valueRequired":true,"valueName":"search_term_string"}}],"inLanguage":"pt-PT"}]}},"_links":{"self":[{"href":"https:\/\/rckopen.com\/pt\/wp-json\/wp\/v2\/product\/6566","targetHints":{"allow":["GET"]}}],"collection":[{"href":"https:\/\/rckopen.com\/pt\/wp-json\/wp\/v2\/product"}],"about":[{"href":"https:\/\/rckopen.com\/pt\/wp-json\/wp\/v2\/types\/product"}],"replies":[{"embeddable":true,"href":"https:\/\/rckopen.com\/pt\/wp-json\/wp\/v2\/comments?post=6566"}],"wp:featuredmedia":[{"embeddable":true,"href":"https:\/\/rckopen.com\/pt\/wp-json\/wp\/v2\/media\/6577"}],"wp:attachment":[{"href":"https:\/\/rckopen.com\/pt\/wp-json\/wp\/v2\/media?parent=6566"}],"wp:term":[{"taxonomy":"product_brand","embeddable":true,"href":"https:\/\/rckopen.com\/pt\/wp-json\/wp\/v2\/product_brand?post=6566"},{"taxonomy":"product_cat","embeddable":true,"href":"https:\/\/rckopen.com\/pt\/wp-json\/wp\/v2\/product_cat?post=6566"},{"taxonomy":"product_tag","embeddable":true,"href":"https:\/\/rckopen.com\/pt\/wp-json\/wp\/v2\/product_tag?post=6566"}],"curies":[{"name":"wp","href":"https:\/\/api.w.org\/{rel}","templated":true}]}}