{"id":6568,"date":"2023-08-16T09:11:02","date_gmt":"2023-08-16T09:11:02","guid":{"rendered":"https:\/\/diligentplug.com\/chems\/?post_type=product&#038;p=6568"},"modified":"2025-09-16T08:19:22","modified_gmt":"2025-09-16T08:19:22","slug":"gidazepam-pellets-3mg","status":"publish","type":"product","link":"https:\/\/rckopen.com\/pt\/produto\/gidazepam-pellets-3mg\/","title":{"rendered":"Compre pellets de Gidazepam 3mg online"},"content":{"rendered":"<h2>Gidazepam-pellets 3 mg online kopen<br \/>\nDo carrinho de compras \u00e0 porta: comprar Gidazepam pellets 3 mg online, muito f\u00e1cil<\/h2>\n<p>\u00bfEstas buscando? <a href=\"https:\/\/rckopen.com\/pt\/produto\/gidazepam-pellets-3mg\/\">Gidazepam em pellets 3 mg<\/a>, mas voc\u00ea n\u00e3o sabe onde compr\u00e1-lo? N\u00e3o procure mais! No rckopen.com comprar pellets de Gidazepam 3mg \u00e9 t\u00e3o f\u00e1cil quanto alguns cliques.<\/p>\n<h3>Encontrar a loja certa:<\/h3>\n<p>Quando se trata de comprar Gidazepam Pellets 3mg, \u00e9 essencial escolher uma loja confi\u00e1vel. Abelha <a href=\"http:\/\/rckopen.com\/pt\/\">rckopen.com<\/a> priorizamos a qualidade e a satisfa\u00e7\u00e3o do cliente acima de tudo. Nossa loja oferece pellets aut\u00eanticos de Gidazepam 3mg para venda, para que voc\u00ea tenha o produto que precisa sem nenhum compromisso.<\/p>\n<p><a href=\"https:\/\/en.wikipedia.org\/wiki\/Gidazepam\">Gidazepam<\/a> pellets 3 mg \u00e0 venda em rckopen.com e aproveite a conveni\u00eancia de fazer compras online. Nossa plataforma segura e servi\u00e7o de entrega confi\u00e1vel garantem que seu pedido chegue com seguran\u00e7a e no prazo. Diga adeus ao inc\u00f4modo de viajar at\u00e9 uma loja f\u00edsica \u2013 compre conosco e receba seu pedido de Gidazepam Pellets 3mg diretamente na sua porta.<br \/>\nVamos maximizar o seu Gidazepam pellets 3 mg ao fazer compras online em rckopen.com. Com a nossa plataforma de f\u00e1cil utiliza\u00e7\u00e3o, produtos de alta qualidade e op\u00e7\u00f5es de entrega convenientes, pode ter a certeza de que est\u00e1 a obter o melhor valor pelo seu dinheiro.<\/p>\n<h3>Medidas de seguran\u00e7a<\/h3>\n<p>Antes de comprar Gidazepam pellets 3 mg legalmente, \u00e9 essencial consultar um profissional de sa\u00fade para se certificar de que este medicamento \u00e9 adequado para si. As benzodiazepinas podem causar depend\u00eancia, pelo que \u00e9 crucial seguir a dosagem prescrita e utiliz\u00e1-las de forma respons\u00e1vel.<\/p>\n<p>Comprar Gidazepam pellets 3 mg para venda nunca foi t\u00e3o f\u00e1cil gra\u00e7as ao rckopen.com. Com uma interface amig\u00e1vel e um processo de encomenda sem complica\u00e7\u00f5es, pode facilmente comprar este medicamento a partir do conforto da sua poltrona. Lembre-se de dar prioridade \u00e0 sua seguran\u00e7a e bem-estar ao usar Gidazepam pellets 3 mg e siga sempre as orienta\u00e7\u00f5es recomendadas. Visite rckopen.com hoje e experimente a conveni\u00eancia da compra de medicamentos online!<\/p>\n<h3>Encomenda sem complica\u00e7\u00f5es:<\/h3>\n<p>J\u00e1 l\u00e1 v\u00e3o os dias de longos processos e obst\u00e1culos desnecess\u00e1rios. Em rckopen.com, encomendar Gidazepam pellets 3 mg \u00e9 f\u00e1cil e sem receita m\u00e9dica. Basta adicionar a quantidade desejada ao carrinho e proceder ao checkout - \u00e9 simples assim!<\/p>\n<h3>Transac\u00e7\u00f5es seguras:<\/h3>\n<p>Preocupado com a seguran\u00e7a das suas transac\u00e7\u00f5es? Na rckopen.com, utilizamos as medidas de seguran\u00e7a mais recentes para proteger os seus dados. Pode comprar Gidazepam pellets 3 mg com confian\u00e7a, sabendo que a sua privacidade \u00e9 a nossa principal prioridade.<\/p>","protected":false},"excerpt":{"rendered":"<p><strong>Nome IUPAC: <\/strong>7-bromo-5-phenyl-1,2-dihydro-3H-1,4-benzodiazepine-2-one<\/p>\n<p><strong>CAS # <\/strong>129186-29-4<\/p>\n<p><strong>Outro nome: <\/strong>desalquilgidazepam ou bromo-nordazepam<\/p>\n<p><strong>Forma: <\/strong>pellets<\/p>\n<p><strong>An\u00e1lise NMR: <\/strong>C15H11BrN2O<\/p>","protected":false},"featured_media":6579,"comment_status":"open","ping_status":"closed","template":"","meta":{"_joinchat":[]},"product_brand":[],"product_cat":[144],"product_tag":[],"class_list":{"0":"post-6568","1":"product","2":"type-product","3":"status-publish","4":"has-post-thumbnail","6":"product_cat-pellets","8":"first","9":"instock","10":"shipping-taxable","11":"purchasable","12":"product-type-variable"},"yoast_head":"<!-- This site is optimized with the Yoast SEO plugin v26.3 - https:\/\/yoast.com\/wordpress\/plugins\/seo\/ -->\n<title>Gidazepam-pellets 3 mg online kopen - Gidazepam-pellets 3 mg te koop<\/title>\n<meta name=\"description\" content=\"In onze RCKopen-winkel kunt u Gidazepam Pellets 3mg te koop krijgen tegen goedkope tarieven. Wij werken alleen met A-kwaliteit producten. Koop Gidazepam Pellets 3 mg nu online in onze winkel.\" \/>\n<meta name=\"robots\" content=\"index, follow, max-snippet:-1, max-image-preview:large, max-video-preview:-1\" \/>\n<link rel=\"canonical\" href=\"https:\/\/rckopen.com\/pt\/produto\/gidazepam-pellets-3mg\/\" \/>\n<meta property=\"og:locale\" content=\"pt_PT\" \/>\n<meta property=\"og:type\" content=\"article\" \/>\n<meta property=\"og:title\" content=\"Gidazepam-pellets 3 mg online kopen - Gidazepam-pellets 3 mg te koop\" \/>\n<meta property=\"og:description\" content=\"In onze RCKopen-winkel kunt u Gidazepam Pellets 3mg te koop krijgen tegen goedkope tarieven. Wij werken alleen met A-kwaliteit producten. Koop Gidazepam Pellets 3 mg nu online in onze winkel.\" \/>\n<meta property=\"og:url\" content=\"https:\/\/rckopen.com\/pt\/produto\/gidazepam-pellets-3mg\/\" \/>\n<meta property=\"og:site_name\" content=\"RC Kopen\" \/>\n<meta property=\"article:modified_time\" content=\"2025-09-16T08:19:22+00:00\" \/>\n<meta property=\"og:image\" content=\"https:\/\/rckopen.com\/wp-content\/uploads\/2023\/08\/Gidazepam-pellets-3mg.jpg\" \/>\n\t<meta property=\"og:image:width\" content=\"600\" \/>\n\t<meta property=\"og:image:height\" content=\"600\" \/>\n\t<meta property=\"og:image:type\" content=\"image\/jpeg\" \/>\n<meta name=\"twitter:card\" content=\"summary_large_image\" \/>\n<meta name=\"twitter:label1\" content=\"Tempo estimado de leitura\" \/>\n\t<meta name=\"twitter:data1\" content=\"2 minutos\" \/>\n<script type=\"application\/ld+json\" class=\"yoast-schema-graph\">{\"@context\":\"https:\/\/schema.org\",\"@graph\":[{\"@type\":\"WebPage\",\"@id\":\"https:\/\/rckopen.com\/product\/gidazepam-pellets-3mg\/\",\"url\":\"https:\/\/rckopen.com\/product\/gidazepam-pellets-3mg\/\",\"name\":\"Gidazepam-pellets 3 mg online kopen - Gidazepam-pellets 3 mg te koop\",\"isPartOf\":{\"@id\":\"https:\/\/rckopen.com\/#website\"},\"primaryImageOfPage\":{\"@id\":\"https:\/\/rckopen.com\/product\/gidazepam-pellets-3mg\/#primaryimage\"},\"image\":{\"@id\":\"https:\/\/rckopen.com\/product\/gidazepam-pellets-3mg\/#primaryimage\"},\"thumbnailUrl\":\"https:\/\/rckopen.com\/wp-content\/uploads\/2023\/08\/Gidazepam-pellets-3mg.jpg\",\"datePublished\":\"2023-08-16T09:11:02+00:00\",\"dateModified\":\"2025-09-16T08:19:22+00:00\",\"description\":\"In onze RCKopen-winkel kunt u Gidazepam Pellets 3mg te koop krijgen tegen goedkope tarieven. Wij werken alleen met A-kwaliteit producten. Koop Gidazepam Pellets 3 mg nu online in onze winkel.\",\"breadcrumb\":{\"@id\":\"https:\/\/rckopen.com\/product\/gidazepam-pellets-3mg\/#breadcrumb\"},\"inLanguage\":\"pt-PT\",\"potentialAction\":[{\"@type\":\"ReadAction\",\"target\":[\"https:\/\/rckopen.com\/product\/gidazepam-pellets-3mg\/\"]}]},{\"@type\":\"ImageObject\",\"inLanguage\":\"pt-PT\",\"@id\":\"https:\/\/rckopen.com\/product\/gidazepam-pellets-3mg\/#primaryimage\",\"url\":\"https:\/\/rckopen.com\/wp-content\/uploads\/2023\/08\/Gidazepam-pellets-3mg.jpg\",\"contentUrl\":\"https:\/\/rckopen.com\/wp-content\/uploads\/2023\/08\/Gidazepam-pellets-3mg.jpg\",\"width\":600,\"height\":600,\"caption\":\"Gidazepam-pellets-3mg online kopen\"},{\"@type\":\"BreadcrumbList\",\"@id\":\"https:\/\/rckopen.com\/product\/gidazepam-pellets-3mg\/#breadcrumb\",\"itemListElement\":[{\"@type\":\"ListItem\",\"position\":1,\"name\":\"Home\",\"item\":\"https:\/\/rckopen.com\/\"},{\"@type\":\"ListItem\",\"position\":2,\"name\":\"Shop\",\"item\":\"https:\/\/rckopen.com\/shop\/\"},{\"@type\":\"ListItem\",\"position\":3,\"name\":\"Gidazepam pellets 3mg online kopen\"}]},{\"@type\":\"WebSite\",\"@id\":\"https:\/\/rckopen.com\/#website\",\"url\":\"https:\/\/rckopen.com\/\",\"name\":\"RC Kopen\",\"description\":\"Research Chemicals\",\"potentialAction\":[{\"@type\":\"SearchAction\",\"target\":{\"@type\":\"EntryPoint\",\"urlTemplate\":\"https:\/\/rckopen.com\/?s={search_term_string}\"},\"query-input\":{\"@type\":\"PropertyValueSpecification\",\"valueRequired\":true,\"valueName\":\"search_term_string\"}}],\"inLanguage\":\"pt-PT\"}]}<\/script>\n<!-- \/ Yoast SEO plugin. -->","yoast_head_json":{"title":"Gidazepam-pellets 3 mg online kopen - Gidazepam-pellets 3 mg te koop","description":"In onze RCKopen-winkel kunt u Gidazepam Pellets 3mg te koop krijgen tegen goedkope tarieven. Wij werken alleen met A-kwaliteit producten. Koop Gidazepam Pellets 3 mg nu online in onze winkel.","robots":{"index":"index","follow":"follow","max-snippet":"max-snippet:-1","max-image-preview":"max-image-preview:large","max-video-preview":"max-video-preview:-1"},"canonical":"https:\/\/rckopen.com\/pt\/produto\/gidazepam-pellets-3mg\/","og_locale":"pt_PT","og_type":"article","og_title":"Gidazepam-pellets 3 mg online kopen - Gidazepam-pellets 3 mg te koop","og_description":"In onze RCKopen-winkel kunt u Gidazepam Pellets 3mg te koop krijgen tegen goedkope tarieven. Wij werken alleen met A-kwaliteit producten. Koop Gidazepam Pellets 3 mg nu online in onze winkel.","og_url":"https:\/\/rckopen.com\/pt\/produto\/gidazepam-pellets-3mg\/","og_site_name":"RC Kopen","article_modified_time":"2025-09-16T08:19:22+00:00","og_image":[{"width":600,"height":600,"url":"https:\/\/rckopen.com\/wp-content\/uploads\/2023\/08\/Gidazepam-pellets-3mg.jpg","type":"image\/jpeg"}],"twitter_card":"summary_large_image","twitter_misc":{"Tempo estimado de leitura":"2 minutos"},"schema":{"@context":"https:\/\/schema.org","@graph":[{"@type":"WebPage","@id":"https:\/\/rckopen.com\/product\/gidazepam-pellets-3mg\/","url":"https:\/\/rckopen.com\/product\/gidazepam-pellets-3mg\/","name":"Gidazepam-pellets 3 mg online kopen - Gidazepam-pellets 3 mg te koop","isPartOf":{"@id":"https:\/\/rckopen.com\/#website"},"primaryImageOfPage":{"@id":"https:\/\/rckopen.com\/product\/gidazepam-pellets-3mg\/#primaryimage"},"image":{"@id":"https:\/\/rckopen.com\/product\/gidazepam-pellets-3mg\/#primaryimage"},"thumbnailUrl":"https:\/\/rckopen.com\/wp-content\/uploads\/2023\/08\/Gidazepam-pellets-3mg.jpg","datePublished":"2023-08-16T09:11:02+00:00","dateModified":"2025-09-16T08:19:22+00:00","description":"In onze RCKopen-winkel kunt u Gidazepam Pellets 3mg te koop krijgen tegen goedkope tarieven. Wij werken alleen met A-kwaliteit producten. Koop Gidazepam Pellets 3 mg nu online in onze winkel.","breadcrumb":{"@id":"https:\/\/rckopen.com\/product\/gidazepam-pellets-3mg\/#breadcrumb"},"inLanguage":"pt-PT","potentialAction":[{"@type":"ReadAction","target":["https:\/\/rckopen.com\/product\/gidazepam-pellets-3mg\/"]}]},{"@type":"ImageObject","inLanguage":"pt-PT","@id":"https:\/\/rckopen.com\/product\/gidazepam-pellets-3mg\/#primaryimage","url":"https:\/\/rckopen.com\/wp-content\/uploads\/2023\/08\/Gidazepam-pellets-3mg.jpg","contentUrl":"https:\/\/rckopen.com\/wp-content\/uploads\/2023\/08\/Gidazepam-pellets-3mg.jpg","width":600,"height":600,"caption":"Gidazepam-pellets-3mg online kopen"},{"@type":"BreadcrumbList","@id":"https:\/\/rckopen.com\/product\/gidazepam-pellets-3mg\/#breadcrumb","itemListElement":[{"@type":"ListItem","position":1,"name":"Home","item":"https:\/\/rckopen.com\/"},{"@type":"ListItem","position":2,"name":"Shop","item":"https:\/\/rckopen.com\/shop\/"},{"@type":"ListItem","position":3,"name":"Gidazepam pellets 3mg online kopen"}]},{"@type":"WebSite","@id":"https:\/\/rckopen.com\/#website","url":"https:\/\/rckopen.com\/","name":"RC Kopen","description":"Research Chemicals","potentialAction":[{"@type":"SearchAction","target":{"@type":"EntryPoint","urlTemplate":"https:\/\/rckopen.com\/?s={search_term_string}"},"query-input":{"@type":"PropertyValueSpecification","valueRequired":true,"valueName":"search_term_string"}}],"inLanguage":"pt-PT"}]}},"_links":{"self":[{"href":"https:\/\/rckopen.com\/pt\/wp-json\/wp\/v2\/product\/6568","targetHints":{"allow":["GET"]}}],"collection":[{"href":"https:\/\/rckopen.com\/pt\/wp-json\/wp\/v2\/product"}],"about":[{"href":"https:\/\/rckopen.com\/pt\/wp-json\/wp\/v2\/types\/product"}],"replies":[{"embeddable":true,"href":"https:\/\/rckopen.com\/pt\/wp-json\/wp\/v2\/comments?post=6568"}],"wp:featuredmedia":[{"embeddable":true,"href":"https:\/\/rckopen.com\/pt\/wp-json\/wp\/v2\/media\/6579"}],"wp:attachment":[{"href":"https:\/\/rckopen.com\/pt\/wp-json\/wp\/v2\/media?parent=6568"}],"wp:term":[{"taxonomy":"product_brand","embeddable":true,"href":"https:\/\/rckopen.com\/pt\/wp-json\/wp\/v2\/product_brand?post=6568"},{"taxonomy":"product_cat","embeddable":true,"href":"https:\/\/rckopen.com\/pt\/wp-json\/wp\/v2\/product_cat?post=6568"},{"taxonomy":"product_tag","embeddable":true,"href":"https:\/\/rckopen.com\/pt\/wp-json\/wp\/v2\/product_tag?post=6568"}],"curies":[{"name":"wp","href":"https:\/\/api.w.org\/{rel}","templated":true}]}}