{"id":6569,"date":"2023-08-16T09:18:00","date_gmt":"2023-08-16T09:18:00","guid":{"rendered":"https:\/\/diligentplug.com\/chems\/?post_type=product&#038;p=6569"},"modified":"2025-09-16T08:50:53","modified_gmt":"2025-09-16T08:50:53","slug":"flubrotizolam-05mg-bars","status":"publish","type":"product","link":"https:\/\/rckopen.com\/pt\/produto\/flubrotizolam-05mg-barras\/","title":{"rendered":"Compre barras de FLUBROTIZOLAM 0,5MG online"},"content":{"rendered":"<h2>FLUBROTIZOLAM 0,5MG Online Kopen<\/h2>\n<p>FLUBROTIZOLAM 0,5MG comprar barras online somente para venda aqui<\/p>\n<p>Voc\u00ea quer <a href=\"https:\/\/rckopen.com\/pt\/produto\/flubrotizolam-05mg-barras\/\">FLUBROTIZOLAM 0,5MG online<\/a> comprar? Quer saber onde voc\u00ea pode comprar facilmente barras de FLUBROTIZOLAM 0,5MG? N\u00e3o procure mais que rckopen.com! Neste guia de compras, explicaremos como voc\u00ea pode pedir barras de FLUBROTIZOLAM 0,5MG sem receita m\u00e9dica no conforto da sua casa.<\/p>\n<h3>Compreender as barras de FLUBROTIZOLAM 0,5MG<\/h3>\n<p><a href=\"https:\/\/en.wikipedia.org\/wiki\/Flubromazepam\">FLUBROTIZOLAM<\/a> \u00e9 um benzodiazep\u00ednico potente conhecido por suas propriedades sedativas e ansiol\u00edticas. \u00c9 frequentemente usado para tratar transtornos de ansiedade, ins\u00f4nia e ataques de p\u00e2nico. Barras de FLUBROTIZOLAM 0,5 mg s\u00e3o uma forma popular deste medicamento e oferecem uma maneira conveniente de obter uma dosagem precisa.<\/p>\n<h3>Porqu\u00ea escolher rckopen.com?<\/h3>\n<p>Quando se trata de comprar medicamentos online, \u00e9 essencial escolher uma fonte fi\u00e1vel e de confian\u00e7a. Rckopen.com \u00e9 uma farm\u00e1cia online de renome que oferece uma vasta gama de medicamentos, incluindo FLUBROTIZOLAM 0.5MG em barra para venda.<\/p>\n<p>Aqui est\u00e3o algumas raz\u00f5es pelas quais deve considerar a compra de FLUBROTIZOLAM 0.5MG em barras em rckopen.com:<\/p>\n<p><strong>Ampla sele\u00e7\u00e3o:<\/strong> <a href=\"https:\/\/rckopen.com\/pt\/\">Rckopen.com<\/a> oferece uma sele\u00e7\u00e3o variada de barras de FLUBROTIZOLAM 0,5MG para venda para que voc\u00ea possa encontrar exatamente o que precisa.<\/p>\n<p><strong>Garantia de qualidade:<\/strong> Todos los medicamentos que est\u00e1n en <a href=\"https:\/\/rckopen.com\/pt\/\">rckopen.com<\/a> s\u00e3o vendidos, v\u00eam de fabricantes respeit\u00e1veis \u200b\u200be passam por rigorosas medidas de controle de qualidade.<\/p>\n<p><strong>Facilidade:<\/strong> Com apenas alguns cliques voc\u00ea pode pedir barras de FLUBROTIZOLAM 0,5MG sem necessidade de receita m\u00e9dica.<\/p>\n<p><a href=\"https:\/\/rckopen.com\/pt\/produto\/fluclotizolam-blotters-1mg\/\">Pagamento seguro:<\/a> Rckopen.com oferece um gateway de pagamento seguro para garantir que suas informa\u00e7\u00f5es pessoais e financeiras permane\u00e7am seguras e confidenciais.<\/p>\n<h3>Como comprar FLUBROTIZOLAM 0,5MG em barra<\/h3>\n<p>Comprar FLUBROTIZOLAM 0.5MG em barras em rckopen.com \u00e9 f\u00e1cil. Aqui encontrar\u00e1 um guia passo a passo para efetuar uma encomenda:<\/p>\n<p>Visitar rckopen.com: Aceda ao s\u00edtio Web rckopen.com no seu dispositivo preferido.<\/p>\n<p>Procurar produtos: Navegue at\u00e9 \u00e0 sec\u00e7\u00e3o de medicamentos e encontre barras de FLUBROTIZOLAM 0.5MG para venda.<\/p>\n<p>Adicionar ao carrinho: Seleccione o n\u00famero desejado de barras de FLUBROTIZOLAM 0,5MG e adicione-as ao seu carrinho.<\/p>\n<p>Finalizar a compra: Aceda \u00e0 p\u00e1gina de finaliza\u00e7\u00e3o da compra e introduza os seus dados de envio e de pagamento.<\/p>\n<p>Confirmar a encomenda: Verifique os detalhes da sua encomenda FLUBROTIZOLAM 0.5MG bars e confirme a compra.<\/p>\n<p>Envio recebido: Sente-se e relaxe enquanto a sua encomenda de FLUBROTIZOLAM 0,5MG em barra \u00e9 discretamente enviada para a sua porta.<\/p>","protected":false},"excerpt":{"rendered":"<p><strong>Nome IUPAC: <\/strong>4-bromo-7-(2-fluorophenyl)-13-methyl-3-thia-1,8,11,12-tetrazatricyclo[8.3.0.02,6]trideca-2(6),4,7,10,12-pentaene<\/p>\n<p><strong>CAS # <\/strong>57801-95-3<\/p>\n<p><strong>Outro nome: <\/strong>Fanax<\/p>\n<p><strong>An\u00e1lise NMR: <\/strong>C15H10BrFN4S<\/p>","protected":false},"featured_media":6580,"comment_status":"open","ping_status":"closed","template":"","meta":{"_joinchat":[]},"product_brand":[],"product_cat":[144],"product_tag":[],"class_list":{"0":"post-6569","1":"product","2":"type-product","3":"status-publish","4":"has-post-thumbnail","6":"product_cat-pellets","8":"first","9":"instock","10":"shipping-taxable","11":"purchasable","12":"product-type-variable"},"yoast_head":"<!-- This site is optimized with the Yoast SEO plugin v26.3 - https:\/\/yoast.com\/wordpress\/plugins\/seo\/ -->\n<title>Flubrotizolam 05 mg repen online kopen | RCkopen<\/title>\n<meta name=\"description\" content=\"Onze online winkel heeft Flubrotizolam 05 mg repen van hoge kwaliteit te koop. Als u Flubrotizolam 05 mg repen online wilt kopen, laat het ons dan weten. Wij zullen uw wensen binnenkort invullen!\" \/>\n<meta name=\"robots\" content=\"index, follow, max-snippet:-1, max-image-preview:large, max-video-preview:-1\" \/>\n<link rel=\"canonical\" href=\"https:\/\/rckopen.com\/pt\/produto\/flubrotizolam-05mg-barras\/\" \/>\n<meta property=\"og:locale\" content=\"pt_PT\" \/>\n<meta property=\"og:type\" content=\"article\" \/>\n<meta property=\"og:title\" content=\"Flubrotizolam 05 mg repen online kopen | RCkopen\" \/>\n<meta property=\"og:description\" content=\"Onze online winkel heeft Flubrotizolam 05 mg repen van hoge kwaliteit te koop. Als u Flubrotizolam 05 mg repen online wilt kopen, laat het ons dan weten. Wij zullen uw wensen binnenkort invullen!\" \/>\n<meta property=\"og:url\" content=\"https:\/\/rckopen.com\/pt\/produto\/flubrotizolam-05mg-barras\/\" \/>\n<meta property=\"og:site_name\" content=\"RC Kopen\" \/>\n<meta property=\"article:modified_time\" content=\"2025-09-16T08:50:53+00:00\" \/>\n<meta property=\"og:image\" content=\"https:\/\/rckopen.com\/wp-content\/uploads\/2023\/08\/FLUBROTIZOLAM-05MG-bars.jpg\" \/>\n\t<meta property=\"og:image:width\" content=\"600\" \/>\n\t<meta property=\"og:image:height\" content=\"600\" \/>\n\t<meta property=\"og:image:type\" content=\"image\/jpeg\" \/>\n<meta name=\"twitter:card\" content=\"summary_large_image\" \/>\n<meta name=\"twitter:label1\" content=\"Tempo estimado de leitura\" \/>\n\t<meta name=\"twitter:data1\" content=\"2 minutos\" \/>\n<script type=\"application\/ld+json\" class=\"yoast-schema-graph\">{\"@context\":\"https:\/\/schema.org\",\"@graph\":[{\"@type\":\"WebPage\",\"@id\":\"https:\/\/rckopen.com\/product\/flubrotizolam-05mg-bars\/\",\"url\":\"https:\/\/rckopen.com\/product\/flubrotizolam-05mg-bars\/\",\"name\":\"Flubrotizolam 05 mg repen online kopen | RCkopen\",\"isPartOf\":{\"@id\":\"https:\/\/rckopen.com\/#website\"},\"primaryImageOfPage\":{\"@id\":\"https:\/\/rckopen.com\/product\/flubrotizolam-05mg-bars\/#primaryimage\"},\"image\":{\"@id\":\"https:\/\/rckopen.com\/product\/flubrotizolam-05mg-bars\/#primaryimage\"},\"thumbnailUrl\":\"https:\/\/rckopen.com\/wp-content\/uploads\/2023\/08\/FLUBROTIZOLAM-05MG-bars.jpg\",\"datePublished\":\"2023-08-16T09:18:00+00:00\",\"dateModified\":\"2025-09-16T08:50:53+00:00\",\"description\":\"Onze online winkel heeft Flubrotizolam 05 mg repen van hoge kwaliteit te koop. Als u Flubrotizolam 05 mg repen online wilt kopen, laat het ons dan weten. Wij zullen uw wensen binnenkort invullen!\",\"breadcrumb\":{\"@id\":\"https:\/\/rckopen.com\/product\/flubrotizolam-05mg-bars\/#breadcrumb\"},\"inLanguage\":\"pt-PT\",\"potentialAction\":[{\"@type\":\"ReadAction\",\"target\":[\"https:\/\/rckopen.com\/product\/flubrotizolam-05mg-bars\/\"]}]},{\"@type\":\"ImageObject\",\"inLanguage\":\"pt-PT\",\"@id\":\"https:\/\/rckopen.com\/product\/flubrotizolam-05mg-bars\/#primaryimage\",\"url\":\"https:\/\/rckopen.com\/wp-content\/uploads\/2023\/08\/FLUBROTIZOLAM-05MG-bars.jpg\",\"contentUrl\":\"https:\/\/rckopen.com\/wp-content\/uploads\/2023\/08\/FLUBROTIZOLAM-05MG-bars.jpg\",\"width\":600,\"height\":600,\"caption\":\"FLUBROTIZOLAM-0,5MG-bars online kopen\"},{\"@type\":\"BreadcrumbList\",\"@id\":\"https:\/\/rckopen.com\/product\/flubrotizolam-05mg-bars\/#breadcrumb\",\"itemListElement\":[{\"@type\":\"ListItem\",\"position\":1,\"name\":\"Home\",\"item\":\"https:\/\/rckopen.com\/\"},{\"@type\":\"ListItem\",\"position\":2,\"name\":\"Shop\",\"item\":\"https:\/\/rckopen.com\/shop\/\"},{\"@type\":\"ListItem\",\"position\":3,\"name\":\"FLUBROTIZOLAM 0,5MG bars online kopen\"}]},{\"@type\":\"WebSite\",\"@id\":\"https:\/\/rckopen.com\/#website\",\"url\":\"https:\/\/rckopen.com\/\",\"name\":\"RC Kopen\",\"description\":\"Research Chemicals\",\"potentialAction\":[{\"@type\":\"SearchAction\",\"target\":{\"@type\":\"EntryPoint\",\"urlTemplate\":\"https:\/\/rckopen.com\/?s={search_term_string}\"},\"query-input\":{\"@type\":\"PropertyValueSpecification\",\"valueRequired\":true,\"valueName\":\"search_term_string\"}}],\"inLanguage\":\"pt-PT\"}]}<\/script>\n<!-- \/ Yoast SEO plugin. -->","yoast_head_json":{"title":"Flubrotizolam 05 mg repen online kopen | RCkopen","description":"Onze online winkel heeft Flubrotizolam 05 mg repen van hoge kwaliteit te koop. Als u Flubrotizolam 05 mg repen online wilt kopen, laat het ons dan weten. Wij zullen uw wensen binnenkort invullen!","robots":{"index":"index","follow":"follow","max-snippet":"max-snippet:-1","max-image-preview":"max-image-preview:large","max-video-preview":"max-video-preview:-1"},"canonical":"https:\/\/rckopen.com\/pt\/produto\/flubrotizolam-05mg-barras\/","og_locale":"pt_PT","og_type":"article","og_title":"Flubrotizolam 05 mg repen online kopen | RCkopen","og_description":"Onze online winkel heeft Flubrotizolam 05 mg repen van hoge kwaliteit te koop. Als u Flubrotizolam 05 mg repen online wilt kopen, laat het ons dan weten. Wij zullen uw wensen binnenkort invullen!","og_url":"https:\/\/rckopen.com\/pt\/produto\/flubrotizolam-05mg-barras\/","og_site_name":"RC Kopen","article_modified_time":"2025-09-16T08:50:53+00:00","og_image":[{"width":600,"height":600,"url":"https:\/\/rckopen.com\/wp-content\/uploads\/2023\/08\/FLUBROTIZOLAM-05MG-bars.jpg","type":"image\/jpeg"}],"twitter_card":"summary_large_image","twitter_misc":{"Tempo estimado de leitura":"2 minutos"},"schema":{"@context":"https:\/\/schema.org","@graph":[{"@type":"WebPage","@id":"https:\/\/rckopen.com\/product\/flubrotizolam-05mg-bars\/","url":"https:\/\/rckopen.com\/product\/flubrotizolam-05mg-bars\/","name":"Flubrotizolam 05 mg repen online kopen | RCkopen","isPartOf":{"@id":"https:\/\/rckopen.com\/#website"},"primaryImageOfPage":{"@id":"https:\/\/rckopen.com\/product\/flubrotizolam-05mg-bars\/#primaryimage"},"image":{"@id":"https:\/\/rckopen.com\/product\/flubrotizolam-05mg-bars\/#primaryimage"},"thumbnailUrl":"https:\/\/rckopen.com\/wp-content\/uploads\/2023\/08\/FLUBROTIZOLAM-05MG-bars.jpg","datePublished":"2023-08-16T09:18:00+00:00","dateModified":"2025-09-16T08:50:53+00:00","description":"Onze online winkel heeft Flubrotizolam 05 mg repen van hoge kwaliteit te koop. Als u Flubrotizolam 05 mg repen online wilt kopen, laat het ons dan weten. Wij zullen uw wensen binnenkort invullen!","breadcrumb":{"@id":"https:\/\/rckopen.com\/product\/flubrotizolam-05mg-bars\/#breadcrumb"},"inLanguage":"pt-PT","potentialAction":[{"@type":"ReadAction","target":["https:\/\/rckopen.com\/product\/flubrotizolam-05mg-bars\/"]}]},{"@type":"ImageObject","inLanguage":"pt-PT","@id":"https:\/\/rckopen.com\/product\/flubrotizolam-05mg-bars\/#primaryimage","url":"https:\/\/rckopen.com\/wp-content\/uploads\/2023\/08\/FLUBROTIZOLAM-05MG-bars.jpg","contentUrl":"https:\/\/rckopen.com\/wp-content\/uploads\/2023\/08\/FLUBROTIZOLAM-05MG-bars.jpg","width":600,"height":600,"caption":"FLUBROTIZOLAM-0,5MG-bars online kopen"},{"@type":"BreadcrumbList","@id":"https:\/\/rckopen.com\/product\/flubrotizolam-05mg-bars\/#breadcrumb","itemListElement":[{"@type":"ListItem","position":1,"name":"Home","item":"https:\/\/rckopen.com\/"},{"@type":"ListItem","position":2,"name":"Shop","item":"https:\/\/rckopen.com\/shop\/"},{"@type":"ListItem","position":3,"name":"FLUBROTIZOLAM 0,5MG bars online kopen"}]},{"@type":"WebSite","@id":"https:\/\/rckopen.com\/#website","url":"https:\/\/rckopen.com\/","name":"RC Kopen","description":"Research Chemicals","potentialAction":[{"@type":"SearchAction","target":{"@type":"EntryPoint","urlTemplate":"https:\/\/rckopen.com\/?s={search_term_string}"},"query-input":{"@type":"PropertyValueSpecification","valueRequired":true,"valueName":"search_term_string"}}],"inLanguage":"pt-PT"}]}},"_links":{"self":[{"href":"https:\/\/rckopen.com\/pt\/wp-json\/wp\/v2\/product\/6569","targetHints":{"allow":["GET"]}}],"collection":[{"href":"https:\/\/rckopen.com\/pt\/wp-json\/wp\/v2\/product"}],"about":[{"href":"https:\/\/rckopen.com\/pt\/wp-json\/wp\/v2\/types\/product"}],"replies":[{"embeddable":true,"href":"https:\/\/rckopen.com\/pt\/wp-json\/wp\/v2\/comments?post=6569"}],"wp:featuredmedia":[{"embeddable":true,"href":"https:\/\/rckopen.com\/pt\/wp-json\/wp\/v2\/media\/6580"}],"wp:attachment":[{"href":"https:\/\/rckopen.com\/pt\/wp-json\/wp\/v2\/media?parent=6569"}],"wp:term":[{"taxonomy":"product_brand","embeddable":true,"href":"https:\/\/rckopen.com\/pt\/wp-json\/wp\/v2\/product_brand?post=6569"},{"taxonomy":"product_cat","embeddable":true,"href":"https:\/\/rckopen.com\/pt\/wp-json\/wp\/v2\/product_cat?post=6569"},{"taxonomy":"product_tag","embeddable":true,"href":"https:\/\/rckopen.com\/pt\/wp-json\/wp\/v2\/product_tag?post=6569"}],"curies":[{"name":"wp","href":"https:\/\/api.w.org\/{rel}","templated":true}]}}