{"id":6575,"date":"2023-08-16T09:30:53","date_gmt":"2023-08-16T09:30:53","guid":{"rendered":"https:\/\/diligentplug.com\/chems\/?post_type=product&#038;p=6575"},"modified":"2025-09-16T08:19:10","modified_gmt":"2025-09-16T08:19:10","slug":"o-pce-10mg-pellets","status":"publish","type":"product","link":"https:\/\/rckopen.com\/pt\/produto\/o-pce-10mg-pellets\/","title":{"rendered":"Compre pellets de O-PCE 10mg online"},"content":{"rendered":"<h2>Waarom rckopen.com de beste bron is voor O-PCE 10 mg-pellets online kopen<\/h2>\n<p>In de wereld van onderzoekschemicali\u00ebn kan het vinden van een betrouwbare bron een hele klus zijn. Omdat er zoveel opties beschikbaar zijn, kan het moeilijk zijn om te weten wie u kunt vertrouwen. Er is echter \u00e9\u00e9n website die eruit springt als de beste bron om O-PCE 10mg-pellets te bestellen: rckopen.com.<\/p>\n<h3>Wat onderscheidt rckopen.com?<\/h3>\n<p>O Rckopen.com rapidamente se tornou conhecido como a fonte preferida de pellets de O-PCE 10 mg por v\u00e1rios motivos. Primeiro, eles oferecem uma ampla sele\u00e7\u00e3o de produtos de alta qualidade, incluindo pellets O-DSMT 30mg para venda. Seus produtos s\u00e3o provenientes de fabricantes respeit\u00e1veis \u200b\u200be passam por testes rigorosos para garantir pureza e pot\u00eancia.<\/p>\n<h3>Gemak en aankoopgemak<\/h3>\n<p>Quando se trata de comprar produtos qu\u00edmicos para pesquisa, a conveni\u00eancia \u00e9 fundamental. O Rckopen.com torna o processo simples e sem complica\u00e7\u00f5es. Com apenas alguns cliques, voc\u00ea pode fazer um pedido onde pode comprar pellets de O-DSMT 30 mg e onde pode encomendar pellets de O-DSMT 30 mg sem receita m\u00e9dica. O site deles \u00e9 f\u00e1cil de usar e seguro, o que facilita a navega\u00e7\u00e3o pelos produtos e a compra. Eles oferecem uma ampla sele\u00e7\u00e3o de produtos de alta qualidade, incluindo pellets O-DSMT 30mg para venda. Seus produtos s\u00e3o provenientes de fabricantes respeit\u00e1veis \u200b\u200be passam por testes rigorosos para garantir pureza e pot\u00eancia.<\/p>\n<h3>\u00d3timo atendimento ao cliente<\/h3>\n<p>Uma das coisas que diferencia a rckopen.com de outros vendedores on-line \u00e9 seu comprometimento com a satisfa\u00e7\u00e3o do cliente. Sua equipe de representantes amig\u00e1veis \u200b\u200be experientes est\u00e1 sempre pronta para ajudar voc\u00ea com quaisquer perguntas ou coment\u00e1rios. Se voc\u00ea precisa de ajuda para fazer um pedido ou apenas quer mais informa\u00e7\u00f5es sobre seus produtos, eles est\u00e3o aqui para voc\u00ea.<\/p>\n<h3>Pre\u00e7os competitivos<\/h3>\n<p>Quando se trata de pesquisa qu\u00edmica, o pre\u00e7o \u00e9 sempre uma considera\u00e7\u00e3o. A Rckopen.com oferece pellets de O-DSMT 30 mg a pre\u00e7os competitivos, tornando-os acess\u00edveis para pesquisadores de qualquer or\u00e7amento. Eles tamb\u00e9m t\u00eam promo\u00e7\u00f5es e descontos regulares, para que voc\u00ea possa economizar ainda mais em sua compra.<\/p>\n<h3>Envio r\u00e1pido e discreto<\/h3>\n<p>Een andere reden waarom rckopen.com de beste bron is om O-PCE 10mg-pellets te bestellen, is hun bliksemsnelle verzending. Zodra u een bestelling plaatst, kunt u ervan uitgaan dat uw pakket snel en discreet wordt bezorgd. Ze nemen privacy serieus en zorgen ervoor dat alle bestellingen veilig worden verpakt en met de grootst mogelijke discretie worden verzonden.<\/p>\n<p>Se voc\u00ea est\u00e1 procurando por pellets de O-PCE 10 mg, rckopen.com \u00e9 a melhor fonte para comprar pellets de O-DSMT 30 mg para venda. Com sua ampla sele\u00e7\u00e3o, processo de pedido conveniente, excelente atendimento ao cliente, pre\u00e7os competitivos e envio r\u00e1pido, fica claro por que eles se tornaram rapidamente um nome confi\u00e1vel no mundo dos produtos qu\u00edmicos de pesquisa. Pe\u00e7a hoje mesmo na rckopen.com e sinta a diferen\u00e7a por si mesmo!<\/p>","protected":false},"excerpt":{"rendered":"<p><strong>Nome IUPAC:<\/strong><\/p>\n<p><strong>Forma: <\/strong>pellets<\/p>\n<p><strong>An\u00e1lise NMR: <\/strong>N\/A<\/p>","protected":false},"featured_media":6586,"comment_status":"open","ping_status":"closed","template":"","meta":{"_joinchat":[]},"product_brand":[],"product_cat":[144],"product_tag":[],"class_list":{"0":"post-6575","1":"product","2":"type-product","3":"status-publish","4":"has-post-thumbnail","6":"product_cat-pellets","8":"first","9":"instock","10":"shipping-taxable","11":"purchasable","12":"product-type-variable"},"yoast_head":"<!-- This site is optimized with the Yoast SEO plugin v26.3 - https:\/\/yoast.com\/wordpress\/plugins\/seo\/ -->\n<title>O Pce 10 mg-pellets online kopen - O Pce 10 mg-pellets te koop<\/title>\n<meta name=\"description\" content=\"Op zoek naar hoogwaardige O Pce 10mg-pellets die u online kunt kopen? RC kopen is een toonaangevende winkel waar u O Pce 10mg Pellets te koop tegen de beste prijs. Bestel nu met discrete verzending!\" \/>\n<meta name=\"robots\" content=\"index, follow, max-snippet:-1, max-image-preview:large, max-video-preview:-1\" \/>\n<link rel=\"canonical\" href=\"https:\/\/rckopen.com\/pt\/produto\/o-pce-10mg-pellets\/\" \/>\n<meta property=\"og:locale\" content=\"pt_PT\" \/>\n<meta property=\"og:type\" content=\"article\" \/>\n<meta property=\"og:title\" content=\"O Pce 10 mg-pellets online kopen - O Pce 10 mg-pellets te koop\" \/>\n<meta property=\"og:description\" content=\"Op zoek naar hoogwaardige O Pce 10mg-pellets die u online kunt kopen? RC kopen is een toonaangevende winkel waar u O Pce 10mg Pellets te koop tegen de beste prijs. Bestel nu met discrete verzending!\" \/>\n<meta property=\"og:url\" content=\"https:\/\/rckopen.com\/pt\/produto\/o-pce-10mg-pellets\/\" \/>\n<meta property=\"og:site_name\" content=\"RC Kopen\" \/>\n<meta property=\"article:modified_time\" content=\"2025-09-16T08:19:10+00:00\" \/>\n<meta property=\"og:image\" content=\"https:\/\/rckopen.com\/wp-content\/uploads\/2023\/08\/O-PCE-10mg-pellets.jpg\" \/>\n\t<meta property=\"og:image:width\" content=\"600\" \/>\n\t<meta property=\"og:image:height\" content=\"600\" \/>\n\t<meta property=\"og:image:type\" content=\"image\/jpeg\" \/>\n<meta name=\"twitter:card\" content=\"summary_large_image\" \/>\n<meta name=\"twitter:label1\" content=\"Tempo estimado de leitura\" \/>\n\t<meta name=\"twitter:data1\" content=\"3 minutos\" \/>\n<script type=\"application\/ld+json\" class=\"yoast-schema-graph\">{\"@context\":\"https:\/\/schema.org\",\"@graph\":[{\"@type\":\"WebPage\",\"@id\":\"https:\/\/rckopen.com\/product\/o-pce-10mg-pellets\/\",\"url\":\"https:\/\/rckopen.com\/product\/o-pce-10mg-pellets\/\",\"name\":\"O Pce 10 mg-pellets online kopen - O Pce 10 mg-pellets te koop\",\"isPartOf\":{\"@id\":\"https:\/\/rckopen.com\/#website\"},\"primaryImageOfPage\":{\"@id\":\"https:\/\/rckopen.com\/product\/o-pce-10mg-pellets\/#primaryimage\"},\"image\":{\"@id\":\"https:\/\/rckopen.com\/product\/o-pce-10mg-pellets\/#primaryimage\"},\"thumbnailUrl\":\"https:\/\/rckopen.com\/wp-content\/uploads\/2023\/08\/O-PCE-10mg-pellets.jpg\",\"datePublished\":\"2023-08-16T09:30:53+00:00\",\"dateModified\":\"2025-09-16T08:19:10+00:00\",\"description\":\"Op zoek naar hoogwaardige O Pce 10mg-pellets die u online kunt kopen? RC kopen is een toonaangevende winkel waar u O Pce 10mg Pellets te koop tegen de beste prijs. Bestel nu met discrete verzending!\",\"breadcrumb\":{\"@id\":\"https:\/\/rckopen.com\/product\/o-pce-10mg-pellets\/#breadcrumb\"},\"inLanguage\":\"pt-PT\",\"potentialAction\":[{\"@type\":\"ReadAction\",\"target\":[\"https:\/\/rckopen.com\/product\/o-pce-10mg-pellets\/\"]}]},{\"@type\":\"ImageObject\",\"inLanguage\":\"pt-PT\",\"@id\":\"https:\/\/rckopen.com\/product\/o-pce-10mg-pellets\/#primaryimage\",\"url\":\"https:\/\/rckopen.com\/wp-content\/uploads\/2023\/08\/O-PCE-10mg-pellets.jpg\",\"contentUrl\":\"https:\/\/rckopen.com\/wp-content\/uploads\/2023\/08\/O-PCE-10mg-pellets.jpg\",\"width\":600,\"height\":600,\"caption\":\"O-PCE-10mg-pellets online kopen\"},{\"@type\":\"BreadcrumbList\",\"@id\":\"https:\/\/rckopen.com\/product\/o-pce-10mg-pellets\/#breadcrumb\",\"itemListElement\":[{\"@type\":\"ListItem\",\"position\":1,\"name\":\"Home\",\"item\":\"https:\/\/rckopen.com\/\"},{\"@type\":\"ListItem\",\"position\":2,\"name\":\"Shop\",\"item\":\"https:\/\/rckopen.com\/shop\/\"},{\"@type\":\"ListItem\",\"position\":3,\"name\":\"O-PCE 10mg pellets online kopen\"}]},{\"@type\":\"WebSite\",\"@id\":\"https:\/\/rckopen.com\/#website\",\"url\":\"https:\/\/rckopen.com\/\",\"name\":\"RC Kopen\",\"description\":\"Research Chemicals\",\"potentialAction\":[{\"@type\":\"SearchAction\",\"target\":{\"@type\":\"EntryPoint\",\"urlTemplate\":\"https:\/\/rckopen.com\/?s={search_term_string}\"},\"query-input\":{\"@type\":\"PropertyValueSpecification\",\"valueRequired\":true,\"valueName\":\"search_term_string\"}}],\"inLanguage\":\"pt-PT\"}]}<\/script>\n<!-- \/ Yoast SEO plugin. -->","yoast_head_json":{"title":"O Pce 10 mg-pellets online kopen - O Pce 10 mg-pellets te koop","description":"Op zoek naar hoogwaardige O Pce 10mg-pellets die u online kunt kopen? RC kopen is een toonaangevende winkel waar u O Pce 10mg Pellets te koop tegen de beste prijs. Bestel nu met discrete verzending!","robots":{"index":"index","follow":"follow","max-snippet":"max-snippet:-1","max-image-preview":"max-image-preview:large","max-video-preview":"max-video-preview:-1"},"canonical":"https:\/\/rckopen.com\/pt\/produto\/o-pce-10mg-pellets\/","og_locale":"pt_PT","og_type":"article","og_title":"O Pce 10 mg-pellets online kopen - O Pce 10 mg-pellets te koop","og_description":"Op zoek naar hoogwaardige O Pce 10mg-pellets die u online kunt kopen? RC kopen is een toonaangevende winkel waar u O Pce 10mg Pellets te koop tegen de beste prijs. Bestel nu met discrete verzending!","og_url":"https:\/\/rckopen.com\/pt\/produto\/o-pce-10mg-pellets\/","og_site_name":"RC Kopen","article_modified_time":"2025-09-16T08:19:10+00:00","og_image":[{"width":600,"height":600,"url":"https:\/\/rckopen.com\/wp-content\/uploads\/2023\/08\/O-PCE-10mg-pellets.jpg","type":"image\/jpeg"}],"twitter_card":"summary_large_image","twitter_misc":{"Tempo estimado de leitura":"3 minutos"},"schema":{"@context":"https:\/\/schema.org","@graph":[{"@type":"WebPage","@id":"https:\/\/rckopen.com\/product\/o-pce-10mg-pellets\/","url":"https:\/\/rckopen.com\/product\/o-pce-10mg-pellets\/","name":"O Pce 10 mg-pellets online kopen - O Pce 10 mg-pellets te koop","isPartOf":{"@id":"https:\/\/rckopen.com\/#website"},"primaryImageOfPage":{"@id":"https:\/\/rckopen.com\/product\/o-pce-10mg-pellets\/#primaryimage"},"image":{"@id":"https:\/\/rckopen.com\/product\/o-pce-10mg-pellets\/#primaryimage"},"thumbnailUrl":"https:\/\/rckopen.com\/wp-content\/uploads\/2023\/08\/O-PCE-10mg-pellets.jpg","datePublished":"2023-08-16T09:30:53+00:00","dateModified":"2025-09-16T08:19:10+00:00","description":"Op zoek naar hoogwaardige O Pce 10mg-pellets die u online kunt kopen? RC kopen is een toonaangevende winkel waar u O Pce 10mg Pellets te koop tegen de beste prijs. Bestel nu met discrete verzending!","breadcrumb":{"@id":"https:\/\/rckopen.com\/product\/o-pce-10mg-pellets\/#breadcrumb"},"inLanguage":"pt-PT","potentialAction":[{"@type":"ReadAction","target":["https:\/\/rckopen.com\/product\/o-pce-10mg-pellets\/"]}]},{"@type":"ImageObject","inLanguage":"pt-PT","@id":"https:\/\/rckopen.com\/product\/o-pce-10mg-pellets\/#primaryimage","url":"https:\/\/rckopen.com\/wp-content\/uploads\/2023\/08\/O-PCE-10mg-pellets.jpg","contentUrl":"https:\/\/rckopen.com\/wp-content\/uploads\/2023\/08\/O-PCE-10mg-pellets.jpg","width":600,"height":600,"caption":"O-PCE-10mg-pellets online kopen"},{"@type":"BreadcrumbList","@id":"https:\/\/rckopen.com\/product\/o-pce-10mg-pellets\/#breadcrumb","itemListElement":[{"@type":"ListItem","position":1,"name":"Home","item":"https:\/\/rckopen.com\/"},{"@type":"ListItem","position":2,"name":"Shop","item":"https:\/\/rckopen.com\/shop\/"},{"@type":"ListItem","position":3,"name":"O-PCE 10mg pellets online kopen"}]},{"@type":"WebSite","@id":"https:\/\/rckopen.com\/#website","url":"https:\/\/rckopen.com\/","name":"RC Kopen","description":"Research Chemicals","potentialAction":[{"@type":"SearchAction","target":{"@type":"EntryPoint","urlTemplate":"https:\/\/rckopen.com\/?s={search_term_string}"},"query-input":{"@type":"PropertyValueSpecification","valueRequired":true,"valueName":"search_term_string"}}],"inLanguage":"pt-PT"}]}},"_links":{"self":[{"href":"https:\/\/rckopen.com\/pt\/wp-json\/wp\/v2\/product\/6575","targetHints":{"allow":["GET"]}}],"collection":[{"href":"https:\/\/rckopen.com\/pt\/wp-json\/wp\/v2\/product"}],"about":[{"href":"https:\/\/rckopen.com\/pt\/wp-json\/wp\/v2\/types\/product"}],"replies":[{"embeddable":true,"href":"https:\/\/rckopen.com\/pt\/wp-json\/wp\/v2\/comments?post=6575"}],"wp:featuredmedia":[{"embeddable":true,"href":"https:\/\/rckopen.com\/pt\/wp-json\/wp\/v2\/media\/6586"}],"wp:attachment":[{"href":"https:\/\/rckopen.com\/pt\/wp-json\/wp\/v2\/media?parent=6575"}],"wp:term":[{"taxonomy":"product_brand","embeddable":true,"href":"https:\/\/rckopen.com\/pt\/wp-json\/wp\/v2\/product_brand?post=6575"},{"taxonomy":"product_cat","embeddable":true,"href":"https:\/\/rckopen.com\/pt\/wp-json\/wp\/v2\/product_cat?post=6575"},{"taxonomy":"product_tag","embeddable":true,"href":"https:\/\/rckopen.com\/pt\/wp-json\/wp\/v2\/product_tag?post=6575"}],"curies":[{"name":"wp","href":"https:\/\/api.w.org\/{rel}","templated":true}]}}