{"id":6608,"date":"2023-08-16T10:30:00","date_gmt":"2023-08-16T10:30:00","guid":{"rendered":"https:\/\/diligentplug.com\/chems\/?post_type=product&#038;p=6608"},"modified":"2025-09-16T09:08:10","modified_gmt":"2025-09-16T09:08:10","slug":"bromazolam-pellets-3mg","status":"publish","type":"product","link":"https:\/\/rckopen.com\/pt\/produto\/bromazolam-pellets-3mg\/","title":{"rendered":"Compre bromazolam PELLETS 3mg online"},"content":{"rendered":"<h2>bromazolam PELLETS 3 mg online kopen<br \/>\nDicas para comprar Bromazolam PELLETS 3 mg em seguran\u00e7a online<\/h2>\n<p>Voc\u00ea quer <a href=\"https:\/\/rckopen.com\/pt\/produto\/bromazolam-pellets-3mg\/\">Compre Bromazolam PELLETS 3 mg online<\/a>, mas n\u00e3o sabe por onde come\u00e7ar? Comprar medicamentos on-line pode ser conveniente e econ\u00f4mico, mas \u00e9 importante garantir que voc\u00ea compre de uma fonte confi\u00e1vel para evitar riscos. Neste artigo, daremos dicas privilegiadas sobre como comprar Bromazolam PELLETS 3 mg legalmente online com seguran\u00e7a.<\/p>\n<h3>Compre Bromazolam PELLETS 3 mg online de uma fonte confi\u00e1vel<\/h3>\n<p>Quando se trata de comprar medicamentos em linha, o primeiro e mais importante passo \u00e9 certificar-se de que compra a uma fonte fi\u00e1vel. \u00c9 essencial fazer a sua pesquisa e comprar apenas em farm\u00e1cias ou lojas online com boa reputa\u00e7\u00e3o.<\/p>\n<p>Se voc\u00ea deseja comprar Bromazolam PELLETS 3mg online, <a href=\"https:\/\/rckopen.com\/pt\/\">rckopen.com<\/a> uma loja online confi\u00e1vel que oferece medicamentos de alta qualidade a pre\u00e7os acess\u00edveis. Eles t\u00eam uma ampla sele\u00e7\u00e3o de medicamentos dispon\u00edveis, incluindo Bromazolam PELLETS 3mg para venda, e garantem um envio seguro e discreto.<\/p>\n<h3>Onde comprar Bromazolam PELLETS 3mg onlineDove acquistare Bromazolam PELLETS 3mg online<\/h3>\n<p>Se est\u00e1 a pensar onde comprar Bromazolam PELLETS 3mg, rckopen.com \u00e9 a sua loja online favorita. Eles oferecem uma plataforma conveniente e segura para comprar medicamentos online. Com a sua interface amig\u00e1vel e op\u00e7\u00f5es de pagamento seguras, pode comprar facilmente e sem complica\u00e7\u00f5es na loja Bromazolam PELLETS 3mg.<\/p>\n<h3>Encomende Bromazolam PELLETS 3mg compre online sem receita<\/h3>\n<p>Quando voc\u00ea <a href=\"https:\/\/en.wikipedia.org\/wiki\/Bromazolam\">Bromazolam<\/a> COMPRIMIDOS 3 mg comprar online, \u00e9 importante observar que alguns medicamentos podem exigir receita m\u00e9dica. No rckopen.com voc\u00ea pode pedir Bromazolam PELLETS 3mg sem receita m\u00e9dica. Isso \u00e9 conveniente para pessoas que n\u00e3o t\u00eam receita, mas ainda precisam ter acesso ao medicamento.<\/p>\n<h3>Bromazolam PELLETS 3mg Loja<\/h3>\n<p>Rckopen.com \u00e9 o seu balc\u00e3o \u00fanico online para todas as suas necessidades de medicamentos, incluindo Bromazolam PELLETS 3mg. Oferecem uma plataforma segura onde pode navegar facilmente pelos seus produtos, fazer a sua encomenda e receb\u00ea-la discretamente em sua casa. A equipa de apoio ao cliente tamb\u00e9m est\u00e1 pronta para o ajudar com quaisquer quest\u00f5es ou coment\u00e1rios.<\/p>\n<p>Ao encomendar Bromazolam PELLETS 3 mg online, \u00e9 fundamental que voc\u00ea compre de uma fonte confi\u00e1vel, como rckopen.com, para garantir a seguran\u00e7a e a qualidade do medicamento. Com sua ampla sele\u00e7\u00e3o de medicamentos, op\u00e7\u00f5es de pagamento seguras e remessa discreta, voc\u00ea pode ter certeza de que est\u00e1 em boas m\u00e3os. Ent\u00e3o por que esperar? Visite rckopen.com hoje mesmo e compre Bromazolam PELLETS 3mg no Reino Unido com facilidade e tranquilidade.<\/p>","protected":false},"excerpt":{"rendered":"<p><strong>Forma: <\/strong>pellets<\/p>\n<p><strong>An\u00e1lise NMR: <\/strong>N\/A<\/p>","protected":false},"featured_media":6626,"comment_status":"open","ping_status":"closed","template":"","meta":{"_joinchat":[]},"product_brand":[],"product_cat":[144],"product_tag":[],"class_list":{"0":"post-6608","1":"product","2":"type-product","3":"status-publish","4":"has-post-thumbnail","6":"product_cat-pellets","8":"first","9":"instock","10":"shipping-taxable","11":"purchasable","12":"product-type-variable"},"yoast_head":"<!-- This site is optimized with the Yoast SEO plugin v26.3 - https:\/\/yoast.com\/wordpress\/plugins\/seo\/ -->\n<title>Bromazolampellets 3MG online kopen - Bromazolampellets 3MG te koop<\/title>\n<meta name=\"description\" content=\"Aan uw vereiste om bromazolam-pellets 3 mg te kopen, kunt u voldoen in onze online rc-koopwinkel, aangezien we hier bromazolam-pellets 3 mg te koop hebben. Plaats uw bestelling en ontvang elke dag betaalbare aanbiedingen.\" \/>\n<meta name=\"robots\" content=\"index, follow, max-snippet:-1, max-image-preview:large, max-video-preview:-1\" \/>\n<link rel=\"canonical\" href=\"https:\/\/rckopen.com\/pt\/produto\/bromazolam-pellets-3mg\/\" \/>\n<meta property=\"og:locale\" content=\"pt_PT\" \/>\n<meta property=\"og:type\" content=\"article\" \/>\n<meta property=\"og:title\" content=\"Bromazolampellets 3MG online kopen - Bromazolampellets 3MG te koop\" \/>\n<meta property=\"og:description\" content=\"Aan uw vereiste om bromazolam-pellets 3 mg te kopen, kunt u voldoen in onze online rc-koopwinkel, aangezien we hier bromazolam-pellets 3 mg te koop hebben. Plaats uw bestelling en ontvang elke dag betaalbare aanbiedingen.\" \/>\n<meta property=\"og:url\" content=\"https:\/\/rckopen.com\/pt\/produto\/bromazolam-pellets-3mg\/\" \/>\n<meta property=\"og:site_name\" content=\"RC Kopen\" \/>\n<meta property=\"article:modified_time\" content=\"2025-09-16T09:08:10+00:00\" \/>\n<meta property=\"og:image\" content=\"https:\/\/rckopen.com\/wp-content\/uploads\/2023\/08\/bromazolam-PELLETS-3mg.jpg\" \/>\n\t<meta property=\"og:image:width\" content=\"600\" \/>\n\t<meta property=\"og:image:height\" content=\"600\" \/>\n\t<meta property=\"og:image:type\" content=\"image\/jpeg\" \/>\n<meta name=\"twitter:card\" content=\"summary_large_image\" \/>\n<meta name=\"twitter:label1\" content=\"Tempo estimado de leitura\" \/>\n\t<meta name=\"twitter:data1\" content=\"3 minutos\" \/>\n<script type=\"application\/ld+json\" class=\"yoast-schema-graph\">{\"@context\":\"https:\/\/schema.org\",\"@graph\":[{\"@type\":\"WebPage\",\"@id\":\"https:\/\/rckopen.com\/product\/bromazolam-pellets-3mg\/\",\"url\":\"https:\/\/rckopen.com\/product\/bromazolam-pellets-3mg\/\",\"name\":\"Bromazolampellets 3MG online kopen - Bromazolampellets 3MG te koop\",\"isPartOf\":{\"@id\":\"https:\/\/rckopen.com\/#website\"},\"primaryImageOfPage\":{\"@id\":\"https:\/\/rckopen.com\/product\/bromazolam-pellets-3mg\/#primaryimage\"},\"image\":{\"@id\":\"https:\/\/rckopen.com\/product\/bromazolam-pellets-3mg\/#primaryimage\"},\"thumbnailUrl\":\"https:\/\/rckopen.com\/wp-content\/uploads\/2023\/08\/bromazolam-PELLETS-3mg.jpg\",\"datePublished\":\"2023-08-16T10:30:00+00:00\",\"dateModified\":\"2025-09-16T09:08:10+00:00\",\"description\":\"Aan uw vereiste om bromazolam-pellets 3 mg te kopen, kunt u voldoen in onze online rc-koopwinkel, aangezien we hier bromazolam-pellets 3 mg te koop hebben. Plaats uw bestelling en ontvang elke dag betaalbare aanbiedingen.\",\"breadcrumb\":{\"@id\":\"https:\/\/rckopen.com\/product\/bromazolam-pellets-3mg\/#breadcrumb\"},\"inLanguage\":\"pt-PT\",\"potentialAction\":[{\"@type\":\"ReadAction\",\"target\":[\"https:\/\/rckopen.com\/product\/bromazolam-pellets-3mg\/\"]}]},{\"@type\":\"ImageObject\",\"inLanguage\":\"pt-PT\",\"@id\":\"https:\/\/rckopen.com\/product\/bromazolam-pellets-3mg\/#primaryimage\",\"url\":\"https:\/\/rckopen.com\/wp-content\/uploads\/2023\/08\/bromazolam-PELLETS-3mg.jpg\",\"contentUrl\":\"https:\/\/rckopen.com\/wp-content\/uploads\/2023\/08\/bromazolam-PELLETS-3mg.jpg\",\"width\":600,\"height\":600,\"caption\":\"bromazolam-PELLETS-3mg online kopen\"},{\"@type\":\"BreadcrumbList\",\"@id\":\"https:\/\/rckopen.com\/product\/bromazolam-pellets-3mg\/#breadcrumb\",\"itemListElement\":[{\"@type\":\"ListItem\",\"position\":1,\"name\":\"Home\",\"item\":\"https:\/\/rckopen.com\/\"},{\"@type\":\"ListItem\",\"position\":2,\"name\":\"Shop\",\"item\":\"https:\/\/rckopen.com\/shop\/\"},{\"@type\":\"ListItem\",\"position\":3,\"name\":\"bromazolam PELLETS 3mg online kopen\"}]},{\"@type\":\"WebSite\",\"@id\":\"https:\/\/rckopen.com\/#website\",\"url\":\"https:\/\/rckopen.com\/\",\"name\":\"RC Kopen\",\"description\":\"Research Chemicals\",\"potentialAction\":[{\"@type\":\"SearchAction\",\"target\":{\"@type\":\"EntryPoint\",\"urlTemplate\":\"https:\/\/rckopen.com\/?s={search_term_string}\"},\"query-input\":{\"@type\":\"PropertyValueSpecification\",\"valueRequired\":true,\"valueName\":\"search_term_string\"}}],\"inLanguage\":\"pt-PT\"}]}<\/script>\n<!-- \/ Yoast SEO plugin. -->","yoast_head_json":{"title":"Bromazolampellets 3MG online kopen - Bromazolampellets 3MG te koop","description":"Aan uw vereiste om bromazolam-pellets 3 mg te kopen, kunt u voldoen in onze online rc-koopwinkel, aangezien we hier bromazolam-pellets 3 mg te koop hebben. Plaats uw bestelling en ontvang elke dag betaalbare aanbiedingen.","robots":{"index":"index","follow":"follow","max-snippet":"max-snippet:-1","max-image-preview":"max-image-preview:large","max-video-preview":"max-video-preview:-1"},"canonical":"https:\/\/rckopen.com\/pt\/produto\/bromazolam-pellets-3mg\/","og_locale":"pt_PT","og_type":"article","og_title":"Bromazolampellets 3MG online kopen - Bromazolampellets 3MG te koop","og_description":"Aan uw vereiste om bromazolam-pellets 3 mg te kopen, kunt u voldoen in onze online rc-koopwinkel, aangezien we hier bromazolam-pellets 3 mg te koop hebben. Plaats uw bestelling en ontvang elke dag betaalbare aanbiedingen.","og_url":"https:\/\/rckopen.com\/pt\/produto\/bromazolam-pellets-3mg\/","og_site_name":"RC Kopen","article_modified_time":"2025-09-16T09:08:10+00:00","og_image":[{"width":600,"height":600,"url":"https:\/\/rckopen.com\/wp-content\/uploads\/2023\/08\/bromazolam-PELLETS-3mg.jpg","type":"image\/jpeg"}],"twitter_card":"summary_large_image","twitter_misc":{"Tempo estimado de leitura":"3 minutos"},"schema":{"@context":"https:\/\/schema.org","@graph":[{"@type":"WebPage","@id":"https:\/\/rckopen.com\/product\/bromazolam-pellets-3mg\/","url":"https:\/\/rckopen.com\/product\/bromazolam-pellets-3mg\/","name":"Bromazolampellets 3MG online kopen - Bromazolampellets 3MG te koop","isPartOf":{"@id":"https:\/\/rckopen.com\/#website"},"primaryImageOfPage":{"@id":"https:\/\/rckopen.com\/product\/bromazolam-pellets-3mg\/#primaryimage"},"image":{"@id":"https:\/\/rckopen.com\/product\/bromazolam-pellets-3mg\/#primaryimage"},"thumbnailUrl":"https:\/\/rckopen.com\/wp-content\/uploads\/2023\/08\/bromazolam-PELLETS-3mg.jpg","datePublished":"2023-08-16T10:30:00+00:00","dateModified":"2025-09-16T09:08:10+00:00","description":"Aan uw vereiste om bromazolam-pellets 3 mg te kopen, kunt u voldoen in onze online rc-koopwinkel, aangezien we hier bromazolam-pellets 3 mg te koop hebben. Plaats uw bestelling en ontvang elke dag betaalbare aanbiedingen.","breadcrumb":{"@id":"https:\/\/rckopen.com\/product\/bromazolam-pellets-3mg\/#breadcrumb"},"inLanguage":"pt-PT","potentialAction":[{"@type":"ReadAction","target":["https:\/\/rckopen.com\/product\/bromazolam-pellets-3mg\/"]}]},{"@type":"ImageObject","inLanguage":"pt-PT","@id":"https:\/\/rckopen.com\/product\/bromazolam-pellets-3mg\/#primaryimage","url":"https:\/\/rckopen.com\/wp-content\/uploads\/2023\/08\/bromazolam-PELLETS-3mg.jpg","contentUrl":"https:\/\/rckopen.com\/wp-content\/uploads\/2023\/08\/bromazolam-PELLETS-3mg.jpg","width":600,"height":600,"caption":"bromazolam-PELLETS-3mg online kopen"},{"@type":"BreadcrumbList","@id":"https:\/\/rckopen.com\/product\/bromazolam-pellets-3mg\/#breadcrumb","itemListElement":[{"@type":"ListItem","position":1,"name":"Home","item":"https:\/\/rckopen.com\/"},{"@type":"ListItem","position":2,"name":"Shop","item":"https:\/\/rckopen.com\/shop\/"},{"@type":"ListItem","position":3,"name":"bromazolam PELLETS 3mg online kopen"}]},{"@type":"WebSite","@id":"https:\/\/rckopen.com\/#website","url":"https:\/\/rckopen.com\/","name":"RC Kopen","description":"Research Chemicals","potentialAction":[{"@type":"SearchAction","target":{"@type":"EntryPoint","urlTemplate":"https:\/\/rckopen.com\/?s={search_term_string}"},"query-input":{"@type":"PropertyValueSpecification","valueRequired":true,"valueName":"search_term_string"}}],"inLanguage":"pt-PT"}]}},"_links":{"self":[{"href":"https:\/\/rckopen.com\/pt\/wp-json\/wp\/v2\/product\/6608","targetHints":{"allow":["GET"]}}],"collection":[{"href":"https:\/\/rckopen.com\/pt\/wp-json\/wp\/v2\/product"}],"about":[{"href":"https:\/\/rckopen.com\/pt\/wp-json\/wp\/v2\/types\/product"}],"replies":[{"embeddable":true,"href":"https:\/\/rckopen.com\/pt\/wp-json\/wp\/v2\/comments?post=6608"}],"wp:featuredmedia":[{"embeddable":true,"href":"https:\/\/rckopen.com\/pt\/wp-json\/wp\/v2\/media\/6626"}],"wp:attachment":[{"href":"https:\/\/rckopen.com\/pt\/wp-json\/wp\/v2\/media?parent=6608"}],"wp:term":[{"taxonomy":"product_brand","embeddable":true,"href":"https:\/\/rckopen.com\/pt\/wp-json\/wp\/v2\/product_brand?post=6608"},{"taxonomy":"product_cat","embeddable":true,"href":"https:\/\/rckopen.com\/pt\/wp-json\/wp\/v2\/product_cat?post=6608"},{"taxonomy":"product_tag","embeddable":true,"href":"https:\/\/rckopen.com\/pt\/wp-json\/wp\/v2\/product_tag?post=6608"}],"curies":[{"name":"wp","href":"https:\/\/api.w.org\/{rel}","templated":true}]}}