{"id":6615,"date":"2023-08-16T10:42:21","date_gmt":"2023-08-16T10:42:21","guid":{"rendered":"https:\/\/diligentplug.com\/chems\/?post_type=product&#038;p=6615"},"modified":"2026-02-28T12:28:42","modified_gmt":"2026-02-28T12:28:42","slug":"2-fa-pellets-60mg-online-kopen","status":"publish","type":"product","link":"https:\/\/rckopen.com\/pt\/produto\/2-fa-pellets-60mg-online-kopen\/","title":{"rendered":"Compre pellets 2-FA 60mg online"},"content":{"rendered":"<h2><b>2-FA Pellets 60mg Online te Koop \u2013 Premium Kwaliteit, Betrouwbaar &amp; Veilig<\/b><\/h2>\n<p><span style=\"font-weight: 400;\">Voc\u00ea quer <\/span><a href=\"https:\/\/rckopen.com\/pt\/produto\/2-fa-pellets-60mg-online-kopen\/\"><b>Compre pellets de 2-FA de 60mg online<\/b><\/a><span style=\"font-weight: 400;\">? Ontdek onze premium <a href=\"https:\/\/en.wikipedia.org\/wiki\/2-Fluoroamphetamine\">2-Fluoroamphetamine (2-FA)<\/a> Pellets cuidadosamente formulados para pot\u00eancia e pureza consistentes. Seja voc\u00ea um usu\u00e1rio experiente ou esteja experimentando o 2-FA pela primeira vez, nossos pellets de 60mg oferecem o equil\u00edbrio perfeito entre pot\u00eancia e seguran\u00e7a, proporcionando uma experi\u00eancia limpa, euf\u00f3rica e estimulante.<\/span><\/p>\n<h3><b>O que \u00e9 2-FA (2-fluoroanfetamina)?<\/b><\/h3>\n<p><span style=\"font-weight: 400;\">2-FA, oftewel 2-Fluoroamphetamine, is een synthetische stimulant uit de amfetamineklasse. Bekend om zijn euforische en energieke effecten, is 2-FA populair onder mensen die op zoek zijn naar een stimulerende boost met minder zenuwachtigheid dan traditionele amfetamines. Onze <\/span><b>Pellets de 2-FA 60mg<\/b><span style=\"font-weight: 400;\"> Fornecer uma dose controlada para melhorar o foco, o humor e a motiva\u00e7\u00e3o.<\/span><\/p>\n<h3><b>Usos e efeitos dos gr\u00e2nulos de 2-FA<\/b><\/h3>\n<p><span style=\"font-weight: 400;\">Nossos gr\u00e2nulos de 2-FA s\u00e3o formulados para consumo oral e proporcionam um efeito estimulante suave e duradouro. Usu\u00e1rios frequentemente relatam maior estado de alerta, mais energia social e melhora da fun\u00e7\u00e3o cognitiva. A dosagem de 60mg \u00e9 potente o suficiente para proporcionar um efeito n\u00edtido, por\u00e9m control\u00e1vel para uso respons\u00e1vel.<\/span><\/p>\n<h3><b>Import\u00e2ncia da dosagem (pellets de 60mg)<\/b><\/h3>\n<p><span style=\"font-weight: 400;\">A dosagem \u00e9 crucial com o 2-FA. Cada pellet de 60mg fornece uma dose precisa para controlar facilmente a ingest\u00e3o e reduzir o risco de overdose. Essa dosagem \u00e9 adequada tanto para usu\u00e1rios iniciantes quanto para experientes que desejam uma experi\u00eancia potente, por\u00e9m segura.<\/span><\/p>\n<h3><b>Aspectos legais e de seguran\u00e7a<\/b><\/h3>\n<p><span style=\"font-weight: 400;\">A legalidade do 2-FA varia de pa\u00eds para pa\u00eds. Sempre verifique as regulamenta\u00e7\u00f5es locais antes de fazer o pedido. Compre apenas de vendedores confi\u00e1veis \u200b\u200be que cumpram a lei para garantir que voc\u00ea receba um produto legal e seguro. N\u00e3o compartilhe ou venda seus gr\u00e2nulos de 2-FA e evite mistur\u00e1-los com outras subst\u00e2ncias.<\/span><\/p>\n<h3><b>Situa\u00e7\u00e3o legal da autentica\u00e7\u00e3o de dois fatores em diferentes regi\u00f5es<\/b><\/h3>\n<p><span style=\"font-weight: 400;\">As leis sobre autentica\u00e7\u00e3o de dois fatores (2FA) variam muito de pa\u00eds para pa\u00eds e de regi\u00e3o para regi\u00e3o. Em algumas \u00e1reas, \u00e9 regulamentada ou proibida, enquanto em outras \u00e9 permitida para fins de pesquisa ou uso pessoal. Recomendamos sempre verificar as leis locais antes de fazer o pedido.<\/span><\/p>\n<h3><b>Onde comprar pellets de 2-FA de 60mg online?<\/b><\/h3>\n<p><span style=\"font-weight: 400;\">Voc\u00ea quer <\/span><a href=\"https:\/\/rckopen.com\/pt\/\"><b>Encomende 2-FA-Pellets 60 mg online<\/b><\/a><span style=\"font-weight: 400;\">Conosco, voc\u00ea encontrar\u00e1 gr\u00e2nulos de 2-FA aut\u00eanticos e testados em laborat\u00f3rio a pre\u00e7os competitivos. Trabalhamos com fabricantes confi\u00e1veis \u200b\u200bque garantem alta pureza e efic\u00e1cia consistente, permitindo-nos oferecer... <\/span><b>Melhor lugar para comprar pellets de 2-FA de 60mg<\/b><span style=\"font-weight: 400;\">.<\/span><\/p>\n<h3><b>Vis\u00e3o geral dos mercados online e vendedores<\/b><\/h3>\n<p><span style=\"font-weight: 400;\">Existem muitos fornecedores, mas muitos produtos s\u00e3o de baixa qualidade ou falsificados. Para garantir a autenticidade, escolha sempre vendedores com origem transparente, avalia\u00e7\u00f5es positivas de clientes e bom atendimento ao cliente.<\/span><\/p>\n<h3><b>Import\u00e2ncia das avalia\u00e7\u00f5es e do feedback dos clientes<\/b><\/h3>\n<p><span style=\"font-weight: 400;\">As avalia\u00e7\u00f5es dos clientes fornecem informa\u00e7\u00f5es sobre a qualidade do produto e a confiabilidade do vendedor. Ao ler v\u00e1rias avalia\u00e7\u00f5es, voc\u00ea pode evitar golpes e escolher os melhores pellets de 2-FA de 60mg para suas necessidades.<\/span><\/p>\n<h3><b>Bewaar- en Gebruikstips<\/b><\/h3>\n<p><span style=\"font-weight: 400;\">Para manter a efic\u00e1cia, armazene os gr\u00e2nulos de 2-FA em local fresco e seco, longe da luz solar direta. Use com responsabilidade, siga as dosagens recomendadas e n\u00e3o combine com outros produtos.<\/span><\/p>\n<h3><b>Uso recomendado<\/b><\/h3>\n<p><span style=\"font-weight: 400;\">Comece com um pellet de 60 mg para testar sua toler\u00e2ncia. Aguarde pelo menos 24 a 48 horas entre as doses para minimizar os riscos \u00e0 sa\u00fade. Mantenha-se hidratado e evite o uso prolongado.<\/span><\/p>\n<h3><b>Conclusie<\/b><\/h3>\n<p><span style=\"font-weight: 400;\">Nossos pellets de 2-FA de 60mg oferecem uma op\u00e7\u00e3o confi\u00e1vel e de alta qualidade para quem busca uma experi\u00eancia estimulante potente, por\u00e9m control\u00e1vel. Ao comprar de fontes confi\u00e1veis, usar com seguran\u00e7a e cumprir as normas legais, voc\u00ea pode desfrutar dos benef\u00edcios do 2-FA de forma respons\u00e1vel.<\/span><\/p>","protected":false},"excerpt":{"rendered":"<p><strong>Forma: <\/strong>pellets<\/p>\n<p><strong>An\u00e1lise NMR: <\/strong>N\/A<\/p>","protected":false},"featured_media":6632,"comment_status":"open","ping_status":"closed","template":"","meta":{"_joinchat":[]},"product_brand":[],"product_cat":[144],"product_tag":[],"class_list":{"0":"post-6615","1":"product","2":"type-product","3":"status-publish","4":"has-post-thumbnail","6":"product_cat-pellets","8":"first","9":"instock","10":"shipping-taxable","11":"purchasable","12":"product-type-variable"},"yoast_head":"<!-- This site is optimized with the Yoast SEO plugin v26.3 - https:\/\/yoast.com\/wordpress\/plugins\/seo\/ -->\n<title>2-FA-Pellets-60Mg te koop- 2-FA-Pellets-60Mg online kopen<\/title>\n<meta name=\"description\" content=\"2-fa-pellets-60mg te koop bij een van de beste online kopen winkels RCKopen. Wij helpen u bij het online kopen van 2-fa-pellets-60mg van hoge kwaliteit. Wacht niet langer met bestellen en profiteer van de nieuwste kortingen!\" \/>\n<meta name=\"robots\" content=\"index, follow, max-snippet:-1, max-image-preview:large, max-video-preview:-1\" \/>\n<link rel=\"canonical\" href=\"https:\/\/rckopen.com\/pt\/produto\/2-fa-pellets-60mg-online-kopen\/\" \/>\n<meta property=\"og:locale\" content=\"pt_PT\" \/>\n<meta property=\"og:type\" content=\"article\" \/>\n<meta property=\"og:title\" content=\"2-FA-Pellets-60Mg te koop- 2-FA-Pellets-60Mg online kopen\" \/>\n<meta property=\"og:description\" content=\"2-fa-pellets-60mg te koop bij een van de beste online kopen winkels RCKopen. Wij helpen u bij het online kopen van 2-fa-pellets-60mg van hoge kwaliteit. Wacht niet langer met bestellen en profiteer van de nieuwste kortingen!\" \/>\n<meta property=\"og:url\" content=\"https:\/\/rckopen.com\/pt\/produto\/2-fa-pellets-60mg-online-kopen\/\" \/>\n<meta property=\"og:site_name\" content=\"RC Kopen\" \/>\n<meta property=\"article:modified_time\" content=\"2026-02-28T12:28:42+00:00\" \/>\n<meta property=\"og:image\" content=\"https:\/\/rckopen.com\/wp-content\/uploads\/2023\/08\/2-FA-pellets-60mg.jpg\" \/>\n\t<meta property=\"og:image:width\" content=\"600\" \/>\n\t<meta property=\"og:image:height\" content=\"600\" \/>\n\t<meta property=\"og:image:type\" content=\"image\/jpeg\" \/>\n<meta name=\"twitter:card\" content=\"summary_large_image\" \/>\n<meta name=\"twitter:label1\" content=\"Tempo estimado de leitura\" \/>\n\t<meta name=\"twitter:data1\" content=\"3 minutos\" \/>\n<script type=\"application\/ld+json\" class=\"yoast-schema-graph\">{\"@context\":\"https:\/\/schema.org\",\"@graph\":[{\"@type\":\"WebPage\",\"@id\":\"https:\/\/rckopen.com\/product\/2-fa-pellets-60mg-online-kopen\/\",\"url\":\"https:\/\/rckopen.com\/product\/2-fa-pellets-60mg-online-kopen\/\",\"name\":\"2-FA-Pellets-60Mg te koop- 2-FA-Pellets-60Mg online kopen\",\"isPartOf\":{\"@id\":\"https:\/\/rckopen.com\/#website\"},\"primaryImageOfPage\":{\"@id\":\"https:\/\/rckopen.com\/product\/2-fa-pellets-60mg-online-kopen\/#primaryimage\"},\"image\":{\"@id\":\"https:\/\/rckopen.com\/product\/2-fa-pellets-60mg-online-kopen\/#primaryimage\"},\"thumbnailUrl\":\"https:\/\/rckopen.com\/wp-content\/uploads\/2023\/08\/2-FA-pellets-60mg.jpg\",\"datePublished\":\"2023-08-16T10:42:21+00:00\",\"dateModified\":\"2026-02-28T12:28:42+00:00\",\"description\":\"2-fa-pellets-60mg te koop bij een van de beste online kopen winkels RCKopen. Wij helpen u bij het online kopen van 2-fa-pellets-60mg van hoge kwaliteit. Wacht niet langer met bestellen en profiteer van de nieuwste kortingen!\",\"breadcrumb\":{\"@id\":\"https:\/\/rckopen.com\/product\/2-fa-pellets-60mg-online-kopen\/#breadcrumb\"},\"inLanguage\":\"pt-PT\",\"potentialAction\":[{\"@type\":\"ReadAction\",\"target\":[\"https:\/\/rckopen.com\/product\/2-fa-pellets-60mg-online-kopen\/\"]}]},{\"@type\":\"ImageObject\",\"inLanguage\":\"pt-PT\",\"@id\":\"https:\/\/rckopen.com\/product\/2-fa-pellets-60mg-online-kopen\/#primaryimage\",\"url\":\"https:\/\/rckopen.com\/wp-content\/uploads\/2023\/08\/2-FA-pellets-60mg.jpg\",\"contentUrl\":\"https:\/\/rckopen.com\/wp-content\/uploads\/2023\/08\/2-FA-pellets-60mg.jpg\",\"width\":600,\"height\":600,\"caption\":\"2-FA pellets 60mg Online Kopen\"},{\"@type\":\"BreadcrumbList\",\"@id\":\"https:\/\/rckopen.com\/product\/2-fa-pellets-60mg-online-kopen\/#breadcrumb\",\"itemListElement\":[{\"@type\":\"ListItem\",\"position\":1,\"name\":\"Home\",\"item\":\"https:\/\/rckopen.com\/\"},{\"@type\":\"ListItem\",\"position\":2,\"name\":\"Shop\",\"item\":\"https:\/\/rckopen.com\/shop\/\"},{\"@type\":\"ListItem\",\"position\":3,\"name\":\"2-FA pellets 60mg Online Kopen\"}]},{\"@type\":\"WebSite\",\"@id\":\"https:\/\/rckopen.com\/#website\",\"url\":\"https:\/\/rckopen.com\/\",\"name\":\"RC Kopen\",\"description\":\"Research Chemicals\",\"potentialAction\":[{\"@type\":\"SearchAction\",\"target\":{\"@type\":\"EntryPoint\",\"urlTemplate\":\"https:\/\/rckopen.com\/?s={search_term_string}\"},\"query-input\":{\"@type\":\"PropertyValueSpecification\",\"valueRequired\":true,\"valueName\":\"search_term_string\"}}],\"inLanguage\":\"pt-PT\"}]}<\/script>\n<!-- \/ Yoast SEO plugin. -->","yoast_head_json":{"title":"2-FA-Pellets-60Mg te koop- 2-FA-Pellets-60Mg online kopen","description":"2-fa-pellets-60mg te koop bij een van de beste online kopen winkels RCKopen. Wij helpen u bij het online kopen van 2-fa-pellets-60mg van hoge kwaliteit. Wacht niet langer met bestellen en profiteer van de nieuwste kortingen!","robots":{"index":"index","follow":"follow","max-snippet":"max-snippet:-1","max-image-preview":"max-image-preview:large","max-video-preview":"max-video-preview:-1"},"canonical":"https:\/\/rckopen.com\/pt\/produto\/2-fa-pellets-60mg-online-kopen\/","og_locale":"pt_PT","og_type":"article","og_title":"2-FA-Pellets-60Mg te koop- 2-FA-Pellets-60Mg online kopen","og_description":"2-fa-pellets-60mg te koop bij een van de beste online kopen winkels RCKopen. Wij helpen u bij het online kopen van 2-fa-pellets-60mg van hoge kwaliteit. Wacht niet langer met bestellen en profiteer van de nieuwste kortingen!","og_url":"https:\/\/rckopen.com\/pt\/produto\/2-fa-pellets-60mg-online-kopen\/","og_site_name":"RC Kopen","article_modified_time":"2026-02-28T12:28:42+00:00","og_image":[{"width":600,"height":600,"url":"https:\/\/rckopen.com\/wp-content\/uploads\/2023\/08\/2-FA-pellets-60mg.jpg","type":"image\/jpeg"}],"twitter_card":"summary_large_image","twitter_misc":{"Tempo estimado de leitura":"3 minutos"},"schema":{"@context":"https:\/\/schema.org","@graph":[{"@type":"WebPage","@id":"https:\/\/rckopen.com\/product\/2-fa-pellets-60mg-online-kopen\/","url":"https:\/\/rckopen.com\/product\/2-fa-pellets-60mg-online-kopen\/","name":"2-FA-Pellets-60Mg te koop- 2-FA-Pellets-60Mg online kopen","isPartOf":{"@id":"https:\/\/rckopen.com\/#website"},"primaryImageOfPage":{"@id":"https:\/\/rckopen.com\/product\/2-fa-pellets-60mg-online-kopen\/#primaryimage"},"image":{"@id":"https:\/\/rckopen.com\/product\/2-fa-pellets-60mg-online-kopen\/#primaryimage"},"thumbnailUrl":"https:\/\/rckopen.com\/wp-content\/uploads\/2023\/08\/2-FA-pellets-60mg.jpg","datePublished":"2023-08-16T10:42:21+00:00","dateModified":"2026-02-28T12:28:42+00:00","description":"2-fa-pellets-60mg te koop bij een van de beste online kopen winkels RCKopen. Wij helpen u bij het online kopen van 2-fa-pellets-60mg van hoge kwaliteit. Wacht niet langer met bestellen en profiteer van de nieuwste kortingen!","breadcrumb":{"@id":"https:\/\/rckopen.com\/product\/2-fa-pellets-60mg-online-kopen\/#breadcrumb"},"inLanguage":"pt-PT","potentialAction":[{"@type":"ReadAction","target":["https:\/\/rckopen.com\/product\/2-fa-pellets-60mg-online-kopen\/"]}]},{"@type":"ImageObject","inLanguage":"pt-PT","@id":"https:\/\/rckopen.com\/product\/2-fa-pellets-60mg-online-kopen\/#primaryimage","url":"https:\/\/rckopen.com\/wp-content\/uploads\/2023\/08\/2-FA-pellets-60mg.jpg","contentUrl":"https:\/\/rckopen.com\/wp-content\/uploads\/2023\/08\/2-FA-pellets-60mg.jpg","width":600,"height":600,"caption":"2-FA pellets 60mg Online Kopen"},{"@type":"BreadcrumbList","@id":"https:\/\/rckopen.com\/product\/2-fa-pellets-60mg-online-kopen\/#breadcrumb","itemListElement":[{"@type":"ListItem","position":1,"name":"Home","item":"https:\/\/rckopen.com\/"},{"@type":"ListItem","position":2,"name":"Shop","item":"https:\/\/rckopen.com\/shop\/"},{"@type":"ListItem","position":3,"name":"2-FA pellets 60mg Online Kopen"}]},{"@type":"WebSite","@id":"https:\/\/rckopen.com\/#website","url":"https:\/\/rckopen.com\/","name":"RC Kopen","description":"Research Chemicals","potentialAction":[{"@type":"SearchAction","target":{"@type":"EntryPoint","urlTemplate":"https:\/\/rckopen.com\/?s={search_term_string}"},"query-input":{"@type":"PropertyValueSpecification","valueRequired":true,"valueName":"search_term_string"}}],"inLanguage":"pt-PT"}]}},"_links":{"self":[{"href":"https:\/\/rckopen.com\/pt\/wp-json\/wp\/v2\/product\/6615","targetHints":{"allow":["GET"]}}],"collection":[{"href":"https:\/\/rckopen.com\/pt\/wp-json\/wp\/v2\/product"}],"about":[{"href":"https:\/\/rckopen.com\/pt\/wp-json\/wp\/v2\/types\/product"}],"replies":[{"embeddable":true,"href":"https:\/\/rckopen.com\/pt\/wp-json\/wp\/v2\/comments?post=6615"}],"wp:featuredmedia":[{"embeddable":true,"href":"https:\/\/rckopen.com\/pt\/wp-json\/wp\/v2\/media\/6632"}],"wp:attachment":[{"href":"https:\/\/rckopen.com\/pt\/wp-json\/wp\/v2\/media?parent=6615"}],"wp:term":[{"taxonomy":"product_brand","embeddable":true,"href":"https:\/\/rckopen.com\/pt\/wp-json\/wp\/v2\/product_brand?post=6615"},{"taxonomy":"product_cat","embeddable":true,"href":"https:\/\/rckopen.com\/pt\/wp-json\/wp\/v2\/product_cat?post=6615"},{"taxonomy":"product_tag","embeddable":true,"href":"https:\/\/rckopen.com\/pt\/wp-json\/wp\/v2\/product_tag?post=6615"}],"curies":[{"name":"wp","href":"https:\/\/api.w.org\/{rel}","templated":true}]}}