{"id":6624,"date":"2023-08-17T05:39:17","date_gmt":"2023-08-17T05:39:17","guid":{"rendered":"https:\/\/diligentplug.com\/chems\/?post_type=product&#038;p=6624"},"modified":"2025-09-16T09:04:46","modified_gmt":"2025-09-16T09:04:46","slug":"4f-mph-pellets-25mg","status":"publish","type":"product","link":"https:\/\/rckopen.com\/pt\/produto\/4f-mph-pellets-25mg\/","title":{"rendered":"Compre pellets 4F-MPH 25mg online"},"content":{"rendered":"<h2>4F-MPH-pellets 25 mg online kopen<br \/>\nInvestiga\u00e7\u00e3o sobre as vantagens de encomendar 4F-MPH pellets 25 mg online<\/h2>\n<p>No mundo acelerado de hoje, a conveni\u00eancia \u00e9 essencial. Quando se trata de comprar produtos como <a href=\"https:\/\/rckopen.com\/pt\/produto\/4f-mph-pellets-25mg\/\">Pelotas de 4F-MPH 25 mg,<\/a> fornecedores online oferecem uma op\u00e7\u00e3o conveniente e confi\u00e1vel. Mas quais s\u00e3o os benef\u00edcios de encomendar esses pellets online? Vamos dar uma olhada nos benef\u00edcios de comprar pellets 4F-MPH 25mg de fornecedores online. <a href=\"https:\/\/rckopen.com\/pt\/\">RCKOpen.com<\/a><\/p>\n<h3>Comprar 4F-MPH pellets 25 mg com facilidade<\/h3>\n<p>Uma das principais vantagens de fazer pedidos online <a href=\"https:\/\/en.wikipedia.org\/wiki\/4-Fluoromethylphenidate\">4F-MPH<\/a>-pellets 25 mg \u00e9 a conveni\u00eancia que ele oferece. Com apenas alguns cliques voc\u00ea pode comprar os pellets no conforto da sua casa. Voc\u00ea n\u00e3o precisa visitar uma loja f\u00edsica ou ficar em longas filas. Fornecedores on-line facilitam a compra de pellets de 4F-MPH 25 mg sem receita m\u00e9dica.<\/p>\n<h3>Vasta sele\u00e7\u00e3o de produtos<\/h3>\n<p>Os fornecedores em linha oferecem geralmente uma vasta escolha de produtos, incluindo diferentes dosagens e quantidades de granulados 4F-MPH. Esta variedade permite-lhe escolher o produto que melhor se adapta \u00e0s suas necessidades. Quer pretenda comprar 4F-MPH pellets 25 mg ou qualquer outra dosagem, veio ao s\u00edtio certo com os fornecedores online.<\/p>\n<h3>Encomendar 4F-MPH pellets 25 mg sem receita m\u00e9dica<\/h3>\n<p>Outra vantagem de encomendar 4F-MPH pellets 25 mg online \u00e9 a possibilidade de os comprar sem receita m\u00e9dica. Isto elimina a necessidade de visitar um m\u00e9dico ou obter uma receita antes de efetuar uma compra. Os fornecedores online facilitam-lhe a encomenda de 4F-MPH pellets 25 mg sem quaisquer passos desnecess\u00e1rios.<\/p>\n<h3>Expedi\u00e7\u00e3o discreta e segura<\/h3>\n<p>Quando encomenda 4F-MPH pellets 25mg online, pode ter a certeza de que a sua encomenda ser\u00e1 enviada de forma discreta e segura. Os fornecedores online compreendem a import\u00e2ncia da privacidade e tomam medidas para garantir que a sua encomenda chega em seguran\u00e7a. Quer esteja a comprar 4F-MPH pellets 25mg para uso pessoal ou para fins de investiga\u00e7\u00e3o, os fornecedores online d\u00e3o prioridade \u00e0 sua confidencialidade.<\/p>\n<h3>4F-MPH-pellets 25 mg para venda<\/h3>\n<p>Procura as melhores ofertas para 4F-MPH pellets 25mg? Os fornecedores online oferecem frequentemente saldos e promo\u00e7\u00f5es que lhe permitem comprar estes pellets a pre\u00e7os reduzidos. Pode tirar partido destas ofertas para poupar dinheiro e continuar a receber um produto de alta qualidade. Comprar 4F-MPH pellets 25mg online \u00e9 uma forma econ\u00f3mica de reabastecer o seu stock.<\/p>\n<h3>Onde voc\u00ea pode comprar pellets de 4F-MPH 25mg online?<\/h3>\n<p>Quer saber onde comprar pellets 4F-MPH 25mg? N\u00e3o procure mais do que fornecedores on-line confi\u00e1veis, como rckopen.com. Com um site de f\u00e1cil utiliza\u00e7\u00e3o e um compromisso com a satisfa\u00e7\u00e3o do cliente, rckopen.com \u00e9 uma fonte confi\u00e1vel para encomendar pellets de 4F-MPH de 25 mg e outros produtos qu\u00edmicos de pesquisa. O processo de pedido seguro e o envio r\u00e1pido facilitam a compra de pellets 4F-MPH 25 mg com confian\u00e7a.<\/p>\n<p>Comprar 4F-MPH Pellets 25mg online no Reino Unido oferece uma s\u00e9rie de benef\u00edcios, desde conveni\u00eancia e sele\u00e7\u00e3o at\u00e9 remessa discreta e economia de custos. De fornecedores on-line como rckopen.com, voc\u00ea pode comprar pellets de 4F-MPH 25 mg on-line com facilidade e confian\u00e7a. Ent\u00e3o por que esperar? Pe\u00e7a hoje mesmo os pellets 4F-MPH 25mg e experimente os benef\u00edcios de comprar online!<\/p>","protected":false},"excerpt":{"rendered":"<p><strong>Nome IUPAC:<\/strong><\/p>\n<p><strong>CAS # <\/strong>1354631-33-6<\/p>\n<p><strong>Outro nome: <\/strong>4-Fluorometilfenidato<\/p>\n<p><strong>Apar\u00eancia: <\/strong>Cor-de-rosa<\/p>\n<p><strong>Forma: <\/strong>Pellets<\/p>\n<p><strong>An\u00e1lise NMR: <\/strong>C14H18FNO2<\/p>","protected":false},"featured_media":6642,"comment_status":"open","ping_status":"closed","template":"","meta":{"_joinchat":[]},"product_brand":[],"product_cat":[144],"product_tag":[],"class_list":{"0":"post-6624","1":"product","2":"type-product","3":"status-publish","4":"has-post-thumbnail","6":"product_cat-pellets","8":"first","9":"instock","10":"shipping-taxable","11":"purchasable","12":"product-type-variable"},"yoast_head":"<!-- This site is optimized with the Yoast SEO plugin v26.3 - https:\/\/yoast.com\/wordpress\/plugins\/seo\/ -->\n<title>4F-MPH-pellets 25MG online kopen - 4F-MPH-pellets 25MG te koop<\/title>\n<meta name=\"description\" content=\"Het is de beste tijd om onze online Rckopen-winkel te bezoeken en 4F-MPH-Pellets 25MG online kopen. Wij hebben hier 4F-MPH-Pellets 25MG te koop. Ontmoet ons online en plaats vandaag nog uw bestelling.\" \/>\n<meta name=\"robots\" content=\"index, follow, max-snippet:-1, max-image-preview:large, max-video-preview:-1\" \/>\n<link rel=\"canonical\" href=\"https:\/\/rckopen.com\/pt\/produto\/4f-mph-pellets-25mg\/\" \/>\n<meta property=\"og:locale\" content=\"pt_PT\" \/>\n<meta property=\"og:type\" content=\"article\" \/>\n<meta property=\"og:title\" content=\"4F-MPH-pellets 25MG online kopen - 4F-MPH-pellets 25MG te koop\" \/>\n<meta property=\"og:description\" content=\"Het is de beste tijd om onze online Rckopen-winkel te bezoeken en 4F-MPH-Pellets 25MG online kopen. Wij hebben hier 4F-MPH-Pellets 25MG te koop. Ontmoet ons online en plaats vandaag nog uw bestelling.\" \/>\n<meta property=\"og:url\" content=\"https:\/\/rckopen.com\/pt\/produto\/4f-mph-pellets-25mg\/\" \/>\n<meta property=\"og:site_name\" content=\"RC Kopen\" \/>\n<meta property=\"article:modified_time\" content=\"2025-09-16T09:04:46+00:00\" \/>\n<meta property=\"og:image\" content=\"https:\/\/rckopen.com\/wp-content\/uploads\/2023\/08\/4F-MPH-pellets-25mg.jpg\" \/>\n\t<meta property=\"og:image:width\" content=\"600\" \/>\n\t<meta property=\"og:image:height\" content=\"600\" \/>\n\t<meta property=\"og:image:type\" content=\"image\/jpeg\" \/>\n<meta name=\"twitter:card\" content=\"summary_large_image\" \/>\n<meta name=\"twitter:label1\" content=\"Tempo estimado de leitura\" \/>\n\t<meta name=\"twitter:data1\" content=\"3 minutos\" \/>\n<script type=\"application\/ld+json\" class=\"yoast-schema-graph\">{\"@context\":\"https:\/\/schema.org\",\"@graph\":[{\"@type\":\"WebPage\",\"@id\":\"https:\/\/rckopen.com\/product\/4f-mph-pellets-25mg\/\",\"url\":\"https:\/\/rckopen.com\/product\/4f-mph-pellets-25mg\/\",\"name\":\"4F-MPH-pellets 25MG online kopen - 4F-MPH-pellets 25MG te koop\",\"isPartOf\":{\"@id\":\"https:\/\/rckopen.com\/#website\"},\"primaryImageOfPage\":{\"@id\":\"https:\/\/rckopen.com\/product\/4f-mph-pellets-25mg\/#primaryimage\"},\"image\":{\"@id\":\"https:\/\/rckopen.com\/product\/4f-mph-pellets-25mg\/#primaryimage\"},\"thumbnailUrl\":\"https:\/\/rckopen.com\/wp-content\/uploads\/2023\/08\/4F-MPH-pellets-25mg.jpg\",\"datePublished\":\"2023-08-17T05:39:17+00:00\",\"dateModified\":\"2025-09-16T09:04:46+00:00\",\"description\":\"Het is de beste tijd om onze online Rckopen-winkel te bezoeken en 4F-MPH-Pellets 25MG online kopen. Wij hebben hier 4F-MPH-Pellets 25MG te koop. Ontmoet ons online en plaats vandaag nog uw bestelling.\",\"breadcrumb\":{\"@id\":\"https:\/\/rckopen.com\/product\/4f-mph-pellets-25mg\/#breadcrumb\"},\"inLanguage\":\"pt-PT\",\"potentialAction\":[{\"@type\":\"ReadAction\",\"target\":[\"https:\/\/rckopen.com\/product\/4f-mph-pellets-25mg\/\"]}]},{\"@type\":\"ImageObject\",\"inLanguage\":\"pt-PT\",\"@id\":\"https:\/\/rckopen.com\/product\/4f-mph-pellets-25mg\/#primaryimage\",\"url\":\"https:\/\/rckopen.com\/wp-content\/uploads\/2023\/08\/4F-MPH-pellets-25mg.jpg\",\"contentUrl\":\"https:\/\/rckopen.com\/wp-content\/uploads\/2023\/08\/4F-MPH-pellets-25mg.jpg\",\"width\":600,\"height\":600,\"caption\":\"4F-MPH-pellets-25mg online kopen\"},{\"@type\":\"BreadcrumbList\",\"@id\":\"https:\/\/rckopen.com\/product\/4f-mph-pellets-25mg\/#breadcrumb\",\"itemListElement\":[{\"@type\":\"ListItem\",\"position\":1,\"name\":\"Home\",\"item\":\"https:\/\/rckopen.com\/\"},{\"@type\":\"ListItem\",\"position\":2,\"name\":\"Shop\",\"item\":\"https:\/\/rckopen.com\/shop\/\"},{\"@type\":\"ListItem\",\"position\":3,\"name\":\"4F-MPH pellets 25mg online kopen\"}]},{\"@type\":\"WebSite\",\"@id\":\"https:\/\/rckopen.com\/#website\",\"url\":\"https:\/\/rckopen.com\/\",\"name\":\"RC Kopen\",\"description\":\"Research Chemicals\",\"potentialAction\":[{\"@type\":\"SearchAction\",\"target\":{\"@type\":\"EntryPoint\",\"urlTemplate\":\"https:\/\/rckopen.com\/?s={search_term_string}\"},\"query-input\":{\"@type\":\"PropertyValueSpecification\",\"valueRequired\":true,\"valueName\":\"search_term_string\"}}],\"inLanguage\":\"pt-PT\"}]}<\/script>\n<!-- \/ Yoast SEO plugin. -->","yoast_head_json":{"title":"4F-MPH-pellets 25MG online kopen - 4F-MPH-pellets 25MG te koop","description":"Het is de beste tijd om onze online Rckopen-winkel te bezoeken en 4F-MPH-Pellets 25MG online kopen. Wij hebben hier 4F-MPH-Pellets 25MG te koop. Ontmoet ons online en plaats vandaag nog uw bestelling.","robots":{"index":"index","follow":"follow","max-snippet":"max-snippet:-1","max-image-preview":"max-image-preview:large","max-video-preview":"max-video-preview:-1"},"canonical":"https:\/\/rckopen.com\/pt\/produto\/4f-mph-pellets-25mg\/","og_locale":"pt_PT","og_type":"article","og_title":"4F-MPH-pellets 25MG online kopen - 4F-MPH-pellets 25MG te koop","og_description":"Het is de beste tijd om onze online Rckopen-winkel te bezoeken en 4F-MPH-Pellets 25MG online kopen. Wij hebben hier 4F-MPH-Pellets 25MG te koop. Ontmoet ons online en plaats vandaag nog uw bestelling.","og_url":"https:\/\/rckopen.com\/pt\/produto\/4f-mph-pellets-25mg\/","og_site_name":"RC Kopen","article_modified_time":"2025-09-16T09:04:46+00:00","og_image":[{"width":600,"height":600,"url":"https:\/\/rckopen.com\/wp-content\/uploads\/2023\/08\/4F-MPH-pellets-25mg.jpg","type":"image\/jpeg"}],"twitter_card":"summary_large_image","twitter_misc":{"Tempo estimado de leitura":"3 minutos"},"schema":{"@context":"https:\/\/schema.org","@graph":[{"@type":"WebPage","@id":"https:\/\/rckopen.com\/product\/4f-mph-pellets-25mg\/","url":"https:\/\/rckopen.com\/product\/4f-mph-pellets-25mg\/","name":"4F-MPH-pellets 25MG online kopen - 4F-MPH-pellets 25MG te koop","isPartOf":{"@id":"https:\/\/rckopen.com\/#website"},"primaryImageOfPage":{"@id":"https:\/\/rckopen.com\/product\/4f-mph-pellets-25mg\/#primaryimage"},"image":{"@id":"https:\/\/rckopen.com\/product\/4f-mph-pellets-25mg\/#primaryimage"},"thumbnailUrl":"https:\/\/rckopen.com\/wp-content\/uploads\/2023\/08\/4F-MPH-pellets-25mg.jpg","datePublished":"2023-08-17T05:39:17+00:00","dateModified":"2025-09-16T09:04:46+00:00","description":"Het is de beste tijd om onze online Rckopen-winkel te bezoeken en 4F-MPH-Pellets 25MG online kopen. Wij hebben hier 4F-MPH-Pellets 25MG te koop. Ontmoet ons online en plaats vandaag nog uw bestelling.","breadcrumb":{"@id":"https:\/\/rckopen.com\/product\/4f-mph-pellets-25mg\/#breadcrumb"},"inLanguage":"pt-PT","potentialAction":[{"@type":"ReadAction","target":["https:\/\/rckopen.com\/product\/4f-mph-pellets-25mg\/"]}]},{"@type":"ImageObject","inLanguage":"pt-PT","@id":"https:\/\/rckopen.com\/product\/4f-mph-pellets-25mg\/#primaryimage","url":"https:\/\/rckopen.com\/wp-content\/uploads\/2023\/08\/4F-MPH-pellets-25mg.jpg","contentUrl":"https:\/\/rckopen.com\/wp-content\/uploads\/2023\/08\/4F-MPH-pellets-25mg.jpg","width":600,"height":600,"caption":"4F-MPH-pellets-25mg online kopen"},{"@type":"BreadcrumbList","@id":"https:\/\/rckopen.com\/product\/4f-mph-pellets-25mg\/#breadcrumb","itemListElement":[{"@type":"ListItem","position":1,"name":"Home","item":"https:\/\/rckopen.com\/"},{"@type":"ListItem","position":2,"name":"Shop","item":"https:\/\/rckopen.com\/shop\/"},{"@type":"ListItem","position":3,"name":"4F-MPH pellets 25mg online kopen"}]},{"@type":"WebSite","@id":"https:\/\/rckopen.com\/#website","url":"https:\/\/rckopen.com\/","name":"RC Kopen","description":"Research Chemicals","potentialAction":[{"@type":"SearchAction","target":{"@type":"EntryPoint","urlTemplate":"https:\/\/rckopen.com\/?s={search_term_string}"},"query-input":{"@type":"PropertyValueSpecification","valueRequired":true,"valueName":"search_term_string"}}],"inLanguage":"pt-PT"}]}},"_links":{"self":[{"href":"https:\/\/rckopen.com\/pt\/wp-json\/wp\/v2\/product\/6624","targetHints":{"allow":["GET"]}}],"collection":[{"href":"https:\/\/rckopen.com\/pt\/wp-json\/wp\/v2\/product"}],"about":[{"href":"https:\/\/rckopen.com\/pt\/wp-json\/wp\/v2\/types\/product"}],"replies":[{"embeddable":true,"href":"https:\/\/rckopen.com\/pt\/wp-json\/wp\/v2\/comments?post=6624"}],"wp:featuredmedia":[{"embeddable":true,"href":"https:\/\/rckopen.com\/pt\/wp-json\/wp\/v2\/media\/6642"}],"wp:attachment":[{"href":"https:\/\/rckopen.com\/pt\/wp-json\/wp\/v2\/media?parent=6624"}],"wp:term":[{"taxonomy":"product_brand","embeddable":true,"href":"https:\/\/rckopen.com\/pt\/wp-json\/wp\/v2\/product_brand?post=6624"},{"taxonomy":"product_cat","embeddable":true,"href":"https:\/\/rckopen.com\/pt\/wp-json\/wp\/v2\/product_cat?post=6624"},{"taxonomy":"product_tag","embeddable":true,"href":"https:\/\/rckopen.com\/pt\/wp-json\/wp\/v2\/product_tag?post=6624"}],"curies":[{"name":"wp","href":"https:\/\/api.w.org\/{rel}","templated":true}]}}