{"id":6649,"date":"2023-08-17T06:30:34","date_gmt":"2023-08-17T06:30:34","guid":{"rendered":"https:\/\/diligentplug.com\/chems\/?post_type=product&#038;p=6649"},"modified":"2025-09-16T09:04:16","modified_gmt":"2025-09-16T09:04:16","slug":"4-ho-mipt-pellets-20mg","status":"publish","type":"product","link":"https:\/\/rckopen.com\/pt\/produto\/4-ho-mipt-pellets-20mg\/","title":{"rendered":"4-HO-MIPT pellets 20mg en ligne acheter"},"content":{"rendered":"<h2><strong>Insidergeheimen voor het online vinden van authentieke 4-HO-MIPT-pellets 20 mg online kopen<\/strong><\/h2>\n<p>Quando voc\u00ea vai online ca\u00e7ar por reais <a href=\"https:\/\/rckopen.com\/pt\/produto\/4-ho-mipt-pellets-20mg\/\">4-HO-MIPT-pellets 20 mg<\/a>, ent\u00e3o confie em dicas privilegiadas para garantir autenticidade e seguran\u00e7a. Descubra fornecedores confi\u00e1veis \u200b\u200bcomo a RCKopen, conhecidos por sua transpar\u00eancia e garantia de qualidade. Ao priorizar a reputa\u00e7\u00e3o do fornecedor, as informa\u00e7\u00f5es do produto, o suporte ao cliente e a conformidade legal, voc\u00ea protege sua experi\u00eancia de compra. A RCKopen se destaca por seu compromisso com a excel\u00eancia e fornece uma fonte confi\u00e1vel de produtos qu\u00edmicos para pesquisa.<\/p>\n<p>Com seus detalhes abrangentes de produtos, suporte \u00e1gil e conformidade com os padr\u00f5es regulat\u00f3rios, <a href=\"https:\/\/rckopen.com\/pt\/\">Rckopen.com<\/a> surge como uma escolha confi\u00e1vel. Navegue no mercado online com confian\u00e7a, sabendo que voc\u00ea est\u00e1 comprando pellets de 4-HO-MIPT 20 mg online de um fornecedor confi\u00e1vel como a RCKopen.<\/p>\n<h3>Topo da forma<\/h3>\n<p>Om <a href=\"https:\/\/en.wikipedia.org\/wiki\/4-MeO-MiPT\">4-HO-MIPT<\/a>-pellets 20mg compre online aut\u00eantico, voc\u00ea d\u00e1 prioridade a fornecedores confi\u00e1veis \u200b\u200bcom garantia de qualidade transparente, m\u00e9todos de pagamento seguros e embalagens discretas. Procure recomenda\u00e7\u00f5es da comunidade, verifique a conformidade legal e desconfie de pre\u00e7os suspeitosamente baixos ou promessas extravagantes. Priorize a seguran\u00e7a pessoal, informe-se sobre os riscos potenciais e tome decis\u00f5es informadas.<\/p>\n<h3>Topo da forma<\/h3>\n<h3>Pellets 4-HO-MIPT 20mg para venda: um resumo<\/h3>\n<p>Ao pesquisar online por pellets aut\u00eanticos de 4-HO-MIPT 20 mg, pode ser dif\u00edcil navegar pela infinidade de fornecedores. No entanto, ao adotar uma abordagem estrat\u00e9gica e considerar fatores-chave, voc\u00ea pode aumentar suas chances de encontrar uma loja confi\u00e1vel de pellets de 4-HO-MIPT 20 mg.<\/p>\n<p>A RCKopen \u00e9 sua loja completa para comprar pellets de 4-HO-MIPT 20 mg online. Com nosso processo de pedido f\u00e1cil, produtos legais e atendimento ao cliente de primeira classe, somos a escolha preferida de pesquisadores em todo o mundo. Visite nosso site hoje mesmo e pe\u00e7a facilmente pellets de 4-HO-MIPT 20 mg online na loja confi\u00e1vel da RCKopen!<\/p>\n<p>Comprar pellets de 4-HO-MIPT 20 mg online nunca foi t\u00e3o f\u00e1cil gra\u00e7as a fornecedores como rckopen.com. Com pre\u00e7os acess\u00edveis, atendimento ao cliente excepcional e produtos de alta qualidade, rckopen.com \u00e9 sua loja completa para todas as suas necessidades qu\u00edmicas de pesquisa. Ent\u00e3o por que esperar? Compre pellets de 4-HO-MIPT 20 mg da rckopen.com hoje mesmo e experimente a conveni\u00eancia das compras online no seu melhor!<\/p>\n<h3>N\u00e3o espere, compre agora!<\/h3>\n<p>Seja voc\u00ea um pesquisador experiente ou um entusiasta curioso, o RCKopen \u00e9 o seu lugar para comprar legalmente pellets de 4-HO-MIPT 20 mg online. Com nosso compromisso com a qualidade, conveni\u00eancia e satisfa\u00e7\u00e3o do cliente, voc\u00ea pode comprar com confian\u00e7a, sabendo que est\u00e1 adquirindo o melhor dos melhores. Pe\u00e7a agora e sinta a diferen\u00e7a do RCKopen!<\/p>\n<p>N\u00e3o perca a chance de explorar o mundo dos produtos qu\u00edmicos de pesquisa com rckopen.com. Compre pellets de 4-HO-MIPT 20 mg online sem receita e descubra as infinitas possibilidades que esperam por voc\u00ea.<br \/>\nLembre-se, quando se trata de comparar pre\u00e7os e encontrar pellets de 4-HO-MET 20 mg acess\u00edveis online, rckopen.com tem tudo o que voc\u00ea precisa. Divirta-se comprando!<\/p>","protected":false},"excerpt":{"rendered":"<p><strong>Nome IUPAC: <\/strong>3-(2-[Isopropil (metil) amino]etil)-1H-indol-4-ol<\/p>\n<p><strong>Outro nome: <\/strong>4-hidroxi-N-metil-N-isopropiltriptamina<\/p>\n<p><strong>Forma: <\/strong>pellets<\/p>\n<p><strong>An\u00e1lise NMR: <\/strong>N\/A<\/p>","protected":false},"featured_media":6675,"comment_status":"open","ping_status":"closed","template":"","meta":{"_joinchat":[]},"product_brand":[],"product_cat":[144],"product_tag":[],"class_list":{"0":"post-6649","1":"product","2":"type-product","3":"status-publish","4":"has-post-thumbnail","6":"product_cat-pellets","8":"first","9":"instock","10":"shipping-taxable","11":"purchasable","12":"product-type-variable"},"yoast_head":"<!-- This site is optimized with the Yoast SEO plugin v26.3 - https:\/\/yoast.com\/wordpress\/plugins\/seo\/ -->\n<title>4-HO-MIPT-Pellets-20MG online kopen - 4-HO-MIPT-Pellets-20MG<\/title>\n<meta name=\"description\" content=\"Wilt u 4-ho-mipt-pellets-20mg online kopen tegen een redelijke prijs? Bezoek onze gerenommeerde RC kopen online winkel en vandaag nog 4-ho-mipt-pellets-20mg te koop. Plaats nu een bestelling en ontvang de beste prijs in onze winkel.\" \/>\n<meta name=\"robots\" content=\"index, follow, max-snippet:-1, max-image-preview:large, max-video-preview:-1\" \/>\n<link rel=\"canonical\" href=\"https:\/\/rckopen.com\/pt\/produto\/4-ho-mipt-pellets-20mg\/\" \/>\n<meta property=\"og:locale\" content=\"pt_PT\" \/>\n<meta property=\"og:type\" content=\"article\" \/>\n<meta property=\"og:title\" content=\"4-HO-MIPT-Pellets-20MG online kopen - 4-HO-MIPT-Pellets-20MG\" \/>\n<meta property=\"og:description\" content=\"Wilt u 4-ho-mipt-pellets-20mg online kopen tegen een redelijke prijs? Bezoek onze gerenommeerde RC kopen online winkel en vandaag nog 4-ho-mipt-pellets-20mg te koop. Plaats nu een bestelling en ontvang de beste prijs in onze winkel.\" \/>\n<meta property=\"og:url\" content=\"https:\/\/rckopen.com\/pt\/produto\/4-ho-mipt-pellets-20mg\/\" \/>\n<meta property=\"og:site_name\" content=\"RC Kopen\" \/>\n<meta property=\"article:modified_time\" content=\"2025-09-16T09:04:16+00:00\" \/>\n<meta property=\"og:image\" content=\"https:\/\/rckopen.com\/wp-content\/uploads\/2023\/08\/4-HO-MIPT-pellets-20mg.jpg\" \/>\n\t<meta property=\"og:image:width\" content=\"600\" \/>\n\t<meta property=\"og:image:height\" content=\"600\" \/>\n\t<meta property=\"og:image:type\" content=\"image\/jpeg\" \/>\n<meta name=\"twitter:card\" content=\"summary_large_image\" \/>\n<meta name=\"twitter:label1\" content=\"Tempo estimado de leitura\" \/>\n\t<meta name=\"twitter:data1\" content=\"3 minutos\" \/>\n<script type=\"application\/ld+json\" class=\"yoast-schema-graph\">{\"@context\":\"https:\/\/schema.org\",\"@graph\":[{\"@type\":\"WebPage\",\"@id\":\"https:\/\/rckopen.com\/product\/4-ho-mipt-pellets-20mg\/\",\"url\":\"https:\/\/rckopen.com\/product\/4-ho-mipt-pellets-20mg\/\",\"name\":\"4-HO-MIPT-Pellets-20MG online kopen - 4-HO-MIPT-Pellets-20MG\",\"isPartOf\":{\"@id\":\"https:\/\/rckopen.com\/#website\"},\"primaryImageOfPage\":{\"@id\":\"https:\/\/rckopen.com\/product\/4-ho-mipt-pellets-20mg\/#primaryimage\"},\"image\":{\"@id\":\"https:\/\/rckopen.com\/product\/4-ho-mipt-pellets-20mg\/#primaryimage\"},\"thumbnailUrl\":\"https:\/\/rckopen.com\/wp-content\/uploads\/2023\/08\/4-HO-MIPT-pellets-20mg.jpg\",\"datePublished\":\"2023-08-17T06:30:34+00:00\",\"dateModified\":\"2025-09-16T09:04:16+00:00\",\"description\":\"Wilt u 4-ho-mipt-pellets-20mg online kopen tegen een redelijke prijs? Bezoek onze gerenommeerde RC kopen online winkel en vandaag nog 4-ho-mipt-pellets-20mg te koop. Plaats nu een bestelling en ontvang de beste prijs in onze winkel.\",\"breadcrumb\":{\"@id\":\"https:\/\/rckopen.com\/product\/4-ho-mipt-pellets-20mg\/#breadcrumb\"},\"inLanguage\":\"pt-PT\",\"potentialAction\":[{\"@type\":\"ReadAction\",\"target\":[\"https:\/\/rckopen.com\/product\/4-ho-mipt-pellets-20mg\/\"]}]},{\"@type\":\"ImageObject\",\"inLanguage\":\"pt-PT\",\"@id\":\"https:\/\/rckopen.com\/product\/4-ho-mipt-pellets-20mg\/#primaryimage\",\"url\":\"https:\/\/rckopen.com\/wp-content\/uploads\/2023\/08\/4-HO-MIPT-pellets-20mg.jpg\",\"contentUrl\":\"https:\/\/rckopen.com\/wp-content\/uploads\/2023\/08\/4-HO-MIPT-pellets-20mg.jpg\",\"width\":600,\"height\":600,\"caption\":\"4-HO-MIPT-pellets-20mg online kopen\"},{\"@type\":\"BreadcrumbList\",\"@id\":\"https:\/\/rckopen.com\/product\/4-ho-mipt-pellets-20mg\/#breadcrumb\",\"itemListElement\":[{\"@type\":\"ListItem\",\"position\":1,\"name\":\"Home\",\"item\":\"https:\/\/rckopen.com\/\"},{\"@type\":\"ListItem\",\"position\":2,\"name\":\"Shop\",\"item\":\"https:\/\/rckopen.com\/shop\/\"},{\"@type\":\"ListItem\",\"position\":3,\"name\":\"4-HO-MIPT pellets 20mg online kopen\"}]},{\"@type\":\"WebSite\",\"@id\":\"https:\/\/rckopen.com\/#website\",\"url\":\"https:\/\/rckopen.com\/\",\"name\":\"RC Kopen\",\"description\":\"Research Chemicals\",\"potentialAction\":[{\"@type\":\"SearchAction\",\"target\":{\"@type\":\"EntryPoint\",\"urlTemplate\":\"https:\/\/rckopen.com\/?s={search_term_string}\"},\"query-input\":{\"@type\":\"PropertyValueSpecification\",\"valueRequired\":true,\"valueName\":\"search_term_string\"}}],\"inLanguage\":\"pt-PT\"}]}<\/script>\n<!-- \/ Yoast SEO plugin. -->","yoast_head_json":{"title":"4-HO-MIPT-Pellets-20MG online kopen - 4-HO-MIPT-Pellets-20MG","description":"Wilt u 4-ho-mipt-pellets-20mg online kopen tegen een redelijke prijs? Bezoek onze gerenommeerde RC kopen online winkel en vandaag nog 4-ho-mipt-pellets-20mg te koop. Plaats nu een bestelling en ontvang de beste prijs in onze winkel.","robots":{"index":"index","follow":"follow","max-snippet":"max-snippet:-1","max-image-preview":"max-image-preview:large","max-video-preview":"max-video-preview:-1"},"canonical":"https:\/\/rckopen.com\/pt\/produto\/4-ho-mipt-pellets-20mg\/","og_locale":"pt_PT","og_type":"article","og_title":"4-HO-MIPT-Pellets-20MG online kopen - 4-HO-MIPT-Pellets-20MG","og_description":"Wilt u 4-ho-mipt-pellets-20mg online kopen tegen een redelijke prijs? Bezoek onze gerenommeerde RC kopen online winkel en vandaag nog 4-ho-mipt-pellets-20mg te koop. Plaats nu een bestelling en ontvang de beste prijs in onze winkel.","og_url":"https:\/\/rckopen.com\/pt\/produto\/4-ho-mipt-pellets-20mg\/","og_site_name":"RC Kopen","article_modified_time":"2025-09-16T09:04:16+00:00","og_image":[{"width":600,"height":600,"url":"https:\/\/rckopen.com\/wp-content\/uploads\/2023\/08\/4-HO-MIPT-pellets-20mg.jpg","type":"image\/jpeg"}],"twitter_card":"summary_large_image","twitter_misc":{"Tempo estimado de leitura":"3 minutos"},"schema":{"@context":"https:\/\/schema.org","@graph":[{"@type":"WebPage","@id":"https:\/\/rckopen.com\/product\/4-ho-mipt-pellets-20mg\/","url":"https:\/\/rckopen.com\/product\/4-ho-mipt-pellets-20mg\/","name":"4-HO-MIPT-Pellets-20MG online kopen - 4-HO-MIPT-Pellets-20MG","isPartOf":{"@id":"https:\/\/rckopen.com\/#website"},"primaryImageOfPage":{"@id":"https:\/\/rckopen.com\/product\/4-ho-mipt-pellets-20mg\/#primaryimage"},"image":{"@id":"https:\/\/rckopen.com\/product\/4-ho-mipt-pellets-20mg\/#primaryimage"},"thumbnailUrl":"https:\/\/rckopen.com\/wp-content\/uploads\/2023\/08\/4-HO-MIPT-pellets-20mg.jpg","datePublished":"2023-08-17T06:30:34+00:00","dateModified":"2025-09-16T09:04:16+00:00","description":"Wilt u 4-ho-mipt-pellets-20mg online kopen tegen een redelijke prijs? Bezoek onze gerenommeerde RC kopen online winkel en vandaag nog 4-ho-mipt-pellets-20mg te koop. Plaats nu een bestelling en ontvang de beste prijs in onze winkel.","breadcrumb":{"@id":"https:\/\/rckopen.com\/product\/4-ho-mipt-pellets-20mg\/#breadcrumb"},"inLanguage":"pt-PT","potentialAction":[{"@type":"ReadAction","target":["https:\/\/rckopen.com\/product\/4-ho-mipt-pellets-20mg\/"]}]},{"@type":"ImageObject","inLanguage":"pt-PT","@id":"https:\/\/rckopen.com\/product\/4-ho-mipt-pellets-20mg\/#primaryimage","url":"https:\/\/rckopen.com\/wp-content\/uploads\/2023\/08\/4-HO-MIPT-pellets-20mg.jpg","contentUrl":"https:\/\/rckopen.com\/wp-content\/uploads\/2023\/08\/4-HO-MIPT-pellets-20mg.jpg","width":600,"height":600,"caption":"4-HO-MIPT-pellets-20mg online kopen"},{"@type":"BreadcrumbList","@id":"https:\/\/rckopen.com\/product\/4-ho-mipt-pellets-20mg\/#breadcrumb","itemListElement":[{"@type":"ListItem","position":1,"name":"Home","item":"https:\/\/rckopen.com\/"},{"@type":"ListItem","position":2,"name":"Shop","item":"https:\/\/rckopen.com\/shop\/"},{"@type":"ListItem","position":3,"name":"4-HO-MIPT pellets 20mg online kopen"}]},{"@type":"WebSite","@id":"https:\/\/rckopen.com\/#website","url":"https:\/\/rckopen.com\/","name":"RC Kopen","description":"Research Chemicals","potentialAction":[{"@type":"SearchAction","target":{"@type":"EntryPoint","urlTemplate":"https:\/\/rckopen.com\/?s={search_term_string}"},"query-input":{"@type":"PropertyValueSpecification","valueRequired":true,"valueName":"search_term_string"}}],"inLanguage":"pt-PT"}]}},"_links":{"self":[{"href":"https:\/\/rckopen.com\/pt\/wp-json\/wp\/v2\/product\/6649","targetHints":{"allow":["GET"]}}],"collection":[{"href":"https:\/\/rckopen.com\/pt\/wp-json\/wp\/v2\/product"}],"about":[{"href":"https:\/\/rckopen.com\/pt\/wp-json\/wp\/v2\/types\/product"}],"replies":[{"embeddable":true,"href":"https:\/\/rckopen.com\/pt\/wp-json\/wp\/v2\/comments?post=6649"}],"wp:featuredmedia":[{"embeddable":true,"href":"https:\/\/rckopen.com\/pt\/wp-json\/wp\/v2\/media\/6675"}],"wp:attachment":[{"href":"https:\/\/rckopen.com\/pt\/wp-json\/wp\/v2\/media?parent=6649"}],"wp:term":[{"taxonomy":"product_brand","embeddable":true,"href":"https:\/\/rckopen.com\/pt\/wp-json\/wp\/v2\/product_brand?post=6649"},{"taxonomy":"product_cat","embeddable":true,"href":"https:\/\/rckopen.com\/pt\/wp-json\/wp\/v2\/product_cat?post=6649"},{"taxonomy":"product_tag","embeddable":true,"href":"https:\/\/rckopen.com\/pt\/wp-json\/wp\/v2\/product_tag?post=6649"}],"curies":[{"name":"wp","href":"https:\/\/api.w.org\/{rel}","templated":true}]}}