{"id":6652,"date":"2023-08-17T06:37:39","date_gmt":"2023-08-17T06:37:39","guid":{"rendered":"https:\/\/diligentplug.com\/chems\/?post_type=product&#038;p=6652"},"modified":"2025-02-03T05:42:48","modified_gmt":"2025-02-03T05:42:48","slug":"bk-2c-b-hcl","status":"publish","type":"product","link":"https:\/\/rckopen.com\/pt\/produto\/bk-2c-b-hcl\/","title":{"rendered":"Compre bk-2C-B HCL online"},"content":{"rendered":"<h2>Compre bk-2C-B HCL online<\/h2>\n<p><a href=\"https:\/\/rckopen.com\/pt\/produto\/bk-2c-b-hcl\/\">comprar BK 2C-B-HCL online<\/a>, \u03b2k-2C-B (Bk-2C-B; 2-Amino-1-(4-bromo-2,5-dimetoxifenil)etan1-ona) \u00e9 um novo composto psicod\u00e9lico. \u00c9 o an\u00e1logo estrutural beta (\u03b2) cetona do 2C-B, uma droga psicod\u00e9lica da fam\u00edlia 2C. \u00c9 usado como droga recreativa, geralmente tomado por via oral. \u03b2k-2C-B \u00e9 uma subst\u00e2ncia controlada no Canad\u00e1, Alemanha, Su\u00ed\u00e7a e Reino Unido.<\/p>\n<h2><strong>Informa\u00e7\u00f5es gerais sobre o bk-2C-B HCL<\/strong><\/h2>\n<p><a href=\"https:\/\/en.wikipedia.org\/wiki\/%CE%92k-2C-B\">bk-2C-B HCL<\/a> \u00e9 um produto qu\u00edmico de pesquisa e planejamento, mais explicitamente uma catinona simples da subst\u00e2ncia controlada 2C-B (2,5-dimetoxi-4-bromofenetilamina), que Alexander Shulgin registrou pela primeira vez. N\u00e3o se sabe quem sintetizou o bk-2C-B pela primeira vez, mas ele j\u00e1 estava dispon\u00edvel como um produto qu\u00edmico para explora\u00e7\u00e3o esportiva em meados de 2013.<a href=\"https:\/\/rckopen.com\/pt\/produto\/25o-nboh\/\">.<\/a><\/p>\n<p>Ao longo dos anos, apareceram alguns artigos que revelaram caracteriza\u00e7\u00f5es anal\u00edticas da subst\u00e2ncia. \u00c9 oferecida em s\u00edtios Web e designada como uma subst\u00e2ncia sint\u00e9tica alucinog\u00e9nica<a href=\"https:\/\/en.wikipedia.org\/wiki\/%CE%92k-2C-B\">.<\/a><\/p>\n<p>Desde 12 de outubro de 2016, o bk-2C-B passou a ser uma subst\u00e2ncia controlada no Canad\u00e1 (Calend\u00e1rio III). \u00c9 tamb\u00e9m ilegal na Alemanha, na Su\u00ed\u00e7a e no Reino Unido.<\/p>\n<h3>Composi\u00e7\u00e3o qu\u00edmica do bk-2C-B HCL<\/h3>\n<p>O seu nome convencional \u00e9 2-amino-1-(4-bromo-2,5-dimetoxifenil)-etanona, monocloridrato, e a sua equa\u00e7\u00e3o subat\u00f3mica \u00e9 C10H12BrNO3 - HCl.<\/p>\n<p>O Bk-2C-B \u00e9 uma fenetilamina substitu\u00edda. Destaca os substituintes metoxi em R2 e R5 e bromo em R4. Est\u00e1 dispon\u00edvel um grupo cetona na posi\u00e7\u00e3o beta (\u03b2) do grupo amina \u00fatil associado ao carbono alfa (\u03b1), o que leva o nome a indicar que se trata de uma forma prim\u00e1ria de 2C-B. Devido \u00e0 sua \u00fatil cole\u00e7\u00e3o de cetonas, \u00e9 frequentemente designada por catinona substitu\u00edda.<\/p>\n<h3>Farmacologia bk-2C-B HCL<\/h3>\n<p>O Bk-2C-B actua provavelmente como um meio agonista 5-HT2A. Presume-se que os seus efeitos psicad\u00e9licos prov\u00eam da sua viabilidade nos receptores 5-HT2A. No entanto, a tarefa destes compostos e a forma como desencadeiam a experi\u00eancia psicad\u00e9lica permanecem indefinidas.<\/p>\n<p>O Bk-2C-B, ou beta-keto 2C-B, \u00e9 uma fenetilamina submarcada que enfatiza um anel fen\u00edlico ligado a um grupo amino (NH2) atrav\u00e9s de uma cadeia et\u00edlica. O Bk-2C-B inclui o desenho do 2C-B subbed com um feixe de cetona ao carbono beta da estrutura (R1). Al\u00e9m disso, o bk-2C-B inclui conjuntos metoxi-utilit\u00e1rios CH3O ligados aos \u00e1tomos de carbono R2 e R5 e uma mol\u00e9cula de bromo ligada ao carbono R4 do anel fen\u00edlico.<\/p>\n<p>O Bk-2C-B faz parte do grupo 2C de fenetilaminas que cont\u00eam metoxilas nas posi\u00e7\u00f5es 2-5 do anel benz\u00e9nico.<\/p>\n<h3>HCL bk-2C-B de alta qualidade<\/h3>\n<p><a href=\"https:\/\/rckopen.com\/pt\/\">rckopen.com<\/a> tem muitos anos de experi\u00eancia no setor de design de produtos qu\u00edmicos para pesquisa, o que nos permite garantir a mais alta qualidade desses produtos qu\u00edmicos para pesquisa. A equipe de pesquisa qu\u00edmica vende bk-2C-B HCL. Produtos qu\u00edmicos de pesquisa, incluindo bk-2C-B HCLs, atendem a todos os requisitos de seguran\u00e7a. Os produtos qu\u00edmicos de pesquisa s\u00e3o cuidadosamente distribu\u00eddos e armazenados em local fresco e seco.<\/p>\n<p>Todos os produtos s\u00e3o sujeitos a controlos regulares de qualidade, pureza e seguran\u00e7a. Guardar sempre o bk-2C-B HCL \u00e0 temperatura ambiente e fora do alcance de crian\u00e7as e animais dom\u00e9sticos. O nosso bk-2C-B HCL n\u00e3o se destina a uso pessoal. Destina-se apenas a fins de investiga\u00e7\u00e3o.<\/p>\n<p>N\u00e3o deve ser misturado com \u00e1lcool ou produtos qu\u00edmicos de investiga\u00e7\u00e3o quando se examina este produto qu\u00edmico de investiga\u00e7\u00e3o!<\/p>\n<p>Todos os nossos produtos t\u00eam um pre\u00e7o justo!<\/p>\n<p>Testes laboratoriais do bk-2C-B HCL com resultados.<\/p>\n<p>Faz progressos renovados no sentido da satisfa\u00e7\u00e3o global dos seus clientes. V\u00e1rios inqu\u00e9ritos demonstraram que os clientes solicitam tantos dados quanto o esperado antes de comprarem produtos qu\u00edmicos de investiga\u00e7\u00e3o sint\u00e9ticos. Al\u00e9m disso, publicamos todas as consequ\u00eancias laboratoriais de cada produto qu\u00edmico de investiga\u00e7\u00e3o num registo PDF.<\/p>\n<p>O nosso p\u00f3 de bk-2C-B HCL cumpre consistentemente os ingredientes activos e \u00e9 claro para todos verem.<\/p>\n<p>Distribu\u00edmos todas as consequ\u00eancias laboratoriais de cada produto qu\u00edmico de investiga\u00e7\u00e3o num documento PDF.<\/p>\n<h3>Encomenda segura em bk-2C-B HCL.<\/h3>\n<p>Os produtos qu\u00edmicos de investiga\u00e7\u00e3o da RC Kopen s\u00e3o de excelente qualidade e t\u00eam um pre\u00e7o justo. Por conseguinte, garantimos que, quando solicitar os seus produtos qu\u00edmicos de investiga\u00e7\u00e3o \u00e0 RC Kopen, entregaremos o seu pedido em sua casa de forma r\u00e1pida e segura, uma vez que as vendas de produtos qu\u00edmicos de investiga\u00e7\u00e3o est\u00e3o sempre dispon\u00edveis na RC Kopen.<\/p>\n<p>Solicitar compostos de investiga\u00e7\u00e3o sint\u00e9ticos com Bitcoin ou transfer\u00eancia banc\u00e1ria \u00e9 f\u00e1cil na RC Kopen.<\/p>\n<p>Enviamos o p\u00f3 para produtos qu\u00edmicos de investiga\u00e7\u00e3o no mesmo dia \u00fatil se o pagamento for recebido antes das 15:00 CEST.<\/p>\n<p>N\u00e3o fornecemos itens para pe BK 2C-B-HCL comprar online \u2013 BK 2C-B-HCL para venda | Compradores de RC menores de 18 anos!<\/p>\n<p>A venda de produtos qu\u00edmicos para investiga\u00e7\u00e3o destina-se apenas a fins de investiga\u00e7\u00e3o.<\/p>\n<h3>Expedi\u00e7\u00e3o discreta de produtos qu\u00edmicos para investiga\u00e7\u00e3o.<\/h3>\n<p>A RC Kopen embala a sua encomenda de forma segura e protegida para garantir um transporte correto. Al\u00e9m disso, embalamos de forma perfeitamente discreta, e nada \u00e9 mostrado no exterior do que poder\u00e1 estar no interior.<\/p>\n<h3><strong>Precau\u00e7\u00f5es<\/strong><\/h3>\n<ul>\n<li>Comprar bk-2C-B HCL o equipamento de prote\u00e7\u00e3o individual adequado, como \u00f3culos de prote\u00e7\u00e3o e luvas. Limpa-os e cuida deles adequadamente. Seguir sistemas seguros no manuseamento de produtos qu\u00edmicos de investiga\u00e7\u00e3o e n\u00e3o tomar atalhos.<\/li>\n<li>Se a subst\u00e2ncia em estudo entrar em contacto com os olhos, enxaguar bem e retirar as lentes de contacto, se necess\u00e1rio.<\/li>\n<li>Ao utilizar estes produtos qu\u00edmicos, tente usar uma m\u00e1scara para que n\u00e3o entrem em contacto consigo enquanto respira.<\/li>\n<li>Tal como os m\u00e9todos suportados indicam, manusear, armazenar e eliminar as subst\u00e2ncias perigosas de forma segura. Nunca as deitar nos esgotos ou canais.<\/li>\n<li>Armazenar corretamente os produtos qu\u00edmicos de investiga\u00e7\u00e3o, tal como indicado pelo seu nome. Os produtos qu\u00edmicos inflam\u00e1veis devem ser armazenados em can\u00e1bis excelentes e secos, longe da intensidade e da luz do dia. Alguns pl\u00e1sticos, como os \u00e1cidos, devem ser armazenados de forma aut\u00f3noma.<\/li>\n<li>RC Buy oferecido para fins de investiga\u00e7\u00e3o; consumo humano estritamente proibido.<\/li>\n<\/ul>","protected":false},"excerpt":{"rendered":"<p><strong>Nome IUPAC:<\/strong><\/p>\n<p>2-amino-1-(4-bromo-2,5-dimetoxifenil)-etanona, monocloridrato<\/p>\n<p><strong>CAS #<\/strong><\/p>\n<p>807631-09-0<\/p>\n<p><strong>Outro nome:<\/strong><\/p>\n<p>bk-4-Bromo-2,5-dimetoxifenetilamina<\/p>\n<p><strong>Apar\u00eancia:<\/strong><\/p>\n<p>p\u00f3<\/p>\n<p><strong>Forma:<\/strong><\/p>\n<p>HCL<\/p>\n<p><strong>An\u00e1lise NMR:<\/strong><\/p>\n<p>C10H12BrNO3<\/p>","protected":false},"featured_media":6680,"comment_status":"open","ping_status":"closed","template":"","meta":{"_joinchat":[]},"product_brand":[],"product_cat":[145],"product_tag":[],"class_list":{"0":"post-6652","1":"product","2":"type-product","3":"status-publish","4":"has-post-thumbnail","6":"product_cat-fenethylamine-derivaten","8":"first","9":"instock","10":"shipping-taxable","11":"purchasable","12":"product-type-variable"},"yoast_head":"<!-- This site is optimized with the Yoast SEO plugin v26.3 - https:\/\/yoast.com\/wordpress\/plugins\/seo\/ -->\n<title>BK 2C-B-HCL online kopen - BK 2C-B-HCL te koop | RC Kopen<\/title>\n<meta name=\"description\" content=\"Uw bestelling voor bk 2c-b-hcl te koop is onze verantwoordelijkheid. Wij zullen uw bestelling voor de aankoop van bk 2c-b-hcl in overweging nemen en u binnen korte tijd bereiken. Plaats nu bulkbestellingen!\" \/>\n<meta name=\"robots\" content=\"index, follow, max-snippet:-1, max-image-preview:large, max-video-preview:-1\" \/>\n<link rel=\"canonical\" href=\"https:\/\/rckopen.com\/pt\/produto\/bk-2c-b-hcl\/\" \/>\n<meta property=\"og:locale\" content=\"pt_PT\" \/>\n<meta property=\"og:type\" content=\"article\" \/>\n<meta property=\"og:title\" content=\"BK 2C-B-HCL online kopen - BK 2C-B-HCL te koop | RC Kopen\" \/>\n<meta property=\"og:description\" content=\"Uw bestelling voor bk 2c-b-hcl te koop is onze verantwoordelijkheid. Wij zullen uw bestelling voor de aankoop van bk 2c-b-hcl in overweging nemen en u binnen korte tijd bereiken. Plaats nu bulkbestellingen!\" \/>\n<meta property=\"og:url\" content=\"https:\/\/rckopen.com\/pt\/produto\/bk-2c-b-hcl\/\" \/>\n<meta property=\"og:site_name\" content=\"RC Kopen\" \/>\n<meta property=\"article:modified_time\" content=\"2025-02-03T05:42:48+00:00\" \/>\n<meta property=\"og:image\" content=\"https:\/\/rckopen.com\/wp-content\/uploads\/2023\/08\/bk-2C-B-HCL.jpg\" \/>\n\t<meta property=\"og:image:width\" content=\"600\" \/>\n\t<meta property=\"og:image:height\" content=\"600\" \/>\n\t<meta property=\"og:image:type\" content=\"image\/jpeg\" \/>\n<meta name=\"twitter:card\" content=\"summary_large_image\" \/>\n<meta name=\"twitter:label1\" content=\"Tempo estimado de leitura\" \/>\n\t<meta name=\"twitter:data1\" content=\"4 minutos\" \/>\n<script type=\"application\/ld+json\" class=\"yoast-schema-graph\">{\"@context\":\"https:\/\/schema.org\",\"@graph\":[{\"@type\":\"WebPage\",\"@id\":\"https:\/\/rckopen.com\/product\/bk-2c-b-hcl\/\",\"url\":\"https:\/\/rckopen.com\/product\/bk-2c-b-hcl\/\",\"name\":\"BK 2C-B-HCL online kopen - BK 2C-B-HCL te koop | RC Kopen\",\"isPartOf\":{\"@id\":\"https:\/\/rckopen.com\/#website\"},\"primaryImageOfPage\":{\"@id\":\"https:\/\/rckopen.com\/product\/bk-2c-b-hcl\/#primaryimage\"},\"image\":{\"@id\":\"https:\/\/rckopen.com\/product\/bk-2c-b-hcl\/#primaryimage\"},\"thumbnailUrl\":\"https:\/\/rckopen.com\/wp-content\/uploads\/2023\/08\/bk-2C-B-HCL.jpg\",\"datePublished\":\"2023-08-17T06:37:39+00:00\",\"dateModified\":\"2025-02-03T05:42:48+00:00\",\"description\":\"Uw bestelling voor bk 2c-b-hcl te koop is onze verantwoordelijkheid. Wij zullen uw bestelling voor de aankoop van bk 2c-b-hcl in overweging nemen en u binnen korte tijd bereiken. Plaats nu bulkbestellingen!\",\"breadcrumb\":{\"@id\":\"https:\/\/rckopen.com\/product\/bk-2c-b-hcl\/#breadcrumb\"},\"inLanguage\":\"pt-PT\",\"potentialAction\":[{\"@type\":\"ReadAction\",\"target\":[\"https:\/\/rckopen.com\/product\/bk-2c-b-hcl\/\"]}]},{\"@type\":\"ImageObject\",\"inLanguage\":\"pt-PT\",\"@id\":\"https:\/\/rckopen.com\/product\/bk-2c-b-hcl\/#primaryimage\",\"url\":\"https:\/\/rckopen.com\/wp-content\/uploads\/2023\/08\/bk-2C-B-HCL.jpg\",\"contentUrl\":\"https:\/\/rckopen.com\/wp-content\/uploads\/2023\/08\/bk-2C-B-HCL.jpg\",\"width\":600,\"height\":600,\"caption\":\"bk-2C-B-HCL online kopen\"},{\"@type\":\"BreadcrumbList\",\"@id\":\"https:\/\/rckopen.com\/product\/bk-2c-b-hcl\/#breadcrumb\",\"itemListElement\":[{\"@type\":\"ListItem\",\"position\":1,\"name\":\"Home\",\"item\":\"https:\/\/rckopen.com\/\"},{\"@type\":\"ListItem\",\"position\":2,\"name\":\"Shop\",\"item\":\"https:\/\/rckopen.com\/shop\/\"},{\"@type\":\"ListItem\",\"position\":3,\"name\":\"bk-2C-B HCL online kopen\"}]},{\"@type\":\"WebSite\",\"@id\":\"https:\/\/rckopen.com\/#website\",\"url\":\"https:\/\/rckopen.com\/\",\"name\":\"RC Kopen\",\"description\":\"Research Chemicals\",\"potentialAction\":[{\"@type\":\"SearchAction\",\"target\":{\"@type\":\"EntryPoint\",\"urlTemplate\":\"https:\/\/rckopen.com\/?s={search_term_string}\"},\"query-input\":{\"@type\":\"PropertyValueSpecification\",\"valueRequired\":true,\"valueName\":\"search_term_string\"}}],\"inLanguage\":\"pt-PT\"}]}<\/script>\n<!-- \/ Yoast SEO plugin. -->","yoast_head_json":{"title":"BK 2C-B-HCL online kopen - BK 2C-B-HCL te koop | RC Kopen","description":"Uw bestelling voor bk 2c-b-hcl te koop is onze verantwoordelijkheid. Wij zullen uw bestelling voor de aankoop van bk 2c-b-hcl in overweging nemen en u binnen korte tijd bereiken. Plaats nu bulkbestellingen!","robots":{"index":"index","follow":"follow","max-snippet":"max-snippet:-1","max-image-preview":"max-image-preview:large","max-video-preview":"max-video-preview:-1"},"canonical":"https:\/\/rckopen.com\/pt\/produto\/bk-2c-b-hcl\/","og_locale":"pt_PT","og_type":"article","og_title":"BK 2C-B-HCL online kopen - BK 2C-B-HCL te koop | RC Kopen","og_description":"Uw bestelling voor bk 2c-b-hcl te koop is onze verantwoordelijkheid. Wij zullen uw bestelling voor de aankoop van bk 2c-b-hcl in overweging nemen en u binnen korte tijd bereiken. Plaats nu bulkbestellingen!","og_url":"https:\/\/rckopen.com\/pt\/produto\/bk-2c-b-hcl\/","og_site_name":"RC Kopen","article_modified_time":"2025-02-03T05:42:48+00:00","og_image":[{"width":600,"height":600,"url":"https:\/\/rckopen.com\/wp-content\/uploads\/2023\/08\/bk-2C-B-HCL.jpg","type":"image\/jpeg"}],"twitter_card":"summary_large_image","twitter_misc":{"Tempo estimado de leitura":"4 minutos"},"schema":{"@context":"https:\/\/schema.org","@graph":[{"@type":"WebPage","@id":"https:\/\/rckopen.com\/product\/bk-2c-b-hcl\/","url":"https:\/\/rckopen.com\/product\/bk-2c-b-hcl\/","name":"BK 2C-B-HCL online kopen - BK 2C-B-HCL te koop | RC Kopen","isPartOf":{"@id":"https:\/\/rckopen.com\/#website"},"primaryImageOfPage":{"@id":"https:\/\/rckopen.com\/product\/bk-2c-b-hcl\/#primaryimage"},"image":{"@id":"https:\/\/rckopen.com\/product\/bk-2c-b-hcl\/#primaryimage"},"thumbnailUrl":"https:\/\/rckopen.com\/wp-content\/uploads\/2023\/08\/bk-2C-B-HCL.jpg","datePublished":"2023-08-17T06:37:39+00:00","dateModified":"2025-02-03T05:42:48+00:00","description":"Uw bestelling voor bk 2c-b-hcl te koop is onze verantwoordelijkheid. Wij zullen uw bestelling voor de aankoop van bk 2c-b-hcl in overweging nemen en u binnen korte tijd bereiken. Plaats nu bulkbestellingen!","breadcrumb":{"@id":"https:\/\/rckopen.com\/product\/bk-2c-b-hcl\/#breadcrumb"},"inLanguage":"pt-PT","potentialAction":[{"@type":"ReadAction","target":["https:\/\/rckopen.com\/product\/bk-2c-b-hcl\/"]}]},{"@type":"ImageObject","inLanguage":"pt-PT","@id":"https:\/\/rckopen.com\/product\/bk-2c-b-hcl\/#primaryimage","url":"https:\/\/rckopen.com\/wp-content\/uploads\/2023\/08\/bk-2C-B-HCL.jpg","contentUrl":"https:\/\/rckopen.com\/wp-content\/uploads\/2023\/08\/bk-2C-B-HCL.jpg","width":600,"height":600,"caption":"bk-2C-B-HCL online kopen"},{"@type":"BreadcrumbList","@id":"https:\/\/rckopen.com\/product\/bk-2c-b-hcl\/#breadcrumb","itemListElement":[{"@type":"ListItem","position":1,"name":"Home","item":"https:\/\/rckopen.com\/"},{"@type":"ListItem","position":2,"name":"Shop","item":"https:\/\/rckopen.com\/shop\/"},{"@type":"ListItem","position":3,"name":"bk-2C-B HCL online kopen"}]},{"@type":"WebSite","@id":"https:\/\/rckopen.com\/#website","url":"https:\/\/rckopen.com\/","name":"RC Kopen","description":"Research Chemicals","potentialAction":[{"@type":"SearchAction","target":{"@type":"EntryPoint","urlTemplate":"https:\/\/rckopen.com\/?s={search_term_string}"},"query-input":{"@type":"PropertyValueSpecification","valueRequired":true,"valueName":"search_term_string"}}],"inLanguage":"pt-PT"}]}},"_links":{"self":[{"href":"https:\/\/rckopen.com\/pt\/wp-json\/wp\/v2\/product\/6652","targetHints":{"allow":["GET"]}}],"collection":[{"href":"https:\/\/rckopen.com\/pt\/wp-json\/wp\/v2\/product"}],"about":[{"href":"https:\/\/rckopen.com\/pt\/wp-json\/wp\/v2\/types\/product"}],"replies":[{"embeddable":true,"href":"https:\/\/rckopen.com\/pt\/wp-json\/wp\/v2\/comments?post=6652"}],"wp:featuredmedia":[{"embeddable":true,"href":"https:\/\/rckopen.com\/pt\/wp-json\/wp\/v2\/media\/6680"}],"wp:attachment":[{"href":"https:\/\/rckopen.com\/pt\/wp-json\/wp\/v2\/media?parent=6652"}],"wp:term":[{"taxonomy":"product_brand","embeddable":true,"href":"https:\/\/rckopen.com\/pt\/wp-json\/wp\/v2\/product_brand?post=6652"},{"taxonomy":"product_cat","embeddable":true,"href":"https:\/\/rckopen.com\/pt\/wp-json\/wp\/v2\/product_cat?post=6652"},{"taxonomy":"product_tag","embeddable":true,"href":"https:\/\/rckopen.com\/pt\/wp-json\/wp\/v2\/product_tag?post=6652"}],"curies":[{"name":"wp","href":"https:\/\/api.w.org\/{rel}","templated":true}]}}