{"id":6657,"date":"2023-08-17T07:26:59","date_gmt":"2023-08-17T07:26:59","guid":{"rendered":"https:\/\/diligentplug.com\/chems\/?post_type=product&#038;p=6657"},"modified":"2025-02-04T04:01:12","modified_gmt":"2025-02-04T04:01:12","slug":"hdmp-28","status":"publish","type":"product","link":"https:\/\/rckopen.com\/pt\/produto\/hdmp-28\/","title":{"rendered":"Compre HDMP-28 online"},"content":{"rendered":"<h2>Onde comprar HDMP-28 online: um guia para encontrar fornecedores de qualidade e evitar fraudes<\/h2>\n<p>Voc\u00ea quer <a href=\"https:\/\/rckopen.com\/pt\/produto\/hdmp-28\/\">HDMP-28 on-line<\/a> comprando, mas n\u00e3o sabe por onde come\u00e7ar? Voc\u00ea n\u00e3o est\u00e1 sozinho. Com a crescente demanda por produtos qu\u00edmicos de pesquisa como o HDMP-28, \u00e9 essencial saber como encontrar fornecedores confi\u00e1veis \u200b\u200be evitar golpes. Aqui est\u00e1 um guia pr\u00e1tico para ajudar voc\u00ea em sua busca para que voc\u00ea tenha certeza de que est\u00e1 comprando HDMP-28 legalmente.<\/p>\n<h3>HDMP-28 compreender<\/h3>\n<p>Antes de entrarmos em onde n\u00f3s <a href=\"https:\/\/en.wikipedia.org\/wiki\/HDMP-28\">HDMP-28<\/a> Antes de podermos compr\u00e1-lo, precisamos entender brevemente o que \u00e9. HDMP-28, tamb\u00e9m conhecido como metilnaftidato, \u00e9 um produto qu\u00edmico de pesquisa conhecido por suas propriedades estimulantes. Pesquisadores costumam us\u00e1-lo para estudos em v\u00e1rios campos.<\/p>\n<h3>Encontrar fornecedores de qualidade<\/h3>\n<p>1. Pesquisa exaustiva: Comece por pesquisar fornecedores reputados de HDMP-28 para venda. Procure fornecedores com um historial comprovado de fornecimento de produtos de alta qualidade.<\/p>\n<p>2. Verificar as cr\u00edticas: As opini\u00f5es dos clientes s\u00e3o inestim\u00e1veis. Procure o feedback de compradores anteriores para avaliar a fiabilidade e a qualidade do fornecedor. Comprar HDMP-28 apenas a n\u00f3s no Reino Unido.<\/p>\n<p>3. Verificar a legitimidade: Assegurar que o fornecedor cumpre os requisitos legais relativos \u00e0 venda de produtos qu\u00edmicos para investiga\u00e7\u00e3o. Os fornecedores leg\u00edtimos necessitam de documenta\u00e7\u00e3o adequada e cumprem os protocolos legais.<\/p>\n<p>Evitar as burlas<br \/>\n1. Cuidado com as afirma\u00e7\u00f5es irrealistas: Se um fornecedor prometer resultados irrealistas ou afirmar que o seu produto pode curar doen\u00e7as, deve proceder com cautela. Os fornecedores genu\u00ednos fornecem informa\u00e7\u00f5es exactas sobre os seus produtos.<\/p>\n<p>2. Verifique os m\u00e9todos de pagamento: Os fornecedores leg\u00edtimos oferecem m\u00e9todos de pagamento seguros. Evite os fornecedores que insistem em m\u00e9todos de pagamento pouco convencionais ou que exigem um pagamento adiantado sem garantias.<\/p>\n<p>3. Procure sinais de alerta: confie nos seus instintos. Se algo n\u00e3o parecer certo num fornecedor ou no seu s\u00edtio Web, investigue outras op\u00e7\u00f5es para evitar poss\u00edveis fraudes.<\/p>\n<h2>HDMP-28 veilig en legaal online kopen<\/h2>\n<p>Agora que voc\u00ea tem conhecimento para encontrar fornecedores confi\u00e1veis \u200b\u200be evitar golpes, \u00e9 hora de fazer sua compra. Visita <a href=\"https:\/\/rckopen.com\/pt\/\">RCKopen<\/a> para uma experi\u00eancia de compra sem complica\u00e7\u00f5es. Com uma reputa\u00e7\u00e3o de excel\u00eancia e um compromisso com a satisfa\u00e7\u00e3o do cliente, a RCKOpen oferece o HDMP-28 para venda legalmente e sem receita m\u00e9dica.<\/p>\n<p>Encontrar fornecedores de qualidade e evitar fraudes ao comprar HDMP-28 online \u00e9 crucial para um esfor\u00e7o de pesquisa seguro e bem-sucedido. Seguindo as directrizes acima e escolhendo um fornecedor de confian\u00e7a como a RCKOpen, pode comprar HDMP-28 com confian\u00e7a e come\u00e7ar a sua jornada de investiga\u00e7\u00e3o com tranquilidade. Comece a sua explora\u00e7\u00e3o hoje e desbloqueie o potencial do HDMP-28 para o seu estudo.<\/p>\n<p>Lembre-se: quando se trata de comprar HDMP-28, escolha fiabilidade, escolha legalidade, escolha RCKOpen.<\/p>","protected":false},"excerpt":{"rendered":"<p><strong>Nome IUPAC: <\/strong>(2R)-2-naftil[(2R)-2-piperidinil]acetato de metilo<\/p>\n<p><strong>CAS # <\/strong>219915-69-2<\/p>\n<p><strong>Apar\u00eancia: <\/strong>p\u00f3<\/p>\n<p><strong>An\u00e1lise NMR: <\/strong>C18H21NO2<\/p>","protected":false},"featured_media":6684,"comment_status":"open","ping_status":"closed","template":"","meta":{"_joinchat":[]},"product_brand":[],"product_cat":[147],"product_tag":[],"class_list":{"0":"post-6657","1":"product","2":"type-product","3":"status-publish","4":"has-post-thumbnail","6":"product_cat-piperidinen","8":"first","9":"instock","10":"shipping-taxable","11":"purchasable","12":"product-type-variable"},"yoast_head":"<!-- This site is optimized with the Yoast SEO plugin v26.3 - https:\/\/yoast.com\/wordpress\/plugins\/seo\/ -->\n<title>HDMP-28 online kopen - HDMP-28 te koop | RC Kopen<\/title>\n<meta name=\"description\" content=\"U kunt HDMP-28 te koop krijgen in onze winkel en zonder problemen bij u thuis krijgen. Wij helpen u HDMP-28 online kopen. Bestel nu!\" \/>\n<meta name=\"robots\" content=\"index, follow, max-snippet:-1, max-image-preview:large, max-video-preview:-1\" \/>\n<link rel=\"canonical\" href=\"https:\/\/rckopen.com\/pt\/produto\/hdmp-28\/\" \/>\n<meta property=\"og:locale\" content=\"pt_PT\" \/>\n<meta property=\"og:type\" content=\"article\" \/>\n<meta property=\"og:title\" content=\"HDMP-28 online kopen - HDMP-28 te koop | RC Kopen\" \/>\n<meta property=\"og:description\" content=\"U kunt HDMP-28 te koop krijgen in onze winkel en zonder problemen bij u thuis krijgen. Wij helpen u HDMP-28 online kopen. Bestel nu!\" \/>\n<meta property=\"og:url\" content=\"https:\/\/rckopen.com\/pt\/produto\/hdmp-28\/\" \/>\n<meta property=\"og:site_name\" content=\"RC Kopen\" \/>\n<meta property=\"article:modified_time\" content=\"2025-02-04T04:01:12+00:00\" \/>\n<meta property=\"og:image\" content=\"https:\/\/rckopen.com\/wp-content\/uploads\/2023\/08\/HDMP-28.jpg\" \/>\n\t<meta property=\"og:image:width\" content=\"600\" \/>\n\t<meta property=\"og:image:height\" content=\"600\" \/>\n\t<meta property=\"og:image:type\" content=\"image\/jpeg\" \/>\n<meta name=\"twitter:card\" content=\"summary_large_image\" \/>\n<meta name=\"twitter:label1\" content=\"Tempo estimado de leitura\" \/>\n\t<meta name=\"twitter:data1\" content=\"3 minutos\" \/>\n<script type=\"application\/ld+json\" class=\"yoast-schema-graph\">{\"@context\":\"https:\/\/schema.org\",\"@graph\":[{\"@type\":\"WebPage\",\"@id\":\"https:\/\/rckopen.com\/product\/hdmp-28\/\",\"url\":\"https:\/\/rckopen.com\/product\/hdmp-28\/\",\"name\":\"HDMP-28 online kopen - HDMP-28 te koop | RC Kopen\",\"isPartOf\":{\"@id\":\"https:\/\/rckopen.com\/#website\"},\"primaryImageOfPage\":{\"@id\":\"https:\/\/rckopen.com\/product\/hdmp-28\/#primaryimage\"},\"image\":{\"@id\":\"https:\/\/rckopen.com\/product\/hdmp-28\/#primaryimage\"},\"thumbnailUrl\":\"https:\/\/rckopen.com\/wp-content\/uploads\/2023\/08\/HDMP-28.jpg\",\"datePublished\":\"2023-08-17T07:26:59+00:00\",\"dateModified\":\"2025-02-04T04:01:12+00:00\",\"description\":\"U kunt HDMP-28 te koop krijgen in onze winkel en zonder problemen bij u thuis krijgen. Wij helpen u HDMP-28 online kopen. Bestel nu!\",\"breadcrumb\":{\"@id\":\"https:\/\/rckopen.com\/product\/hdmp-28\/#breadcrumb\"},\"inLanguage\":\"pt-PT\",\"potentialAction\":[{\"@type\":\"ReadAction\",\"target\":[\"https:\/\/rckopen.com\/product\/hdmp-28\/\"]}]},{\"@type\":\"ImageObject\",\"inLanguage\":\"pt-PT\",\"@id\":\"https:\/\/rckopen.com\/product\/hdmp-28\/#primaryimage\",\"url\":\"https:\/\/rckopen.com\/wp-content\/uploads\/2023\/08\/HDMP-28.jpg\",\"contentUrl\":\"https:\/\/rckopen.com\/wp-content\/uploads\/2023\/08\/HDMP-28.jpg\",\"width\":600,\"height\":600,\"caption\":\"HDMP-28 online kopen\"},{\"@type\":\"BreadcrumbList\",\"@id\":\"https:\/\/rckopen.com\/product\/hdmp-28\/#breadcrumb\",\"itemListElement\":[{\"@type\":\"ListItem\",\"position\":1,\"name\":\"Home\",\"item\":\"https:\/\/rckopen.com\/\"},{\"@type\":\"ListItem\",\"position\":2,\"name\":\"Shop\",\"item\":\"https:\/\/rckopen.com\/shop\/\"},{\"@type\":\"ListItem\",\"position\":3,\"name\":\"HDMP-28 online kopen\"}]},{\"@type\":\"WebSite\",\"@id\":\"https:\/\/rckopen.com\/#website\",\"url\":\"https:\/\/rckopen.com\/\",\"name\":\"RC Kopen\",\"description\":\"Research Chemicals\",\"potentialAction\":[{\"@type\":\"SearchAction\",\"target\":{\"@type\":\"EntryPoint\",\"urlTemplate\":\"https:\/\/rckopen.com\/?s={search_term_string}\"},\"query-input\":{\"@type\":\"PropertyValueSpecification\",\"valueRequired\":true,\"valueName\":\"search_term_string\"}}],\"inLanguage\":\"pt-PT\"}]}<\/script>\n<!-- \/ Yoast SEO plugin. -->","yoast_head_json":{"title":"HDMP-28 online kopen - HDMP-28 te koop | RC Kopen","description":"U kunt HDMP-28 te koop krijgen in onze winkel en zonder problemen bij u thuis krijgen. Wij helpen u HDMP-28 online kopen. Bestel nu!","robots":{"index":"index","follow":"follow","max-snippet":"max-snippet:-1","max-image-preview":"max-image-preview:large","max-video-preview":"max-video-preview:-1"},"canonical":"https:\/\/rckopen.com\/pt\/produto\/hdmp-28\/","og_locale":"pt_PT","og_type":"article","og_title":"HDMP-28 online kopen - HDMP-28 te koop | RC Kopen","og_description":"U kunt HDMP-28 te koop krijgen in onze winkel en zonder problemen bij u thuis krijgen. Wij helpen u HDMP-28 online kopen. Bestel nu!","og_url":"https:\/\/rckopen.com\/pt\/produto\/hdmp-28\/","og_site_name":"RC Kopen","article_modified_time":"2025-02-04T04:01:12+00:00","og_image":[{"width":600,"height":600,"url":"https:\/\/rckopen.com\/wp-content\/uploads\/2023\/08\/HDMP-28.jpg","type":"image\/jpeg"}],"twitter_card":"summary_large_image","twitter_misc":{"Tempo estimado de leitura":"3 minutos"},"schema":{"@context":"https:\/\/schema.org","@graph":[{"@type":"WebPage","@id":"https:\/\/rckopen.com\/product\/hdmp-28\/","url":"https:\/\/rckopen.com\/product\/hdmp-28\/","name":"HDMP-28 online kopen - HDMP-28 te koop | RC Kopen","isPartOf":{"@id":"https:\/\/rckopen.com\/#website"},"primaryImageOfPage":{"@id":"https:\/\/rckopen.com\/product\/hdmp-28\/#primaryimage"},"image":{"@id":"https:\/\/rckopen.com\/product\/hdmp-28\/#primaryimage"},"thumbnailUrl":"https:\/\/rckopen.com\/wp-content\/uploads\/2023\/08\/HDMP-28.jpg","datePublished":"2023-08-17T07:26:59+00:00","dateModified":"2025-02-04T04:01:12+00:00","description":"U kunt HDMP-28 te koop krijgen in onze winkel en zonder problemen bij u thuis krijgen. Wij helpen u HDMP-28 online kopen. Bestel nu!","breadcrumb":{"@id":"https:\/\/rckopen.com\/product\/hdmp-28\/#breadcrumb"},"inLanguage":"pt-PT","potentialAction":[{"@type":"ReadAction","target":["https:\/\/rckopen.com\/product\/hdmp-28\/"]}]},{"@type":"ImageObject","inLanguage":"pt-PT","@id":"https:\/\/rckopen.com\/product\/hdmp-28\/#primaryimage","url":"https:\/\/rckopen.com\/wp-content\/uploads\/2023\/08\/HDMP-28.jpg","contentUrl":"https:\/\/rckopen.com\/wp-content\/uploads\/2023\/08\/HDMP-28.jpg","width":600,"height":600,"caption":"HDMP-28 online kopen"},{"@type":"BreadcrumbList","@id":"https:\/\/rckopen.com\/product\/hdmp-28\/#breadcrumb","itemListElement":[{"@type":"ListItem","position":1,"name":"Home","item":"https:\/\/rckopen.com\/"},{"@type":"ListItem","position":2,"name":"Shop","item":"https:\/\/rckopen.com\/shop\/"},{"@type":"ListItem","position":3,"name":"HDMP-28 online kopen"}]},{"@type":"WebSite","@id":"https:\/\/rckopen.com\/#website","url":"https:\/\/rckopen.com\/","name":"RC Kopen","description":"Research Chemicals","potentialAction":[{"@type":"SearchAction","target":{"@type":"EntryPoint","urlTemplate":"https:\/\/rckopen.com\/?s={search_term_string}"},"query-input":{"@type":"PropertyValueSpecification","valueRequired":true,"valueName":"search_term_string"}}],"inLanguage":"pt-PT"}]}},"_links":{"self":[{"href":"https:\/\/rckopen.com\/pt\/wp-json\/wp\/v2\/product\/6657","targetHints":{"allow":["GET"]}}],"collection":[{"href":"https:\/\/rckopen.com\/pt\/wp-json\/wp\/v2\/product"}],"about":[{"href":"https:\/\/rckopen.com\/pt\/wp-json\/wp\/v2\/types\/product"}],"replies":[{"embeddable":true,"href":"https:\/\/rckopen.com\/pt\/wp-json\/wp\/v2\/comments?post=6657"}],"wp:featuredmedia":[{"embeddable":true,"href":"https:\/\/rckopen.com\/pt\/wp-json\/wp\/v2\/media\/6684"}],"wp:attachment":[{"href":"https:\/\/rckopen.com\/pt\/wp-json\/wp\/v2\/media?parent=6657"}],"wp:term":[{"taxonomy":"product_brand","embeddable":true,"href":"https:\/\/rckopen.com\/pt\/wp-json\/wp\/v2\/product_brand?post=6657"},{"taxonomy":"product_cat","embeddable":true,"href":"https:\/\/rckopen.com\/pt\/wp-json\/wp\/v2\/product_cat?post=6657"},{"taxonomy":"product_tag","embeddable":true,"href":"https:\/\/rckopen.com\/pt\/wp-json\/wp\/v2\/product_tag?post=6657"}],"curies":[{"name":"wp","href":"https:\/\/api.w.org\/{rel}","templated":true}]}}