{"id":6662,"date":"2023-08-17T07:51:48","date_gmt":"2023-08-17T07:51:48","guid":{"rendered":"https:\/\/diligentplug.com\/chems\/?post_type=product&#038;p=6662"},"modified":"2025-02-01T07:35:18","modified_gmt":"2025-02-01T07:35:18","slug":"3-fpm","status":"publish","type":"product","link":"https:\/\/rckopen.com\/pt\/produto\/3-fpm\/","title":{"rendered":"Compre 3-FPM Online"},"content":{"rendered":"<h2>3 FPM Online Kopen<\/h2>\n<p>Uw gids voor het online vinden van kwaliteit 3-FPM<br \/>\nVoc\u00ea est\u00e1 procurando uma fonte confi\u00e1vel para <a href=\"https:\/\/rckopen.com\/pt\/produto\/3-fpm\/\">3-FPM para venda online<\/a>? N\u00e3o procure mais! Abelha <a href=\"https:\/\/rckopen.com\/pt\/\">rckopen.com<\/a> Oferecemos 3-FPM de alta qualidade para venda, garantindo uma experi\u00eancia de compra tranquila. Esteja voc\u00ea no Reino Unido ou em outro lugar, oferecemos acesso legal ao 3-FPM sem receita m\u00e9dica. Aqui est\u00e1 seu guia passo a passo para comprar 3-FPM de primeira linha em nossa plataforma:<\/p>\n<p>Onderzoek vertrouwde leveranciers<br \/>\nSe voc\u00ea \u00e9 legal <a href=\"https:\/\/en.wikipedia.org\/wiki\/3-Fluorophenmetrazine\">3-FPM<\/a> Se voc\u00ea deseja comprar on-line, \u00e9 essencial pesquisar fornecedores confi\u00e1veis. Na rckopen.com nos orgulhamos de nossa reputa\u00e7\u00e3o como uma fonte confi\u00e1vel para compra de produtos qu\u00edmicos para pesquisa. Nosso compromisso com a qualidade e a satisfa\u00e7\u00e3o do cliente nos diferencia de outros fornecedores no mercado.<\/p>\n<p>Verificar a qualidade do produto<br \/>\nKwaliteit staat voorop als het gaat om onderzoekchemicali\u00ebn zoals 3-FPM. Onze producten ondergaan strenge tests om de zuiverheid en potentie te garanderen. Wanneer u 3-FPM bij rckopen.com koopt, kunt u erop vertrouwen dat u een kwalitatief hoogstaand product ontvangt dat voldoet aan uw onderzoeksbehoeften.<br \/>\nBlader door onze selectie<\/p>\n<p>onde posso comprar 3-FPM online? Descubra nossa ampla sele\u00e7\u00e3o de 3-FPM e outros produtos qu\u00edmicos de pesquisa dispon\u00edveis para compra em nosso site. Com apenas alguns cliques, voc\u00ea pode navegar em nosso estoque e encontrar o produto perfeito para seus projetos de pesquisa.<\/p>\n<p>Plaats je bestelling<br \/>\nPronto para comprar 3-FPM? Fazer pedidos no rckopen.com \u00e9 r\u00e1pido e f\u00e1cil. Basta adicionar os produtos que voc\u00ea deseja ao seu carrinho, finalizar a compra e concluir sua compra com seguran\u00e7a por meio do nosso gateway de pagamento criptografado.<\/p>\n<p>Geniet van snelle en discrete verzending<br \/>\nZodra uw bestelling is geplaatst, regelen wij de rest. Wij bieden snelle en discrete verzending om ervoor te zorgen dat uw 3-FPM die te koop is, u snel en veilig bereikt. Met onze effici\u00ebnte bezorgservice kunt u zich zonder vertraging concentreren op uw onderzoek.<\/p>\n<p>Garantia de satisfa\u00e7\u00e3o do cliente<br \/>\nBij rckopen.com geven we prioriteit aan klanttevredenheid boven alles. Als u vragen of opmerkingen heeft over uw bestelling, staat ons toegewijde ondersteuningsteam klaar om u bij elke stap te helpen. We streven ernaar om van begin tot eind een uitzonderlijke koopervaring te bieden.<\/p>\n<p>Comprar 3-FPM de qualidade online nunca foi t\u00e3o f\u00e1cil. Com rckopen.com voc\u00ea pode comprar 3-FPM on-line legalmente e sem receita m\u00e9dica e ter a certeza de que est\u00e1 adquirindo um produto premium. Explore nosso site hoje mesmo e d\u00ea o primeiro passo para avan\u00e7ar seus esfor\u00e7os de pesquisa.<\/p>","protected":false},"excerpt":{"rendered":"<p>Denomina\u00e7\u00e3o IUPAC: Monocloridrato de 2-(3-fluorofenil)-3-metilmorfolina<br \/>\nCAS # 1803562-83-5<br \/>\nOutra denomina\u00e7\u00e3o: 3-Fluorofenmetrazina (cloridrato)<br \/>\nAspeto: p\u00f3<br \/>\nAn\u00e1lise NMR: C11H14FNO - HCl<\/p>","protected":false},"featured_media":6687,"comment_status":"open","ping_status":"closed","template":"","meta":{"_joinchat":[]},"product_brand":[],"product_cat":[147],"product_tag":[],"class_list":{"0":"post-6662","1":"product","2":"type-product","3":"status-publish","4":"has-post-thumbnail","6":"product_cat-piperidinen","8":"first","9":"instock","10":"shipping-taxable","11":"purchasable","12":"product-type-variable"},"yoast_head":"<!-- This site is optimized with the Yoast SEO plugin v26.3 - https:\/\/yoast.com\/wordpress\/plugins\/seo\/ -->\n<title>3-FPM online kopen - 3-FPM te koop | RC Kopen<\/title>\n<meta name=\"description\" content=\"Onze RCKopen winkel heeft de topkwaliteit 3-FPM te koop. U kunt nooit om de kwaliteit van onze producten heen. Als u dat nodig heeft, kunt u 3-FPM meteen online kopen. Bestel nu!\" \/>\n<meta name=\"robots\" content=\"index, follow, max-snippet:-1, max-image-preview:large, max-video-preview:-1\" \/>\n<link rel=\"canonical\" href=\"https:\/\/rckopen.com\/pt\/produto\/3-fpm\/\" \/>\n<meta property=\"og:locale\" content=\"pt_PT\" \/>\n<meta property=\"og:type\" content=\"article\" \/>\n<meta property=\"og:title\" content=\"3-FPM online kopen - 3-FPM te koop | RC Kopen\" \/>\n<meta property=\"og:description\" content=\"Onze RCKopen winkel heeft de topkwaliteit 3-FPM te koop. U kunt nooit om de kwaliteit van onze producten heen. Als u dat nodig heeft, kunt u 3-FPM meteen online kopen. Bestel nu!\" \/>\n<meta property=\"og:url\" content=\"https:\/\/rckopen.com\/pt\/produto\/3-fpm\/\" \/>\n<meta property=\"og:site_name\" content=\"RC Kopen\" \/>\n<meta property=\"article:modified_time\" content=\"2025-02-01T07:35:18+00:00\" \/>\n<meta property=\"og:image\" content=\"https:\/\/rckopen.com\/wp-content\/uploads\/2023\/08\/3-FPM.jpg\" \/>\n\t<meta property=\"og:image:width\" content=\"600\" \/>\n\t<meta property=\"og:image:height\" content=\"600\" \/>\n\t<meta property=\"og:image:type\" content=\"image\/jpeg\" \/>\n<meta name=\"twitter:card\" content=\"summary_large_image\" \/>\n<meta name=\"twitter:label1\" content=\"Tempo estimado de leitura\" \/>\n\t<meta name=\"twitter:data1\" content=\"2 minutos\" \/>\n<script type=\"application\/ld+json\" class=\"yoast-schema-graph\">{\"@context\":\"https:\/\/schema.org\",\"@graph\":[{\"@type\":\"WebPage\",\"@id\":\"https:\/\/rckopen.com\/product\/3-fpm\/\",\"url\":\"https:\/\/rckopen.com\/product\/3-fpm\/\",\"name\":\"3-FPM online kopen - 3-FPM te koop | RC Kopen\",\"isPartOf\":{\"@id\":\"https:\/\/rckopen.com\/#website\"},\"primaryImageOfPage\":{\"@id\":\"https:\/\/rckopen.com\/product\/3-fpm\/#primaryimage\"},\"image\":{\"@id\":\"https:\/\/rckopen.com\/product\/3-fpm\/#primaryimage\"},\"thumbnailUrl\":\"https:\/\/rckopen.com\/wp-content\/uploads\/2023\/08\/3-FPM.jpg\",\"datePublished\":\"2023-08-17T07:51:48+00:00\",\"dateModified\":\"2025-02-01T07:35:18+00:00\",\"description\":\"Onze RCKopen winkel heeft de topkwaliteit 3-FPM te koop. U kunt nooit om de kwaliteit van onze producten heen. Als u dat nodig heeft, kunt u 3-FPM meteen online kopen. Bestel nu!\",\"breadcrumb\":{\"@id\":\"https:\/\/rckopen.com\/product\/3-fpm\/#breadcrumb\"},\"inLanguage\":\"pt-PT\",\"potentialAction\":[{\"@type\":\"ReadAction\",\"target\":[\"https:\/\/rckopen.com\/product\/3-fpm\/\"]}]},{\"@type\":\"ImageObject\",\"inLanguage\":\"pt-PT\",\"@id\":\"https:\/\/rckopen.com\/product\/3-fpm\/#primaryimage\",\"url\":\"https:\/\/rckopen.com\/wp-content\/uploads\/2023\/08\/3-FPM.jpg\",\"contentUrl\":\"https:\/\/rckopen.com\/wp-content\/uploads\/2023\/08\/3-FPM.jpg\",\"width\":600,\"height\":600,\"caption\":\"3-FPM Online Kopen\"},{\"@type\":\"BreadcrumbList\",\"@id\":\"https:\/\/rckopen.com\/product\/3-fpm\/#breadcrumb\",\"itemListElement\":[{\"@type\":\"ListItem\",\"position\":1,\"name\":\"Home\",\"item\":\"https:\/\/rckopen.com\/\"},{\"@type\":\"ListItem\",\"position\":2,\"name\":\"Shop\",\"item\":\"https:\/\/rckopen.com\/shop\/\"},{\"@type\":\"ListItem\",\"position\":3,\"name\":\"3-FPM Online Kopen\"}]},{\"@type\":\"WebSite\",\"@id\":\"https:\/\/rckopen.com\/#website\",\"url\":\"https:\/\/rckopen.com\/\",\"name\":\"RC Kopen\",\"description\":\"Research Chemicals\",\"potentialAction\":[{\"@type\":\"SearchAction\",\"target\":{\"@type\":\"EntryPoint\",\"urlTemplate\":\"https:\/\/rckopen.com\/?s={search_term_string}\"},\"query-input\":{\"@type\":\"PropertyValueSpecification\",\"valueRequired\":true,\"valueName\":\"search_term_string\"}}],\"inLanguage\":\"pt-PT\"}]}<\/script>\n<!-- \/ Yoast SEO plugin. -->","yoast_head_json":{"title":"3-FPM online kopen - 3-FPM te koop | RC Kopen","description":"Onze RCKopen winkel heeft de topkwaliteit 3-FPM te koop. U kunt nooit om de kwaliteit van onze producten heen. Als u dat nodig heeft, kunt u 3-FPM meteen online kopen. Bestel nu!","robots":{"index":"index","follow":"follow","max-snippet":"max-snippet:-1","max-image-preview":"max-image-preview:large","max-video-preview":"max-video-preview:-1"},"canonical":"https:\/\/rckopen.com\/pt\/produto\/3-fpm\/","og_locale":"pt_PT","og_type":"article","og_title":"3-FPM online kopen - 3-FPM te koop | RC Kopen","og_description":"Onze RCKopen winkel heeft de topkwaliteit 3-FPM te koop. U kunt nooit om de kwaliteit van onze producten heen. Als u dat nodig heeft, kunt u 3-FPM meteen online kopen. Bestel nu!","og_url":"https:\/\/rckopen.com\/pt\/produto\/3-fpm\/","og_site_name":"RC Kopen","article_modified_time":"2025-02-01T07:35:18+00:00","og_image":[{"width":600,"height":600,"url":"https:\/\/rckopen.com\/wp-content\/uploads\/2023\/08\/3-FPM.jpg","type":"image\/jpeg"}],"twitter_card":"summary_large_image","twitter_misc":{"Tempo estimado de leitura":"2 minutos"},"schema":{"@context":"https:\/\/schema.org","@graph":[{"@type":"WebPage","@id":"https:\/\/rckopen.com\/product\/3-fpm\/","url":"https:\/\/rckopen.com\/product\/3-fpm\/","name":"3-FPM online kopen - 3-FPM te koop | RC Kopen","isPartOf":{"@id":"https:\/\/rckopen.com\/#website"},"primaryImageOfPage":{"@id":"https:\/\/rckopen.com\/product\/3-fpm\/#primaryimage"},"image":{"@id":"https:\/\/rckopen.com\/product\/3-fpm\/#primaryimage"},"thumbnailUrl":"https:\/\/rckopen.com\/wp-content\/uploads\/2023\/08\/3-FPM.jpg","datePublished":"2023-08-17T07:51:48+00:00","dateModified":"2025-02-01T07:35:18+00:00","description":"Onze RCKopen winkel heeft de topkwaliteit 3-FPM te koop. U kunt nooit om de kwaliteit van onze producten heen. Als u dat nodig heeft, kunt u 3-FPM meteen online kopen. Bestel nu!","breadcrumb":{"@id":"https:\/\/rckopen.com\/product\/3-fpm\/#breadcrumb"},"inLanguage":"pt-PT","potentialAction":[{"@type":"ReadAction","target":["https:\/\/rckopen.com\/product\/3-fpm\/"]}]},{"@type":"ImageObject","inLanguage":"pt-PT","@id":"https:\/\/rckopen.com\/product\/3-fpm\/#primaryimage","url":"https:\/\/rckopen.com\/wp-content\/uploads\/2023\/08\/3-FPM.jpg","contentUrl":"https:\/\/rckopen.com\/wp-content\/uploads\/2023\/08\/3-FPM.jpg","width":600,"height":600,"caption":"3-FPM Online Kopen"},{"@type":"BreadcrumbList","@id":"https:\/\/rckopen.com\/product\/3-fpm\/#breadcrumb","itemListElement":[{"@type":"ListItem","position":1,"name":"Home","item":"https:\/\/rckopen.com\/"},{"@type":"ListItem","position":2,"name":"Shop","item":"https:\/\/rckopen.com\/shop\/"},{"@type":"ListItem","position":3,"name":"3-FPM Online Kopen"}]},{"@type":"WebSite","@id":"https:\/\/rckopen.com\/#website","url":"https:\/\/rckopen.com\/","name":"RC Kopen","description":"Research Chemicals","potentialAction":[{"@type":"SearchAction","target":{"@type":"EntryPoint","urlTemplate":"https:\/\/rckopen.com\/?s={search_term_string}"},"query-input":{"@type":"PropertyValueSpecification","valueRequired":true,"valueName":"search_term_string"}}],"inLanguage":"pt-PT"}]}},"_links":{"self":[{"href":"https:\/\/rckopen.com\/pt\/wp-json\/wp\/v2\/product\/6662","targetHints":{"allow":["GET"]}}],"collection":[{"href":"https:\/\/rckopen.com\/pt\/wp-json\/wp\/v2\/product"}],"about":[{"href":"https:\/\/rckopen.com\/pt\/wp-json\/wp\/v2\/types\/product"}],"replies":[{"embeddable":true,"href":"https:\/\/rckopen.com\/pt\/wp-json\/wp\/v2\/comments?post=6662"}],"wp:featuredmedia":[{"embeddable":true,"href":"https:\/\/rckopen.com\/pt\/wp-json\/wp\/v2\/media\/6687"}],"wp:attachment":[{"href":"https:\/\/rckopen.com\/pt\/wp-json\/wp\/v2\/media?parent=6662"}],"wp:term":[{"taxonomy":"product_brand","embeddable":true,"href":"https:\/\/rckopen.com\/pt\/wp-json\/wp\/v2\/product_brand?post=6662"},{"taxonomy":"product_cat","embeddable":true,"href":"https:\/\/rckopen.com\/pt\/wp-json\/wp\/v2\/product_cat?post=6662"},{"taxonomy":"product_tag","embeddable":true,"href":"https:\/\/rckopen.com\/pt\/wp-json\/wp\/v2\/product_tag?post=6662"}],"curies":[{"name":"wp","href":"https:\/\/api.w.org\/{rel}","templated":true}]}}