{"id":6663,"date":"2023-08-17T08:04:21","date_gmt":"2023-08-17T08:04:21","guid":{"rendered":"https:\/\/diligentplug.com\/chems\/?post_type=product&#038;p=6663"},"modified":"2025-02-04T05:38:43","modified_gmt":"2025-02-04T05:38:43","slug":"nb-5-meo-mipt-oxalate","status":"publish","type":"product","link":"https:\/\/rckopen.com\/pt\/produto\/nb-5-meo-mipt-oxalato\/","title":{"rendered":"Compre NB-5-MeO-MiPT (oxalato) online"},"content":{"rendered":"<h2>NB-5-MeO-MiPT (oxalaat) online kopen<\/h2>\n<p>Encontrar online fornecedores fi\u00e1veis de NB-5-MeO-MiPT (Oxalato)<br \/>\nOnde se pode comprar NB-5-MeO-MiPT (oxalato) e a que fornecedores online? N\u00e3o procure mais! Encontrar fornecedores respeit\u00e1veis para o NB-5-MeO-MiPT (Oxalato) pode ser complicado, mas com a abordagem certa, pode garantir uma transa\u00e7\u00e3o tranquila e segura. Quer seja um investigador, cientista ou entusiasta, comprar NB-5-MeO-MiPT (Oxalato) legalmente \u00e9 essencial para os seus esfor\u00e7os. Aqui est\u00e1 um guia completo para o ajudar a navegar no processo de forma transparente e eficiente.<\/p>\n<h3>Compreens\u00e3o do NB-5-MeO-MiPT (Oxalato)<\/h3>\n<p>Antes de mergulhar no processo de compra, \u00e9 crucial compreender o significado do NB-5-MeO-MiPT (Oxalato). Compre-nos o NB-5-MeO-MiPT (Oxalato) porque \u00e9 uma subst\u00e2ncia de investiga\u00e7\u00e3o popular conhecida pelas suas propriedades psicoactivas e pelas suas potenciais aplica\u00e7\u00f5es em v\u00e1rios dom\u00ednios, incluindo a qu\u00edmica, a farmacologia e a neuroci\u00eancia.<\/p>\n<h3>Onde comprar NB-5-MeO-MiPT (Oxalato)<\/h3>\n<p>Quando se trata de encomendar NB-5-MeO-MiPT (Oxalato), selecionar um fornecedor respeit\u00e1vel \u00e9 de extrema import\u00e2ncia. RCKopen.com destaca-se como uma plataforma online confi\u00e1vel que oferece NB-5-MeO-MiPT (Oxalato) de alta qualidade e outros produtos qu\u00edmicos de pesquisa. Com um compromisso com a qualidade, confiabilidade e satisfa\u00e7\u00e3o do cliente, RCKopen.com garante uma experi\u00eancia de compra perfeita para clientes em todo o mundo.<\/p>\n<h3>Vantagens de escolher RCKopen.com<\/h3>\n<p>1. Qualidade excecional: RCKopen.com prioriza a qualidade acima de tudo e garante que cada produto, incluindo NB-5-MeO-MiPT (Oxalato), atenda a padr\u00f5es r\u00edgidos de pureza e autenticidade.<\/p>\n<p>2. Ampla sele\u00e7\u00e3o: Explore uma ampla gama de produtos qu\u00edmicos de pesquisa em RCKopen.com para atender \u00e0s suas necessidades e prefer\u00eancias espec\u00edficas. \u00c9 hora de comprar NB-5-MeO-MiPT (Oxalato).<\/p>\n<p>3. Conformidade legal: Pode ter a certeza de que, ao comprar NB-5-MeO-MiPT (Oxalato) na RCKopen.com, est\u00e1 a compr\u00e1-lo de forma legal e respons\u00e1vel, e a respeitar todas as orienta\u00e7\u00f5es e restri\u00e7\u00f5es legais.<\/p>\n<p>4. Transac\u00e7\u00f5es seguras: Com uma plataforma online segura e gateways de pagamento encriptados, o RCKopen.com garante a confidencialidade e seguran\u00e7a das suas transac\u00e7\u00f5es, dando-lhe tranquilidade durante o processo de compra.<\/p>\n<p>5. Expedi\u00e7\u00e3o mundial: Quer esteja no Reino Unido ou em qualquer parte do mundo, a RCKopen.com oferece op\u00e7\u00f5es de expedi\u00e7\u00e3o r\u00e1pidas e fi\u00e1veis para garantir a entrega atempada da sua encomenda.<\/p>\n<h3>Encomendar hoje NB-5-MeO-MiPT (Oxalato).<\/h3>\n<p>Est\u00e1 pronto para comprar NB-5-MeO-MiPT (Oxalato) em Portugal para investiga\u00e7\u00e3o ou uso pessoal?<\/p>\n<p>Visite RCKopen.com agora para explorar sua extensa cole\u00e7\u00e3o de produtos qu\u00edmicos de pesquisa de alta qualidade. Com processos de pedidos f\u00e1ceis e suporte dedicado ao cliente, rckopen.com \u00e9 o seu destino favorito para NB-5-MeO-MiPT (Oxalato) premium para venda e muito mais. N\u00e3o perca a oportunidade de melhorar os seus esfor\u00e7os cient\u00edficos com produtos premium da RCKopen.com.<\/p>\n<p>Experimente a diferen\u00e7a com RCKopen.com - a sua fonte confi\u00e1vel para comprar NB-5-MeO-MiPT (Oxalato) legalmente e muito mais!<\/p>\n<p>&nbsp;<\/p>","protected":false},"excerpt":{"rendered":"<p>Denomina\u00e7\u00e3o IUPAC: Oxalato de 3-(2-(isopropil(metil)amino)etil)-5-metoxi-1H-indole-1-carboxilato de terc-butilo<br \/>\nAspeto: p\u00f3<br \/>\nForma: oxalato<\/p>","protected":false},"featured_media":6689,"comment_status":"open","ping_status":"closed","template":"","meta":{"_joinchat":[]},"product_brand":[],"product_cat":[149],"product_tag":[],"class_list":{"0":"post-6663","1":"product","2":"type-product","3":"status-publish","4":"has-post-thumbnail","6":"product_cat-tryptaminen","8":"first","9":"instock","10":"shipping-taxable","11":"purchasable","12":"product-type-variable"},"yoast_head":"<!-- This site is optimized with the Yoast SEO plugin v26.3 - https:\/\/yoast.com\/wordpress\/plugins\/seo\/ -->\n<title>NB 5 Meo Mipt Oxalaat online kopen - NB 5 Meo Mipt te koop<\/title>\n<meta name=\"description\" content=\"U kunt NB 5 Meo Mipt Oxalaat te koop krijgen in onze winkel en zonder problemen bij u thuis krijgen. Wij helpen u NB 5 Meo Mipt Oxalaat online te kopen. Bestel nu!\" \/>\n<meta name=\"robots\" content=\"index, follow, max-snippet:-1, max-image-preview:large, max-video-preview:-1\" \/>\n<link rel=\"canonical\" href=\"https:\/\/rckopen.com\/pt\/produto\/nb-5-meo-mipt-oxalato\/\" \/>\n<meta property=\"og:locale\" content=\"pt_PT\" \/>\n<meta property=\"og:type\" content=\"article\" \/>\n<meta property=\"og:title\" content=\"NB 5 Meo Mipt Oxalaat online kopen - NB 5 Meo Mipt te koop\" \/>\n<meta property=\"og:description\" content=\"U kunt NB 5 Meo Mipt Oxalaat te koop krijgen in onze winkel en zonder problemen bij u thuis krijgen. Wij helpen u NB 5 Meo Mipt Oxalaat online te kopen. Bestel nu!\" \/>\n<meta property=\"og:url\" content=\"https:\/\/rckopen.com\/pt\/produto\/nb-5-meo-mipt-oxalato\/\" \/>\n<meta property=\"og:site_name\" content=\"RC Kopen\" \/>\n<meta property=\"article:modified_time\" content=\"2025-02-04T05:38:43+00:00\" \/>\n<meta property=\"og:image\" content=\"https:\/\/rckopen.com\/wp-content\/uploads\/2023\/08\/NB-5-MeO-MiPT-oxalate.jpg\" \/>\n\t<meta property=\"og:image:width\" content=\"600\" \/>\n\t<meta property=\"og:image:height\" content=\"600\" \/>\n\t<meta property=\"og:image:type\" content=\"image\/jpeg\" \/>\n<meta name=\"twitter:card\" content=\"summary_large_image\" \/>\n<meta name=\"twitter:label1\" content=\"Tempo estimado de leitura\" \/>\n\t<meta name=\"twitter:data1\" content=\"3 minutos\" \/>\n<script type=\"application\/ld+json\" class=\"yoast-schema-graph\">{\"@context\":\"https:\/\/schema.org\",\"@graph\":[{\"@type\":\"WebPage\",\"@id\":\"https:\/\/rckopen.com\/product\/nb-5-meo-mipt-oxalate\/\",\"url\":\"https:\/\/rckopen.com\/product\/nb-5-meo-mipt-oxalate\/\",\"name\":\"NB 5 Meo Mipt Oxalaat online kopen - NB 5 Meo Mipt te koop\",\"isPartOf\":{\"@id\":\"https:\/\/rckopen.com\/#website\"},\"primaryImageOfPage\":{\"@id\":\"https:\/\/rckopen.com\/product\/nb-5-meo-mipt-oxalate\/#primaryimage\"},\"image\":{\"@id\":\"https:\/\/rckopen.com\/product\/nb-5-meo-mipt-oxalate\/#primaryimage\"},\"thumbnailUrl\":\"https:\/\/rckopen.com\/wp-content\/uploads\/2023\/08\/NB-5-MeO-MiPT-oxalate.jpg\",\"datePublished\":\"2023-08-17T08:04:21+00:00\",\"dateModified\":\"2025-02-04T05:38:43+00:00\",\"description\":\"U kunt NB 5 Meo Mipt Oxalaat te koop krijgen in onze winkel en zonder problemen bij u thuis krijgen. Wij helpen u NB 5 Meo Mipt Oxalaat online te kopen. Bestel nu!\",\"breadcrumb\":{\"@id\":\"https:\/\/rckopen.com\/product\/nb-5-meo-mipt-oxalate\/#breadcrumb\"},\"inLanguage\":\"pt-PT\",\"potentialAction\":[{\"@type\":\"ReadAction\",\"target\":[\"https:\/\/rckopen.com\/product\/nb-5-meo-mipt-oxalate\/\"]}]},{\"@type\":\"ImageObject\",\"inLanguage\":\"pt-PT\",\"@id\":\"https:\/\/rckopen.com\/product\/nb-5-meo-mipt-oxalate\/#primaryimage\",\"url\":\"https:\/\/rckopen.com\/wp-content\/uploads\/2023\/08\/NB-5-MeO-MiPT-oxalate.jpg\",\"contentUrl\":\"https:\/\/rckopen.com\/wp-content\/uploads\/2023\/08\/NB-5-MeO-MiPT-oxalate.jpg\",\"width\":600,\"height\":600,\"caption\":\"NB-5-MeO-MiPT-(oxalate) online kopen\"},{\"@type\":\"BreadcrumbList\",\"@id\":\"https:\/\/rckopen.com\/product\/nb-5-meo-mipt-oxalate\/#breadcrumb\",\"itemListElement\":[{\"@type\":\"ListItem\",\"position\":1,\"name\":\"Home\",\"item\":\"https:\/\/rckopen.com\/\"},{\"@type\":\"ListItem\",\"position\":2,\"name\":\"Shop\",\"item\":\"https:\/\/rckopen.com\/shop\/\"},{\"@type\":\"ListItem\",\"position\":3,\"name\":\"NB-5-MeO-MiPT (oxalate) online kopen\"}]},{\"@type\":\"WebSite\",\"@id\":\"https:\/\/rckopen.com\/#website\",\"url\":\"https:\/\/rckopen.com\/\",\"name\":\"RC Kopen\",\"description\":\"Research Chemicals\",\"potentialAction\":[{\"@type\":\"SearchAction\",\"target\":{\"@type\":\"EntryPoint\",\"urlTemplate\":\"https:\/\/rckopen.com\/?s={search_term_string}\"},\"query-input\":{\"@type\":\"PropertyValueSpecification\",\"valueRequired\":true,\"valueName\":\"search_term_string\"}}],\"inLanguage\":\"pt-PT\"}]}<\/script>\n<!-- \/ Yoast SEO plugin. -->","yoast_head_json":{"title":"NB 5 Meo Mipt Oxalaat online kopen - NB 5 Meo Mipt te koop","description":"U kunt NB 5 Meo Mipt Oxalaat te koop krijgen in onze winkel en zonder problemen bij u thuis krijgen. Wij helpen u NB 5 Meo Mipt Oxalaat online te kopen. Bestel nu!","robots":{"index":"index","follow":"follow","max-snippet":"max-snippet:-1","max-image-preview":"max-image-preview:large","max-video-preview":"max-video-preview:-1"},"canonical":"https:\/\/rckopen.com\/pt\/produto\/nb-5-meo-mipt-oxalato\/","og_locale":"pt_PT","og_type":"article","og_title":"NB 5 Meo Mipt Oxalaat online kopen - NB 5 Meo Mipt te koop","og_description":"U kunt NB 5 Meo Mipt Oxalaat te koop krijgen in onze winkel en zonder problemen bij u thuis krijgen. Wij helpen u NB 5 Meo Mipt Oxalaat online te kopen. Bestel nu!","og_url":"https:\/\/rckopen.com\/pt\/produto\/nb-5-meo-mipt-oxalato\/","og_site_name":"RC Kopen","article_modified_time":"2025-02-04T05:38:43+00:00","og_image":[{"width":600,"height":600,"url":"https:\/\/rckopen.com\/wp-content\/uploads\/2023\/08\/NB-5-MeO-MiPT-oxalate.jpg","type":"image\/jpeg"}],"twitter_card":"summary_large_image","twitter_misc":{"Tempo estimado de leitura":"3 minutos"},"schema":{"@context":"https:\/\/schema.org","@graph":[{"@type":"WebPage","@id":"https:\/\/rckopen.com\/product\/nb-5-meo-mipt-oxalate\/","url":"https:\/\/rckopen.com\/product\/nb-5-meo-mipt-oxalate\/","name":"NB 5 Meo Mipt Oxalaat online kopen - NB 5 Meo Mipt te koop","isPartOf":{"@id":"https:\/\/rckopen.com\/#website"},"primaryImageOfPage":{"@id":"https:\/\/rckopen.com\/product\/nb-5-meo-mipt-oxalate\/#primaryimage"},"image":{"@id":"https:\/\/rckopen.com\/product\/nb-5-meo-mipt-oxalate\/#primaryimage"},"thumbnailUrl":"https:\/\/rckopen.com\/wp-content\/uploads\/2023\/08\/NB-5-MeO-MiPT-oxalate.jpg","datePublished":"2023-08-17T08:04:21+00:00","dateModified":"2025-02-04T05:38:43+00:00","description":"U kunt NB 5 Meo Mipt Oxalaat te koop krijgen in onze winkel en zonder problemen bij u thuis krijgen. Wij helpen u NB 5 Meo Mipt Oxalaat online te kopen. Bestel nu!","breadcrumb":{"@id":"https:\/\/rckopen.com\/product\/nb-5-meo-mipt-oxalate\/#breadcrumb"},"inLanguage":"pt-PT","potentialAction":[{"@type":"ReadAction","target":["https:\/\/rckopen.com\/product\/nb-5-meo-mipt-oxalate\/"]}]},{"@type":"ImageObject","inLanguage":"pt-PT","@id":"https:\/\/rckopen.com\/product\/nb-5-meo-mipt-oxalate\/#primaryimage","url":"https:\/\/rckopen.com\/wp-content\/uploads\/2023\/08\/NB-5-MeO-MiPT-oxalate.jpg","contentUrl":"https:\/\/rckopen.com\/wp-content\/uploads\/2023\/08\/NB-5-MeO-MiPT-oxalate.jpg","width":600,"height":600,"caption":"NB-5-MeO-MiPT-(oxalate) online kopen"},{"@type":"BreadcrumbList","@id":"https:\/\/rckopen.com\/product\/nb-5-meo-mipt-oxalate\/#breadcrumb","itemListElement":[{"@type":"ListItem","position":1,"name":"Home","item":"https:\/\/rckopen.com\/"},{"@type":"ListItem","position":2,"name":"Shop","item":"https:\/\/rckopen.com\/shop\/"},{"@type":"ListItem","position":3,"name":"NB-5-MeO-MiPT (oxalate) online kopen"}]},{"@type":"WebSite","@id":"https:\/\/rckopen.com\/#website","url":"https:\/\/rckopen.com\/","name":"RC Kopen","description":"Research Chemicals","potentialAction":[{"@type":"SearchAction","target":{"@type":"EntryPoint","urlTemplate":"https:\/\/rckopen.com\/?s={search_term_string}"},"query-input":{"@type":"PropertyValueSpecification","valueRequired":true,"valueName":"search_term_string"}}],"inLanguage":"pt-PT"}]}},"_links":{"self":[{"href":"https:\/\/rckopen.com\/pt\/wp-json\/wp\/v2\/product\/6663","targetHints":{"allow":["GET"]}}],"collection":[{"href":"https:\/\/rckopen.com\/pt\/wp-json\/wp\/v2\/product"}],"about":[{"href":"https:\/\/rckopen.com\/pt\/wp-json\/wp\/v2\/types\/product"}],"replies":[{"embeddable":true,"href":"https:\/\/rckopen.com\/pt\/wp-json\/wp\/v2\/comments?post=6663"}],"wp:featuredmedia":[{"embeddable":true,"href":"https:\/\/rckopen.com\/pt\/wp-json\/wp\/v2\/media\/6689"}],"wp:attachment":[{"href":"https:\/\/rckopen.com\/pt\/wp-json\/wp\/v2\/media?parent=6663"}],"wp:term":[{"taxonomy":"product_brand","embeddable":true,"href":"https:\/\/rckopen.com\/pt\/wp-json\/wp\/v2\/product_brand?post=6663"},{"taxonomy":"product_cat","embeddable":true,"href":"https:\/\/rckopen.com\/pt\/wp-json\/wp\/v2\/product_cat?post=6663"},{"taxonomy":"product_tag","embeddable":true,"href":"https:\/\/rckopen.com\/pt\/wp-json\/wp\/v2\/product_tag?post=6663"}],"curies":[{"name":"wp","href":"https:\/\/api.w.org\/{rel}","templated":true}]}}