{"id":6690,"date":"2023-08-18T05:33:37","date_gmt":"2023-08-18T05:33:37","guid":{"rendered":"https:\/\/diligentplug.com\/chems\/?post_type=product&#038;p=6690"},"modified":"2025-02-04T05:37:00","modified_gmt":"2025-02-04T05:37:00","slug":"koop-nb-5-meo-dalt-oxalaat","status":"publish","type":"product","link":"https:\/\/rckopen.com\/pt\/produto\/comprar-nb-5-meo-dalt-oxalato\/","title":{"rendered":"Compre NB-5-MeO-DALT (oxalato) online"},"content":{"rendered":"<div data-content-type=\"row\" data-appearance=\"contained\" data-element=\"main\">\n<div data-enable-parallax=\"0\" data-parallax-speed=\"0.5\" data-background-images=\"{}\" data-background-type=\"image\" data-video-loop=\"true\" data-video-play-only-visible=\"true\" data-video-lazy-load=\"true\" data-video-fallback-src=\"\" data-element=\"inner\" data-pb-style=\"JQ9K6EH\">\n<div data-content-type=\"text\" data-appearance=\"default\" data-element=\"main\"><\/div>\n<\/div>\n<\/div>\n<div data-content-type=\"row\" data-appearance=\"contained\" data-element=\"main\">\n<div data-enable-parallax=\"0\" data-parallax-speed=\"0.5\" data-background-images=\"{}\" data-background-type=\"image\" data-video-loop=\"true\" data-video-play-only-visible=\"true\" data-video-lazy-load=\"true\" data-video-fallback-src=\"\" data-element=\"inner\" data-pb-style=\"MT5GKQX\">\n<div data-content-type=\"text\" data-appearance=\"default\" data-element=\"main\">\n<h2>Onde comprar NB-5-MeO-DALT (oxalato) com seguran\u00e7a online<\/h2>\n<p>Quer comprar NB-5-MeO-DALT (oxalato) com seguran\u00e7a online? Veio ao s\u00edtio certo! Na RCKopen, fornecemos uma plataforma confi\u00e1vel para comprar NB-5-MeO-DALT (oxalato) e outros produtos qu\u00edmicos de pesquisa no Reino Unido com facilidade e confian\u00e7a. Se voc\u00ea \u00e9 um pesquisador, cientista ou entusiasta, oferecemos uma experi\u00eancia de compra perfeita, dando-lhe paz de esp\u00edrito durante todo o processo.<\/p>\n<h2>Porqu\u00ea escolher o RCKopen?<\/h2>\n<p>RCKopen \u00e9 a sua fonte de confian\u00e7a para a venda de NB-5-MeO-DALT (oxalato) e uma vasta gama de produtos qu\u00edmicos de investiga\u00e7\u00e3o. \u00c9 por isso que os clientes nos preferem:<br \/>\nProdutos de alta qualidade: Damos prioridade \u00e0 qualidade e pureza e oferecemos apenas o melhor NB-5-MeO-DALT (oxalato) para venda. Cada produto \u00e9 submetido a testes rigorosos para cumprir os mais elevados padr\u00f5es da ind\u00fastria.<\/p>\n<p>Transac\u00e7\u00f5es seguras: A sua seguran\u00e7a \u00e9 a nossa principal prioridade. Utilizamos tecnologia avan\u00e7ada de encripta\u00e7\u00e3o para proteger os seus dados pessoais e garantir transac\u00e7\u00f5es seguras sempre que nos encomendar NB-5-MeO-DALT (oxalato).<\/p>\n<p>Legal e em conformidade: Todos os nossos produtos s\u00e3o de origem legal e est\u00e3o em conformidade. Ao comprar NB-5-MeO-DALT (oxalato) na RCKopen, pode ter a certeza de que o est\u00e1 a receber atrav\u00e9s de canais leg\u00edtimos.<\/p>\n<p>Embalagem discreta: Compreendemos a import\u00e2ncia da privacidade. Por isso, embalamos todas as encomendas de forma discreta para proteger a sua confidencialidade. O seu NB-5-MeO-DALT (oxalato) chegar\u00e1 de forma segura e protegida sem atrair aten\u00e7\u00f5es indesejadas.<\/p>\n<p>Entrega r\u00e1pida: Com os nossos servi\u00e7os de envio eficientes, pode ter a certeza de que o seu NB-5-MeO-DALT (oxalato) chegar\u00e1 a si a tempo. O nosso objetivo \u00e9 processar e enviar as encomendas rapidamente, para que possa come\u00e7ar a sua investiga\u00e7\u00e3o rapidamente.<\/p>\n<h3>Compre NB-5-MeO-DALT (oxalato) online no Reino Unido<\/h3>\n<p>Procurando uma fonte confi\u00e1vel para comprar NB-5-MeO-DALT (oxalato) no Reino Unido? N\u00e3o procure mais, RCKopen. N\u00f3s atendemos clientes em todo o Reino Unido e oferecemos entrega r\u00e1pida e sem complica\u00e7\u00f5es \u00e0 sua porta. Compre NB-5-MeO-DALT (oxalato) legalmente e com seguran\u00e7a no conforto da sua poltrona com RCKopen.<\/p>\n<h3>Encomende NB-5-MeO-DALT (oxalato) sem receita<\/h3>\n<p>Na RCKopen, acreditamos na acessibilidade e na comodidade. \u00c9 por isso que oferecemos NB-5-MeO-DALT (oxalato) para venda sem necessidade de receita m\u00e9dica. Basta navegar em nosso site, fazer seu pedido e obter facilmente a subst\u00e2ncia de pesquisa que deseja. Fazemos da compra de NB-5-MeO-DALT (oxalato) online uma experi\u00eancia perfeita para todos os nossos clientes.<\/p>\n<h3>Descubra a nossa loja NB-5-MeO-DALT (oxalato)<\/h3>\n<p>Preparado para comprar NB-5-MeO-DALT (oxalato) online? Visite a nossa loja no rckopen e navegue pela nossa extensa cole\u00e7\u00e3o de produtos qu\u00edmicos de investiga\u00e7\u00e3o. Com a nossa interface de f\u00e1cil utiliza\u00e7\u00e3o e op\u00e7\u00f5es de pagamento seguras, comprar NB-5-MeO-DALT (oxalato) nunca foi t\u00e3o f\u00e1cil.<\/p>\n<h3>Experimente a comodidade de comprar online na RCKopen hoje mesmo!<\/h3>\n<p>Quando se trata de comprar NB-5-MeO-DALT (oxalato) online de forma segura, a rckopen \u00e9 o seu parceiro de confian\u00e7a. Com o nosso compromisso de qualidade, legalidade e satisfa\u00e7\u00e3o do cliente, garantimos uma experi\u00eancia de compra perfeita para todas as suas necessidades qu\u00edmicas de investiga\u00e7\u00e3o. Encomende hoje mesmo o NB-5-MeO-DALT (oxalato) na rckopen e comece a sua explora\u00e7\u00e3o cient\u00edfica com confian\u00e7a.<\/p>\n<\/div>\n<\/div>\n<\/div>","protected":false},"excerpt":{"rendered":"<p>Waar kunt u NB-5-MeO-DALT (oxalaat) veilig online kopen Wilt u NB-5-MeO-DALT (oxalaat) veilig online kopen? U bent bij ons aan het juiste adres! Bij RCKopen bieden we een betrouwbaar platform om met gemak en vertrouwen NB-5-MeO-DALT (oxalaat) in Groot-Brittanni\u00eb en andere onderzoekschemicali\u00ebn te kopen. Of u nu een onderzoeker, wetenschapper<\/p>","protected":false},"featured_media":6891,"comment_status":"open","ping_status":"closed","template":"","meta":{"_joinchat":[]},"product_brand":[],"product_cat":[149],"product_tag":[],"class_list":{"0":"post-6690","1":"product","2":"type-product","3":"status-publish","4":"has-post-thumbnail","6":"product_cat-tryptaminen","8":"first","9":"instock","10":"shipping-taxable","11":"purchasable","12":"product-type-variable"},"yoast_head":"<!-- This site is optimized with the Yoast SEO plugin v26.3 - https:\/\/yoast.com\/wordpress\/plugins\/seo\/ -->\n<title>NB 5 Meo Dalt Oxalaat online kopen - NB 5 Meo Dalt for Sale<\/title>\n<meta name=\"description\" content=\"Aan uw vereiste om NB 5 Meo Dalt Oxalaat te kopen, kunt u voldoen in onze online RC Koop-winkel, aangezien we hier NB 5 Meo Dalt te koop hebben. Plaats uw bestelling en ontvang elke dag betaalbare aanbiedingen.\" \/>\n<meta name=\"robots\" content=\"index, follow, max-snippet:-1, max-image-preview:large, max-video-preview:-1\" \/>\n<link rel=\"canonical\" href=\"https:\/\/rckopen.com\/pt\/produto\/comprar-nb-5-meo-dalt-oxalato\/\" \/>\n<meta property=\"og:locale\" content=\"pt_PT\" \/>\n<meta property=\"og:type\" content=\"article\" \/>\n<meta property=\"og:title\" content=\"NB 5 Meo Dalt Oxalaat online kopen - NB 5 Meo Dalt for Sale\" \/>\n<meta property=\"og:description\" content=\"Aan uw vereiste om NB 5 Meo Dalt Oxalaat te kopen, kunt u voldoen in onze online RC Koop-winkel, aangezien we hier NB 5 Meo Dalt te koop hebben. Plaats uw bestelling en ontvang elke dag betaalbare aanbiedingen.\" \/>\n<meta property=\"og:url\" content=\"https:\/\/rckopen.com\/pt\/produto\/comprar-nb-5-meo-dalt-oxalato\/\" \/>\n<meta property=\"og:site_name\" content=\"RC Kopen\" \/>\n<meta property=\"article:modified_time\" content=\"2025-02-04T05:37:00+00:00\" \/>\n<meta property=\"og:image\" content=\"https:\/\/rckopen.com\/wp-content\/uploads\/2023\/08\/NB-5-MeO-DALT-oxalate.jpg\" \/>\n\t<meta property=\"og:image:width\" content=\"600\" \/>\n\t<meta property=\"og:image:height\" content=\"600\" \/>\n\t<meta property=\"og:image:type\" content=\"image\/jpeg\" \/>\n<meta name=\"twitter:card\" content=\"summary_large_image\" \/>\n<meta name=\"twitter:label1\" content=\"Tempo estimado de leitura\" \/>\n\t<meta name=\"twitter:data1\" content=\"3 minutos\" \/>\n<script type=\"application\/ld+json\" class=\"yoast-schema-graph\">{\"@context\":\"https:\/\/schema.org\",\"@graph\":[{\"@type\":\"WebPage\",\"@id\":\"https:\/\/rckopen.com\/product\/koop-nb-5-meo-dalt-oxalaat\/\",\"url\":\"https:\/\/rckopen.com\/product\/koop-nb-5-meo-dalt-oxalaat\/\",\"name\":\"NB 5 Meo Dalt Oxalaat online kopen - NB 5 Meo Dalt for Sale\",\"isPartOf\":{\"@id\":\"https:\/\/rckopen.com\/#website\"},\"primaryImageOfPage\":{\"@id\":\"https:\/\/rckopen.com\/product\/koop-nb-5-meo-dalt-oxalaat\/#primaryimage\"},\"image\":{\"@id\":\"https:\/\/rckopen.com\/product\/koop-nb-5-meo-dalt-oxalaat\/#primaryimage\"},\"thumbnailUrl\":\"https:\/\/rckopen.com\/wp-content\/uploads\/2023\/08\/NB-5-MeO-DALT-oxalate.jpg\",\"datePublished\":\"2023-08-18T05:33:37+00:00\",\"dateModified\":\"2025-02-04T05:37:00+00:00\",\"description\":\"Aan uw vereiste om NB 5 Meo Dalt Oxalaat te kopen, kunt u voldoen in onze online RC Koop-winkel, aangezien we hier NB 5 Meo Dalt te koop hebben. Plaats uw bestelling en ontvang elke dag betaalbare aanbiedingen.\",\"breadcrumb\":{\"@id\":\"https:\/\/rckopen.com\/product\/koop-nb-5-meo-dalt-oxalaat\/#breadcrumb\"},\"inLanguage\":\"pt-PT\",\"potentialAction\":[{\"@type\":\"ReadAction\",\"target\":[\"https:\/\/rckopen.com\/product\/koop-nb-5-meo-dalt-oxalaat\/\"]}]},{\"@type\":\"ImageObject\",\"inLanguage\":\"pt-PT\",\"@id\":\"https:\/\/rckopen.com\/product\/koop-nb-5-meo-dalt-oxalaat\/#primaryimage\",\"url\":\"https:\/\/rckopen.com\/wp-content\/uploads\/2023\/08\/NB-5-MeO-DALT-oxalate.jpg\",\"contentUrl\":\"https:\/\/rckopen.com\/wp-content\/uploads\/2023\/08\/NB-5-MeO-DALT-oxalate.jpg\",\"width\":600,\"height\":600,\"caption\":\"NB-5-MeO-DALT-(oxalate) online kopen\"},{\"@type\":\"BreadcrumbList\",\"@id\":\"https:\/\/rckopen.com\/product\/koop-nb-5-meo-dalt-oxalaat\/#breadcrumb\",\"itemListElement\":[{\"@type\":\"ListItem\",\"position\":1,\"name\":\"Home\",\"item\":\"https:\/\/rckopen.com\/\"},{\"@type\":\"ListItem\",\"position\":2,\"name\":\"Shop\",\"item\":\"https:\/\/rckopen.com\/shop\/\"},{\"@type\":\"ListItem\",\"position\":3,\"name\":\"NB-5-MeO-DALT (oxalate) online kopen\"}]},{\"@type\":\"WebSite\",\"@id\":\"https:\/\/rckopen.com\/#website\",\"url\":\"https:\/\/rckopen.com\/\",\"name\":\"RC Kopen\",\"description\":\"Research Chemicals\",\"potentialAction\":[{\"@type\":\"SearchAction\",\"target\":{\"@type\":\"EntryPoint\",\"urlTemplate\":\"https:\/\/rckopen.com\/?s={search_term_string}\"},\"query-input\":{\"@type\":\"PropertyValueSpecification\",\"valueRequired\":true,\"valueName\":\"search_term_string\"}}],\"inLanguage\":\"pt-PT\"}]}<\/script>\n<!-- \/ Yoast SEO plugin. -->","yoast_head_json":{"title":"NB 5 Meo Dalt Oxalaat online kopen - NB 5 Meo Dalt for Sale","description":"Aan uw vereiste om NB 5 Meo Dalt Oxalaat te kopen, kunt u voldoen in onze online RC Koop-winkel, aangezien we hier NB 5 Meo Dalt te koop hebben. Plaats uw bestelling en ontvang elke dag betaalbare aanbiedingen.","robots":{"index":"index","follow":"follow","max-snippet":"max-snippet:-1","max-image-preview":"max-image-preview:large","max-video-preview":"max-video-preview:-1"},"canonical":"https:\/\/rckopen.com\/pt\/produto\/comprar-nb-5-meo-dalt-oxalato\/","og_locale":"pt_PT","og_type":"article","og_title":"NB 5 Meo Dalt Oxalaat online kopen - NB 5 Meo Dalt for Sale","og_description":"Aan uw vereiste om NB 5 Meo Dalt Oxalaat te kopen, kunt u voldoen in onze online RC Koop-winkel, aangezien we hier NB 5 Meo Dalt te koop hebben. Plaats uw bestelling en ontvang elke dag betaalbare aanbiedingen.","og_url":"https:\/\/rckopen.com\/pt\/produto\/comprar-nb-5-meo-dalt-oxalato\/","og_site_name":"RC Kopen","article_modified_time":"2025-02-04T05:37:00+00:00","og_image":[{"width":600,"height":600,"url":"https:\/\/rckopen.com\/wp-content\/uploads\/2023\/08\/NB-5-MeO-DALT-oxalate.jpg","type":"image\/jpeg"}],"twitter_card":"summary_large_image","twitter_misc":{"Tempo estimado de leitura":"3 minutos"},"schema":{"@context":"https:\/\/schema.org","@graph":[{"@type":"WebPage","@id":"https:\/\/rckopen.com\/product\/koop-nb-5-meo-dalt-oxalaat\/","url":"https:\/\/rckopen.com\/product\/koop-nb-5-meo-dalt-oxalaat\/","name":"NB 5 Meo Dalt Oxalaat online kopen - NB 5 Meo Dalt for Sale","isPartOf":{"@id":"https:\/\/rckopen.com\/#website"},"primaryImageOfPage":{"@id":"https:\/\/rckopen.com\/product\/koop-nb-5-meo-dalt-oxalaat\/#primaryimage"},"image":{"@id":"https:\/\/rckopen.com\/product\/koop-nb-5-meo-dalt-oxalaat\/#primaryimage"},"thumbnailUrl":"https:\/\/rckopen.com\/wp-content\/uploads\/2023\/08\/NB-5-MeO-DALT-oxalate.jpg","datePublished":"2023-08-18T05:33:37+00:00","dateModified":"2025-02-04T05:37:00+00:00","description":"Aan uw vereiste om NB 5 Meo Dalt Oxalaat te kopen, kunt u voldoen in onze online RC Koop-winkel, aangezien we hier NB 5 Meo Dalt te koop hebben. Plaats uw bestelling en ontvang elke dag betaalbare aanbiedingen.","breadcrumb":{"@id":"https:\/\/rckopen.com\/product\/koop-nb-5-meo-dalt-oxalaat\/#breadcrumb"},"inLanguage":"pt-PT","potentialAction":[{"@type":"ReadAction","target":["https:\/\/rckopen.com\/product\/koop-nb-5-meo-dalt-oxalaat\/"]}]},{"@type":"ImageObject","inLanguage":"pt-PT","@id":"https:\/\/rckopen.com\/product\/koop-nb-5-meo-dalt-oxalaat\/#primaryimage","url":"https:\/\/rckopen.com\/wp-content\/uploads\/2023\/08\/NB-5-MeO-DALT-oxalate.jpg","contentUrl":"https:\/\/rckopen.com\/wp-content\/uploads\/2023\/08\/NB-5-MeO-DALT-oxalate.jpg","width":600,"height":600,"caption":"NB-5-MeO-DALT-(oxalate) online kopen"},{"@type":"BreadcrumbList","@id":"https:\/\/rckopen.com\/product\/koop-nb-5-meo-dalt-oxalaat\/#breadcrumb","itemListElement":[{"@type":"ListItem","position":1,"name":"Home","item":"https:\/\/rckopen.com\/"},{"@type":"ListItem","position":2,"name":"Shop","item":"https:\/\/rckopen.com\/shop\/"},{"@type":"ListItem","position":3,"name":"NB-5-MeO-DALT (oxalate) online kopen"}]},{"@type":"WebSite","@id":"https:\/\/rckopen.com\/#website","url":"https:\/\/rckopen.com\/","name":"RC Kopen","description":"Research Chemicals","potentialAction":[{"@type":"SearchAction","target":{"@type":"EntryPoint","urlTemplate":"https:\/\/rckopen.com\/?s={search_term_string}"},"query-input":{"@type":"PropertyValueSpecification","valueRequired":true,"valueName":"search_term_string"}}],"inLanguage":"pt-PT"}]}},"_links":{"self":[{"href":"https:\/\/rckopen.com\/pt\/wp-json\/wp\/v2\/product\/6690","targetHints":{"allow":["GET"]}}],"collection":[{"href":"https:\/\/rckopen.com\/pt\/wp-json\/wp\/v2\/product"}],"about":[{"href":"https:\/\/rckopen.com\/pt\/wp-json\/wp\/v2\/types\/product"}],"replies":[{"embeddable":true,"href":"https:\/\/rckopen.com\/pt\/wp-json\/wp\/v2\/comments?post=6690"}],"wp:featuredmedia":[{"embeddable":true,"href":"https:\/\/rckopen.com\/pt\/wp-json\/wp\/v2\/media\/6891"}],"wp:attachment":[{"href":"https:\/\/rckopen.com\/pt\/wp-json\/wp\/v2\/media?parent=6690"}],"wp:term":[{"taxonomy":"product_brand","embeddable":true,"href":"https:\/\/rckopen.com\/pt\/wp-json\/wp\/v2\/product_brand?post=6690"},{"taxonomy":"product_cat","embeddable":true,"href":"https:\/\/rckopen.com\/pt\/wp-json\/wp\/v2\/product_cat?post=6690"},{"taxonomy":"product_tag","embeddable":true,"href":"https:\/\/rckopen.com\/pt\/wp-json\/wp\/v2\/product_tag?post=6690"}],"curies":[{"name":"wp","href":"https:\/\/api.w.org\/{rel}","templated":true}]}}