{"id":6692,"date":"2023-08-17T10:28:13","date_gmt":"2023-08-17T10:28:13","guid":{"rendered":"https:\/\/diligentplug.com\/chems\/?post_type=product&#038;p=6692"},"modified":"2025-01-31T09:51:38","modified_gmt":"2025-01-31T09:51:38","slug":"5-bromo-dmt-fumarate","status":"publish","type":"product","link":"https:\/\/rckopen.com\/pt\/produto\/5-fumarato-de-bromo-dmt\/","title":{"rendered":"Compre 5-Bromo-DMT FUMARATE Online"},"content":{"rendered":"<h2>Ontgrendel nieuwe ervaringen met 5-CL-DMT online kopen.FUMARATE: uw toegangspoort tot verkenning<\/h2>\n<p>Voc\u00ea est\u00e1 pronto para embarcar em uma jornada extraordin\u00e1ria de descoberta e explora\u00e7\u00e3o? N\u00e3o procure mais que rckopen.com! Somos o seu primeiro destino para <a href=\"https:\/\/rckopen.com\/pt\/produto\/5-fumarato-de-bromo-dmt\/\">5-CL-DMT FUMARATE<\/a> sob encomenda, uma composi\u00e7\u00e3o que promete abrir novos reinos de experi\u00eancia e compreens\u00e3o.<\/p>\n<h3>Onde comprar 5-CL-DMT .FUMARATE: a sua fonte de confian\u00e7a<\/h3>\n<p>Encontrar uma fonte confi\u00e1vel para comprar 5-CL-DMT .FUMARATE pode ser um desafio, mas o rckopen.com torna isso f\u00e1cil. Como fornecedores confi\u00e1veis \u200b\u200bde produtos qu\u00edmicos para pesquisa, temos orgulho de oferecer aos nossos clientes apenas compostos da mais alta qualidade. Ao comprar conosco, voc\u00ea pode ter certeza de que est\u00e1 adquirindo um produto que atende aos mais rigorosos padr\u00f5es de pureza e pot\u00eancia.<\/p>\n<p>Experimente a diferen\u00e7a: pe\u00e7a hoje <a href=\"https:\/\/en.wikipedia.org\/wiki\/5-Bromo-DMT\">5-CL-DMT .FUMARATO<\/a><br \/>\nPronta para dar o mergulho e explorar as profundezas da tua consci\u00eancia com 5-CL-DMT .FUMARATE? Encomendar em rckopen.com \u00e9 r\u00e1pido, f\u00e1cil e seguro. Navegue pela nossa gama, adicione os produtos desejados ao seu carrinho e proceda ao checkout. Com uma embalagem discreta e entrega r\u00e1pida, a sua viagem para comprar legalmente 5-CL-DMT .FUMARATE pode come\u00e7ar mais cedo do que pensa.<\/p>\n<h3>Comprar 5-CL-DMT .FUMARATE legalmente e com seguran\u00e7a<\/h3>\n<p>Preocupado com a legalidade da compra de 5-CL-DMT .FUMARATO? Voc\u00ea pode ter certeza de que quando voc\u00ea <a href=\"https:\/\/rckopen.com\/pt\/\">RCKOpen.com<\/a> Se voc\u00ea comprar, fa\u00e7a isso de maneira legal e respons\u00e1vel. Cumprimos rigorosamente todos os regulamentos e diretrizes relevantes, garantindo que sua compra seja segura e leg\u00edtima.<\/p>\n<h3>Desbloqueia possibilidades ilimitadas: descobre a nossa loja 5-CL-DMT .FUMARATE<\/h3>\n<p>Pronto para embarcar na tua pr\u00f3xima aventura? Visita a nossa loja 5-CL-DMT .FUMARATE hoje e descobre um mundo de possibilidades. Quer queiras expandir a tua consci\u00eancia, aumentar a tua criatividade ou simplesmente experimentar a vida a partir de uma nova perspetiva, rckopen.com tem tudo o que precisas para o fazer acontecer.<\/p>\n<h3>Compre 5-CL-DMT Online.FUMARATE no Reino Unido e no exterior<\/h3>\n<p>Localizado na Gr\u00e3-Bretanha, rckopen.com \u00e9 a sua fonte preferida para comprar 5-CL-DMT .FUMARATE na Gr\u00e3-Bretanha. Com envio r\u00e1pido e pre\u00e7os competitivos, facilitamos o acesso dos residentes do Reino Unido a este composto not\u00e1vel. Mas o nosso alcance estende-se muito para al\u00e9m das fronteiras do Reino Unido - temos orgulho em servir clientes de todo o mundo, fornecendo 5-CL-DMT .FUMARATE a entusiastas de todo o mundo.<\/p>\n<h3>N\u00e3o necessita de receita m\u00e9dica: comprar 5-CL-DMT .FUMARATE sem complica\u00e7\u00f5es<\/h3>\n<p>Diga adeus ao inc\u00f3modo de obter uma receita m\u00e9dica: em rckopen.com, pode comprar 5-CL-DMT .FUMARATE sem burocracias desnecess\u00e1rias. O acesso a compostos transformadores deve ser simples e direto. \u00c9 por isso que simplific\u00e1mos o processo de compra para sua conveni\u00eancia.<\/p>\n<h3>A tua viagem come\u00e7a aqui: Descubra 5-CL-DMT .FUMARATE com rckopen.com<\/h3>\n<p>Pronto para desbloquear novas dimens\u00f5es de consci\u00eancia e experi\u00eancia? N\u00e3o esperes mais - visita rckopen.com hoje e come\u00e7a a tua viagem com 5-CL-DMT .FUMARATE para venda. Com o nosso compromisso com a qualidade, seguran\u00e7a e satisfa\u00e7\u00e3o do cliente, somos o seu parceiro de confian\u00e7a na explora\u00e7\u00e3o e descoberta.<\/p>","protected":false},"excerpt":{"rendered":"<p><strong>Nome IUPAC: <\/strong>2-(5-Bromo-1H-indol-3-yl)-N,N-dimethylethan-1-amine<\/p>\n<p><strong>CAS # <\/strong>17274-65-6<\/p>\n<p><strong>Outro nome: <\/strong>5-bromo-N,N-dimetiltriptamina<\/p>\n<p><strong>Forma: <\/strong>p\u00f3<\/p>\n<p><strong>An\u00e1lise NMR: <\/strong>C12H15BrN2<\/p>\n<p><strong>Nome IUPAC: <\/strong>2-(5-Bromo-1H-indol-3-yl)-N,N-dimethylethan-1-amine<\/p>\n<p><strong>CAS # <\/strong>17274-65-6<\/p>\n<p><strong>Outro nome: <\/strong>5-bromo-N,N-dimetiltriptamina<\/p>\n<p><strong>Forma: <\/strong>p\u00f3<\/p>\n<p><strong>An\u00e1lise NMR: <\/strong>C12H15BrN2<\/p>","protected":false},"featured_media":6857,"comment_status":"open","ping_status":"closed","template":"","meta":{"_joinchat":[]},"product_brand":[],"product_cat":[149],"product_tag":[],"class_list":{"0":"post-6692","1":"product","2":"type-product","3":"status-publish","4":"has-post-thumbnail","6":"product_cat-tryptaminen","8":"first","9":"instock","10":"shipping-taxable","11":"purchasable","12":"product-type-variable"},"yoast_head":"<!-- This site is optimized with the Yoast SEO plugin v26.3 - https:\/\/yoast.com\/wordpress\/plugins\/seo\/ -->\n<title>5-Bromo-DMT-Fumarate online kopen - 5-Bromo-DMT te koop<\/title>\n<meta name=\"description\" content=\"Onze winkel heeft de topkwaliteit 5-Bromo-DMT-Fumaraat te koop. U kunt nooit om de kwaliteit van onze producten heen. Als u dat nodig heeft, kunt u 5-Bromo-DMT-Fumaraat meteen online kopen. Bestel nu!\" \/>\n<meta name=\"robots\" content=\"index, follow, max-snippet:-1, max-image-preview:large, max-video-preview:-1\" \/>\n<link rel=\"canonical\" href=\"https:\/\/rckopen.com\/pt\/produto\/5-fumarato-de-bromo-dmt\/\" \/>\n<meta property=\"og:locale\" content=\"pt_PT\" \/>\n<meta property=\"og:type\" content=\"article\" \/>\n<meta property=\"og:title\" content=\"5-Bromo-DMT-Fumarate online kopen - 5-Bromo-DMT te koop\" \/>\n<meta property=\"og:description\" content=\"Onze winkel heeft de topkwaliteit 5-Bromo-DMT-Fumaraat te koop. U kunt nooit om de kwaliteit van onze producten heen. Als u dat nodig heeft, kunt u 5-Bromo-DMT-Fumaraat meteen online kopen. Bestel nu!\" \/>\n<meta property=\"og:url\" content=\"https:\/\/rckopen.com\/pt\/produto\/5-fumarato-de-bromo-dmt\/\" \/>\n<meta property=\"og:site_name\" content=\"RC Kopen\" \/>\n<meta property=\"article:modified_time\" content=\"2025-01-31T09:51:38+00:00\" \/>\n<meta property=\"og:image\" content=\"https:\/\/rckopen.com\/wp-content\/uploads\/2023\/08\/5-Bromo-DMT-.FUMARATE.jpg\" \/>\n\t<meta property=\"og:image:width\" content=\"600\" \/>\n\t<meta property=\"og:image:height\" content=\"600\" \/>\n\t<meta property=\"og:image:type\" content=\"image\/jpeg\" \/>\n<meta name=\"twitter:card\" content=\"summary_large_image\" \/>\n<meta name=\"twitter:label1\" content=\"Tempo estimado de leitura\" \/>\n\t<meta name=\"twitter:data1\" content=\"3 minutos\" \/>\n<script type=\"application\/ld+json\" class=\"yoast-schema-graph\">{\"@context\":\"https:\/\/schema.org\",\"@graph\":[{\"@type\":\"WebPage\",\"@id\":\"https:\/\/rckopen.com\/product\/5-bromo-dmt-fumarate\/\",\"url\":\"https:\/\/rckopen.com\/product\/5-bromo-dmt-fumarate\/\",\"name\":\"5-Bromo-DMT-Fumarate online kopen - 5-Bromo-DMT te koop\",\"isPartOf\":{\"@id\":\"https:\/\/rckopen.com\/#website\"},\"primaryImageOfPage\":{\"@id\":\"https:\/\/rckopen.com\/product\/5-bromo-dmt-fumarate\/#primaryimage\"},\"image\":{\"@id\":\"https:\/\/rckopen.com\/product\/5-bromo-dmt-fumarate\/#primaryimage\"},\"thumbnailUrl\":\"https:\/\/rckopen.com\/wp-content\/uploads\/2023\/08\/5-Bromo-DMT-.FUMARATE.jpg\",\"datePublished\":\"2023-08-17T10:28:13+00:00\",\"dateModified\":\"2025-01-31T09:51:38+00:00\",\"description\":\"Onze winkel heeft de topkwaliteit 5-Bromo-DMT-Fumaraat te koop. U kunt nooit om de kwaliteit van onze producten heen. Als u dat nodig heeft, kunt u 5-Bromo-DMT-Fumaraat meteen online kopen. Bestel nu!\",\"breadcrumb\":{\"@id\":\"https:\/\/rckopen.com\/product\/5-bromo-dmt-fumarate\/#breadcrumb\"},\"inLanguage\":\"pt-PT\",\"potentialAction\":[{\"@type\":\"ReadAction\",\"target\":[\"https:\/\/rckopen.com\/product\/5-bromo-dmt-fumarate\/\"]}]},{\"@type\":\"ImageObject\",\"inLanguage\":\"pt-PT\",\"@id\":\"https:\/\/rckopen.com\/product\/5-bromo-dmt-fumarate\/#primaryimage\",\"url\":\"https:\/\/rckopen.com\/wp-content\/uploads\/2023\/08\/5-Bromo-DMT-.FUMARATE.jpg\",\"contentUrl\":\"https:\/\/rckopen.com\/wp-content\/uploads\/2023\/08\/5-Bromo-DMT-.FUMARATE.jpg\",\"width\":600,\"height\":600,\"caption\":\"5-Bromo-DMT-.FUMARATE online kopen\"},{\"@type\":\"BreadcrumbList\",\"@id\":\"https:\/\/rckopen.com\/product\/5-bromo-dmt-fumarate\/#breadcrumb\",\"itemListElement\":[{\"@type\":\"ListItem\",\"position\":1,\"name\":\"Home\",\"item\":\"https:\/\/rckopen.com\/\"},{\"@type\":\"ListItem\",\"position\":2,\"name\":\"Shop\",\"item\":\"https:\/\/rckopen.com\/shop\/\"},{\"@type\":\"ListItem\",\"position\":3,\"name\":\"5-Bromo-DMT FUMARATE online kopen\"}]},{\"@type\":\"WebSite\",\"@id\":\"https:\/\/rckopen.com\/#website\",\"url\":\"https:\/\/rckopen.com\/\",\"name\":\"RC Kopen\",\"description\":\"Research Chemicals\",\"potentialAction\":[{\"@type\":\"SearchAction\",\"target\":{\"@type\":\"EntryPoint\",\"urlTemplate\":\"https:\/\/rckopen.com\/?s={search_term_string}\"},\"query-input\":{\"@type\":\"PropertyValueSpecification\",\"valueRequired\":true,\"valueName\":\"search_term_string\"}}],\"inLanguage\":\"pt-PT\"}]}<\/script>\n<!-- \/ Yoast SEO plugin. -->","yoast_head_json":{"title":"5-Bromo-DMT-Fumarate online kopen - 5-Bromo-DMT te koop","description":"Onze winkel heeft de topkwaliteit 5-Bromo-DMT-Fumaraat te koop. U kunt nooit om de kwaliteit van onze producten heen. Als u dat nodig heeft, kunt u 5-Bromo-DMT-Fumaraat meteen online kopen. Bestel nu!","robots":{"index":"index","follow":"follow","max-snippet":"max-snippet:-1","max-image-preview":"max-image-preview:large","max-video-preview":"max-video-preview:-1"},"canonical":"https:\/\/rckopen.com\/pt\/produto\/5-fumarato-de-bromo-dmt\/","og_locale":"pt_PT","og_type":"article","og_title":"5-Bromo-DMT-Fumarate online kopen - 5-Bromo-DMT te koop","og_description":"Onze winkel heeft de topkwaliteit 5-Bromo-DMT-Fumaraat te koop. U kunt nooit om de kwaliteit van onze producten heen. Als u dat nodig heeft, kunt u 5-Bromo-DMT-Fumaraat meteen online kopen. Bestel nu!","og_url":"https:\/\/rckopen.com\/pt\/produto\/5-fumarato-de-bromo-dmt\/","og_site_name":"RC Kopen","article_modified_time":"2025-01-31T09:51:38+00:00","og_image":[{"width":600,"height":600,"url":"https:\/\/rckopen.com\/wp-content\/uploads\/2023\/08\/5-Bromo-DMT-.FUMARATE.jpg","type":"image\/jpeg"}],"twitter_card":"summary_large_image","twitter_misc":{"Tempo estimado de leitura":"3 minutos"},"schema":{"@context":"https:\/\/schema.org","@graph":[{"@type":"WebPage","@id":"https:\/\/rckopen.com\/product\/5-bromo-dmt-fumarate\/","url":"https:\/\/rckopen.com\/product\/5-bromo-dmt-fumarate\/","name":"5-Bromo-DMT-Fumarate online kopen - 5-Bromo-DMT te koop","isPartOf":{"@id":"https:\/\/rckopen.com\/#website"},"primaryImageOfPage":{"@id":"https:\/\/rckopen.com\/product\/5-bromo-dmt-fumarate\/#primaryimage"},"image":{"@id":"https:\/\/rckopen.com\/product\/5-bromo-dmt-fumarate\/#primaryimage"},"thumbnailUrl":"https:\/\/rckopen.com\/wp-content\/uploads\/2023\/08\/5-Bromo-DMT-.FUMARATE.jpg","datePublished":"2023-08-17T10:28:13+00:00","dateModified":"2025-01-31T09:51:38+00:00","description":"Onze winkel heeft de topkwaliteit 5-Bromo-DMT-Fumaraat te koop. U kunt nooit om de kwaliteit van onze producten heen. Als u dat nodig heeft, kunt u 5-Bromo-DMT-Fumaraat meteen online kopen. Bestel nu!","breadcrumb":{"@id":"https:\/\/rckopen.com\/product\/5-bromo-dmt-fumarate\/#breadcrumb"},"inLanguage":"pt-PT","potentialAction":[{"@type":"ReadAction","target":["https:\/\/rckopen.com\/product\/5-bromo-dmt-fumarate\/"]}]},{"@type":"ImageObject","inLanguage":"pt-PT","@id":"https:\/\/rckopen.com\/product\/5-bromo-dmt-fumarate\/#primaryimage","url":"https:\/\/rckopen.com\/wp-content\/uploads\/2023\/08\/5-Bromo-DMT-.FUMARATE.jpg","contentUrl":"https:\/\/rckopen.com\/wp-content\/uploads\/2023\/08\/5-Bromo-DMT-.FUMARATE.jpg","width":600,"height":600,"caption":"5-Bromo-DMT-.FUMARATE online kopen"},{"@type":"BreadcrumbList","@id":"https:\/\/rckopen.com\/product\/5-bromo-dmt-fumarate\/#breadcrumb","itemListElement":[{"@type":"ListItem","position":1,"name":"Home","item":"https:\/\/rckopen.com\/"},{"@type":"ListItem","position":2,"name":"Shop","item":"https:\/\/rckopen.com\/shop\/"},{"@type":"ListItem","position":3,"name":"5-Bromo-DMT FUMARATE online kopen"}]},{"@type":"WebSite","@id":"https:\/\/rckopen.com\/#website","url":"https:\/\/rckopen.com\/","name":"RC Kopen","description":"Research Chemicals","potentialAction":[{"@type":"SearchAction","target":{"@type":"EntryPoint","urlTemplate":"https:\/\/rckopen.com\/?s={search_term_string}"},"query-input":{"@type":"PropertyValueSpecification","valueRequired":true,"valueName":"search_term_string"}}],"inLanguage":"pt-PT"}]}},"_links":{"self":[{"href":"https:\/\/rckopen.com\/pt\/wp-json\/wp\/v2\/product\/6692","targetHints":{"allow":["GET"]}}],"collection":[{"href":"https:\/\/rckopen.com\/pt\/wp-json\/wp\/v2\/product"}],"about":[{"href":"https:\/\/rckopen.com\/pt\/wp-json\/wp\/v2\/types\/product"}],"replies":[{"embeddable":true,"href":"https:\/\/rckopen.com\/pt\/wp-json\/wp\/v2\/comments?post=6692"}],"wp:featuredmedia":[{"embeddable":true,"href":"https:\/\/rckopen.com\/pt\/wp-json\/wp\/v2\/media\/6857"}],"wp:attachment":[{"href":"https:\/\/rckopen.com\/pt\/wp-json\/wp\/v2\/media?parent=6692"}],"wp:term":[{"taxonomy":"product_brand","embeddable":true,"href":"https:\/\/rckopen.com\/pt\/wp-json\/wp\/v2\/product_brand?post=6692"},{"taxonomy":"product_cat","embeddable":true,"href":"https:\/\/rckopen.com\/pt\/wp-json\/wp\/v2\/product_cat?post=6692"},{"taxonomy":"product_tag","embeddable":true,"href":"https:\/\/rckopen.com\/pt\/wp-json\/wp\/v2\/product_tag?post=6692"}],"curies":[{"name":"wp","href":"https:\/\/api.w.org\/{rel}","templated":true}]}}