{"id":6694,"date":"2023-08-17T10:31:13","date_gmt":"2023-08-17T10:31:13","guid":{"rendered":"https:\/\/diligentplug.com\/chems\/?post_type=product&#038;p=6694"},"modified":"2025-02-03T05:35:51","modified_gmt":"2025-02-03T05:35:51","slug":"amt-succinate","status":"publish","type":"product","link":"https:\/\/rckopen.com\/pt\/produto\/succinato-de-amt\/","title":{"rendered":"Compre succinato AMT online"},"content":{"rendered":"<h2>Onde comprar succinato de AMT online: o seu guia completo<\/h2>\n<p>Se voc\u00ea <a href=\"https:\/\/rckopen.com\/pt\/produto\/succinato-de-amt\/\">Succinato AMT<\/a> Se voc\u00ea quer comprar online, voc\u00ea veio ao lugar certo. Com sua popularidade crescente, encontrar uma fonte confi\u00e1vel de succinato de AMT pode ser crucial. Seja voc\u00ea um pesquisador experiente ou um novato na explora\u00e7\u00e3o de seu potencial, temos as melhores dicas e recomenda\u00e7\u00f5es para voc\u00ea comprar AMT Succinato de forma legal e f\u00e1cil.<\/p>\n<h2>Porqu\u00ea succinato de AMT?<\/h2>\n<p>Antes de falarmos sobre onde comprar succinato de AMT, vamos discutir brevemente porque \u00e9 que esta droga atraiu a aten\u00e7\u00e3o. O succinato de AMT, tamb\u00e9m conhecido como succinato de alfa-metiltriptamina, \u00e9 uma subst\u00e2ncia de investiga\u00e7\u00e3o conhecida pelas suas propriedades psicoactivas. Os investigadores est\u00e3o interessados em estudar os seus efeitos no c\u00e9rebro e no comportamento, o que a torna uma subst\u00e2ncia muito procurada nos meios cient\u00edficos.<\/p>\n<h3>Dicas para comprar succinato de AMT online<\/h3>\n<p>Quando se trata de fazer pedidos on-line <a href=\"https:\/\/en.wikipedia.org\/wiki\/AMT\">AMT<\/a> Quando se trata de encomendar AMT Succinate online, \u00e9 essencial dar prioridade \u00e0 seguran\u00e7a e \u00e0 fiabilidade. Eis alguns conselhos a ter em conta antes de efetuar a sua compra:<\/p>\n<p>1. Pesquisa exaustiva: Antes de comprar o succinato de AMT, dedique algum tempo a pesquisar fornecedores reputados. Procure fornecedores com cr\u00edticas positivas e um historial de fornecimento de produtos de alta qualidade.<\/p>\n<p>2. Verificar a legalidade: certifique-se de que a compra de succinato de AMT \u00e9 legal na sua regi\u00e3o. Embora possa estar dispon\u00edvel em muitos locais para fins de investiga\u00e7\u00e3o, os regulamentos podem variar, pelo que \u00e9 crucial manter-se informado.<\/p>\n<p>3. Verificar a qualidade do produto: Procure fornecedores que ofere\u00e7am testes de terceiros para verificar a pureza e a pot\u00eancia do seu succinato de AMT. Isto ir\u00e1 garantir que obt\u00e9m um produto que satisfaz as suas necessidades de investiga\u00e7\u00e3o.<\/p>\n<p>4. Considerar as pol\u00edticas de envio: Verifique a pol\u00edtica de envio do fornecedor, incluindo os prazos de entrega e os m\u00e9todos de envio. Escolha fornecedores que ofere\u00e7am Succinato de AMT sem receita m\u00e9dica e com embalagens discretas para manter a privacidade.<\/p>\n<p>5. Apoio ao cliente: Escolha um fornecedor que ofere\u00e7a um excelente apoio ao cliente. Se tiver d\u00favidas ou coment\u00e1rios sobre a sua compra, ter acesso a pessoal qualificado pode ser inestim\u00e1vel.<\/p>\n<h3>Principais recomenda\u00e7\u00f5es: rckopen.com<\/h3>\n<p>Comprar Succinato de AMT no Reino Unido pode ser um processo simples e seguro se for feito corretamente. Para aqueles que procuram uma fonte fi\u00e1vel para comprar AMT Succinate online, recomendamos que visitem rckopen.com. Eis a raz\u00e3o:<br \/>\n- Vasta sele\u00e7\u00e3o: rckopen.com oferece uma vasta gama de produtos qu\u00edmicos de investiga\u00e7\u00e3o, incluindo succinato de AMT, para venda, garantindo-lhe o acesso aos compostos de que necessita para a sua investiga\u00e7\u00e3o.<\/p>\n<p>- Garantia de qualidade: Com um compromisso de qualidade, a rckopen.com fornece produtos que s\u00e3o submetidos a testes rigorosos para garantir a pureza e a pot\u00eancia.<\/p>\n<p>- Conformidade legal: pode ter a certeza de que as compras em rckopen.com s\u00e3o legais e cumprem os regulamentos relativos a produtos qu\u00edmicos de investiga\u00e7\u00e3o.<\/p>\n<p>- Transac\u00e7\u00f5es seguras: Desfrute da tranquilidade das transac\u00e7\u00f5es em linha seguras e das op\u00e7\u00f5es de envio discretas oferecidas pela rckopen.com.<\/p>\n<p>\u2022 Atendimento ao cliente \u00e1gil: precisa de ajuda? A equipe de <a href=\"https:\/\/rckopen.com\/pt\/\">rckopen.com<\/a> est\u00e1 comprometida em fornecer suporte ao cliente r\u00e1pido e \u00fatil para responder a quaisquer perguntas ou preocupa\u00e7\u00f5es que voc\u00ea possa ter.<\/p>\n<p>Quando se trata de comprar AMT Succinate online, dar prioridade \u00e0 seguran\u00e7a, legalidade e qualidade \u00e9 fundamental. Seguindo as nossas melhores dicas e considerando fontes fi\u00e1veis como rckopen.com, pode garantir uma experi\u00eancia de compra sem problemas para todas as suas necessidades de pesquisa. Desbloqueie os benef\u00edcios do succinato de AMT para venda de forma respons\u00e1vel.<\/p>","protected":false},"excerpt":{"rendered":"<p><strong>Nome IUPAC:<\/strong><\/p>\n<p><strong>CAS # <\/strong>299-26-3<\/p>\n<p><strong>Outro nome: <\/strong>alfa-metiltriptamina<\/p>\n<p><strong>An\u00e1lise NMR: <\/strong>C11H14N2<\/p>","protected":false},"featured_media":6868,"comment_status":"open","ping_status":"closed","template":"","meta":{"_joinchat":[]},"product_brand":[],"product_cat":[149],"product_tag":[],"class_list":{"0":"post-6694","1":"product","2":"type-product","3":"status-publish","4":"has-post-thumbnail","6":"product_cat-tryptaminen","8":"first","9":"instock","10":"shipping-taxable","11":"purchasable","12":"product-type-variable"},"yoast_head":"<!-- This site is optimized with the Yoast SEO plugin v26.3 - https:\/\/yoast.com\/wordpress\/plugins\/seo\/ -->\n<title>Amt Succinate online kopen - Amt Succinate te koop<\/title>\n<meta name=\"description\" content=\"Amt Succinate te koop is nu eenvoudig verkrijgbaar in onze online winkel. U kunt rechtstreeks verbinding maken met onze chemicali\u00ebnwinkel en Amt Succinate online kopen tegen de beste prijzen.\" \/>\n<meta name=\"robots\" content=\"index, follow, max-snippet:-1, max-image-preview:large, max-video-preview:-1\" \/>\n<link rel=\"canonical\" href=\"https:\/\/rckopen.com\/pt\/produto\/succinato-de-amt\/\" \/>\n<meta property=\"og:locale\" content=\"pt_PT\" \/>\n<meta property=\"og:type\" content=\"article\" \/>\n<meta property=\"og:title\" content=\"Amt Succinate online kopen - Amt Succinate te koop\" \/>\n<meta property=\"og:description\" content=\"Amt Succinate te koop is nu eenvoudig verkrijgbaar in onze online winkel. U kunt rechtstreeks verbinding maken met onze chemicali\u00ebnwinkel en Amt Succinate online kopen tegen de beste prijzen.\" \/>\n<meta property=\"og:url\" content=\"https:\/\/rckopen.com\/pt\/produto\/succinato-de-amt\/\" \/>\n<meta property=\"og:site_name\" content=\"RC Kopen\" \/>\n<meta property=\"article:modified_time\" content=\"2025-02-03T05:35:51+00:00\" \/>\n<meta property=\"og:image\" content=\"https:\/\/rckopen.com\/wp-content\/uploads\/2023\/08\/AMT-succinate.jpg\" \/>\n\t<meta property=\"og:image:width\" content=\"600\" \/>\n\t<meta property=\"og:image:height\" content=\"600\" \/>\n\t<meta property=\"og:image:type\" content=\"image\/jpeg\" \/>\n<meta name=\"twitter:card\" content=\"summary_large_image\" \/>\n<meta name=\"twitter:label1\" content=\"Tempo estimado de leitura\" \/>\n\t<meta name=\"twitter:data1\" content=\"3 minutos\" \/>\n<script type=\"application\/ld+json\" class=\"yoast-schema-graph\">{\"@context\":\"https:\/\/schema.org\",\"@graph\":[{\"@type\":\"WebPage\",\"@id\":\"https:\/\/rckopen.com\/product\/amt-succinate\/\",\"url\":\"https:\/\/rckopen.com\/product\/amt-succinate\/\",\"name\":\"Amt Succinate online kopen - Amt Succinate te koop\",\"isPartOf\":{\"@id\":\"https:\/\/rckopen.com\/#website\"},\"primaryImageOfPage\":{\"@id\":\"https:\/\/rckopen.com\/product\/amt-succinate\/#primaryimage\"},\"image\":{\"@id\":\"https:\/\/rckopen.com\/product\/amt-succinate\/#primaryimage\"},\"thumbnailUrl\":\"https:\/\/rckopen.com\/wp-content\/uploads\/2023\/08\/AMT-succinate.jpg\",\"datePublished\":\"2023-08-17T10:31:13+00:00\",\"dateModified\":\"2025-02-03T05:35:51+00:00\",\"description\":\"Amt Succinate te koop is nu eenvoudig verkrijgbaar in onze online winkel. U kunt rechtstreeks verbinding maken met onze chemicali\u00ebnwinkel en Amt Succinate online kopen tegen de beste prijzen.\",\"breadcrumb\":{\"@id\":\"https:\/\/rckopen.com\/product\/amt-succinate\/#breadcrumb\"},\"inLanguage\":\"pt-PT\",\"potentialAction\":[{\"@type\":\"ReadAction\",\"target\":[\"https:\/\/rckopen.com\/product\/amt-succinate\/\"]}]},{\"@type\":\"ImageObject\",\"inLanguage\":\"pt-PT\",\"@id\":\"https:\/\/rckopen.com\/product\/amt-succinate\/#primaryimage\",\"url\":\"https:\/\/rckopen.com\/wp-content\/uploads\/2023\/08\/AMT-succinate.jpg\",\"contentUrl\":\"https:\/\/rckopen.com\/wp-content\/uploads\/2023\/08\/AMT-succinate.jpg\",\"width\":600,\"height\":600,\"caption\":\"AMT-succinate online kopen\"},{\"@type\":\"BreadcrumbList\",\"@id\":\"https:\/\/rckopen.com\/product\/amt-succinate\/#breadcrumb\",\"itemListElement\":[{\"@type\":\"ListItem\",\"position\":1,\"name\":\"Home\",\"item\":\"https:\/\/rckopen.com\/\"},{\"@type\":\"ListItem\",\"position\":2,\"name\":\"Shop\",\"item\":\"https:\/\/rckopen.com\/shop\/\"},{\"@type\":\"ListItem\",\"position\":3,\"name\":\"AMT succinate online kopen\"}]},{\"@type\":\"WebSite\",\"@id\":\"https:\/\/rckopen.com\/#website\",\"url\":\"https:\/\/rckopen.com\/\",\"name\":\"RC Kopen\",\"description\":\"Research Chemicals\",\"potentialAction\":[{\"@type\":\"SearchAction\",\"target\":{\"@type\":\"EntryPoint\",\"urlTemplate\":\"https:\/\/rckopen.com\/?s={search_term_string}\"},\"query-input\":{\"@type\":\"PropertyValueSpecification\",\"valueRequired\":true,\"valueName\":\"search_term_string\"}}],\"inLanguage\":\"pt-PT\"}]}<\/script>\n<!-- \/ Yoast SEO plugin. -->","yoast_head_json":{"title":"Amt Succinate online kopen - Amt Succinate te koop","description":"Amt Succinate te koop is nu eenvoudig verkrijgbaar in onze online winkel. U kunt rechtstreeks verbinding maken met onze chemicali\u00ebnwinkel en Amt Succinate online kopen tegen de beste prijzen.","robots":{"index":"index","follow":"follow","max-snippet":"max-snippet:-1","max-image-preview":"max-image-preview:large","max-video-preview":"max-video-preview:-1"},"canonical":"https:\/\/rckopen.com\/pt\/produto\/succinato-de-amt\/","og_locale":"pt_PT","og_type":"article","og_title":"Amt Succinate online kopen - Amt Succinate te koop","og_description":"Amt Succinate te koop is nu eenvoudig verkrijgbaar in onze online winkel. U kunt rechtstreeks verbinding maken met onze chemicali\u00ebnwinkel en Amt Succinate online kopen tegen de beste prijzen.","og_url":"https:\/\/rckopen.com\/pt\/produto\/succinato-de-amt\/","og_site_name":"RC Kopen","article_modified_time":"2025-02-03T05:35:51+00:00","og_image":[{"width":600,"height":600,"url":"https:\/\/rckopen.com\/wp-content\/uploads\/2023\/08\/AMT-succinate.jpg","type":"image\/jpeg"}],"twitter_card":"summary_large_image","twitter_misc":{"Tempo estimado de leitura":"3 minutos"},"schema":{"@context":"https:\/\/schema.org","@graph":[{"@type":"WebPage","@id":"https:\/\/rckopen.com\/product\/amt-succinate\/","url":"https:\/\/rckopen.com\/product\/amt-succinate\/","name":"Amt Succinate online kopen - Amt Succinate te koop","isPartOf":{"@id":"https:\/\/rckopen.com\/#website"},"primaryImageOfPage":{"@id":"https:\/\/rckopen.com\/product\/amt-succinate\/#primaryimage"},"image":{"@id":"https:\/\/rckopen.com\/product\/amt-succinate\/#primaryimage"},"thumbnailUrl":"https:\/\/rckopen.com\/wp-content\/uploads\/2023\/08\/AMT-succinate.jpg","datePublished":"2023-08-17T10:31:13+00:00","dateModified":"2025-02-03T05:35:51+00:00","description":"Amt Succinate te koop is nu eenvoudig verkrijgbaar in onze online winkel. U kunt rechtstreeks verbinding maken met onze chemicali\u00ebnwinkel en Amt Succinate online kopen tegen de beste prijzen.","breadcrumb":{"@id":"https:\/\/rckopen.com\/product\/amt-succinate\/#breadcrumb"},"inLanguage":"pt-PT","potentialAction":[{"@type":"ReadAction","target":["https:\/\/rckopen.com\/product\/amt-succinate\/"]}]},{"@type":"ImageObject","inLanguage":"pt-PT","@id":"https:\/\/rckopen.com\/product\/amt-succinate\/#primaryimage","url":"https:\/\/rckopen.com\/wp-content\/uploads\/2023\/08\/AMT-succinate.jpg","contentUrl":"https:\/\/rckopen.com\/wp-content\/uploads\/2023\/08\/AMT-succinate.jpg","width":600,"height":600,"caption":"AMT-succinate online kopen"},{"@type":"BreadcrumbList","@id":"https:\/\/rckopen.com\/product\/amt-succinate\/#breadcrumb","itemListElement":[{"@type":"ListItem","position":1,"name":"Home","item":"https:\/\/rckopen.com\/"},{"@type":"ListItem","position":2,"name":"Shop","item":"https:\/\/rckopen.com\/shop\/"},{"@type":"ListItem","position":3,"name":"AMT succinate online kopen"}]},{"@type":"WebSite","@id":"https:\/\/rckopen.com\/#website","url":"https:\/\/rckopen.com\/","name":"RC Kopen","description":"Research Chemicals","potentialAction":[{"@type":"SearchAction","target":{"@type":"EntryPoint","urlTemplate":"https:\/\/rckopen.com\/?s={search_term_string}"},"query-input":{"@type":"PropertyValueSpecification","valueRequired":true,"valueName":"search_term_string"}}],"inLanguage":"pt-PT"}]}},"_links":{"self":[{"href":"https:\/\/rckopen.com\/pt\/wp-json\/wp\/v2\/product\/6694","targetHints":{"allow":["GET"]}}],"collection":[{"href":"https:\/\/rckopen.com\/pt\/wp-json\/wp\/v2\/product"}],"about":[{"href":"https:\/\/rckopen.com\/pt\/wp-json\/wp\/v2\/types\/product"}],"replies":[{"embeddable":true,"href":"https:\/\/rckopen.com\/pt\/wp-json\/wp\/v2\/comments?post=6694"}],"wp:featuredmedia":[{"embeddable":true,"href":"https:\/\/rckopen.com\/pt\/wp-json\/wp\/v2\/media\/6868"}],"wp:attachment":[{"href":"https:\/\/rckopen.com\/pt\/wp-json\/wp\/v2\/media?parent=6694"}],"wp:term":[{"taxonomy":"product_brand","embeddable":true,"href":"https:\/\/rckopen.com\/pt\/wp-json\/wp\/v2\/product_brand?post=6694"},{"taxonomy":"product_cat","embeddable":true,"href":"https:\/\/rckopen.com\/pt\/wp-json\/wp\/v2\/product_cat?post=6694"},{"taxonomy":"product_tag","embeddable":true,"href":"https:\/\/rckopen.com\/pt\/wp-json\/wp\/v2\/product_tag?post=6694"}],"curies":[{"name":"wp","href":"https:\/\/api.w.org\/{rel}","templated":true}]}}