{"id":6696,"date":"2023-08-17T10:32:21","date_gmt":"2023-08-17T10:32:21","guid":{"rendered":"https:\/\/diligentplug.com\/chems\/?post_type=product&#038;p=6696"},"modified":"2025-02-01T08:33:54","modified_gmt":"2025-02-01T08:33:54","slug":"5-meo-dipt","status":"publish","type":"product","link":"https:\/\/rckopen.com\/pt\/produto\/5-meo-dipt\/","title":{"rendered":"Compre 5-MEO-DIPT Online"},"content":{"rendered":"<h2>Onthulling van de beste deals: waar u online betaalbare 5-MeO-DIPT Online Kopen kunt vinden<\/h2>\n<p>Bem-vindo ao destino final para garantir as melhores ofertas para <a href=\"https:\/\/rckopen.com\/pt\/produto\/5-meo-dipt\/\">5-MeO-DIPT<\/a> \u2013 sua porta de entrada para produtos de alta qualidade a pre\u00e7os imbat\u00edveis. Abelha <a href=\"https:\/\/rckopen.com\/pt\/\">RCKOpen.com<\/a> Temos orgulho de oferecer uma experi\u00eancia de compra perfeita para aqueles que desejam comprar 5-MeO-DIPT online. Com um compromisso com acessibilidade, legalidade e atendimento excepcional ao cliente, somos sua fonte confi\u00e1vel para todas as suas necessidades de 5-MeO-DIPT.<\/p>\n<h3>Explorando suas op\u00e7\u00f5es: onde comprar 5-MeO-DIPT online?<\/h3>\n<p>Voc\u00ea est\u00e1 se perguntando onde voc\u00ea <a href=\"https:\/\/en.wikipedia.org\/wiki\/5-MeO-DiPT\">5-MeO-DIPT<\/a> pode comprar online? N\u00e3o procure mais. O RCKopen oferece uma plataforma conveniente para comprar legalmente 5-MeO-DIPT, garantindo uma experi\u00eancia sem complica\u00e7\u00f5es do in\u00edcio ao fim. Nossa interface amig\u00e1vel e op\u00e7\u00f5es de pagamento seguras facilitam a realiza\u00e7\u00e3o de seu pedido e o recebimento r\u00e1pido dos produtos desejados.<\/p>\n<h3>Descubra ofertas imbat\u00edveis: 5-MeO-DIPT para venda<\/h3>\n<p>Na RCKopen, entendemos a import\u00e2ncia da acessibilidade sem comprometer a qualidade. \u00c9 por isso que oferecemos 5-MeO-DIPT para venda a pre\u00e7os competitivos, para que possa desfrutar dos seus benef\u00edcios sem gastar muito dinheiro. Quer seja um entusiasta experiente ou novo no mundo do 5-MeO-DIPT, temos algo para todos.<\/p>\n<h3>Encomenda sem esfor\u00e7o: eis como encomendar 5-MeO-DIPT<\/h3>\n<p>Fazer a sua encomenda online de 5-MeO-DIPT nunca foi t\u00e3o f\u00e1cil. Basta navegar pela nossa extensa gama, adicionar os produtos desejados ao seu carrinho e proceder ao checkout - \u00e9 assim t\u00e3o f\u00e1cil. Com uma embalagem discreta e um envio fi\u00e1vel, pode confiar na RCKopen para entregar a sua encomenda em sua casa de forma discreta e eficiente.<\/p>\n<h3>Leg\u00edtimo e seguro: compre 5-MeO-DIPT legalmente online<\/h3>\n<p>Quando compra 5-MeO-DIPT na RCKopen, pode ter a certeza de que est\u00e1 a comprar a uma fonte respeit\u00e1vel e legal. Cumprimos todos os regulamentos e directrizes necess\u00e1rios e garantimos que os nossos produtos cumprem os mais elevados padr\u00f5es de seguran\u00e7a e legalidade. A sua satisfa\u00e7\u00e3o e paz de esp\u00edrito s\u00e3o as nossas principais prioridades.<\/p>\n<h3>A sua loja de confian\u00e7a 5-MeO-DIPT<\/h3>\n<p>RCKopen \u00e9 mais do que apenas uma loja: somos o seu parceiro de confian\u00e7a na explora\u00e7\u00e3o do 5-MeO-DIPT. Com a nossa extensa gama de produtos, pessoal experiente e compromisso com a satisfa\u00e7\u00e3o do cliente, esfor\u00e7amo-nos por lhe proporcionar a melhor experi\u00eancia de compra poss\u00edvel. Confie na RCKopen como a sua loja preferida de 5-MeO-DIPT.<\/p>\n<h3>Envio conveniente: compre 5-MeO-DIPT online no Reino Unido<\/h3>\n<p>Quer esteja no Reino Unido ou em qualquer outro lugar do mundo, a RCKopen oferece op\u00e7\u00f5es de envio convenientes para garantir que recebe e compra o 5-MeO-DIPT sem demora no Reino Unido. Com servi\u00e7os de entrega r\u00e1pidos e confi\u00e1veis, voc\u00ea pode desfrutar de seus produtos com o m\u00ednimo de tempo de espera, onde quer que esteja.Che tu sia nel Regno Unito o in qualsiasi altro posto del mondo, RCKopen offre comode opzioni di spedizione per assicurarti di ricevere e acquistare 5-MeO-DIPT senza ritardi nel Regno Unito. Con servizi di consegna rapidi e affidabili, puoi goderti i tuoi prodotti con tempi di attesa minimi, ovunque tu sia.<\/p>\n<h2>Geen recept nodig: 5-MeO-DIPT Online Kopen zonder recept<\/h2>\n<p>Esque\u00e7a o inc\u00f3modo de obter uma receita m\u00e9dica - na RCKopen, pode comprar 5-MeO-DIPT sem receita m\u00e9dica. Acreditamos em tornar esta poderosa subst\u00e2ncia acess\u00edvel a qualquer pessoa que a procure, para que possa compr\u00e1-la com facilidade e conveni\u00eancia, independentemente das suas circunst\u00e2ncias.<\/p>\n<h3>Experimente a diferen\u00e7a: compre hoje na RCK<\/h3>\n<p>Pronto para embarcar na sua viagem com o 5-MeO-DIPT? N\u00e3o procure mais do que RCKopen para todas as suas necessidades. Com ofertas imbat\u00edveis, atendimento ao cliente de primeira classe e um compromisso com a excel\u00eancia, somos o seu destino \u00fanico para 5-MeO-DIPT acess\u00edvel para venda online. Compre conosco hoje e experimente a diferen\u00e7a por si mesmo.<\/p>","protected":false},"excerpt":{"rendered":"<p><strong>Nome IUPAC: <\/strong>5-Metoxi-N,N-diisopropiltriptamina - cloridrato<\/p>\n<p><strong>CAS # <\/strong>4021-34-5<\/p>\n<p><strong>Forma: <\/strong>HCl<\/p>\n<p><strong>An\u00e1lise NMR: <\/strong>C17H26N2O<\/p>","protected":false},"featured_media":6874,"comment_status":"open","ping_status":"closed","template":"","meta":{"_joinchat":[]},"product_brand":[],"product_cat":[149],"product_tag":[],"class_list":{"0":"post-6696","1":"product","2":"type-product","3":"status-publish","4":"has-post-thumbnail","6":"product_cat-tryptaminen","8":"first","9":"instock","10":"shipping-taxable","11":"purchasable","12":"product-type-variable"},"yoast_head":"<!-- This site is optimized with the Yoast SEO plugin v26.3 - https:\/\/yoast.com\/wordpress\/plugins\/seo\/ -->\n<title>5 Meo Dipt online kopen - 5 Meo Dipt te koop<\/title>\n<meta name=\"description\" content=\"Haal de beste 5 Meo Dipt. 5 Meo Dipt online kopen in onze online winkel, want we hebben 5 Meo Dipt van hoge kwaliteit te koop. Koop de jouwe nu tegen lage tarieven. Bestel nu!\" \/>\n<meta name=\"robots\" content=\"index, follow, max-snippet:-1, max-image-preview:large, max-video-preview:-1\" \/>\n<link rel=\"canonical\" href=\"https:\/\/rckopen.com\/pt\/produto\/5-meo-dipt\/\" \/>\n<meta property=\"og:locale\" content=\"pt_PT\" \/>\n<meta property=\"og:type\" content=\"article\" \/>\n<meta property=\"og:title\" content=\"5 Meo Dipt online kopen - 5 Meo Dipt te koop\" \/>\n<meta property=\"og:description\" content=\"Haal de beste 5 Meo Dipt. 5 Meo Dipt online kopen in onze online winkel, want we hebben 5 Meo Dipt van hoge kwaliteit te koop. Koop de jouwe nu tegen lage tarieven. Bestel nu!\" \/>\n<meta property=\"og:url\" content=\"https:\/\/rckopen.com\/pt\/produto\/5-meo-dipt\/\" \/>\n<meta property=\"og:site_name\" content=\"RC Kopen\" \/>\n<meta property=\"article:modified_time\" content=\"2025-02-01T08:33:54+00:00\" \/>\n<meta property=\"og:image\" content=\"https:\/\/rckopen.com\/wp-content\/uploads\/2023\/08\/5-MEO-DIPT.jpg\" \/>\n\t<meta property=\"og:image:width\" content=\"600\" \/>\n\t<meta property=\"og:image:height\" content=\"600\" \/>\n\t<meta property=\"og:image:type\" content=\"image\/jpeg\" \/>\n<meta name=\"twitter:card\" content=\"summary_large_image\" \/>\n<meta name=\"twitter:label1\" content=\"Tempo estimado de leitura\" \/>\n\t<meta name=\"twitter:data1\" content=\"3 minutos\" \/>\n<script type=\"application\/ld+json\" class=\"yoast-schema-graph\">{\"@context\":\"https:\/\/schema.org\",\"@graph\":[{\"@type\":\"WebPage\",\"@id\":\"https:\/\/rckopen.com\/product\/5-meo-dipt\/\",\"url\":\"https:\/\/rckopen.com\/product\/5-meo-dipt\/\",\"name\":\"5 Meo Dipt online kopen - 5 Meo Dipt te koop\",\"isPartOf\":{\"@id\":\"https:\/\/rckopen.com\/#website\"},\"primaryImageOfPage\":{\"@id\":\"https:\/\/rckopen.com\/product\/5-meo-dipt\/#primaryimage\"},\"image\":{\"@id\":\"https:\/\/rckopen.com\/product\/5-meo-dipt\/#primaryimage\"},\"thumbnailUrl\":\"https:\/\/rckopen.com\/wp-content\/uploads\/2023\/08\/5-MEO-DIPT.jpg\",\"datePublished\":\"2023-08-17T10:32:21+00:00\",\"dateModified\":\"2025-02-01T08:33:54+00:00\",\"description\":\"Haal de beste 5 Meo Dipt. 5 Meo Dipt online kopen in onze online winkel, want we hebben 5 Meo Dipt van hoge kwaliteit te koop. Koop de jouwe nu tegen lage tarieven. Bestel nu!\",\"breadcrumb\":{\"@id\":\"https:\/\/rckopen.com\/product\/5-meo-dipt\/#breadcrumb\"},\"inLanguage\":\"pt-PT\",\"potentialAction\":[{\"@type\":\"ReadAction\",\"target\":[\"https:\/\/rckopen.com\/product\/5-meo-dipt\/\"]}]},{\"@type\":\"ImageObject\",\"inLanguage\":\"pt-PT\",\"@id\":\"https:\/\/rckopen.com\/product\/5-meo-dipt\/#primaryimage\",\"url\":\"https:\/\/rckopen.com\/wp-content\/uploads\/2023\/08\/5-MEO-DIPT.jpg\",\"contentUrl\":\"https:\/\/rckopen.com\/wp-content\/uploads\/2023\/08\/5-MEO-DIPT.jpg\",\"width\":600,\"height\":600,\"caption\":\"5-MEO-DIPT Online Kopen\"},{\"@type\":\"BreadcrumbList\",\"@id\":\"https:\/\/rckopen.com\/product\/5-meo-dipt\/#breadcrumb\",\"itemListElement\":[{\"@type\":\"ListItem\",\"position\":1,\"name\":\"Home\",\"item\":\"https:\/\/rckopen.com\/\"},{\"@type\":\"ListItem\",\"position\":2,\"name\":\"Shop\",\"item\":\"https:\/\/rckopen.com\/shop\/\"},{\"@type\":\"ListItem\",\"position\":3,\"name\":\"5-MEO-DIPT Online Kopen\"}]},{\"@type\":\"WebSite\",\"@id\":\"https:\/\/rckopen.com\/#website\",\"url\":\"https:\/\/rckopen.com\/\",\"name\":\"RC Kopen\",\"description\":\"Research Chemicals\",\"potentialAction\":[{\"@type\":\"SearchAction\",\"target\":{\"@type\":\"EntryPoint\",\"urlTemplate\":\"https:\/\/rckopen.com\/?s={search_term_string}\"},\"query-input\":{\"@type\":\"PropertyValueSpecification\",\"valueRequired\":true,\"valueName\":\"search_term_string\"}}],\"inLanguage\":\"pt-PT\"}]}<\/script>\n<!-- \/ Yoast SEO plugin. -->","yoast_head_json":{"title":"5 Meo Dipt online kopen - 5 Meo Dipt te koop","description":"Haal de beste 5 Meo Dipt. 5 Meo Dipt online kopen in onze online winkel, want we hebben 5 Meo Dipt van hoge kwaliteit te koop. Koop de jouwe nu tegen lage tarieven. Bestel nu!","robots":{"index":"index","follow":"follow","max-snippet":"max-snippet:-1","max-image-preview":"max-image-preview:large","max-video-preview":"max-video-preview:-1"},"canonical":"https:\/\/rckopen.com\/pt\/produto\/5-meo-dipt\/","og_locale":"pt_PT","og_type":"article","og_title":"5 Meo Dipt online kopen - 5 Meo Dipt te koop","og_description":"Haal de beste 5 Meo Dipt. 5 Meo Dipt online kopen in onze online winkel, want we hebben 5 Meo Dipt van hoge kwaliteit te koop. Koop de jouwe nu tegen lage tarieven. Bestel nu!","og_url":"https:\/\/rckopen.com\/pt\/produto\/5-meo-dipt\/","og_site_name":"RC Kopen","article_modified_time":"2025-02-01T08:33:54+00:00","og_image":[{"width":600,"height":600,"url":"https:\/\/rckopen.com\/wp-content\/uploads\/2023\/08\/5-MEO-DIPT.jpg","type":"image\/jpeg"}],"twitter_card":"summary_large_image","twitter_misc":{"Tempo estimado de leitura":"3 minutos"},"schema":{"@context":"https:\/\/schema.org","@graph":[{"@type":"WebPage","@id":"https:\/\/rckopen.com\/product\/5-meo-dipt\/","url":"https:\/\/rckopen.com\/product\/5-meo-dipt\/","name":"5 Meo Dipt online kopen - 5 Meo Dipt te koop","isPartOf":{"@id":"https:\/\/rckopen.com\/#website"},"primaryImageOfPage":{"@id":"https:\/\/rckopen.com\/product\/5-meo-dipt\/#primaryimage"},"image":{"@id":"https:\/\/rckopen.com\/product\/5-meo-dipt\/#primaryimage"},"thumbnailUrl":"https:\/\/rckopen.com\/wp-content\/uploads\/2023\/08\/5-MEO-DIPT.jpg","datePublished":"2023-08-17T10:32:21+00:00","dateModified":"2025-02-01T08:33:54+00:00","description":"Haal de beste 5 Meo Dipt. 5 Meo Dipt online kopen in onze online winkel, want we hebben 5 Meo Dipt van hoge kwaliteit te koop. Koop de jouwe nu tegen lage tarieven. Bestel nu!","breadcrumb":{"@id":"https:\/\/rckopen.com\/product\/5-meo-dipt\/#breadcrumb"},"inLanguage":"pt-PT","potentialAction":[{"@type":"ReadAction","target":["https:\/\/rckopen.com\/product\/5-meo-dipt\/"]}]},{"@type":"ImageObject","inLanguage":"pt-PT","@id":"https:\/\/rckopen.com\/product\/5-meo-dipt\/#primaryimage","url":"https:\/\/rckopen.com\/wp-content\/uploads\/2023\/08\/5-MEO-DIPT.jpg","contentUrl":"https:\/\/rckopen.com\/wp-content\/uploads\/2023\/08\/5-MEO-DIPT.jpg","width":600,"height":600,"caption":"5-MEO-DIPT Online Kopen"},{"@type":"BreadcrumbList","@id":"https:\/\/rckopen.com\/product\/5-meo-dipt\/#breadcrumb","itemListElement":[{"@type":"ListItem","position":1,"name":"Home","item":"https:\/\/rckopen.com\/"},{"@type":"ListItem","position":2,"name":"Shop","item":"https:\/\/rckopen.com\/shop\/"},{"@type":"ListItem","position":3,"name":"5-MEO-DIPT Online Kopen"}]},{"@type":"WebSite","@id":"https:\/\/rckopen.com\/#website","url":"https:\/\/rckopen.com\/","name":"RC Kopen","description":"Research Chemicals","potentialAction":[{"@type":"SearchAction","target":{"@type":"EntryPoint","urlTemplate":"https:\/\/rckopen.com\/?s={search_term_string}"},"query-input":{"@type":"PropertyValueSpecification","valueRequired":true,"valueName":"search_term_string"}}],"inLanguage":"pt-PT"}]}},"_links":{"self":[{"href":"https:\/\/rckopen.com\/pt\/wp-json\/wp\/v2\/product\/6696","targetHints":{"allow":["GET"]}}],"collection":[{"href":"https:\/\/rckopen.com\/pt\/wp-json\/wp\/v2\/product"}],"about":[{"href":"https:\/\/rckopen.com\/pt\/wp-json\/wp\/v2\/types\/product"}],"replies":[{"embeddable":true,"href":"https:\/\/rckopen.com\/pt\/wp-json\/wp\/v2\/comments?post=6696"}],"wp:featuredmedia":[{"embeddable":true,"href":"https:\/\/rckopen.com\/pt\/wp-json\/wp\/v2\/media\/6874"}],"wp:attachment":[{"href":"https:\/\/rckopen.com\/pt\/wp-json\/wp\/v2\/media?parent=6696"}],"wp:term":[{"taxonomy":"product_brand","embeddable":true,"href":"https:\/\/rckopen.com\/pt\/wp-json\/wp\/v2\/product_brand?post=6696"},{"taxonomy":"product_cat","embeddable":true,"href":"https:\/\/rckopen.com\/pt\/wp-json\/wp\/v2\/product_cat?post=6696"},{"taxonomy":"product_tag","embeddable":true,"href":"https:\/\/rckopen.com\/pt\/wp-json\/wp\/v2\/product_tag?post=6696"}],"curies":[{"name":"wp","href":"https:\/\/api.w.org\/{rel}","templated":true}]}}