{"id":6698,"date":"2023-08-17T10:38:30","date_gmt":"2023-08-17T10:38:30","guid":{"rendered":"https:\/\/diligentplug.com\/chems\/?post_type=product&#038;p=6698"},"modified":"2025-02-01T08:35:55","modified_gmt":"2025-02-01T08:35:55","slug":"5-meo-dmt-freebase","status":"publish","type":"product","link":"https:\/\/rckopen.com\/pt\/produto\/5-meo-dmt-freebase\/","title":{"rendered":"Comprar 5-MeO-DMT freebase online"},"content":{"rendered":"<h2>A rckopen.com oferece produtos que n\u00e3o se destinam ao consumo humano.<br \/>\n<strong>General information on 5-MeO-DMT freebase Online Kopen<\/strong><\/h2>\n<p><a href=\"https:\/\/rckopen.com\/pt\/produto\/5-meo-dmt-freebase\/\">5-Meo-DMT<\/a> freebase \u00e9 um psicod\u00e9lico qu\u00edmico de pesquisa da classe das triptaminas, quatro a v\u00e1rias vezes mais impressionante que seu primo mais conhecido, DMT (N, N-dimetiltriptamina).<\/p>\n<p>Parece ser rastreada numa grande variedade de \u00e1rvores e arbustos, frequentemente perto de DMT e bufotenina (5-HO-DMT), bem como num tipo de r\u00e3. A base livre de 5-Meo-DMT tamb\u00e9m pode ser produzida sinteticamente.<\/p>\n<p>Na Am\u00e9rica Central e do Sul, <a href=\"https:\/\/en.wikipedia.org\/wiki\/5-MeO-DMT\">5-MeO-DMT<\/a> a base livre \u00e9 mais frequentemente obtida de Anadenanthera peregrine e Virola theiodora \u2014 as duas geralmente s\u00e3o coletadas para fazer rap\u00e9 psicoativo.<\/p>\n<p>Encontra-se igualmente na toxina branca e lisa da r\u00e3 do deserto de Sonora, que se encontra no sudoeste dos EUA e no noroeste do M\u00e9xico. A recolha de veneno tem exercido press\u00e3o sobre a popula\u00e7\u00e3o de habitantes desta esp\u00e9cie naturalmente delicada. Est\u00e1 agora registada como estando em risco ou detectada localmente em alguns estados dos EUA. Sugere-se a procura de fontes alternativas de 5-MeO DMT, por exemplo, vers\u00f5es sint\u00e9ticas ou derivadas de plantas.<\/p>\n<h3><strong>Composi\u00e7\u00e3o qu\u00edmica da base livre de 5-MeO-DMT<\/strong><\/h3>\n<p>A 2-(5-metoxi-1H-indol-3-il)-N,N-dimetiletanamina (5-metoxi-N,N-dimetiltriptamina, abreviada para 5-MeO-DMT) \u00e9 um alcaloide da triptamina, um \u00e9ter de cheiro doce e uma amina terci\u00e1ria com uma carga subat\u00f3mica de 218,298 g\/mol e a f\u00f3rmula qu\u00edmica C<sub>13<\/sub>H<sub>18<\/sub>N<sub>2<\/sub>O. Como base livre, o 5-MeO-DMT \u00e9 um forte branco com um ponto de liquefa\u00e7\u00e3o de 69,5\u00b0C. A sua capacidade de dissolu\u00e7\u00e3o em \u00e1gua \u00e9 &gt;32,7 \u03bcg\/mL.<\/p>\n<h3><strong>Farmacologia Produto qu\u00edmico de investiga\u00e7\u00e3o 5-MeO-DMT<\/strong><\/h3>\n<p>Como as outras triptaminas, a 5-MeO-DMT freebase buy tem uma estrutura b\u00e1sica semelhante \u00e0 DMT, mas tem um grupo metoxi na posi\u00e7\u00e3o R5. Funciona basicamente como um agonista dos receptores da serotonina (5-HT), com uma afei\u00e7\u00e3o restritiva espec\u00edfica ao subtipo de recetor 5-HT1A. Liga-se aos receptores 5-HT2A e segue os receptores de amina, possivelmente mediando impactos alucinog\u00e9nios utilizando estes \u00faltimos. A inibi\u00e7\u00e3o da recapta\u00e7\u00e3o de neurotransmissores, por exemplo, noradrenalina e dopamina, \u00e9 adicionalmente lembrada como estando envolvida na capacidade do 5-MeO-DMT.<\/p>\n<h3><strong>Compre 5-MeO-DMT de alta qualidade online<\/strong><\/h3>\n<p>A Rc Kopen tem muitos anos de experi\u00eancia na ind\u00fastria de design de produtos qu\u00edmicos de pesquisa, o que nos permite garantir a mais alta qualidade desses produtos qu\u00edmicos de pesquisa. A equipe de produtos qu\u00edmicos de pesquisa vende 5-MeO-DMT freebase kopen. Produtos qu\u00edmicos de pesquisa, incluindo 5-MeO-DMT freebases, atendem a todos os requisitos de seguran\u00e7a. Produtos qu\u00edmicos de pesquisa s\u00e3o cuidadosamente distribu\u00eddos e armazenados em um local fresco e seco.<\/p>\n<p>Todos os produtos s\u00e3o inspeccionados regularmente para verificar a sua qualidade, pureza e seguran\u00e7a. Mant\u00e9m sempre a base livre de 5-MeO-DMT \u00e0 temperatura ambiente e fora do alcance de crian\u00e7as e animais. A nossa base livre de 5-MeO-DMT n\u00e3o se destina a uso pessoal. Destina-se apenas a fins de investiga\u00e7\u00e3o.<\/p>\n<p>N\u00e3o deve ser misturado com \u00e1lcool ou produtos qu\u00edmicos de investiga\u00e7\u00e3o durante a investiga\u00e7\u00e3o deste produto qu\u00edmico de investiga\u00e7\u00e3o!<\/p>\n<p>Todos os nossos produtos t\u00eam um pre\u00e7o justo!<\/p>\n<h3><strong>Base livre de 5-MeO-DMT testada em laborat\u00f3rio com resultados.<\/strong><\/h3>\n<p>A Remakes progride no sentido da satisfa\u00e7\u00e3o geral dos seus clientes. Diferentes exames mostraram que os clientes solicitam tantos dados quanto o esperado antes de comprarem produtos qu\u00edmicos sint\u00e9ticos para investiga\u00e7\u00e3o. Al\u00e9m disso, publicamos todas as consequ\u00eancias laboratoriais de cada composto de exame num registo PDF.<\/p>\n<p>A nossa base livre de 5-MeO-DMT cumpre consistentemente os ingredientes activos e pode ser vista diretamente por todos.<\/p>\n<p>Distribu\u00edmos todas as consequ\u00eancias laboratoriais de cada produto qu\u00edmico de investiga\u00e7\u00e3o num documento PDF.<\/p>\n<h3><strong>Encomendar com seguran\u00e7a a partir de 5-MeO-DMT freebase.<\/strong><\/h3>\n<p>Os produtos qu\u00edmicos de pesquisa de design da Rc Kopen s\u00e3o de excelente qualidade e t\u00eam um custo justo. Portanto, quando voc\u00ea solicitar seu <strong>Base livre de 5-MeO-DMT\u00a0<\/strong>na Rc Kopen, garantimos que levaremos sua solicita\u00e7\u00e3o at\u00e9 sua casa de forma r\u00e1pida e segura.<\/p>\n<p>Solicitar compostos sint\u00e9ticos de pesquisa com Bitcoin ou transfer\u00eancia banc\u00e1ria \u00e9 simples na Rc Kopen.<\/p>\n<p>Enviamos o 5-MeO-DMT freebase no mesmo dia \u00fatil se o pagamento for recebido antes das 14:00 CEST. Normalmente n\u00e3o efectuamos envios aos s\u00e1bados, domingos ou feriados nacionais\/internacionais<strong>. <a href=\"https:\/\/rckopen.com\/pt\/\">RCKOpen.com<\/a><\/strong><\/p>\n<h3><strong>Expedi\u00e7\u00e3o discreta de produtos qu\u00edmicos para investiga\u00e7\u00e3o.<\/strong><\/h3>\n<p>Embora os produtos qu\u00edmicos de pesquisa de design sejam legalmente acess\u00edveis online, n\u00f3s da Rc Kopen entregamos da forma mais segura e razo\u00e1vel. Al\u00e9m disso, embalamos com perfeita discri\u00e7\u00e3o, e nenhum sinal do que pode estar dentro ser\u00e1 mostrado do lado de fora.<\/p>\n<p>Enviamos encomendas superiores a 500 euros com track and follow para que possa seguir o seu pacote progressivamente. Enviamos as encomendas de valor superior a 500 euros com a via acess\u00edvel.<\/p>\n<p>N\u00e3o fornecemos artigos a pessoas com menos de 18 anos!<\/p>\n<h3><strong>Precau\u00e7\u00f5es<\/strong><\/h3>\n<ul>\n<li>Comprar 5-MeO-DMT research chemical o equipamento de prote\u00e7\u00e3o individual adequado, como \u00f3culos de prote\u00e7\u00e3o e luvas. Limpa-os e cuida deles adequadamente. Seguir sistemas seguros quando se lida com produtos qu\u00edmicos de investiga\u00e7\u00e3o e n\u00e3o tomar atalhos.<\/li>\n<li>Se o produto qu\u00edmico de investiga\u00e7\u00e3o entrar em contacto com os olhos, lavar bem e eliminar as lentes de contacto, se necess\u00e1rio.<\/li>\n<li>Tente usar uma m\u00e1scara quando utilizar estes produtos qu\u00edmicos para que n\u00e3o entrem em contacto consigo enquanto respira.<\/li>\n<li>Tal como os m\u00e9todos suportados indicam, manusear, armazenar e eliminar de forma segura os materiais perigosos. Nunca os deitar nos esgotos ou canais.<\/li>\n<li>Armazene os produtos qu\u00edmicos de investiga\u00e7\u00e3o de forma adequada, conforme indicado nos seus nomes. Os produtos qu\u00edmicos inflam\u00e1veis devem ser guardados em can\u00e1bis excelente e seca, longe da intensidade e da luz do dia. Alguns produtos sint\u00e9ticos, como os \u00e1cidos, devem ser guardados independentemente uns dos outros.<\/li>\n<li>Rc Kopen oferecido para fins de pesquisa; o consumo humano \u00e9 altamente proibido.<\/li>\n<\/ul>","protected":false},"excerpt":{"rendered":"<p><strong>Nome IUPAC: <\/strong>2-(5-metoxi-1H-indol-3-il)-N,N-dimetiletaneamina<\/p>\n<p><strong>CAS # <\/strong>1019-45-0<\/p>\n<p><strong>Outro nome: <\/strong>5-metoxi-N,N-dimetiltriptamina<\/p>\n<p><strong>Apar\u00eancia: <\/strong>p\u00f3<\/p>\n<p><strong>Forma: <\/strong>base livre<\/p>\n<p><strong>An\u00e1lise NMR: <\/strong>C13H18N2O<\/p>","protected":false},"featured_media":6880,"comment_status":"open","ping_status":"closed","template":"","meta":{"_joinchat":[]},"product_brand":[],"product_cat":[149],"product_tag":[],"class_list":{"0":"post-6698","1":"product","2":"type-product","3":"status-publish","4":"has-post-thumbnail","6":"product_cat-tryptaminen","8":"first","9":"instock","10":"shipping-taxable","11":"purchasable","12":"product-type-variable"},"yoast_head":"<!-- This site is optimized with the Yoast SEO plugin v26.3 - https:\/\/yoast.com\/wordpress\/plugins\/seo\/ -->\n<title>5 Meo Dmt FreeBase online kopen - 5 Meo Dmt FreeBase te koop<\/title>\n<meta name=\"description\" content=\"Als u 5 Meo Dmt FreeBase online kopen, heeft RCkopen een hoogwaardige 5 Meo Dmt FreeBase te koop. Wij helpen u 5 Meo Dmt FreeBase online te kopen tegen goedkope tarieven. Plaats vandaag nog een bestelling!\" \/>\n<meta name=\"robots\" content=\"index, follow, max-snippet:-1, max-image-preview:large, max-video-preview:-1\" \/>\n<link rel=\"canonical\" href=\"https:\/\/rckopen.com\/pt\/produto\/5-meo-dmt-freebase\/\" \/>\n<meta property=\"og:locale\" content=\"pt_PT\" \/>\n<meta property=\"og:type\" content=\"article\" \/>\n<meta property=\"og:title\" content=\"5 Meo Dmt FreeBase online kopen - 5 Meo Dmt FreeBase te koop\" \/>\n<meta property=\"og:description\" content=\"Als u 5 Meo Dmt FreeBase online kopen, heeft RCkopen een hoogwaardige 5 Meo Dmt FreeBase te koop. Wij helpen u 5 Meo Dmt FreeBase online te kopen tegen goedkope tarieven. Plaats vandaag nog een bestelling!\" \/>\n<meta property=\"og:url\" content=\"https:\/\/rckopen.com\/pt\/produto\/5-meo-dmt-freebase\/\" \/>\n<meta property=\"og:site_name\" content=\"RC Kopen\" \/>\n<meta property=\"article:modified_time\" content=\"2025-02-01T08:35:55+00:00\" \/>\n<meta property=\"og:image\" content=\"https:\/\/rckopen.com\/wp-content\/uploads\/2023\/08\/5-MeO-DMT-freebase.jpg\" \/>\n\t<meta property=\"og:image:width\" content=\"600\" \/>\n\t<meta property=\"og:image:height\" content=\"600\" \/>\n\t<meta property=\"og:image:type\" content=\"image\/jpeg\" \/>\n<meta name=\"twitter:card\" content=\"summary_large_image\" \/>\n<meta name=\"twitter:label1\" content=\"Tempo estimado de leitura\" \/>\n\t<meta name=\"twitter:data1\" content=\"4 minutos\" \/>\n<script type=\"application\/ld+json\" class=\"yoast-schema-graph\">{\"@context\":\"https:\/\/schema.org\",\"@graph\":[{\"@type\":\"WebPage\",\"@id\":\"https:\/\/rckopen.com\/product\/5-meo-dmt-freebase\/\",\"url\":\"https:\/\/rckopen.com\/product\/5-meo-dmt-freebase\/\",\"name\":\"5 Meo Dmt FreeBase online kopen - 5 Meo Dmt FreeBase te koop\",\"isPartOf\":{\"@id\":\"https:\/\/rckopen.com\/#website\"},\"primaryImageOfPage\":{\"@id\":\"https:\/\/rckopen.com\/product\/5-meo-dmt-freebase\/#primaryimage\"},\"image\":{\"@id\":\"https:\/\/rckopen.com\/product\/5-meo-dmt-freebase\/#primaryimage\"},\"thumbnailUrl\":\"https:\/\/rckopen.com\/wp-content\/uploads\/2023\/08\/5-MeO-DMT-freebase.jpg\",\"datePublished\":\"2023-08-17T10:38:30+00:00\",\"dateModified\":\"2025-02-01T08:35:55+00:00\",\"description\":\"Als u 5 Meo Dmt FreeBase online kopen, heeft RCkopen een hoogwaardige 5 Meo Dmt FreeBase te koop. Wij helpen u 5 Meo Dmt FreeBase online te kopen tegen goedkope tarieven. Plaats vandaag nog een bestelling!\",\"breadcrumb\":{\"@id\":\"https:\/\/rckopen.com\/product\/5-meo-dmt-freebase\/#breadcrumb\"},\"inLanguage\":\"pt-PT\",\"potentialAction\":[{\"@type\":\"ReadAction\",\"target\":[\"https:\/\/rckopen.com\/product\/5-meo-dmt-freebase\/\"]}]},{\"@type\":\"ImageObject\",\"inLanguage\":\"pt-PT\",\"@id\":\"https:\/\/rckopen.com\/product\/5-meo-dmt-freebase\/#primaryimage\",\"url\":\"https:\/\/rckopen.com\/wp-content\/uploads\/2023\/08\/5-MeO-DMT-freebase.jpg\",\"contentUrl\":\"https:\/\/rckopen.com\/wp-content\/uploads\/2023\/08\/5-MeO-DMT-freebase.jpg\",\"width\":600,\"height\":600,\"caption\":\"5-MeO-DMT-freebase online kopen\"},{\"@type\":\"BreadcrumbList\",\"@id\":\"https:\/\/rckopen.com\/product\/5-meo-dmt-freebase\/#breadcrumb\",\"itemListElement\":[{\"@type\":\"ListItem\",\"position\":1,\"name\":\"Home\",\"item\":\"https:\/\/rckopen.com\/\"},{\"@type\":\"ListItem\",\"position\":2,\"name\":\"Shop\",\"item\":\"https:\/\/rckopen.com\/shop\/\"},{\"@type\":\"ListItem\",\"position\":3,\"name\":\"5-MeO-DMT freebase Online Kopen\"}]},{\"@type\":\"WebSite\",\"@id\":\"https:\/\/rckopen.com\/#website\",\"url\":\"https:\/\/rckopen.com\/\",\"name\":\"RC Kopen\",\"description\":\"Research Chemicals\",\"potentialAction\":[{\"@type\":\"SearchAction\",\"target\":{\"@type\":\"EntryPoint\",\"urlTemplate\":\"https:\/\/rckopen.com\/?s={search_term_string}\"},\"query-input\":{\"@type\":\"PropertyValueSpecification\",\"valueRequired\":true,\"valueName\":\"search_term_string\"}}],\"inLanguage\":\"pt-PT\"}]}<\/script>\n<!-- \/ Yoast SEO plugin. -->","yoast_head_json":{"title":"5 Meo Dmt FreeBase online kopen - 5 Meo Dmt FreeBase te koop","description":"Als u 5 Meo Dmt FreeBase online kopen, heeft RCkopen een hoogwaardige 5 Meo Dmt FreeBase te koop. Wij helpen u 5 Meo Dmt FreeBase online te kopen tegen goedkope tarieven. Plaats vandaag nog een bestelling!","robots":{"index":"index","follow":"follow","max-snippet":"max-snippet:-1","max-image-preview":"max-image-preview:large","max-video-preview":"max-video-preview:-1"},"canonical":"https:\/\/rckopen.com\/pt\/produto\/5-meo-dmt-freebase\/","og_locale":"pt_PT","og_type":"article","og_title":"5 Meo Dmt FreeBase online kopen - 5 Meo Dmt FreeBase te koop","og_description":"Als u 5 Meo Dmt FreeBase online kopen, heeft RCkopen een hoogwaardige 5 Meo Dmt FreeBase te koop. Wij helpen u 5 Meo Dmt FreeBase online te kopen tegen goedkope tarieven. Plaats vandaag nog een bestelling!","og_url":"https:\/\/rckopen.com\/pt\/produto\/5-meo-dmt-freebase\/","og_site_name":"RC Kopen","article_modified_time":"2025-02-01T08:35:55+00:00","og_image":[{"width":600,"height":600,"url":"https:\/\/rckopen.com\/wp-content\/uploads\/2023\/08\/5-MeO-DMT-freebase.jpg","type":"image\/jpeg"}],"twitter_card":"summary_large_image","twitter_misc":{"Tempo estimado de leitura":"4 minutos"},"schema":{"@context":"https:\/\/schema.org","@graph":[{"@type":"WebPage","@id":"https:\/\/rckopen.com\/product\/5-meo-dmt-freebase\/","url":"https:\/\/rckopen.com\/product\/5-meo-dmt-freebase\/","name":"5 Meo Dmt FreeBase online kopen - 5 Meo Dmt FreeBase te koop","isPartOf":{"@id":"https:\/\/rckopen.com\/#website"},"primaryImageOfPage":{"@id":"https:\/\/rckopen.com\/product\/5-meo-dmt-freebase\/#primaryimage"},"image":{"@id":"https:\/\/rckopen.com\/product\/5-meo-dmt-freebase\/#primaryimage"},"thumbnailUrl":"https:\/\/rckopen.com\/wp-content\/uploads\/2023\/08\/5-MeO-DMT-freebase.jpg","datePublished":"2023-08-17T10:38:30+00:00","dateModified":"2025-02-01T08:35:55+00:00","description":"Als u 5 Meo Dmt FreeBase online kopen, heeft RCkopen een hoogwaardige 5 Meo Dmt FreeBase te koop. Wij helpen u 5 Meo Dmt FreeBase online te kopen tegen goedkope tarieven. Plaats vandaag nog een bestelling!","breadcrumb":{"@id":"https:\/\/rckopen.com\/product\/5-meo-dmt-freebase\/#breadcrumb"},"inLanguage":"pt-PT","potentialAction":[{"@type":"ReadAction","target":["https:\/\/rckopen.com\/product\/5-meo-dmt-freebase\/"]}]},{"@type":"ImageObject","inLanguage":"pt-PT","@id":"https:\/\/rckopen.com\/product\/5-meo-dmt-freebase\/#primaryimage","url":"https:\/\/rckopen.com\/wp-content\/uploads\/2023\/08\/5-MeO-DMT-freebase.jpg","contentUrl":"https:\/\/rckopen.com\/wp-content\/uploads\/2023\/08\/5-MeO-DMT-freebase.jpg","width":600,"height":600,"caption":"5-MeO-DMT-freebase online kopen"},{"@type":"BreadcrumbList","@id":"https:\/\/rckopen.com\/product\/5-meo-dmt-freebase\/#breadcrumb","itemListElement":[{"@type":"ListItem","position":1,"name":"Home","item":"https:\/\/rckopen.com\/"},{"@type":"ListItem","position":2,"name":"Shop","item":"https:\/\/rckopen.com\/shop\/"},{"@type":"ListItem","position":3,"name":"5-MeO-DMT freebase Online Kopen"}]},{"@type":"WebSite","@id":"https:\/\/rckopen.com\/#website","url":"https:\/\/rckopen.com\/","name":"RC Kopen","description":"Research Chemicals","potentialAction":[{"@type":"SearchAction","target":{"@type":"EntryPoint","urlTemplate":"https:\/\/rckopen.com\/?s={search_term_string}"},"query-input":{"@type":"PropertyValueSpecification","valueRequired":true,"valueName":"search_term_string"}}],"inLanguage":"pt-PT"}]}},"_links":{"self":[{"href":"https:\/\/rckopen.com\/pt\/wp-json\/wp\/v2\/product\/6698","targetHints":{"allow":["GET"]}}],"collection":[{"href":"https:\/\/rckopen.com\/pt\/wp-json\/wp\/v2\/product"}],"about":[{"href":"https:\/\/rckopen.com\/pt\/wp-json\/wp\/v2\/types\/product"}],"replies":[{"embeddable":true,"href":"https:\/\/rckopen.com\/pt\/wp-json\/wp\/v2\/comments?post=6698"}],"wp:featuredmedia":[{"embeddable":true,"href":"https:\/\/rckopen.com\/pt\/wp-json\/wp\/v2\/media\/6880"}],"wp:attachment":[{"href":"https:\/\/rckopen.com\/pt\/wp-json\/wp\/v2\/media?parent=6698"}],"wp:term":[{"taxonomy":"product_brand","embeddable":true,"href":"https:\/\/rckopen.com\/pt\/wp-json\/wp\/v2\/product_brand?post=6698"},{"taxonomy":"product_cat","embeddable":true,"href":"https:\/\/rckopen.com\/pt\/wp-json\/wp\/v2\/product_cat?post=6698"},{"taxonomy":"product_tag","embeddable":true,"href":"https:\/\/rckopen.com\/pt\/wp-json\/wp\/v2\/product_tag?post=6698"}],"curies":[{"name":"wp","href":"https:\/\/api.w.org\/{rel}","templated":true}]}}