{"id":6701,"date":"2023-08-17T10:41:31","date_gmt":"2023-08-17T10:41:31","guid":{"rendered":"https:\/\/diligentplug.com\/chems\/?post_type=product&#038;p=6701"},"modified":"2025-01-31T05:25:22","modified_gmt":"2025-01-31T05:25:22","slug":"4-ho-mcpt","status":"publish","type":"product","link":"https:\/\/rckopen.com\/pt\/produto\/4-ho-mcpt\/","title":{"rendered":"Compre 4-HO-MCPT online"},"content":{"rendered":"<h2>Uw vertrouwde bron voor 4-HO-MCPT-aan online kopen<\/h2>\n<p>Bem-vindo ao RCKOpen, seu principal destino para comprar 4-HO-MCPT online. Oferecemos uma plataforma conveniente e segura para pessoas que <a href=\"https:\/\/rckopen.com\/pt\/produto\/4-ho-mcpt\/\">4-HO-MCPT<\/a> quer comprar legalmente e sem receita. N\u00e3o importa se voc\u00ea est\u00e1 no Reino Unido ou em qualquer outro lugar do mundo, nossa loja 4-HO-MCPT \u00e9 o lugar certo para obter esse complexo facilmente.<\/p>\n<h3>Porqu\u00ea escolher o RCKOpen para as suas necessidades de 4-HO-MCPT<\/h3>\n<p>Abelha <a href=\"https:\/\/rckopen.com\/pt\/\">Rckopen.com<\/a> entendemos a import\u00e2ncia da qualidade, seguran\u00e7a e confiabilidade quando se trata de comprar produtos qu\u00edmicos para pesquisa. \u00c9 por isso que nos esfor\u00e7amos para fornecer aos nossos clientes produtos e servi\u00e7os do mais alto n\u00edvel. Aqui est\u00e3o alguns motivos pelos quais o RCKOpen se destaca como a escolha ideal para seu 4-HO-MCPT \u00e0 venda:<\/p>\n<p>1. Vasta sele\u00e7\u00e3o: Oferecemos uma vasta gama de produtos qu\u00edmicos para investiga\u00e7\u00e3o, incluindo o 4-HO-MCPT, dando-lhe acesso aos compostos de que necessita para as suas experi\u00eancias e estudos.<\/p>\n<p>2. Produtos de alta qualidade: Nossos <a href=\"https:\/\/en.wikipedia.org\/wiki\/4-HO-McPT\">4-HO-MCPT<\/a> \u00e0 venda vem de fabricantes respeit\u00e1veis \u200b\u200be passa por testes rigorosos para garantir pureza e pot\u00eancia.<\/p>\n<p>3. Conveni\u00eancia: Atrav\u00e9s do nosso s\u00edtio Web de f\u00e1cil utiliza\u00e7\u00e3o, pode facilmente consultar a nossa oferta, fazer a sua encomenda e receber a sua encomenda 4-HO-MCPT discretamente em sua casa.<\/p>\n<p>4. Conformidade legal: Actuamos em total conformidade com a lei, permitindo-lhe comprar o 4-HO-MCPT legalmente sem necessidade de receita m\u00e9dica.<\/p>\n<p>5. Transac\u00e7\u00f5es seguras: a sua seguran\u00e7a e privacidade s\u00e3o as nossas principais prioridades. \u00c9 por isso que utilizamos portais de pagamento encriptados e embalagens discretas para garantir uma experi\u00eancia de compra segura e confidencial.<\/p>\n<h3>Como posso comprar 4-HO-MCPT online na RCKOpen?<\/h3>\n<p>Comprar o 4-HO-MCPT online no RCKOpen \u00e9 r\u00e1pido e f\u00e1cil. Basta seguir os seguintes passos:<\/p>\n<p>1. Navegue pela nossa sele\u00e7\u00e3o: Explore o nosso site para comprar legalmente 4-HO-MCPT todos os produtos que satisfazem as suas necessidades.<\/p>\n<p>2. Adicionar ao carrinho: Depois de encontrar o artigo que pretende, adicione-o ao seu carrinho e proceda ao checkout.<\/p>\n<p>3. Pagamento seguro: complete a sua compra de forma segura com uma das nossas op\u00e7\u00f5es de pagamento encriptado.<\/p>\n<p>4. Entrega discreta: sente-se e relaxe enquanto n\u00f3s embalamos e enviamos discretamente a sua encomenda 4-HO-MCPT para o endere\u00e7o que nos indicar.<\/p>\n<p>Experimente a diferen\u00e7a do RCKOpen hoje mesmo<br \/>\nN\u00e3o se contente com produtos inferiores ou fornecedores n\u00e3o confi\u00e1veis. Experimente a diferen\u00e7a RCKOpen e tenha acesso a 4-HO-MCPT de alta qualidade para venda e outros produtos qu\u00edmicos de pesquisa. Quer seja um investigador, cientista ou entusiasta, estamos prontos para satisfazer as suas necessidades com profissionalismo e integridade. Visite nosso site hoje e d\u00ea o primeiro passo para aprimorar seus esfor\u00e7os de pesquisa com o RCKOpen.<\/p>","protected":false},"excerpt":{"rendered":"<p>A rckopen.com oferece produtos que n\u00e3o se destinam ao consumo humano. O consumo (n\u00e3o intencional) deste produto pode ter consequ\u00eancias m\u00e9dicas graves.<\/p>","protected":false},"featured_media":6887,"comment_status":"open","ping_status":"closed","template":"","meta":{"_joinchat":[]},"product_brand":[],"product_cat":[149],"product_tag":[],"class_list":{"0":"post-6701","1":"product","2":"type-product","3":"status-publish","4":"has-post-thumbnail","6":"product_cat-tryptaminen","8":"first","9":"instock","10":"shipping-taxable","11":"purchasable","12":"product-type-variable"},"yoast_head":"<!-- This site is optimized with the Yoast SEO plugin v26.3 - https:\/\/yoast.com\/wordpress\/plugins\/seo\/ -->\n<title>4-HO-MCPT online kopen - 4-HO-MCPT te koop<\/title>\n<meta name=\"description\" content=\"Als je 4-ho-mcpt online kopen, dan is een bezoek aan onze online RC Kopen winkel de beste optie. Wij hebben 4-ho-mcpt te koop. Plaats nu uw bestelling!\" \/>\n<meta name=\"robots\" content=\"index, follow, max-snippet:-1, max-image-preview:large, max-video-preview:-1\" \/>\n<link rel=\"canonical\" href=\"https:\/\/rckopen.com\/pt\/produto\/4-ho-mcpt\/\" \/>\n<meta property=\"og:locale\" content=\"pt_PT\" \/>\n<meta property=\"og:type\" content=\"article\" \/>\n<meta property=\"og:title\" content=\"4-HO-MCPT online kopen - 4-HO-MCPT te koop\" \/>\n<meta property=\"og:description\" content=\"Als je 4-ho-mcpt online kopen, dan is een bezoek aan onze online RC Kopen winkel de beste optie. Wij hebben 4-ho-mcpt te koop. Plaats nu uw bestelling!\" \/>\n<meta property=\"og:url\" content=\"https:\/\/rckopen.com\/pt\/produto\/4-ho-mcpt\/\" \/>\n<meta property=\"og:site_name\" content=\"RC Kopen\" \/>\n<meta property=\"article:modified_time\" content=\"2025-01-31T05:25:22+00:00\" \/>\n<meta property=\"og:image\" content=\"https:\/\/rckopen.com\/wp-content\/uploads\/2023\/08\/4-HO-MiPT-1.jpg\" \/>\n\t<meta property=\"og:image:width\" content=\"600\" \/>\n\t<meta property=\"og:image:height\" content=\"600\" \/>\n\t<meta property=\"og:image:type\" content=\"image\/jpeg\" \/>\n<meta name=\"twitter:card\" content=\"summary_large_image\" \/>\n<meta name=\"twitter:label1\" content=\"Tempo estimado de leitura\" \/>\n\t<meta name=\"twitter:data1\" content=\"3 minutos\" \/>\n<script type=\"application\/ld+json\" class=\"yoast-schema-graph\">{\"@context\":\"https:\/\/schema.org\",\"@graph\":[{\"@type\":\"WebPage\",\"@id\":\"https:\/\/rckopen.com\/product\/4-ho-mcpt\/\",\"url\":\"https:\/\/rckopen.com\/product\/4-ho-mcpt\/\",\"name\":\"4-HO-MCPT online kopen - 4-HO-MCPT te koop\",\"isPartOf\":{\"@id\":\"https:\/\/rckopen.com\/#website\"},\"primaryImageOfPage\":{\"@id\":\"https:\/\/rckopen.com\/product\/4-ho-mcpt\/#primaryimage\"},\"image\":{\"@id\":\"https:\/\/rckopen.com\/product\/4-ho-mcpt\/#primaryimage\"},\"thumbnailUrl\":\"https:\/\/rckopen.com\/wp-content\/uploads\/2023\/08\/4-HO-MiPT-1.jpg\",\"datePublished\":\"2023-08-17T10:41:31+00:00\",\"dateModified\":\"2025-01-31T05:25:22+00:00\",\"description\":\"Als je 4-ho-mcpt online kopen, dan is een bezoek aan onze online RC Kopen winkel de beste optie. Wij hebben 4-ho-mcpt te koop. Plaats nu uw bestelling!\",\"breadcrumb\":{\"@id\":\"https:\/\/rckopen.com\/product\/4-ho-mcpt\/#breadcrumb\"},\"inLanguage\":\"pt-PT\",\"potentialAction\":[{\"@type\":\"ReadAction\",\"target\":[\"https:\/\/rckopen.com\/product\/4-ho-mcpt\/\"]}]},{\"@type\":\"ImageObject\",\"inLanguage\":\"pt-PT\",\"@id\":\"https:\/\/rckopen.com\/product\/4-ho-mcpt\/#primaryimage\",\"url\":\"https:\/\/rckopen.com\/wp-content\/uploads\/2023\/08\/4-HO-MiPT-1.jpg\",\"contentUrl\":\"https:\/\/rckopen.com\/wp-content\/uploads\/2023\/08\/4-HO-MiPT-1.jpg\",\"width\":600,\"height\":600,\"caption\":\"4-HO-MiPT online kopen\"},{\"@type\":\"BreadcrumbList\",\"@id\":\"https:\/\/rckopen.com\/product\/4-ho-mcpt\/#breadcrumb\",\"itemListElement\":[{\"@type\":\"ListItem\",\"position\":1,\"name\":\"Home\",\"item\":\"https:\/\/rckopen.com\/\"},{\"@type\":\"ListItem\",\"position\":2,\"name\":\"Shop\",\"item\":\"https:\/\/rckopen.com\/shop\/\"},{\"@type\":\"ListItem\",\"position\":3,\"name\":\"4-HO-MCPT online kopen\"}]},{\"@type\":\"WebSite\",\"@id\":\"https:\/\/rckopen.com\/#website\",\"url\":\"https:\/\/rckopen.com\/\",\"name\":\"RC Kopen\",\"description\":\"Research Chemicals\",\"potentialAction\":[{\"@type\":\"SearchAction\",\"target\":{\"@type\":\"EntryPoint\",\"urlTemplate\":\"https:\/\/rckopen.com\/?s={search_term_string}\"},\"query-input\":{\"@type\":\"PropertyValueSpecification\",\"valueRequired\":true,\"valueName\":\"search_term_string\"}}],\"inLanguage\":\"pt-PT\"}]}<\/script>\n<!-- \/ Yoast SEO plugin. -->","yoast_head_json":{"title":"4-HO-MCPT online kopen - 4-HO-MCPT te koop","description":"Als je 4-ho-mcpt online kopen, dan is een bezoek aan onze online RC Kopen winkel de beste optie. Wij hebben 4-ho-mcpt te koop. Plaats nu uw bestelling!","robots":{"index":"index","follow":"follow","max-snippet":"max-snippet:-1","max-image-preview":"max-image-preview:large","max-video-preview":"max-video-preview:-1"},"canonical":"https:\/\/rckopen.com\/pt\/produto\/4-ho-mcpt\/","og_locale":"pt_PT","og_type":"article","og_title":"4-HO-MCPT online kopen - 4-HO-MCPT te koop","og_description":"Als je 4-ho-mcpt online kopen, dan is een bezoek aan onze online RC Kopen winkel de beste optie. Wij hebben 4-ho-mcpt te koop. Plaats nu uw bestelling!","og_url":"https:\/\/rckopen.com\/pt\/produto\/4-ho-mcpt\/","og_site_name":"RC Kopen","article_modified_time":"2025-01-31T05:25:22+00:00","og_image":[{"width":600,"height":600,"url":"https:\/\/rckopen.com\/wp-content\/uploads\/2023\/08\/4-HO-MiPT-1.jpg","type":"image\/jpeg"}],"twitter_card":"summary_large_image","twitter_misc":{"Tempo estimado de leitura":"3 minutos"},"schema":{"@context":"https:\/\/schema.org","@graph":[{"@type":"WebPage","@id":"https:\/\/rckopen.com\/product\/4-ho-mcpt\/","url":"https:\/\/rckopen.com\/product\/4-ho-mcpt\/","name":"4-HO-MCPT online kopen - 4-HO-MCPT te koop","isPartOf":{"@id":"https:\/\/rckopen.com\/#website"},"primaryImageOfPage":{"@id":"https:\/\/rckopen.com\/product\/4-ho-mcpt\/#primaryimage"},"image":{"@id":"https:\/\/rckopen.com\/product\/4-ho-mcpt\/#primaryimage"},"thumbnailUrl":"https:\/\/rckopen.com\/wp-content\/uploads\/2023\/08\/4-HO-MiPT-1.jpg","datePublished":"2023-08-17T10:41:31+00:00","dateModified":"2025-01-31T05:25:22+00:00","description":"Als je 4-ho-mcpt online kopen, dan is een bezoek aan onze online RC Kopen winkel de beste optie. Wij hebben 4-ho-mcpt te koop. Plaats nu uw bestelling!","breadcrumb":{"@id":"https:\/\/rckopen.com\/product\/4-ho-mcpt\/#breadcrumb"},"inLanguage":"pt-PT","potentialAction":[{"@type":"ReadAction","target":["https:\/\/rckopen.com\/product\/4-ho-mcpt\/"]}]},{"@type":"ImageObject","inLanguage":"pt-PT","@id":"https:\/\/rckopen.com\/product\/4-ho-mcpt\/#primaryimage","url":"https:\/\/rckopen.com\/wp-content\/uploads\/2023\/08\/4-HO-MiPT-1.jpg","contentUrl":"https:\/\/rckopen.com\/wp-content\/uploads\/2023\/08\/4-HO-MiPT-1.jpg","width":600,"height":600,"caption":"4-HO-MiPT online kopen"},{"@type":"BreadcrumbList","@id":"https:\/\/rckopen.com\/product\/4-ho-mcpt\/#breadcrumb","itemListElement":[{"@type":"ListItem","position":1,"name":"Home","item":"https:\/\/rckopen.com\/"},{"@type":"ListItem","position":2,"name":"Shop","item":"https:\/\/rckopen.com\/shop\/"},{"@type":"ListItem","position":3,"name":"4-HO-MCPT online kopen"}]},{"@type":"WebSite","@id":"https:\/\/rckopen.com\/#website","url":"https:\/\/rckopen.com\/","name":"RC Kopen","description":"Research Chemicals","potentialAction":[{"@type":"SearchAction","target":{"@type":"EntryPoint","urlTemplate":"https:\/\/rckopen.com\/?s={search_term_string}"},"query-input":{"@type":"PropertyValueSpecification","valueRequired":true,"valueName":"search_term_string"}}],"inLanguage":"pt-PT"}]}},"_links":{"self":[{"href":"https:\/\/rckopen.com\/pt\/wp-json\/wp\/v2\/product\/6701","targetHints":{"allow":["GET"]}}],"collection":[{"href":"https:\/\/rckopen.com\/pt\/wp-json\/wp\/v2\/product"}],"about":[{"href":"https:\/\/rckopen.com\/pt\/wp-json\/wp\/v2\/types\/product"}],"replies":[{"embeddable":true,"href":"https:\/\/rckopen.com\/pt\/wp-json\/wp\/v2\/comments?post=6701"}],"wp:featuredmedia":[{"embeddable":true,"href":"https:\/\/rckopen.com\/pt\/wp-json\/wp\/v2\/media\/6887"}],"wp:attachment":[{"href":"https:\/\/rckopen.com\/pt\/wp-json\/wp\/v2\/media?parent=6701"}],"wp:term":[{"taxonomy":"product_brand","embeddable":true,"href":"https:\/\/rckopen.com\/pt\/wp-json\/wp\/v2\/product_brand?post=6701"},{"taxonomy":"product_cat","embeddable":true,"href":"https:\/\/rckopen.com\/pt\/wp-json\/wp\/v2\/product_cat?post=6701"},{"taxonomy":"product_tag","embeddable":true,"href":"https:\/\/rckopen.com\/pt\/wp-json\/wp\/v2\/product_tag?post=6701"}],"curies":[{"name":"wp","href":"https:\/\/api.w.org\/{rel}","templated":true}]}}