{"id":6755,"date":"2023-08-17T10:58:40","date_gmt":"2023-08-17T10:58:40","guid":{"rendered":"https:\/\/diligentplug.com\/chems\/?post_type=product&#038;p=6755"},"modified":"2025-02-04T05:23:17","modified_gmt":"2025-02-04T05:23:17","slug":"mipt-fumarate","status":"publish","type":"product","link":"https:\/\/rckopen.com\/pt\/produto\/fumarato-de-mipt\/","title":{"rendered":"Compre fumarato MiPT online"},"content":{"rendered":"<h2>Compre fumarato MiPT online<\/h2>\n<h3>Bem-vindo \u00e0 RCKopen: a sua melhor fonte de fumarato de MiPT<\/h3>\n<p>Quer comprar fumarato MiPT online? N\u00e3o procure mais, RCKopen, seu destino confi\u00e1vel para produtos qu\u00edmicos de pesquisa de alta qualidade. onde comprar MiPT Fumarate? Com um compromisso de excel\u00eancia e satisfa\u00e7\u00e3o do cliente, oferecemos uma experi\u00eancia de compra perfeita para todas as suas necessidades de fumarato MiPT.<\/p>\n<h3>Porqu\u00ea escolher o RCKopen?<\/h3>\n<p>Na RCKopen, damos prioridade \u00e0 qualidade, \u00e0 legalidade e ao conforto. \u00c9 por isso que deve escolher-nos para a venda do seu fumarato de MiPT:<\/p>\n<p>1. Produtos de alta qualidade<br \/>\nCompreendemos a import\u00e2ncia da pureza e da qualidade dos produtos qu\u00edmicos para investiga\u00e7\u00e3o. Por isso, obtemos o nosso fumarato MiPT de fornecedores reputados para garantir os mais elevados padr\u00f5es em cada lote.<\/p>\n<p>1. Legal e conforme<br \/>\nPode ter a certeza de que todos os nossos produtos, incluindo o fumarato MiPT, s\u00e3o legais para comprar. Cumprimos os regulamentos e directrizes para lhe proporcionar uma experi\u00eancia de compra sem preocupa\u00e7\u00f5es.<\/p>\n<p>1. Processo de encomenda simples<br \/>\nO nosso site de f\u00e1cil utiliza\u00e7\u00e3o facilita a pesquisa, sele\u00e7\u00e3o e compra de fumarato de MiPT com apenas alguns cliques. N\u00e3o tem receita m\u00e9dica? N\u00e3o h\u00e1 problema. Oferecemos uma solu\u00e7\u00e3o conveniente para comprar fumarato de MiPT sem receita m\u00e9dica.<\/p>\n<h3>Como comprar o fumarato de MiPT<\/h3>\n<p>Pronto para fazer a sua compra? Siga estes passos simples para comprar o fumarato MiPT na RCKopen:<\/p>\n<p>1. Navegar na nossa sele\u00e7\u00e3o<br \/>\nExplore a nossa vasta gama de produtos de fumarato MiPT dispon\u00edveis no nosso s\u00edtio Web. Desde diferentes quantidades a diferentes formas, temos op\u00e7\u00f5es que se adaptam \u00e0s suas necessidades de investiga\u00e7\u00e3o.<\/p>\n<p>1. Adicionar ao carrinho<br \/>\nDepois de ter encontrado o produto fumarato MiPT que pretende, basta adicion\u00e1-lo ao seu carrinho de compras. Pode verificar a sua sele\u00e7\u00e3o antes de proceder ao checkout. Comprar MiPT fumarate apenas a n\u00f3s em Portugal.<\/p>\n<p>1. Checkout seguro<br \/>\nO nosso processo de pagamento seguro garante que os seus dados pessoais e de pagamento est\u00e3o protegidos. Escolha entre v\u00e1rias op\u00e7\u00f5es de pagamento para uma transa\u00e7\u00e3o sem problemas.<\/p>\n<p>1. Envio r\u00e1pido<br \/>\nCompreendemos a urg\u00eancia dos seus projectos de investiga\u00e7\u00e3o. Por isso, oferecemos op\u00e7\u00f5es de envio r\u00e1pidas e fi\u00e1veis para que o seu fumarato de MiPT seja entregue em sua casa rapidamente.<\/p>\n<h3>Compre MiPT Fumarato online hoje mesmo!<\/h3>\n<p>N\u00e3o perca a oportunidade de comprar fumarato MiPT de alta qualidade e encomende-o de um fornecedor confi\u00e1vel. Compre agora na RCKopen e experimente a excel\u00eancia em produtos qu\u00edmicos de pesquisa. Esteja voc\u00ea no Reino Unido ou em outro lugar, estamos aqui para ajudar. Compre MiPT Fumarato online hoje mesmo de forma legal e sem complica\u00e7\u00f5es!<\/p>","protected":false},"excerpt":{"rendered":"<p><strong>Nome IUPAC: <\/strong>N-[2-(1H-indol-3-yl)ethyl]-N-methylpropan-2-amine<\/p>\n<p><strong>Outro nome:<\/strong><\/p>\n<p>N-Metil-N-isopropiltriptamina<\/p>\n<p><strong>Apar\u00eancia: <\/strong>p\u00f3<\/p>\n<p><strong>Forma: <\/strong>fumarato<\/p>\n<p><strong>An\u00e1lise NMR: <\/strong>N\/A<\/p>","protected":false},"featured_media":7922,"comment_status":"open","ping_status":"closed","template":"","meta":{"_joinchat":[]},"product_brand":[],"product_cat":[149],"product_tag":[],"class_list":{"0":"post-6755","1":"product","2":"type-product","3":"status-publish","4":"has-post-thumbnail","6":"product_cat-tryptaminen","8":"first","9":"instock","10":"shipping-taxable","11":"purchasable","12":"product-type-variable"},"yoast_head":"<!-- This site is optimized with the Yoast SEO plugin v26.3 - https:\/\/yoast.com\/wordpress\/plugins\/seo\/ -->\n<title>MIPT-fumarate online kopen - MIPT-fumarate te koop | RC Kopen<\/title>\n<meta name=\"description\" content=\"Onze online RC Kopen winkel heeft de beste kwaliteit MIPT Fumaraat te koop. Wilt u MIPT Fumaraat online kopen, dan kunnen wij u van alle kanten helpen. Bestel vandaag nog!\" \/>\n<meta name=\"robots\" content=\"index, follow, max-snippet:-1, max-image-preview:large, max-video-preview:-1\" \/>\n<link rel=\"canonical\" href=\"https:\/\/rckopen.com\/pt\/produto\/fumarato-de-mipt\/\" \/>\n<meta property=\"og:locale\" content=\"pt_PT\" \/>\n<meta property=\"og:type\" content=\"article\" \/>\n<meta property=\"og:title\" content=\"MIPT-fumarate online kopen - MIPT-fumarate te koop | RC Kopen\" \/>\n<meta property=\"og:description\" content=\"Onze online RC Kopen winkel heeft de beste kwaliteit MIPT Fumaraat te koop. Wilt u MIPT Fumaraat online kopen, dan kunnen wij u van alle kanten helpen. Bestel vandaag nog!\" \/>\n<meta property=\"og:url\" content=\"https:\/\/rckopen.com\/pt\/produto\/fumarato-de-mipt\/\" \/>\n<meta property=\"og:site_name\" content=\"RC Kopen\" \/>\n<meta property=\"article:modified_time\" content=\"2025-02-04T05:23:17+00:00\" \/>\n<meta property=\"og:image\" content=\"https:\/\/rckopen.com\/wp-content\/uploads\/2023\/08\/mipt-fumarate-1.jpg\" \/>\n\t<meta property=\"og:image:width\" content=\"600\" \/>\n\t<meta property=\"og:image:height\" content=\"600\" \/>\n\t<meta property=\"og:image:type\" content=\"image\/jpeg\" \/>\n<meta name=\"twitter:card\" content=\"summary_large_image\" \/>\n<meta name=\"twitter:label1\" content=\"Tempo estimado de leitura\" \/>\n\t<meta name=\"twitter:data1\" content=\"2 minutos\" \/>\n<script type=\"application\/ld+json\" class=\"yoast-schema-graph\">{\"@context\":\"https:\/\/schema.org\",\"@graph\":[{\"@type\":\"WebPage\",\"@id\":\"https:\/\/rckopen.com\/product\/mipt-fumarate\/\",\"url\":\"https:\/\/rckopen.com\/product\/mipt-fumarate\/\",\"name\":\"MIPT-fumarate online kopen - MIPT-fumarate te koop | RC Kopen\",\"isPartOf\":{\"@id\":\"https:\/\/rckopen.com\/#website\"},\"primaryImageOfPage\":{\"@id\":\"https:\/\/rckopen.com\/product\/mipt-fumarate\/#primaryimage\"},\"image\":{\"@id\":\"https:\/\/rckopen.com\/product\/mipt-fumarate\/#primaryimage\"},\"thumbnailUrl\":\"https:\/\/rckopen.com\/wp-content\/uploads\/2023\/08\/mipt-fumarate-1.jpg\",\"datePublished\":\"2023-08-17T10:58:40+00:00\",\"dateModified\":\"2025-02-04T05:23:17+00:00\",\"description\":\"Onze online RC Kopen winkel heeft de beste kwaliteit MIPT Fumaraat te koop. Wilt u MIPT Fumaraat online kopen, dan kunnen wij u van alle kanten helpen. Bestel vandaag nog!\",\"breadcrumb\":{\"@id\":\"https:\/\/rckopen.com\/product\/mipt-fumarate\/#breadcrumb\"},\"inLanguage\":\"pt-PT\",\"potentialAction\":[{\"@type\":\"ReadAction\",\"target\":[\"https:\/\/rckopen.com\/product\/mipt-fumarate\/\"]}]},{\"@type\":\"ImageObject\",\"inLanguage\":\"pt-PT\",\"@id\":\"https:\/\/rckopen.com\/product\/mipt-fumarate\/#primaryimage\",\"url\":\"https:\/\/rckopen.com\/wp-content\/uploads\/2023\/08\/mipt-fumarate-1.jpg\",\"contentUrl\":\"https:\/\/rckopen.com\/wp-content\/uploads\/2023\/08\/mipt-fumarate-1.jpg\",\"width\":600,\"height\":600,\"caption\":\"mipt-fumarate online kopen\"},{\"@type\":\"BreadcrumbList\",\"@id\":\"https:\/\/rckopen.com\/product\/mipt-fumarate\/#breadcrumb\",\"itemListElement\":[{\"@type\":\"ListItem\",\"position\":1,\"name\":\"Home\",\"item\":\"https:\/\/rckopen.com\/\"},{\"@type\":\"ListItem\",\"position\":2,\"name\":\"Shop\",\"item\":\"https:\/\/rckopen.com\/shop\/\"},{\"@type\":\"ListItem\",\"position\":3,\"name\":\"MiPT fumarate online kopen\"}]},{\"@type\":\"WebSite\",\"@id\":\"https:\/\/rckopen.com\/#website\",\"url\":\"https:\/\/rckopen.com\/\",\"name\":\"RC Kopen\",\"description\":\"Research Chemicals\",\"potentialAction\":[{\"@type\":\"SearchAction\",\"target\":{\"@type\":\"EntryPoint\",\"urlTemplate\":\"https:\/\/rckopen.com\/?s={search_term_string}\"},\"query-input\":{\"@type\":\"PropertyValueSpecification\",\"valueRequired\":true,\"valueName\":\"search_term_string\"}}],\"inLanguage\":\"pt-PT\"}]}<\/script>\n<!-- \/ Yoast SEO plugin. -->","yoast_head_json":{"title":"MIPT-fumarate online kopen - MIPT-fumarate te koop | RC Kopen","description":"Onze online RC Kopen winkel heeft de beste kwaliteit MIPT Fumaraat te koop. Wilt u MIPT Fumaraat online kopen, dan kunnen wij u van alle kanten helpen. Bestel vandaag nog!","robots":{"index":"index","follow":"follow","max-snippet":"max-snippet:-1","max-image-preview":"max-image-preview:large","max-video-preview":"max-video-preview:-1"},"canonical":"https:\/\/rckopen.com\/pt\/produto\/fumarato-de-mipt\/","og_locale":"pt_PT","og_type":"article","og_title":"MIPT-fumarate online kopen - MIPT-fumarate te koop | RC Kopen","og_description":"Onze online RC Kopen winkel heeft de beste kwaliteit MIPT Fumaraat te koop. Wilt u MIPT Fumaraat online kopen, dan kunnen wij u van alle kanten helpen. Bestel vandaag nog!","og_url":"https:\/\/rckopen.com\/pt\/produto\/fumarato-de-mipt\/","og_site_name":"RC Kopen","article_modified_time":"2025-02-04T05:23:17+00:00","og_image":[{"width":600,"height":600,"url":"https:\/\/rckopen.com\/wp-content\/uploads\/2023\/08\/mipt-fumarate-1.jpg","type":"image\/jpeg"}],"twitter_card":"summary_large_image","twitter_misc":{"Tempo estimado de leitura":"2 minutos"},"schema":{"@context":"https:\/\/schema.org","@graph":[{"@type":"WebPage","@id":"https:\/\/rckopen.com\/product\/mipt-fumarate\/","url":"https:\/\/rckopen.com\/product\/mipt-fumarate\/","name":"MIPT-fumarate online kopen - MIPT-fumarate te koop | RC Kopen","isPartOf":{"@id":"https:\/\/rckopen.com\/#website"},"primaryImageOfPage":{"@id":"https:\/\/rckopen.com\/product\/mipt-fumarate\/#primaryimage"},"image":{"@id":"https:\/\/rckopen.com\/product\/mipt-fumarate\/#primaryimage"},"thumbnailUrl":"https:\/\/rckopen.com\/wp-content\/uploads\/2023\/08\/mipt-fumarate-1.jpg","datePublished":"2023-08-17T10:58:40+00:00","dateModified":"2025-02-04T05:23:17+00:00","description":"Onze online RC Kopen winkel heeft de beste kwaliteit MIPT Fumaraat te koop. Wilt u MIPT Fumaraat online kopen, dan kunnen wij u van alle kanten helpen. Bestel vandaag nog!","breadcrumb":{"@id":"https:\/\/rckopen.com\/product\/mipt-fumarate\/#breadcrumb"},"inLanguage":"pt-PT","potentialAction":[{"@type":"ReadAction","target":["https:\/\/rckopen.com\/product\/mipt-fumarate\/"]}]},{"@type":"ImageObject","inLanguage":"pt-PT","@id":"https:\/\/rckopen.com\/product\/mipt-fumarate\/#primaryimage","url":"https:\/\/rckopen.com\/wp-content\/uploads\/2023\/08\/mipt-fumarate-1.jpg","contentUrl":"https:\/\/rckopen.com\/wp-content\/uploads\/2023\/08\/mipt-fumarate-1.jpg","width":600,"height":600,"caption":"mipt-fumarate online kopen"},{"@type":"BreadcrumbList","@id":"https:\/\/rckopen.com\/product\/mipt-fumarate\/#breadcrumb","itemListElement":[{"@type":"ListItem","position":1,"name":"Home","item":"https:\/\/rckopen.com\/"},{"@type":"ListItem","position":2,"name":"Shop","item":"https:\/\/rckopen.com\/shop\/"},{"@type":"ListItem","position":3,"name":"MiPT fumarate online kopen"}]},{"@type":"WebSite","@id":"https:\/\/rckopen.com\/#website","url":"https:\/\/rckopen.com\/","name":"RC Kopen","description":"Research Chemicals","potentialAction":[{"@type":"SearchAction","target":{"@type":"EntryPoint","urlTemplate":"https:\/\/rckopen.com\/?s={search_term_string}"},"query-input":{"@type":"PropertyValueSpecification","valueRequired":true,"valueName":"search_term_string"}}],"inLanguage":"pt-PT"}]}},"_links":{"self":[{"href":"https:\/\/rckopen.com\/pt\/wp-json\/wp\/v2\/product\/6755","targetHints":{"allow":["GET"]}}],"collection":[{"href":"https:\/\/rckopen.com\/pt\/wp-json\/wp\/v2\/product"}],"about":[{"href":"https:\/\/rckopen.com\/pt\/wp-json\/wp\/v2\/types\/product"}],"replies":[{"embeddable":true,"href":"https:\/\/rckopen.com\/pt\/wp-json\/wp\/v2\/comments?post=6755"}],"wp:featuredmedia":[{"embeddable":true,"href":"https:\/\/rckopen.com\/pt\/wp-json\/wp\/v2\/media\/7922"}],"wp:attachment":[{"href":"https:\/\/rckopen.com\/pt\/wp-json\/wp\/v2\/media?parent=6755"}],"wp:term":[{"taxonomy":"product_brand","embeddable":true,"href":"https:\/\/rckopen.com\/pt\/wp-json\/wp\/v2\/product_brand?post=6755"},{"taxonomy":"product_cat","embeddable":true,"href":"https:\/\/rckopen.com\/pt\/wp-json\/wp\/v2\/product_cat?post=6755"},{"taxonomy":"product_tag","embeddable":true,"href":"https:\/\/rckopen.com\/pt\/wp-json\/wp\/v2\/product_tag?post=6755"}],"curies":[{"name":"wp","href":"https:\/\/api.w.org\/{rel}","templated":true}]}}