{"id":6756,"date":"2023-08-17T10:59:49","date_gmt":"2023-08-17T10:59:49","guid":{"rendered":"https:\/\/diligentplug.com\/chems\/?post_type=product&#038;p=6756"},"modified":"2025-02-04T05:27:54","modified_gmt":"2025-02-04T05:27:54","slug":"mpt","status":"publish","type":"product","link":"https:\/\/rckopen.com\/pt\/produto\/mpt\/","title":{"rendered":"Compre MPT online"},"content":{"rendered":"<h2>Hoe u legitieme bronnen kunt vinden om MPT online kopen<\/h2>\n<p>Est\u00e1 \u00e0 procura de uma fonte fi\u00e1vel para comprar MPT online? N\u00e3o procure mais! Encontrar fontes leg\u00edtimas para comprar MPT (3-metiltiofentanil) online \u00e9 crucial para garantir a seguran\u00e7a, legalidade e qualidade do produto. Aqui est\u00e1 um guia completo para o ajudar a navegar no processo com seguran\u00e7a e confian\u00e7a.<\/p>\n<h3>Investigar exaustivamente<\/h3>\n<p>Antes de efetuar uma compra, \u00e9 essencial fazer uma pesquisa exaustiva. Comece por procurar vendedores em linha com boa reputa\u00e7\u00e3o que ofere\u00e7am MPT para venda. Procure s\u00edtios Web com uma boa reputa\u00e7\u00e3o, cr\u00edticas positivas e informa\u00e7\u00f5es transparentes sobre os seus produtos e servi\u00e7os.<\/p>\n<h3>Verificar a legitimidade<\/h3>\n<p>Ao procurar potenciais fornecedores, d\u00ea prioridade \u00e0 legitimidade. Certifique-se de que o s\u00edtio Web que est\u00e1 a considerar est\u00e1 licenciado para vender MPT legalmente. Os fornecedores leg\u00edtimos apresentam frequentemente de forma proeminente as suas certifica\u00e7\u00f5es, licen\u00e7as e conformidade regulamentar no seu s\u00edtio Web.<\/p>\n<h3>Verificar a qualidade do produto<\/h3>\n<p>A qualidade \u00e9 fundamental quando se compra MPT online. Procure fornecedores que ofere\u00e7am produtos de qualidade farmac\u00eautica fabricados em instala\u00e7\u00f5es certificadas. Al\u00e9m disso, os fornecedores de renome oferecem informa\u00e7\u00f5es detalhadas sobre o produto, incluindo n\u00edveis de pureza, recomenda\u00e7\u00f5es de dosagem e poss\u00edveis efeitos secund\u00e1rios.<\/p>\n<h3>Ler as opini\u00f5es dos clientes<\/h3>\n<p>As opini\u00f5es dos clientes s\u00e3o fontes valiosas para avaliar a fiabilidade e a credibilidade de um fornecedor. Analise os coment\u00e1rios de compradores anteriores sobre a qualidade do produto, o servi\u00e7o ao cliente, os prazos de entrega e a satisfa\u00e7\u00e3o geral. As cr\u00edticas positivas podem tranquilizar a sele\u00e7\u00e3o de um fornecedor.<\/p>\n<h3>Compreender os requisitos legais<\/h3>\n<p>Familiarize-se com os requisitos legais para comprar MPT na sua regi\u00e3o. Por exemplo, comprar MPT sem receita m\u00e9dica \u00e9 ilegal no Reino Unido. Certifique-se de que cumpre todas as leis e regulamentos aplic\u00e1veis para evitar consequ\u00eancias legais.<\/p>\n<h3>Selecionar RCKopen<\/h3>\n<p>Se est\u00e1 \u00e0 procura de uma fonte fi\u00e1vel para comprar MPT online, considere a RCKopen. Como uma loja online respeit\u00e1vel especializada em produtos qu\u00edmicos de pesquisa, a RCKopen oferece uma ampla sele\u00e7\u00e3o de produtos de alta qualidade, incluindo MPT. Com um compromisso de satisfa\u00e7\u00e3o do cliente, qualidade do produto e conformidade legal, a RCKopen oferece uma plataforma segura e confi\u00e1vel para a compra de MPT no Reino Unido e em outras \u00e1reas.<\/p>\n<h3>Porqu\u00ea escolher o RCKopen?<\/h3>\n<p>- Vasta sele\u00e7\u00e3o: Explore uma vasta gama de produtos qu\u00edmicos de investiga\u00e7\u00e3o, incluindo MPT, para venda.<\/p>\n<p>- Garantia de qualidade: Pode ter a certeza de que todos os produtos s\u00e3o submetidos a testes rigorosos para garantir a sua pureza e pot\u00eancia.<\/p>\n<p>- Conformidade legal: A RCKopen opera em conformidade com todas as leis e regulamentos aplic\u00e1veis que regem a venda de produtos qu\u00edmicos de investiga\u00e7\u00e3o.<\/p>\n<p>- Transac\u00e7\u00f5es seguras: desfrute de paz de esp\u00edrito com op\u00e7\u00f5es de pagamento seguras e transac\u00e7\u00f5es encriptadas.<\/p>\n<p>- Servi\u00e7o de apoio ao cliente excecional: receba ajuda r\u00e1pida e especializada da nossa equipa dedicada de apoio ao cliente.<\/p>\n<p>- Envio r\u00e1pido: experimente o envio r\u00e1pido e discreto diretamente para a sua porta para maior comodidade.<\/p>\n<p>Reserve a sua encomenda hoje!<br \/>\nPronto para comprar MPT legalmente de uma fonte confi\u00e1vel? Visite RCKopen para explorar nossa sele\u00e7\u00e3o de produtos qu\u00edmicos de pesquisa de alta qualidade e fazer seu pedido com confian\u00e7a. Com o nosso compromisso com a legalidade, qualidade e satisfa\u00e7\u00e3o do cliente, RCKopen \u00e9 o seu parceiro de confian\u00e7a para todas as suas necessidades de pesquisa qu\u00edmica.<\/p>\n<p>N\u00e3o comprometa a seguran\u00e7a ou a qualidade. Escolha RCKopen para uma experi\u00eancia de compra confi\u00e1vel e sem problemas. Compre MPT online hoje e embarque em sua jornada de pesquisa com confian\u00e7a.<\/p>","protected":false},"excerpt":{"rendered":"<p><strong>Nome IUPAC: <\/strong>N-[2-(1H-Indol-3-yl)ethyl]-N-methylpropan-1-amine<\/p>\n<p><strong>CAS # <\/strong>850032-72-3<\/p>\n<p><strong>Outro nome: <\/strong>N-Metil-N-propiltriptamina<\/p>\n<p><strong>Apar\u00eancia: <\/strong>p\u00f3<\/p>\n<p><strong>Forma: <\/strong>fumarato<\/p>\n<p><strong>An\u00e1lise NMR: <\/strong>C14H20N2<\/p>","protected":false},"featured_media":0,"comment_status":"open","ping_status":"closed","template":"","meta":{"_joinchat":[]},"product_brand":[],"product_cat":[149],"product_tag":[],"class_list":{"0":"post-6756","1":"product","2":"type-product","3":"status-publish","5":"product_cat-tryptaminen","7":"first","8":"instock","9":"shipping-taxable","10":"purchasable","11":"product-type-variable"},"yoast_head":"<!-- This site is optimized with the Yoast SEO plugin v26.3 - https:\/\/yoast.com\/wordpress\/plugins\/seo\/ -->\n<title>4-HO-MPT online Kopen - MPT te koop | RC Kopen<\/title>\n<meta name=\"description\" content=\"4-HO-MPT Kopen, Jouw bestelling voor MPT te koop is onze verantwoordelijkheid. Wij zullen uw bestelling overwegen om MPT te koop.\" \/>\n<meta name=\"robots\" content=\"index, follow, max-snippet:-1, max-image-preview:large, max-video-preview:-1\" \/>\n<link rel=\"canonical\" href=\"https:\/\/rckopen.com\/pt\/produto\/mpt\/\" \/>\n<meta property=\"og:locale\" content=\"pt_PT\" \/>\n<meta property=\"og:type\" content=\"article\" \/>\n<meta property=\"og:title\" content=\"4-HO-MPT online Kopen - MPT te koop | RC Kopen\" \/>\n<meta property=\"og:description\" content=\"4-HO-MPT Kopen, Jouw bestelling voor MPT te koop is onze verantwoordelijkheid. Wij zullen uw bestelling overwegen om MPT te koop.\" \/>\n<meta property=\"og:url\" content=\"https:\/\/rckopen.com\/pt\/produto\/mpt\/\" \/>\n<meta property=\"og:site_name\" content=\"RC Kopen\" \/>\n<meta property=\"article:modified_time\" content=\"2025-02-04T05:27:54+00:00\" \/>\n<meta name=\"twitter:card\" content=\"summary_large_image\" \/>\n<meta name=\"twitter:label1\" content=\"Tempo estimado de leitura\" \/>\n\t<meta name=\"twitter:data1\" content=\"3 minutos\" \/>\n<script type=\"application\/ld+json\" class=\"yoast-schema-graph\">{\"@context\":\"https:\/\/schema.org\",\"@graph\":[{\"@type\":\"WebPage\",\"@id\":\"https:\/\/rckopen.com\/product\/mpt\/\",\"url\":\"https:\/\/rckopen.com\/product\/mpt\/\",\"name\":\"4-HO-MPT online Kopen - MPT te koop | RC Kopen\",\"isPartOf\":{\"@id\":\"https:\/\/rckopen.com\/#website\"},\"datePublished\":\"2023-08-17T10:59:49+00:00\",\"dateModified\":\"2025-02-04T05:27:54+00:00\",\"description\":\"4-HO-MPT Kopen, Jouw bestelling voor MPT te koop is onze verantwoordelijkheid. Wij zullen uw bestelling overwegen om MPT te koop.\",\"breadcrumb\":{\"@id\":\"https:\/\/rckopen.com\/product\/mpt\/#breadcrumb\"},\"inLanguage\":\"pt-PT\",\"potentialAction\":[{\"@type\":\"ReadAction\",\"target\":[\"https:\/\/rckopen.com\/product\/mpt\/\"]}]},{\"@type\":\"BreadcrumbList\",\"@id\":\"https:\/\/rckopen.com\/product\/mpt\/#breadcrumb\",\"itemListElement\":[{\"@type\":\"ListItem\",\"position\":1,\"name\":\"Home\",\"item\":\"https:\/\/rckopen.com\/\"},{\"@type\":\"ListItem\",\"position\":2,\"name\":\"Shop\",\"item\":\"https:\/\/rckopen.com\/shop\/\"},{\"@type\":\"ListItem\",\"position\":3,\"name\":\"MPT online kopen\"}]},{\"@type\":\"WebSite\",\"@id\":\"https:\/\/rckopen.com\/#website\",\"url\":\"https:\/\/rckopen.com\/\",\"name\":\"RC Kopen\",\"description\":\"Research Chemicals\",\"potentialAction\":[{\"@type\":\"SearchAction\",\"target\":{\"@type\":\"EntryPoint\",\"urlTemplate\":\"https:\/\/rckopen.com\/?s={search_term_string}\"},\"query-input\":{\"@type\":\"PropertyValueSpecification\",\"valueRequired\":true,\"valueName\":\"search_term_string\"}}],\"inLanguage\":\"pt-PT\"}]}<\/script>\n<!-- \/ Yoast SEO plugin. -->","yoast_head_json":{"title":"4-HO-MPT online Kopen - MPT te koop | RC Kopen","description":"4-HO-MPT Kopen, Jouw bestelling voor MPT te koop is onze verantwoordelijkheid. Wij zullen uw bestelling overwegen om MPT te koop.","robots":{"index":"index","follow":"follow","max-snippet":"max-snippet:-1","max-image-preview":"max-image-preview:large","max-video-preview":"max-video-preview:-1"},"canonical":"https:\/\/rckopen.com\/pt\/produto\/mpt\/","og_locale":"pt_PT","og_type":"article","og_title":"4-HO-MPT online Kopen - MPT te koop | RC Kopen","og_description":"4-HO-MPT Kopen, Jouw bestelling voor MPT te koop is onze verantwoordelijkheid. Wij zullen uw bestelling overwegen om MPT te koop.","og_url":"https:\/\/rckopen.com\/pt\/produto\/mpt\/","og_site_name":"RC Kopen","article_modified_time":"2025-02-04T05:27:54+00:00","twitter_card":"summary_large_image","twitter_misc":{"Tempo estimado de leitura":"3 minutos"},"schema":{"@context":"https:\/\/schema.org","@graph":[{"@type":"WebPage","@id":"https:\/\/rckopen.com\/product\/mpt\/","url":"https:\/\/rckopen.com\/product\/mpt\/","name":"4-HO-MPT online Kopen - MPT te koop | RC Kopen","isPartOf":{"@id":"https:\/\/rckopen.com\/#website"},"datePublished":"2023-08-17T10:59:49+00:00","dateModified":"2025-02-04T05:27:54+00:00","description":"4-HO-MPT Kopen, Jouw bestelling voor MPT te koop is onze verantwoordelijkheid. Wij zullen uw bestelling overwegen om MPT te koop.","breadcrumb":{"@id":"https:\/\/rckopen.com\/product\/mpt\/#breadcrumb"},"inLanguage":"pt-PT","potentialAction":[{"@type":"ReadAction","target":["https:\/\/rckopen.com\/product\/mpt\/"]}]},{"@type":"BreadcrumbList","@id":"https:\/\/rckopen.com\/product\/mpt\/#breadcrumb","itemListElement":[{"@type":"ListItem","position":1,"name":"Home","item":"https:\/\/rckopen.com\/"},{"@type":"ListItem","position":2,"name":"Shop","item":"https:\/\/rckopen.com\/shop\/"},{"@type":"ListItem","position":3,"name":"MPT online kopen"}]},{"@type":"WebSite","@id":"https:\/\/rckopen.com\/#website","url":"https:\/\/rckopen.com\/","name":"RC Kopen","description":"Research Chemicals","potentialAction":[{"@type":"SearchAction","target":{"@type":"EntryPoint","urlTemplate":"https:\/\/rckopen.com\/?s={search_term_string}"},"query-input":{"@type":"PropertyValueSpecification","valueRequired":true,"valueName":"search_term_string"}}],"inLanguage":"pt-PT"}]}},"_links":{"self":[{"href":"https:\/\/rckopen.com\/pt\/wp-json\/wp\/v2\/product\/6756","targetHints":{"allow":["GET"]}}],"collection":[{"href":"https:\/\/rckopen.com\/pt\/wp-json\/wp\/v2\/product"}],"about":[{"href":"https:\/\/rckopen.com\/pt\/wp-json\/wp\/v2\/types\/product"}],"replies":[{"embeddable":true,"href":"https:\/\/rckopen.com\/pt\/wp-json\/wp\/v2\/comments?post=6756"}],"wp:attachment":[{"href":"https:\/\/rckopen.com\/pt\/wp-json\/wp\/v2\/media?parent=6756"}],"wp:term":[{"taxonomy":"product_brand","embeddable":true,"href":"https:\/\/rckopen.com\/pt\/wp-json\/wp\/v2\/product_brand?post=6756"},{"taxonomy":"product_cat","embeddable":true,"href":"https:\/\/rckopen.com\/pt\/wp-json\/wp\/v2\/product_cat?post=6756"},{"taxonomy":"product_tag","embeddable":true,"href":"https:\/\/rckopen.com\/pt\/wp-json\/wp\/v2\/product_tag?post=6756"}],"curies":[{"name":"wp","href":"https:\/\/api.w.org\/{rel}","templated":true}]}}