{"id":6757,"date":"2023-08-17T11:01:22","date_gmt":"2023-08-17T11:01:22","guid":{"rendered":"https:\/\/diligentplug.com\/chems\/?post_type=product&#038;p=6757"},"modified":"2025-02-04T05:18:12","modified_gmt":"2025-02-04T05:18:12","slug":"met-fumarate","status":"publish","type":"product","link":"https:\/\/rckopen.com\/pt\/produto\/com-fumarato\/","title":{"rendered":"Compre MET Fumarato online"},"content":{"rendered":"<h2>Ontdek de beste deals voor MET Fumarate online kopen<\/h2>\n<p>Voc\u00ea quer comprar MET Fumarato online? N\u00e3o sabe onde encontrar as melhores ofertas ou se \u00e9 poss\u00edvel compr\u00e1-lo legalmente sem receita? N\u00e3o procure mais! Na rckopen.com nos esfor\u00e7amos para fornecer fumarato MET de alta qualidade a pre\u00e7os competitivos.<\/p>\n<h3>\u00c9 por isso que nos deve escolher para todas as suas necessidades de Fumarato de MET:<br \/>\nPorqu\u00ea escolher o Fumarato de MET em rckopen.com?<\/h3>\n<p>Na rckopen.com, compreendemos a import\u00e2ncia da qualidade e da legalidade onde comprar Fumarato de MET. Por isso, garantimos que todos os nossos produtos prov\u00eam de fornecedores conceituados e cumprem os requisitos legais. Ao comprar Fumarato de MET connosco, pode ter a certeza de que est\u00e1 a receber um produto original que cumpre os mais elevados padr\u00f5es de qualidade e seguran\u00e7a.<\/p>\n<h3>A conveni\u00eancia de comprar Fumarato de MET online<\/h3>\n<p>Com nossa loja online, comprar MET Fumarate sempre foi um desafio. N\u00e3o importa se voc\u00ea est\u00e1 no Reino Unido ou em outro lugar, voc\u00ea pode pedir MET Fumarate no conforto da sua casa com apenas alguns cliques. Chega de complica\u00e7\u00f5es ao visitar v\u00e1rias lojas ou esperar em longas filas: visite nosso site, fa\u00e7a seu pedido e n\u00f3s cuidamos do resto.<\/p>\n<h3>Pre\u00e7os competitivos e ofertas especiais<\/h3>\n<p>Todos devem ter acesso a medicamentos a pre\u00e7os acess\u00edveis, e \u00e9 por isso que oferecemos pre\u00e7os competitivos em todos os nossos produtos. Esteja atento \u00e0s nossas ofertas especiais e descontos para poupar ainda mais nas suas compras de Fumarato de MET.<\/p>\n<h3>Envio r\u00e1pido e discreto<\/h3>\n<p>Compreendemos a import\u00e2ncia da privacidade quando se trata de comprar medicamentos online. \u00c9 por isso que oferecemos um envio r\u00e1pido e discreto de todas as encomendas. A sua encomenda de Fumarato de MET ser\u00e1 embalada de forma segura e entregue diretamente em sua casa, garantindo total confidencialidade em cada etapa.<\/p>\n<h3>Garantia de satisfa\u00e7\u00e3o do cliente<\/h3>\n<p>A sua satisfa\u00e7\u00e3o \u00e9 a nossa principal prioridade. Se por algum motivo n\u00e3o ficar totalmente satisfeito com a sua compra de Fumarato de MET, contacte a nossa equipa de apoio ao cliente e faremos todos os poss\u00edveis para resolver o problema.<\/p>\n<h3>Encomendar MET Fumarate hoje!<\/h3>\n<p>N\u00e3o deixe que o inc\u00f4modo de encontrar MET Fumarato \u00e0 venda o impe\u00e7a de obter a ajuda necess\u00e1ria. Pe\u00e7a hoje mesmo em rckopen.com e experimente a conveni\u00eancia de comprar MET Fumarate online. Com nossos pre\u00e7os competitivos, entrega r\u00e1pida e comprometimento com a qualidade, voc\u00ea n\u00e3o encontrar\u00e1 um lugar melhor para comprar MET Fumarato online em nenhum outro lugar.<\/p>","protected":false},"excerpt":{"rendered":"<p><strong>Nome IUPAC: <\/strong>Etil-(2-(1H-indol-3-il)-etil)metilamina<\/p>\n<p><strong>CAS # <\/strong>5599-69-9<\/p>\n<p><strong>Outro nome: <\/strong>N-etil-N-metiltriptamina<\/p>\n<p><strong>Forma: <\/strong>fumarato<\/p>\n<p><strong>An\u00e1lise NMR: <\/strong>C13H18N2<\/p>","protected":false},"featured_media":0,"comment_status":"open","ping_status":"closed","template":"","meta":{"_joinchat":[]},"product_brand":[],"product_cat":[149],"product_tag":[],"class_list":{"0":"post-6757","1":"product","2":"type-product","3":"status-publish","5":"product_cat-tryptaminen","7":"first","8":"instock","9":"shipping-taxable","10":"purchasable","11":"product-type-variable"},"yoast_head":"<!-- This site is optimized with the Yoast SEO plugin v26.3 - https:\/\/yoast.com\/wordpress\/plugins\/seo\/ -->\n<title>MET-Fumarate online kopen - MET-Fumarate online te koop<\/title>\n<meta name=\"description\" content=\"Als u MET Fumaraat online zonder recept wilt kopen, is rckopen.com de beste plaats om MET Fumaraat online kopen, MET Fumaraat te koop en MET Fumaraat online tegen de beste prijs te kopen. Bestel nu!\" \/>\n<meta name=\"robots\" content=\"index, follow, max-snippet:-1, max-image-preview:large, max-video-preview:-1\" \/>\n<link rel=\"canonical\" href=\"https:\/\/rckopen.com\/pt\/produto\/com-fumarato\/\" \/>\n<meta property=\"og:locale\" content=\"pt_PT\" \/>\n<meta property=\"og:type\" content=\"article\" \/>\n<meta property=\"og:title\" content=\"MET-Fumarate online kopen - MET-Fumarate online te koop\" \/>\n<meta property=\"og:description\" content=\"Als u MET Fumaraat online zonder recept wilt kopen, is rckopen.com de beste plaats om MET Fumaraat online kopen, MET Fumaraat te koop en MET Fumaraat online tegen de beste prijs te kopen. Bestel nu!\" \/>\n<meta property=\"og:url\" content=\"https:\/\/rckopen.com\/pt\/produto\/com-fumarato\/\" \/>\n<meta property=\"og:site_name\" content=\"RC Kopen\" \/>\n<meta property=\"article:modified_time\" content=\"2025-02-04T05:18:12+00:00\" \/>\n<meta name=\"twitter:card\" content=\"summary_large_image\" \/>\n<meta name=\"twitter:label1\" content=\"Tempo estimado de leitura\" \/>\n\t<meta name=\"twitter:data1\" content=\"2 minutos\" \/>\n<script type=\"application\/ld+json\" class=\"yoast-schema-graph\">{\"@context\":\"https:\/\/schema.org\",\"@graph\":[{\"@type\":\"WebPage\",\"@id\":\"https:\/\/rckopen.com\/product\/met-fumarate\/\",\"url\":\"https:\/\/rckopen.com\/product\/met-fumarate\/\",\"name\":\"MET-Fumarate online kopen - MET-Fumarate online te koop\",\"isPartOf\":{\"@id\":\"https:\/\/rckopen.com\/#website\"},\"datePublished\":\"2023-08-17T11:01:22+00:00\",\"dateModified\":\"2025-02-04T05:18:12+00:00\",\"description\":\"Als u MET Fumaraat online zonder recept wilt kopen, is rckopen.com de beste plaats om MET Fumaraat online kopen, MET Fumaraat te koop en MET Fumaraat online tegen de beste prijs te kopen. Bestel nu!\",\"breadcrumb\":{\"@id\":\"https:\/\/rckopen.com\/product\/met-fumarate\/#breadcrumb\"},\"inLanguage\":\"pt-PT\",\"potentialAction\":[{\"@type\":\"ReadAction\",\"target\":[\"https:\/\/rckopen.com\/product\/met-fumarate\/\"]}]},{\"@type\":\"BreadcrumbList\",\"@id\":\"https:\/\/rckopen.com\/product\/met-fumarate\/#breadcrumb\",\"itemListElement\":[{\"@type\":\"ListItem\",\"position\":1,\"name\":\"Home\",\"item\":\"https:\/\/rckopen.com\/\"},{\"@type\":\"ListItem\",\"position\":2,\"name\":\"Shop\",\"item\":\"https:\/\/rckopen.com\/shop\/\"},{\"@type\":\"ListItem\",\"position\":3,\"name\":\"MET Fumarate online Kopen\"}]},{\"@type\":\"WebSite\",\"@id\":\"https:\/\/rckopen.com\/#website\",\"url\":\"https:\/\/rckopen.com\/\",\"name\":\"RC Kopen\",\"description\":\"Research Chemicals\",\"potentialAction\":[{\"@type\":\"SearchAction\",\"target\":{\"@type\":\"EntryPoint\",\"urlTemplate\":\"https:\/\/rckopen.com\/?s={search_term_string}\"},\"query-input\":{\"@type\":\"PropertyValueSpecification\",\"valueRequired\":true,\"valueName\":\"search_term_string\"}}],\"inLanguage\":\"pt-PT\"}]}<\/script>\n<!-- \/ Yoast SEO plugin. -->","yoast_head_json":{"title":"MET-Fumarate online kopen - MET-Fumarate online te koop","description":"Als u MET Fumaraat online zonder recept wilt kopen, is rckopen.com de beste plaats om MET Fumaraat online kopen, MET Fumaraat te koop en MET Fumaraat online tegen de beste prijs te kopen. Bestel nu!","robots":{"index":"index","follow":"follow","max-snippet":"max-snippet:-1","max-image-preview":"max-image-preview:large","max-video-preview":"max-video-preview:-1"},"canonical":"https:\/\/rckopen.com\/pt\/produto\/com-fumarato\/","og_locale":"pt_PT","og_type":"article","og_title":"MET-Fumarate online kopen - MET-Fumarate online te koop","og_description":"Als u MET Fumaraat online zonder recept wilt kopen, is rckopen.com de beste plaats om MET Fumaraat online kopen, MET Fumaraat te koop en MET Fumaraat online tegen de beste prijs te kopen. Bestel nu!","og_url":"https:\/\/rckopen.com\/pt\/produto\/com-fumarato\/","og_site_name":"RC Kopen","article_modified_time":"2025-02-04T05:18:12+00:00","twitter_card":"summary_large_image","twitter_misc":{"Tempo estimado de leitura":"2 minutos"},"schema":{"@context":"https:\/\/schema.org","@graph":[{"@type":"WebPage","@id":"https:\/\/rckopen.com\/product\/met-fumarate\/","url":"https:\/\/rckopen.com\/product\/met-fumarate\/","name":"MET-Fumarate online kopen - MET-Fumarate online te koop","isPartOf":{"@id":"https:\/\/rckopen.com\/#website"},"datePublished":"2023-08-17T11:01:22+00:00","dateModified":"2025-02-04T05:18:12+00:00","description":"Als u MET Fumaraat online zonder recept wilt kopen, is rckopen.com de beste plaats om MET Fumaraat online kopen, MET Fumaraat te koop en MET Fumaraat online tegen de beste prijs te kopen. Bestel nu!","breadcrumb":{"@id":"https:\/\/rckopen.com\/product\/met-fumarate\/#breadcrumb"},"inLanguage":"pt-PT","potentialAction":[{"@type":"ReadAction","target":["https:\/\/rckopen.com\/product\/met-fumarate\/"]}]},{"@type":"BreadcrumbList","@id":"https:\/\/rckopen.com\/product\/met-fumarate\/#breadcrumb","itemListElement":[{"@type":"ListItem","position":1,"name":"Home","item":"https:\/\/rckopen.com\/"},{"@type":"ListItem","position":2,"name":"Shop","item":"https:\/\/rckopen.com\/shop\/"},{"@type":"ListItem","position":3,"name":"MET Fumarate online Kopen"}]},{"@type":"WebSite","@id":"https:\/\/rckopen.com\/#website","url":"https:\/\/rckopen.com\/","name":"RC Kopen","description":"Research Chemicals","potentialAction":[{"@type":"SearchAction","target":{"@type":"EntryPoint","urlTemplate":"https:\/\/rckopen.com\/?s={search_term_string}"},"query-input":{"@type":"PropertyValueSpecification","valueRequired":true,"valueName":"search_term_string"}}],"inLanguage":"pt-PT"}]}},"_links":{"self":[{"href":"https:\/\/rckopen.com\/pt\/wp-json\/wp\/v2\/product\/6757","targetHints":{"allow":["GET"]}}],"collection":[{"href":"https:\/\/rckopen.com\/pt\/wp-json\/wp\/v2\/product"}],"about":[{"href":"https:\/\/rckopen.com\/pt\/wp-json\/wp\/v2\/types\/product"}],"replies":[{"embeddable":true,"href":"https:\/\/rckopen.com\/pt\/wp-json\/wp\/v2\/comments?post=6757"}],"wp:attachment":[{"href":"https:\/\/rckopen.com\/pt\/wp-json\/wp\/v2\/media?parent=6757"}],"wp:term":[{"taxonomy":"product_brand","embeddable":true,"href":"https:\/\/rckopen.com\/pt\/wp-json\/wp\/v2\/product_brand?post=6757"},{"taxonomy":"product_cat","embeddable":true,"href":"https:\/\/rckopen.com\/pt\/wp-json\/wp\/v2\/product_cat?post=6757"},{"taxonomy":"product_tag","embeddable":true,"href":"https:\/\/rckopen.com\/pt\/wp-json\/wp\/v2\/product_tag?post=6757"}],"curies":[{"name":"wp","href":"https:\/\/api.w.org\/{rel}","templated":true}]}}