{"id":6773,"date":"2023-08-17T11:12:29","date_gmt":"2023-08-17T11:12:29","guid":{"rendered":"https:\/\/diligentplug.com\/chems\/?post_type=product&#038;p=6773"},"modified":"2025-01-31T05:29:02","modified_gmt":"2025-01-31T05:29:02","slug":"4-ho-mipt","status":"publish","type":"product","link":"https:\/\/rckopen.com\/pt\/produto\/4-ho-mipt\/","title":{"rendered":"4-HO-MiPT online comprar"},"content":{"rendered":"<h2>Bestel hoogwaardige 4-HO-MiPT online kopen bij RCKopen<\/h2>\n<p>Bem-vindo ao <a href=\"https:\/\/rckopen.com\/pt\/\">Rckopen.com<\/a>, seu principal destino para acesso on-line a conex\u00f5es 4-HO-MiPT de alta qualidade. Com o compromisso de excel\u00eancia, oferecemos aos pesquisadores e entusiastas uma plataforma confi\u00e1vel para <a href=\"https:\/\/rckopen.com\/pt\/produto\/4-ho-mipt\/\">4-HO-MiPT<\/a> legal e seguro para comprar. Nossa ampla loja 4-HO-MiPT oferece uma sele\u00e7\u00e3o diversificada de produtos provenientes de fornecedores confi\u00e1veis, garantindo qualidade e pureza inquestion\u00e1veis. Esteja voc\u00ea no Reino Unido ou no exterior, voc\u00ea pode comprar 4-HO-MiPT sem receita m\u00e9dica gra\u00e7as ao nosso processo de pedido conveniente. Experimente a conveni\u00eancia, confiabilidade e excel\u00eancia do RCKopen ao iniciar sua jornada de pesquisa.<\/p>\n<p>Voc\u00ea est\u00e1 procurando onde comprar 4-HO-MiPT online? N\u00e3o procure mais! Na RCKopen oferecemos uma sele\u00e7\u00e3o premium de 4-HO-MiPT para venda. Seja voc\u00ea um pesquisador ou um entusiasta, oferecemos uma plataforma conveniente para solicitar 4-HO-MiPT de forma legal e segura.<\/p>\n<p>Descubra nossa ampla loja 4-HO-MiPT<br \/>\nOnze <a href=\"https:\/\/en.wikipedia.org\/wiki\/4-MeO-MiPT\">4-HO-MiPT<\/a>-store bietet hochwertige Produkte namhafter Lieferanten. Wir wissen, wie wichtig Qualit\u00e4t und Reinheit sind. Deshalb stellen wir sicher, dass alle unsere Produkte strenge Standards erf\u00fcllen.<\/p>\n<p>Servicio conveniente y confiable<br \/>\nCom a RCKopen, comprar 4-HO-MiPT na Gr\u00e3-Bretanha \u00e9 tranquilo. Voc\u00ea pode comprar 4-HO-MiPT online sem receita m\u00e9dica, economizando tempo e aborrecimentos. Nosso site de f\u00e1cil utiliza\u00e7\u00e3o torna o processo de pedido perfeito e nossa dedicada equipe de atendimento ao cliente est\u00e1 sempre dispon\u00edvel para ajudar voc\u00ea.<\/p>\n<h3>Por que escolher RCKopen para suas necessidades de 4-HO-MiPT?<\/h3>\n<p>Ampla sele\u00e7\u00e3o: Oferecemos uma gama diversificada de produtos 4-HO-MiPT para atender a diferentes requisitos de pesquisa.<\/p>\n<p>Garantia de qualidade: Nosso compromisso com a qualidade garante que voc\u00ea receba apenas os melhores compostos 4-HO-MiPT.<\/p>\n<p>Transa\u00e7\u00f5es seguras: sua seguran\u00e7a e privacidade s\u00e3o nossas principais prioridades. Usamos medidas de seguran\u00e7a robustas para proteger suas informa\u00e7\u00f5es.<br \/>\nEnvio r\u00e1pido: aproveite a entrega r\u00e1pida do seu pedido de 4-HO-MiPT para que voc\u00ea possa come\u00e7ar sua pesquisa imediatamente.<br \/>\nFa\u00e7a seu pedido hoje<\/p>\n<p>Pronto para comprar 4-HO-MiPT no Reino Unido? Conhe\u00e7a agora nosso site e descubra a praticidade de comprar na RCKopen. Com nosso processo de pedido simplificado e servi\u00e7o confi\u00e1vel, voc\u00ea pode confiar em n\u00f3s para atender a todas as suas necessidades de 4-HO-MiPT. Experimente a diferen\u00e7a com o RCKopen hoje mesmo!<\/p>\n<h3>Mantenha-se informado com RCKopen<\/h3>\n<p>Chez RCKopen, nous sommes plus qu'un simple fournisseur de 4-HO-MiPT ; nous sommes un centre de connaissances pour les chercheurs et les passionn\u00e9s. Visitez notre section blog pour acc\u00e9der \u00e0 des articles informatifs, des mises \u00e0 jour de recherche et des informations sur la communaut\u00e9. Gardez une longueur d'avance avec RCKopen !<\/p>","protected":false},"excerpt":{"rendered":"<p>Bestel hoogwaardige 4-HO-MiPT online kopen bij RCKopen Welkom bij Rckopen.com, uw belangrijkste bestemming voor online toegang tot 4-HO-MiPT-verbindingen van topkwaliteit. Met een streven naar uitmuntendheid bieden we onderzoekers en enthousiastelingen een vertrouwd platform om 4-HO-MiPT legaal en veilig te koop. Onze uitgebreide 4-HO-MiPT-winkel biedt een gevarieerde selectie producten afkomstig van<\/p>","protected":false},"featured_media":6952,"comment_status":"open","ping_status":"closed","template":"","meta":{"_joinchat":[]},"product_brand":[],"product_cat":[149],"product_tag":[],"class_list":{"0":"post-6773","1":"product","2":"type-product","3":"status-publish","4":"has-post-thumbnail","6":"product_cat-tryptaminen","8":"first","9":"instock","10":"shipping-taxable","11":"purchasable","12":"product-type-variable"},"yoast_head":"<!-- This site is optimized with the Yoast SEO plugin v26.3 - https:\/\/yoast.com\/wordpress\/plugins\/seo\/ -->\n<title>4-HO-MIPT online kopen - 4-HO-MIPT te koop | RC Kopen<\/title>\n<meta name=\"description\" content=\"Uw bestelling voor 4-ho-mipt te koop is onze verantwoordelijkheid. Wij zullen uw bestelling voor de aankoop van 4-ho-mipt online kopen in overweging nemen en u binnen korte tijd bereiken. Plaats nu bulkbestellingen!\" \/>\n<meta name=\"robots\" content=\"index, follow, max-snippet:-1, max-image-preview:large, max-video-preview:-1\" \/>\n<link rel=\"canonical\" href=\"https:\/\/rckopen.com\/pt\/produto\/4-ho-mipt\/\" \/>\n<meta property=\"og:locale\" content=\"pt_PT\" \/>\n<meta property=\"og:type\" content=\"article\" \/>\n<meta property=\"og:title\" content=\"4-HO-MIPT online kopen - 4-HO-MIPT te koop | RC Kopen\" \/>\n<meta property=\"og:description\" content=\"Uw bestelling voor 4-ho-mipt te koop is onze verantwoordelijkheid. Wij zullen uw bestelling voor de aankoop van 4-ho-mipt online kopen in overweging nemen en u binnen korte tijd bereiken. Plaats nu bulkbestellingen!\" \/>\n<meta property=\"og:url\" content=\"https:\/\/rckopen.com\/pt\/produto\/4-ho-mipt\/\" \/>\n<meta property=\"og:site_name\" content=\"RC Kopen\" \/>\n<meta property=\"article:modified_time\" content=\"2025-01-31T05:29:02+00:00\" \/>\n<meta property=\"og:image\" content=\"https:\/\/rckopen.com\/wp-content\/uploads\/2023\/08\/4-HO-MiPT-2.jpg\" \/>\n\t<meta property=\"og:image:width\" content=\"600\" \/>\n\t<meta property=\"og:image:height\" content=\"600\" \/>\n\t<meta property=\"og:image:type\" content=\"image\/jpeg\" \/>\n<meta name=\"twitter:card\" content=\"summary_large_image\" \/>\n<meta name=\"twitter:label1\" content=\"Tempo estimado de leitura\" \/>\n\t<meta name=\"twitter:data1\" content=\"2 minutos\" \/>\n<script type=\"application\/ld+json\" class=\"yoast-schema-graph\">{\"@context\":\"https:\/\/schema.org\",\"@graph\":[{\"@type\":\"WebPage\",\"@id\":\"https:\/\/rckopen.com\/product\/4-ho-mipt\/\",\"url\":\"https:\/\/rckopen.com\/product\/4-ho-mipt\/\",\"name\":\"4-HO-MIPT online kopen - 4-HO-MIPT te koop | RC Kopen\",\"isPartOf\":{\"@id\":\"https:\/\/rckopen.com\/#website\"},\"primaryImageOfPage\":{\"@id\":\"https:\/\/rckopen.com\/product\/4-ho-mipt\/#primaryimage\"},\"image\":{\"@id\":\"https:\/\/rckopen.com\/product\/4-ho-mipt\/#primaryimage\"},\"thumbnailUrl\":\"https:\/\/rckopen.com\/wp-content\/uploads\/2023\/08\/4-HO-MiPT-2.jpg\",\"datePublished\":\"2023-08-17T11:12:29+00:00\",\"dateModified\":\"2025-01-31T05:29:02+00:00\",\"description\":\"Uw bestelling voor 4-ho-mipt te koop is onze verantwoordelijkheid. Wij zullen uw bestelling voor de aankoop van 4-ho-mipt online kopen in overweging nemen en u binnen korte tijd bereiken. Plaats nu bulkbestellingen!\",\"breadcrumb\":{\"@id\":\"https:\/\/rckopen.com\/product\/4-ho-mipt\/#breadcrumb\"},\"inLanguage\":\"pt-PT\",\"potentialAction\":[{\"@type\":\"ReadAction\",\"target\":[\"https:\/\/rckopen.com\/product\/4-ho-mipt\/\"]}]},{\"@type\":\"ImageObject\",\"inLanguage\":\"pt-PT\",\"@id\":\"https:\/\/rckopen.com\/product\/4-ho-mipt\/#primaryimage\",\"url\":\"https:\/\/rckopen.com\/wp-content\/uploads\/2023\/08\/4-HO-MiPT-2.jpg\",\"contentUrl\":\"https:\/\/rckopen.com\/wp-content\/uploads\/2023\/08\/4-HO-MiPT-2.jpg\",\"width\":600,\"height\":600,\"caption\":\"4-HO-MiPT online kopen\"},{\"@type\":\"BreadcrumbList\",\"@id\":\"https:\/\/rckopen.com\/product\/4-ho-mipt\/#breadcrumb\",\"itemListElement\":[{\"@type\":\"ListItem\",\"position\":1,\"name\":\"Home\",\"item\":\"https:\/\/rckopen.com\/\"},{\"@type\":\"ListItem\",\"position\":2,\"name\":\"Shop\",\"item\":\"https:\/\/rckopen.com\/shop\/\"},{\"@type\":\"ListItem\",\"position\":3,\"name\":\"4-HO-MiPT online kopen\"}]},{\"@type\":\"WebSite\",\"@id\":\"https:\/\/rckopen.com\/#website\",\"url\":\"https:\/\/rckopen.com\/\",\"name\":\"RC Kopen\",\"description\":\"Research Chemicals\",\"potentialAction\":[{\"@type\":\"SearchAction\",\"target\":{\"@type\":\"EntryPoint\",\"urlTemplate\":\"https:\/\/rckopen.com\/?s={search_term_string}\"},\"query-input\":{\"@type\":\"PropertyValueSpecification\",\"valueRequired\":true,\"valueName\":\"search_term_string\"}}],\"inLanguage\":\"pt-PT\"}]}<\/script>\n<!-- \/ Yoast SEO plugin. -->","yoast_head_json":{"title":"4-HO-MIPT online kopen - 4-HO-MIPT te koop | RC Kopen","description":"Uw bestelling voor 4-ho-mipt te koop is onze verantwoordelijkheid. Wij zullen uw bestelling voor de aankoop van 4-ho-mipt online kopen in overweging nemen en u binnen korte tijd bereiken. Plaats nu bulkbestellingen!","robots":{"index":"index","follow":"follow","max-snippet":"max-snippet:-1","max-image-preview":"max-image-preview:large","max-video-preview":"max-video-preview:-1"},"canonical":"https:\/\/rckopen.com\/pt\/produto\/4-ho-mipt\/","og_locale":"pt_PT","og_type":"article","og_title":"4-HO-MIPT online kopen - 4-HO-MIPT te koop | RC Kopen","og_description":"Uw bestelling voor 4-ho-mipt te koop is onze verantwoordelijkheid. Wij zullen uw bestelling voor de aankoop van 4-ho-mipt online kopen in overweging nemen en u binnen korte tijd bereiken. Plaats nu bulkbestellingen!","og_url":"https:\/\/rckopen.com\/pt\/produto\/4-ho-mipt\/","og_site_name":"RC Kopen","article_modified_time":"2025-01-31T05:29:02+00:00","og_image":[{"width":600,"height":600,"url":"https:\/\/rckopen.com\/wp-content\/uploads\/2023\/08\/4-HO-MiPT-2.jpg","type":"image\/jpeg"}],"twitter_card":"summary_large_image","twitter_misc":{"Tempo estimado de leitura":"2 minutos"},"schema":{"@context":"https:\/\/schema.org","@graph":[{"@type":"WebPage","@id":"https:\/\/rckopen.com\/product\/4-ho-mipt\/","url":"https:\/\/rckopen.com\/product\/4-ho-mipt\/","name":"4-HO-MIPT online kopen - 4-HO-MIPT te koop | RC Kopen","isPartOf":{"@id":"https:\/\/rckopen.com\/#website"},"primaryImageOfPage":{"@id":"https:\/\/rckopen.com\/product\/4-ho-mipt\/#primaryimage"},"image":{"@id":"https:\/\/rckopen.com\/product\/4-ho-mipt\/#primaryimage"},"thumbnailUrl":"https:\/\/rckopen.com\/wp-content\/uploads\/2023\/08\/4-HO-MiPT-2.jpg","datePublished":"2023-08-17T11:12:29+00:00","dateModified":"2025-01-31T05:29:02+00:00","description":"Uw bestelling voor 4-ho-mipt te koop is onze verantwoordelijkheid. Wij zullen uw bestelling voor de aankoop van 4-ho-mipt online kopen in overweging nemen en u binnen korte tijd bereiken. Plaats nu bulkbestellingen!","breadcrumb":{"@id":"https:\/\/rckopen.com\/product\/4-ho-mipt\/#breadcrumb"},"inLanguage":"pt-PT","potentialAction":[{"@type":"ReadAction","target":["https:\/\/rckopen.com\/product\/4-ho-mipt\/"]}]},{"@type":"ImageObject","inLanguage":"pt-PT","@id":"https:\/\/rckopen.com\/product\/4-ho-mipt\/#primaryimage","url":"https:\/\/rckopen.com\/wp-content\/uploads\/2023\/08\/4-HO-MiPT-2.jpg","contentUrl":"https:\/\/rckopen.com\/wp-content\/uploads\/2023\/08\/4-HO-MiPT-2.jpg","width":600,"height":600,"caption":"4-HO-MiPT online kopen"},{"@type":"BreadcrumbList","@id":"https:\/\/rckopen.com\/product\/4-ho-mipt\/#breadcrumb","itemListElement":[{"@type":"ListItem","position":1,"name":"Home","item":"https:\/\/rckopen.com\/"},{"@type":"ListItem","position":2,"name":"Shop","item":"https:\/\/rckopen.com\/shop\/"},{"@type":"ListItem","position":3,"name":"4-HO-MiPT online kopen"}]},{"@type":"WebSite","@id":"https:\/\/rckopen.com\/#website","url":"https:\/\/rckopen.com\/","name":"RC Kopen","description":"Research Chemicals","potentialAction":[{"@type":"SearchAction","target":{"@type":"EntryPoint","urlTemplate":"https:\/\/rckopen.com\/?s={search_term_string}"},"query-input":{"@type":"PropertyValueSpecification","valueRequired":true,"valueName":"search_term_string"}}],"inLanguage":"pt-PT"}]}},"_links":{"self":[{"href":"https:\/\/rckopen.com\/pt\/wp-json\/wp\/v2\/product\/6773","targetHints":{"allow":["GET"]}}],"collection":[{"href":"https:\/\/rckopen.com\/pt\/wp-json\/wp\/v2\/product"}],"about":[{"href":"https:\/\/rckopen.com\/pt\/wp-json\/wp\/v2\/types\/product"}],"replies":[{"embeddable":true,"href":"https:\/\/rckopen.com\/pt\/wp-json\/wp\/v2\/comments?post=6773"}],"wp:featuredmedia":[{"embeddable":true,"href":"https:\/\/rckopen.com\/pt\/wp-json\/wp\/v2\/media\/6952"}],"wp:attachment":[{"href":"https:\/\/rckopen.com\/pt\/wp-json\/wp\/v2\/media?parent=6773"}],"wp:term":[{"taxonomy":"product_brand","embeddable":true,"href":"https:\/\/rckopen.com\/pt\/wp-json\/wp\/v2\/product_brand?post=6773"},{"taxonomy":"product_cat","embeddable":true,"href":"https:\/\/rckopen.com\/pt\/wp-json\/wp\/v2\/product_cat?post=6773"},{"taxonomy":"product_tag","embeddable":true,"href":"https:\/\/rckopen.com\/pt\/wp-json\/wp\/v2\/product_tag?post=6773"}],"curies":[{"name":"wp","href":"https:\/\/api.w.org\/{rel}","templated":true}]}}