{"id":6774,"date":"2023-08-17T11:14:28","date_gmt":"2023-08-17T11:14:28","guid":{"rendered":"https:\/\/diligentplug.com\/chems\/?post_type=product&#038;p=6774"},"modified":"2025-01-31T05:20:08","modified_gmt":"2025-01-31T05:20:08","slug":"4-ho-det","status":"publish","type":"product","link":"https:\/\/rckopen.com\/pt\/produto\/4-ho-det\/","title":{"rendered":"Compre 4-HO-DET online"},"content":{"rendered":"<h2>Compre 4-HO-DET online<\/h2>\n<p>Desbloqueie a melhor experi\u00eancia 4-HO-DET com rckopen.com<br \/>\nBem-vindo ao <a href=\"https:\/\/rckopen.com\/pt\/\">Rckopen.com<\/a>, seu destino final para comprar 4-HO-DET e outros produtos qu\u00edmicos de pesquisa. Comprometidos com a qualidade, a legalidade e a satisfa\u00e7\u00e3o do cliente, temos orgulho de ser uma loja 4-HO-DET confi\u00e1vel que atende pesquisadores do mundo todo. Esteja voc\u00ea no Reino Unido ou no exterior, nossa plataforma online integrada garante transa\u00e7\u00f5es seguras e sem complica\u00e7\u00f5es, permitindo que voc\u00ea compre 4-HO-DET legalmente e com confian\u00e7a. Descubra nossa ampla variedade, aproveite a entrega r\u00e1pida e experimente um suporte dedicado ao cliente em cada etapa do caminho. Visite-nos em rckopen.com e desbloqueie o melhor em jogos hoje <a href=\"https:\/\/rckopen.com\/pt\/produto\/4-ho-det\/\">4-HO-DET-inkoop<\/a>.<\/p>\n<h3>O seu melhor destino para comprar 4-HO-DET online<\/h3>\n<p>Quer comprar 4-HO-DET online? A sua pesquisa termina aqui em rckopen.com, onde oferecemos uma excelente sele\u00e7\u00e3o de 4-HO-DET para venda. O nosso compromisso com a excel\u00eancia faz de n\u00f3s a sua loja preferida de 4-HO-DET para todas as suas necessidades de investiga\u00e7\u00e3o.<\/p>\n<h3>Transac\u00e7\u00f5es 4-HO-DET seguras, legais e sem esfor\u00e7o<\/h3>\n<p>Sua seguran\u00e7a e tranquilidade s\u00e3o nossa maior prioridade. <a href=\"https:\/\/en.wikipedia.org\/wiki\/4-HO-DET\">Compre 4-HO-DET online<\/a> sem receita m\u00e9dica atrav\u00e9s da nossa plataforma segura. Com apenas alguns cliques, voc\u00ea pode pedir 4-HO-DET com confian\u00e7a, sabendo que est\u00e1 adquirindo um produto leg\u00edtimo.<\/p>\n<h3>Entrega r\u00e1pida, onde quer que esteja<\/h3>\n<p>Quer viva no Reino Unido ou noutro pa\u00eds, o nosso sistema de entregas eficiente garante um acesso r\u00e1pido \u00e0 compra do 4-HO-DET no Reino Unido e no estrangeiro. Evite o inc\u00f3modo das prescri\u00e7\u00f5es - a nossa loja discreta de 4-HO-DET garante um servi\u00e7o atempado e confidencial.<\/p>\n<h3>Descubra a nossa gama diversificada de produtos qu\u00edmicos para investiga\u00e7\u00e3o<\/h3>\n<p>Na rckopen.com, orgulhamo-nos da nossa vasta sele\u00e7\u00e3o de produtos qu\u00edmicos para investiga\u00e7\u00e3o. Al\u00e9m de comprar 4-HO-DET online, pode explorar v\u00e1rios compostos adequados para as suas experi\u00eancias. Confie em n\u00f3s para fornecer produtos de alta qualidade a pre\u00e7os competitivos.<\/p>\n<h3>Apoio ao cliente dedicado para sua tranquilidade<\/h3>\n<p>Precisa de ajuda ou tem d\u00favidas sobre os nossos produtos? A nossa equipa dedicada de apoio ao cliente est\u00e1 pronta para o ajudar. Damos prioridade \u00e0 sua satisfa\u00e7\u00e3o e esfor\u00e7amo-nos por resolver rapidamente quaisquer problemas para garantir uma experi\u00eancia de compra 4-HO-DET sem problemas.<\/p>\n<h3>Garantia de qualidade em cada etapa<\/h3>\n<p>Desde o aprovisionamento at\u00e9 \u00e0 entrega, mantemos padr\u00f5es de qualidade rigorosos para garantir a integridade dos nossos produtos. Pode ter a certeza: quando compra 4-HO-DET em rckopen.com, obt\u00e9m apenas o melhor.<\/p>\n<p>Na rckopen.com sua satisfa\u00e7\u00e3o \u00e9 nossa prioridade. Experimente a conveni\u00eancia, confiabilidade e excel\u00eancia de comprar 4-HO-DET e outros produtos qu\u00edmicos de pesquisa on-line conosco hoje mesmo!<\/p>","protected":false},"excerpt":{"rendered":"<p>A rckopen.com oferece produtos que n\u00e3o se destinam ao consumo humano. O consumo (n\u00e3o intencional) deste produto pode ter consequ\u00eancias m\u00e9dicas graves.<\/p>","protected":false},"featured_media":6962,"comment_status":"open","ping_status":"closed","template":"","meta":{"_joinchat":[]},"product_brand":[],"product_cat":[149],"product_tag":[],"class_list":{"0":"post-6774","1":"product","2":"type-product","3":"status-publish","4":"has-post-thumbnail","6":"product_cat-tryptaminen","8":"first","9":"instock","10":"shipping-taxable","11":"purchasable","12":"product-type-variable"},"yoast_head":"<!-- This site is optimized with the Yoast SEO plugin v26.3 - https:\/\/yoast.com\/wordpress\/plugins\/seo\/ -->\n<title>4-HO-DET te koop - 4-HO-DET online kopen | RC Kopen<\/title>\n<meta name=\"description\" content=\"U kunt 4-HO-Det te koop krijgen tegen de beste prijzen in onze online RCKopen-winkel. Wij zijn hier om u te helpen 4-HO-DET online kopen. Maak vandaag nog contact met de beste winkel van de stad!\" \/>\n<meta name=\"robots\" content=\"index, follow, max-snippet:-1, max-image-preview:large, max-video-preview:-1\" \/>\n<link rel=\"canonical\" href=\"https:\/\/rckopen.com\/pt\/produto\/4-ho-det\/\" \/>\n<meta property=\"og:locale\" content=\"pt_PT\" \/>\n<meta property=\"og:type\" content=\"article\" \/>\n<meta property=\"og:title\" content=\"4-HO-DET te koop - 4-HO-DET online kopen | RC Kopen\" \/>\n<meta property=\"og:description\" content=\"U kunt 4-HO-Det te koop krijgen tegen de beste prijzen in onze online RCKopen-winkel. Wij zijn hier om u te helpen 4-HO-DET online kopen. Maak vandaag nog contact met de beste winkel van de stad!\" \/>\n<meta property=\"og:url\" content=\"https:\/\/rckopen.com\/pt\/produto\/4-ho-det\/\" \/>\n<meta property=\"og:site_name\" content=\"RC Kopen\" \/>\n<meta property=\"article:modified_time\" content=\"2025-01-31T05:20:08+00:00\" \/>\n<meta property=\"og:image\" content=\"https:\/\/rckopen.com\/wp-content\/uploads\/2023\/08\/4-HO-DET.jpg\" \/>\n\t<meta property=\"og:image:width\" content=\"600\" \/>\n\t<meta property=\"og:image:height\" content=\"600\" \/>\n\t<meta property=\"og:image:type\" content=\"image\/jpeg\" \/>\n<meta name=\"twitter:card\" content=\"summary_large_image\" \/>\n<meta name=\"twitter:label1\" content=\"Tempo estimado de leitura\" \/>\n\t<meta name=\"twitter:data1\" content=\"2 minutos\" \/>\n<script type=\"application\/ld+json\" class=\"yoast-schema-graph\">{\"@context\":\"https:\/\/schema.org\",\"@graph\":[{\"@type\":\"WebPage\",\"@id\":\"https:\/\/rckopen.com\/product\/4-ho-det\/\",\"url\":\"https:\/\/rckopen.com\/product\/4-ho-det\/\",\"name\":\"4-HO-DET te koop - 4-HO-DET online kopen | RC Kopen\",\"isPartOf\":{\"@id\":\"https:\/\/rckopen.com\/#website\"},\"primaryImageOfPage\":{\"@id\":\"https:\/\/rckopen.com\/product\/4-ho-det\/#primaryimage\"},\"image\":{\"@id\":\"https:\/\/rckopen.com\/product\/4-ho-det\/#primaryimage\"},\"thumbnailUrl\":\"https:\/\/rckopen.com\/wp-content\/uploads\/2023\/08\/4-HO-DET.jpg\",\"datePublished\":\"2023-08-17T11:14:28+00:00\",\"dateModified\":\"2025-01-31T05:20:08+00:00\",\"description\":\"U kunt 4-HO-Det te koop krijgen tegen de beste prijzen in onze online RCKopen-winkel. Wij zijn hier om u te helpen 4-HO-DET online kopen. Maak vandaag nog contact met de beste winkel van de stad!\",\"breadcrumb\":{\"@id\":\"https:\/\/rckopen.com\/product\/4-ho-det\/#breadcrumb\"},\"inLanguage\":\"pt-PT\",\"potentialAction\":[{\"@type\":\"ReadAction\",\"target\":[\"https:\/\/rckopen.com\/product\/4-ho-det\/\"]}]},{\"@type\":\"ImageObject\",\"inLanguage\":\"pt-PT\",\"@id\":\"https:\/\/rckopen.com\/product\/4-ho-det\/#primaryimage\",\"url\":\"https:\/\/rckopen.com\/wp-content\/uploads\/2023\/08\/4-HO-DET.jpg\",\"contentUrl\":\"https:\/\/rckopen.com\/wp-content\/uploads\/2023\/08\/4-HO-DET.jpg\",\"width\":600,\"height\":600,\"caption\":\"4-HO-DET online kopen\"},{\"@type\":\"BreadcrumbList\",\"@id\":\"https:\/\/rckopen.com\/product\/4-ho-det\/#breadcrumb\",\"itemListElement\":[{\"@type\":\"ListItem\",\"position\":1,\"name\":\"Home\",\"item\":\"https:\/\/rckopen.com\/\"},{\"@type\":\"ListItem\",\"position\":2,\"name\":\"Shop\",\"item\":\"https:\/\/rckopen.com\/shop\/\"},{\"@type\":\"ListItem\",\"position\":3,\"name\":\"4-HO-DET online kopen\"}]},{\"@type\":\"WebSite\",\"@id\":\"https:\/\/rckopen.com\/#website\",\"url\":\"https:\/\/rckopen.com\/\",\"name\":\"RC Kopen\",\"description\":\"Research Chemicals\",\"potentialAction\":[{\"@type\":\"SearchAction\",\"target\":{\"@type\":\"EntryPoint\",\"urlTemplate\":\"https:\/\/rckopen.com\/?s={search_term_string}\"},\"query-input\":{\"@type\":\"PropertyValueSpecification\",\"valueRequired\":true,\"valueName\":\"search_term_string\"}}],\"inLanguage\":\"pt-PT\"}]}<\/script>\n<!-- \/ Yoast SEO plugin. -->","yoast_head_json":{"title":"4-HO-DET te koop - 4-HO-DET online kopen | RC Kopen","description":"U kunt 4-HO-Det te koop krijgen tegen de beste prijzen in onze online RCKopen-winkel. Wij zijn hier om u te helpen 4-HO-DET online kopen. Maak vandaag nog contact met de beste winkel van de stad!","robots":{"index":"index","follow":"follow","max-snippet":"max-snippet:-1","max-image-preview":"max-image-preview:large","max-video-preview":"max-video-preview:-1"},"canonical":"https:\/\/rckopen.com\/pt\/produto\/4-ho-det\/","og_locale":"pt_PT","og_type":"article","og_title":"4-HO-DET te koop - 4-HO-DET online kopen | RC Kopen","og_description":"U kunt 4-HO-Det te koop krijgen tegen de beste prijzen in onze online RCKopen-winkel. Wij zijn hier om u te helpen 4-HO-DET online kopen. Maak vandaag nog contact met de beste winkel van de stad!","og_url":"https:\/\/rckopen.com\/pt\/produto\/4-ho-det\/","og_site_name":"RC Kopen","article_modified_time":"2025-01-31T05:20:08+00:00","og_image":[{"width":600,"height":600,"url":"https:\/\/rckopen.com\/wp-content\/uploads\/2023\/08\/4-HO-DET.jpg","type":"image\/jpeg"}],"twitter_card":"summary_large_image","twitter_misc":{"Tempo estimado de leitura":"2 minutos"},"schema":{"@context":"https:\/\/schema.org","@graph":[{"@type":"WebPage","@id":"https:\/\/rckopen.com\/product\/4-ho-det\/","url":"https:\/\/rckopen.com\/product\/4-ho-det\/","name":"4-HO-DET te koop - 4-HO-DET online kopen | RC Kopen","isPartOf":{"@id":"https:\/\/rckopen.com\/#website"},"primaryImageOfPage":{"@id":"https:\/\/rckopen.com\/product\/4-ho-det\/#primaryimage"},"image":{"@id":"https:\/\/rckopen.com\/product\/4-ho-det\/#primaryimage"},"thumbnailUrl":"https:\/\/rckopen.com\/wp-content\/uploads\/2023\/08\/4-HO-DET.jpg","datePublished":"2023-08-17T11:14:28+00:00","dateModified":"2025-01-31T05:20:08+00:00","description":"U kunt 4-HO-Det te koop krijgen tegen de beste prijzen in onze online RCKopen-winkel. Wij zijn hier om u te helpen 4-HO-DET online kopen. Maak vandaag nog contact met de beste winkel van de stad!","breadcrumb":{"@id":"https:\/\/rckopen.com\/product\/4-ho-det\/#breadcrumb"},"inLanguage":"pt-PT","potentialAction":[{"@type":"ReadAction","target":["https:\/\/rckopen.com\/product\/4-ho-det\/"]}]},{"@type":"ImageObject","inLanguage":"pt-PT","@id":"https:\/\/rckopen.com\/product\/4-ho-det\/#primaryimage","url":"https:\/\/rckopen.com\/wp-content\/uploads\/2023\/08\/4-HO-DET.jpg","contentUrl":"https:\/\/rckopen.com\/wp-content\/uploads\/2023\/08\/4-HO-DET.jpg","width":600,"height":600,"caption":"4-HO-DET online kopen"},{"@type":"BreadcrumbList","@id":"https:\/\/rckopen.com\/product\/4-ho-det\/#breadcrumb","itemListElement":[{"@type":"ListItem","position":1,"name":"Home","item":"https:\/\/rckopen.com\/"},{"@type":"ListItem","position":2,"name":"Shop","item":"https:\/\/rckopen.com\/shop\/"},{"@type":"ListItem","position":3,"name":"4-HO-DET online kopen"}]},{"@type":"WebSite","@id":"https:\/\/rckopen.com\/#website","url":"https:\/\/rckopen.com\/","name":"RC Kopen","description":"Research Chemicals","potentialAction":[{"@type":"SearchAction","target":{"@type":"EntryPoint","urlTemplate":"https:\/\/rckopen.com\/?s={search_term_string}"},"query-input":{"@type":"PropertyValueSpecification","valueRequired":true,"valueName":"search_term_string"}}],"inLanguage":"pt-PT"}]}},"_links":{"self":[{"href":"https:\/\/rckopen.com\/pt\/wp-json\/wp\/v2\/product\/6774","targetHints":{"allow":["GET"]}}],"collection":[{"href":"https:\/\/rckopen.com\/pt\/wp-json\/wp\/v2\/product"}],"about":[{"href":"https:\/\/rckopen.com\/pt\/wp-json\/wp\/v2\/types\/product"}],"replies":[{"embeddable":true,"href":"https:\/\/rckopen.com\/pt\/wp-json\/wp\/v2\/comments?post=6774"}],"wp:featuredmedia":[{"embeddable":true,"href":"https:\/\/rckopen.com\/pt\/wp-json\/wp\/v2\/media\/6962"}],"wp:attachment":[{"href":"https:\/\/rckopen.com\/pt\/wp-json\/wp\/v2\/media?parent=6774"}],"wp:term":[{"taxonomy":"product_brand","embeddable":true,"href":"https:\/\/rckopen.com\/pt\/wp-json\/wp\/v2\/product_brand?post=6774"},{"taxonomy":"product_cat","embeddable":true,"href":"https:\/\/rckopen.com\/pt\/wp-json\/wp\/v2\/product_cat?post=6774"},{"taxonomy":"product_tag","embeddable":true,"href":"https:\/\/rckopen.com\/pt\/wp-json\/wp\/v2\/product_tag?post=6774"}],"curies":[{"name":"wp","href":"https:\/\/api.w.org\/{rel}","templated":true}]}}