{"id":6800,"date":"2023-08-17T11:50:21","date_gmt":"2023-08-17T11:50:21","guid":{"rendered":"https:\/\/diligentplug.com\/chems\/?post_type=product&#038;p=6800"},"modified":"2025-01-31T04:47:50","modified_gmt":"2025-01-31T04:47:50","slug":"4-aco-dpt","status":"publish","type":"product","link":"https:\/\/rckopen.com\/pt\/produto\/4-dpt-de-aco\/","title":{"rendered":"Compre 4-ACO-DPT online"},"content":{"rendered":"<h2>Compre 4-ACO-DPT online<\/h2>\n<p>Descubra o destino final para o p\u00f3 4-AcO-DPT: Narcomeds.com<\/p>\n<p>Experimente a conveni\u00eancia de comprar <a href=\"https:\/\/rckopen.com\/pt\/produto\/4-dpt-de-aco\/\">4-AcO-DPT<\/a> Experimente a conveni\u00eancia de comprar 4-AcO-DPT Powder no Narcomeds.com! Com um processo de encomenda simples e seguro, pode comprar 4-AcO-DPT Powder sem complica\u00e7\u00f5es. Atrav\u00e9s do nosso site de f\u00e1cil utiliza\u00e7\u00e3o, voc\u00ea pode facilmente encontrar e encomendar o produto desejado. Quer seja um investigador ou um entusiasta, estamos aqui para si. Diga adeus ao stress da procura de 4-AcO-DPT Powder e ol\u00e1 \u00e0 conveni\u00eancia em Narcomeds.com. Encomende agora e experimente a conveni\u00eancia de comprar 4-AcO-DPT Powder de alta qualidade online!<\/p>\n<p>Abelha <a href=\"https:\/\/rckopen.com\/pt\/\">RCKopen<\/a> oferecemos uma plataforma online integrada que lhe permite <a href=\"https:\/\/en.wikipedia.org\/wiki\/4-AcO-DPT\">4-AcO-DPT<\/a>-p\u00f3 que voc\u00ea pode comprar. Nossa interface amig\u00e1vel garante uma experi\u00eancia de compra tranquila, seja voc\u00ea um comprador de primeira viagem ou um cliente recorrente.<\/p>\n<p>Onde a qualidade e a conveni\u00eancia se juntam<br \/>\nOnde \u00e9 que se pode comprar 4-AcO-DPT Powder da mais alta qualidade? N\u00e3o procures mais. Narcomeds.com oferece p\u00f3 4-AcO-DPT de alta qualidade que atende a r\u00edgidos padr\u00f5es de qualidade. Com apenas alguns cliques, voc\u00ea pode obter o produto desejado entregue \u00e0 sua porta.<\/p>\n<h3>Encontrar 4-AcO-DPT em p\u00f3 para venda<\/h3>\n<p>Procura 4-AcO-DPT em p\u00f3 para venda? A sua pesquisa termina aqui. Narcomeds.com \u00e9 o seu destino para produtos aut\u00eanticos a pre\u00e7os competitivos. Damos prioridade \u00e0 satisfa\u00e7\u00e3o do cliente e esfor\u00e7amo-nos por oferecer a melhor rela\u00e7\u00e3o qualidade\/pre\u00e7o.<\/p>\n<p>Processo de encomenda sem problemas<br \/>\nPronto para encomendar 4-AcO-DPT em p\u00f3? O nosso processo de encomenda claro torna-o r\u00e1pido e f\u00e1cil. Navegue pela nossa extensa gama, adicione os itens desejados ao seu carrinho e proceda ao checkout. Com op\u00e7\u00f5es de pagamento seguras e embalagens discretas, a sua privacidade \u00e9 a nossa prioridade.<\/p>\n<p>Fonte leg\u00edtima e fi\u00e1vel<br \/>\nVoc\u00ea pode ter certeza de que, ao comprar o p\u00f3 4-AcO-DPT legalmente no Narcomeds.com, est\u00e1 lidando com uma fonte leg\u00edtima e confi\u00e1vel. N\u00f3s aderimos a todos os requisitos legais e garantimos aos nossos clientes uma experi\u00eancia de compra segura e compat\u00edvel.<\/p>\n<h3>A sua loja de p\u00f3s 4-AcO-DPT de confian\u00e7a<\/h3>\n<p>Narcomeds.com \u00e9 a sua loja de p\u00f3 de 4-AcO-DPT. Quer seja na Alemanha ou noutro local, oferecemos envio para todo o mundo para sua conveni\u00eancia. Experimente a conveni\u00eancia das compras online com a fiabilidade de um fornecedor de confian\u00e7a.<\/p>\n<h3>Conveni\u00eancia sem compromisso<\/h3>\n<p>Esque\u00e7a o inc\u00f3modo de obter uma receita m\u00e9dica ao comprar 4-AcO-DPT Powder sem receita m\u00e9dica em Narcomeds.com. Priorizamos a acessibilidade e a conveni\u00eancia para que voc\u00ea possa acessar os produtos de que precisa sem barreiras desnecess\u00e1rias.<\/p>\n<p>Experimente conveni\u00eancia e qualidade em RcKopen.com<br \/>\nCom Rckopen.com comprar p\u00f3 4-AcO-DPT nunca foi t\u00e3o f\u00e1cil. Descubra nossa ampla sele\u00e7\u00e3o, fa\u00e7a seu pedido com confian\u00e7a e aproveite uma entrega discreta at\u00e9 sua porta. Confie na Rckopen.com para todas as suas necessidades de p\u00f3 4-AcO-DPT e experimente conveni\u00eancia sem comprometer.<\/p>","protected":false},"excerpt":{"rendered":"<p><strong>Nome IUPAC: <\/strong>Acetato de [3-[2-(dipropilamino)etilo]-1H-indol-4-ilo<\/p>\n<p><strong>CAS # <\/strong>1445751-75-6<\/p>\n<p><strong>Outro nome: <\/strong>4-Acetoxi-N,N-dipropiltriptamina<\/p>\n<p><strong>Forma: <\/strong>fumarato<\/p>\n<p><strong>An\u00e1lise NMR: <\/strong>C18H26N2O2<\/p>","protected":false},"featured_media":7658,"comment_status":"open","ping_status":"closed","template":"","meta":{"_joinchat":[]},"product_brand":[],"product_cat":[149],"product_tag":[],"class_list":{"0":"post-6800","1":"product","2":"type-product","3":"status-publish","4":"has-post-thumbnail","6":"product_cat-tryptaminen","8":"first","9":"instock","10":"shipping-taxable","11":"purchasable","12":"product-type-variable"},"yoast_head":"<!-- This site is optimized with the Yoast SEO plugin v26.3 - https:\/\/yoast.com\/wordpress\/plugins\/seo\/ -->\n<title>4-Aco-Dpt online kopen - 4-Aco-Dpt online | RC Kopen<\/title>\n<meta name=\"description\" content=\"Onze RC kopen online winkel heeft hoogwaardige 4-Aco-Dpt te koop. Bent u bereid om 4-Aco-Dpt online kopen, laat het ons dan weten. Wij zullen uw wensen binnenkort invullen!\" \/>\n<meta name=\"robots\" content=\"index, follow, max-snippet:-1, max-image-preview:large, max-video-preview:-1\" \/>\n<link rel=\"canonical\" href=\"https:\/\/rckopen.com\/pt\/produto\/4-dpt-de-aco\/\" \/>\n<meta property=\"og:locale\" content=\"pt_PT\" \/>\n<meta property=\"og:type\" content=\"article\" \/>\n<meta property=\"og:title\" content=\"4-Aco-Dpt online kopen - 4-Aco-Dpt online | RC Kopen\" \/>\n<meta property=\"og:description\" content=\"Onze RC kopen online winkel heeft hoogwaardige 4-Aco-Dpt te koop. Bent u bereid om 4-Aco-Dpt online kopen, laat het ons dan weten. Wij zullen uw wensen binnenkort invullen!\" \/>\n<meta property=\"og:url\" content=\"https:\/\/rckopen.com\/pt\/produto\/4-dpt-de-aco\/\" \/>\n<meta property=\"og:site_name\" content=\"RC Kopen\" \/>\n<meta property=\"article:modified_time\" content=\"2025-01-31T04:47:50+00:00\" \/>\n<meta property=\"og:image\" content=\"https:\/\/rckopen.com\/wp-content\/uploads\/2023\/08\/4-ACO-DPT-1.jpg\" \/>\n\t<meta property=\"og:image:width\" content=\"600\" \/>\n\t<meta property=\"og:image:height\" content=\"600\" \/>\n\t<meta property=\"og:image:type\" content=\"image\/jpeg\" \/>\n<meta name=\"twitter:card\" content=\"summary_large_image\" \/>\n<meta name=\"twitter:label1\" content=\"Tempo estimado de leitura\" \/>\n\t<meta name=\"twitter:data1\" content=\"3 minutos\" \/>\n<script type=\"application\/ld+json\" class=\"yoast-schema-graph\">{\"@context\":\"https:\/\/schema.org\",\"@graph\":[{\"@type\":\"WebPage\",\"@id\":\"https:\/\/rckopen.com\/product\/4-aco-dpt\/\",\"url\":\"https:\/\/rckopen.com\/product\/4-aco-dpt\/\",\"name\":\"4-Aco-Dpt online kopen - 4-Aco-Dpt online | RC Kopen\",\"isPartOf\":{\"@id\":\"https:\/\/rckopen.com\/#website\"},\"primaryImageOfPage\":{\"@id\":\"https:\/\/rckopen.com\/product\/4-aco-dpt\/#primaryimage\"},\"image\":{\"@id\":\"https:\/\/rckopen.com\/product\/4-aco-dpt\/#primaryimage\"},\"thumbnailUrl\":\"https:\/\/rckopen.com\/wp-content\/uploads\/2023\/08\/4-ACO-DPT-1.jpg\",\"datePublished\":\"2023-08-17T11:50:21+00:00\",\"dateModified\":\"2025-01-31T04:47:50+00:00\",\"description\":\"Onze RC kopen online winkel heeft hoogwaardige 4-Aco-Dpt te koop. Bent u bereid om 4-Aco-Dpt online kopen, laat het ons dan weten. Wij zullen uw wensen binnenkort invullen!\",\"breadcrumb\":{\"@id\":\"https:\/\/rckopen.com\/product\/4-aco-dpt\/#breadcrumb\"},\"inLanguage\":\"pt-PT\",\"potentialAction\":[{\"@type\":\"ReadAction\",\"target\":[\"https:\/\/rckopen.com\/product\/4-aco-dpt\/\"]}]},{\"@type\":\"ImageObject\",\"inLanguage\":\"pt-PT\",\"@id\":\"https:\/\/rckopen.com\/product\/4-aco-dpt\/#primaryimage\",\"url\":\"https:\/\/rckopen.com\/wp-content\/uploads\/2023\/08\/4-ACO-DPT-1.jpg\",\"contentUrl\":\"https:\/\/rckopen.com\/wp-content\/uploads\/2023\/08\/4-ACO-DPT-1.jpg\",\"width\":600,\"height\":600,\"caption\":\"4-ACO-DPT online kopen\"},{\"@type\":\"BreadcrumbList\",\"@id\":\"https:\/\/rckopen.com\/product\/4-aco-dpt\/#breadcrumb\",\"itemListElement\":[{\"@type\":\"ListItem\",\"position\":1,\"name\":\"Home\",\"item\":\"https:\/\/rckopen.com\/\"},{\"@type\":\"ListItem\",\"position\":2,\"name\":\"Shop\",\"item\":\"https:\/\/rckopen.com\/shop\/\"},{\"@type\":\"ListItem\",\"position\":3,\"name\":\"4-ACO-DPT online kopen\"}]},{\"@type\":\"WebSite\",\"@id\":\"https:\/\/rckopen.com\/#website\",\"url\":\"https:\/\/rckopen.com\/\",\"name\":\"RC Kopen\",\"description\":\"Research Chemicals\",\"potentialAction\":[{\"@type\":\"SearchAction\",\"target\":{\"@type\":\"EntryPoint\",\"urlTemplate\":\"https:\/\/rckopen.com\/?s={search_term_string}\"},\"query-input\":{\"@type\":\"PropertyValueSpecification\",\"valueRequired\":true,\"valueName\":\"search_term_string\"}}],\"inLanguage\":\"pt-PT\"}]}<\/script>\n<!-- \/ Yoast SEO plugin. -->","yoast_head_json":{"title":"4-Aco-Dpt online kopen - 4-Aco-Dpt online | RC Kopen","description":"Onze RC kopen online winkel heeft hoogwaardige 4-Aco-Dpt te koop. Bent u bereid om 4-Aco-Dpt online kopen, laat het ons dan weten. Wij zullen uw wensen binnenkort invullen!","robots":{"index":"index","follow":"follow","max-snippet":"max-snippet:-1","max-image-preview":"max-image-preview:large","max-video-preview":"max-video-preview:-1"},"canonical":"https:\/\/rckopen.com\/pt\/produto\/4-dpt-de-aco\/","og_locale":"pt_PT","og_type":"article","og_title":"4-Aco-Dpt online kopen - 4-Aco-Dpt online | RC Kopen","og_description":"Onze RC kopen online winkel heeft hoogwaardige 4-Aco-Dpt te koop. Bent u bereid om 4-Aco-Dpt online kopen, laat het ons dan weten. Wij zullen uw wensen binnenkort invullen!","og_url":"https:\/\/rckopen.com\/pt\/produto\/4-dpt-de-aco\/","og_site_name":"RC Kopen","article_modified_time":"2025-01-31T04:47:50+00:00","og_image":[{"width":600,"height":600,"url":"https:\/\/rckopen.com\/wp-content\/uploads\/2023\/08\/4-ACO-DPT-1.jpg","type":"image\/jpeg"}],"twitter_card":"summary_large_image","twitter_misc":{"Tempo estimado de leitura":"3 minutos"},"schema":{"@context":"https:\/\/schema.org","@graph":[{"@type":"WebPage","@id":"https:\/\/rckopen.com\/product\/4-aco-dpt\/","url":"https:\/\/rckopen.com\/product\/4-aco-dpt\/","name":"4-Aco-Dpt online kopen - 4-Aco-Dpt online | RC Kopen","isPartOf":{"@id":"https:\/\/rckopen.com\/#website"},"primaryImageOfPage":{"@id":"https:\/\/rckopen.com\/product\/4-aco-dpt\/#primaryimage"},"image":{"@id":"https:\/\/rckopen.com\/product\/4-aco-dpt\/#primaryimage"},"thumbnailUrl":"https:\/\/rckopen.com\/wp-content\/uploads\/2023\/08\/4-ACO-DPT-1.jpg","datePublished":"2023-08-17T11:50:21+00:00","dateModified":"2025-01-31T04:47:50+00:00","description":"Onze RC kopen online winkel heeft hoogwaardige 4-Aco-Dpt te koop. Bent u bereid om 4-Aco-Dpt online kopen, laat het ons dan weten. Wij zullen uw wensen binnenkort invullen!","breadcrumb":{"@id":"https:\/\/rckopen.com\/product\/4-aco-dpt\/#breadcrumb"},"inLanguage":"pt-PT","potentialAction":[{"@type":"ReadAction","target":["https:\/\/rckopen.com\/product\/4-aco-dpt\/"]}]},{"@type":"ImageObject","inLanguage":"pt-PT","@id":"https:\/\/rckopen.com\/product\/4-aco-dpt\/#primaryimage","url":"https:\/\/rckopen.com\/wp-content\/uploads\/2023\/08\/4-ACO-DPT-1.jpg","contentUrl":"https:\/\/rckopen.com\/wp-content\/uploads\/2023\/08\/4-ACO-DPT-1.jpg","width":600,"height":600,"caption":"4-ACO-DPT online kopen"},{"@type":"BreadcrumbList","@id":"https:\/\/rckopen.com\/product\/4-aco-dpt\/#breadcrumb","itemListElement":[{"@type":"ListItem","position":1,"name":"Home","item":"https:\/\/rckopen.com\/"},{"@type":"ListItem","position":2,"name":"Shop","item":"https:\/\/rckopen.com\/shop\/"},{"@type":"ListItem","position":3,"name":"4-ACO-DPT online kopen"}]},{"@type":"WebSite","@id":"https:\/\/rckopen.com\/#website","url":"https:\/\/rckopen.com\/","name":"RC Kopen","description":"Research Chemicals","potentialAction":[{"@type":"SearchAction","target":{"@type":"EntryPoint","urlTemplate":"https:\/\/rckopen.com\/?s={search_term_string}"},"query-input":{"@type":"PropertyValueSpecification","valueRequired":true,"valueName":"search_term_string"}}],"inLanguage":"pt-PT"}]}},"_links":{"self":[{"href":"https:\/\/rckopen.com\/pt\/wp-json\/wp\/v2\/product\/6800","targetHints":{"allow":["GET"]}}],"collection":[{"href":"https:\/\/rckopen.com\/pt\/wp-json\/wp\/v2\/product"}],"about":[{"href":"https:\/\/rckopen.com\/pt\/wp-json\/wp\/v2\/types\/product"}],"replies":[{"embeddable":true,"href":"https:\/\/rckopen.com\/pt\/wp-json\/wp\/v2\/comments?post=6800"}],"wp:featuredmedia":[{"embeddable":true,"href":"https:\/\/rckopen.com\/pt\/wp-json\/wp\/v2\/media\/7658"}],"wp:attachment":[{"href":"https:\/\/rckopen.com\/pt\/wp-json\/wp\/v2\/media?parent=6800"}],"wp:term":[{"taxonomy":"product_brand","embeddable":true,"href":"https:\/\/rckopen.com\/pt\/wp-json\/wp\/v2\/product_brand?post=6800"},{"taxonomy":"product_cat","embeddable":true,"href":"https:\/\/rckopen.com\/pt\/wp-json\/wp\/v2\/product_cat?post=6800"},{"taxonomy":"product_tag","embeddable":true,"href":"https:\/\/rckopen.com\/pt\/wp-json\/wp\/v2\/product_tag?post=6800"}],"curies":[{"name":"wp","href":"https:\/\/api.w.org\/{rel}","templated":true}]}}