{"id":6993,"date":"2023-08-18T08:08:58","date_gmt":"2023-08-18T08:08:58","guid":{"rendered":"https:\/\/diligentplug.com\/chems\/?post_type=product&#038;p=6993"},"modified":"2025-02-07T07:28:11","modified_gmt":"2025-02-07T07:28:11","slug":"koop-4-ho-met","status":"publish","type":"product","link":"https:\/\/rckopen.com\/pt\/produto\/comprar-4-ho-com-3\/","title":{"rendered":"Compre 4-HO-MET online"},"content":{"rendered":"<h2>Compre 4-HO-MET online<\/h2>\n<h2>Voordelen van het kopen van 4-HO-MET online kopen bij RCKopen<\/h2>\n<p>\u00bfEstas buscando? <a href=\"https:\/\/rckopen.com\/pt\/produto\/comprar-4-ho-com-3\/\">Compre 4-HO-MET online<\/a> de alta qualidade? N\u00e3o procure mais, v\u00e1 at\u00e9 a RCKopen, seu destino final para obter esse tecido t\u00e3o procurado. \u00c9 por isso que encomendar 4-HO-MET conosco \u00e9 uma escolha inteligente:<\/p>\n<h3>Vasta sele\u00e7\u00e3o<\/h3>\n<p>Abelha <a href=\"https:\/\/rckopen.com\/pt\/\">RCKopen<\/a> Oferecemos uma ampla variedade de produtos qu\u00edmicos para pesquisa, incluindo 4-HO-MET, compre on-line para que voc\u00ea tenha acesso aos produtos necess\u00e1rios para seus experimentos e pesquisas.<\/p>\n<h3>Garantia da mais alta qualidade<\/h3>\n<p>Quando voc\u00ea <a href=\"https:\/\/en.wikipedia.org\/wiki\/4-HO-MET\">Compre 4-HO-MET online\u00a0<\/a> Ao comprar conosco, voc\u00ea pode ter certeza de que est\u00e1 adquirindo um produto da mais alta qualidade. Nossas rigorosas medidas de controle de qualidade garantem pureza e pot\u00eancia, atendendo aos padr\u00f5es de pesquisadores e cientistas do mundo todo.<\/p>\n<h3>Conformidade legal<\/h3>\n<p>Encomendar na RCKopen significa comprar 4-HO-MET legalmente. Cumprimos rigorosamente os regulamentos e directrizes e garantimos que todas as transac\u00e7\u00f5es est\u00e3o em conformidade com a lei.<\/p>\n<h3>Envio seguro e discreto<\/h3>\n<p>A sua privacidade e seguran\u00e7a s\u00e3o as nossas principais prioridades. Oferecemos op\u00e7\u00f5es de envio seguras e discretas para todas as encomendas, dando-lhe paz de esp\u00edrito durante o processo de entrega.<\/p>\n<h3>Processo de encomenda c\u00f3modo<\/h3>\n<p>Com o nosso site de f\u00e1cil utiliza\u00e7\u00e3o, comprar o 4-HO-MET \u00e9 r\u00e1pido e f\u00e1cil. Basta navegar na nossa sele\u00e7\u00e3o, adicionar os produtos desejados ao carrinho e proceder ao checkout - \u00e9 assim t\u00e3o f\u00e1cil!<\/p>\n<h3>Entrega r\u00e1pida<\/h3>\n<p>Compreendemos a import\u00e2ncia da entrega atempada, e \u00e9 por isso que nos esfor\u00e7amos para enviar as encomendas rapidamente. Experimente tempos de entrega r\u00e1pidos quando encomendar Buy 4-HO-MET na RCKopen.<\/p>\n<h3>Reputa\u00e7\u00e3o de confian\u00e7a<\/h3>\n<p>A RCKopen construiu uma reputa\u00e7\u00e3o de fiabilidade e profissionalismo no seio da comunidade de investiga\u00e7\u00e3o qu\u00edmica. In\u00fameros investigadores e cientistas confiam em n\u00f3s para as suas necessidades de fornecimento de produtos qu\u00edmicos.<\/p>\n<h3>Excelente apoio ao cliente<\/h3>\n<p>Tem alguma d\u00favida ou precisa de ajuda? A nossa equipa dedicada de apoio ao cliente est\u00e1 pronta para o ajudar. Contacte-nos em qualquer altura para obter assist\u00eancia r\u00e1pida e \u00fatil para as suas quest\u00f5es.<\/p>\n<h3>Disponibilidade global<\/h3>\n<p>N\u00e3o importa se voc\u00ea est\u00e1 no Reino Unido ou em qualquer lugar do mundo, o RCKopen facilita a compra de 4-HO-MET sem receita m\u00e9dica. Aproveite pedidos e entregas sem complica\u00e7\u00f5es, onde quer que voc\u00ea esteja.<\/p>\n<h3>Compre 4-HO-MET online com confian\u00e7a<\/h3>\n<p>N\u00e3o se contente com produtos qu\u00edmicos de pesquisa de baixa qualidade \u2013 escolha RCKopen para comprar 4-HO-MET de alta qualidade e uma experi\u00eancia de compra perfeita. Pe\u00e7a agora e descubra por que os pesquisadores confiam em n\u00f3s para todas as suas necessidades qu\u00edmicas. Pronto para comprar 4-HO-MET? Visite o RCKopen hoje mesmo!<\/p>","protected":false},"excerpt":{"rendered":"<h6>Nome IUPAC:<\/h6>\n<p>3-(2-(etil(metil)amino)etil)-1H-indol-4-ol<\/p>","protected":false},"featured_media":6999,"comment_status":"open","ping_status":"closed","template":"","meta":{"_joinchat":[]},"product_brand":[],"product_cat":[149],"product_tag":[],"class_list":{"0":"post-6993","1":"product","2":"type-product","3":"status-publish","4":"has-post-thumbnail","6":"product_cat-tryptaminen","8":"first","9":"instock","10":"shipping-taxable","11":"purchasable","12":"product-type-variable"},"yoast_head":"<!-- This site is optimized with the Yoast SEO plugin v26.3 - https:\/\/yoast.com\/wordpress\/plugins\/seo\/ -->\n<title>4-HO-MET online kopen - 4-HO-MET te koop<\/title>\n<meta name=\"description\" content=\"4-HO-MET te koop is nu eenvoudig verkrijgbaar in onze online winkel. U kunt rechtstreeks verbinding maken met onze RC-koopwinkel en 4-HO-MET online kopen tegen de beste prijzen.\" \/>\n<meta name=\"robots\" content=\"index, follow, max-snippet:-1, max-image-preview:large, max-video-preview:-1\" \/>\n<link rel=\"canonical\" href=\"https:\/\/rckopen.com\/pt\/produto\/comprar-4-ho-com-3\/\" \/>\n<meta property=\"og:locale\" content=\"pt_PT\" \/>\n<meta property=\"og:type\" content=\"article\" \/>\n<meta property=\"og:title\" content=\"4-HO-MET online kopen - 4-HO-MET te koop\" \/>\n<meta property=\"og:description\" content=\"4-HO-MET te koop is nu eenvoudig verkrijgbaar in onze online winkel. U kunt rechtstreeks verbinding maken met onze RC-koopwinkel en 4-HO-MET online kopen tegen de beste prijzen.\" \/>\n<meta property=\"og:url\" content=\"https:\/\/rckopen.com\/pt\/produto\/comprar-4-ho-com-3\/\" \/>\n<meta property=\"og:site_name\" content=\"RC Kopen\" \/>\n<meta property=\"article:modified_time\" content=\"2025-02-07T07:28:11+00:00\" \/>\n<meta property=\"og:image\" content=\"https:\/\/rckopen.com\/wp-content\/uploads\/2023\/08\/4-HO-MET.jpg\" \/>\n\t<meta property=\"og:image:width\" content=\"600\" \/>\n\t<meta property=\"og:image:height\" content=\"600\" \/>\n\t<meta property=\"og:image:type\" content=\"image\/jpeg\" \/>\n<meta name=\"twitter:card\" content=\"summary_large_image\" \/>\n<meta name=\"twitter:label1\" content=\"Tempo estimado de leitura\" \/>\n\t<meta name=\"twitter:data1\" content=\"2 minutos\" \/>\n<script type=\"application\/ld+json\" class=\"yoast-schema-graph\">{\"@context\":\"https:\/\/schema.org\",\"@graph\":[{\"@type\":\"WebPage\",\"@id\":\"https:\/\/rckopen.com\/product\/koop-4-ho-met\/\",\"url\":\"https:\/\/rckopen.com\/product\/koop-4-ho-met\/\",\"name\":\"4-HO-MET online kopen - 4-HO-MET te koop\",\"isPartOf\":{\"@id\":\"https:\/\/rckopen.com\/#website\"},\"primaryImageOfPage\":{\"@id\":\"https:\/\/rckopen.com\/product\/koop-4-ho-met\/#primaryimage\"},\"image\":{\"@id\":\"https:\/\/rckopen.com\/product\/koop-4-ho-met\/#primaryimage\"},\"thumbnailUrl\":\"https:\/\/rckopen.com\/wp-content\/uploads\/2023\/08\/4-HO-MET.jpg\",\"datePublished\":\"2023-08-18T08:08:58+00:00\",\"dateModified\":\"2025-02-07T07:28:11+00:00\",\"description\":\"4-HO-MET te koop is nu eenvoudig verkrijgbaar in onze online winkel. U kunt rechtstreeks verbinding maken met onze RC-koopwinkel en 4-HO-MET online kopen tegen de beste prijzen.\",\"breadcrumb\":{\"@id\":\"https:\/\/rckopen.com\/product\/koop-4-ho-met\/#breadcrumb\"},\"inLanguage\":\"pt-PT\",\"potentialAction\":[{\"@type\":\"ReadAction\",\"target\":[\"https:\/\/rckopen.com\/product\/koop-4-ho-met\/\"]}]},{\"@type\":\"ImageObject\",\"inLanguage\":\"pt-PT\",\"@id\":\"https:\/\/rckopen.com\/product\/koop-4-ho-met\/#primaryimage\",\"url\":\"https:\/\/rckopen.com\/wp-content\/uploads\/2023\/08\/4-HO-MET.jpg\",\"contentUrl\":\"https:\/\/rckopen.com\/wp-content\/uploads\/2023\/08\/4-HO-MET.jpg\",\"width\":600,\"height\":600,\"caption\":\"4-HO-MET online kopen\"},{\"@type\":\"BreadcrumbList\",\"@id\":\"https:\/\/rckopen.com\/product\/koop-4-ho-met\/#breadcrumb\",\"itemListElement\":[{\"@type\":\"ListItem\",\"position\":1,\"name\":\"Home\",\"item\":\"https:\/\/rckopen.com\/\"},{\"@type\":\"ListItem\",\"position\":2,\"name\":\"Shop\",\"item\":\"https:\/\/rckopen.com\/shop\/\"},{\"@type\":\"ListItem\",\"position\":3,\"name\":\"4-HO-MET online kopen\"}]},{\"@type\":\"WebSite\",\"@id\":\"https:\/\/rckopen.com\/#website\",\"url\":\"https:\/\/rckopen.com\/\",\"name\":\"RC Kopen\",\"description\":\"Research Chemicals\",\"potentialAction\":[{\"@type\":\"SearchAction\",\"target\":{\"@type\":\"EntryPoint\",\"urlTemplate\":\"https:\/\/rckopen.com\/?s={search_term_string}\"},\"query-input\":{\"@type\":\"PropertyValueSpecification\",\"valueRequired\":true,\"valueName\":\"search_term_string\"}}],\"inLanguage\":\"pt-PT\"}]}<\/script>\n<!-- \/ Yoast SEO plugin. -->","yoast_head_json":{"title":"4-HO-MET online kopen - 4-HO-MET te koop","description":"4-HO-MET te koop is nu eenvoudig verkrijgbaar in onze online winkel. U kunt rechtstreeks verbinding maken met onze RC-koopwinkel en 4-HO-MET online kopen tegen de beste prijzen.","robots":{"index":"index","follow":"follow","max-snippet":"max-snippet:-1","max-image-preview":"max-image-preview:large","max-video-preview":"max-video-preview:-1"},"canonical":"https:\/\/rckopen.com\/pt\/produto\/comprar-4-ho-com-3\/","og_locale":"pt_PT","og_type":"article","og_title":"4-HO-MET online kopen - 4-HO-MET te koop","og_description":"4-HO-MET te koop is nu eenvoudig verkrijgbaar in onze online winkel. U kunt rechtstreeks verbinding maken met onze RC-koopwinkel en 4-HO-MET online kopen tegen de beste prijzen.","og_url":"https:\/\/rckopen.com\/pt\/produto\/comprar-4-ho-com-3\/","og_site_name":"RC Kopen","article_modified_time":"2025-02-07T07:28:11+00:00","og_image":[{"width":600,"height":600,"url":"https:\/\/rckopen.com\/wp-content\/uploads\/2023\/08\/4-HO-MET.jpg","type":"image\/jpeg"}],"twitter_card":"summary_large_image","twitter_misc":{"Tempo estimado de leitura":"2 minutos"},"schema":{"@context":"https:\/\/schema.org","@graph":[{"@type":"WebPage","@id":"https:\/\/rckopen.com\/product\/koop-4-ho-met\/","url":"https:\/\/rckopen.com\/product\/koop-4-ho-met\/","name":"4-HO-MET online kopen - 4-HO-MET te koop","isPartOf":{"@id":"https:\/\/rckopen.com\/#website"},"primaryImageOfPage":{"@id":"https:\/\/rckopen.com\/product\/koop-4-ho-met\/#primaryimage"},"image":{"@id":"https:\/\/rckopen.com\/product\/koop-4-ho-met\/#primaryimage"},"thumbnailUrl":"https:\/\/rckopen.com\/wp-content\/uploads\/2023\/08\/4-HO-MET.jpg","datePublished":"2023-08-18T08:08:58+00:00","dateModified":"2025-02-07T07:28:11+00:00","description":"4-HO-MET te koop is nu eenvoudig verkrijgbaar in onze online winkel. U kunt rechtstreeks verbinding maken met onze RC-koopwinkel en 4-HO-MET online kopen tegen de beste prijzen.","breadcrumb":{"@id":"https:\/\/rckopen.com\/product\/koop-4-ho-met\/#breadcrumb"},"inLanguage":"pt-PT","potentialAction":[{"@type":"ReadAction","target":["https:\/\/rckopen.com\/product\/koop-4-ho-met\/"]}]},{"@type":"ImageObject","inLanguage":"pt-PT","@id":"https:\/\/rckopen.com\/product\/koop-4-ho-met\/#primaryimage","url":"https:\/\/rckopen.com\/wp-content\/uploads\/2023\/08\/4-HO-MET.jpg","contentUrl":"https:\/\/rckopen.com\/wp-content\/uploads\/2023\/08\/4-HO-MET.jpg","width":600,"height":600,"caption":"4-HO-MET online kopen"},{"@type":"BreadcrumbList","@id":"https:\/\/rckopen.com\/product\/koop-4-ho-met\/#breadcrumb","itemListElement":[{"@type":"ListItem","position":1,"name":"Home","item":"https:\/\/rckopen.com\/"},{"@type":"ListItem","position":2,"name":"Shop","item":"https:\/\/rckopen.com\/shop\/"},{"@type":"ListItem","position":3,"name":"4-HO-MET online kopen"}]},{"@type":"WebSite","@id":"https:\/\/rckopen.com\/#website","url":"https:\/\/rckopen.com\/","name":"RC Kopen","description":"Research Chemicals","potentialAction":[{"@type":"SearchAction","target":{"@type":"EntryPoint","urlTemplate":"https:\/\/rckopen.com\/?s={search_term_string}"},"query-input":{"@type":"PropertyValueSpecification","valueRequired":true,"valueName":"search_term_string"}}],"inLanguage":"pt-PT"}]}},"_links":{"self":[{"href":"https:\/\/rckopen.com\/pt\/wp-json\/wp\/v2\/product\/6993","targetHints":{"allow":["GET"]}}],"collection":[{"href":"https:\/\/rckopen.com\/pt\/wp-json\/wp\/v2\/product"}],"about":[{"href":"https:\/\/rckopen.com\/pt\/wp-json\/wp\/v2\/types\/product"}],"replies":[{"embeddable":true,"href":"https:\/\/rckopen.com\/pt\/wp-json\/wp\/v2\/comments?post=6993"}],"wp:featuredmedia":[{"embeddable":true,"href":"https:\/\/rckopen.com\/pt\/wp-json\/wp\/v2\/media\/6999"}],"wp:attachment":[{"href":"https:\/\/rckopen.com\/pt\/wp-json\/wp\/v2\/media?parent=6993"}],"wp:term":[{"taxonomy":"product_brand","embeddable":true,"href":"https:\/\/rckopen.com\/pt\/wp-json\/wp\/v2\/product_brand?post=6993"},{"taxonomy":"product_cat","embeddable":true,"href":"https:\/\/rckopen.com\/pt\/wp-json\/wp\/v2\/product_cat?post=6993"},{"taxonomy":"product_tag","embeddable":true,"href":"https:\/\/rckopen.com\/pt\/wp-json\/wp\/v2\/product_tag?post=6993"}],"curies":[{"name":"wp","href":"https:\/\/api.w.org\/{rel}","templated":true}]}}