{"id":6386,"date":"2023-08-14T13:34:34","date_gmt":"2023-08-14T13:34:34","guid":{"rendered":"https:\/\/diligentplug.com\/chems\/?post_type=product&#038;p=6386"},"modified":"2026-02-26T09:44:05","modified_gmt":"2026-02-26T09:44:05","slug":"1cp-lsd-150mcg-blotters-ap-design-1","status":"publish","type":"product","link":"https:\/\/rckopen.com\/zh\/\u4ea7\u54c1\/1cp-lsd-150mcg-blotters-ap-design-1\/","title":{"rendered":"1cP-LSD 150mcg \u5438\u58a8\u7eb8 (AP Design 1) \u5728\u7ebf\u8d2d\u4e70"},"content":{"rendered":"<h2><b>1cP-LSD 150mcg Blotters (AP Design 1) Online te Koop \u2013 Premium Kwaliteit voor Onderzoeksdoeleinden<\/b><\/h2>\n<h3><b>\u4ecb\u7ecd<\/b><\/h3>\n<p><span style=\"font-weight: 400;\">\u4f60\u60f3\u8981 <\/span><a href=\"https:\/\/rckopen.com\/zh\/\u4ea7\u54c1\/1cp-lsd-150mcg-blotters-ap-design-1\/\"><b>1cP-LSD 150mcg \u90ae\u7968\u8d34\u7247\uff08AP \u8bbe\u8ba1 1\uff09\u5728\u7ebf\u8d2d\u4e70<\/b><\/a><span style=\"font-weight: 400;\">\u6211\u4eec\u7684\u9ad8\u54c1\u8d28\u5438\u58a8\u7eb8\u5242\u91cf\u7cbe\u51c6\uff0c\u7ecf\u5b9e\u9a8c\u5ba4\u6d4b\u8bd5\uff0c\u5e76\u91c7\u7528\u72ec\u7279\u7684\u89c6\u89c9\u8bbe\u8ba1\uff08AP \u8bbe\u8ba1 1\uff09\uff0c\u4fbf\u4e8e\u53ef\u9760\u8bc6\u522b\u548c\u50a8\u5b58\u3002\u662f\u5b66\u672f\u3001\u5316\u5b66\u548c\u836f\u7406\u5b66\u7814\u7a76\u7684\u7406\u60f3\u4e4b\u9009\uff0c\u5728\u8fd9\u4e9b\u9886\u57df\uff0c\u7cbe\u51c6\u5ea6\u548c\u7eaf\u5ea6\u81f3\u5173\u91cd\u8981\u3002<\/span><\/p>\n<h3><b>1cP-LSD\u662f\u4ec0\u4e48\uff1f<\/b><\/h3>\n<p>1cP-LSD\uff081-\u73af\u4e19\u9170\u57fa\u9ea6\u89d2\u9178\u4e8c\u4e59\u9170\u80fa\uff09\u662f\u4e00\u79cd\u65b0\u578b\u9ea6\u89d2\u9170\u80fa\uff0c\u4e5f\u662fLSD-25\u7684\u524d\u4f53\u836f\u7269\u3002\u5b83\u5728\u4f53\u5185\u4ee3\u8c22\u540e\u4f1a\u8f6c\u5316\u4e3aLSD\uff0c\u56e0\u6b64\u836f\u7406\u4f5c\u7528\u4e0eLSD\u975e\u5e38\u76f8\u4f3c\u3002\u7531\u4e8e\u5176\uff08\u76f8\u5bf9\uff09\u6709\u5229\u7684\u6cd5\u5f8b\u200b\u200b\u5730\u4f4d\u548c\u79d1\u5b66\u4ef7\u503c\uff0c1cP-LSD\u76ee\u524d\u5df2\u6210\u4e3a\u5b9e\u9a8c\u5ba4\u548c\u8111\u7814\u7a76\u9886\u57df\u5e7f\u6cdb\u4f7f\u7528\u7684\u5206\u5b50\u3002<\/p>\n<ul>\n<li style=\"font-weight: 400;\" aria-level=\"1\">\u5316\u5b66\u7c7b\u522b\uff1a\u9ea6\u89d2\u9170\u80fa<\/li>\n<li style=\"font-weight: 400;\" aria-level=\"1\">\u7528\u9014\uff1a\u53d7\u4f53\u7ed3\u5408\u3001\u836f\u7406\u5b66\u5efa\u6a21\u3001\u5b9e\u9a8c\u7814\u7a76<\/li>\n<li style=\"font-weight: 400;\" aria-level=\"1\">\u4e0eLSD-25\u7684\u5173\u7cfb\uff1a\u6444\u5165\u540e\u8f6c\u5316\u4e3aLSD<\/li>\n<\/ul>\n<h3><b>\u4e3a\u4ec0\u4e48\u5242\u91cf\u662f 150 \u5fae\u514b\uff1f<\/b><\/h3>\n<p>\u7684 <a href=\"https:\/\/en.wikipedia.org\/wiki\/1cP-LSD\">150mcg-dosering<\/a> \u4e0e\u6807\u51c6\u7684 100 \u5fae\u514b\u7248\u672c\u76f8\u6bd4\uff0c\u6bcf\u5f20\u90ae\u7968\u7684\u542b\u91cf\u66f4\u9ad8\u3002\u56e0\u6b64\uff0c\u5b83\u7279\u522b\u9002\u7528\u4e8e\uff1a<\/p>\n<ul>\n<li style=\"font-weight: 400;\" aria-level=\"1\">\u9ad8\u7ea7\u7814\u7a76\u673a\u6784<\/li>\n<li style=\"font-weight: 400;\" aria-level=\"1\">\u6bcf\u6b21\u6d4b\u8bd5\u6240\u9700\u6ee4\u7eb8\u66f4\u5c11\uff0c\u7ba1\u7406\u6548\u7387\u66f4\u9ad8<\/li>\n<li style=\"font-weight: 400;\" aria-level=\"1\">\u66f4\u597d\u5730\u68c0\u6d4b\u836f\u7406\u6a21\u578b\u4e2d\u7684\u7ec6\u5fae\u53cd\u5e94<\/li>\n<\/ul>\n<p>\u5bf9\u4e8e\u5e0c\u671b\u7a81\u7834\u57fa\u7ebf\u5242\u91cf\u9650\u5236\u7684\u7814\u7a76\u4eba\u5458\u6765\u8bf4\uff0c150\u5fae\u514b\u662f\u4e00\u4e2a\u660e\u667a\u6709\u6548\u7684\u9009\u62e9\u3002<\/p>\n<h3><b>AP\u8bbe\u8ba11\u7684\u72ec\u7279\u4e4b\u5904\u662f\u4ec0\u4e48\uff1f<\/b><\/h3>\n<p>\u6bcf\u5f20\u5438\u58a8\u7eb8\u4e0a\u90fd\u5370\u6709 AP \u8bbe\u8ba1 1\uff0c\u8fd9\u662f\u4e00\u79cd\u7279\u5b9a\u7684\u89c6\u89c9\u56fe\u6848\uff1a<\/p>\n<ul>\n<li style=\"font-weight: 400;\" aria-level=\"1\">\u6709\u52a9\u4e8e\u6279\u6b21\u8bc6\u522b\u548c\u5f52\u6863<\/li>\n<li style=\"font-weight: 400;\" aria-level=\"1\">\u652f\u6301\u5b89\u5168\u50a8\u5b58\uff0c\u907f\u514d\u4e0d\u540c\u7269\u8d28\u6df7\u6dc6\u3002<\/li>\n<li style=\"font-weight: 400;\" aria-level=\"1\">\u5b9e\u73b0\u9ad8\u6548\u7684\u5e93\u5b58\u7ba1\u7406<\/li>\n<\/ul>\n<p>\u8bf7\u6ce8\u610f\uff1a\u6b64\u8bbe\u8ba1\u4ec5\u7528\u4e8e\u529f\u80fd\u6027\u548c\u8bc6\u522b\u76ee\u7684\uff0c\u5e76\u975e\u4f5c\u4e3a\u5ba3\u4f20\u5143\u7d20\u3002<\/p>\n<h3><b>\u4ea7\u54c1\u8d28\u91cf\u4e0e\u5b9e\u9a8c\u5ba4\u5206\u6790<\/b><\/h3>\n<p>Onze <a href=\"https:\/\/rckopen.com\/zh\/\">1cP-LSD 150mcg Blotters\uff08AP \u8bbe\u8ba1 1\uff09<\/a> \u5728\u53d7\u63a7\u6761\u4ef6\u4e0b\u751f\u4ea7\u3002\u6bcf\u4ef6\u4ea7\u54c1\u5747\uff1a<\/p>\n<ul>\n<li style=\"font-weight: 400;\" aria-level=\"1\">P\u0159esn\u00e9 d\u00e1vkov\u00e1n\u00ed profesion\u00e1ln\u011b kalibrovan\u00fdm za\u0159\u00edzen\u00edm<\/li>\n<li style=\"font-weight: 400;\" aria-level=\"1\">\u9644\u6709\u72ec\u7acb\u5b9e\u9a8c\u5ba4\u51fa\u5177\u7684\u5206\u6790\u8bc1\u4e66 (COA)<\/li>\n<li style=\"font-weight: 400;\" aria-level=\"1\">\u7ecf\u7eaf\u5ea6\u3001\u7a33\u5b9a\u6027\u548c\u4e00\u81f4\u6027\u6d4b\u8bd5<\/li>\n<\/ul>\n<p>\u8fd9\u6837\u5c31\u80fd\u786e\u4fdd\u83b7\u5f97\u53ef\u9760\u7684\u7814\u7a76\u7ed3\u679c\u3002<\/p>\n<h3><b>\u914d\u9001\u53ca\u4ed8\u6b3e\u4fe1\u606f<\/b><\/h3>\n<p>\u5728\u7ebf\u8ba2\u8d2d 1cP-LSD 150mcg \u90ae\u7968\uff08AP \u8bbe\u8ba1 1\uff09\u65f6\uff0c\u60a8\u5c06\u4eab\u53d7\u5b89\u5168\u3001\u79c1\u5bc6\u7684\u8ba2\u8d2d\u4f53\u9a8c\uff1a<\/p>\n<ul>\n<li style=\"font-weight: 400;\" aria-level=\"1\">\u4f4e\u8c03\u7684\u5305\u88c5\u2014\u2014\u6ca1\u6709\u4ea7\u54c1\u540d\u79f0\u6216\u54c1\u724c\u6807\u8bc6<\/li>\n<li style=\"font-weight: 400;\" aria-level=\"1\">\u5168\u7403\u914d\u9001\uff0c\u5168\u7a0b\u53ef\u8ffd\u8e2a<\/li>\n<li style=\"font-weight: 400;\" aria-level=\"1\">\u53ef\u4f7f\u7528\u52a0\u5bc6\u8d27\u5e01\uff08\u4f8b\u5982\u6bd4\u7279\u5e01\u6216\u95e8\u7f57\u5e01\uff09\u6216\u5b89\u5168\u7684\u94f6\u884c\u5361\u652f\u4ed8\u3002<\/li>\n<li style=\"font-weight: 400;\" aria-level=\"1\">\u56fd\u9645\u914d\u9001\u2014\u2014\u53ef\u8fd0\u9001\u81f3\u5141\u8bb8\u7528\u4e8e\u7814\u7a76\u7684\u56fd\u5bb6\/\u5730\u533a\u3002<\/li>\n<\/ul>\n<p>\u4e70\u65b9\u6709\u8d23\u4efb\u81ea\u884c\u67e5\u9605\u6709\u5173 1cP-LSD \u7684\u5f53\u5730\u6cd5\u5f8b\u3002<\/p>\n<h3><b>Conclusie<\/b><\/h3>\n<p>Voor onderzoekers die op zoek zijn naar een hogere dosering lysergamide met een duidelijke batchidentificatie, zijn onze 1cP-LSD 150mcg Blotters (AP Design 1) de perfecte keuze. Met een sterke reputatie, transparante kwaliteitsrapporten en veilige wereldwijde levering kun je met vertrouwen <strong>1cP-LSD 150mcg blotters online bestellen<\/strong>.<\/p>","protected":false},"excerpt":{"rendered":"<p><strong>\u5f62\u5f0f <\/strong>\u8bb0\u4e8b\u672c<\/p>\n<p><strong>\u6838\u78c1\u5171\u632f\u5206\u6790\uff1a <\/strong>\u4e0d\u9002\u7528<\/p>","protected":false},"featured_media":6391,"comment_status":"open","ping_status":"closed","template":"","meta":{"_joinchat":[]},"product_brand":[],"product_cat":[130],"product_tag":[],"class_list":{"0":"post-6386","1":"product","2":"type-product","3":"status-publish","4":"has-post-thumbnail","6":"product_cat-blotters","8":"first","9":"instock","10":"shipping-taxable","11":"purchasable","12":"product-type-variable"},"yoast_head":"<!-- This site is optimized with the Yoast SEO plugin v26.3 - https:\/\/yoast.com\/wordpress\/plugins\/seo\/ -->\n<title>1CP-LSD-150MCG-blotters online Kopen - 1CP-LSD te kopen<\/title>\n<meta name=\"description\" content=\"U kunt nu 1CP-LSD-150MCG-blotters te koop krijgen tegen betaalbare prijzen bij RCKopen. Wij helpen u om 1CP-LSD eenvoudig online te koop. Bestel vandaag nog!\" \/>\n<meta name=\"robots\" content=\"index, follow, max-snippet:-1, max-image-preview:large, max-video-preview:-1\" \/>\n<link rel=\"canonical\" href=\"https:\/\/rckopen.com\/zh\/\u4ea7\u54c1\/1cp-lsd-150mcg-blotters-ap-design-1\/\" \/>\n<meta property=\"og:locale\" content=\"zh_TW\" \/>\n<meta property=\"og:type\" content=\"article\" \/>\n<meta property=\"og:title\" content=\"1CP-LSD-150MCG-blotters online Kopen - 1CP-LSD te kopen\" \/>\n<meta property=\"og:description\" content=\"U kunt nu 1CP-LSD-150MCG-blotters te koop krijgen tegen betaalbare prijzen bij RCKopen. Wij helpen u om 1CP-LSD eenvoudig online te koop. Bestel vandaag nog!\" \/>\n<meta property=\"og:url\" content=\"https:\/\/rckopen.com\/zh\/\u4ea7\u54c1\/1cp-lsd-150mcg-blotters-ap-design-1\/\" \/>\n<meta property=\"og:site_name\" content=\"RC Kopen\" \/>\n<meta property=\"article:modified_time\" content=\"2026-02-26T09:44:05+00:00\" \/>\n<meta property=\"og:image\" content=\"https:\/\/rckopen.com\/wp-content\/uploads\/2023\/08\/1cP-LSD-150mcg-Blotters-AP-Design-1.jpg\" \/>\n\t<meta property=\"og:image:width\" content=\"600\" \/>\n\t<meta property=\"og:image:height\" content=\"600\" \/>\n\t<meta property=\"og:image:type\" content=\"image\/jpeg\" \/>\n<meta name=\"twitter:card\" content=\"summary_large_image\" \/>\n<meta name=\"twitter:label1\" content=\"\u9810\u4f30\u95b1\u8b80\u6642\u9593\" \/>\n\t<meta name=\"twitter:data1\" content=\"2 \u5206\u9418\" \/>\n<script type=\"application\/ld+json\" class=\"yoast-schema-graph\">{\"@context\":\"https:\/\/schema.org\",\"@graph\":[{\"@type\":\"WebPage\",\"@id\":\"https:\/\/rckopen.com\/product\/1cp-lsd-150mcg-blotters-ap-design-1\/\",\"url\":\"https:\/\/rckopen.com\/product\/1cp-lsd-150mcg-blotters-ap-design-1\/\",\"name\":\"1CP-LSD-150MCG-blotters online Kopen - 1CP-LSD te kopen\",\"isPartOf\":{\"@id\":\"https:\/\/rckopen.com\/#website\"},\"primaryImageOfPage\":{\"@id\":\"https:\/\/rckopen.com\/product\/1cp-lsd-150mcg-blotters-ap-design-1\/#primaryimage\"},\"image\":{\"@id\":\"https:\/\/rckopen.com\/product\/1cp-lsd-150mcg-blotters-ap-design-1\/#primaryimage\"},\"thumbnailUrl\":\"https:\/\/rckopen.com\/wp-content\/uploads\/2023\/08\/1cP-LSD-150mcg-Blotters-AP-Design-1.jpg\",\"datePublished\":\"2023-08-14T13:34:34+00:00\",\"dateModified\":\"2026-02-26T09:44:05+00:00\",\"description\":\"U kunt nu 1CP-LSD-150MCG-blotters te koop krijgen tegen betaalbare prijzen bij RCKopen. Wij helpen u om 1CP-LSD eenvoudig online te koop. Bestel vandaag nog!\",\"breadcrumb\":{\"@id\":\"https:\/\/rckopen.com\/product\/1cp-lsd-150mcg-blotters-ap-design-1\/#breadcrumb\"},\"inLanguage\":\"zh-TW\",\"potentialAction\":[{\"@type\":\"ReadAction\",\"target\":[\"https:\/\/rckopen.com\/product\/1cp-lsd-150mcg-blotters-ap-design-1\/\"]}]},{\"@type\":\"ImageObject\",\"inLanguage\":\"zh-TW\",\"@id\":\"https:\/\/rckopen.com\/product\/1cp-lsd-150mcg-blotters-ap-design-1\/#primaryimage\",\"url\":\"https:\/\/rckopen.com\/wp-content\/uploads\/2023\/08\/1cP-LSD-150mcg-Blotters-AP-Design-1.jpg\",\"contentUrl\":\"https:\/\/rckopen.com\/wp-content\/uploads\/2023\/08\/1cP-LSD-150mcg-Blotters-AP-Design-1.jpg\",\"width\":600,\"height\":600,\"caption\":\"1cP-LSD 150mcg Blotters (AP Design 1) Online Kopen\"},{\"@type\":\"BreadcrumbList\",\"@id\":\"https:\/\/rckopen.com\/product\/1cp-lsd-150mcg-blotters-ap-design-1\/#breadcrumb\",\"itemListElement\":[{\"@type\":\"ListItem\",\"position\":1,\"name\":\"Home\",\"item\":\"https:\/\/rckopen.com\/\"},{\"@type\":\"ListItem\",\"position\":2,\"name\":\"Shop\",\"item\":\"https:\/\/rckopen.com\/shop\/\"},{\"@type\":\"ListItem\",\"position\":3,\"name\":\"1cP-LSD 150mcg Blotters (AP Design 1) Online Kopen\"}]},{\"@type\":\"WebSite\",\"@id\":\"https:\/\/rckopen.com\/#website\",\"url\":\"https:\/\/rckopen.com\/\",\"name\":\"RC Kopen\",\"description\":\"Research Chemicals\",\"potentialAction\":[{\"@type\":\"SearchAction\",\"target\":{\"@type\":\"EntryPoint\",\"urlTemplate\":\"https:\/\/rckopen.com\/?s={search_term_string}\"},\"query-input\":{\"@type\":\"PropertyValueSpecification\",\"valueRequired\":true,\"valueName\":\"search_term_string\"}}],\"inLanguage\":\"zh-TW\"}]}<\/script>\n<!-- \/ Yoast SEO plugin. -->","yoast_head_json":{"title":"1CP-LSD-150MCG-blotters online Kopen - 1CP-LSD te kopen","description":"U kunt nu 1CP-LSD-150MCG-blotters te koop krijgen tegen betaalbare prijzen bij RCKopen. Wij helpen u om 1CP-LSD eenvoudig online te koop. Bestel vandaag nog!","robots":{"index":"index","follow":"follow","max-snippet":"max-snippet:-1","max-image-preview":"max-image-preview:large","max-video-preview":"max-video-preview:-1"},"canonical":"https:\/\/rckopen.com\/zh\/\u4ea7\u54c1\/1cp-lsd-150mcg-blotters-ap-design-1\/","og_locale":"zh_TW","og_type":"article","og_title":"1CP-LSD-150MCG-blotters online Kopen - 1CP-LSD te kopen","og_description":"U kunt nu 1CP-LSD-150MCG-blotters te koop krijgen tegen betaalbare prijzen bij RCKopen. Wij helpen u om 1CP-LSD eenvoudig online te koop. Bestel vandaag nog!","og_url":"https:\/\/rckopen.com\/zh\/\u4ea7\u54c1\/1cp-lsd-150mcg-blotters-ap-design-1\/","og_site_name":"RC Kopen","article_modified_time":"2026-02-26T09:44:05+00:00","og_image":[{"width":600,"height":600,"url":"https:\/\/rckopen.com\/wp-content\/uploads\/2023\/08\/1cP-LSD-150mcg-Blotters-AP-Design-1.jpg","type":"image\/jpeg"}],"twitter_card":"summary_large_image","twitter_misc":{"\u9810\u4f30\u95b1\u8b80\u6642\u9593":"2 \u5206\u9418"},"schema":{"@context":"https:\/\/schema.org","@graph":[{"@type":"WebPage","@id":"https:\/\/rckopen.com\/product\/1cp-lsd-150mcg-blotters-ap-design-1\/","url":"https:\/\/rckopen.com\/product\/1cp-lsd-150mcg-blotters-ap-design-1\/","name":"1CP-LSD-150MCG-blotters online Kopen - 1CP-LSD te kopen","isPartOf":{"@id":"https:\/\/rckopen.com\/#website"},"primaryImageOfPage":{"@id":"https:\/\/rckopen.com\/product\/1cp-lsd-150mcg-blotters-ap-design-1\/#primaryimage"},"image":{"@id":"https:\/\/rckopen.com\/product\/1cp-lsd-150mcg-blotters-ap-design-1\/#primaryimage"},"thumbnailUrl":"https:\/\/rckopen.com\/wp-content\/uploads\/2023\/08\/1cP-LSD-150mcg-Blotters-AP-Design-1.jpg","datePublished":"2023-08-14T13:34:34+00:00","dateModified":"2026-02-26T09:44:05+00:00","description":"U kunt nu 1CP-LSD-150MCG-blotters te koop krijgen tegen betaalbare prijzen bij RCKopen. Wij helpen u om 1CP-LSD eenvoudig online te koop. Bestel vandaag nog!","breadcrumb":{"@id":"https:\/\/rckopen.com\/product\/1cp-lsd-150mcg-blotters-ap-design-1\/#breadcrumb"},"inLanguage":"zh-TW","potentialAction":[{"@type":"ReadAction","target":["https:\/\/rckopen.com\/product\/1cp-lsd-150mcg-blotters-ap-design-1\/"]}]},{"@type":"ImageObject","inLanguage":"zh-TW","@id":"https:\/\/rckopen.com\/product\/1cp-lsd-150mcg-blotters-ap-design-1\/#primaryimage","url":"https:\/\/rckopen.com\/wp-content\/uploads\/2023\/08\/1cP-LSD-150mcg-Blotters-AP-Design-1.jpg","contentUrl":"https:\/\/rckopen.com\/wp-content\/uploads\/2023\/08\/1cP-LSD-150mcg-Blotters-AP-Design-1.jpg","width":600,"height":600,"caption":"1cP-LSD 150mcg Blotters (AP Design 1) Online Kopen"},{"@type":"BreadcrumbList","@id":"https:\/\/rckopen.com\/product\/1cp-lsd-150mcg-blotters-ap-design-1\/#breadcrumb","itemListElement":[{"@type":"ListItem","position":1,"name":"Home","item":"https:\/\/rckopen.com\/"},{"@type":"ListItem","position":2,"name":"Shop","item":"https:\/\/rckopen.com\/shop\/"},{"@type":"ListItem","position":3,"name":"1cP-LSD 150mcg Blotters (AP Design 1) Online Kopen"}]},{"@type":"WebSite","@id":"https:\/\/rckopen.com\/#website","url":"https:\/\/rckopen.com\/","name":"RC Kopen","description":"Research Chemicals","potentialAction":[{"@type":"SearchAction","target":{"@type":"EntryPoint","urlTemplate":"https:\/\/rckopen.com\/?s={search_term_string}"},"query-input":{"@type":"PropertyValueSpecification","valueRequired":true,"valueName":"search_term_string"}}],"inLanguage":"zh-TW"}]}},"_links":{"self":[{"href":"https:\/\/rckopen.com\/zh\/wp-json\/wp\/v2\/product\/6386","targetHints":{"allow":["GET"]}}],"collection":[{"href":"https:\/\/rckopen.com\/zh\/wp-json\/wp\/v2\/product"}],"about":[{"href":"https:\/\/rckopen.com\/zh\/wp-json\/wp\/v2\/types\/product"}],"replies":[{"embeddable":true,"href":"https:\/\/rckopen.com\/zh\/wp-json\/wp\/v2\/comments?post=6386"}],"wp:featuredmedia":[{"embeddable":true,"href":"https:\/\/rckopen.com\/zh\/wp-json\/wp\/v2\/media\/6391"}],"wp:attachment":[{"href":"https:\/\/rckopen.com\/zh\/wp-json\/wp\/v2\/media?parent=6386"}],"wp:term":[{"taxonomy":"product_brand","embeddable":true,"href":"https:\/\/rckopen.com\/zh\/wp-json\/wp\/v2\/product_brand?post=6386"},{"taxonomy":"product_cat","embeddable":true,"href":"https:\/\/rckopen.com\/zh\/wp-json\/wp\/v2\/product_cat?post=6386"},{"taxonomy":"product_tag","embeddable":true,"href":"https:\/\/rckopen.com\/zh\/wp-json\/wp\/v2\/product_tag?post=6386"}],"curies":[{"name":"wp","href":"https:\/\/api.w.org\/{rel}","templated":true}]}}