{"id":6592,"date":"2023-08-16T10:04:26","date_gmt":"2023-08-16T10:04:26","guid":{"rendered":"https:\/\/diligentplug.com\/chems\/?post_type=product&#038;p=6592"},"modified":"2026-03-02T12:50:36","modified_gmt":"2026-03-02T12:50:36","slug":"2-fdck-pellets-50mg","status":"publish","type":"product","link":"https:\/\/rckopen.com\/zh\/\u4ea7\u54c1\/2-\u7c92-50-\u6beb\u514b-fdck-\u9897\u7c92\/","title":{"rendered":"\u5728\u7ebf\u8d2d\u4e70 2-FDCK \u9897\u7c92 50mg"},"content":{"rendered":"<h2><b>Koop 2-FDCK Pellets 50mg Online \u2013 Premium Kwaliteit, Veilig &amp; Discreet<\/b><\/h2>\n<p><span style=\"font-weight: 400;\">\u60a8\u662f\u5426\u6b63\u5728\u5bfb\u627e <\/span><a href=\"https:\/\/rckopen.com\/zh\/\u4ea7\u54c1\/2-\u7c92-50-\u6beb\u514b-fdck-\u9897\u7c92\/\"><b>\u5728\u7ebf\u8d2d\u4e70 2-FDCK 50mg \u9897\u7c92<\/b><\/a><span style=\"font-weight: 400;\">\u6211\u4eec\u9ad8\u54c1\u8d28\u7684 2-\u6c1f\u53bb\u6c2f\u6c2f\u80fa\u916e (2-FDCK) \u836f\u4e38\u63d0\u4f9b\u4e86\u4e00\u79cd\u4fbf\u6377\u3001\u53ef\u9760\u4e14\u9690\u853d\u7684\u65b9\u5f0f\u6765\u4f53\u9a8c\u8fd9\u79cd\u6d41\u884c\u7684\u89e3\u79bb\u5242\u3002\u8fd9\u4e9b 50 \u6beb\u514b\u7684\u836f\u4e38\u8bbe\u8ba1\u6613\u4e8e\u4f7f\u7528\u4e14\u5242\u91cf\u7cbe\u51c6\uff0c\u53ef\u63d0\u4f9b\u5e73\u7a33\u53ef\u63a7\u7684\u4f53\u9a8c\uff0c\u662f\u521d\u5b66\u8005\u548c\u7ecf\u9a8c\u4e30\u5bcc\u7684\u7528\u6237\u7684\u7406\u60f3\u4e4b\u9009\u3002<\/span><\/p>\n<h3><b>2-FDCK\u662f\u4ec0\u4e48\uff1f<\/b><\/h3>\n<p><span style=\"font-weight: 400;\">2-FDCK \u662f\u4e00\u79cd\u4e0e\u6c2f\u80fa\u916e\u5bc6\u5207\u76f8\u5173\u7684\u5408\u6210\u89e3\u79bb\u5242\u3002\u5b83\u4ee5\u5176\u72ec\u7279\u7684\u4f5c\u7528\u800c\u95fb\u540d\uff0c\u5305\u62ec\u8f7b\u5ea6\u9547\u9759\u3001\u611f\u89c9\u77e5\u89c9\u6539\u53d8\u548c\u601d\u7ef4\u6e05\u6670\u3002\u5176 50 \u6beb\u514b\u7684\u836f\u4e38\u5f62\u5f0f\u4f7f\u5176\u4f7f\u7528\u65b9\u4fbf\u7cbe\u51c6\u3002<\/span><\/p>\n<h3><b>\u9897\u7c92\u5242\u578b\u548c50\u6beb\u514b\u5242\u91cf\u7684\u4f18\u52bf<\/b><\/h3>\n<p><span style=\"font-weight: 400;\">\u4e0e\u7c89\u672b\u6216\u6db2\u4f53\u4e0d\u540c\uff0c\u9897\u7c92\u5242\u63d0\u4f9b\u9884\u5148\u8ba1\u91cf\u597d\u7684\u5242\u91cf\uff0c\u4f7f\u7528\u8d77\u6765\u53ef\u9760\u4fbf\u6377\u300250\u6beb\u514b\u7684\u5242\u91cf\u975e\u5e38\u9002\u5408\u5e0c\u671b\u83b7\u5f97\u9002\u4e2d\u4f53\u9a8c\u4e14\u65e0\u9700\u81ea\u884c\u8ba1\u91cf\u7684\u7528\u6237\u3002\u9897\u7c92\u5242\u6613\u4e8e\u50a8\u5b58\u3001\u643a\u5e26\u548c\u670d\u7528\uff0c\u56e0\u6b64\u6df1\u53d7\u521d\u5b66\u8005\u548c\u7ecf\u9a8c\u4e30\u5bcc\u7684\u7528\u6237\u7684\u6b22\u8fce\u3002<\/span><\/p>\n<h3><b>\u4e3a\u4ec0\u4e48\u8981\u5728\u7f51\u4e0a\u8d2d\u4e70 2-FDCK \u9897\u7c92\uff1f<\/b><\/h3>\n<h4><b>\u7f51\u4e0a\u8d2d\u7269\u7684\u4fbf\u5229\u6027<\/b><\/h4>\n<p><span style=\"font-weight: 400;\">\u5728\u7ebf\u8ba2\u8d2d\u63d0\u4f9b\u5feb\u6377\u65b9\u4fbf\u7684\u9014\u5f84 <a href=\"https:\/\/en.wikipedia.org\/wiki\/2-Fluorodeschloroketamine\">2-FDCK pellets<\/a>\u8db3\u4e0d\u51fa\u6237\uff0c\u5373\u53ef\u6bd4\u8f83\u591a\u5bb6\u5356\u5bb6\u548c\u4ef7\u683c\uff0c\u9009\u62e9\u6700\u7b26\u5408\u60a8\u9700\u6c42\u7684\u6570\u91cf\u3002<\/span><\/p>\n<h4><b>\u53ef\u9009\u62e9\u4e0d\u540c\u7684\u5356\u5bb6\u9009\u9879\u548c\u4ef7\u683c<\/b><\/h4>\n<p><span style=\"font-weight: 400;\">\u7f51\u4e0a\u5546\u57ce\u63d0\u4f9b\u591a\u79cd\u9009\u62e9\uff0c\u60a8\u53ef\u4ee5\u627e\u5230\u6700\u4f18\u60e0\u7684 2-FDCK 50mg \u9897\u7c92\u5242\u3002\u65e0\u8bba\u60a8\u9700\u8981\u5355\u7c92\u8fd8\u662f\u5927\u91cf\uff0c\u603b\u80fd\u627e\u5230\u5408\u9002\u7684\u9009\u62e9\u3002<\/span><\/p>\n<h3><b>\u6cd5\u5f8b\u8003\u91cf<\/b><\/h3>\n<h4><b>2-FDCK \u7684\u5f53\u524d\u6cd5\u5f8b\u5730\u4f4d<\/b><\/h4>\n<p><span style=\"font-weight: 400;\">2-FDCK \u7684\u6cd5\u5f8b\u5730\u4f4d\u56e0\u56fd\u5bb6\/\u5730\u533a\u800c\u5f02\u3002\u4e00\u4e9b\u56fd\u5bb6\/\u5730\u533a\u5bf9\u5176\u8fdb\u884c\u7ba1\u5236\u6216\u7981\u6b62\uff0c\u800c\u53e6\u4e00\u4e9b\u56fd\u5bb6\/\u5730\u533a\u5219\u5141\u8bb8\u5c06\u5176\u7528\u4e8e\u7814\u7a76\u6216\u4e2a\u4eba\u7528\u9014\u3002\u8d2d\u4e70\u524d\u8bf7\u52a1\u5fc5\u67e5\u9605\u5f53\u5730\u6cd5\u89c4\u3002<\/span><\/p>\n<h4><b>\u67e5\u9605\u5f53\u5730\u6cd5\u5f8b\u7684\u91cd\u8981\u6027<\/b><\/h4>\n<p><span style=\"font-weight: 400;\">\u9075\u5b88\u6cd5\u5f8b\uff0c\u5c31\u80fd\u907f\u514d\u6cd5\u5f8b\u95ee\u9898\uff0c\u5e76\u4fc3\u8fdb\u8d1f\u8d23\u4efb\u7684\u4f7f\u7528\u3002<\/span><\/p>\n<h3><b>\u7eaf\u5ea6\u548c\u8d28\u91cf\u4fdd\u8bc1<\/b><\/h3>\n<h4><b>\u5b9e\u9a8c\u5ba4\u68c0\u6d4b\u548c\u8bc1\u4e66\u7684\u91cd\u8981\u6027<\/b><\/h4>\n<p><span style=\"font-weight: 400;\">\u53ea\u8d2d\u4e70\u7ecf\u8fc7\u72ec\u7acb\u6d4b\u8bd5\u5e76\u6709\u7eaf\u5ea6\u4fdd\u8bc1\u4e14\u4e0d\u542b\u4efb\u4f55\u6709\u5bb3\u7269\u8d28\u7684 2-FDCK \u9897\u7c92\u5242\u3002<\/span><\/p>\n<h4><b>\u60a8\u5bf9\u9ad8\u54c1\u8d28 2-FDCK \u9897\u7c92\u6709\u4ec0\u4e48\u671f\u671b\uff1f<\/b><\/h4>\n<p><span style=\"font-weight: 400;\">\u4f18\u8d28\u9897\u7c92\u5916\u89c2\u5747\u5300\uff0c\u65e0\u5f02\u5473\uff0c\u6eb6\u89e3\u6027\u53ef\u9760\u3002\u9ad8\u7eaf\u5ea6\u786e\u4fdd\u5b89\u5168\u4e14\u6548\u679c\u53ef\u9884\u6d4b\u3002<\/span><\/p>\n<h2><b>Veilige Betaling en Privacy<\/b><\/h2>\n<h3><b>\u63a8\u8350\u7684\u4ed8\u6b3e\u65b9\u5f0f<\/b><\/h3>\n<p><span style=\"font-weight: 400;\">\u4f7f\u7528\u52a0\u5bc6\u8d27\u5e01\u3001\u4fe1\u7528\u5361\u6216\u53ef\u9760\u7684\u5728\u7ebf\u652f\u4ed8\u5e73\u53f0\u7b49\u5b89\u5168\u652f\u4ed8\u65b9\u5f0f\u6765\u4fdd\u62a4\u60a8\u7684\u6570\u636e\u3002<\/span><\/p>\n<h3><b>\u4fdd\u62a4\u60a8\u7684\u4e2a\u4eba\u6570\u636e<\/b><\/h3>\n<p><span style=\"font-weight: 400;\">\u9009\u62e9\u9690\u79c1\u653f\u7b56\u5b8c\u5584\u3001\u7f51\u7ad9\u5b89\u5168\u7684\u5356\u5bb6\uff0c\u4ee5\u6700\u5927\u7a0b\u5ea6\u5730\u4fdd\u62a4\u60a8\u7684\u9690\u79c1\u3002<\/span><\/p>\n<h2><b>\u8fd0\u8f93\u3001\u5305\u88c5\u548c\u914d\u9001<\/b><\/h2>\n<h3><b>\u9690\u853d\u5305\u88c5\u65b9\u6cd5<\/b><\/h3>\n<p><span style=\"font-weight: 400;\">\u4fe1\u8a89\u826f\u597d\u7684\u5356\u5bb6\u4f1a\u4f7f\u7528\u9690\u79d8\u3001\u5b89\u5168\u7684\u5305\u88c5\u8fd0\u9001 2-FDCK \u9897\u7c92\uff0c\u4ee5\u786e\u4fdd\u60a8\u7684\u9690\u79c1\u3002D\u016fv\u011bryhodn\u00ed prodejci zas\u00edlaj\u00ed pelety 2-FDCK v diskr\u00e9tn\u00edm a bezpe\u010dn\u00e9m balen\u00ed, kter\u00e9 zaji\u0161\u0165uje va\u0161e soukrom\u00ed.<\/span><\/p>\n<h3><b>\u9884\u8ba1\u9001\u8fbe\u65f6\u95f4\u548c\u7269\u6d41\u8ffd\u8e2a<\/b><\/h3>\n<p><span style=\"font-weight: 400;\">\u597d\u7684\u5356\u5bb6\u4f1a\u63d0\u4f9b\u8ddf\u8e2a\u9009\u9879\u548c\u5408\u7406\u7684\u4ea4\u8d27\u65f6\u95f4\uff0c\u4ee5\u4fbf\u60a8\u968f\u65f6\u4e86\u89e3\u8ba2\u5355\u72b6\u6001\u3002<\/span><\/p>\n<h2><b>Conclusie en Laatste Advies<\/b><\/h2>\n<p><span style=\"font-weight: 400;\">\u4f60\u60f3\u8981 <\/span><a href=\"https:\/\/rckopen.com\/zh\/\"><b>\u5728\u7ebf\u8ba2\u8d2d 2-FDCK \u9897\u7c92 50mg<\/b><\/a><span style=\"font-weight: 400;\"> \u60f3\u653e\u5fc3\u8d2d\u4e70\uff1f\u9009\u62e9\u4e00\u5bb6\u53ef\u9760\u7684\u4f9b\u5e94\u5546\uff0c\u4ed6\u4eec\u63d0\u4f9b\u7ecf\u8fc7\u5b9e\u9a8c\u5ba4\u68c0\u6d4b\u7684\u7eaf\u51c0\u9897\u7c92\u3002 <\/span><b>olcs\u00f3 2-FDCK pelletek 50mg \u00e1r<\/b><span style=\"font-weight: 400;\">. Wij zijn de <\/span><b>\u54ea\u91cc\u80fd\u4e70\u5230\u6700\u597d\u7684 2-FDCK \u9897\u7c92 50mg<\/b><span style=\"font-weight: 400;\">\u4fdd\u8bc1\u8d28\u91cf\uff0c\u8c28\u614e\u884c\u4e8b\uff0c\u5e76\u63d0\u4f9b\u4f18\u8d28\u7684\u5ba2\u6237\u670d\u52a1\u3002<\/span><\/p>","protected":false},"excerpt":{"rendered":"<p><strong>\u6838\u78c1\u5171\u632f\u5206\u6790\uff1a <\/strong>\u4e0d\u9002\u7528<\/p>","protected":false},"featured_media":6603,"comment_status":"open","ping_status":"closed","template":"","meta":{"_joinchat":[]},"product_brand":[],"product_cat":[144],"product_tag":[],"class_list":{"0":"post-6592","1":"product","2":"type-product","3":"status-publish","4":"has-post-thumbnail","6":"product_cat-pellets","8":"first","9":"instock","10":"shipping-taxable","11":"purchasable","12":"product-type-variable"},"yoast_head":"<!-- This site is optimized with the Yoast SEO plugin v26.3 - https:\/\/yoast.com\/wordpress\/plugins\/seo\/ -->\n<title>2-FDCK-Pellets-50MG online kopen - 2-FDCK-Pellets te koop<\/title>\n<meta name=\"description\" content=\"U kunt 2-fdck-pellets-50mg online kopen tegen de beste prijzen in onze online Rc kopen-winkel. Wij hebben goedkope en hoogwaardige 2-fdck-pellets 50 mg te koop en bieden wereldwijde levering. U kunt overal en altijd bestellen.\" \/>\n<meta name=\"robots\" content=\"index, follow, max-snippet:-1, max-image-preview:large, max-video-preview:-1\" \/>\n<link rel=\"canonical\" href=\"https:\/\/rckopen.com\/zh\/\u4ea7\u54c1\/2-\u7c92-50-\u6beb\u514b-fdck-\u9897\u7c92\/\" \/>\n<meta property=\"og:locale\" content=\"zh_TW\" \/>\n<meta property=\"og:type\" content=\"article\" \/>\n<meta property=\"og:title\" content=\"2-FDCK-Pellets-50MG online kopen - 2-FDCK-Pellets te koop\" \/>\n<meta property=\"og:description\" content=\"U kunt 2-fdck-pellets-50mg online kopen tegen de beste prijzen in onze online Rc kopen-winkel. Wij hebben goedkope en hoogwaardige 2-fdck-pellets 50 mg te koop en bieden wereldwijde levering. U kunt overal en altijd bestellen.\" \/>\n<meta property=\"og:url\" content=\"https:\/\/rckopen.com\/zh\/\u4ea7\u54c1\/2-\u7c92-50-\u6beb\u514b-fdck-\u9897\u7c92\/\" \/>\n<meta property=\"og:site_name\" content=\"RC Kopen\" \/>\n<meta property=\"article:modified_time\" content=\"2026-03-02T12:50:36+00:00\" \/>\n<meta property=\"og:image\" content=\"https:\/\/rckopen.com\/wp-content\/uploads\/2023\/08\/2-FDCK-pellets-50mg.jpg\" \/>\n\t<meta property=\"og:image:width\" content=\"600\" \/>\n\t<meta property=\"og:image:height\" content=\"600\" \/>\n\t<meta property=\"og:image:type\" content=\"image\/jpeg\" \/>\n<meta name=\"twitter:card\" content=\"summary_large_image\" \/>\n<meta name=\"twitter:label1\" content=\"\u9810\u4f30\u95b1\u8b80\u6642\u9593\" \/>\n\t<meta name=\"twitter:data1\" content=\"3 \u5206\u9418\" \/>\n<script type=\"application\/ld+json\" class=\"yoast-schema-graph\">{\"@context\":\"https:\/\/schema.org\",\"@graph\":[{\"@type\":\"WebPage\",\"@id\":\"https:\/\/rckopen.com\/product\/2-fdck-pellets-50mg\/\",\"url\":\"https:\/\/rckopen.com\/product\/2-fdck-pellets-50mg\/\",\"name\":\"2-FDCK-Pellets-50MG online kopen - 2-FDCK-Pellets te koop\",\"isPartOf\":{\"@id\":\"https:\/\/rckopen.com\/#website\"},\"primaryImageOfPage\":{\"@id\":\"https:\/\/rckopen.com\/product\/2-fdck-pellets-50mg\/#primaryimage\"},\"image\":{\"@id\":\"https:\/\/rckopen.com\/product\/2-fdck-pellets-50mg\/#primaryimage\"},\"thumbnailUrl\":\"https:\/\/rckopen.com\/wp-content\/uploads\/2023\/08\/2-FDCK-pellets-50mg.jpg\",\"datePublished\":\"2023-08-16T10:04:26+00:00\",\"dateModified\":\"2026-03-02T12:50:36+00:00\",\"description\":\"U kunt 2-fdck-pellets-50mg online kopen tegen de beste prijzen in onze online Rc kopen-winkel. Wij hebben goedkope en hoogwaardige 2-fdck-pellets 50 mg te koop en bieden wereldwijde levering. U kunt overal en altijd bestellen.\",\"breadcrumb\":{\"@id\":\"https:\/\/rckopen.com\/product\/2-fdck-pellets-50mg\/#breadcrumb\"},\"inLanguage\":\"zh-TW\",\"potentialAction\":[{\"@type\":\"ReadAction\",\"target\":[\"https:\/\/rckopen.com\/product\/2-fdck-pellets-50mg\/\"]}]},{\"@type\":\"ImageObject\",\"inLanguage\":\"zh-TW\",\"@id\":\"https:\/\/rckopen.com\/product\/2-fdck-pellets-50mg\/#primaryimage\",\"url\":\"https:\/\/rckopen.com\/wp-content\/uploads\/2023\/08\/2-FDCK-pellets-50mg.jpg\",\"contentUrl\":\"https:\/\/rckopen.com\/wp-content\/uploads\/2023\/08\/2-FDCK-pellets-50mg.jpg\",\"width\":600,\"height\":600,\"caption\":\"2-FDCK pellets 50mg Online Kopen\"},{\"@type\":\"BreadcrumbList\",\"@id\":\"https:\/\/rckopen.com\/product\/2-fdck-pellets-50mg\/#breadcrumb\",\"itemListElement\":[{\"@type\":\"ListItem\",\"position\":1,\"name\":\"Home\",\"item\":\"https:\/\/rckopen.com\/\"},{\"@type\":\"ListItem\",\"position\":2,\"name\":\"Shop\",\"item\":\"https:\/\/rckopen.com\/shop\/\"},{\"@type\":\"ListItem\",\"position\":3,\"name\":\"2-FDCK pellets 50mg Online Kopen\"}]},{\"@type\":\"WebSite\",\"@id\":\"https:\/\/rckopen.com\/#website\",\"url\":\"https:\/\/rckopen.com\/\",\"name\":\"RC Kopen\",\"description\":\"Research Chemicals\",\"potentialAction\":[{\"@type\":\"SearchAction\",\"target\":{\"@type\":\"EntryPoint\",\"urlTemplate\":\"https:\/\/rckopen.com\/?s={search_term_string}\"},\"query-input\":{\"@type\":\"PropertyValueSpecification\",\"valueRequired\":true,\"valueName\":\"search_term_string\"}}],\"inLanguage\":\"zh-TW\"}]}<\/script>\n<!-- \/ Yoast SEO plugin. -->","yoast_head_json":{"title":"2-FDCK-Pellets-50MG online kopen - 2-FDCK-Pellets te koop","description":"U kunt 2-fdck-pellets-50mg online kopen tegen de beste prijzen in onze online Rc kopen-winkel. Wij hebben goedkope en hoogwaardige 2-fdck-pellets 50 mg te koop en bieden wereldwijde levering. U kunt overal en altijd bestellen.","robots":{"index":"index","follow":"follow","max-snippet":"max-snippet:-1","max-image-preview":"max-image-preview:large","max-video-preview":"max-video-preview:-1"},"canonical":"https:\/\/rckopen.com\/zh\/\u4ea7\u54c1\/2-\u7c92-50-\u6beb\u514b-fdck-\u9897\u7c92\/","og_locale":"zh_TW","og_type":"article","og_title":"2-FDCK-Pellets-50MG online kopen - 2-FDCK-Pellets te koop","og_description":"U kunt 2-fdck-pellets-50mg online kopen tegen de beste prijzen in onze online Rc kopen-winkel. Wij hebben goedkope en hoogwaardige 2-fdck-pellets 50 mg te koop en bieden wereldwijde levering. U kunt overal en altijd bestellen.","og_url":"https:\/\/rckopen.com\/zh\/\u4ea7\u54c1\/2-\u7c92-50-\u6beb\u514b-fdck-\u9897\u7c92\/","og_site_name":"RC Kopen","article_modified_time":"2026-03-02T12:50:36+00:00","og_image":[{"width":600,"height":600,"url":"https:\/\/rckopen.com\/wp-content\/uploads\/2023\/08\/2-FDCK-pellets-50mg.jpg","type":"image\/jpeg"}],"twitter_card":"summary_large_image","twitter_misc":{"\u9810\u4f30\u95b1\u8b80\u6642\u9593":"3 \u5206\u9418"},"schema":{"@context":"https:\/\/schema.org","@graph":[{"@type":"WebPage","@id":"https:\/\/rckopen.com\/product\/2-fdck-pellets-50mg\/","url":"https:\/\/rckopen.com\/product\/2-fdck-pellets-50mg\/","name":"2-FDCK-Pellets-50MG online kopen - 2-FDCK-Pellets te koop","isPartOf":{"@id":"https:\/\/rckopen.com\/#website"},"primaryImageOfPage":{"@id":"https:\/\/rckopen.com\/product\/2-fdck-pellets-50mg\/#primaryimage"},"image":{"@id":"https:\/\/rckopen.com\/product\/2-fdck-pellets-50mg\/#primaryimage"},"thumbnailUrl":"https:\/\/rckopen.com\/wp-content\/uploads\/2023\/08\/2-FDCK-pellets-50mg.jpg","datePublished":"2023-08-16T10:04:26+00:00","dateModified":"2026-03-02T12:50:36+00:00","description":"U kunt 2-fdck-pellets-50mg online kopen tegen de beste prijzen in onze online Rc kopen-winkel. Wij hebben goedkope en hoogwaardige 2-fdck-pellets 50 mg te koop en bieden wereldwijde levering. U kunt overal en altijd bestellen.","breadcrumb":{"@id":"https:\/\/rckopen.com\/product\/2-fdck-pellets-50mg\/#breadcrumb"},"inLanguage":"zh-TW","potentialAction":[{"@type":"ReadAction","target":["https:\/\/rckopen.com\/product\/2-fdck-pellets-50mg\/"]}]},{"@type":"ImageObject","inLanguage":"zh-TW","@id":"https:\/\/rckopen.com\/product\/2-fdck-pellets-50mg\/#primaryimage","url":"https:\/\/rckopen.com\/wp-content\/uploads\/2023\/08\/2-FDCK-pellets-50mg.jpg","contentUrl":"https:\/\/rckopen.com\/wp-content\/uploads\/2023\/08\/2-FDCK-pellets-50mg.jpg","width":600,"height":600,"caption":"2-FDCK pellets 50mg Online Kopen"},{"@type":"BreadcrumbList","@id":"https:\/\/rckopen.com\/product\/2-fdck-pellets-50mg\/#breadcrumb","itemListElement":[{"@type":"ListItem","position":1,"name":"Home","item":"https:\/\/rckopen.com\/"},{"@type":"ListItem","position":2,"name":"Shop","item":"https:\/\/rckopen.com\/shop\/"},{"@type":"ListItem","position":3,"name":"2-FDCK pellets 50mg Online Kopen"}]},{"@type":"WebSite","@id":"https:\/\/rckopen.com\/#website","url":"https:\/\/rckopen.com\/","name":"RC Kopen","description":"Research Chemicals","potentialAction":[{"@type":"SearchAction","target":{"@type":"EntryPoint","urlTemplate":"https:\/\/rckopen.com\/?s={search_term_string}"},"query-input":{"@type":"PropertyValueSpecification","valueRequired":true,"valueName":"search_term_string"}}],"inLanguage":"zh-TW"}]}},"_links":{"self":[{"href":"https:\/\/rckopen.com\/zh\/wp-json\/wp\/v2\/product\/6592","targetHints":{"allow":["GET"]}}],"collection":[{"href":"https:\/\/rckopen.com\/zh\/wp-json\/wp\/v2\/product"}],"about":[{"href":"https:\/\/rckopen.com\/zh\/wp-json\/wp\/v2\/types\/product"}],"replies":[{"embeddable":true,"href":"https:\/\/rckopen.com\/zh\/wp-json\/wp\/v2\/comments?post=6592"}],"wp:featuredmedia":[{"embeddable":true,"href":"https:\/\/rckopen.com\/zh\/wp-json\/wp\/v2\/media\/6603"}],"wp:attachment":[{"href":"https:\/\/rckopen.com\/zh\/wp-json\/wp\/v2\/media?parent=6592"}],"wp:term":[{"taxonomy":"product_brand","embeddable":true,"href":"https:\/\/rckopen.com\/zh\/wp-json\/wp\/v2\/product_brand?post=6592"},{"taxonomy":"product_cat","embeddable":true,"href":"https:\/\/rckopen.com\/zh\/wp-json\/wp\/v2\/product_cat?post=6592"},{"taxonomy":"product_tag","embeddable":true,"href":"https:\/\/rckopen.com\/zh\/wp-json\/wp\/v2\/product_tag?post=6592"}],"curies":[{"name":"wp","href":"https:\/\/api.w.org\/{rel}","templated":true}]}}